{"id":160,"date":"2020-01-18T14:57:28","date_gmt":"2020-01-18T07:57:28","guid":{"rendered":"http:\/\/anpiano.com\/?page_id=160"},"modified":"2021-01-11T22:14:23","modified_gmt":"2021-01-11T15:14:23","slug":"dieu-kien-dieu-khoan","status":"publish","type":"page","link":"https:\/\/anpiano.com\/?page_id=160","title":{"rendered":"\u0110i\u1ec1u kho\u1ea3n &#038; Cam k\u1ebft"},"content":{"rendered":"<ul class=\"wp-block-list\"><li>100% H\u00e0ng ch\u00ednh h\u00e3ng. <\/li><li>Mang \u0111\u1ebfn nhi\u1ec1u l\u1ef1a ch\u1ecdn\u00a0 cho ng\u01b0\u1eddi d\u00f9ng<\/li><li>\u0110\u01b0\u1ee3c t\u01b0 v\u1ea5n mi\u1ec5n ph\u00ed khi \u0111\u1ebfn mua h\u00e0ng tr\u1ef1c ti\u1ebfp t\u1ea1i showroom. <\/li><li>Nhi\u1ec1u ph\u01b0\u01a1ng th\u1ee9c thanh to\u00e1n linh \u0111\u1ed9ng khi mua s\u1ea3n ph\u1ea9m. <\/li><li>T\u1ea5t c\u1ea3 s\u1ea3n ph\u1ea9m \u0111\u01b0\u1ee3c tu\u00e2n theo ch\u00ednh s\u00e1ch v\u00e0 \u0111i\u1ec1u kho\u1ea3n b\u1ea3o h\u00e0nh. <\/li><li>Cam k\u1ebft b\u00e1n \u0111\u00fang gi\u00e1 ni\u00eam y\u1ebft v\u00e0 th\u01b0\u1eddng xuy\u00ean c\u00f3 ch\u01b0\u01a1ng tr\u00ecnh khuy\u1ebfn m\u00e3i h\u1ea5p d\u1eabn. <\/li><li>Ship h\u00e0ng\u00a0to\u00e0n qu\u1ed1c, giao h\u00e0ng t\u1eadn n\u01a1i. <\/li><li>Mi\u1ec5n ph\u00ed giao h\u00e0ng trong khu v\u1ef1c n\u1ed9i th\u00e0nh. <\/li><\/ul>","protected":false},"excerpt":{"rendered":"<p>100% H\u00e0ng ch\u00ednh h\u00e3ng. Mang \u0111\u1ebfn nhi\u1ec1u l\u1ef1a ch\u1ecdn\u00a0 cho ng\u01b0\u1eddi d\u00f9ng \u0110\u01b0\u1ee3c t\u01b0 v\u1ea5n mi\u1ec5n ph\u00ed khi \u0111\u1ebfn mua h\u00e0ng tr\u1ef1c ti\u1ebfp t\u1ea1i showroom. Nhi\u1ec1u ph\u01b0\u01a1ng th\u1ee9c thanh to\u00e1n linh \u0111\u1ed9ng khi mua s\u1ea3n ph\u1ea9m. T\u1ea5t c\u1ea3 s\u1ea3n ph\u1ea9m \u0111\u01b0\u1ee3c tu\u00e2n theo ch\u00ednh s\u00e1ch v\u00e0 \u0111i\u1ec1u kho\u1ea3n b\u1ea3o h\u00e0nh. Cam k\u1ebft b\u00e1n \u0111\u00fang gi\u00e1&#8230;<\/p>\n","protected":false},"author":3,"featured_media":392,"parent":0,"menu_order":0,"comment_status":"closed","ping_status":"closed","template":"","meta":{"footnotes":""},"class_list":["post-160","page","type-page","status-publish","has-post-thumbnail","hentry"],"jetpack_sharing_enabled":true,"_links":{"self":[{"href":"https:\/\/anpiano.com\/index.php?rest_route=\/wp\/v2\/pages\/160"}],"collection":[{"href":"https:\/\/anpiano.com\/index.php?rest_route=\/wp\/v2\/pages"}],"about":[{"href":"https:\/\/anpiano.com\/index.php?rest_route=\/wp\/v2\/types\/page"}],"author":[{"embeddable":true,"href":"https:\/\/anpiano.com\/index.php?rest_route=\/wp\/v2\/users\/3"}],"replies":[{"embeddable":true,"href":"https:\/\/anpiano.com\/index.php?rest_route=%2Fwp%2Fv2%2Fcomments&post=160"}],"version-history":[{"count":0,"href":"https:\/\/anpiano.com\/index.php?rest_route=\/wp\/v2\/pages\/160\/revisions"}],"wp:featuredmedia":[{"embeddable":true,"href":"https:\/\/anpiano.com\/index.php?rest_route=\/wp\/v2\/media\/392"}],"wp:attachment":[{"href":"https:\/\/anpiano.com\/index.php?rest_route=%2Fwp%2Fv2%2Fmedia&parent=160"}],"curies":[{"name":"wp","href":"https:\/\/api.w.org\/{rel}","templated":true}]}}