{"id":4601,"date":"2020-10-06T08:26:30","date_gmt":"2020-10-06T01:26:30","guid":{"rendered":"https:\/\/anpiano.com\/?page_id=4601"},"modified":"2022-05-13T15:52:50","modified_gmt":"2022-05-13T08:52:50","slug":"gioi-thieu","status":"publish","type":"page","link":"https:\/\/anpiano.com\/?page_id=4601","title":{"rendered":"Gi\u1edbi thi\u1ec7u"},"content":{"rendered":"<div class=\"wp-block-image\"><figure class=\"alignleft size-medium\"><img decoding=\"async\" src=\"http:\/\/anpiano.com\/wp-content\/uploads\/2021\/01\/an-piano-logo-300x225.jpg\" alt=\"\" class=\"wp-image-5803\"\/><\/figure><\/div><h1 class=\"has-text-align-left wp-block-heading\">C\u00f4ng ty An Piano xin gi\u1edbi thi\u1ec7u<\/h1><h4 class=\"has-text-align-left wp-block-heading\">T\u1ea6M NH\u00ccN \u2013 S\u1ee8 M\u1ec6NH \u2013 GI\u00c1 TR\u1eca C\u1ed0T L\u00d5I<\/h4><p><strong>An Piano<\/strong>\u00a0l\u00e0 m\u1ed9t nh\u00f3m c\u00f4ng ty h\u00e0ng \u0111\u1ea7u t\u1ea1i Vi\u1ec7t Nam trong l\u0129nh v\u1ef1c ph\u00e2n ph\u1ed1i nh\u1ea1c c\u1ee5, t\u1ef1 h\u00e0o l\u00e0 nh\u00e0 t\u01b0 v\u1ea5n \u0111\u1ea7y kinh nghi\u1ec7m cho nh\u1eefng ai mu\u1ed1n t\u1ef1 m\u00ecnh t\u1ea1o n\u00ean \u00e2m thanh, t\u1ea1o n\u00ean giai \u0111i\u1ec7u, t\u1ea1o n\u00ean \u00e2m nh\u1ea1c cho ch\u00ednh m\u00ecnh, cho gia \u0111\u00ecnh v\u00e0 cho x\u00e3 h\u1ed9i.<\/p><p><strong>An Piano<\/strong>&nbsp;\u0111em \u0111\u1ebfn cho kh\u00e1ch h\u00e0ng nh\u1eefng tr\u1ea3i nghi\u1ec7m mua s\u1eafm hi\u1ec7u qu\u1ea3 v\u00e0 cung c\u1ea5p cho c\u00e1c \u0111\u1ea1i l\u00fd m\u1ed9t c\u00e1ch ti\u1ebfp c\u1eadn \u0111\u01a1n gi\u1ea3n, tr\u1ef1c ti\u1ebfp \u0111\u1ebfn \u0111\u00f4ng \u0111\u1ea3o kh\u00e1ch h\u00e0ng theo t\u1eebng khu v\u1ef1c. V\u00ec v\u1eady,&nbsp;<strong>An Piano<\/strong>&nbsp;l\u00e0 \u0111i\u1ec3m \u0111\u1ebfn cho nh\u1eefng ng\u01b0\u1eddi y\u00eau \u00e2m nh\u1ea1c \u0111\u1ec3 c\u00f3 th\u1ec3 ti\u1ebfp c\u1eadn tr\u1ef1c ti\u1ebfp v\u1edbi lo\u1ea1i nh\u1ea1c c\u1ee5 m\u00e0 m\u00ecnh m\u01a1 \u01b0\u1edbc.<\/p><p>V\u1edbi r\u1ea5t nhi\u1ec1u s\u1ea3n ph\u1ea9m \u0111a d\u1ea1ng,&nbsp;<strong>An Piano<\/strong>&nbsp;s\u1ebd \u0111\u00e1p \u1ee9ng t\u1ea5t c\u1ea3 nhu c\u1ea7u mua s\u1eafm c\u1ee7a b\u1ea1n. T\u1ea5t c\u1ea3 nh\u1eefng s\u1ea3n ph\u1ea9m \u0111\u1ec1u \u0111\u1ebfn t\u1eeb c\u00e1c th\u01b0\u01a1ng hi\u1ec7u qu\u1ed1c t\u1ebf, v\u00e0 h\u1ea7u h\u1ebft \u0111\u01b0\u1ee3c ph\u00e2n ph\u1ed1i \u0111\u1ed9c quy\u1ec1n b\u1edfi h\u1ec7 th\u1ed1ng c\u00f4ng ty&nbsp;<strong>An Piano<\/strong>&nbsp;.<\/p><p>C\u0169ng nh\u01b0 c\u00e1c c\u1eeda h\u00e0ng nh\u1ea1c c\u1ee5 l\u1edbn nh\u1ea5t \u1edf c\u00e1c n\u01a1i tr\u00ean th\u1ebf gi\u1edbi,&nbsp;<strong>An Piano<\/strong>&nbsp;c\u00f3 t\u1ea5t c\u1ea3 danh m\u1ee5c c\u00e1c th\u01b0\u01a1ng hi\u1ec7u danh ti\u1ebfng m\u00e0 b\u1ea1n y\u00eau th\u00edch: Steinway &amp; Sons, Boston, Yamaha, Kawai, Roland, Casio, Diapason, Atlas, Korg\u2026<\/p>","protected":false},"excerpt":{"rendered":"<p>C\u00f4ng ty An Piano xin gi\u1edbi thi\u1ec7u T\u1ea6M NH\u00ccN \u2013 S\u1ee8 M\u1ec6NH \u2013 GI\u00c1 TR\u1eca C\u1ed0T L\u00d5I An Piano\u00a0l\u00e0 m\u1ed9t nh\u00f3m c\u00f4ng ty h\u00e0ng \u0111\u1ea7u t\u1ea1i Vi\u1ec7t Nam trong l\u0129nh v\u1ef1c ph\u00e2n ph\u1ed1i nh\u1ea1c c\u1ee5, t\u1ef1 h\u00e0o l\u00e0 nh\u00e0 t\u01b0 v\u1ea5n \u0111\u1ea7y kinh nghi\u1ec7m cho nh\u1eefng ai mu\u1ed1n t\u1ef1 m\u00ecnh t\u1ea1o n\u00ean \u00e2m thanh, t\u1ea1o&#8230;<\/p>\n","protected":false},"author":3,"featured_media":3512,"parent":0,"menu_order":0,"comment_status":"closed","ping_status":"closed","template":"page-blank-title-center.php","meta":{"footnotes":""},"class_list":["post-4601","page","type-page","status-publish","has-post-thumbnail","hentry"],"jetpack_sharing_enabled":true,"_links":{"self":[{"href":"https:\/\/anpiano.com\/index.php?rest_route=\/wp\/v2\/pages\/4601"}],"collection":[{"href":"https:\/\/anpiano.com\/index.php?rest_route=\/wp\/v2\/pages"}],"about":[{"href":"https:\/\/anpiano.com\/index.php?rest_route=\/wp\/v2\/types\/page"}],"author":[{"embeddable":true,"href":"https:\/\/anpiano.com\/index.php?rest_route=\/wp\/v2\/users\/3"}],"replies":[{"embeddable":true,"href":"https:\/\/anpiano.com\/index.php?rest_route=%2Fwp%2Fv2%2Fcomments&post=4601"}],"version-history":[{"count":0,"href":"https:\/\/anpiano.com\/index.php?rest_route=\/wp\/v2\/pages\/4601\/revisions"}],"wp:featuredmedia":[{"embeddable":true,"href":"https:\/\/anpiano.com\/index.php?rest_route=\/wp\/v2\/media\/3512"}],"wp:attachment":[{"href":"https:\/\/anpiano.com\/index.php?rest_route=%2Fwp%2Fv2%2Fmedia&parent=4601"}],"curies":[{"name":"wp","href":"https:\/\/api.w.org\/{rel}","templated":true}]}}