{"id":6861,"date":"2021-10-21T22:08:06","date_gmt":"2021-10-21T15:08:06","guid":{"rendered":"https:\/\/anpiano.com\/?page_id=6861"},"modified":"2021-11-04T15:15:07","modified_gmt":"2021-11-04T08:15:07","slug":"tai-khoan-ngan-hang","status":"publish","type":"page","link":"https:\/\/anpiano.com\/?page_id=6861","title":{"rendered":"T\u00e0i kho\u1ea3n ng\u00e2n h\u00e0ng"},"content":{"rendered":"<p><strong>1-PH\u01af\u01a0NG TH\u1ee8C THANH TO\u00c1N :<\/strong><\/p><p>-CHUY\u1ec2N KHO\u1ea2N TR\u1ef0C TUY\u1ebeN :<\/p><p>                                 -CH\u1ee6 T\u00c0I KHO\u1ea2N: C\u00d9 MINH TI\u1ebeN<\/p><p>                                 -S\u1ed0 T\u00c0I KHO\u1ea2N : 19021737095027<\/p><p>                                  -NG\u00c2N H\u00c0NG: TECHCOMBANK H\u00c0 N\u1ed8I<\/p><p><strong>2-CH\u00cdNH S\u00c1CH TR\u1ea2 G\u00d3P<\/strong><\/p><p>\u0110i\u1ec1u ki\u1ec7n c\u1ea7n \u0111\u1ec3 kh\u00e1ch h\u00e0ng c\u00f3 th\u1ec3 mua tr\u1ea3 g\u00f3p nh\u1eefng S\u1ea3n Ph\u1ea9m t\u1ea1i Anpiano l\u00e0:<br>&#8211; B\u1ea1n c\u1ea7n c\u00f3 th\u1ebb t\u00edn d\u1ee5ng \u0111\u01b0\u1ee3c c\u1ea5p h\u1ea1n m\u1ee9c chi ti\u00eau ( th\u1ebb n\u00e0y ch\u1ec9 d\u00f9ng \u0111\u1ec3 qu\u1eb9t th\u1ebb, th\u1ebb n\u00e0y ko r\u00fat \u0111\u01b0\u1ee3c ti\u1ec1n t\u1ea1i ATM)\u00a0<br>&#8211; Anpiano h\u1ed7 tr\u1ee3 th\u00f4ng qua\u00a0d\u1ecbch v\u1ee5 tr\u1ea3 g\u00f3p qua th\u1ebb t\u00edn d\u1ee5ng c\u1ee7a \u0111\u1ed1i t\u00e1c MPOS.<br>&#8211; \u0110\u01b0\u1ee3c li\u00ean k\u1ebft v\u1edbi r\u1ea5t nhi\u1ec1u ng\u00e2n h\u00e0ng t\u1ea1i Vi\u1ec7t Nam n\u00ean th\u1ee7 t\u1ee5c tr\u1ea3 g\u00f3p l\u00e0 nhanh g\u1ecdn ( M\u1ea5t kho\u1ea3ng 5 ph\u00fat )<\/p><p>                                 <\/p><p><\/p>","protected":false},"excerpt":{"rendered":"<p>1-PH\u01af\u01a0NG TH\u1ee8C THANH TO\u00c1N : -CHUY\u1ec2N KHO\u1ea2N TR\u1ef0C TUY\u1ebeN : -CH\u1ee6 T\u00c0I KHO\u1ea2N: C\u00d9 MINH TI\u1ebeN -S\u1ed0 T\u00c0I KHO\u1ea2N : 19021737095027 -NG\u00c2N H\u00c0NG: TECHCOMBANK H\u00c0 N\u1ed8I 2-CH\u00cdNH S\u00c1CH TR\u1ea2 G\u00d3P \u0110i\u1ec1u ki\u1ec7n c\u1ea7n \u0111\u1ec3 kh\u00e1ch h\u00e0ng c\u00f3 th\u1ec3 mua tr\u1ea3 g\u00f3p nh\u1eefng S\u1ea3n Ph\u1ea9m t\u1ea1i Anpiano l\u00e0:&#8211; B\u1ea1n c\u1ea7n c\u00f3 th\u1ebb t\u00edn d\u1ee5ng \u0111\u01b0\u1ee3c c\u1ea5p&#8230;<\/p>\n","protected":false},"author":2,"featured_media":0,"parent":0,"menu_order":0,"comment_status":"closed","ping_status":"closed","template":"","meta":{"footnotes":""},"class_list":["post-6861","page","type-page","status-publish","hentry"],"jetpack_sharing_enabled":true,"_links":{"self":[{"href":"https:\/\/anpiano.com\/index.php?rest_route=\/wp\/v2\/pages\/6861"}],"collection":[{"href":"https:\/\/anpiano.com\/index.php?rest_route=\/wp\/v2\/pages"}],"about":[{"href":"https:\/\/anpiano.com\/index.php?rest_route=\/wp\/v2\/types\/page"}],"author":[{"embeddable":true,"href":"https:\/\/anpiano.com\/index.php?rest_route=\/wp\/v2\/users\/2"}],"replies":[{"embeddable":true,"href":"https:\/\/anpiano.com\/index.php?rest_route=%2Fwp%2Fv2%2Fcomments&post=6861"}],"version-history":[{"count":0,"href":"https:\/\/anpiano.com\/index.php?rest_route=\/wp\/v2\/pages\/6861\/revisions"}],"wp:attachment":[{"href":"https:\/\/anpiano.com\/index.php?rest_route=%2Fwp%2Fv2%2Fmedia&parent=6861"}],"curies":[{"name":"wp","href":"https:\/\/api.w.org\/{rel}","templated":true}]}}