{"id":10070,"date":"2023-05-23T15:21:30","date_gmt":"2023-05-23T08:21:30","guid":{"rendered":"https:\/\/anpiano.com\/?post_type=product&#038;p=10070"},"modified":"2023-05-23T15:21:30","modified_gmt":"2023-05-23T08:21:30","slug":"dich-vu-sua-chua-dan","status":"publish","type":"product","link":"https:\/\/anpiano.com\/?product=dich-vu-sua-chua-dan","title":{"rendered":"D\u1ecaCH V\u1ee4 S\u1eeeA CH\u1eeeA \u0110\u00c0N"},"content":{"rendered":"<div class=\"xdj266r x11i5rnm xat24cr x1mh8g0r x1vvkbs x126k92a\">\n<h1 dir=\"auto\">D\u1ecaCH V\u1ee4 S\u1eecA CH\u1eeeA \u0110\u00c0N T\u1ea0I AN PIANO BAO G\u1ed2M NH\u1eeeNG G\u00cc?<\/h1>\n<div dir=\"auto\"><\/div>\n<\/div>\n<div class=\"x11i5rnm xat24cr x1mh8g0r x1vvkbs xtlvy1s x126k92a\">\n<div dir=\"auto\">\u0110\u1ed1i v\u1edbi \u0111\u00e0n piano, c\u00e1c thi\u1ebft b\u1ecb\/ b\u1ed9 ph\u1eadn c\u1ee7a \u0111\u00e0n c\u00f3 th\u1ec3 x\u1ea3y ra l\u1ed7i, h\u1ecfng h\u00f3c do nhi\u1ec1u y\u1ebfu t\u1ed1 kh\u00e1c nhau, c\u00f3 th\u1ec3 l\u00e0 kh\u00e1ch quan ho\u1eb7c ch\u1ee7 quan, v\u00ec th\u1ebf An Piano cung c\u1ea5p d\u1ecbch v\u1ee5 s\u1eeda ch\u1eefa \u0111\u00e0n piano t\u1ea1i nh\u00e0 cho kh\u00e1ch h\u00e0ng<\/div>\n<div dir=\"auto\">B\u1ea1n \u0111ang c\u1ea7n v\u1ec7 sinh ho\u1eb7c s\u1eeda \u0111\u00e0n hay b\u1ea3o tr\u00ec c\u00e1c lo\u1ea1i \u0111\u00e0n nh\u01b0: \u0111\u00e0n Piano C\u01a1, \u0111\u00e0n Piano \u0110i\u1ec7n,&#8230; H\u00e3y \u0111\u1ebfn v\u1edbi An Piano &#8211; \u0111\u1ecba ch\u1ec9 s\u1eeda \u0111\u00e0n uy t\u00edn v\u00e0 ch\u1ea5t l\u01b0\u1ee3ng<\/div>\n<\/div>\n<div class=\"x11i5rnm xat24cr x1mh8g0r x1vvkbs xtlvy1s x126k92a\">\n<h2 dir=\"auto\">L\u00ean v\u00e0 c\u00e2n ch\u1ec9nh d\u00e2y \u0111\u00e0n, ph\u00edm \u0111\u00e0n &#8211; D\u1ecbch v\u1ee5 s\u1eeda ch\u1eefa \u0111\u00e0n<\/h2>\n<p><span style=\"color: #282828;\">L\u00ean d\u00e2y \u0111\u00e0n l\u00e0 m\u1ed9t trong nh\u1eefng c\u00f4ng vi\u1ec7c quan tr\u1ecdng trong vi\u1ec7c b\u1ea3o tr\u00ec v\u00e0 kh\u00f4i ph\u1ee5c \u00e2m thanh cho c\u00e2y \u0111\u00e0n piano sau m\u1ed9t th\u1eddi gian s\u1eed d\u1ee5ng.<\/span><\/p>\n<p><span style=\"color: #282828;\">B\u00ean trong c\u00e2y\u00a0\u0111\u00e0n piano c\u01a1\u00a088 ph\u00edm c\u00f3 kho\u1ea3ng 230 chu\u1ed7i d\u00e2y tu\u1ef3 theo d\u00f2ng \u0111\u00e0n,\u00a0c\u00e1c s\u1ee3i d\u00e2y n\u00e0y \u0111\u01b0\u1ee3c m\u00f3c c\u1ed1 \u0111\u1ecbnh\u00a0m\u1ed9t \u0111\u1ea7u v\u00e0o ch\u1ed1t\u00a0hitch pin, c\u00e1c \u0111\u1ea7u d\u00e2y c\u00f2n l\u1ea1i \u0111\u01b0\u1ee3c qu\u1ea5n\u00a0ch\u1eb7t quanh\u00a0ch\u1ed1t tuning pin.<\/span><\/p>\n<p><img fetchpriority=\"high\" decoding=\"async\" class=\"aligncenter\" src=\"https:\/\/tokyometro.vn\/wp-content\/uploads\/2022\/08\/1659858185_407_Top-10-Dia-Chi-Sua-Dan-Piano-Dien-Tai-Nha.jpg\" alt=\"D\u1ecaCH V\u1ee4 S\u1eecA CH\u1eeeA \u0110\u00c0N\" width=\"600\" height=\"396\" \/><\/p>\n<p><span style=\"color: #282828;\"><img decoding=\"async\" class=\"aligncenter lazy-load-active\" src=\"https:\/\/kythuatvienpiano.com\/uploads\/images\/sua-chua\/len-day-dan-piano.jpg\" alt=\"\" data-src=\"https:\/\/kythuatvienpiano.com\/uploads\/images\/sua-chua\/len-day-dan-piano.jpg\" \/>V\u1eb7n xoay c\u00e1c ch\u1ed1t tuning pin\u00a0\u0111\u1ec3 ch\u1ec9nh cao \u0111\u1ed9 \u00e2m thanh\u00a0c\u00e1c d\u00e2y \u0111\u00e0n cho \u0111\u1ebfn khi chi\u1ebfc b\u00faa \u0111\u00e0n g\u00f5 v\u00e0o nh\u1eefng s\u1ee3i d\u00e2y n\u00e0y ph\u00e1t\u00a0ra c\u00e1c \u00e2m thanh\u00a0( c\u00e1c n\u1ed1t nh\u1ea1c: \u0111\u00f4\u00a0\u2013 r\u00ea \u2013 mi \u2013 fa \u2013 son \u2013 la \u2013 si ) theo quy \u01b0\u1edbc, c\u00e1c \u00e2m thanh \u0111\u1ea1t \u0111\u01b0\u1ee3c s\u1ef1 c\u00e2n b\u1eb1ng cao \u0111\u1ed9 t\u1ea7n s\u1ed1 dao \u0111\u1ed9ng, giao thoa gi\u1eefa c\u00e1c cao \u0111\u1ed9.<\/span><\/p>\n<p dir=\"auto\"><span style=\"color: #282828;\">C\u00e1c lo\u1ea1i d\u00e2y t\u1ea1i An piano \u0111\u01b0\u1ee3c thay v\u00e0o \u0111\u1ec1u nh\u1eadp kh\u1ea9u t\u1eeb c\u00e1c h\u00e3ng d\u00e2y \u0111\u00e0n piano c\u1ee7a Nh\u1eadt B\u1ea3n, \u0111\u1ea3m b\u1ea3o ch\u1ea5t l\u01b0\u1ee3ng c\u0169ng nh\u01b0 \u00e2m thanh cho \u0111\u00e0n<\/span><\/p>\n<p dir=\"auto\"><em>Nh\u00e2n vi\u00ean K\u1ef9 Thu\u1eadt c\u1ee7a ch\u00fang t\u00f4i s\u1ebd c\u00f3 m\u1eb7t \u0111\u1ec3 ki\u1ec3m tra t\u1ea1i nh\u00e0 kh\u00e1ch h\u00e0ng trong 24h k\u1ec3 t\u1eeb l\u00fac nh\u1eadn \u0111\u01b0\u1ee3c cu\u1ed9c g\u1ecdi (Hotline k\u1ef9 thu\u1eadt: <strong>090 326 5826<\/strong>)<\/em><\/p>\n<h2 dir=\"auto\">Thay th\u1ebf linh ki\u1ec7n &amp; S\u1eeda ch\u1eefa b\u1ed9 m\u00e1y &#8211; D\u1ecbch v\u1ee5 s\u1eeda ch\u1eefa \u0111\u00e0n<\/h2>\n<div dir=\"auto\">S\u1eeda ch\u1eefa\/ thay th\u1ebf c\u00e1c thi\u1ebft b\u1ecb trong c\u00e2y \u0111\u00e0n piano nh\u01b0 ph\u00edm \u0111\u00e0n, b\u00faa \u0111\u00e0n, t\u1ea5m n\u1ec9 gi\u1ea3m \u00e2m, l\u00f2 xo, pedal,&#8230;<\/div>\n<div dir=\"auto\">An Piano nh\u1eadn s\u1eeda ch\u1eefa \u0111\u00e0n piano \u0111i\u1ec7n, thay th\u1ebf linh ki\u1ec7n m\u1ea1ch \u0111i\u1ec7n t\u1eed, vi m\u1ea1ch, ic\u2026<\/div>\n<div dir=\"auto\"><img decoding=\"async\" class=\"aligncenter\" src=\"https:\/\/amnhacbinhminh.com\/uploaded\/tuvan\/sua-dan-piano-co%20(1).jpg\" alt=\"D\u1ecaCH V\u1ee4 S\u1eecA CH\u1eeeA \u0110\u00c0N\" width=\"620\" height=\"300\" \/><\/div>\n<div dir=\"auto\"><\/div>\n<div dir=\"auto\"><em>Nh\u00e2n vi\u00ean K\u1ef9 Thu\u1eadt c\u1ee7a ch\u00fang t\u00f4i s\u1ebd c\u00f3 m\u1eb7t \u0111\u1ec3 ki\u1ec3m tra t\u1ea1i nh\u00e0 kh\u00e1ch h\u00e0ng trong 24h k\u1ec3 t\u1eeb l\u00fac nh\u1eadn \u0111\u01b0\u1ee3c cu\u1ed9c g\u1ecdi (Hotline k\u1ef9 thu\u1eadt: <strong>090 326 5826<\/strong>)<\/em><\/div>\n<h2 dir=\"auto\">V\u1ec7 sinh v\u00e0 b\u1ea3o d\u01b0\u1ee1ng &#8211; D\u1ecbch v\u1ee5 s\u1eeda ch\u1eefa \u0111\u00e0n<\/h2>\n<div dir=\"auto\">\n<p>An Piano nh\u1eadn v\u1ec7 sinh \u0111\u00e0n \u0111i\u1ec7n t\u1eeb trong ra ngo\u00e0i, t\u1eeb th\u00e2n v\u1ecf \u0111\u00e0n \u0111\u1ebfn c\u00e1c k\u1ebft c\u1ea5u b\u00ean trong piano t\u1ea1i nh\u00e0. Ch\u00fang t\u00f4i s\u1ebd v\u1ec7 sinh c\u00e2y \u0111\u00e0n c\u1ee7a qu\u00fd kh\u00e1ch tr\u1edf n\u00ean nh\u01b0 m\u1edbi, Mang \u0111\u1ebfn s\u1ef1 h\u00e0i l\u00f2ng cho Qu\u00fd Kh\u00e1ch.<\/p>\n<p><img decoding=\"async\" class=\"aligncenter\" src=\"https:\/\/thegioinhaccu.com.vn\/uploads\/cach-ve-sinh-va-bao-quan-cay-dan-piano-co3_1625133334.jpg\" alt=\"D\u1ecaCH V\u1ee4 S\u1eecA CH\u1eeeA \u0110\u00c0N\" width=\"612\" height=\"321\" \/><\/p>\n<p>Vi\u1ec7c lau ch\u00f9i v\u1ec7 sinh \u0111\u00e0n \u0111i\u1ec7n t\u1eeb trong ra ngo\u00e0i th\u01b0\u1eddng xuy\u00ean v\u00e0 \u0111\u00fang quy tr\u00ecnh c\u00f2n gi\u00fap cho c\u00e2y \u0111\u00e0n c\u1ee7a b\u1ea1n lu\u00f4n lu\u00f4n tr\u00f4ng nh\u01b0 m\u1edbi. C\u00e1c chi ti\u1ebft ch\u1eef \u0111\u1ed3ng s\u1ebd s\u00e1ng b\u00f3ng khi\u1ebfn cho b\u1ea5t c\u1ee9 ai nh\u00ecn v\u00e0o s\u1ebd c\u00f3 thi\u1ec7n c\u1ea3m v\u1edbi c\u00e2y \u0111\u00e0n nhi\u1ec1u h\u01a1n.<\/p>\n<ul>\n<li>Lau ch\u00f9i v\u1ebft b\u1ea9n<\/li>\n<li>\u0110\u00e1nh b\u00f3ng<\/li>\n<li>H\u00fat b\u1ee5i, v\u1ec7 sinh<\/li>\n<li>B\u1ea3o v\u1ec7 vi m\u1ea1ch<\/li>\n<li>B\u1ea3o d\u01b0\u1ee1ng main m\u1ea1ch<\/li>\n<\/ul>\n<p><em>Nh\u00e2n vi\u00ean K\u1ef9 Thu\u1eadt c\u1ee7a<\/em> ch\u00fang<em> t\u00f4i s\u1ebd c\u00f3 m\u1eb7t \u0111\u1ec3 ki\u1ec3m tra t\u1ea1i nh\u00e0 kh\u00e1ch h\u00e0ng trong 24h k\u1ec3 t\u1eeb l\u00fac nh\u1eadn \u0111\u01b0\u1ee3c cu\u1ed9c g\u1ecdi (Hotline k\u1ef9 thu\u1eadt: <strong>090 326 5826<\/strong>)<\/em><\/p>\n<p>&#8212;&#8212;&#8212;&#8212;&#8212;&#8212;&#8212;&#8212;&#8212;&#8211;<\/p>\n<p>AN PIANO &#8211; H\u1ec6 TH\u1ed0NG SHOWROOM 3 MI\u1ec0N<\/p>\n<p>H\u00c0 N\u1ed8I: 120 Ha\u0300o Nam, \u0110o\u0302\u0301ng \u0110a, Ha\u0300 No\u0323\u0302i &#8211; 0903265826<\/p>\n<p>H\u1ed2 CH\u00cd MINH: 282e Nguye\u0302\u0303n Tro\u0323ng Tuye\u0302\u0309n, Phu\u031bo\u031b\u0300ng 10, Phu\u0301 Nhua\u0323\u0302n, H\u1ed3 Ch\u00ed Minh &#8211; 0902172128<\/p>\n<p>\u0110\u00c0 N\u1eb4NG:163 Huy\u0300nh Ta\u0302\u0301n Pha\u0301t, Ha\u0309i Cha\u0302u, \u0110a\u0300 Na\u0306\u0303ng &#8211; 0936267126<\/p>\n<div data-id=\"9ly1xDmkO1M\" data-query=\"\" data-src=\"https:\/\/www.youtube.com\/embed\/9ly1xDmkO1M\"><a href=\"https:\/\/www.facebook.com\/Anpiano.hanoi\" target=\"_blank\" rel=\"noopener\">T\u01b0 v\u1ea5n v\u00e0 ch\u1ecdn mua s\u1ea3n ph\u1ea9m kh\u00e1c t\u1ea1i \u0111\u00e2y<\/a><\/div>\n<div data-id=\"9ly1xDmkO1M\" data-query=\"\" data-src=\"https:\/\/www.youtube.com\/embed\/9ly1xDmkO1M\"><a href=\"http:\/\/thumuapiano.com\/\" target=\"_blank\" rel=\"noopener\">Ch\u00fang t\u00f4i nh\u1eadn thu mua Piano, h\u00e3y li\u00ean h\u1ec7 n\u1ebfu b\u1ea1n c\u00f3 nhu c\u1ea7u.<\/a><\/div>\n<\/div>\n<\/div>\n","protected":false},"excerpt":{"rendered":"<p>An Piano cung c\u1ea5p d\u1ecbch v\u1ee5 s\u1eeda ch\u1eefa \u0111\u00e0n t\u1ea1i nh\u00e0<\/p>\n","protected":false},"featured_media":10071,"comment_status":"open","ping_status":"closed","template":"","meta":[],"product_cat":[320,315,321],"product_tag":[474,566,1215,1216],"class_list":{"0":"post-10070","1":"product","2":"type-product","3":"status-publish","4":"has-post-thumbnail","6":"product_cat-dich-vu-dan-co","7":"product_cat-dich-vu-piano","8":"product_cat-dich-vu-dan-dien","9":"product_tag-an-piano","10":"product_tag-anpiano","11":"product_tag-dich-vu-sua-chua-dan","12":"product_tag-sua-chua-piano","14":"first","15":"instock","16":"shipping-taxable","17":"product-type-simple"},"jetpack_sharing_enabled":true,"_links":{"self":[{"href":"https:\/\/anpiano.com\/index.php?rest_route=\/wp\/v2\/product\/10070"}],"collection":[{"href":"https:\/\/anpiano.com\/index.php?rest_route=\/wp\/v2\/product"}],"about":[{"href":"https:\/\/anpiano.com\/index.php?rest_route=\/wp\/v2\/types\/product"}],"replies":[{"embeddable":true,"href":"https:\/\/anpiano.com\/index.php?rest_route=%2Fwp%2Fv2%2Fcomments&post=10070"}],"version-history":[{"count":0,"href":"https:\/\/anpiano.com\/index.php?rest_route=\/wp\/v2\/product\/10070\/revisions"}],"wp:featuredmedia":[{"embeddable":true,"href":"https:\/\/anpiano.com\/index.php?rest_route=\/wp\/v2\/media\/10071"}],"wp:attachment":[{"href":"https:\/\/anpiano.com\/index.php?rest_route=%2Fwp%2Fv2%2Fmedia&parent=10070"}],"wp:term":[{"taxonomy":"product_cat","embeddable":true,"href":"https:\/\/anpiano.com\/index.php?rest_route=%2Fwp%2Fv2%2Fproduct_cat&post=10070"},{"taxonomy":"product_tag","embeddable":true,"href":"https:\/\/anpiano.com\/index.php?rest_route=%2Fwp%2Fv2%2Fproduct_tag&post=10070"}],"curies":[{"name":"wp","href":"https:\/\/api.w.org\/{rel}","templated":true}]}}