{"id":10195,"date":"2023-08-02T14:28:31","date_gmt":"2023-08-02T07:28:31","guid":{"rendered":"https:\/\/anpiano.com\/?post_type=product&#038;p=10195"},"modified":"2025-11-01T17:19:28","modified_gmt":"2025-11-01T10:19:28","slug":"avantgrand-yamaha-n3","status":"publish","type":"product","link":"https:\/\/anpiano.com\/?product=avantgrand-yamaha-n3","title":{"rendered":"AvantGrand Yamaha N3"},"content":{"rendered":"<div class=\"col-xs-12 col-sm-12\">\n<h4>AvantGrand Yamaha N3 &#8211; C\u00f4ng ngh\u1ec7 \u0111\u01b0\u1ee3c c\u1ea3i ti\u1ebfn th\u00f4ng qua s\u1ef1 t\u01b0\u01a1ng t\u00e1c m\u1edbi gi\u1eefa k\u1ef9 thu\u1eadt s\u1ed1 v\u00e0 \u00e2m thanh;\u00a0c\u00f4ng ngh\u1ec7 \u0111\u01b0\u1ee3c \u0111\u00e1nh b\u00f3ng b\u1edfi m\u1ed1i quan h\u1ec7 m\u1edbi gi\u1eefa piano v\u00e0 ngh\u1ec7 s\u0129 piano.<\/h4>\n<p class=\"text-info\">T\u1ea5t c\u1ea3 ch\u00fang ta \u0111\u1ec1u mong mu\u1ed1n \u0111\u01b0\u1ee3c bao b\u1ecdc trong \u00e2m thanh m\u00e0 ch\u00fang ta ch\u01a1i, nh\u01b0ng l\u1ea1i th\u1ea5y m\u00ecnh b\u1ecb h\u1ea1n ch\u1ebf b\u1edfi nh\u1eefng m\u1ed1i quan t\u00e2m d\u00e0nh cho nh\u1eefng ng\u01b0\u1eddi xung quanh.\u00a0C\u00f3 l\u1ebd c\u00f3 nhi\u1ec1u ng\u01b0\u1eddi, ngay c\u1ea3 trong s\u1ed1 nh\u1eefng ng\u01b0\u1eddi s\u1edf h\u1eefu \u0111\u1ea1i d\u01b0\u01a1ng c\u1ea7m, \u0111\u00e3 \u01b0\u1edbc r\u1eb1ng th\u1ec9nh tho\u1ea3ng h\u1ecd c\u00f3 th\u1ec3 ch\u01a1i v\u1edbi \u00e2m l\u01b0\u1ee3ng nh\u1ecf h\u01a1n.\u00a0V\u00ec v\u1eady, ch\u00fang t\u00f4i c\u1ea3m th\u1ea5y c\u00f3 hai m\u1ee5c ti\u00eau r\u00f5 r\u00e0ng c\u1ea7n \u0111\u1ea1t \u0111\u01b0\u1ee3c trong qu\u00e1 tr\u00ecnh ph\u00e1t tri\u1ec3n AvantGrand. M\u1ed9t l\u00e0 t\u1ea1o ra m\u1ed9t nh\u1ea1c c\u1ee5 ph\u1ea3n \u00e1nh s\u1ee9c h\u1ea5p d\u1eabn c\u1ee7a \u0111\u1ea1i d\u01b0\u01a1ng c\u1ea7m c\u00e0ng g\u1ea7n c\u00e0ng t\u1ed1t.<\/p>\n<p><img fetchpriority=\"high\" decoding=\"async\" class=\" wp-image-11234 aligncenter\" src=\"https:\/\/anpiano.com\/wp-content\/uploads\/2023\/08\/z5264601259167_22bd1323ba4ce21a02af04865c1359a0-300x225.jpg\" alt=\"AvantGrand Yamaha N3\" width=\"600\" height=\"450\" srcset=\"https:\/\/anpiano.com\/wp-content\/uploads\/2023\/08\/z5264601259167_22bd1323ba4ce21a02af04865c1359a0-300x225.jpg 300w, https:\/\/anpiano.com\/wp-content\/uploads\/2023\/08\/z5264601259167_22bd1323ba4ce21a02af04865c1359a0-1024x768.jpg 1024w, https:\/\/anpiano.com\/wp-content\/uploads\/2023\/08\/z5264601259167_22bd1323ba4ce21a02af04865c1359a0-768x576.jpg 768w, https:\/\/anpiano.com\/wp-content\/uploads\/2023\/08\/z5264601259167_22bd1323ba4ce21a02af04865c1359a0-1536x1152.jpg 1536w, https:\/\/anpiano.com\/wp-content\/uploads\/2023\/08\/z5264601259167_22bd1323ba4ce21a02af04865c1359a0-2048x1536.jpg 2048w, https:\/\/anpiano.com\/wp-content\/uploads\/2023\/08\/z5264601259167_22bd1323ba4ce21a02af04865c1359a0-247x185.jpg 247w, https:\/\/anpiano.com\/wp-content\/uploads\/2023\/08\/z5264601259167_22bd1323ba4ce21a02af04865c1359a0-510x383.jpg 510w\" sizes=\"(max-width: 600px) 100vw, 600px\" \/><\/p>\n<p class=\"text-info\">Hai l\u00e0 mang l\u1ea1i cho n\u00f3 c\u1ea3m gi\u00e1c nh\u1ea1y b\u00e9n m\u00e0 kh\u00f4ng l\u00e0m m\u1ea5t \u0111i bi\u1ec3u c\u1ea3m phong ph\u00fa m\u00e0 \u0111\u1ea1i d\u01b0\u01a1ng c\u1ea7m mang l\u1ea1i khi ch\u01a1i v\u1edbi s\u1ef1 ki\u1ec1m ch\u1ebf. \u0110\u1ec3 hi\u1ec7n th\u1ef1c h\u00f3a nh\u1eefng m\u1ee5c ti\u00eau n\u00e0y, ch\u00fang t\u00f4i \u0111\u00e3 ki\u1ec3m tra m\u1ecdi th\u1ee9 \u0111\u1ebfn t\u1eebng chi ti\u1ebft nh\u1ecf nh\u1ea5t trong qu\u00e1 tr\u00ecnh ch\u1ebf t\u1ea1o AvantGrand; t\u1eeb b\u00e0n ph\u00edm v\u00e0 b\u00e0n \u0111\u1ea1p l\u00e0 &#8220;c\u1eeda ng\u00f5&#8221; \u0111\u1ebfn \u00e2m thanh, \u0111\u1ebfn c\u00e1c ph\u01b0\u01a1ng ph\u00e1p l\u1ea5y m\u1eabu \u0111\u01b0\u1ee3c s\u1eed d\u1ee5ng v\u00e0 h\u1ec7 th\u1ed1ng loa m\u00e0 t\u1eeb \u0111\u00f3 \u00e2m thanh tho\u00e1t ra<\/p>\n<p><img decoding=\"async\" class=\" wp-image-11236 aligncenter\" src=\"https:\/\/anpiano.com\/wp-content\/uploads\/2023\/08\/z5264601271441_59df0f84798bf202eca965bba7c9d88b-300x225.jpg\" alt=\"AvantGrand Yamaha N3\" width=\"588\" height=\"441\" srcset=\"https:\/\/anpiano.com\/wp-content\/uploads\/2023\/08\/z5264601271441_59df0f84798bf202eca965bba7c9d88b-300x225.jpg 300w, https:\/\/anpiano.com\/wp-content\/uploads\/2023\/08\/z5264601271441_59df0f84798bf202eca965bba7c9d88b-1024x768.jpg 1024w, https:\/\/anpiano.com\/wp-content\/uploads\/2023\/08\/z5264601271441_59df0f84798bf202eca965bba7c9d88b-768x576.jpg 768w, https:\/\/anpiano.com\/wp-content\/uploads\/2023\/08\/z5264601271441_59df0f84798bf202eca965bba7c9d88b-1536x1152.jpg 1536w, https:\/\/anpiano.com\/wp-content\/uploads\/2023\/08\/z5264601271441_59df0f84798bf202eca965bba7c9d88b-2048x1536.jpg 2048w, https:\/\/anpiano.com\/wp-content\/uploads\/2023\/08\/z5264601271441_59df0f84798bf202eca965bba7c9d88b-247x185.jpg 247w, https:\/\/anpiano.com\/wp-content\/uploads\/2023\/08\/z5264601271441_59df0f84798bf202eca965bba7c9d88b-510x383.jpg 510w\" sizes=\"(max-width: 588px) 100vw, 588px\" \/><\/p>\n<\/div>\n<div class=\"col-xs-12 col-sm-12\">\n<h3>\u0110\u1eb7c bi\u1ec7t v\u1ec1 ho\u1ea1t \u0111\u1ed9ng c\u1ee7a AvantGrand Yamaha N3<\/h3>\n<\/div>\n<div class=\"col-xs-12 col-sm-12\">\n<h4>Nh\u1edd b\u1ed9 m\u00e1y c\u1ee7a \u0111\u1ea1i d\u01b0\u01a1ng c\u1ea7m \u0111\u01b0\u1ee3c thi\u1ebft k\u1ebf \u0111\u1eb7c bi\u1ec7t v\u00e0 b\u00e0n ph\u00edm b\u1eb1ng g\u1ed7, AvantGrand Yamaha N3\u00a0th\u1ef1c s\u1ef1 tr\u1edf th\u00e0nh m\u1ed9t ph\u1ea7n m\u1edf r\u1ed9ng c\u1ee7a c\u01a1 th\u1ec3 b\u1ea1n khi b\u1ea1n ch\u01a1i.<\/h4>\n<p><img decoding=\"async\" class=\" wp-image-11233 aligncenter\" src=\"https:\/\/anpiano.com\/wp-content\/uploads\/2023\/08\/z5264601251249_a4918be8607066301f022a97f5dfe562-300x225.jpg\" alt=\"AvantGrand Yamaha N3\" width=\"628\" height=\"471\" srcset=\"https:\/\/anpiano.com\/wp-content\/uploads\/2023\/08\/z5264601251249_a4918be8607066301f022a97f5dfe562-300x225.jpg 300w, https:\/\/anpiano.com\/wp-content\/uploads\/2023\/08\/z5264601251249_a4918be8607066301f022a97f5dfe562-1024x768.jpg 1024w, https:\/\/anpiano.com\/wp-content\/uploads\/2023\/08\/z5264601251249_a4918be8607066301f022a97f5dfe562-768x576.jpg 768w, https:\/\/anpiano.com\/wp-content\/uploads\/2023\/08\/z5264601251249_a4918be8607066301f022a97f5dfe562-1536x1152.jpg 1536w, https:\/\/anpiano.com\/wp-content\/uploads\/2023\/08\/z5264601251249_a4918be8607066301f022a97f5dfe562-2048x1536.jpg 2048w, https:\/\/anpiano.com\/wp-content\/uploads\/2023\/08\/z5264601251249_a4918be8607066301f022a97f5dfe562-247x185.jpg 247w, https:\/\/anpiano.com\/wp-content\/uploads\/2023\/08\/z5264601251249_a4918be8607066301f022a97f5dfe562-510x383.jpg 510w\" sizes=\"(max-width: 628px) 100vw, 628px\" \/><\/p>\n<\/div>\n<div class=\"col-xs-12 col-sm-8\">\n<p class=\"text-info\">C\u1ea3m gi\u00e1c ch\u1ea1m v\u00e0 ph\u1ea3n h\u1ed3i s\u1eafc th\u00e1i c\u1ee7a AvantGrand Yamaha N3 l\u00e0 th\u01b0\u1edbc \u0111o ti\u00eau chu\u1ea9n thi\u1ebft y\u1ebfu cho ch\u1ea5t l\u01b0\u1ee3ng c\u1ee7a \u0111\u00e0n piano. N\u00f3 cung c\u1ea5p cho ng\u01b0\u1eddi ch\u01a1i m\u1ed9t b\u1ed9 m\u00e1y c\u1ee7a \u0111\u1ea1i d\u01b0\u01a1ng c\u1ea7m \u0111\u01b0\u1ee3c ph\u00e1t tri\u1ec3n \u0111\u1eb7c bi\u1ec7t c\u00f3 c\u1ea5u h\u00ecnh gi\u1ed1ng nh\u01b0 b\u1ed9 m\u00e1y c\u1ee7a m\u1ed9t c\u00e2y \u0111\u1ea1i d\u01b0\u01a1ng c\u1ea7m th\u1ef1c s\u1ef1.<\/p>\n<p class=\"text-info\">B\u00faa \u0111\u1eadp v\u00e0o &#8220;d\u00e2y \u0111\u00e0n&#8221; t\u1eeb b\u00ean d\u01b0\u1edbi, cho ph\u00e9p \u0111i\u1ec1u ch\u1ec9nh t\u1eebng ph\u00fat \u0111\u1ed1i v\u1edbi s\u1ef1 ph\u00e2n b\u1ed5 tr\u1ecdng l\u01b0\u1ee3ng c\u1ee7a b\u00faa v\u00e0 chuy\u1ec3n \u0111\u1ed9ng c\u1ee7a ch\u00ednh b\u00faa, \u0111\u1ec3 mang l\u1ea1i c\u1ea3m gi\u00e1c m\u01b0\u1ee3t m\u00e0 h\u01a1n khi ch\u01a1i. Ngo\u00e0i c\u1ea3m bi\u1ebfn b\u00faa, nh\u1ea1c c\u1ee5 n\u00e0y c\u00f2n s\u1eed d\u1ee5ng c\u1ea3m bi\u1ebfn ph\u00edm kh\u00f4ng ti\u1ebfp x\u00fac kh\u00f4ng \u1ea3nh h\u01b0\u1edfng \u0111\u1ebfn chuy\u1ec3n \u0111\u1ed9ng c\u1ee7a ph\u00edm, gi\u00fap nh\u1eadn bi\u1ebft tuy\u1ec7t v\u1eddi l\u1ef1c nh\u1ea5n c\u1ee7a ng\u01b0\u1eddi ch\u01a1i tr\u00ean b\u00e0n ph\u00edm, th\u1eddi gian v\u00e0 c\u00e1c s\u1eafc th\u00e1i tinh t\u1ebf kh\u00e1c \u1ea3nh h\u01b0\u1edfng \u0111\u1ebfn bi\u1ec3u hi\u1ec7n \u00e2m nh\u1ea1c.<\/p>\n<p class=\"text-info\">S\u1ef1 k\u1ebft h\u1ee3p n\u00e0y mang l\u1ea1i \u0111\u1ed9 nh\u1ea1y \u1ea5n t\u01b0\u1ee3ng cho to\u00e0n b\u1ed9 d\u1ea3i t\u1eeb pianissimo \u0111\u1ebfn fortissimo c\u1ee7a AvantGrand Yamaha N3, v\u00e0 kh\u1ea3 n\u0103ng d\u1ecbch r\u00f5 r\u00e0ng ngay c\u1ea3 nh\u1eefng \u0111o\u1ea1n ng\u00e2n nga nhanh nh\u1ea5t c\u1ee7a ngh\u1ec7 s\u0129 d\u01b0\u01a1ng c\u1ea7m. C\u1ea5u tr\u00fac b\u1eb1ng g\u1ed7 c\u1ee7a b\u00e0n ph\u00edm ph\u1ea3n \u00e1nh k\u1ebft c\u1ea5u c\u1ee7a \u0111\u1ea1i d\u01b0\u01a1ng c\u1ea7m v\u00e0 c\u00f3 t\u00ednh n\u0103ng New Ivory II tr\u00ean c\u00e1c ph\u00edm m\u00e0u tr\u1eafng. \u0110\u00e2y l\u00e0 m\u1ed9t v\u1eadt li\u1ec7u \u0111\u1ed9c \u0111\u00e1o do Yamaha ph\u00e1t tri\u1ec3n, v\u1edbi k\u1ebft c\u1ea5u g\u1ea7n gi\u1ed1ng v\u1edbi ng\u00e0 voi t\u1ef1 nhi\u00ean m\u1ed9t c\u00e1ch tuy\u1ec7t v\u1eddi, cho ph\u00e9p b\u1ea1n ch\u01a1i nh\u1eefng \u0111o\u1ea1n nhanh m\u1ed9t c\u00e1ch d\u1ec5 d\u00e0ng \u0111\u1ed3ng th\u1eddi mang l\u1ea1i ph\u1ea3n h\u1ed3i ch\u1eafc ch\u1eafn cho nh\u1eefng b\u1ea3n nh\u1ea1c ch\u1eadm h\u01a1n.<\/p>\n<\/div>\n<div class=\"col-xs-12 col-sm-12\">\n<h3>B\u00e0n \u0111\u1ea1p AvantGrand Yamaha N3<\/h3>\n<\/div>\n<div class=\"col-xs-12 col-sm-12\">\n<h4>B\u00e0n \u0111\u1ea1p \u0111\u01b0\u1ee3c thi\u1ebft k\u1ebf \u0111\u1eb7c bi\u1ec7t \u0111\u1ec3 t\u00e1i t\u1ea1o b\u00e0n \u0111\u1ea1p tinh t\u1ebf ch\u1ec9 c\u00f3 \u1edf \u0111\u1ea1i d\u01b0\u01a1ng c\u1ea7m.<\/h4>\n<\/div>\n<div class=\"col-xs-12 col-sm-8\">\n<p class=\"text-info\">L\u00fac \u0111\u1ea7u, nh\u1eb9 khi ch\u1ea1m v\u00e0o, v\u1edbi \u0111\u1ed9 ch\u1eafc ch\u1eafn tinh t\u1ebf trong qu\u00e1 tr\u00ecnh di chuy\u1ec3n c\u1ee7a n\u00f3 v\u00e0 s\u00e1ng tr\u1edf l\u1ea1i khi ng\u01b0\u1eddi ch\u01a1i \u0111\u1ea9y xa h\u01a1n;\u00a0b\u00e0n \u0111\u1ea1p c\u1ee7a \u0111\u1ea1i d\u01b0\u01a1ng c\u1ea7m c\u00f3 c\u00e1c giai \u0111o\u1ea1n kh\u00e1c nhau tinh t\u1ebf m\u00e0 b\u1ea1n c\u00f3 th\u1ec3 c\u1ea3m nh\u1eadn \u0111\u01b0\u1ee3c khi nh\u1ea5n b\u00e0n \u0111\u1ea1p.\u00a0Nh\u1eefng ng\u01b0\u1eddi ch\u01a1i c\u00f3 k\u1ef9 n\u0103ng t\u1eadn d\u1ee5ng l\u1ee3i th\u1ebf c\u1ee7a c\u00e1c chuy\u1ec3n \u0111\u1ed9ng b\u00e0n \u0111\u1ea1p n\u00e0y b\u1eb1ng c\u00e1ch s\u1eed d\u1ee5ng c\u00e1ch \u0111\u1ea1p c\u1ef1c k\u1ef3 tinh t\u1ebf cho ph\u00e9p h\u1ecd \u0111\u1ea1t \u0111\u01b0\u1ee3c bi\u1ec3u c\u1ea3m s\u1eafc th\u00e1i tinh t\u1ebf khi ch\u01a1i.<\/p>\n<p>&nbsp;<\/p>\n<p class=\"text-info\">Khi ph\u00e1t tri\u1ec3n nh\u1ea1c c\u1ee5 n\u00e0y, ch\u00fang t\u00f4i \u0111\u1eb7t m\u1ee5c ti\u00eau t\u00e1i t\u1ea1o c\u1ea3m gi\u00e1c b\u00e0n \u0111\u1ea1p c\u1ee7a \u0111\u1ea1i d\u01b0\u01a1ng c\u1ea7m m\u1ed9t c\u00e1ch trung th\u1ef1c nh\u1ea5t c\u00f3 th\u1ec3.\u00a0B\u00e0n \u0111\u1ea1p k\u1ebft qu\u1ea3 cho ph\u00e9p t\u1ea1o ra \u00e2m nh\u1ea1c nh\u01b0 b\u1ea1n tin r\u1eb1ng n\u00f3 s\u1ebd ph\u00e1t ra \u00e2m thanh, ph\u1ea3n \u1ee9ng nhanh nh\u01b0 nhau \u0111\u1ed1i v\u1edbi nh\u1eefng b\u1ea3n nh\u1ea1c \u1ea5n t\u01b0\u1ee3ng h\u01a1n \u0111\u00f2i h\u1ecfi nhi\u1ec1u thao t\u00e1c \u0111\u1ea1p n\u1eeda ch\u1eebng.<\/p>\n<\/div>\n<div class=\"col-xs-12 col-sm-4\">\n<p><img loading=\"lazy\" decoding=\"async\" class=\" wp-image-11235 aligncenter\" src=\"https:\/\/anpiano.com\/wp-content\/uploads\/2023\/08\/z5264601265883_d4a3dcc5d3981b7030196dd6fadc54af-300x225.jpg\" alt=\"AvantGrand Yamaha N3\" width=\"599\" height=\"449\" srcset=\"https:\/\/anpiano.com\/wp-content\/uploads\/2023\/08\/z5264601265883_d4a3dcc5d3981b7030196dd6fadc54af-300x225.jpg 300w, https:\/\/anpiano.com\/wp-content\/uploads\/2023\/08\/z5264601265883_d4a3dcc5d3981b7030196dd6fadc54af-1024x768.jpg 1024w, https:\/\/anpiano.com\/wp-content\/uploads\/2023\/08\/z5264601265883_d4a3dcc5d3981b7030196dd6fadc54af-768x576.jpg 768w, https:\/\/anpiano.com\/wp-content\/uploads\/2023\/08\/z5264601265883_d4a3dcc5d3981b7030196dd6fadc54af-1536x1152.jpg 1536w, https:\/\/anpiano.com\/wp-content\/uploads\/2023\/08\/z5264601265883_d4a3dcc5d3981b7030196dd6fadc54af-2048x1536.jpg 2048w, https:\/\/anpiano.com\/wp-content\/uploads\/2023\/08\/z5264601265883_d4a3dcc5d3981b7030196dd6fadc54af-247x185.jpg 247w, https:\/\/anpiano.com\/wp-content\/uploads\/2023\/08\/z5264601265883_d4a3dcc5d3981b7030196dd6fadc54af-510x383.jpg 510w\" sizes=\"(max-width: 599px) 100vw, 599px\" \/><\/p>\n<\/div>\n<div class=\"col-xs-12 col-sm-12\">\n<h3>\u00c2m thanh AvantGrand Yamaha N3<\/h3>\n<\/div>\n<div class=\"col-xs-12 col-sm-8\">\n<p class=\"text-info\">V\u1edbi s\u1ef1 ra \u0111\u1eddi c\u1ee7a AvantGrand Yamaha N3, Yamaha \u0111\u00e3 kh\u01a1i m\u00e0o m\u1ed9t cu\u1ed9c c\u00e1ch m\u1ea1ng trong c\u00e1ch ti\u1ebfp c\u1eadn ghi m\u1eabu v\u00e0 ph\u00e1t l\u1ea1i c\u00e1c n\u1ed1t c\u1ee7a \u0111\u00e0n piano acoustic th\u1ef1c t\u1ebf. \u0110\u1ed1i x\u1eed v\u1edbi soundboard kh\u00f4ng ch\u1ec9 \u0111\u01a1n gi\u1ea3n l\u00e0 m\u1ed9t ngu\u1ed3n \u00e2m thanh \u0111i\u1ec3m m\u00e0 c\u00f2n l\u00e0 m\u1ed9t m\u1eb7t ph\u1eb3ng, ch\u00fang t\u00f4i \u0111\u00e3 l\u1ea5y m\u1eabu \u1edf b\u1ed1n v\u1ecb tr\u00ed, b\u1ed5 sung c\u00e1c v\u1ecb tr\u00ed trung t\u00e2m v\u00e0 ph\u00eda sau t\u1ed1i \u01b0u cho b\u00ean tr\u00e1i v\u00e0 b\u00ean ph\u1ea3i truy\u1ec1n th\u1ed1ng.<\/p>\n<p><img loading=\"lazy\" decoding=\"async\" class=\" wp-image-11230 aligncenter\" src=\"https:\/\/anpiano.com\/wp-content\/uploads\/2023\/08\/z5264601239703_dc259b48abb812ff9bc112b826cfa1d8-300x225.jpg\" alt=\"AvantGrand Yamaha N3\" width=\"638\" height=\"479\" srcset=\"https:\/\/anpiano.com\/wp-content\/uploads\/2023\/08\/z5264601239703_dc259b48abb812ff9bc112b826cfa1d8-300x225.jpg 300w, https:\/\/anpiano.com\/wp-content\/uploads\/2023\/08\/z5264601239703_dc259b48abb812ff9bc112b826cfa1d8-1024x768.jpg 1024w, https:\/\/anpiano.com\/wp-content\/uploads\/2023\/08\/z5264601239703_dc259b48abb812ff9bc112b826cfa1d8-768x576.jpg 768w, https:\/\/anpiano.com\/wp-content\/uploads\/2023\/08\/z5264601239703_dc259b48abb812ff9bc112b826cfa1d8-1536x1152.jpg 1536w, https:\/\/anpiano.com\/wp-content\/uploads\/2023\/08\/z5264601239703_dc259b48abb812ff9bc112b826cfa1d8-2048x1536.jpg 2048w, https:\/\/anpiano.com\/wp-content\/uploads\/2023\/08\/z5264601239703_dc259b48abb812ff9bc112b826cfa1d8-247x185.jpg 247w, https:\/\/anpiano.com\/wp-content\/uploads\/2023\/08\/z5264601239703_dc259b48abb812ff9bc112b826cfa1d8-510x383.jpg 510w\" sizes=\"(max-width: 638px) 100vw, 638px\" \/><\/p>\n<p class=\"text-info\">L\u00e0 m\u1ed9t ngu\u1ed3n \u00e2m thanh, ch\u00fang t\u00f4i \u0111\u00e3 c\u1ea9n th\u1eadn ch\u1ecdn nh\u1ea1c c\u1ee5 \u0111\u01a1n l\u1ebb t\u1ed1t nh\u1ea5t trong s\u1ed1 nh\u1eefng c\u00e2y \u0111\u1ea1i d\u01b0\u01a1ng c\u1ea7m d\u00e0nh cho bu\u1ed5i h\u00f2a nh\u1ea1c \u0111\u1ea7y \u0111\u1ee7 CFIIIS c\u1ee7a ch\u00fang t\u00f4i \u0111\u1ec3 l\u1ea5y m\u1eabu. K\u1ebft qu\u1ea3 cu\u1ed1i c\u00f9ng c\u1ee7a nh\u1eefng n\u1ed7 l\u1ef1c n\u00e0y l\u00e0 c\u00e1c nh\u1ea1c c\u1ee5 thu\u1ed9c d\u00f2ng AvantGrand Yamaha N3 t\u00e1i t\u1ea1o \u00e2m thanh g\u1ed1c c\u1ee7a m\u1ed9t c\u00e2y \u0111\u1ea1i d\u01b0\u01a1ng c\u1ea7m si\u00eau h\u1ea1ng g\u1ea7n nh\u01b0 ho\u00e0n h\u1ea3o. T<\/p>\n<p class=\"text-info\">rong khi \u0111\u00f3, h\u1ec7 th\u1ed1ng loa c\u1ee7a AvantGrand Yamaha N3 \u0111\u01b0\u1ee3c thi\u1ebft k\u1ebf \u0111\u1ec3 \u0111\u1ea3m b\u1ea3o \u00e2m thanh n\u00e0y \u0111\u01b0\u1ee3c nghe r\u00f5 nh\u1ea5t t\u1ea1i v\u1ecb tr\u00ed ch\u01a1i. M\u1ed9t h\u1ec7 th\u1ed1ng ba chi\u1ec1u c\u00f3 loa tr\u1ea7m, loa trung v\u00e0 loa tweeter t\u00e1i t\u1ea1o ch\u00ednh x\u00e1c \u00e2m vang t\u1ef1 nhi\u00ean phong ph\u00fa c\u1ee7a th\u00f9ng c\u1ed9ng h\u01b0\u1edfng. H\u01a1n n\u1eefa, m\u1ed7i d\u1ea3i t\u1ea7n s\u1ed1 th\u1ea5p, trung b\u00ecnh v\u00e0 cao \u0111\u1ec1u \u0111\u01b0\u1ee3c cung c\u1ea5p b\u1ed9 khu\u1ebfch \u0111\u1ea1i ri\u00eang \u0111\u1ec3 tr\u00e1nh nhi\u1ec5u gi\u1eefa c\u00e1c d\u1ea3i t\u1ea7n.<\/p>\n<p class=\"text-info\">C\u1ea5u h\u00ecnh s\u00e1ng t\u1ea1o n\u00e0y cho ph\u00e9p h\u1ec7 th\u1ed1ng \u00e2m thanh n\u1ed5i b\u1eadt c\u1ee7a nh\u1ea1c c\u1ee5 t\u00e1i t\u1ea1o c\u00e1c s\u1eafc th\u00e1i c\u1ee7a t\u1eebng n\u1ed1t nh\u1ea1c ri\u00eang l\u1ebb. \u0110\u1ec3 c\u00f3 \u0111\u1ed9 ch\u00ednh x\u00e1c \u00e2m thanh cao h\u01a1n n\u1eefa, c\u00e1c loa c\u1ee7a N3 sao ch\u00e9p c\u00e1c v\u1ecb tr\u00ed l\u1ea5y m\u1eabu ban \u0111\u1ea7u, trong khi N1 v\u00e0 N2 c\u00f3 b\u1ed1 c\u1ee5c loa \u0111\u01b0\u1ee3c t\u1ed1i \u01b0u h\u00f3a cho k\u00edch th\u01b0\u1edbc c\u1ee7a nh\u1ea1c c\u1ee5.<\/p>\n<\/div>\n<div class=\"col-xs-12 col-sm-8\">\n<p class=\"text-info\">Ngo\u00e0i c\u00e1c loa \u0111a k\u00eanh b\u1ed1n k\u00eanh, AvantGrand c\u00f2n c\u00f3 &#8220;B\u1ed9 c\u1ed9ng h\u01b0\u1edfng Soundboard&#8221; m\u00e0n h\u00ecnh ph\u1eb3ng, n\u01a1i \u0111\u1eb7t gi\u00e1 nh\u1ea1c khi \u0111\u1eb7t ph\u1eb3ng, cho ph\u00e9p t\u00e1i t\u1ea1o tinh t\u1ebf h\u01a1n s\u1ef1 t\u00edch t\u1ee5 \u00e2m thanh m\u00e0 ngh\u1ec7 s\u0129 piano c\u1ea3m nh\u1eadn \u0111\u01b0\u1ee3c khi ch\u01a1i m\u1ed9t c\u00e2y \u0111\u1ea1i d\u01b0\u01a1ng c\u1ea7m. \u0111\u00e0n piano. B\u1ed9 t\u1ea1o dao \u0111\u1ed9ng \u0111\u01b0\u1ee3c g\u1ecdi l\u00e0 &#8220;\u0111\u1ea7u d\u00f2&#8221; truy\u1ec1n rung \u0111\u1ed9ng \u0111\u1ebfn b\u1ea3ng c\u1ed9ng h\u01b0\u1edfng \u00e2m ph\u1eb3ng, mang l\u1ea1i ph\u1ea3n h\u1ed3i \u00e2m thanh trung th\u1ef1c, \u0111\u1eb7c bi\u1ec7t r\u00f5 r\u00e0ng \u1edf d\u1ea3i cao h\u01a1n. (Ch\u1ec9 d\u00e0nh cho N3.)<\/p>\n<\/div>\n<div class=\"col-xs-12 col-sm-8\">\n<p class=\"text-info\">\u00c2m thanh c\u1ee7a m\u1ed9t c\u00e2y \u0111\u00e0n piano acoustic vang v\u1ecdng kh\u1eafp to\u00e0n b\u1ed9 c\u01a1 th\u1ec3 c\u1ee7a n\u00f3.\u00a0D\u1ea3i \u00e2m tr\u1ea7m n\u00f3i ri\u00eang l\u00e0 m\u1ed9t ph\u1ea7n thi\u1ebft y\u1ebfu c\u1ee7a \u00e2m vang \u0111\u01b0\u1ee3c truy\u1ec1n li\u00ean t\u1ee5c \u0111\u1ebfn c\u01a1 th\u1ec3 ng\u01b0\u1eddi ch\u01a1i.\u00a0Trong AvantGrand, \u0111i\u1ec1u n\u00e0y \u0111\u01b0\u1ee3c sao ch\u00e9p b\u1edfi H\u1ec7 th\u1ed1ng ph\u1ea3n h\u1ed3i x\u00fac gi\u00e1c (TRS) m\u1edbi \u0111\u01b0\u1ee3c ph\u00e1t tri\u1ec3n c\u1ee7a ch\u00fang t\u00f4i, t\u1eadp trung v\u00e0o vi\u1ec7c t\u00e1i t\u1ea1o \u00e2m vang.<\/p>\n<p class=\"text-info\">H\u1ec7 th\u1ed1ng n\u00e0y c\u00f3 hai b\u1ed9 chuy\u1ec3n \u0111\u1ed5i trong th\u00f9ng \u0111\u00e0n, khu v\u1ef1c b\u00ean d\u01b0\u1edbi b\u00e0n ph\u00edm, t\u1ea1o ra \u00e2m vang t\u1ef1 nhi\u00ean trong to\u00e0n b\u1ed9 nh\u1ea1c c\u1ee5.\u00a0Ng\u01b0\u1eddi ch\u01a1i nh\u1eadn \u0111\u01b0\u1ee3c c\u1ea3m gi\u00e1c \u00e2m thanh t\u1ef1 nhi\u00ean t\u1eeb b\u00e0n tay ch\u1ea1m v\u00e0o b\u00e0n ph\u00edm v\u00e0 b\u00e0n ch\u00e2n nh\u1ea5n b\u00e0n \u0111\u1ea1p;\u00a0h\u00ecnh \u1ea3nh thu nh\u1ecf c\u1ee7a ch\u01a1i piano th\u1ef1c s\u1ef1.\u00a0H\u1ec7 th\u1ed1ng n\u00e0y c\u00f3 th\u1ec3 \u0111\u01b0\u1ee3c b\u1eadt v\u00e0 t\u1eaft v\u00e0 \u0111\u1ed9 rung \u0111\u01b0\u1ee3c \u0111\u1eb7t \u1edf m\u1ed9t trong ba c\u1ea5p \u0111\u1ed9.<\/p>\n<\/div>\n<p><a href=\"https:\/\/www.facebook.com\/Anpiano.hanoi\" target=\"_blank\" rel=\"noopener\">T\u01b0 v\u1ea5n v\u00e0 ch\u1ecdn mua s\u1ea3n\u00a0ph\u1ea9m kh\u00e1c t\u1ea1i \u0111\u00e2y<\/a><\/p>\n<p><a href=\"http:\/\/thumuapiano.com\/\" target=\"_blank\" rel=\"noopener\">Ch\u00fang t\u00f4i nh\u1eadn thu mua Piano, h\u00e3y li\u00ean h\u1ec7 n\u1ebfu b\u1ea1n c\u00f3 nhu c\u1ea7u.<\/a><\/p>\n","protected":false},"excerpt":{"rendered":"<ul>\n<li>B\u1ea3o h\u00e0nh 24 th\u00e1ng\u00a0<a href=\"https:\/\/anpiano.com\/chinh-sach-bao-hanh\/\">xem th\u00eam<\/a><\/li>\n<li>Gh\u1ebf<\/li>\n<li>Jack tai nghe<\/li>\n<li>S\u00e1ch nh\u1ea1c<\/li>\n<li>\u0110\u1ed5i ngu\u1ed3n 220V<\/li>\n<li>Freeship HCM \u2013 HN \u2013 \u0110N\u00a0&#8211; NT &#8211; BMT<\/li>\n<li>Kh\u00f3a h\u1ecdc online<\/li>\n<\/ul>\n<p>AvantGrand Yamaha N3 &#8211; C\u00f4ng ngh\u1ec7 \u0111\u01b0\u1ee3c c\u1ea3i ti\u1ebfn th\u00f4ng qua s\u1ef1 t\u01b0\u01a1ng t\u00e1c m\u1edbi gi\u1eefa k\u1ef9 thu\u1eadt s\u1ed1 v\u00e0 \u00e2m thanh;\u00a0c\u00f4ng ngh\u1ec7 \u0111\u01b0\u1ee3c \u0111\u00e1nh b\u00f3ng b\u1edfi m\u1ed1i quan h\u1ec7 m\u1edbi gi\u1eefa piano v\u00e0 ngh\u1ec7 s\u0129 piano.<\/p>\n","protected":false},"featured_media":11226,"comment_status":"open","ping_status":"closed","template":"","meta":[],"product_cat":[322],"product_tag":[474,566,1220,336,672,771,689,142,670,283,657,640,634],"class_list":{"0":"post-10195","1":"product","2":"type-product","3":"status-publish","4":"has-post-thumbnail","6":"product_cat-yamaha-grand","7":"product_tag-an-piano","8":"product_tag-anpiano","9":"product_tag-avantgrand-yamaha-n3","10":"product_tag-dan-co","11":"product_tag-dan-co-yamaha","12":"product_tag-dan-piano-co","13":"product_tag-dan-yamaha","14":"product_tag-piano","15":"product_tag-piano-cao-cap","16":"product_tag-piano-co","17":"product_tag-piano-co-yamaha","18":"product_tag-piano-den-bong","19":"product_tag-piano-yamaha","21":"first","22":"instock","23":"sale","24":"shipping-taxable","25":"purchasable","26":"product-type-simple"},"jetpack_sharing_enabled":true,"_links":{"self":[{"href":"https:\/\/anpiano.com\/index.php?rest_route=\/wp\/v2\/product\/10195"}],"collection":[{"href":"https:\/\/anpiano.com\/index.php?rest_route=\/wp\/v2\/product"}],"about":[{"href":"https:\/\/anpiano.com\/index.php?rest_route=\/wp\/v2\/types\/product"}],"replies":[{"embeddable":true,"href":"https:\/\/anpiano.com\/index.php?rest_route=%2Fwp%2Fv2%2Fcomments&post=10195"}],"version-history":[{"count":2,"href":"https:\/\/anpiano.com\/index.php?rest_route=\/wp\/v2\/product\/10195\/revisions"}],"predecessor-version":[{"id":14209,"href":"https:\/\/anpiano.com\/index.php?rest_route=\/wp\/v2\/product\/10195\/revisions\/14209"}],"wp:featuredmedia":[{"embeddable":true,"href":"https:\/\/anpiano.com\/index.php?rest_route=\/wp\/v2\/media\/11226"}],"wp:attachment":[{"href":"https:\/\/anpiano.com\/index.php?rest_route=%2Fwp%2Fv2%2Fmedia&parent=10195"}],"wp:term":[{"taxonomy":"product_cat","embeddable":true,"href":"https:\/\/anpiano.com\/index.php?rest_route=%2Fwp%2Fv2%2Fproduct_cat&post=10195"},{"taxonomy":"product_tag","embeddable":true,"href":"https:\/\/anpiano.com\/index.php?rest_route=%2Fwp%2Fv2%2Fproduct_tag&post=10195"}],"curies":[{"name":"wp","href":"https:\/\/api.w.org\/{rel}","templated":true}]}}