{"id":10210,"date":"2023-08-04T14:32:18","date_gmt":"2023-08-04T07:32:18","guid":{"rendered":"https:\/\/anpiano.com\/?post_type=product&#038;p=10210"},"modified":"2025-09-27T16:56:01","modified_gmt":"2025-09-27T09:56:01","slug":"kawai-ca-78","status":"publish","type":"product","link":"https:\/\/anpiano.com\/?product=kawai-ca-78","title":{"rendered":"Kawai CA 78A"},"content":{"rendered":"<h4><span style=\"font-size: 110%;\"><strong>Kawai CA 78<\/strong> v\u1edbi thi\u1ebft k\u1ebf d\u00e1ng \u0111\u00e0n upright nh\u1ecf g\u1ecdn, tinh t\u1ebf ph\u00f9 h\u1ee3p v\u1edbi m\u1ecdi kh\u00f4ng gian. Kawai CA 78 s\u1edf h\u1eefu \u00e2m thanh m\u1ea1nh m\u1ebd t\u1eeb d\u00f2ng grand concert Shigeru Kawai SK-EX l\u1eebng danh th\u1ebf gi\u1edbi v\u00e0 h\u1ec7 ph\u00edm lai c\u01a1 Grand Feel Compact (ti\u00ean ti\u1ebfn nh\u1ea5t th\u1ebf gi\u1edbi piano \u0111i\u1ec7n) mang \u0111\u1ebfn tr\u1ea3i nghi\u1ec7m tuy\u1ec7t v\u1eddi nh\u1ea5t tr\u00ean \u0111\u00e0n piano \u0111i\u1ec7n.\u00a0<\/span><\/h4>\n<p><span style=\"font-size: 110%;\"><img fetchpriority=\"high\" decoding=\"async\" class=\"dt-width-auto\" src=\"https:\/\/file.hstatic.net\/200000359259\/file\/piano-kawai-ca78-7_fa5588958b2c4ee885a2275b18f1ac62_grande.jpg\" width=\"600\" height=\"600\" \/><\/span><\/p>\n<p><span style=\"font-size: 110%;\"><strong>1. Mang tr\u1ea3i nghi\u1ec7m piano c\u01a1 ch\u00e2n th\u1eadt nh\u1ea5t<\/strong><\/span><br \/>\n<span style=\"font-size: 110%;\">Kawai \u0111\u00e3 ph\u00e1t tri\u1ec3n h\u1ec7 ph\u00edm Grand Feel II \u0111\u01b0\u1ee3c s\u1eed d\u1ee5ng tr\u00ean model Kawai CA 78 \u0111\u1ec3 m\u00f4 ph\u1ecfng c\u1ea3m gi\u00e1c \u0111\u1eb7c bi\u1ec7t khi \u0111\u00e0n tr\u00ean m\u1ed9t c\u00e2y \u0111\u1ea1i d\u01b0\u01a1ng c\u1ea7m (grand piano). V\u1edbi b\u1ed9 ba c\u1ea3m bi\u1ebfn l\u1ef1c v\u00e0 t\u1ed1c \u0111\u1ed9 ph\u00edm, Kawai CA 78 mang \u0111\u1ebfn tr\u1ea3i nghi\u1ec7m m\u01b0\u1ee3t m\u00e0 v\u00e0 ch\u00ednh x\u00e1c tuy\u1ec7t v\u1eddi, \u0111\u00e1p \u1ee9ng nh\u1eefng k\u1ef9 thu\u1eadt piano kh\u00f3 nh\u1ea5t.<\/span><\/p>\n<p><span style=\"font-size: 110%;\">Gi\u1ed1ng nh\u01b0 b\u00faa \u0111\u00e0n piano c\u01a1, h\u1ec7 ph\u00edm Kawai CA 78\u00a0m\u00f4 ph\u1ecfng \u0111\u1ed9 n\u1eb7ng ph\u00edm gi\u1ea3m d\u1ea7n v\u1ec1 ph\u00eda c\u00e1c n\u1ed1t cao b\u00ean ph\u1ea3i, c\u00f4ng ngh\u1ec7 Grand Feel II \u0111i\u1ec1u ch\u1ec9nh tr\u1ecdng l\u1ef1c ph\u00edm theo t\u1eebng khu v\u1ef1c t\u01b0\u01a1ng t\u1ef1 ph\u00edm grand. Ng\u01b0\u1eddi ch\u01a1i c\u00f3 kh\u1ea3 n\u0103ng th\u1ec3 hi\u1ec7n c\u00e1c k\u1ef9 thu\u1eadt t\u1eeb fortissimo (r\u1ea5t m\u1ea1nh) \u0111\u1ebfn pianissimo (r\u1ea5t nh\u1eb9) m\u1ed9t c\u00e1ch ho\u00e0n h\u1ea3o.<\/span><\/p>\n<p><span style=\"font-size: 110%;\"><strong>2. Progressive Harmonic Imaging mang \u0111\u1ebfn \u00e2m thanh grand piano tuy\u1ec7t \u0111\u1eb9p<\/strong><\/span><br \/>\n<span style=\"font-size: 110%;\">\u00c2m thanh piano tuy\u1ec7t v\u1eddi m\u00e0 b\u1ea1n nghe th\u1ea5y ch\u00ednh l\u00e0 \u00e2m thanh \u0111\u01b0\u1ee3c l\u1ea5y m\u1eabu t\u1ec9 m\u1ec9 c\u1ee7a \u0111\u00e0n grand concert Kawai Shigeru EX \u0111\u01b0\u1ee3c s\u1ea3n xu\u1ea5t th\u1ee7 c\u00f4ng (limited edition), v\u1edbi t\u1ea5t c\u1ea3 88 ph\u00edm \u0111\u01b0\u1ee3c ghi l\u1ea1i m\u1ed9t c\u00e1ch t\u1ec9 m\u1ec9 v\u00e0 \u0111\u01b0\u1ee3c t\u00e1i t\u1ea1o m\u1ed9t c\u00e1ch trung th\u1ef1c b\u1eb1ng c\u00f4ng ngh\u1ec7 x\u1eed l\u00fd \u00e2m thanh Progressive Harmonic Imaging \u0111\u1ed9c quy\u1ec1n Kawai.<\/span><\/p>\n<p><span style=\"font-size: 110%;\">\u00c2m thanh tr\u00ean Kawai CA 78 t\u00e1i t\u1ea1o ch\u00ednh x\u00e1c \u0111\u1ed9 m\u1ea1nh nh\u1eb9 ph\u00edm t\u1eeb ppp \u0111\u1ebfn fff, \u0111i\u1ec1u n\u00e0y r\u1ea5t \u00edt d\u00f2ng \u0111\u00e0n piano \u0111i\u1ec7n c\u00f3 th\u1ec3 l\u00e0m \u0111\u01b0\u1ee3c. Ngo\u00e0i ra, Kawai CA 78 c\u00f2n b\u1ed5 sung th\u00eam nhi\u1ec1u \u00e2m s\u1eafc ch\u1ea5t l\u01b0\u1ee3ng cao nh\u01b0 piano \u0111i\u1ec7n, organ, rung, harpsichord, h\u1ee3p x\u01b0\u1edbng, v.v.<\/span><\/p>\n<p><span style=\"font-size: 110%;\">Ng\u01b0\u1eddi ch\u01a1i \u0111\u01b0\u1ee3c tr\u1ea3i nghi\u1ec7m \u00e2m thanh ho\u00e0n h\u1ea3o c\u1ee7a d\u00f2ng Grand Concert Shigeru SK-EX l\u1eebng danh tr\u00ean \u0111\u00e0n piano \u0111i\u1ec7n Kawai CA 78, \u0111i\u1ec1u m\u00e0 kh\u00f3 c\u00f3 h\u00e3ng piano \u0111i\u1ec7n n\u00e0o l\u00e0m \u0111\u01b0\u1ee3c. Kawai s\u1eed d\u1ee5ng c\u00f4ng ngh\u1ec7 l\u1ea5y m\u1eabu \u0111\u1ed9 ph\u00e2n gi\u1ea3i cao c\u00f9ng c\u00f4ng ngh\u1ec7 x\u1eed l\u00fd \u00e2m thanh hi\u1ec7n \u0111\u1ea1i nh\u1ea5t gi\u00fap t\u00e1i t\u1ea1o \u00e2m thanh ch\u00e2n th\u1eadt nh\u1ea5t, \u00e2m tr\u1ea7m m\u1ea1nh m\u1ebd r\u1ec1n vang.<\/span><\/p>\n<p><span style=\"font-size: 110%;\"><strong>3. C\u00f4ng ngh\u1ec7 l\u1ea5y m\u1eabu m\u1edf r\u1ed9ng (HI-XL)<\/strong><\/span><br \/>\n<span style=\"font-size: 110%;\">M\u1edf r\u1ed9ng ph\u1ea7n \u0111u\u00f4i m\u1eabu \u00e2m thanh th\u00eam 120% mang \u0111\u1ebfn \u00e2m thanh chi ti\u1ebft h\u01a1n, l\u00e0m r\u00f5 h\u01a1n c\u00e1c chi ti\u1ebft t\u1ef1 nhi\u00ean v\u00e0 \u0111\u1eb7c \u0111i\u1ec3m c\u1ed9ng h\u01b0\u1edfng c\u1ee7a t\u1eebng n\u1ed1t nh\u1ea1c, \u0111\u1ed3ng th\u1eddi c\u1ea3i thi\u1ec7n ch\u1ea5t l\u01b0\u1ee3ng \u00e2m thanh g\u1ed1c c\u1ee7a nh\u1ea1c c\u1ee5 l\u1ea5y m\u1eabu.<\/span><\/p>\n<p><span style=\"font-size: 110%;\"><strong>4. K\u1ebft n\u1ed1i Bluetooth v\u1edbi App Virtual Technician<\/strong><\/span><br \/>\n<span style=\"font-size: 110%;\">\u0110\u00e0n piano \u0111i\u1ec7n Kawai CA 78 t\u00edch h\u1ee3p t\u00ednh n\u0103ng k\u1ebft n\u1ed1i Bluetooth (kh\u00f4ng d\u00e2y) t\u01b0\u01a1ng th\u00edch v\u1edbi App Virtual Technician cung c\u1ea5p c\u00e1c b\u00e0i t\u1eadp piano t\u1eeb c\u01a1 b\u1ea3n \u0111\u1ebfn n\u00e2ng cao, \u0111i\u1ec1u ch\u1ec9nh ch\u1ee9c n\u0103ng \u0111\u00e0n, \u0111\u1ecdc file midi v\u00e0 ph\u00e1t nh\u1ea1c kh\u00f4ng d\u00e2y.<\/span><\/p>\n<p><span style=\"font-size: 110%;\"><strong>5. C\u00e1 nh\u00e2n ho\u00e1 \u00e2m thanh piano<\/strong><\/span><br \/>\n<span style=\"font-size: 110%;\">Kawai CA 78 cho ph\u00e9p \u0111i\u1ec1u ch\u1ec9nh \u0111\u1ed9 n\u1eb7ng ph\u00edm \u0111\u1ed3ng th\u1eddi t\u00edch h\u1ee3p kh\u1ea3 n\u0103ng Voicing Piano (tu\u1ef3 ch\u1ec9nh \u00e2m thanh s\u00e1ng ho\u1eb7c \u1ea5m h\u01a1n) \u0111\u1ec3 ph\u00f9 h\u1ee3p v\u1edbi t\u1eebng th\u1ebf lo\u1ea1i nh\u1ea1c \u0111\u01b0\u1ee3c ch\u01a1i. Kawai c\u00f2n m\u1edf r\u1ed9ng th\u1ebfm t\u00ednh n\u0103ng \u0111i\u1ec1u ch\u1ec9nh n\u00e2ng cao nh\u01b0 : \u00e2m thanh nh\u1ea5c ph\u00edm, \u0111\u1ed9 c\u1ed9ng h\u01b0\u1edfng th\u00f9ng \u0111\u00e0n, \u0111\u1ed9 c\u0103ng d\u00e2y \u0111\u00e0n,&#8230;<\/span><\/p>\n<p><span style=\"font-size: 110%;\"><strong>6. Nu\u00f4i d\u01b0\u1ee1ng s\u1ef1 ph\u00e1t tri\u1ec3n c\u1ee7a m\u1ed9t ngh\u1ec7 s\u0129 piano<\/strong><\/span><br \/>\n<span style=\"font-size: 110%;\">\u0110\u00e0n piano \u0111i\u1ec7n Kawai CA 78 c\u1ee7a Kawai cho ph\u00e9p ghi \u00e2m 3 b\u00e0i h\u00e1t, cho ph\u00e9p b\u1ea1n ghi l\u1ea1i c\u00e1c m\u00e0n tr\u00ecnh di\u1ec5n c\u1ee7a m\u00ecnh v\u00e0o b\u1ed9 nh\u1edb trong v\u00e0 ph\u00e1t l\u1ea1i ch\u00fang ch\u1ec9 b\u1eb1ng m\u1ed9t n\u00fat b\u1ea5m. H\u01a1n n\u1eefa, c\u00f3 m\u1ed9t t\u00ednh n\u0103ng b\u00e0i h\u1ecdc th\u00fa v\u1ecb c\u00f3 th\u1ec3 t\u1ef1 h\u1ecdc piano b\u1eb1ng c\u00e1ch s\u1eed d\u1ee5ng b\u1ed9 s\u01b0u t\u1eadp etude t\u1eeb Czerny, Burgm\u00fcller v\u00e0 Beyer, c\u0169ng nh\u01b0 c\u00e1c b\u00e0i h\u00e1t t\u1eeb nh\u1eefng cu\u1ed1n s\u00e1ch kh\u00f3a h\u1ecdc n\u1ed5i ti\u1ebfng c\u1ee7a Alfred.<\/span><\/p>\n<p><span style=\"font-size: 110%;\">B\u1ea1n c\u00f3 th\u1ec3 th\u1ef1c h\u00e0nh c\u00e1c ph\u1ea7n tay tr\u00e1i v\u00e0 tay ph\u1ea3i ri\u00eang bi\u1ec7t, v\u00e0 \u0111i\u1ec1u ch\u1ec9nh t\u1ed1c \u0111\u1ed9 t\u1eadp \u0111\u1ec3 l\u00e0m ch\u1ee7 c\u00e1c \u0111o\u1ea1n kh\u00f3 h\u01a1n. Ch\u1ebf \u0111\u1ed9 k\u00e9p v\u00e0 b\u1ed1n tay (2 gi\u1eafc c\u1eafm tai nghe) cho ph\u00e9p b\u1ea1n c\u1ed9ng t\u00e1c v\u1edbi gi\u00e1o vi\u00ean ho\u1eb7c h\u00e1t song ca. H\u1ec7 th\u1ed1ng b\u00e0n \u0111\u1ea1p Grand Feel Grand Feel c\u1ee7a Kawai t\u00e1i t\u1ea1o c\u1ea3m gi\u00e1c v\u00e0 ch\u1ee9c n\u0103ng c\u1ee7a m\u1ed9t c\u00e2y \u0111\u00e0n ba ch\u00e2n \u0111\u00e0n piano th\u1ef1c th\u1ee5.<\/span><\/p>\n<p><span style=\"font-size: 110%;\"><strong>Video DEMO Piano Kawai CA 78<\/strong><\/span><\/p>\n<p class=\"youtube-embed-wrapper\"><iframe class=\"iframe-youtube-embed\" src=\"https:\/\/www.youtube.com\/embed\/a02wbpLwHpo\" width=\"640\" height=\"360\" frameborder=\"0\" data-src=\"https:\/\/www.youtube.com\/embed\/a02wbpLwHpo\" data-mce-fragment=\"1\"><\/iframe><\/p>\n<p><a href=\"https:\/\/www.facebook.com\/Anpiano.hanoi\" target=\"_blank\" rel=\"noopener\">T\u01b0 v\u1ea5n v\u00e0 ch\u1ecdn mua s\u1ea3n\u00a0ph\u1ea9m kh\u00e1c t\u1ea1i \u0111\u00e2y<\/a><\/p>\n<p><a href=\"http:\/\/thumuapiano.com\/\" target=\"_blank\" rel=\"noopener\">Ch\u00fang t\u00f4i nh\u1eadn thu mua Piano, h\u00e3y li\u00ean h\u1ec7 n\u1ebfu b\u1ea1n c\u00f3 nhu c\u1ea7u.<\/a><\/p>\n","protected":false},"excerpt":{"rendered":"<ul>\n<li>B\u1ea3o h\u00e0nh 24 th\u00e1ng\u00a0<a href=\"https:\/\/anpiano.com\/chinh-sach-bao-hanh\/\">xem th\u00eam<\/a><\/li>\n<li>Gh\u1ebf<\/li>\n<li>Kh\u0103n ph\u1ee7 ph\u00edm<\/li>\n<li>\u0110\u1ed5i ngu\u1ed3n 220V<\/li>\n<li>Freeship HCM \u2013 HN \u2013 \u0110N\u00a0&#8211; NT &#8211; BMT<\/li>\n<li>Kh\u00f3a h\u1ecdc online<\/li>\n<\/ul>\n<p><span style=\"font-size: 110%;\"><strong>Kawai CA 78<\/strong><\/span> v\u1edbi thi\u1ebft k\u1ebf d\u00e1ng \u0111\u00e0n upright nh\u1ecf g\u1ecdn, tinh t\u1ebf ph\u00f9 h\u1ee3p v\u1edbi m\u1ecdi kh\u00f4ng gian. CA78 s\u1edf h\u1eefu \u00e2m thanh m\u1ea1nh m\u1ebd t\u1eeb d\u00f2ng grand concert Shigeru Kawai SK-EX l\u1eebng danh th\u1ebf gi\u1edbi v\u00e0 h\u1ec7 ph\u00edm lai c\u01a1 Grand Feel Compact (ti\u00ean ti\u1ebfn nh\u1ea5t th\u1ebf gi\u1edbi piano \u0111i\u1ec7n) mang \u0111\u1ebfn tr\u1ea3i nghi\u1ec7m tuy\u1ec7t v\u1eddi nh\u1ea5t tr\u00ean \u0111\u00e0n piano \u0111i\u1ec7n.<\/p>\n","protected":false},"featured_media":10213,"comment_status":"open","ping_status":"closed","template":"","meta":[],"product_cat":[17,132],"product_tag":[474,482,360,493,300,143,641,637,438],"class_list":{"0":"post-10210","1":"product","2":"type-product","3":"status-publish","4":"has-post-thumbnail","6":"product_cat-piano-dan-dien","7":"product_cat-ka-wai","8":"product_tag-an-piano","9":"product_tag-dan-dien","10":"product_tag-dan-piano","11":"product_tag-dan-piano-dien","12":"product_tag-kawai","13":"product_tag-piano-dien","14":"product_tag-piano-gia-re","15":"product_tag-piano-kawai","16":"product_tag-pianodien","18":"first","19":"instock","20":"sale","21":"shipping-taxable","22":"purchasable","23":"product-type-simple"},"jetpack_sharing_enabled":true,"_links":{"self":[{"href":"https:\/\/anpiano.com\/index.php?rest_route=\/wp\/v2\/product\/10210"}],"collection":[{"href":"https:\/\/anpiano.com\/index.php?rest_route=\/wp\/v2\/product"}],"about":[{"href":"https:\/\/anpiano.com\/index.php?rest_route=\/wp\/v2\/types\/product"}],"replies":[{"embeddable":true,"href":"https:\/\/anpiano.com\/index.php?rest_route=%2Fwp%2Fv2%2Fcomments&post=10210"}],"version-history":[{"count":3,"href":"https:\/\/anpiano.com\/index.php?rest_route=\/wp\/v2\/product\/10210\/revisions"}],"predecessor-version":[{"id":14207,"href":"https:\/\/anpiano.com\/index.php?rest_route=\/wp\/v2\/product\/10210\/revisions\/14207"}],"wp:featuredmedia":[{"embeddable":true,"href":"https:\/\/anpiano.com\/index.php?rest_route=\/wp\/v2\/media\/10213"}],"wp:attachment":[{"href":"https:\/\/anpiano.com\/index.php?rest_route=%2Fwp%2Fv2%2Fmedia&parent=10210"}],"wp:term":[{"taxonomy":"product_cat","embeddable":true,"href":"https:\/\/anpiano.com\/index.php?rest_route=%2Fwp%2Fv2%2Fproduct_cat&post=10210"},{"taxonomy":"product_tag","embeddable":true,"href":"https:\/\/anpiano.com\/index.php?rest_route=%2Fwp%2Fv2%2Fproduct_tag&post=10210"}],"curies":[{"name":"wp","href":"https:\/\/api.w.org\/{rel}","templated":true}]}}