{"id":10683,"date":"2023-12-27T19:01:04","date_gmt":"2023-12-27T12:01:04","guid":{"rendered":"https:\/\/anpiano.com\/?post_type=product&#038;p=10683"},"modified":"2025-09-27T16:23:46","modified_gmt":"2025-09-27T09:23:46","slug":"yamaha-mx-303r-co-bo-tu-choi","status":"publish","type":"product","link":"https:\/\/anpiano.com\/?product=yamaha-mx-303r-co-bo-tu-choi","title":{"rendered":"Yamaha MX 303R (c\u00f3 b\u1ed9 t\u1ef1 ch\u01a1i)"},"content":{"rendered":"<h4 data-id=\"9ly1xDmkO1M\" data-src=\"https:\/\/www.youtube.com\/embed\/9ly1xDmkO1M\">\u0110\u00e0n piano Yamaha MX 303R \u0111\u01b0\u1ee3c nhi\u1ec1u ng\u01b0\u1eddi \u01b0a th\u00edch b\u1edfi v\u1ebb ngo\u00e0i c\u1ed5 \u0111i\u1ec3n, m\u00e0u g\u1ed7 sang tr\u1ecdng v\u00e0 \u00e2m thanh m\u01b0\u1ee3t m\u00e0 d\u1ef1a tr\u00ean c\u00f4ng ngh\u1ec7 s\u1ea3n xu\u1ea5t piano th\u1ebf h\u1ec7 m\u1edbi c\u1ee7a th\u01b0\u01a1ng hi\u1ec7u Yamaha<\/h4>\n<p><img fetchpriority=\"high\" decoding=\"async\" class=\"alignnone size-medium wp-image-11924\" src=\"https:\/\/anpiano.com\/wp-content\/uploads\/2023\/12\/b3ffd9113e139a4dc3026-300x225.jpg\" alt=\"Yamaha MX 303R\" width=\"300\" height=\"225\" srcset=\"https:\/\/anpiano.com\/wp-content\/uploads\/2023\/12\/b3ffd9113e139a4dc3026-300x225.jpg 300w, https:\/\/anpiano.com\/wp-content\/uploads\/2023\/12\/b3ffd9113e139a4dc3026-1024x768.jpg 1024w, https:\/\/anpiano.com\/wp-content\/uploads\/2023\/12\/b3ffd9113e139a4dc3026-768x576.jpg 768w, https:\/\/anpiano.com\/wp-content\/uploads\/2023\/12\/b3ffd9113e139a4dc3026-1536x1152.jpg 1536w, https:\/\/anpiano.com\/wp-content\/uploads\/2023\/12\/b3ffd9113e139a4dc3026-2048x1536.jpg 2048w, https:\/\/anpiano.com\/wp-content\/uploads\/2023\/12\/b3ffd9113e139a4dc3026-247x185.jpg 247w, https:\/\/anpiano.com\/wp-content\/uploads\/2023\/12\/b3ffd9113e139a4dc3026-510x383.jpg 510w\" sizes=\"(max-width: 300px) 100vw, 300px\" \/><\/p>\n<p>\u0110\u1eb7c bi\u1ec7t Yamaha MX 303R c\u00f2n \u0111i k\u00e8m h\u1ec7 th\u1ed1ng Disklavier do Yamaha s\u1ea3n xu\u1ea5t, l\u00e0 b\u1ed9 thu v\u00e0 ph\u00e1t nh\u1ea1c ngay tr\u00ean c\u00e2y \u0111\u00e0n piano. B\u1ea1n c\u00f3 th\u1ec3 luy\u1ec7n t\u1eadp c\u00e1c b\u1ea3n nh\u1ea1c tr\u00ean c\u00e2y \u0111\u00e0n n\u00e0y sau \u0111\u00f3 nghe l\u1ea1i b\u1ea3n nh\u1ea1c c\u1ee7a m\u00ecnh m\u1ed9t c\u00e1ch \u0111\u01a1n gi\u1ea3n.<\/p>\n<div data-id=\"9ly1xDmkO1M\" data-query=\"\" data-src=\"https:\/\/www.youtube.com\/embed\/9ly1xDmkO1M\"><img decoding=\"async\" class=\"alignnone size-medium wp-image-11872\" src=\"https:\/\/anpiano.com\/wp-content\/uploads\/2023\/12\/86ce032324598007d94837-300x225.jpg\" alt=\"Yamaha MX 303R\" width=\"300\" height=\"225\" srcset=\"https:\/\/anpiano.com\/wp-content\/uploads\/2023\/12\/86ce032324598007d94837-300x225.jpg 300w, https:\/\/anpiano.com\/wp-content\/uploads\/2023\/12\/86ce032324598007d94837-1024x768.jpg 1024w, https:\/\/anpiano.com\/wp-content\/uploads\/2023\/12\/86ce032324598007d94837-768x576.jpg 768w, https:\/\/anpiano.com\/wp-content\/uploads\/2023\/12\/86ce032324598007d94837-1536x1152.jpg 1536w, https:\/\/anpiano.com\/wp-content\/uploads\/2023\/12\/86ce032324598007d94837-2048x1536.jpg 2048w, https:\/\/anpiano.com\/wp-content\/uploads\/2023\/12\/86ce032324598007d94837-247x185.jpg 247w, https:\/\/anpiano.com\/wp-content\/uploads\/2023\/12\/86ce032324598007d94837-510x383.jpg 510w\" sizes=\"(max-width: 300px) 100vw, 300px\" \/><\/div>\n<div data-id=\"9ly1xDmkO1M\" data-query=\"\" data-src=\"https:\/\/www.youtube.com\/embed\/9ly1xDmkO1M\">\n<p><strong>Th\u00f4ng s\u1ed1 k\u1ef9 thu\u1eadt \u0111\u00e0n piano Yamaha MX303R :<\/strong><\/p>\n<table border=\"1\" cellspacing=\"0\" cellpadding=\"0\">\n<tbody>\n<tr>\n<td rowspan=\"3\">K\u00edch th\u01b0\u1edbc<\/td>\n<td>Chi\u1ec1u r\u1ed9ng<\/td>\n<td>150 cm<\/td>\n<\/tr>\n<tr>\n<td>Chi\u1ec1u cao<\/td>\n<td>126 cm<\/td>\n<\/tr>\n<tr>\n<td>Chi\u1ec1u ngang<\/td>\n<td>61 cm<\/td>\n<\/tr>\n<tr>\n<td>Tr\u1ecdng l\u01b0\u1ee3ng<\/td>\n<td colspan=\"2\">234 kg<\/td>\n<\/tr>\n<tr>\n<td rowspan=\"2\">Ph\u00edm \u0111\u00e0n<\/td>\n<td>S\u1ed1 ph\u00edm \u0111\u00e0n<\/td>\n<td>88<\/td>\n<\/tr>\n<tr>\n<td>Ch\u1ea5t li\u1ec7u\u00a0 ph\u00edm<\/td>\n<td>Phenolic Resin<\/td>\n<\/tr>\n<tr>\n<td>Pedals<\/td>\n<td colspan=\"2\">Soft Pedal, Mute Pedal, Damper Pedal<\/td>\n<\/tr>\n<tr>\n<td>Nh\u00e0 s\u1ea3n xu\u1ea5t<\/td>\n<td colspan=\"2\">Yamaha<\/td>\n<\/tr>\n<\/tbody>\n<\/table>\n<h3>Video test ch\u1ee9c n\u0103ng v\u00e0 \u00e2m thanh Yamaha MX 303R :<\/h3>\n<p><iframe title=\"Auto play piano |Yamaha MX-303R| Cover - C\u00f3 ch\u00e0ng trai vi\u1ebft l\u00ean c\u00e2y | Phan M\u1ea1nh Qu\u1ef3nh .\" width=\"1020\" height=\"765\" src=\"https:\/\/www.youtube.com\/embed\/eNp-7OqNnyM?feature=oembed\" frameborder=\"0\" allow=\"accelerometer; autoplay; clipboard-write; encrypted-media; gyroscope; picture-in-picture; web-share\" referrerpolicy=\"strict-origin-when-cross-origin\" allowfullscreen><\/iframe><\/p>\n<\/div>\n<div data-id=\"9ly1xDmkO1M\" data-query=\"\" data-src=\"https:\/\/www.youtube.com\/embed\/9ly1xDmkO1M\"><a href=\"https:\/\/www.facebook.com\/Anpiano.hanoi\" target=\"_blank\" rel=\"noopener\">T\u01b0 v\u1ea5n v\u00e0 ch\u1ecdn mua s\u1ea3n ph\u1ea9m kh\u00e1c t\u1ea1i \u0111\u00e2y<\/a><\/div>\n<div data-id=\"9ly1xDmkO1M\" data-query=\"\" data-src=\"https:\/\/www.youtube.com\/embed\/9ly1xDmkO1M\"><a href=\"http:\/\/thumuapiano.com\/\" target=\"_blank\" rel=\"noopener\">Ch\u00fang t\u00f4i nh\u1eadn thu mua Piano, h\u00e3y li\u00ean h\u1ec7 n\u1ebfu b\u1ea1n c\u00f3 nhu c\u1ea7u.<\/a><\/div>\n","protected":false},"excerpt":{"rendered":"<ul>\n<li>B\u1ea3o h\u00e0nh 10 n\u0103m\u00a0<a href=\"https:\/\/anpiano.com\/chinh-sach-bao-hanh\/\">xem th\u00eam<\/a><\/li>\n<li>Gh\u1ebf<\/li>\n<li>Kh\u0103n ph\u1ee7 ph\u00edm<\/li>\n<li>Kh\u0103n ph\u1ee7 \u0111\u00e0n<\/li>\n<li>\u1ed0ng s\u1ea5y<\/li>\n<li>Freeship HCM \u2013 HN \u2013 \u0110N &#8211; NT &#8211; BMT<\/li>\n<li>Kh\u00f3a h\u1ecdc online<br \/>\n\u0110\u00e0n piano c\u01a1 Yamaha MX 303R \u0111\u00e2y l\u00e0 m\u1ed9t chi\u1ebfc \u0111\u00e0n Upright tuy\u1ec7t \u0111\u1eb9p \u00e2m thanh hay r\u1ea5t ph\u00f9 h\u1ee3p v\u00e0 l\u00e0m sang tr\u1ecdng kh\u00f4ng gian nh\u00e0 b\u1ea1n<\/li>\n<\/ul>\n","protected":false},"featured_media":11925,"comment_status":"open","ping_status":"closed","template":"","meta":[],"product_cat":[125,326],"product_tag":[1262,1263],"class_list":{"0":"post-10683","1":"product","2":"type-product","3":"status-publish","4":"has-post-thumbnail","6":"product_cat-piano-upright","7":"product_cat-yamaha-upright","8":"product_tag-mx-303r","9":"product_tag-yamaha-mx-303r","11":"first","12":"instock","13":"sale","14":"shipping-taxable","15":"purchasable","16":"product-type-simple"},"jetpack_sharing_enabled":true,"_links":{"self":[{"href":"https:\/\/anpiano.com\/index.php?rest_route=\/wp\/v2\/product\/10683"}],"collection":[{"href":"https:\/\/anpiano.com\/index.php?rest_route=\/wp\/v2\/product"}],"about":[{"href":"https:\/\/anpiano.com\/index.php?rest_route=\/wp\/v2\/types\/product"}],"replies":[{"embeddable":true,"href":"https:\/\/anpiano.com\/index.php?rest_route=%2Fwp%2Fv2%2Fcomments&post=10683"}],"version-history":[{"count":6,"href":"https:\/\/anpiano.com\/index.php?rest_route=\/wp\/v2\/product\/10683\/revisions"}],"predecessor-version":[{"id":14145,"href":"https:\/\/anpiano.com\/index.php?rest_route=\/wp\/v2\/product\/10683\/revisions\/14145"}],"wp:featuredmedia":[{"embeddable":true,"href":"https:\/\/anpiano.com\/index.php?rest_route=\/wp\/v2\/media\/11925"}],"wp:attachment":[{"href":"https:\/\/anpiano.com\/index.php?rest_route=%2Fwp%2Fv2%2Fmedia&parent=10683"}],"wp:term":[{"taxonomy":"product_cat","embeddable":true,"href":"https:\/\/anpiano.com\/index.php?rest_route=%2Fwp%2Fv2%2Fproduct_cat&post=10683"},{"taxonomy":"product_tag","embeddable":true,"href":"https:\/\/anpiano.com\/index.php?rest_route=%2Fwp%2Fv2%2Fproduct_tag&post=10683"}],"curies":[{"name":"wp","href":"https:\/\/api.w.org\/{rel}","templated":true}]}}