{"id":10706,"date":"2023-12-30T12:27:18","date_gmt":"2023-12-30T05:27:18","guid":{"rendered":"https:\/\/anpiano.com\/?post_type=product&#038;p=10706"},"modified":"2025-09-27T16:23:11","modified_gmt":"2025-09-27T09:23:11","slug":"yamaha-hq300-co-bo-tu-choi","status":"publish","type":"product","link":"https:\/\/anpiano.com\/?product=yamaha-hq300-co-bo-tu-choi","title":{"rendered":"Yamaha HQ300 (c\u00f3 b\u1ed9 t\u1ef1 ch\u01a1i)"},"content":{"rendered":"<h4>\u0110a\u0300n piano c\u01a1 <strong>Yamaha HQ300<\/strong>\u00a0l\u00e0 model ph\u1ed5 bi\u1ebfn \u0111\u01b0\u1ee3c \u01b0a chu\u1ed9ng trong d\u00f2ng \u201cPiano Player\u201d c\u1ee7a Yamaha, v\u01a1\u0301i ch\u01b0\u0301c n\u0103ng t\u01b0\u0323 ch\u01a1i, \u0111a\u0300n c\u00f3 th\u1ec3 ch\u01a1i piano t\u1ef1 \u0111\u1ed9ng b\u01a1\u0309i giai \u0111i\u1ec7u \u1ea5m \u00e1p. \u0110\u01b0\u1ee3c s\u1ea3n xu\u1ea5t v\u00e0o kho\u1ea3ng th\u1eddi gian 1992 \u2013 1994, k\u1ebf th\u1eeba nh\u1eefng \u01b0u vi\u1ec7t t\u1eeb th\u1ebf h\u1ec7 tr\u01b0\u1edbc v\u00e0 ph\u00e1t tri\u1ec3n th\u00eam nh\u1eefng t\u00ednh n\u0103ng m\u1edbi hi\u1ec7n \u0111\u1ea1i.<\/h4>\n<p><img fetchpriority=\"high\" decoding=\"async\" class=\"alignnone size-medium wp-image-10707\" src=\"https:\/\/anpiano.com\/wp-content\/uploads\/2023\/12\/z5023779621895_5f4fdcfa7a0195f394f0565891343a7a-300x225.jpg\" alt=\"Yamaha HQ300\" width=\"300\" height=\"225\" srcset=\"https:\/\/anpiano.com\/wp-content\/uploads\/2023\/12\/z5023779621895_5f4fdcfa7a0195f394f0565891343a7a-300x225.jpg 300w, https:\/\/anpiano.com\/wp-content\/uploads\/2023\/12\/z5023779621895_5f4fdcfa7a0195f394f0565891343a7a-1024x768.jpg 1024w, https:\/\/anpiano.com\/wp-content\/uploads\/2023\/12\/z5023779621895_5f4fdcfa7a0195f394f0565891343a7a-768x576.jpg 768w, https:\/\/anpiano.com\/wp-content\/uploads\/2023\/12\/z5023779621895_5f4fdcfa7a0195f394f0565891343a7a-1536x1152.jpg 1536w, https:\/\/anpiano.com\/wp-content\/uploads\/2023\/12\/z5023779621895_5f4fdcfa7a0195f394f0565891343a7a-2048x1536.jpg 2048w, https:\/\/anpiano.com\/wp-content\/uploads\/2023\/12\/z5023779621895_5f4fdcfa7a0195f394f0565891343a7a-247x185.jpg 247w, https:\/\/anpiano.com\/wp-content\/uploads\/2023\/12\/z5023779621895_5f4fdcfa7a0195f394f0565891343a7a-510x382.jpg 510w\" sizes=\"(max-width: 300px) 100vw, 300px\" \/><\/p>\n<p>Yamaha HQ300\u00a0\u0111\u01b0\u1ee3c trang b\u1ecb c\u00f4ng ngh\u1ec7 t\u1ef1 ch\u01a1i, ghi \u00e2m qua h\u1ec7 th\u1ed1ng \u0111\u0129a m\u1ec1m v\u00e0 ch\u1ebf \u0111\u1ed9 y\u00ean l\u1eb7ng (\u0111eo tai nghe khi ch\u01a1i), h\u1ed7 tr\u1ee3 \u0111\u1eafc l\u1ef1c cho qu\u00e1 tr\u00ecnh luy\u1ec7n t\u1eadp v\u00e0 gi\u1ea3i tr\u00ed h\u00e0ng ng\u00e0y<\/p>\n<p><img decoding=\"async\" class=\"alignnone size-medium wp-image-10712\" src=\"https:\/\/anpiano.com\/wp-content\/uploads\/2023\/12\/z5023779653355_93ce6f74296e32ccb7c3114d1e8b8b0b-300x225.jpg\" alt=\"Yamaha HQ300\" width=\"300\" height=\"225\" srcset=\"https:\/\/anpiano.com\/wp-content\/uploads\/2023\/12\/z5023779653355_93ce6f74296e32ccb7c3114d1e8b8b0b-300x225.jpg 300w, https:\/\/anpiano.com\/wp-content\/uploads\/2023\/12\/z5023779653355_93ce6f74296e32ccb7c3114d1e8b8b0b-1024x768.jpg 1024w, https:\/\/anpiano.com\/wp-content\/uploads\/2023\/12\/z5023779653355_93ce6f74296e32ccb7c3114d1e8b8b0b-768x576.jpg 768w, https:\/\/anpiano.com\/wp-content\/uploads\/2023\/12\/z5023779653355_93ce6f74296e32ccb7c3114d1e8b8b0b-1536x1152.jpg 1536w, https:\/\/anpiano.com\/wp-content\/uploads\/2023\/12\/z5023779653355_93ce6f74296e32ccb7c3114d1e8b8b0b-2048x1536.jpg 2048w, https:\/\/anpiano.com\/wp-content\/uploads\/2023\/12\/z5023779653355_93ce6f74296e32ccb7c3114d1e8b8b0b-247x185.jpg 247w, https:\/\/anpiano.com\/wp-content\/uploads\/2023\/12\/z5023779653355_93ce6f74296e32ccb7c3114d1e8b8b0b-510x383.jpg 510w\" sizes=\"(max-width: 300px) 100vw, 300px\" \/><\/p>\n<p>B\u1ea3ng c\u1ed9ng h\u01b0\u1edfng c\u1ee7a\u00a0<strong>Yamaha<\/strong>\u00a0<strong>HQ300<\/strong>\u00a0\u0111\u01b0\u1ee3c ch\u1ebf t\u00e1c t\u1eeb g\u1ed7 v\u00e2n sam, m\u1ed9t lo\u1ea1i g\u1ed7 nh\u1eb9, c\u1ee9ng, \u0111\u1ed9 vang \u00e2m cao, \u0111\u01b0\u1ee3c s\u1eed d\u1ee5ng trong c\u00e1c m\u1eabu \u0111\u00e0n cao c\u1ea5p tr\u00ean to\u00e0n th\u1ebf gi\u1edbi.<\/p>\n<p><img decoding=\"async\" class=\"alignnone size-medium wp-image-10719\" src=\"https:\/\/anpiano.com\/wp-content\/uploads\/2023\/12\/z5023815537090_d69e0515ec5996231aca393f8271d4a4-300x225.jpg\" alt=\"\" width=\"300\" height=\"225\" srcset=\"https:\/\/anpiano.com\/wp-content\/uploads\/2023\/12\/z5023815537090_d69e0515ec5996231aca393f8271d4a4-300x225.jpg 300w, https:\/\/anpiano.com\/wp-content\/uploads\/2023\/12\/z5023815537090_d69e0515ec5996231aca393f8271d4a4-1024x768.jpg 1024w, https:\/\/anpiano.com\/wp-content\/uploads\/2023\/12\/z5023815537090_d69e0515ec5996231aca393f8271d4a4-768x576.jpg 768w, https:\/\/anpiano.com\/wp-content\/uploads\/2023\/12\/z5023815537090_d69e0515ec5996231aca393f8271d4a4-1536x1152.jpg 1536w, https:\/\/anpiano.com\/wp-content\/uploads\/2023\/12\/z5023815537090_d69e0515ec5996231aca393f8271d4a4-2048x1536.jpg 2048w, https:\/\/anpiano.com\/wp-content\/uploads\/2023\/12\/z5023815537090_d69e0515ec5996231aca393f8271d4a4-247x185.jpg 247w, https:\/\/anpiano.com\/wp-content\/uploads\/2023\/12\/z5023815537090_d69e0515ec5996231aca393f8271d4a4-510x383.jpg 510w\" sizes=\"(max-width: 300px) 100vw, 300px\" \/><\/p>\n<p>Khung \u0111\u00e0n \u0111\u01b0\u1ee3c l\u00e0m b\u1eb1ng kim lo\u1ea1i theo c\u00f4ng ngh\u1ec7 h\u00fat ch\u00e2n kh\u00f4ng V-pro gi\u00fap t\u0103ng \u0111\u1ed9 b\u1ec1n l\u00ean g\u1ea5p nhi\u1ec1u l\u1ea7n so v\u1edbi k\u0129 thu\u1eadt ch\u1ebf t\u00e1c truy\u1ec1n th\u1ed1ng.<\/p>\n<p><img loading=\"lazy\" decoding=\"async\" class=\"alignnone size-medium wp-image-10718\" src=\"https:\/\/anpiano.com\/wp-content\/uploads\/2023\/12\/z5023779672768_e422bbadab0e07ed24ad8087c3d70acb-300x225.jpg\" alt=\"Yamaha HQ300\" width=\"300\" height=\"225\" srcset=\"https:\/\/anpiano.com\/wp-content\/uploads\/2023\/12\/z5023779672768_e422bbadab0e07ed24ad8087c3d70acb-300x225.jpg 300w, https:\/\/anpiano.com\/wp-content\/uploads\/2023\/12\/z5023779672768_e422bbadab0e07ed24ad8087c3d70acb-1024x768.jpg 1024w, https:\/\/anpiano.com\/wp-content\/uploads\/2023\/12\/z5023779672768_e422bbadab0e07ed24ad8087c3d70acb-768x576.jpg 768w, https:\/\/anpiano.com\/wp-content\/uploads\/2023\/12\/z5023779672768_e422bbadab0e07ed24ad8087c3d70acb-1536x1152.jpg 1536w, https:\/\/anpiano.com\/wp-content\/uploads\/2023\/12\/z5023779672768_e422bbadab0e07ed24ad8087c3d70acb-2048x1536.jpg 2048w, https:\/\/anpiano.com\/wp-content\/uploads\/2023\/12\/z5023779672768_e422bbadab0e07ed24ad8087c3d70acb-247x185.jpg 247w, https:\/\/anpiano.com\/wp-content\/uploads\/2023\/12\/z5023779672768_e422bbadab0e07ed24ad8087c3d70acb-510x383.jpg 510w\" sizes=\"(max-width: 300px) 100vw, 300px\" \/><\/p>\n<p>&nbsp;<\/p>\n<p>V\u1edbi c\u00f4ng ngh\u1ec7 \u0111\u00f9n nh\u00f4m Aluminum Alloy Action Rails, b\u1ed9 c\u01a1 \u0111\u00e0n ho\u1ea1t \u0111\u1ed9ng linh ho\u1ea1t h\u01a1n v\u00e0 b\u1ec1n l\u00e2u h\u01a1n tr\u01b0\u1edbc \u0111i\u1ec1u ki\u1ec7n th\u1eddi ti\u1ebft kh\u1eafc nghi\u1ec7t.<\/p>\n<p>B\u00e0n ph\u00edm HQ300 v\u1edbi 88 ph\u00edm ti\u00eau chu\u1ea9n \u0111\u01b0\u1ee3c g\u1ecdt gi\u0169a b\u1eb1ng tay v\u1edbi s\u1ef1 chu\u1ea9n x\u00e1c g\u1ea7n nh\u01b0 tuy\u1ec7t \u0111\u1ed1i, tr\u1ea3i qua giai \u0111o\u1ea1n ki\u1ec3m tra nghi\u00eam ng\u1eb7t tr\u01b0\u1edbc khi \u0111\u01b0\u1ee3c ph\u1ee7 m\u1ed9t l\u1edbp s\u01a1n cao c\u1ea5p gi\u1ea3 ng\u00e0 voi.<\/p>\n<p><span style=\"font-size: 115%;\"><strong>Th\u00f4ng s\u1ed1 k\u1ef9 thu\u1eadt Yamaha HQ300 :<\/strong><\/span><\/p>\n<table id=\"tblGeneralAttribute\" class=\" table table-bordered\" cellspacing=\"0\">\n<tbody>\n<tr class=\"row-info\">\n<td>Th\u01b0\u01a1ng hi\u1ec7u<\/td>\n<td>YAMAHA<\/td>\n<\/tr>\n<tr class=\"row-info\">\n<td>Model<\/td>\n<td>HQ300<\/td>\n<\/tr>\n<tr class=\"row-info\">\n<td>B\u00e0n ph\u00edm<\/td>\n<td>88-ph\u00edm n\u1eb7ng,\u00a0ch\u1ea5t li\u1ec7u Phenolic Resin<\/td>\n<\/tr>\n<tr class=\"row-info\">\n<td>K\u00edch th\u01b0\u1edbc<\/td>\n<td>131cm x 152cm x 67cm<\/td>\n<\/tr>\n<tr class=\"row-info\">\n<td>Tr\u1ecdng l\u01b0\u1ee3ng<\/td>\n<td>242kg<\/td>\n<\/tr>\n<tr class=\"row-info\">\n<td>Pedal<\/td>\n<td>03 (pedal gi\u1ea3m \u00e2m, duy tr\u00ec \u00e2m, vang \u00e2m)<\/td>\n<\/tr>\n<tr class=\"row-info\">\n<td>Ch\u1ee9c n\u0103ng m\u1edbi<\/td>\n<td>\u0110\u00e0n \u0111\u01b0\u1ee3c trang b\u1ecb c\u00f4ng ngh\u1ec7 t\u1ef1 ch\u01a1i, ghi \u00e2m qua h\u1ec7 th\u1ed1ng \u0111\u0129a m\u1ec1m v\u00e0 ch\u1ebf \u0111\u1ed9 y\u00ean l\u1eb7ng (\u0111eo tai nghe khi ch\u01a1i), h\u1ed7 tr\u1ee3 \u0111\u1eafc l\u1ef1c cho qu\u00e1 tr\u00ecnh luy\u1ec7n t\u1eadp v\u00e0 gi\u1ea3i tr\u00ed h\u00e0ng ng\u00e0y<\/td>\n<\/tr>\n<tr class=\"row-info\">\n<td>Xu\u1ea5t x\u1ee9<\/td>\n<td>Nh\u1eadt B\u1ea3n<\/td>\n<\/tr>\n<\/tbody>\n<\/table>\n<div data-id=\"9ly1xDmkO1M\" data-query=\"\" data-src=\"https:\/\/www.youtube.com\/embed\/9ly1xDmkO1M\"><a href=\"https:\/\/www.facebook.com\/anpiano.saigon\" target=\"_blank\" rel=\"noopener\">T\u01b0 v\u1ea5n v\u00e0 ch\u1ecdn mua s\u1ea3n ph\u1ea9m kh\u00e1c t\u1ea1i \u0111\u00e2y<\/a><\/div>\n<div data-id=\"9ly1xDmkO1M\" data-query=\"\" data-src=\"https:\/\/www.youtube.com\/embed\/9ly1xDmkO1M\"><a href=\"http:\/\/thumuapiano.com\/\" target=\"_blank\" rel=\"noopener\">Ch\u00fang t\u00f4i nh\u1eadn thu mua Piano, h\u00e3y li\u00ean h\u1ec7 n\u1ebfu b\u1ea1n c\u00f3 nhu c\u1ea7u.<\/a><\/div>\n","protected":false},"excerpt":{"rendered":"<ul>\n<li>B\u1ea3o h\u00e0nh 10 n\u0103m\u00a0<a href=\"https:\/\/anpiano.com\/chinh-sach-bao-hanh\/\">xem th\u00eam<\/a><\/li>\n<li>Gh\u1ebf<\/li>\n<li>Kh\u0103n ph\u1ee7 ph\u00edm<\/li>\n<li>Kh\u0103n ph\u1ee7 \u0111\u00e0n<\/li>\n<li>\u1ed0ng s\u1ea5y<\/li>\n<li>Freeship HCM \u2013 HN \u2013 \u0110N &#8211; NT &#8211; BMT<\/li>\n<li>Kh\u00f3a h\u1ecdc online<\/li>\n<\/ul>\n","protected":false},"featured_media":10707,"comment_status":"open","ping_status":"closed","template":"","meta":[],"product_cat":[125,326],"product_tag":[1268,941,1269],"class_list":{"0":"post-10706","1":"product","2":"type-product","3":"status-publish","4":"has-post-thumbnail","6":"product_cat-piano-upright","7":"product_cat-yamaha-upright","8":"product_tag-hq-300","9":"product_tag-piano-co-tu-choi","10":"product_tag-yamaha-hq300","12":"first","13":"instock","14":"sale","15":"shipping-taxable","16":"purchasable","17":"product-type-simple"},"jetpack_sharing_enabled":true,"_links":{"self":[{"href":"https:\/\/anpiano.com\/index.php?rest_route=\/wp\/v2\/product\/10706"}],"collection":[{"href":"https:\/\/anpiano.com\/index.php?rest_route=\/wp\/v2\/product"}],"about":[{"href":"https:\/\/anpiano.com\/index.php?rest_route=\/wp\/v2\/types\/product"}],"replies":[{"embeddable":true,"href":"https:\/\/anpiano.com\/index.php?rest_route=%2Fwp%2Fv2%2Fcomments&post=10706"}],"version-history":[{"count":3,"href":"https:\/\/anpiano.com\/index.php?rest_route=\/wp\/v2\/product\/10706\/revisions"}],"predecessor-version":[{"id":14144,"href":"https:\/\/anpiano.com\/index.php?rest_route=\/wp\/v2\/product\/10706\/revisions\/14144"}],"wp:featuredmedia":[{"embeddable":true,"href":"https:\/\/anpiano.com\/index.php?rest_route=\/wp\/v2\/media\/10707"}],"wp:attachment":[{"href":"https:\/\/anpiano.com\/index.php?rest_route=%2Fwp%2Fv2%2Fmedia&parent=10706"}],"wp:term":[{"taxonomy":"product_cat","embeddable":true,"href":"https:\/\/anpiano.com\/index.php?rest_route=%2Fwp%2Fv2%2Fproduct_cat&post=10706"},{"taxonomy":"product_tag","embeddable":true,"href":"https:\/\/anpiano.com\/index.php?rest_route=%2Fwp%2Fv2%2Fproduct_tag&post=10706"}],"curies":[{"name":"wp","href":"https:\/\/api.w.org\/{rel}","templated":true}]}}