{"id":10720,"date":"2023-12-30T13:04:47","date_gmt":"2023-12-30T06:04:47","guid":{"rendered":"https:\/\/anpiano.com\/?post_type=product&#038;p=10720"},"modified":"2025-09-27T16:22:31","modified_gmt":"2025-09-27T09:22:31","slug":"yamaha-hq100sx-co-bo-tu-choi-va-silent","status":"publish","type":"product","link":"https:\/\/anpiano.com\/?product=yamaha-hq100sx-co-bo-tu-choi-va-silent","title":{"rendered":"Yamaha HQ100SX (c\u00f3 b\u1ed9 t\u1ef1 ch\u01a1i v\u00e0 silent)"},"content":{"rendered":"<h4>\u0110\u00e0n piano c\u01a1\u00a0<strong>Yamaha HQ100SX<\/strong>\u00a0l\u00e0 d\u00f2ng \u0111\u00e0n cao c\u1ea5p c\u1ee7a th\u01b0\u01a1ng hi\u1ec7u Yamaha s\u1ea3n xu\u1ea5t trong th\u1eddi \u0111i\u1ec3m cu\u1ed1i nh\u1eefng n\u0103m 1990 v\u00e0 \u0111\u1ea7u nh\u1eefng n\u0103m 2000, v\u1edbi c\u00e1c c\u00f4ng ngh\u1ec7 m\u1edbi nh\u1ea5t c\u00f9ng b\u1ed9 m\u00e1y \u0111i\u1ec7n t\u1eed \u0111\u1eb7c tr\u01b0ng h\u1ed7 tr\u1ee3 nhi\u1ec1u nhu c\u1ea7u thu, ph\u00e1t \u00e2m thanh nh\u1eb1m t\u0103ng hi\u1ec7u qu\u1ea3 t\u1eadp luy\u1ec7n.<\/h4>\n<p><img fetchpriority=\"high\" decoding=\"async\" class=\"alignnone size-medium wp-image-10723\" src=\"https:\/\/anpiano.com\/wp-content\/uploads\/2023\/12\/z5023839686375_427858d6251e3682005068f216061357-300x225.jpg\" alt=\"Yamaha HQ100SX\" width=\"300\" height=\"225\" srcset=\"https:\/\/anpiano.com\/wp-content\/uploads\/2023\/12\/z5023839686375_427858d6251e3682005068f216061357-300x225.jpg 300w, https:\/\/anpiano.com\/wp-content\/uploads\/2023\/12\/z5023839686375_427858d6251e3682005068f216061357-1024x768.jpg 1024w, https:\/\/anpiano.com\/wp-content\/uploads\/2023\/12\/z5023839686375_427858d6251e3682005068f216061357-768x576.jpg 768w, https:\/\/anpiano.com\/wp-content\/uploads\/2023\/12\/z5023839686375_427858d6251e3682005068f216061357-1536x1152.jpg 1536w, https:\/\/anpiano.com\/wp-content\/uploads\/2023\/12\/z5023839686375_427858d6251e3682005068f216061357-2048x1536.jpg 2048w, https:\/\/anpiano.com\/wp-content\/uploads\/2023\/12\/z5023839686375_427858d6251e3682005068f216061357-247x185.jpg 247w, https:\/\/anpiano.com\/wp-content\/uploads\/2023\/12\/z5023839686375_427858d6251e3682005068f216061357-510x383.jpg 510w\" sizes=\"(max-width: 300px) 100vw, 300px\" \/><\/p>\n<p>H\u1ec7 th\u1ed1ng b\u00faa \u0111\u00e0n c\u1ee7a \u0111\u00e0n Piano c\u01a1 Yamaha HQ-100SX \u0111\u01b0\u1ee3c l\u00e0m ho\u00e0n to\u00e0n t\u1eeb l\u00f4ng c\u1eebu t\u1ef1 nhi\u00ean 100%, khi \u0111\u1eadp v\u00e0o d\u00e2y \u0111\u00e0n cho \u00e2m thanh ch\u00ednh x\u00e1c, c\u00e2n b\u1eb1ng, \u0111\u1ed9 b\u1ec1n c\u0169ng \u0111\u01b0\u1ee3c kh\u1eb3ng \u0111\u1ecbnh khi s\u1eed d\u1ee5ng v\u1eadt li\u1ec7u n\u00e0y l\u00e0m b\u00faa.<\/p>\n<p><img decoding=\"async\" class=\"alignnone size-medium wp-image-10731\" src=\"https:\/\/anpiano.com\/wp-content\/uploads\/2023\/12\/z5023839720214_8884f243439ee9376c12b5ca1b986f33-300x225.jpg\" alt=\"Yamaha HQ100SX\" width=\"300\" height=\"225\" srcset=\"https:\/\/anpiano.com\/wp-content\/uploads\/2023\/12\/z5023839720214_8884f243439ee9376c12b5ca1b986f33-300x225.jpg 300w, https:\/\/anpiano.com\/wp-content\/uploads\/2023\/12\/z5023839720214_8884f243439ee9376c12b5ca1b986f33-1024x768.jpg 1024w, https:\/\/anpiano.com\/wp-content\/uploads\/2023\/12\/z5023839720214_8884f243439ee9376c12b5ca1b986f33-768x576.jpg 768w, https:\/\/anpiano.com\/wp-content\/uploads\/2023\/12\/z5023839720214_8884f243439ee9376c12b5ca1b986f33-1536x1152.jpg 1536w, https:\/\/anpiano.com\/wp-content\/uploads\/2023\/12\/z5023839720214_8884f243439ee9376c12b5ca1b986f33-2048x1536.jpg 2048w, https:\/\/anpiano.com\/wp-content\/uploads\/2023\/12\/z5023839720214_8884f243439ee9376c12b5ca1b986f33-247x185.jpg 247w, https:\/\/anpiano.com\/wp-content\/uploads\/2023\/12\/z5023839720214_8884f243439ee9376c12b5ca1b986f33-510x383.jpg 510w\" sizes=\"(max-width: 300px) 100vw, 300px\" \/><\/p>\n<p>\u0110\u00e0n Piano c\u01a1 Yamaha HQ-100SX \u0111\u01b0\u1ee3c trang b\u1ecb c\u1ed9ng ngh\u1ec7 t\u1ef1 \u0111\u1ed9ng h\u00f3a, ho\u00e0n to\u00e0n c\u00f3 th\u1ec3 t\u1ef1 ch\u01a1i m\u00e0 kh\u00f4ng c\u1ea7n ph\u1ea3i h\u1ed7 tr\u1ee3 b\u1ea5t c\u1ee9 m\u1ed9t thi\u1ebft b\u1ecb g\u00ec th\u00eam, r\u1ea5t th\u00fa v\u1ecb \u0111\u1ec3 nghe v\u00e0 khi xem.<\/p>\n<p><img decoding=\"async\" class=\"alignnone size-medium wp-image-10733\" src=\"https:\/\/anpiano.com\/wp-content\/uploads\/2023\/12\/z5023901159307_7f72483f6210046724e945ff30ce77ea-300x225.jpg\" alt=\"Yamaha HQ100SX\" width=\"300\" height=\"225\" srcset=\"https:\/\/anpiano.com\/wp-content\/uploads\/2023\/12\/z5023901159307_7f72483f6210046724e945ff30ce77ea-300x225.jpg 300w, https:\/\/anpiano.com\/wp-content\/uploads\/2023\/12\/z5023901159307_7f72483f6210046724e945ff30ce77ea-1024x768.jpg 1024w, https:\/\/anpiano.com\/wp-content\/uploads\/2023\/12\/z5023901159307_7f72483f6210046724e945ff30ce77ea-768x576.jpg 768w, https:\/\/anpiano.com\/wp-content\/uploads\/2023\/12\/z5023901159307_7f72483f6210046724e945ff30ce77ea-1536x1152.jpg 1536w, https:\/\/anpiano.com\/wp-content\/uploads\/2023\/12\/z5023901159307_7f72483f6210046724e945ff30ce77ea-2048x1536.jpg 2048w, https:\/\/anpiano.com\/wp-content\/uploads\/2023\/12\/z5023901159307_7f72483f6210046724e945ff30ce77ea-247x185.jpg 247w, https:\/\/anpiano.com\/wp-content\/uploads\/2023\/12\/z5023901159307_7f72483f6210046724e945ff30ce77ea-510x383.jpg 510w\" sizes=\"(max-width: 300px) 100vw, 300px\" \/><\/p>\n<p>\u0110\u00e0n piano Yamaha HQ100SX c\u00f3 ch\u1ee9c n\u0103ng silent h\u1ed7 tr\u1ee3 \u0111eo tai nghe khi ch\u01a1i gi\u00fap b\u1ea1n c\u00f3 th\u1ec3 ch\u01a1i ngay c\u1ea3 v\u00e0o ban \u0111\u00eam.<\/p>\n<p>B\u1ea3ng c\u1ed9ng h\u01b0\u1eddng c\u1ee7a c\u00e1c model \u0111\u01b0\u1ee3c trang b\u1ecb \u0111i\u1ec7n t\u1eed nh\u01b0 c\u00e2y \u0111\u00e0n piano Yamaha HQ100SX s\u1ebd \u0111\u01b0\u1ee3c thi\u1ebft k\u1ebf t\u1eeb g\u1ed7 v\u00e2n sam, m\u1ed9t lo\u1ea1i g\u1ed7 nh\u1eb9, c\u1ee9ng, \u0111\u1ed9 vang \u00e2m cao, \u0111\u01b0\u1ee3c s\u1eed d\u1ee5ng trong c\u00e1c m\u1eabu \u0111\u00e0n cao c\u1ea5p tr\u00ean to\u00e0n th\u1ebf gi\u1edbi.<\/p>\n<p><img loading=\"lazy\" decoding=\"async\" class=\"alignnone size-medium wp-image-10730\" src=\"https:\/\/anpiano.com\/wp-content\/uploads\/2023\/12\/z5023839715082_89df24eb3a7bf4b6ad706a42f793491f-300x225.jpg\" alt=\"Yamaha HQ100SX\" width=\"300\" height=\"225\" srcset=\"https:\/\/anpiano.com\/wp-content\/uploads\/2023\/12\/z5023839715082_89df24eb3a7bf4b6ad706a42f793491f-300x225.jpg 300w, https:\/\/anpiano.com\/wp-content\/uploads\/2023\/12\/z5023839715082_89df24eb3a7bf4b6ad706a42f793491f-1024x768.jpg 1024w, https:\/\/anpiano.com\/wp-content\/uploads\/2023\/12\/z5023839715082_89df24eb3a7bf4b6ad706a42f793491f-768x576.jpg 768w, https:\/\/anpiano.com\/wp-content\/uploads\/2023\/12\/z5023839715082_89df24eb3a7bf4b6ad706a42f793491f-1536x1152.jpg 1536w, https:\/\/anpiano.com\/wp-content\/uploads\/2023\/12\/z5023839715082_89df24eb3a7bf4b6ad706a42f793491f-2048x1536.jpg 2048w, https:\/\/anpiano.com\/wp-content\/uploads\/2023\/12\/z5023839715082_89df24eb3a7bf4b6ad706a42f793491f-247x185.jpg 247w, https:\/\/anpiano.com\/wp-content\/uploads\/2023\/12\/z5023839715082_89df24eb3a7bf4b6ad706a42f793491f-510x383.jpg 510w\" sizes=\"(max-width: 300px) 100vw, 300px\" \/><\/p>\n<p>Khung \u0111\u00e0n Piano c\u01a1 Yamaha HQ-100SX \u0111\u01b0\u1ee3c nh\u00e0 s\u1ea3n xu\u1ea5t Yamaha r\u1ea5t ch\u00fa tr\u1ecdng, khi \u0111\u01b0\u1ee3c l\u00e0m b\u1eb1ng kim lo\u1ea1i theo c\u00f4ng ngh\u1ec7 h\u00fat ch\u00e2n kh\u00f4ng V-pro gi\u00fap t\u0103ng \u0111\u1ed9 b\u1ec1n l\u00ean g\u1ea5p nhi\u1ec1u l\u1ea7n so v\u1edbi k\u0129 thu\u1eadt ch\u1ebf t\u00e1c truy\u1ec1n th\u1ed1ng.<\/p>\n<p><img loading=\"lazy\" decoding=\"async\" class=\"alignnone size-medium wp-image-10724\" src=\"https:\/\/anpiano.com\/wp-content\/uploads\/2023\/12\/z5023839689821_c9bd096fc01514d3cebd9893726ae2ca-300x225.jpg\" alt=\"Yamaha HQ100SX\" width=\"300\" height=\"225\" srcset=\"https:\/\/anpiano.com\/wp-content\/uploads\/2023\/12\/z5023839689821_c9bd096fc01514d3cebd9893726ae2ca-300x225.jpg 300w, https:\/\/anpiano.com\/wp-content\/uploads\/2023\/12\/z5023839689821_c9bd096fc01514d3cebd9893726ae2ca-1024x768.jpg 1024w, https:\/\/anpiano.com\/wp-content\/uploads\/2023\/12\/z5023839689821_c9bd096fc01514d3cebd9893726ae2ca-768x576.jpg 768w, https:\/\/anpiano.com\/wp-content\/uploads\/2023\/12\/z5023839689821_c9bd096fc01514d3cebd9893726ae2ca-1536x1152.jpg 1536w, https:\/\/anpiano.com\/wp-content\/uploads\/2023\/12\/z5023839689821_c9bd096fc01514d3cebd9893726ae2ca-2048x1536.jpg 2048w, https:\/\/anpiano.com\/wp-content\/uploads\/2023\/12\/z5023839689821_c9bd096fc01514d3cebd9893726ae2ca-247x185.jpg 247w, https:\/\/anpiano.com\/wp-content\/uploads\/2023\/12\/z5023839689821_c9bd096fc01514d3cebd9893726ae2ca-510x383.jpg 510w\" sizes=\"(max-width: 300px) 100vw, 300px\" \/><\/p>\n<p>B\u00e0n Ph\u00edm c\u1ee7a \u0111\u00e0n \u0111\u00e0n piano Yamaha HQ100SX \u0111\u01b0\u1ee3c thi\u1ebft k\u1ebf v\u1edbi 88 ph\u00edm ti\u00eau chu\u1ea9n, \u0111\u01b0\u1ee3c g\u1ecdt gi\u0169a b\u1eb1ng tay v\u1edbi s\u1ef1 chu\u1ea9n x\u00e1c tuy\u1ec7t \u0111\u1ed1i, v\u1edbi giai \u0111o\u1ea1n ki\u1ec3m tra nghi\u00eam ng\u1eb7t tr\u01b0\u1edbc khi \u0111\u01b0\u1ee3c ph\u1ee7 m\u1ed9t l\u1edbp s\u01a1n cao c\u1ea5p gi\u1ea3 ng\u00e0 voi.<\/p>\n<p>\u0110\u00e0n Piano c\u01a1 Yamaha HQ-100SX c\u00f2n \u0111\u01b0\u1ee3c c\u00e1c chuy\u00ean gia v\u1ec1 Piano \u0111\u00e1nh gi\u00e1 r\u1eb1ng \u201c\u0111\u00e2y l\u00e0 model th\u1ec3 hi\u1ec7n s\u1ef1 tham v\u1ecdng m\u1ed9t c\u00e1ch ho\u00e0n h\u1ea3o c\u1ee7a nh\u00e0 s\u1ea3n xu\u1ea5t Yamaha\u201d. M\u1ed9t s\u1ea3n ph\u1ea9m \u0111\u1eb9p tuy\u1ec7t \u0111\u1ed1i t\u1eeb \u00e2m thanh, h\u00ecnh th\u1ee9c \u0111\u1ebfn s\u1ef1 k\u1ebft h\u1ee3p ho\u00e0n h\u1ea3o c\u1ee7a c\u00f4ng ngh\u1ec7 v\u00e0 truy\u1ec1n th\u1ed1ng.<\/p>\n<p><strong>Th\u00f4ng s\u1ed1 k\u1ef9 thu\u1eadt Yamaha HQ100SX :<\/strong><\/p>\n<ul id=\"tabsingle\" class=\"nav nav-tabs\">\n<li class=\"\"><a href=\"https:\/\/thegioinhaccu.com.vn\/dan-piano-co-yamaha-hq-100sx#tab-description\" aria-expanded=\"false\" data-toggle=\"tab\" target=\"_blank\" rel=\"noopener\">M\u00d4 T\u1ea2 S\u1ea2N PH\u1ea8M<\/a><\/li>\n<li class=\"active\"><a href=\"https:\/\/thegioinhaccu.com.vn\/dan-piano-co-yamaha-hq-100sx#tab-tskt\" data-toggle=\"tab\" aria-expanded=\"true\" target=\"_blank\" rel=\"noopener\">TH\u00d4NG S\u1ed0 K\u1ef8 THU\u1eacT<\/a><\/li>\n<li><a href=\"https:\/\/thegioinhaccu.com.vn\/dan-piano-co-yamaha-hq-100sx#tab-video\" data-toggle=\"tab\" target=\"_blank\" rel=\"noopener\">VIDEO<\/a><\/li>\n<\/ul>\n<div class=\"tab-content\">\n<div id=\"tab-tskt\" class=\"tab-pane active\">\n<table>\n<tbody>\n<tr>\n<td><strong>T\u00ean \u0111\u00e0n<\/strong><\/td>\n<td>Piano Yamaha HQ100SX<\/td>\n<\/tr>\n<tr>\n<td><strong>Th\u01b0\u01a1ng hi\u1ec7u<\/strong><\/td>\n<td>Yamaha<\/td>\n<\/tr>\n<tr>\n<td><strong>M\u00e3 \u0111\u00e0n<\/strong><\/td>\n<td>HQ100SX<\/td>\n<\/tr>\n<tr>\n<td><strong>Ngu\u1ed3n g\u1ed1c<\/strong><\/td>\n<td>Nh\u1eadt B\u1ea3n<\/td>\n<\/tr>\n<tr>\n<td><strong>K\u00edch th\u01b0\u1edbc (R\u1ed9ng \u2013 Cao \u2013 S\u00e2u)<\/strong><\/td>\n<td>150 W \u2013 121 H \u2013 61 D<\/td>\n<\/tr>\n<tr>\n<td><strong>Tr\u1ecdng l\u01b0\u1ee3ng<\/strong><\/td>\n<td>242 Kg<\/td>\n<\/tr>\n<tr>\n<td><strong>Th\u1eddi gian s\u1ea3n xu\u1ea5t<\/strong><\/td>\n<td>6\/1995 \u2013 10\/1996<\/td>\n<\/tr>\n<tr>\n<td><strong>S\u1ed1 ph\u00edm \u0111\u00e0n<\/strong><\/td>\n<td>88<\/td>\n<\/tr>\n<tr>\n<td><strong>S\u1ed1 ph\u00edm Pedal<\/strong><\/td>\n<td>3<\/td>\n<\/tr>\n<\/tbody>\n<\/table>\n<div data-id=\"9ly1xDmkO1M\" data-query=\"\" data-src=\"https:\/\/www.youtube.com\/embed\/9ly1xDmkO1M\"><a href=\"https:\/\/www.facebook.com\/anpiano.saigon\" target=\"_blank\" rel=\"noopener\">T\u01b0 v\u1ea5n v\u00e0 ch\u1ecdn mua s\u1ea3n ph\u1ea9m kh\u00e1c t\u1ea1i \u0111\u00e2y<\/a><\/div>\n<div data-id=\"9ly1xDmkO1M\" data-query=\"\" data-src=\"https:\/\/www.youtube.com\/embed\/9ly1xDmkO1M\"><a href=\"http:\/\/thumuapiano.com\/\" target=\"_blank\" rel=\"noopener\">Ch\u00fang t\u00f4i nh\u1eadn thu mua Piano, h\u00e3y li\u00ean h\u1ec7 n\u1ebfu b\u1ea1n c\u00f3 nhu c\u1ea7u.<\/a><\/div>\n<\/div>\n<\/div>\n","protected":false},"excerpt":{"rendered":"<ul>\n<li>B\u1ea3o h\u00e0nh 10 n\u0103m\u00a0<a href=\"https:\/\/anpiano.com\/chinh-sach-bao-hanh\/\">xem th\u00eam<\/a><\/li>\n<li>Gh\u1ebf<\/li>\n<li>Kh\u0103n ph\u1ee7 ph\u00edm<\/li>\n<li>Kh\u0103n ph\u1ee7 \u0111\u00e0n<\/li>\n<li>\u1ed0ng s\u1ea5y<\/li>\n<li>Freeship HCM \u2013 HN \u2013 \u0110N \u2013 NT &#8211; BMT<\/li>\n<li>Kh\u00f3a h\u1ecdc online<\/li>\n<\/ul>\n","protected":false},"featured_media":10722,"comment_status":"open","ping_status":"closed","template":"","meta":[],"product_cat":[125,326],"product_tag":[1270,1271],"class_list":{"0":"post-10720","1":"product","2":"type-product","3":"status-publish","4":"has-post-thumbnail","6":"product_cat-piano-upright","7":"product_cat-yamaha-upright","8":"product_tag-yamaha-hq100","9":"product_tag-yamaha-hq100sx","11":"first","12":"instock","13":"sale","14":"shipping-taxable","15":"purchasable","16":"product-type-simple"},"jetpack_sharing_enabled":true,"_links":{"self":[{"href":"https:\/\/anpiano.com\/index.php?rest_route=\/wp\/v2\/product\/10720"}],"collection":[{"href":"https:\/\/anpiano.com\/index.php?rest_route=\/wp\/v2\/product"}],"about":[{"href":"https:\/\/anpiano.com\/index.php?rest_route=\/wp\/v2\/types\/product"}],"replies":[{"embeddable":true,"href":"https:\/\/anpiano.com\/index.php?rest_route=%2Fwp%2Fv2%2Fcomments&post=10720"}],"version-history":[{"count":3,"href":"https:\/\/anpiano.com\/index.php?rest_route=\/wp\/v2\/product\/10720\/revisions"}],"predecessor-version":[{"id":14142,"href":"https:\/\/anpiano.com\/index.php?rest_route=\/wp\/v2\/product\/10720\/revisions\/14142"}],"wp:featuredmedia":[{"embeddable":true,"href":"https:\/\/anpiano.com\/index.php?rest_route=\/wp\/v2\/media\/10722"}],"wp:attachment":[{"href":"https:\/\/anpiano.com\/index.php?rest_route=%2Fwp%2Fv2%2Fmedia&parent=10720"}],"wp:term":[{"taxonomy":"product_cat","embeddable":true,"href":"https:\/\/anpiano.com\/index.php?rest_route=%2Fwp%2Fv2%2Fproduct_cat&post=10720"},{"taxonomy":"product_tag","embeddable":true,"href":"https:\/\/anpiano.com\/index.php?rest_route=%2Fwp%2Fv2%2Fproduct_tag&post=10720"}],"curies":[{"name":"wp","href":"https:\/\/api.w.org\/{rel}","templated":true}]}}