{"id":10734,"date":"2023-12-30T13:44:54","date_gmt":"2023-12-30T06:44:54","guid":{"rendered":"https:\/\/anpiano.com\/?post_type=product&#038;p=10734"},"modified":"2025-09-27T16:21:56","modified_gmt":"2025-09-27T09:21:56","slug":"kawai-ks5f","status":"publish","type":"product","link":"https:\/\/anpiano.com\/?product=kawai-ks5f","title":{"rendered":"Kawai KS5F"},"content":{"rendered":"<h4>\u0110\u00e0n pi<span class=\"s1\">ano\u00a0<a title=\"\u0110\u00e0n piano Kawai KS5F\" href=\"https:\/\/anpiano.com\/danh-muc\/piano-upright\/kawai-upright\/\"><strong>Kawai KS5F<\/strong><\/a>\u00a0c\u00f3 \u00e2m thanh \u1ea5m tr\u1ea7m, b\u00e0n ph\u00edm c\u01a1 n\u1eb7ng tuy\u1ec7t h\u1ea3o. N\u1ebfu b\u1ea1n \u0111ang t\u00ecm ki\u1ebfm m\u1ed9t c\u00e2y \u0111\u00e0n c\u00f3 thi\u1ebft k\u1ebf c\u1ed5 \u0111i\u1ec3n, sang tr\u1ecdng, ch\u1ea5t l\u01b0\u1ee3ng \u00e2m thanh b\u00e0n ph\u00edm tuy\u1ec7t h\u1ea3o KS5F s\u1ebd l\u00e0 l\u1ef1a ch\u1ecdn ho\u00e0n h\u1ea3o.<\/span><\/h4>\n<p><img fetchpriority=\"high\" decoding=\"async\" class=\"alignnone size-medium wp-image-10736\" src=\"https:\/\/anpiano.com\/wp-content\/uploads\/2023\/12\/z5023972924016_90e663ef63a8d1cdc37f161a4b28cca9-300x225.jpg\" alt=\"Kawai KS5F\" width=\"300\" height=\"225\" srcset=\"https:\/\/anpiano.com\/wp-content\/uploads\/2023\/12\/z5023972924016_90e663ef63a8d1cdc37f161a4b28cca9-300x225.jpg 300w, https:\/\/anpiano.com\/wp-content\/uploads\/2023\/12\/z5023972924016_90e663ef63a8d1cdc37f161a4b28cca9-1024x768.jpg 1024w, https:\/\/anpiano.com\/wp-content\/uploads\/2023\/12\/z5023972924016_90e663ef63a8d1cdc37f161a4b28cca9-768x576.jpg 768w, https:\/\/anpiano.com\/wp-content\/uploads\/2023\/12\/z5023972924016_90e663ef63a8d1cdc37f161a4b28cca9-1536x1152.jpg 1536w, https:\/\/anpiano.com\/wp-content\/uploads\/2023\/12\/z5023972924016_90e663ef63a8d1cdc37f161a4b28cca9-2048x1536.jpg 2048w, https:\/\/anpiano.com\/wp-content\/uploads\/2023\/12\/z5023972924016_90e663ef63a8d1cdc37f161a4b28cca9-247x185.jpg 247w, https:\/\/anpiano.com\/wp-content\/uploads\/2023\/12\/z5023972924016_90e663ef63a8d1cdc37f161a4b28cca9-510x382.jpg 510w\" sizes=\"(max-width: 300px) 100vw, 300px\" \/><\/p>\n<p class=\"p1\"><span class=\"s1\">Kawai\u00a0KS5F s\u1edf h\u1eefu thi\u1ebft k\u1ebf v\u1edbi \u0111\u01b0\u1eddng n\u00e9t thanh l\u1ecbch tinh t\u1ebf l\u00e0m b\u1eb1ng g\u1ed7 nguy\u00ean kh\u1ed1i ch\u1eafc ch\u1eafn, ph\u00f9 h\u1ee3p v\u1edbi phong c\u00e1ch thi\u1ebft k\u1ebf n\u1ed9i th\u1ea5t hi\u1ec7n \u0111\u1ea1i, l\u00e0m t\u00f4n l\u00ean s\u1ef1 sang tr\u1ecdng cho ng\u00f4i nh\u00e0 c\u1ee7a b\u1ea1n.<\/span><\/p>\n<p><img decoding=\"async\" class=\"alignnone size-medium wp-image-10744\" src=\"https:\/\/anpiano.com\/wp-content\/uploads\/2023\/12\/z5023972949742_4aabb0df033f6c5e2da0098f6e073acd-300x225.jpg\" alt=\"Kawai KS5F\" width=\"300\" height=\"225\" srcset=\"https:\/\/anpiano.com\/wp-content\/uploads\/2023\/12\/z5023972949742_4aabb0df033f6c5e2da0098f6e073acd-300x225.jpg 300w, https:\/\/anpiano.com\/wp-content\/uploads\/2023\/12\/z5023972949742_4aabb0df033f6c5e2da0098f6e073acd-1024x768.jpg 1024w, https:\/\/anpiano.com\/wp-content\/uploads\/2023\/12\/z5023972949742_4aabb0df033f6c5e2da0098f6e073acd-768x576.jpg 768w, https:\/\/anpiano.com\/wp-content\/uploads\/2023\/12\/z5023972949742_4aabb0df033f6c5e2da0098f6e073acd-1536x1152.jpg 1536w, https:\/\/anpiano.com\/wp-content\/uploads\/2023\/12\/z5023972949742_4aabb0df033f6c5e2da0098f6e073acd-2048x1536.jpg 2048w, https:\/\/anpiano.com\/wp-content\/uploads\/2023\/12\/z5023972949742_4aabb0df033f6c5e2da0098f6e073acd-247x185.jpg 247w, https:\/\/anpiano.com\/wp-content\/uploads\/2023\/12\/z5023972949742_4aabb0df033f6c5e2da0098f6e073acd-510x383.jpg 510w\" sizes=\"(max-width: 300px) 100vw, 300px\" \/><\/p>\n<p class=\"p1\"><span class=\"s1\">B\u1ed9 m\u00e1y\u00a0\u0111\u00e0n Kawai KS5F \u0111\u01b0\u1ee3c c\u1ea3i ti\u1ebfn t\u1eeb b\u1ed9 m\u00e1y \u0111\u00e0n Millennium tr\u1ee9 danh. S\u1ef1 k\u1ebft h\u1ee3p ho\u00e0n h\u1ea3o t\u1eeb h\u1ee3p kim Titanium thay th\u1ebf cho khung l\u00e0m t\u1eeb gang truy\u1ec1n th\u1ed1ng. Ch\u00ednh v\u00ec v\u1eady, b\u1ed9 m\u00e1y\u00a0\u0111\u00e0n Kawai KS5F\u00a0v\u1eabn v\u00f4 c\u00f9ng b\u1ec1n b\u1ec9 sau nhi\u1ec1u n\u0103m s\u1eed d\u1ee5ng, gi\u00fap \u00e2m thanh ph\u00e1t ra r\u1ea5t \u1ea5m.<\/span><\/p>\n<p><img decoding=\"async\" class=\"alignnone size-medium wp-image-10742\" src=\"https:\/\/anpiano.com\/wp-content\/uploads\/2023\/12\/z5023972942483_d9a29190844a65a87d5cb0226fdf396e-300x225.jpg\" alt=\"Kawai KS5F\" width=\"300\" height=\"225\" srcset=\"https:\/\/anpiano.com\/wp-content\/uploads\/2023\/12\/z5023972942483_d9a29190844a65a87d5cb0226fdf396e-300x225.jpg 300w, https:\/\/anpiano.com\/wp-content\/uploads\/2023\/12\/z5023972942483_d9a29190844a65a87d5cb0226fdf396e-1024x768.jpg 1024w, https:\/\/anpiano.com\/wp-content\/uploads\/2023\/12\/z5023972942483_d9a29190844a65a87d5cb0226fdf396e-768x576.jpg 768w, https:\/\/anpiano.com\/wp-content\/uploads\/2023\/12\/z5023972942483_d9a29190844a65a87d5cb0226fdf396e-1536x1152.jpg 1536w, https:\/\/anpiano.com\/wp-content\/uploads\/2023\/12\/z5023972942483_d9a29190844a65a87d5cb0226fdf396e-2048x1536.jpg 2048w, https:\/\/anpiano.com\/wp-content\/uploads\/2023\/12\/z5023972942483_d9a29190844a65a87d5cb0226fdf396e-247x185.jpg 247w, https:\/\/anpiano.com\/wp-content\/uploads\/2023\/12\/z5023972942483_d9a29190844a65a87d5cb0226fdf396e-510x383.jpg 510w\" sizes=\"(max-width: 300px) 100vw, 300px\" \/><\/p>\n<p class=\"p1\"><span class=\"s1\">Ph\u00edm\u00a0\u0111\u00e0n piano Kawai KS5F c\u00f3 \u0111\u1ed9 n\u1eb7ng, s\u00e2u v\u00e0 c\u1ea3m \u1ee9ng c\u1ef1c nh\u1ea1y Kh\u00f4ng \u0111\u01a1n thu\u1ea7n ch\u1ec9 l\u00e0 thay \u0111\u1ed5i nguy\u00ean v\u1eadt li\u1ec7u c\u1ea5u t\u1ea1o m\u00e1y \u0111\u00e0n, h\u00e3ng s\u1ea3n xu\u1ea5t\u00a0\u0111\u00e0n piano Kawai\u00a0c\u00f2n lu\u00f4n c\u1eadp nh\u1eadt, nghi\u00ean c\u1ee9u li\u00ean t\u1ee5c nh\u1eefng tr\u1ea3i nghi\u1ec7m t\u1eeb c\u00e1c chuy\u00ean gia tr\u00ean s\u1ea3n ph\u1ea9m c\u1ee7a m\u00ecnh, t\u1eeb \u0111\u00f3 c\u1ea3i ti\u1ebfn th\u00eam v\u00e0o c\u00e1c chi ti\u1ebft nh\u01b0 ph\u00edm \u0111\u00e0n d\u00e0i h\u01a1n, center pin \u0111\u01b0\u1ee3c m\u1ea1 b\u1eb1ng Nikel, thay \u0111\u1ed5i ti\u1ebft di\u1ec7n b\u00faa&#8230;\u0110\u00f3 l\u00e0 c\u00e1ch m\u00e0 Kawai n\u00e2ng t\u1ea7m cho c\u00e1c s\u1ea3n ph\u1ea9m c\u1ee7a m\u00ecnh.<\/span><\/p>\n<p><span style=\"font-size: 115%;\"><strong>Th\u00f4ng s\u1ed1 k\u1ef9 thu\u1eadt Kawai KS5F :<\/strong><\/span><\/p>\n<ul class=\"i8Z77e\">\n<li>H\u00e3ng s\u1ea3n xu\u1ea5t : Kawai<\/li>\n<li>T\u00ean s\u1ea3n ph\u1ea9m : KS5F<\/li>\n<li class=\"TrT0Xe\">Ki\u1ec3u D\u00e1ng : Upright.<\/li>\n<li class=\"TrT0Xe\">K\u00edch th\u01b0\u1edbc : 131cm x 152cm x 61cm.<\/li>\n<li class=\"TrT0Xe\">C\u00e2n n\u1eb7ng : 215 kg.<\/li>\n<li class=\"TrT0Xe\">N\u0103m s\u1ea3n xu\u1ea5t : N\u0103m 1980.<\/li>\n<\/ul>\n<div data-id=\"9ly1xDmkO1M\" data-query=\"\" data-src=\"https:\/\/www.youtube.com\/embed\/9ly1xDmkO1M\"><a href=\"https:\/\/www.facebook.com\/anpiano.saigon\" target=\"_blank\" rel=\"noopener\">T\u01b0 v\u1ea5n v\u00e0 ch\u1ecdn mua s\u1ea3n ph\u1ea9m kh\u00e1c t\u1ea1i \u0111\u00e2y<\/a><\/div>\n<div data-id=\"9ly1xDmkO1M\" data-query=\"\" data-src=\"https:\/\/www.youtube.com\/embed\/9ly1xDmkO1M\"><a href=\"http:\/\/thumuapiano.com\/\" target=\"_blank\" rel=\"noopener\">Ch\u00fang t\u00f4i nh\u1eadn thu mua Piano, h\u00e3y li\u00ean h\u1ec7 n\u1ebfu b\u1ea1n c\u00f3 nhu c\u1ea7u.<\/a><\/div>\n","protected":false},"excerpt":{"rendered":"<ul>\n<li>B\u1ea3o h\u00e0nh 5 n\u0103m <a href=\"https:\/\/anpiano.com\/chinh-sach-bao-hanh\/\">xem th\u00eam<\/a><\/li>\n<li>Gh\u1ebf<\/li>\n<li>Kh\u0103n ph\u1ee7 ph\u00edm<\/li>\n<li>Kh\u0103n ph\u1ee7 \u0111\u00e0n<\/li>\n<li>\u1ed0ng s\u1ea5y<\/li>\n<li>Freeship HCM \u2013 HN \u2013 \u0110N &#8211; NT &#8211; BMT<\/li>\n<li>Kh\u00f3a h\u1ecdc online<\/li>\n<\/ul>\n","protected":false},"featured_media":10736,"comment_status":"open","ping_status":"closed","template":"","meta":[],"product_cat":[125,327],"product_tag":[1272,1273],"class_list":{"0":"post-10734","1":"product","2":"type-product","3":"status-publish","4":"has-post-thumbnail","6":"product_cat-piano-upright","7":"product_cat-kawai-upright","8":"product_tag-kawai-ks5f","9":"product_tag-ks5f","11":"first","12":"instock","13":"sale","14":"shipping-taxable","15":"purchasable","16":"product-type-simple"},"jetpack_sharing_enabled":true,"_links":{"self":[{"href":"https:\/\/anpiano.com\/index.php?rest_route=\/wp\/v2\/product\/10734"}],"collection":[{"href":"https:\/\/anpiano.com\/index.php?rest_route=\/wp\/v2\/product"}],"about":[{"href":"https:\/\/anpiano.com\/index.php?rest_route=\/wp\/v2\/types\/product"}],"replies":[{"embeddable":true,"href":"https:\/\/anpiano.com\/index.php?rest_route=%2Fwp%2Fv2%2Fcomments&post=10734"}],"version-history":[{"count":3,"href":"https:\/\/anpiano.com\/index.php?rest_route=\/wp\/v2\/product\/10734\/revisions"}],"predecessor-version":[{"id":14141,"href":"https:\/\/anpiano.com\/index.php?rest_route=\/wp\/v2\/product\/10734\/revisions\/14141"}],"wp:featuredmedia":[{"embeddable":true,"href":"https:\/\/anpiano.com\/index.php?rest_route=\/wp\/v2\/media\/10736"}],"wp:attachment":[{"href":"https:\/\/anpiano.com\/index.php?rest_route=%2Fwp%2Fv2%2Fmedia&parent=10734"}],"wp:term":[{"taxonomy":"product_cat","embeddable":true,"href":"https:\/\/anpiano.com\/index.php?rest_route=%2Fwp%2Fv2%2Fproduct_cat&post=10734"},{"taxonomy":"product_tag","embeddable":true,"href":"https:\/\/anpiano.com\/index.php?rest_route=%2Fwp%2Fv2%2Fproduct_tag&post=10734"}],"curies":[{"name":"wp","href":"https:\/\/api.w.org\/{rel}","templated":true}]}}