{"id":11031,"date":"2024-03-04T14:22:37","date_gmt":"2024-03-04T07:22:37","guid":{"rendered":"https:\/\/anpiano.com\/?post_type=product&#038;p=11031"},"modified":"2024-03-04T14:22:38","modified_gmt":"2024-03-04T07:22:38","slug":"grade-8-abrsm","status":"publish","type":"product","link":"https:\/\/anpiano.com\/?product=grade-8-abrsm","title":{"rendered":"GRADE 8 ABRSM &#8211; Piano Exam Pieces 2023 &#038; 2024"},"content":{"rendered":"<h2>GRADE 8 ABRSM &#8211; Piano Exam Pieces 2023 &amp; 2024 &#8211; No CD<\/h2>\n<p>Cu\u1ed1n s\u00e1ch n\u00e0y bao g\u1ed3m 9 ph\u1ea7n gi\u00e1o tr\u00ecnh Piano, b\u1eaft \u0111\u1ea7u t\u1eeb c\u1ea5p \u0111\u1ed9\u00a0<strong>Initial Grade<\/strong>\u00a0Piano\u00a0c\u1ee7a ABRSM cho n\u0103m 2023\u00a0&amp; 2024, ba ph\u1ea7n \u0111\u01b0\u1ee3c ch\u1ecdn t\u1eeb m\u1ed7i\u00a0<strong>LIST\u00a0A, B v\u00e0 C<\/strong>.<\/p>\n<p><img fetchpriority=\"high\" decoding=\"async\" class=\"alignnone wp-image-11000\" src=\"https:\/\/anpiano.com\/wp-content\/uploads\/2024\/02\/285993870_1872751102934005_7928734008802179602_n-300x225.jpeg\" alt=\"GRADE 1 ABRSM - Piano Exam Pieces 2023 &amp; 2024\" width=\"298\" height=\"223\" srcset=\"https:\/\/anpiano.com\/wp-content\/uploads\/2024\/02\/285993870_1872751102934005_7928734008802179602_n-300x225.jpeg 300w, https:\/\/anpiano.com\/wp-content\/uploads\/2024\/02\/285993870_1872751102934005_7928734008802179602_n-1024x768.jpeg 1024w, https:\/\/anpiano.com\/wp-content\/uploads\/2024\/02\/285993870_1872751102934005_7928734008802179602_n-768x576.jpeg 768w, https:\/\/anpiano.com\/wp-content\/uploads\/2024\/02\/285993870_1872751102934005_7928734008802179602_n-1536x1152.jpeg 1536w, https:\/\/anpiano.com\/wp-content\/uploads\/2024\/02\/285993870_1872751102934005_7928734008802179602_n-247x185.jpeg 247w, https:\/\/anpiano.com\/wp-content\/uploads\/2024\/02\/285993870_1872751102934005_7928734008802179602_n-510x383.jpeg 510w, https:\/\/anpiano.com\/wp-content\/uploads\/2024\/02\/285993870_1872751102934005_7928734008802179602_n.jpeg 2000w\" sizes=\"(max-width: 298px) 100vw, 298px\" \/><\/p>\n<p>C\u00e1c ph\u1ea7n \u0111\u00e3 \u0111\u01b0\u1ee3c l\u1ef1a ch\u1ecdn c\u1ea9n th\u1eadn \u0111\u1ec3 mang \u0111\u1ebfn\u00a0m\u1ed9t lo\u1ea1t c\u00e1c phong c\u00e1ch h\u1ea5p d\u1eabn v\u00e0 \u0111a d\u1ea1ng, t\u1ea1o ra m\u1ed9t b\u1ed9 s\u01b0u t\u1eadp \u0111a d\u1ea1ng v\u1ec1 th\u1ec3 lo\u1ea1i\u00a0ph\u00f9 h\u1ee3p v\u1edbi m\u1ecdi ngh\u1ec7 s\u0129 bi\u1ec3u di\u1ec5n.<\/p>\n<p>S\u00e1ch ABRSM c\u00f3 ph\u00e2n ch\u00fa th\u00edch h\u1eefu \u00edch v\u00e0 d\u1ec5 hi\u1ec3u,\u00a0d\u00e0nh cho nh\u1eefng ng\u01b0\u1eddi chu\u1ea9n b\u1ecb cho c\u00e1c k\u1ef3 thi, th\u00f4ng tin gi\u00e1o tr\u00ecnh h\u1eefu \u00edch.<\/p>\n<p><img decoding=\"async\" class=\" ls-is-cached lazyloaded\" title=\"\" src=\"https:\/\/pianohouse.vn\/image\/catalog\/banner\/Giao-trinh\/banner-giao-trinh-piano-house-4.jpg\" alt=\"\" \/><\/p>\n<p><img decoding=\"async\" class=\" ls-is-cached lazyloaded\" title=\"\" src=\"https:\/\/pianohouse.vn\/image\/catalog\/banner\/Giao-trinh\/lo-trinh-hoc-piano-house.jpeg\" alt=\"\" \/><\/p>\n<p>S\u00e1ch Abrsm Exam Pieces 2023- 2024 v\u1ec1 Vi\u1ec7t Nam s\u1edbm nh\u1ea5t \u0111\u00e3 \u0111\u00e1p t\u1ea1i An Piano<\/p>\n<p>V\u00e0i \u0111i\u1ec1u ng\u01b0\u1eddi s\u1eed d\u1ee5ng c\u1ea7n bi\u1ebft:<br \/>\n&#8211; S\u00e1ch b\u1eaft \u0111\u1ea7u s\u1eed d\u1ee5ng cho th\u00ed sinh d\u1ef1 k\u00ec thi t\u1eeb Th\u00e1ng 1 n\u0103m 2023, v\u00ec v\u1eady n\u0103m nay 2022 ch\u01b0a \u0111\u01b0\u1ee3c s\u1eed d\u1ee5ng.<br \/>\n&#8211; S\u00e1ch 2021-2022 s\u1ebd c\u00f3 th\u1ec3 s\u1eed d\u1ee5ng h\u1ebft n\u0103m 2023 (n\u0103m chuy\u1ec3n \u0111\u1ed5i).<br \/>\n&#8211; N\u0103m 2023 &#8211; 2024 ch\u1ec9 c\u00f3 m\u1ed7i Exam pieces l\u00e0 s\u00e1ch m\u1edbi. C\u00e1c k\u0129 n\u0103ng kh\u00e1c v\u1eabn s\u1ebd s\u1eed d\u1ee5ng : Scale 2021, Sight reading 2008, Theory Discovering t\u1eeb 2020<\/p>\n<p>&#8212;&#8211;<\/p>\n<p><b>Year of Publication:\u00a0<\/b>2023<\/p>\n<p><b>Grade:<\/b> 8<\/p>\n<p><b>Languages:<\/b>\u00a0English<\/p>\n<p><b>Forces:<\/b>\u00a0Keyboard: Piano<\/p>\n<p><b>Format:<\/b>\u00a0Book<\/p>\n<p>&nbsp;<\/p>\n<p><a href=\"https:\/\/www.facebook.com\/Anpiano.hanoi\" target=\"_blank\" rel=\"noopener\">T\u01b0 v\u1ea5n v\u00e0 ch\u1ecdn mua s\u1ea3n\u00a0ph\u1ea9m kh\u00e1c t\u1ea1i \u0111\u00e2y<\/a><\/p>\n<p><a href=\"http:\/\/thumuapiano.com\/\" target=\"_blank\" rel=\"noopener\">Ch\u00fang t\u00f4i nh\u1eadn thu mua Piano, h\u00e3y li\u00ean h\u1ec7 n\u1ebfu b\u1ea1n c\u00f3 nhu c\u1ea7u.<\/a><\/p>\n","protected":false},"excerpt":{"rendered":"<p>GRADE 8 ABRSM &#8211; Piano Exam Pieces 2023 &amp; 2024<\/p>\n","protected":false},"featured_media":11010,"comment_status":"open","ping_status":"closed","template":"","meta":[],"product_cat":[1327,127],"product_tag":[1333],"class_list":{"0":"post-11031","1":"product","2":"type-product","3":"status-publish","4":"has-post-thumbnail","6":"product_cat-sach","7":"product_cat-phu-kien","8":"product_tag-grade-8-abrsm-piano-exam-pieces-2023-2024","10":"first","11":"instock","12":"shipping-taxable","13":"purchasable","14":"product-type-simple"},"jetpack_sharing_enabled":true,"_links":{"self":[{"href":"https:\/\/anpiano.com\/index.php?rest_route=\/wp\/v2\/product\/11031"}],"collection":[{"href":"https:\/\/anpiano.com\/index.php?rest_route=\/wp\/v2\/product"}],"about":[{"href":"https:\/\/anpiano.com\/index.php?rest_route=\/wp\/v2\/types\/product"}],"replies":[{"embeddable":true,"href":"https:\/\/anpiano.com\/index.php?rest_route=%2Fwp%2Fv2%2Fcomments&post=11031"}],"version-history":[{"count":0,"href":"https:\/\/anpiano.com\/index.php?rest_route=\/wp\/v2\/product\/11031\/revisions"}],"wp:featuredmedia":[{"embeddable":true,"href":"https:\/\/anpiano.com\/index.php?rest_route=\/wp\/v2\/media\/11010"}],"wp:attachment":[{"href":"https:\/\/anpiano.com\/index.php?rest_route=%2Fwp%2Fv2%2Fmedia&parent=11031"}],"wp:term":[{"taxonomy":"product_cat","embeddable":true,"href":"https:\/\/anpiano.com\/index.php?rest_route=%2Fwp%2Fv2%2Fproduct_cat&post=11031"},{"taxonomy":"product_tag","embeddable":true,"href":"https:\/\/anpiano.com\/index.php?rest_route=%2Fwp%2Fv2%2Fproduct_tag&post=11031"}],"curies":[{"name":"wp","href":"https:\/\/api.w.org\/{rel}","templated":true}]}}