{"id":11163,"date":"2024-03-26T15:26:46","date_gmt":"2024-03-26T08:26:46","guid":{"rendered":"https:\/\/anpiano.com\/?post_type=product&#038;p=11163"},"modified":"2025-11-30T14:44:37","modified_gmt":"2025-11-30T07:44:37","slug":"roland-dp990","status":"publish","type":"product","link":"https:\/\/anpiano.com\/?product=roland-dp990","title":{"rendered":"Roland DP990"},"content":{"rendered":"<h4><em><strong>Piano Roland DP990<\/strong><\/em>\u00a0g\u00e2y \u1ea5n t\u01b0\u1ee3ng ngay t\u1eeb \u00e1nh nh\u00ecn \u0111\u1ea7u ti\u00ean b\u1edfi thi\u1ebft k\u1ebf sang tr\u1ecdng, hi\u1ec7n \u0111\u1ea1i ph\u00f9 h\u1ee3p m\u1ecdi kh\u00f4ng gian; \u0111\u00e0n t\u00edch h\u1ee3p n\u1eafp ch\u1ed1ng s\u1eadp an to\u00e0n v\u1edbi tr\u1ebb em. Thi\u1ebft k\u1ebf m\u00e0u \u0111en b\u00f3ng l\u00e0m t\u00f4n th\u00eam n\u00e9t tinh t\u1ebf trong thi\u1ebft k\u1ebf.<\/h4>\n<h2><strong>Nh\u1eefng \u0111\u1eb7c \u0111i\u1ec3m n\u1ed5i b\u1eadt c\u1ee7a \u0111\u00e0n Piano Roland DP990<\/strong><\/h2>\n<h3><strong>1. C\u1ea3m gi\u00e1c Grand-Piano \u0111\u00edch th\u1ef1c<\/strong><\/h3>\n<p>\u0110\u1ec3 c\u00f3 c\u1ea3m gi\u00e1c b\u00e0n ph\u00edm ch\u00e2n th\u1ef1c nh\u1ea5t, Piano Roland DP990 \u0111\u01b0\u1ee3c trang b\u1ecb b\u00e0n ph\u00edm PHA II n\u1ed5i ti\u1ebfng c\u1ee7a Roland v\u1edbi Escapement, mang l\u1ea1i c\u1ea3m gi\u00e1c n\u1eb7ng h\u01a1n \u1edf d\u1ea3i th\u1ea5p h\u01a1n v\u00e0 ch\u1ea1m nh\u1eb9 h\u01a1n \u1edf ph\u00eda tr\u00ean. N\u00f3 c\u0169ng cung c\u1ea5p s\u1ee9c \u0111\u1ec1 kh\u00e1ng nh\u1eb9 h\u01a1n cho c\u00e1c \u0111o\u1ea1n pianissimo v\u00e0 s\u1ee9c \u0111\u1ec1 kh\u00e1ng m\u1ea1nh h\u01a1n cho fortissimo. Ki\u1ebfn tr\u00fac tho\u00e1t c\u1ee7a c\u00e1c ph\u00edm Roland DP990 t\u00e1i t\u1ea1o c\u1ea3m gi\u00e1c nh\u1ea5p chu\u1ed9t \u0111\u1eb7c tr\u01b0ng c\u1ee7a c\u1ea3m gi\u00e1c c\u1ee7a m\u1ed9t c\u00e2y \u0111\u1ea1i d\u01b0\u01a1ng c\u1ea7m cho hi\u1ec7u su\u1ea5t v\u00e0 bi\u1ec3u c\u1ea3m th\u1ef1c t\u1ebf.<\/p>\n<p><img fetchpriority=\"high\" decoding=\"async\" class=\" wp-image-11165 aligncenter\" src=\"https:\/\/anpiano.com\/wp-content\/uploads\/2024\/03\/z5286037120743_7cf4a9b05e455f48d7224375bce287b9-300x225.jpg\" alt=\"Roland DP990\" width=\"599\" height=\"449\" srcset=\"https:\/\/anpiano.com\/wp-content\/uploads\/2024\/03\/z5286037120743_7cf4a9b05e455f48d7224375bce287b9-300x225.jpg 300w, https:\/\/anpiano.com\/wp-content\/uploads\/2024\/03\/z5286037120743_7cf4a9b05e455f48d7224375bce287b9-1024x768.jpg 1024w, https:\/\/anpiano.com\/wp-content\/uploads\/2024\/03\/z5286037120743_7cf4a9b05e455f48d7224375bce287b9-768x576.jpg 768w, https:\/\/anpiano.com\/wp-content\/uploads\/2024\/03\/z5286037120743_7cf4a9b05e455f48d7224375bce287b9-1536x1152.jpg 1536w, https:\/\/anpiano.com\/wp-content\/uploads\/2024\/03\/z5286037120743_7cf4a9b05e455f48d7224375bce287b9-2048x1536.jpg 2048w, https:\/\/anpiano.com\/wp-content\/uploads\/2024\/03\/z5286037120743_7cf4a9b05e455f48d7224375bce287b9-247x185.jpg 247w, https:\/\/anpiano.com\/wp-content\/uploads\/2024\/03\/z5286037120743_7cf4a9b05e455f48d7224375bce287b9-510x383.jpg 510w\" sizes=\"(max-width: 599px) 100vw, 599px\" \/><\/p>\n<h3><strong>2. \u00c2m thanh \u0111\u00e1ng kinh ng\u1ea1c<\/strong><\/h3>\n<p>Roland DP990 c\u00f3 \u00e2m thanh l\u1edbn h\u00f2a nh\u1ea1c 88 ph\u00edm \u0111\u1eb3ng c\u1ea5p th\u1ebf gi\u1edbi, v\u1edbi nhi\u1ec1u m\u1eabu ri\u00eang bi\u1ec7t cho m\u1ed7i ph\u00edm. \u0110\u00f3 l\u00e0 c\u1ea3m \u1ee9ng \u0111\u00e1p \u1ee9ng v\u1edbi \u00e1p l\u1ef1c v\u00e0 s\u1eafc th\u00e1i tinh t\u1ebf &#8211; t\u1eeb \u00e2m tr\u1ea7m s\u00e2u nh\u1ea5t, m\u1ea1nh m\u1ebd nh\u1ea5t \u0111\u1ebfn c\u00e1c n\u1ed1t cao tinh t\u1ebf nh\u1ea5t. M\u1ed9t lo\u1ea1t c\u00e1c t\u00f9y ch\u1ec9nh piano cho ph\u00e9p b\u1ea1n thi\u1ebft k\u1ebf \u00e2m thanh piano g\u1ed1c b\u1eb1ng c\u00e1ch \u0111i\u1ec1u ch\u1ec9nh c\u1ed9ng h\u01b0\u1edfng Damper, String v\u00e0 Key-off.<\/p>\n<p><img decoding=\"async\" class=\" wp-image-11168 aligncenter\" src=\"https:\/\/anpiano.com\/wp-content\/uploads\/2024\/03\/z5286037173746_6e96a1ebd2dee8469abef92fa8448f52-300x225.jpg\" alt=\"Roland DP990\" width=\"604\" height=\"453\" srcset=\"https:\/\/anpiano.com\/wp-content\/uploads\/2024\/03\/z5286037173746_6e96a1ebd2dee8469abef92fa8448f52-300x225.jpg 300w, https:\/\/anpiano.com\/wp-content\/uploads\/2024\/03\/z5286037173746_6e96a1ebd2dee8469abef92fa8448f52-1024x768.jpg 1024w, https:\/\/anpiano.com\/wp-content\/uploads\/2024\/03\/z5286037173746_6e96a1ebd2dee8469abef92fa8448f52-768x576.jpg 768w, https:\/\/anpiano.com\/wp-content\/uploads\/2024\/03\/z5286037173746_6e96a1ebd2dee8469abef92fa8448f52-1536x1152.jpg 1536w, https:\/\/anpiano.com\/wp-content\/uploads\/2024\/03\/z5286037173746_6e96a1ebd2dee8469abef92fa8448f52-2048x1536.jpg 2048w, https:\/\/anpiano.com\/wp-content\/uploads\/2024\/03\/z5286037173746_6e96a1ebd2dee8469abef92fa8448f52-247x185.jpg 247w, https:\/\/anpiano.com\/wp-content\/uploads\/2024\/03\/z5286037173746_6e96a1ebd2dee8469abef92fa8448f52-510x383.jpg 510w\" sizes=\"(max-width: 604px) 100vw, 604px\" \/><\/p>\n<h3><strong>3. Ba b\u00e0n \u0111\u1ea1p cho bi\u1ec3u hi\u1ec7n x\u00e1c th\u1ef1c<\/strong><\/h3>\n<p>Ph\u1ea3n \u1ee9ng ch\u00e2n th\u1ef1c c\u1ee7a Roland DP990 kh\u00f4ng d\u1eebng l\u1ea1i v\u1edbi c\u00e1c ph\u00edm. Ba b\u00e0n \u0111\u1ea1p \u0111\u01b0\u1ee3c theo d\u00f5i li\u00ean t\u1ee5c \u0111\u1ea3m b\u1ea3o r\u1eb1ng b\u01b0\u1edbc ch\u00e2n c\u1ee7a b\u1ea1n c\u0169ng \u0111\u01b0\u1ee3c truy\u1ec1n \u0111\u1ea1t ch\u00ednh x\u00e1c. Khi nh\u1ea5n b\u00e0n \u0111\u1ea1p, nh\u1eefng thay \u0111\u1ed5i tinh t\u1ebf t\u01b0\u01a1ng t\u1ef1 trong \u00e2m thanh \u0111\u01b0\u1ee3c t\u00e1i t\u1ea1o gi\u1ed1ng nh\u01b0 b\u00e0n \u0111\u1ea1p gi\u1ea3m x\u00f3c c\u1ee7a \u0111\u00e0n piano acoustic ph\u1ea3n \u1ee9ng v\u1edbi d\u00e2y \u0111\u00e0n. B\u1ea1n c\u0169ng c\u00f3 th\u1ec3 ki\u1ec3m so\u00e1t \u0111\u1ed9 r\u1ed9ng c\u1ee7a \u00e2m thanh b\u1eb1ng c\u00e1ch th\u00eam \u00e1p l\u1ef1c l\u00ean b\u00e0n \u0111\u1ea1p.<\/p>\n<h3><strong>4. Phong c\u00e1ch ch\u1ee9c n\u0103ng<\/strong><\/h3>\n<p>Roland DP990 g\u00e2y \u1ea5n t\u01b0\u1ee3ng v\u1edbi thi\u1ebft k\u1ebf \u0111\u1eb9p, hi\u1ec7n \u0111\u1ea1i gi\u1ed1ng nh\u01b0 \u0111\u1ed3 n\u1ed9i th\u1ea5t, c\u00f3 n\u1eafp an to\u00e0n ch\u1eafc ch\u1eafn, m\u1ec1m m\u1ea1i, c\u00f3 th\u1ec3 \u0111\u01b0\u1ee3c s\u1eed d\u1ee5ng l\u00e0m ph\u1ea7n c\u00f2n l\u1ea1i \u00e2m nh\u1ea1c khi m\u1edf v\u00e0 b\u1ec1 m\u1eb7t gi\u1ed1ng nh\u01b0 m\u00e1y t\u00ednh \u0111\u1ec3 b\u00e0n khi \u0111\u00f3ng. \u0110\u00e0n piano c\u00f3 s\u1eb5n trong hai k\u1ebft th\u00fac tuy\u1ec7t \u0111\u1eb9p: Satin Black (SB) v\u00e0 Medium Cherry (MC).vi\u00ean. Theo c\u00f9ng m\u1ed9t c\u00e1ch, b\u00e0n \u0111\u1ea1p tr\u00e1i v\u00e0 ph\u1ea3i c\u00f3 th\u1ec3 \u0111\u01b0\u1ee3c ch\u1ec9 \u0111\u1ecbnh l\u1ea1i \u0111\u1ec3 ho\u1ea1t \u0111\u1ed9ng nh\u01b0 b\u00e0n \u0111\u1ea1p gi\u1ea3m x\u00f3c cho hai b\u00ean c\u1ee7a b\u00e0n ph\u00edm t\u00e1ch.<\/p>\n<p><img decoding=\"async\" class=\" wp-image-11166 aligncenter\" src=\"https:\/\/anpiano.com\/wp-content\/uploads\/2024\/03\/z5286037132269_3f992f383716addcaac570d35d0c9efa-300x225.jpg\" alt=\"Roland DP990\" width=\"595\" height=\"446\" srcset=\"https:\/\/anpiano.com\/wp-content\/uploads\/2024\/03\/z5286037132269_3f992f383716addcaac570d35d0c9efa-300x225.jpg 300w, https:\/\/anpiano.com\/wp-content\/uploads\/2024\/03\/z5286037132269_3f992f383716addcaac570d35d0c9efa-1024x768.jpg 1024w, https:\/\/anpiano.com\/wp-content\/uploads\/2024\/03\/z5286037132269_3f992f383716addcaac570d35d0c9efa-768x576.jpg 768w, https:\/\/anpiano.com\/wp-content\/uploads\/2024\/03\/z5286037132269_3f992f383716addcaac570d35d0c9efa-1536x1152.jpg 1536w, https:\/\/anpiano.com\/wp-content\/uploads\/2024\/03\/z5286037132269_3f992f383716addcaac570d35d0c9efa-2048x1536.jpg 2048w, https:\/\/anpiano.com\/wp-content\/uploads\/2024\/03\/z5286037132269_3f992f383716addcaac570d35d0c9efa-247x185.jpg 247w, https:\/\/anpiano.com\/wp-content\/uploads\/2024\/03\/z5286037132269_3f992f383716addcaac570d35d0c9efa-510x383.jpg 510w\" sizes=\"(max-width: 595px) 100vw, 595px\" \/><\/p>\n<h3><strong>5. \u01afu \u0111i\u1ec3m USB<\/strong><\/h3>\n<p>C\u1ed5ng USB c\u1ee7a Roland DP990 m\u1edf ra m\u1ed9t th\u1ebf gi\u1edbi c\u00e1c ti\u1ec7n \u00edch b\u1ed5 sung th\u00fa v\u1ecb v\u00e0 ch\u1ee9c n\u0103ng b\u1ed5 sung. Ph\u00e1t c\u00f9ng v\u1edbi t\u1ec7p \u00e2m thanh ho\u1eb7c t\u1ec7p MIDI ti\u00eau chu\u1ea9n tr\u1ef1c ti\u1ebfp t\u1eeb kh\u00f3a b\u1ed9 nh\u1edb USB ho\u1eb7c l\u1edbp nh\u1ea1c \u0111\u01b0\u1ee3c ghi s\u1eb5n t\u1eeb \u0111\u0129a CD \u00e2m thanh c\u00f3 b\u00e1n tr\u00ean th\u1ecb tr\u01b0\u1eddng v\u1edbi hi\u1ec7u su\u1ea5t c\u1ee7a b\u1ea1n b\u1eb1ng c\u00e1ch k\u1ebft n\u1ed1i \u1ed5 \u0111\u0129a USB (t\u00f9y ch\u1ecdn). Kh\u00e1n gi\u1ea3 c\u1ee7a b\u1ea1n s\u1ebd kh\u00f4ng tin c\u00f3 bao nhi\u00eau nh\u1ea1c \u0111\u1ebfn t\u1eeb m\u1ed9t nh\u1ea1c c\u1ee5.<\/p>\n<h3><strong>6. \u0110\u00e0n piano \u0111\u00f4i<\/strong><\/h3>\n<p>Twin Piano \u0111\u01b0\u1ee3c thi\u1ebft k\u1ebf cho c\u00e1c b\u00e0i h\u1ecdc ho\u1eb7c bu\u1ed5i bi\u1ec3u di\u1ec5n song song v\u1edbi gi\u00e1o vi\u00ean ho\u1eb7c \u0111\u1ed1i t\u00e1c song ca. N\u00f3 cho ph\u00e9p b\u00e0n ph\u00edm \u0111\u01b0\u1ee3c chia th\u00e0nh hai ph\u1ea7n, m\u1ed7i ph\u1ea7n bao g\u1ed3m c\u00e1c qu\u00e3ng t\u00e1m gi\u1ed1ng nhau. \u0110i\u1ec1u n\u00e0y gi\u00fap b\u1ea1n d\u1ec5 d\u00e0ng nh\u00ecn v\u00e0 nghe khi th\u1ef1c h\u00e0nh b\u00ean c\u1ea1nh m\u1ed9t gi\u00e1o<\/p>\n<div data-id=\"9ly1xDmkO1M\" data-query=\"\" data-src=\"https:\/\/www.youtube.com\/embed\/9ly1xDmkO1M\"><a href=\"https:\/\/www.facebook.com\/anpiano.saigon\" target=\"_blank\" rel=\"noopener\">T\u01b0 v\u1ea5n v\u00e0 ch\u1ecdn mua s\u1ea3n ph\u1ea9m kh\u00e1c t\u1ea1i \u0111\u00e2y<\/a><\/div>\n<div data-id=\"9ly1xDmkO1M\" data-query=\"\" data-src=\"https:\/\/www.youtube.com\/embed\/9ly1xDmkO1M\"><a href=\"http:\/\/thumuapiano.com\/\" target=\"_blank\" rel=\"noopener\">Ch\u00fang t\u00f4i nh\u1eadn thu mua Piano, h\u00e3y li\u00ean h\u1ec7 n\u1ebfu b\u1ea1n c\u00f3 nhu c\u1ea7u.<\/a><\/div>\n","protected":false},"excerpt":{"rendered":"<ul>\n<li>B\u1ea3o h\u00e0nh 18 th\u00e1ng\u00a0<a href=\"https:\/\/anpiano.com\/chinh-sach-bao-hanh\/\">xem th\u00eam<\/a><\/li>\n<li>Gh\u1ebf<\/li>\n<li>Kh\u0103n ph\u1ee7 ph\u00edm<\/li>\n<li>\u0110\u1ed5i ngu\u1ed3n 220V<\/li>\n<li>Freeship HCM \u2013 HN \u2013 \u0110N \u2013 NT &#8211; BMT<\/li>\n<li>Kh\u00f3a h\u1ecdc online<\/li>\n<\/ul>\n<p><em><strong>Roland DP990<\/strong><\/em>\u00a0g\u00e2y \u1ea5n t\u01b0\u1ee3ng ngay t\u1eeb \u00e1nh nh\u00ecn \u0111\u1ea7u ti\u00ean b\u1edfi thi\u1ebft k\u1ebf sang tr\u1ecdng, hi\u1ec7n \u0111\u1ea1i ph\u00f9 h\u1ee3p m\u1ecdi kh\u00f4ng gian; \u0111\u00e0n t\u00edch h\u1ee3p n\u1eafp ch\u1ed1ng s\u1eadp an to\u00e0n v\u1edbi tr\u1ebb em. Thi\u1ebft k\u1ebf m\u00e0u \u0111en b\u00f3ng l\u00e0m t\u00f4n th\u00eam n\u00e9t tinh t\u1ebf trong thi\u1ebft k\u1ebf.<\/p>\n<h2><\/h2>\n","protected":false},"featured_media":11164,"comment_status":"open","ping_status":"closed","template":"","meta":[],"product_cat":[17,134],"product_tag":[],"class_list":{"0":"post-11163","1":"product","2":"type-product","3":"status-publish","4":"has-post-thumbnail","6":"product_cat-piano-dan-dien","7":"product_cat-ro-land","9":"first","10":"instock","11":"sale","12":"shipping-taxable","13":"purchasable","14":"product-type-simple"},"jetpack_sharing_enabled":true,"_links":{"self":[{"href":"https:\/\/anpiano.com\/index.php?rest_route=\/wp\/v2\/product\/11163"}],"collection":[{"href":"https:\/\/anpiano.com\/index.php?rest_route=\/wp\/v2\/product"}],"about":[{"href":"https:\/\/anpiano.com\/index.php?rest_route=\/wp\/v2\/types\/product"}],"replies":[{"embeddable":true,"href":"https:\/\/anpiano.com\/index.php?rest_route=%2Fwp%2Fv2%2Fcomments&post=11163"}],"version-history":[{"count":2,"href":"https:\/\/anpiano.com\/index.php?rest_route=\/wp\/v2\/product\/11163\/revisions"}],"predecessor-version":[{"id":14086,"href":"https:\/\/anpiano.com\/index.php?rest_route=\/wp\/v2\/product\/11163\/revisions\/14086"}],"wp:featuredmedia":[{"embeddable":true,"href":"https:\/\/anpiano.com\/index.php?rest_route=\/wp\/v2\/media\/11164"}],"wp:attachment":[{"href":"https:\/\/anpiano.com\/index.php?rest_route=%2Fwp%2Fv2%2Fmedia&parent=11163"}],"wp:term":[{"taxonomy":"product_cat","embeddable":true,"href":"https:\/\/anpiano.com\/index.php?rest_route=%2Fwp%2Fv2%2Fproduct_cat&post=11163"},{"taxonomy":"product_tag","embeddable":true,"href":"https:\/\/anpiano.com\/index.php?rest_route=%2Fwp%2Fv2%2Fproduct_tag&post=11163"}],"curies":[{"name":"wp","href":"https:\/\/api.w.org\/{rel}","templated":true}]}}