{"id":11290,"date":"2024-04-14T15:56:20","date_gmt":"2024-04-14T08:56:20","guid":{"rendered":"https:\/\/anpiano.com\/?post_type=product&#038;p=11290"},"modified":"2025-05-06T10:37:28","modified_gmt":"2025-05-06T03:37:28","slug":"apollo-a1","status":"publish","type":"product","link":"https:\/\/anpiano.com\/?product=apollo-a1","title":{"rendered":"APOLLO A1 (M\u1edbi 100%)"},"content":{"rendered":"<h2><strong>NGO\u1ea0I H\u00ccNH V\u00c0 THI\u1ebeT K\u1ebe C\u1ee6A \u0110\u00c0N PIANO \u0110I\u1ec6N APOLLO A1<\/strong><\/h2>\n<p><strong>\u0110\u00e0n piano \u0111i\u1ec7n APOLLO A1<\/strong> l\u00e0 m\u1ed9t s\u1ea3n ph\u1ea9m c\u1ee7a th\u01b0\u01a1ng hi\u1ec7u Apollo &#8211; m\u1ed9t th\u01b0\u01a1ng hi\u1ec7u n\u1ed5i ti\u1ebfng v\u1edbi c\u00e1c s\u1ea3n ph\u1ea9m \u00e2m nh\u1ea1c ch\u1ea5t l\u01b0\u1ee3ng cao. V\u1edbi thi\u1ebft k\u1ebf sang tr\u1ecdng v\u00e0 hi\u1ec7n \u0111\u1ea1i, \u0111\u00e0n piano \u0111i\u1ec7n <strong>APOLLO A1<\/strong>\u00a0 \u0111\u00e3 thu h\u00fat \u0111\u01b0\u1ee3c s\u1ef1 quan t\u00e2m c\u1ee7a nhi\u1ec1u ng\u01b0\u1eddi y\u00eau \u00e2m nh\u1ea1c.<\/p>\n<p><img fetchpriority=\"high\" decoding=\"async\" class=\" wp-image-11291 aligncenter\" src=\"https:\/\/anpiano.com\/wp-content\/uploads\/2024\/04\/apollo-A1-300x300.jpg\" alt=\"APOLLO A1\" width=\"596\" height=\"596\" srcset=\"https:\/\/anpiano.com\/wp-content\/uploads\/2024\/04\/apollo-A1-300x300.jpg 300w, https:\/\/anpiano.com\/wp-content\/uploads\/2024\/04\/apollo-A1-150x150.jpg 150w, https:\/\/anpiano.com\/wp-content\/uploads\/2024\/04\/apollo-A1-768x768.jpg 768w, https:\/\/anpiano.com\/wp-content\/uploads\/2024\/04\/apollo-A1-510x510.jpg 510w, https:\/\/anpiano.com\/wp-content\/uploads\/2024\/04\/apollo-A1-100x100.jpg 100w, https:\/\/anpiano.com\/wp-content\/uploads\/2024\/04\/apollo-A1.jpg 1024w\" sizes=\"(max-width: 596px) 100vw, 596px\" \/><\/p>\n<p>&nbsp;<\/p>\n<h2><strong>T\u00cdNH N\u0102NG C\u1ee6A APOLLO A1\u00a0<\/strong><\/h2>\n<p>\u0110\u00e0n piano \u0111i\u1ec7n <strong>APOLLO A1<\/strong>\u00a0c\u00f3 thi\u1ebft k\u1ebf tinh t\u1ebf v\u00e0 hi\u1ec7n \u0111\u1ea1i, v\u1edbi m\u00e0u \u0111en sang tr\u1ecdng v\u00e0 c\u00e1c chi ti\u1ebft \u0111\u01b0\u1ee3c l\u00e0m b\u1eb1ng g\u1ed7 t\u1ef1 nhi\u00ean. V\u1edbi k\u00edch th\u01b0\u1edbc nh\u1ecf g\u1ecdn, s\u1ea3n ph\u1ea9m n\u00e0y c\u00f3 th\u1ec3 d\u1ec5 d\u00e0ng \u0111\u01b0\u1ee3c \u0111\u1eb7t trong kh\u00f4ng gian nh\u00e0 \u1edf ho\u1eb7c ph\u00f2ng h\u1ecdc.<\/p>\n<p><img decoding=\"async\" class=\" wp-image-11294 aligncenter\" src=\"https:\/\/anpiano.com\/wp-content\/uploads\/2024\/04\/Piano-Apollo-A1-c-600x496-1-300x248.jpg\" alt=\"APOLLO A1\" width=\"598\" height=\"494\" srcset=\"https:\/\/anpiano.com\/wp-content\/uploads\/2024\/04\/Piano-Apollo-A1-c-600x496-1-300x248.jpg 300w, https:\/\/anpiano.com\/wp-content\/uploads\/2024\/04\/Piano-Apollo-A1-c-600x496-1-510x422.jpg 510w, https:\/\/anpiano.com\/wp-content\/uploads\/2024\/04\/Piano-Apollo-A1-c-600x496-1.jpg 600w\" sizes=\"(max-width: 598px) 100vw, 598px\" \/><\/p>\n<p>&nbsp;<\/p>\n<p>M\u1ed9t \u0111i\u1ec3m \u0111\u1eb7c bi\u1ec7t c\u1ee7a \u0111\u00e0n piano \u0111i\u1ec7n <strong>APOLLO A1<\/strong>\u00a0 l\u00e0 h\u1ec7 th\u1ed1ng ph\u00edm l\u00fan b\u00faa n\u1eb7ng c\u01a1 h\u1ecdc, mang l\u1ea1i c\u1ea3m gi\u00e1c ch\u01a1i \u0111\u00e0n gi\u1ed1ng nh\u01b0 \u0111ang ch\u01a1i \u0111\u00e0n piano truy\u1ec1n th\u1ed1ng. \u0110i\u1ec1u n\u00e0y s\u1ebd gi\u00fap ng\u01b0\u1eddi ch\u01a1i c\u00f3 th\u1ec3 t\u1eadp luy\u1ec7n v\u00e0 bi\u1ec3u di\u1ec5n m\u1ed9t c\u00e1ch t\u1ef1 nhi\u00ean v\u00e0 chuy\u00ean nghi\u1ec7p h\u01a1n.<\/p>\n<p><img decoding=\"async\" class=\" wp-image-11295 aligncenter\" src=\"https:\/\/anpiano.com\/wp-content\/uploads\/2024\/04\/Piano-Apollo-A1-e-300x274.jpg\" alt=\"APOLLO A1\" width=\"651\" height=\"594\" srcset=\"https:\/\/anpiano.com\/wp-content\/uploads\/2024\/04\/Piano-Apollo-A1-e-300x274.jpg 300w, https:\/\/anpiano.com\/wp-content\/uploads\/2024\/04\/Piano-Apollo-A1-e-768x702.jpg 768w, https:\/\/anpiano.com\/wp-content\/uploads\/2024\/04\/Piano-Apollo-A1-e-510x466.jpg 510w, https:\/\/anpiano.com\/wp-content\/uploads\/2024\/04\/Piano-Apollo-A1-e.jpg 1024w\" sizes=\"(max-width: 651px) 100vw, 651px\" \/><\/p>\n<p>Ngo\u00e0i ra, \u0111\u00e0n piano \u0111i\u1ec7n <strong>APOLLO A1<\/strong>\u00a0 c\u00f2n \u0111\u01b0\u1ee3c trang b\u1ecb c\u00f4ng ngh\u1ec7 l\u1ea5y m\u1eabu \u00e2m thanh APOLLO Nh\u1eadt B\u1ea3n, cho \u00e2m thanh g\u1ed1c t\u1eeb \u0111\u1ea1i d\u01b0\u01a1ng c\u1ea7m APOLLO. \u0110i\u1ec1u n\u00e0y gi\u00fap s\u1ea3n ph\u1ea9m c\u00f3 \u00e2m thanh s\u1ed1ng \u0111\u1ed9ng v\u00e0 ch\u00e2n th\u1ef1c, mang l\u1ea1i tr\u1ea3i nghi\u1ec7m \u00e2m nh\u1ea1c tuy\u1ec7t v\u1eddi cho ng\u01b0\u1eddi ch\u01a1i.<\/p>\n<p>&nbsp;<\/p>\n<h2><strong>\u0110\u00c1NH GI\u00c1 \u0110\u00c0N PIANO \u0110I\u1ec6N APOLLO A1\u00a0 <\/strong><\/h2>\n<p>\u0110\u1ec3 c\u00f3 th\u1ec3 \u0111\u00e1nh gi\u00e1 ch\u00ednh x\u00e1c v\u1ec1 \u00e2m thanh c\u1ee7a \u0111\u00e0n piano \u0111i\u1ec7n Apollo A1, ch\u00fang ta s\u1ebd c\u00f9ng so s\u00e1nh v\u1edbi m\u1ed9t s\u1ed1 s\u1ea3n ph\u1ea9m kh\u00e1c c\u00f9ng ph\u00e2n kh\u00fac v\u00e0 c\u00f9ng t\u00ednh n\u0103ng.<\/p>\n<p>&nbsp;<\/p>\n<h3><strong>So s\u00e1nh v\u1edbi \u0111\u00e0n piano \u0111i\u1ec7n Yamaha P-125<\/strong><\/h3>\n<p>\u0110\u00e0n piano \u0111i\u1ec7n Yamaha P-125 l\u00e0 m\u1ed9t trong nh\u1eefng s\u1ea3n ph\u1ea9m \u0111\u01b0\u1ee3c \u0111\u00e1nh gi\u00e1 cao trong ph\u00e2n kh\u00fac t\u1ea7m trung. V\u1edbi gi\u00e1 th\u00e0nh kho\u1ea3ng 30 tri\u1ec7u \u0111\u1ed3ng, s\u1ea3n ph\u1ea9m n\u00e0y c\u0169ng c\u00f3 thi\u1ebft k\u1ebf nh\u1ecf g\u1ecdn v\u00e0 t\u00ednh n\u0103ng t\u01b0\u01a1ng t\u1ef1 nh\u01b0 \u0111\u00e0n piano \u0111i\u1ec7n <strong>APOLLO A1<\/strong>\u00a0.<\/p>\n<p>Tuy nhi\u00ean, khi so s\u00e1nh v\u1ec1 \u00e2m thanh, \u0111\u00e0n piano \u0111i\u1ec7n <strong>APOLLO A1<\/strong>\u00a0 c\u00f3 \u00e2m s\u1eafc r\u00f5 r\u00e0ng h\u01a1n v\u00e0 \u0111\u1eb7c bi\u1ec7t l\u00e0 c\u00f3 th\u1ec3 t\u00e1i t\u1ea1o \u0111\u01b0\u1ee3c \u00e2m thanh c\u1ee7a \u0111\u1ea1i d\u01b0\u01a1ng c\u1ea7m APOLLO. \u0110i\u1ec1u n\u00e0y gi\u00fap cho ng\u01b0\u1eddi ch\u01a1i c\u00f3 th\u1ec3 tr\u1ea3i nghi\u1ec7m \u00e2m nh\u1ea1c m\u1ed9t c\u00e1ch ch\u00e2n th\u1ef1c v\u00e0 s\u1ed1ng \u0111\u1ed9ng h\u01a1n.<\/p>\n<p>&nbsp;<\/p>\n<h3><strong>So s\u00e1nh v\u1edbi \u0111\u00e0n piano \u0111i\u1ec7n Casio PX-770<\/strong><\/h3>\n<p>\u0110\u00e0n piano \u0111i\u1ec7n Casio PX-770 l\u00e0 m\u1ed9t s\u1ea3n ph\u1ea9m \u0111\u1ebfn t\u1eeb th\u01b0\u01a1ng hi\u1ec7u n\u1ed5i ti\u1ebfng Casio. V\u1edbi gi\u00e1 th\u00e0nh kho\u1ea3ng 25 tri\u1ec7u \u0111\u1ed3ng, s\u1ea3n ph\u1ea9m n\u00e0y c\u0169ng c\u00f3 thi\u1ebft k\u1ebf v\u00e0 t\u00ednh n\u0103ng t\u01b0\u01a1ng t\u1ef1 nh\u01b0 \u0111\u00e0n piano \u0111i\u1ec7n <strong>APOLLO A1<\/strong>\u00a0.<\/p>\n<p>Tuy nhi\u00ean, khi so s\u00e1nh v\u1ec1 \u00e2m thanh, \u0111\u00e0n piano \u0111i\u1ec7n <strong>APOLLO A1<\/strong>\u00a0 l\u1ea1i c\u00f3 \u00e2m s\u1eafc tinh t\u1ebf v\u00e0 s\u1ed1ng \u0111\u1ed9ng h\u01a1n. \u0110i\u1ec1u n\u00e0y c\u00f3 th\u1ec3 \u0111\u01b0\u1ee3c gi\u1ea3i th\u00edch b\u1edfi c\u00f4ng ngh\u1ec7 l\u1ea5y m\u1eabu \u00e2m thanh APOLLO Nh\u1eadt B\u1ea3n, mang l\u1ea1i \u00e2m thanh g\u1ed1c t\u1eeb \u0111\u1ea1i d\u01b0\u01a1ng c\u1ea7m APOLLO.<\/p>\n<div id=\"text-2086846409\" class=\"text\">\n<h2>Th\u00f4ng s\u1ed1 k\u1ef9 thu\u1eadt<\/h2>\n<\/div>\n<div id=\"row-1204211393\" class=\"row\">\n<div id=\"col-967974645\" class=\"col medium-8 small-12 large-8\">\n<div class=\"col-inner\">\n<ul>\n<li><strong>M\u1eabu APOLLO A1<\/strong><\/li>\n<li><strong>Th\u01b0\u01a1ng hi\u1ec7u \u0110\u00e0n Piano K\u1ef9 Thu\u1eadt S\u1ed1 APOLLO<\/strong><\/li>\n<li><strong>Chi\u1ec1u d\u00e0i:<\/strong>\u00a0137cm \u2013\u00a0<strong>Chi\u1ec1u r\u1ed9ng:<\/strong>\u00a083cm *\u00a0<strong>Chi\u1ec1u cao:<\/strong>\u00a083cm<\/li>\n<li><strong>Kh\u1ed1i l\u01b0\u1ee3ng<\/strong>: 44kg<\/li>\n<li><strong>M\u00e0u s\u1eafc:<\/strong>\u00a0\u0110en, tr\u1eafng<\/li>\n<li>Ngu\u1ed3n \u00e2m thanh APOLLO t\u1ef1 ph\u00e1t tri\u1ec3n c\u1ee7a Nh\u1eadt B\u1ea3n A-1 \u00e1p d\u1ee5ng c\u00f4ng ngh\u1ec7 l\u1ea5y m\u1eabu do APOLLO ph\u00e1t tri\u1ec3n. C\u1ed1t l\u00f5i c\u1ee7a c\u00f4ng ngh\u1ec7 n\u00e0y l\u00e0 ghi l\u1ea1i \u00e2m thanh c\u1ee7a t\u1eebng ph\u00edm \u0111\u00e0n piano v\u00e0 thu th\u1eadp m\u1ed9t lo\u1ea1t \u00e2m thanh \u1edf c\u00e1c \u00e2m l\u01b0\u1ee3ng kh\u00e1c nhau<\/li>\n<li><strong>B\u00e0n ph\u00edm:<\/strong>\u00a088-key progressive hammer key salt B\u00e0n ph\u00edm l\u0169y ti\u1ebfn x\u00fac gi\u00e1c b\u00faa n\u1eb7ng 88 ph\u00edm m\u1edbi \u0111\u01b0\u1ee3c nh\u1eadp kh\u1ea9u A-1 cho ph\u00e9p \u0111\u00e0n piano k\u1ef9 thu\u1eadt s\u1ed1 di \u0111\u1ed9ng t\u00e1i t\u1ea1o c\u1ea3m gi\u00e1c \u0111\u1ed9c \u0111\u00e1o c\u1ee7a c\u00e2y \u0111\u1ea1i d\u01b0\u01a1ng c\u1ea7m truy\u1ec1n th\u1ed1ng<\/li>\n<li><strong>Nh\u1ea1c \u0111\u1ec7m:<\/strong>\u00a0100 \u0111i\u1ec7u<\/li>\n<li><strong>\u00c2m s\u1eafc kh\u00e1c:<\/strong>\u00a0200 \u00e2m s\u1eafc kh\u00e1c nhau<\/li>\n<li><strong>Demo:<\/strong>\u00a060 b\u00e0i c\u00e0i \u0111\u1eb7t s\u1eb5n<\/li>\n<li><strong>Ngu\u1ed3n:<\/strong>\u00a012-15V3A<\/li>\n<li><strong>Pedall:<\/strong>\u00a0Sostenuto, Soft, Sustain (with half pedal).<\/li>\n<li><strong>Ch\u1ee9c n\u0103ng:<\/strong>\u00a0transpose, Record\/Play, Metronome,\u2026..<\/li>\n<li><strong>K\u1ebft n\u1ed1i b\u00ean ngo\u00e0i:<\/strong>\u00a0Tai nghe, pedal , USB \u2013 Midi , Bluetooth, Bluetooth MiDi<\/li>\n<li><strong>K\u1ebft n\u1ed1i APP h\u1ecdc t\u1eadp mi\u1ec5n ph\u00ed:<\/strong>\u00a0Piano Masestro, Piano Bar, Tan8\u2026tr\u00ean h\u1ec7 \u0111i\u1ec1u h\u00e0nh IOS, Android, Windows<\/li>\n<\/ul>\n<\/div>\n<\/div>\n<\/div>\n<p><a href=\"https:\/\/www.facebook.com\/Anpiano.hanoi\" target=\"_blank\" rel=\"noopener\">T\u01b0 v\u1ea5n v\u00e0 ch\u1ecdn mua s\u1ea3n\u00a0ph\u1ea9m kh\u00e1c t\u1ea1i \u0111\u00e2y<\/a><\/p>\n<p><a href=\"http:\/\/thumuapiano.com\/\" target=\"_blank\" rel=\"noopener\">Ch\u00fang t\u00f4i nh\u1eadn thu mua Piano, h\u00e3y li\u00ean h\u1ec7 n\u1ebfu b\u1ea1n c\u00f3 nhu c\u1ea7u.<\/a><\/p>\n","protected":false},"excerpt":{"rendered":"<ul>\n<li>B\u1ea3o h\u00e0nh ch\u00ednh h\u00e3ng 24 th\u00e1ng\u00a0<a href=\"https:\/\/anpiano.com\/chinh-sach-bao-hanh\/\">xem th\u00eam<\/a><\/li>\n<li>Gh\u1ebf<\/li>\n<li>Jack tai nghe<\/li>\n<li>S\u00e1ch nh\u1ea1c<\/li>\n<li>\u0110\u1ed5i ngu\u1ed3n 220V<\/li>\n<li>Freeship HCM \u2013 HN \u2013 \u0110N \u2013 NT &#8211; BMT<\/li>\n<li>Kh\u00f3a h\u1ecdc online<\/li>\n<\/ul>\n<p><strong>APOLLO A1<\/strong> l\u00e0 m\u1ed9t s\u1ea3n ph\u1ea9m c\u1ee7a th\u01b0\u01a1ng hi\u1ec7u Apollo &#8211; m\u1ed9t th\u01b0\u01a1ng hi\u1ec7u n\u1ed5i ti\u1ebfng v\u1edbi c\u00e1c s\u1ea3n ph\u1ea9m \u00e2m nh\u1ea1c ch\u1ea5t l\u01b0\u1ee3ng cao. V\u1edbi thi\u1ebft k\u1ebf sang tr\u1ecdng v\u00e0 hi\u1ec7n \u0111\u1ea1i, \u0111\u00e0n piano \u0111i\u1ec7n <strong>APOLLO A1<\/strong>\u00a0 \u0111\u00e3 thu h\u00fat \u0111\u01b0\u1ee3c s\u1ef1 quan t\u00e2m c\u1ee7a nhi\u1ec1u ng\u01b0\u1eddi y\u00eau \u00e2m nh\u1ea1c.<\/p>\n","protected":false},"featured_media":11292,"comment_status":"open","ping_status":"closed","template":"","meta":[],"product_cat":[17,136],"product_tag":[474,482,493,143,641],"class_list":{"0":"post-11290","1":"product","2":"type-product","3":"status-publish","4":"has-post-thumbnail","6":"product_cat-piano-dan-dien","7":"product_cat-thuong-hieu-khac","8":"product_tag-an-piano","9":"product_tag-dan-dien","10":"product_tag-dan-piano-dien","11":"product_tag-piano-dien","12":"product_tag-piano-gia-re","14":"first","15":"instock","16":"sale","17":"shipping-taxable","18":"purchasable","19":"product-type-simple"},"jetpack_sharing_enabled":true,"_links":{"self":[{"href":"https:\/\/anpiano.com\/index.php?rest_route=\/wp\/v2\/product\/11290"}],"collection":[{"href":"https:\/\/anpiano.com\/index.php?rest_route=\/wp\/v2\/product"}],"about":[{"href":"https:\/\/anpiano.com\/index.php?rest_route=\/wp\/v2\/types\/product"}],"replies":[{"embeddable":true,"href":"https:\/\/anpiano.com\/index.php?rest_route=%2Fwp%2Fv2%2Fcomments&post=11290"}],"version-history":[{"count":1,"href":"https:\/\/anpiano.com\/index.php?rest_route=\/wp\/v2\/product\/11290\/revisions"}],"predecessor-version":[{"id":13317,"href":"https:\/\/anpiano.com\/index.php?rest_route=\/wp\/v2\/product\/11290\/revisions\/13317"}],"wp:featuredmedia":[{"embeddable":true,"href":"https:\/\/anpiano.com\/index.php?rest_route=\/wp\/v2\/media\/11292"}],"wp:attachment":[{"href":"https:\/\/anpiano.com\/index.php?rest_route=%2Fwp%2Fv2%2Fmedia&parent=11290"}],"wp:term":[{"taxonomy":"product_cat","embeddable":true,"href":"https:\/\/anpiano.com\/index.php?rest_route=%2Fwp%2Fv2%2Fproduct_cat&post=11290"},{"taxonomy":"product_tag","embeddable":true,"href":"https:\/\/anpiano.com\/index.php?rest_route=%2Fwp%2Fv2%2Fproduct_tag&post=11290"}],"curies":[{"name":"wp","href":"https:\/\/api.w.org\/{rel}","templated":true}]}}