{"id":11312,"date":"2024-04-15T18:30:44","date_gmt":"2024-04-15T11:30:44","guid":{"rendered":"https:\/\/anpiano.com\/?post_type=product&#038;p=11312"},"modified":"2025-09-25T18:08:42","modified_gmt":"2025-09-25T11:08:42","slug":"yamaha-mc10bl","status":"publish","type":"product","link":"https:\/\/anpiano.com\/?product=yamaha-mc10bl","title":{"rendered":"Yamaha MC10BL"},"content":{"rendered":"<h4><strong>\u0110\u00e0n piano c\u01a1 YAMAHA MC10BL<\/strong>\u00a0\u0111\u01b0\u1ee3c \u0111\u00e1nh gi\u00e1 thu\u1ed9c m\u1ed9t trong nh\u1eefng c\u00e2y \u0111\u00e0n \u0111\u01b0\u1ee3c \u0111\u1ea7u t\u01b0 t\u1eeb ch\u00ednh th\u01b0\u01a1ng hi\u1ec7u c\u1ee7a m\u00ecnh. V\u1edbi nh\u1eefng tr\u1ea3i nghi\u1ec7m ho\u00e0n h\u1ea3o c\u0169ng ch\u1ea5t l\u01b0\u1ee3ng \u00e2m thanh mang l\u1ea1i. YAMAHA MC10BL x\u1ee9ng \u0111\u00e1ng l\u00e0 l\u1ef1a ch\u1ecdn \u01b0u ti\u00ean cho nh\u1eefng ngh\u1ec7 s\u0129, ng\u01b0\u1eddi ch\u01a1i d\u00f2ng piano c\u01a1.<\/h4>\n<p><img fetchpriority=\"high\" decoding=\"async\" class=\"alignnone wp-image-11341\" src=\"https:\/\/anpiano.com\/wp-content\/uploads\/2024\/04\/mc-300x225.jpg\" alt=\"Yamaha MC10BL\" width=\"704\" height=\"528\" srcset=\"https:\/\/anpiano.com\/wp-content\/uploads\/2024\/04\/mc-300x225.jpg 300w, https:\/\/anpiano.com\/wp-content\/uploads\/2024\/04\/mc-1024x768.jpg 1024w, https:\/\/anpiano.com\/wp-content\/uploads\/2024\/04\/mc-768x576.jpg 768w, https:\/\/anpiano.com\/wp-content\/uploads\/2024\/04\/mc-1536x1152.jpg 1536w, https:\/\/anpiano.com\/wp-content\/uploads\/2024\/04\/mc-247x185.jpg 247w, https:\/\/anpiano.com\/wp-content\/uploads\/2024\/04\/mc-510x383.jpg 510w, https:\/\/anpiano.com\/wp-content\/uploads\/2024\/04\/mc.jpg 1920w\" sizes=\"(max-width: 704px) 100vw, 704px\" \/><\/p>\n<h2>Kh\u00e1m ph\u00e1 \u0111\u00f4i n\u00e9t v\u1ec1 piano c\u01a1 YAMAHA MC10BL<\/h2>\n<p><img decoding=\"async\" class=\"alignnone wp-image-11314\" src=\"https:\/\/anpiano.com\/wp-content\/uploads\/2024\/04\/z5349215849575_c63b888d24766ae990eac9f66e5fc876-300x239.jpg\" alt=\"yamaha mc10bl\" width=\"705\" height=\"562\" srcset=\"https:\/\/anpiano.com\/wp-content\/uploads\/2024\/04\/z5349215849575_c63b888d24766ae990eac9f66e5fc876-300x239.jpg 300w, https:\/\/anpiano.com\/wp-content\/uploads\/2024\/04\/z5349215849575_c63b888d24766ae990eac9f66e5fc876-768x613.jpg 768w, https:\/\/anpiano.com\/wp-content\/uploads\/2024\/04\/z5349215849575_c63b888d24766ae990eac9f66e5fc876-510x407.jpg 510w, https:\/\/anpiano.com\/wp-content\/uploads\/2024\/04\/z5349215849575_c63b888d24766ae990eac9f66e5fc876.jpg 1010w\" sizes=\"(max-width: 705px) 100vw, 705px\" \/><\/p>\n<p>\u2013 \u0110\u00e0n piano c\u01a1 YAMAHA MC10BL \u0111\u01b0\u1ee3c s\u1ea3n xu\u1ea5t v\u00e0o nh\u1eefng n\u0103m 80 c\u1ee7a th\u1ebf k\u1ef7 XX. \u0110\u00e2y \u0111\u01b0\u1ee3c coi l\u00e0 th\u1eddi k\u1ef3 v\u00e0ng son c\u1ee7a Yamaha v\u1ec1 c\u1ea3 v\u1eadt li\u1ec7u \u0111\u1ebfn k\u1ef9 thu\u1eadt ch\u1ebf t\u00e1c.<\/p>\n<p>\u2013 L\u00e0 m\u1ed9t trong nh\u1eefng m\u1eabu \u0111\u00e0n \u0111\u01b0\u1ee3c \u00e1p d\u1ee5ng chi\u1ebfn l\u01b0\u1ee3c gi\u1ea3m chi ph\u00ed s\u1ea3n xu\u1ea5t b\u1eb1ng c\u00e1ch gi\u1ea3m thi\u1ec3u nh\u1eefng chi ti\u1ebft kh\u00f4ng c\u1ea7n thi\u1ebft.<\/p>\n<p>\u2013 Ch\u00ednh v\u00ec th\u1ebf b\u1ed9 c\u01a1 \u0111\u00e0n v\u00e0 nh\u1eefng b\u1ed9 ph\u1eadn ch\u1ecbu tr\u00e1ch nhi\u1ec7m ch\u00ednh cho ch\u1ea5t l\u01b0\u1ee3ng \u00e2m thanh \u0111\u01b0\u1ee3c \u0111\u1ea7u t\u01b0 r\u1ea5t l\u1edbn.<\/p>\n<p>\u2013 V\u1edbi chi\u1ec1u cao 121cm, k\u00edch th\u01b0\u1edbc nh\u1ecf nh\u1eafn v\u00e0 thanh l\u1ecbch, \u0111\u00e0n piano c\u01a1 Yamaha MC10BL ph\u00f9 h\u1ee3p v\u1edbi c\u1ea3 kh\u00f4ng gian ch\u1eadt h\u1eb9p.<\/p>\n<p>&nbsp;<\/p>\n<h2>Tr\u1ea3i nghi\u1ec7m ng\u01b0\u1eddi ch\u01a1i tr\u00ean piano c\u01a1 YAMAHA MC10BL<\/h2>\n<p>&nbsp;<\/p>\n<p>\u2013 B\u1ea3ng c\u1ed9ng h\u01b0\u1edfng \u0111\u01b0\u1ee3c ch\u1ebf t\u00e1c t\u1eeb g\u1ed7 v\u00e2n sam l\u00e2u n\u0103m. Ch\u1ec9 10% s\u1ed1 l\u01b0\u1ee3ng g\u1ed7 nh\u1eadp v\u1ec1 \u0111\u1ea1t y\u00eau c\u1ea7u \u0111\u1ec3 ch\u1ebf t\u00e1c, s\u1ea3n xu\u1ea5t ri\u00eang b\u1ea3ng c\u1ed9ng h\u01b0\u1edfng. \u0110\u00e2y \u0111\u01b0\u1ee3c coi l\u00e0 b\u1ed9 ph\u1eadn linh h\u1ed3n t\u01b0\u1ee3ng tr\u01b0ng cho c\u00e2y \u0111\u00e0n.<\/p>\n<p>\u2013 D\u00e2y \u0111\u00e0n s\u1eed d\u1ee5ng t\u1eeb th\u00e9p v\u1edbi c\u01b0\u1eddng \u0111\u1ed9 cao, \u00edt c\u00e1c bon. V\u00ec v\u1eady kh\u1ea3 n\u0103ng d\u1ebbo dai, linh ho\u1ea1t cho ng\u01b0\u1eddi ch\u01a1i th\u00eam m\u01b0\u1ee3t m\u00e0.<\/p>\n<p>-Nh\u1eefng d\u00e2y bass \u0111\u01b0\u1ee3c cu\u1ed1n th\u00eam m\u1ed9t l\u1edbp \u0111\u1ed3ng nguy\u00ean ch\u1ea5t. \u0110\u1ea3m b\u1ea3o ch\u1ea5t l\u01b0\u1ee3ng \u00e2m thanh m\u00e0 kh\u00f4ng c\u1ea7n ph\u1ea3i k\u00e9o d\u00e2y.<\/p>\n<p>\u2013 B\u1ed9 \u0111\u00e0n \u0111\u01b0\u1ee3c \u00e1p d\u1ee5ng c\u00f4ng ngh\u1ec7 V-pro cho m\u1ed9t b\u1ea3ng c\u1ed9ng h\u01b0\u1edfng r\u1eafn ch\u1eafc v\u00e0 \u0111\u1eb9p m\u1eaft. Ch\u1ecbu l\u1ef1c c\u0103ng h\u00e0ng ch\u1ee5c t\u1ea5n. T\u0103ng c\u01b0\u1eddng \u0111\u1ed9 b\u1ec1n c\u1ee7a \u0111\u00e0n tr\u01b0\u1edbc nh\u1eefng t\u00e1c \u0111\u1ed9ng c\u1ee7a nhi\u1ec1u y\u1ebfu t\u1ed1.<\/p>\n<p>\u2013 Ph\u00edm \u0111\u00e0n \u0111\u01b0\u1ee3c g\u1ecdt gi\u0169a th\u1ee7 c\u00f4ng t\u1eeb nh\u1eefng b\u00e0n tay t\u00e0i hoa. M\u1ed7i ph\u00edm \u0111\u00e0n \u0111\u1ec1u \u0111\u01b0\u1ee3c ki\u1ec3m tra nghi\u00eam ng\u1eb7t v\u00e0 ti\u00eau chu\u1ea9n k\u1ef9 thu\u1eadt tr\u01b0\u1edbc khi \u0111i v\u00e0o s\u1eed d\u1ee5ng.<\/p>\n<p>\u2013 M\u1ed9t l\u1edbp s\u01a1n cao c\u1ea5p tr\u00ean b\u1ec1 m\u1eb7t ph\u00edm ch\u1ed1ng tr\u01b0\u1ee3t t\u1ea1o \u0111i\u1ec1u ki\u1ec7n cho thao t\u00e1c m\u01b0\u1ee3t m\u00e0 tr\u00ean nh\u1eefng ng\u00f3n tay c\u1ee7a ngh\u1ec7 s\u0129 ch\u01a1i \u0111\u00e0n.<\/p>\n<p>\u2013 C\u00e2y \u0111\u00e0n s\u1edf h\u1eefu \u0111\u1ee7 03 pedal v\u00e0 \u0111\u01b0\u1ee3c s\u01a1n \u00e1nh v\u00e0ng. L\u00e0m t\u0103ng s\u1ef1 thanh l\u1ecbch v\u00e0 \u0111i\u1ec3m nh\u1ea5n cho t\u1ed5ng th\u1ec3.<\/p>\n<div data-id=\"9ly1xDmkO1M\" data-query=\"\" data-src=\"https:\/\/www.youtube.com\/embed\/9ly1xDmkO1M\"><a href=\"https:\/\/www.facebook.com\/anpiano.saigon\" target=\"_blank\" rel=\"noopener\">T\u01b0 v\u1ea5n v\u00e0 ch\u1ecdn mua s\u1ea3n ph\u1ea9m kh\u00e1c t\u1ea1i \u0111\u00e2y<\/a><\/div>\n<div data-id=\"9ly1xDmkO1M\" data-query=\"\" data-src=\"https:\/\/www.youtube.com\/embed\/9ly1xDmkO1M\"><a href=\"http:\/\/thumuapiano.com\/\" target=\"_blank\" rel=\"noopener\">Ch\u00fang t\u00f4i nh\u1eadn thu mua Piano, h\u00e3y li\u00ean h\u1ec7 n\u1ebfu b\u1ea1n c\u00f3 nhu c\u1ea7u.<\/a><\/div>\n","protected":false},"excerpt":{"rendered":"<ul>\n<li>B\u1ea3o h\u00e0nh 5 n\u0103m\u00a0<a href=\"https:\/\/anpiano.com\/chinh-sach-bao-hanh\/\">xem th\u00eam<\/a><\/li>\n<li>Gh\u1ebf<\/li>\n<li>Kh\u0103n ph\u1ee7 ph\u00edm<\/li>\n<li>Kh\u0103n ph\u1ee7 \u0111\u00e0n<\/li>\n<li>\u1ed0ng s\u1ea5y<\/li>\n<li>Freeship HCM \u2013 HN \u2013 \u0110N \u2013 NT &#8211; BMT<\/li>\n<li>Kh\u00f3a h\u1ecdc online<\/li>\n<\/ul>\n<p>Yamaha MC10BL s\u01a1 h\u1eefu chi\u1ec1u cao 121 cm. M\u1ed9t c\u00e2y \u0111\u00e0n piano nh\u1ecf g\u1ecdn v\u00e0 \u0111\u01a1n gi\u1ea3n \u0111\u01b0\u1ee3c thi\u1ebft k\u1ebf ph\u00f9 h\u1ee3p v\u1edbi m\u00f4i tr\u01b0\u1eddng d\u00e2n c\u01b0 hi\u1ec7n \u0111\u1ea1i. \u00c2m s\u1eafc t\u01b0\u01a1i s\u00e1ng \u0111\u1eb7c tr\u01b0ng c\u1ee7a Yamaha v\u00e0 c\u00e2n b\u1eb1ng \u00e2m t\u1ed1t t\u1eeb th\u1ea5p \u0111\u1ebfn cao, l\u00e0 s\u1ef1 l\u1ef1a ch\u1ecdn l\u00fd t\u01b0\u1edfng cho ng\u01b0\u1eddi ch\u01a1i piano.<\/p>\n","protected":false},"featured_media":11341,"comment_status":"open","ping_status":"closed","template":"","meta":[],"product_cat":[125,326],"product_tag":[474,672,360,771,689,142,650,283,632,634,140],"class_list":{"0":"post-11312","1":"product","2":"type-product","3":"status-publish","4":"has-post-thumbnail","6":"product_cat-piano-upright","7":"product_cat-yamaha-upright","8":"product_tag-an-piano","9":"product_tag-dan-co-yamaha","10":"product_tag-dan-piano","11":"product_tag-dan-piano-co","12":"product_tag-dan-yamaha","13":"product_tag-piano","14":"product_tag-piano-cho-nguoi-moi-hoc","15":"product_tag-piano-co","16":"product_tag-piano-co-gia-re","17":"product_tag-piano-yamaha","18":"product_tag-yamaha","20":"first","21":"instock","22":"sale","23":"shipping-taxable","24":"purchasable","25":"product-type-simple"},"jetpack_sharing_enabled":true,"_links":{"self":[{"href":"https:\/\/anpiano.com\/index.php?rest_route=\/wp\/v2\/product\/11312"}],"collection":[{"href":"https:\/\/anpiano.com\/index.php?rest_route=\/wp\/v2\/product"}],"about":[{"href":"https:\/\/anpiano.com\/index.php?rest_route=\/wp\/v2\/types\/product"}],"replies":[{"embeddable":true,"href":"https:\/\/anpiano.com\/index.php?rest_route=%2Fwp%2Fv2%2Fcomments&post=11312"}],"version-history":[{"count":3,"href":"https:\/\/anpiano.com\/index.php?rest_route=\/wp\/v2\/product\/11312\/revisions"}],"predecessor-version":[{"id":14073,"href":"https:\/\/anpiano.com\/index.php?rest_route=\/wp\/v2\/product\/11312\/revisions\/14073"}],"wp:featuredmedia":[{"embeddable":true,"href":"https:\/\/anpiano.com\/index.php?rest_route=\/wp\/v2\/media\/11341"}],"wp:attachment":[{"href":"https:\/\/anpiano.com\/index.php?rest_route=%2Fwp%2Fv2%2Fmedia&parent=11312"}],"wp:term":[{"taxonomy":"product_cat","embeddable":true,"href":"https:\/\/anpiano.com\/index.php?rest_route=%2Fwp%2Fv2%2Fproduct_cat&post=11312"},{"taxonomy":"product_tag","embeddable":true,"href":"https:\/\/anpiano.com\/index.php?rest_route=%2Fwp%2Fv2%2Fproduct_tag&post=11312"}],"curies":[{"name":"wp","href":"https:\/\/api.w.org\/{rel}","templated":true}]}}