{"id":11316,"date":"2024-04-16T17:27:32","date_gmt":"2024-04-16T10:27:32","guid":{"rendered":"https:\/\/anpiano.com\/?post_type=product&#038;p=11316"},"modified":"2025-09-25T18:08:17","modified_gmt":"2025-09-25T11:08:17","slug":"apollo-dp66","status":"publish","type":"product","link":"https:\/\/anpiano.com\/?product=apollo-dp66","title":{"rendered":"Apollo DP66 (M\u1edbi 100%)"},"content":{"rendered":"<h2><strong>\u0110\u00c0N PIANO \u0110I\u1ec6N PIANO APOLLO DP66<\/strong><\/h2>\n<p>Trong b\u00e0i vi\u1ebft n\u00e0y, ch\u00fang ta s\u1ebd c\u00f9ng t\u00ecm hi\u1ec3u v\u1ec1 nh\u1eefng t\u00ednh n\u0103ng n\u1ed5i b\u1eadt c\u1ee7a \u0111\u00e0n piano \u0111i\u1ec7n Apollo DP66, t\u1eeb b\u00e0n ph\u00edm, ngu\u1ed3n \u00e2m thanh, k\u1ebft n\u1ed1i cho \u0111\u1ebfn \u01b0u v\u00e0 nh\u01b0\u1ee3c \u0111i\u1ec3m c\u1ee7a s\u1ea3n ph\u1ea9m n\u00e0y. Ch\u00fang ta c\u0169ng s\u1ebd so s\u00e1nh \u0111\u00e0n piano \u0111i\u1ec7n Apollo DP66 v\u1edbi c\u00e1c \u0111\u00e0n piano \u0111i\u1ec7n kh\u00e1c \u0111\u1ec3 c\u00f3 c\u00e1i nh\u00ecn t\u1ed5ng quan v\u1ec1 s\u1ea3n ph\u1ea9m n\u00e0y. H\u00e3y c\u00f9ng kh\u00e1m ph\u00e1 chi ti\u1ebft v\u1ec1\u00a0<em><strong>\u0111\u00e0n\u00a0piano \u0111i\u1ec7n Apollo DP66<\/strong><\/em>!<\/p>\n<p>&nbsp;<\/p>\n<h2><strong>NH\u1eeeNG T\u00cdNH N\u0102NG N\u1ed4I B\u1eacT C\u1ee6A \u0110\u00c0N PIANO \u0110I\u1ec6N APOLLO DP66<\/strong><\/h2>\n<p><img fetchpriority=\"high\" decoding=\"async\" class=\"alignnone wp-image-11318\" src=\"https:\/\/anpiano.com\/wp-content\/uploads\/2024\/04\/DSC05919-copy-300x200.jpg\" alt=\"Apollo DP66\" width=\"656\" height=\"437\" srcset=\"https:\/\/anpiano.com\/wp-content\/uploads\/2024\/04\/DSC05919-copy-300x200.jpg 300w, https:\/\/anpiano.com\/wp-content\/uploads\/2024\/04\/DSC05919-copy-1024x682.jpg 1024w, https:\/\/anpiano.com\/wp-content\/uploads\/2024\/04\/DSC05919-copy-768x512.jpg 768w, https:\/\/anpiano.com\/wp-content\/uploads\/2024\/04\/DSC05919-copy-1536x1024.jpg 1536w, https:\/\/anpiano.com\/wp-content\/uploads\/2024\/04\/DSC05919-copy-2048x1365.jpg 2048w, https:\/\/anpiano.com\/wp-content\/uploads\/2024\/04\/DSC05919-copy-510x340.jpg 510w\" sizes=\"(max-width: 656px) 100vw, 656px\" \/><\/p>\n<p>\u0110\u1ea7u ti\u00ean, ch\u00fang ta s\u1ebd \u0111i\u1ec3m qua nh\u1eefng t\u00ednh n\u0103ng n\u1ed5i b\u1eadt c\u1ee7a \u0111\u00e0n piano \u0111i\u1ec7n\u00a0<em>Apollo DP66<\/em>:<\/p>\n<ul>\n<li>Giao di\u1ec7n \u0111i\u1ec1u khi\u1ec3n \u0111\u01a1n gi\u1ea3n, d\u1ec5 s\u1eed d\u1ee5ng.<\/li>\n<li>B\u00e0n ph\u00edm 88 ph\u00edm v\u1edbi c\u01a1 ch\u1ebf nh\u1ea1y l\u1ef1c progressive hammer key salt.<\/li>\n<li>T\u00ednh n\u0103ng h\u1ecdc t\u1eadp v\u1edbi kh\u1ea3 n\u0103ng k\u1ebft n\u1ed1i v\u1edbi m\u00e1y t\u00ednh v\u00e0 thi\u1ebft b\u1ecb di \u0111\u1ed9ng \u0111\u1ec3 s\u1eed d\u1ee5ng c\u00e1c \u1ee9ng d\u1ee5ng h\u1ecdc \u0111\u00e0n.<\/li>\n<li>60 b\u00e0i h\u00e1t demo \u0111\u1ec3 gi\u00fap ng\u01b0\u1eddi d\u00f9ng c\u00f3 th\u1ec3 t\u1ef1 h\u1ecdc v\u00e0 r\u00e8n luy\u1ec7n k\u1ef9 n\u0103ng ch\u01a1i \u0111\u00e0n.<\/li>\n<li>Ngu\u1ed3n \u00e2m thanh \u0111\u01b0\u1ee3c l\u1ea5y m\u1eabu \u0111\u1ed9c quy\u1ec1n c\u1ee7a Apollo, mang l\u1ea1i \u00e2m thanh t\u1ef1 nhi\u00ean v\u00e0 trung th\u1ef1c.<\/li>\n<li>H\u1ec7 th\u1ed1ng loa c\u00f4ng su\u1ea5t cao cho \u00e2m thanh r\u00f5 r\u00e0ng v\u00e0 s\u1ed1ng \u0111\u1ed9ng.<\/li>\n<li>K\u00edch th\u01b0\u1edbc nh\u1ecf g\u1ecdn v\u1edbi chi\u1ec1u d\u00e0i 137cm, chi\u1ec1u r\u1ed9ng 63cm v\u00e0 chi\u1ec1u cao 83cm.<\/li>\n<li>Kh\u1ed1i l\u01b0\u1ee3ng ch\u1ec9 44kg, d\u1ec5 d\u00e0ng di chuy\u1ec3n v\u00e0 l\u1eafp \u0111\u1eb7t trong kh\u00f4ng gian nh\u1ecf h\u1eb9p.<\/li>\n<li>Ph\u1ee9c \u0111i\u1ec7u 128 v\u00e0 \u00e2m s\u1eafc kh\u00e1c 200, cho ph\u00e9p ng\u01b0\u1eddi d\u00f9ng c\u00f3 nhi\u1ec1u s\u1ef1 l\u1ef1a ch\u1ecdn v\u00e0 s\u00e1ng t\u1ea1o trong vi\u1ec7c ch\u01a1i \u0111\u00e0n.<\/li>\n<li>C\u00f3 th\u1ec3 k\u1ebft n\u1ed1i v\u1edbi tai nghe, pedal, USB-Midi, Bluetooth v\u00e0 Bluetooth Midi.<\/li>\n<li>H\u1ed7 tr\u1ee3 k\u1ebft n\u1ed1i v\u1edbi c\u00e1c \u1ee9ng d\u1ee5ng h\u1ecdc t\u1eadp mi\u1ec5n ph\u00ed nh\u01b0 Piano Maestro, Piano Bar v\u00e0 Tan8.<\/li>\n<\/ul>\n<p>&nbsp;<\/p>\n<h2><strong>B\u00c0N PH\u00cdM V\u00c0 C\u01a0 CH\u1ebe HO\u1ea0T \u0110\u1ed8NG C\u1ee6A \u0110\u00c0N PIANO \u0110I\u1ec6N APOLLO DP66\u00a0<\/strong><\/h2>\n<p><img decoding=\"async\" class=\"alignnone wp-image-11325\" src=\"https:\/\/anpiano.com\/wp-content\/uploads\/2024\/04\/DSC06522-copy-2-200x300.jpg\" alt=\"Apollo DP66\" width=\"671\" height=\"1007\" srcset=\"https:\/\/anpiano.com\/wp-content\/uploads\/2024\/04\/DSC06522-copy-2-200x300.jpg 200w, https:\/\/anpiano.com\/wp-content\/uploads\/2024\/04\/DSC06522-copy-2-683x1024.jpg 683w, https:\/\/anpiano.com\/wp-content\/uploads\/2024\/04\/DSC06522-copy-2-768x1152.jpg 768w, https:\/\/anpiano.com\/wp-content\/uploads\/2024\/04\/DSC06522-copy-2-1024x1536.jpg 1024w, https:\/\/anpiano.com\/wp-content\/uploads\/2024\/04\/DSC06522-copy-2-1365x2048.jpg 1365w, https:\/\/anpiano.com\/wp-content\/uploads\/2024\/04\/DSC06522-copy-2-510x765.jpg 510w, https:\/\/anpiano.com\/wp-content\/uploads\/2024\/04\/DSC06522-copy-2-scaled.jpg 1707w\" sizes=\"(max-width: 671px) 100vw, 671px\" \/><\/p>\n<p>&nbsp;<\/p>\n<p>B\u00e0n ph\u00edm l\u00e0 m\u1ed9t trong nh\u1eefng y\u1ebfu t\u1ed1 quan tr\u1ecdng nh\u1ea5t c\u1ee7a m\u1ed9t c\u00e2y \u0111\u00e0n piano \u0111i\u1ec7n. V\u1edbi \u0111\u00e0n piano \u0111i\u1ec7n\u00a0<em>Apollo DP66<\/em>, b\u00e0n ph\u00edm \u0111\u01b0\u1ee3c thi\u1ebft k\u1ebf v\u1edbi 88 ph\u00edm v\u00e0 c\u01a1 ch\u1ebf nh\u1ea1y l\u1ef1c progressive hammer key salt. \u0110i\u1ec1u n\u00e0y c\u00f3 ngh\u0129a l\u00e0 c\u00e1c ph\u00edm s\u1ebd c\u00f3 \u0111\u1ed9 nh\u1ea1y kh\u00e1c nhau, gi\u1ed1ng nh\u01b0 khi ch\u01a1i tr\u00ean m\u1ed9t c\u00e2y \u0111\u00e0n piano c\u01a1 th\u1ef1c s\u1ef1. \u0110i\u1ec1u n\u00e0y gi\u00fap ng\u01b0\u1eddi d\u00f9ng c\u00f3 th\u1ec3 c\u1ea3m nh\u1eadn \u0111\u01b0\u1ee3c s\u1ef1 kh\u00e1c bi\u1ec7t trong \u00e2m thanh khi ch\u01a1i t\u1eebng ph\u00edm kh\u00e1c nhau, t\u1ea1o n\u00ean m\u1ed9t tr\u1ea3i nghi\u1ec7m ch\u01a1i \u0111\u00e0n ch\u00e2n th\u1ef1c v\u00e0 tuy\u1ec7t v\u1eddi.<\/p>\n<p>&nbsp;<\/p>\n<p><img decoding=\"async\" class=\"alignnone wp-image-11317\" src=\"https:\/\/anpiano.com\/wp-content\/uploads\/2024\/04\/DSC05910-copy-300x200.jpg\" alt=\"Apollo DP66\" width=\"671\" height=\"447\" srcset=\"https:\/\/anpiano.com\/wp-content\/uploads\/2024\/04\/DSC05910-copy-300x200.jpg 300w, https:\/\/anpiano.com\/wp-content\/uploads\/2024\/04\/DSC05910-copy-1024x683.jpg 1024w, https:\/\/anpiano.com\/wp-content\/uploads\/2024\/04\/DSC05910-copy-768x512.jpg 768w, https:\/\/anpiano.com\/wp-content\/uploads\/2024\/04\/DSC05910-copy-1536x1024.jpg 1536w, https:\/\/anpiano.com\/wp-content\/uploads\/2024\/04\/DSC05910-copy-2048x1365.jpg 2048w, https:\/\/anpiano.com\/wp-content\/uploads\/2024\/04\/DSC05910-copy-510x340.jpg 510w\" sizes=\"(max-width: 671px) 100vw, 671px\" \/><\/p>\n<p>&nbsp;<\/p>\n<p>Ngo\u00e0i ra, b\u00e0n ph\u00edm c\u1ee7a \u0111\u00e0n piano \u0111i\u1ec7n\u00a0<em>Apollo DP66<\/em>\u00a0c\u00f2n \u0111\u01b0\u1ee3c thi\u1ebft k\u1ebf v\u1edbi k\u00edch th\u01b0\u1edbc chu\u1ea9n, gi\u00fap ng\u01b0\u1eddi d\u00f9ng c\u00f3 th\u1ec3 d\u1ec5 d\u00e0ng ch\u01a1i \u0111\u00e0n v\u00e0 th\u1ef1c hi\u1ec7n c\u00e1c k\u1ef9 thu\u1eadt ph\u1ee9c t\u1ea1p m\u1ed9t c\u00e1ch t\u1ef1 nhi\u00ean. C\u01a1 ch\u1ebf ho\u1ea1t \u0111\u1ed9ng c\u1ee7a b\u00e0n ph\u00edm c\u0169ng r\u1ea5t nh\u1eb9 nh\u00e0ng v\u00e0 \u00eam \u00e1i, gi\u00fap ng\u01b0\u1eddi d\u00f9ng c\u00f3 th\u1ec3 ch\u01a1i \u0111\u00e0n trong th\u1eddi gian d\u00e0i m\u00e0 kh\u00f4ng b\u1ecb m\u1ecfi tay hay kh\u00f3 ch\u1ecbu.<\/p>\n<p>&nbsp;<\/p>\n<h2><strong>NGU\u1ed2N \u00c2M THANH V\u00c0 LOA C\u1ee6A \u0110\u00c0N PIANO \u0110I\u1ec6N APOLLO DP66\u00a0<\/strong><\/h2>\n<p>Ngu\u1ed3n \u00e2m thanh c\u1ee7a \u0111\u00e0n piano \u0111i\u1ec7n Apollo DP66 \u0111\u01b0\u1ee3c l\u1ea5y m\u1eabu \u0111\u1ed9c quy\u1ec1n t\u1eeb h\u00e3ng s\u1ea3n xu\u1ea5t \u0111\u00e0n piano n\u1ed5i ti\u1ebfng Apollo. \u0110i\u1ec1u n\u00e0y \u0111\u1ea3m b\u1ea3o cho \u00e2m thanh c\u1ee7a\u00a0<em><strong>\u0111\u00e0n piano \u0111i\u1ec7n Apollo DP66<\/strong><\/em>\u00a0l\u00e0 ho\u00e0n to\u00e0n t\u1ef1 nhi\u00ean v\u00e0 trung th\u1ef1c, gi\u1ed1ng nh\u01b0 khi ch\u01a1i tr\u00ean m\u1ed9t c\u00e2y \u0111\u00e0n piano c\u01a1 th\u1ef1c s\u1ef1. Ng\u01b0\u1eddi d\u00f9ng c\u00f3 th\u1ec3 c\u1ea3m nh\u1eadn \u0111\u01b0\u1ee3c s\u1ef1 kh\u00e1c bi\u1ec7t r\u00f5 r\u00e0ng trong \u00e2m thanh khi ch\u01a1i \u0111\u00e0n, t\u1eeb nh\u1eefng giai \u0111i\u1ec7u nh\u1eb9 nh\u00e0ng \u0111\u1ebfn nh\u1eefng b\u1ea3n nh\u1ea1c s\u00f4i \u0111\u1ed9ng.<\/p>\n<p>H\u1ec7 th\u1ed1ng loa c\u1ee7a \u0111\u00e0n piano \u0111i\u1ec7n Apollo DP66 c\u0169ng \u0111\u01b0\u1ee3c thi\u1ebft k\u1ebf v\u1edbi c\u00f4ng su\u1ea5t cao, mang l\u1ea1i \u00e2m thanh r\u00f5 r\u00e0ng v\u00e0 s\u1ed1ng \u0111\u1ed9ng. Ng\u01b0\u1eddi d\u00f9ng c\u00f3 th\u1ec3 \u0111i\u1ec1u ch\u1ec9nh \u00e2m l\u01b0\u1ee3ng v\u00e0 hi\u1ec7u \u1ee9ng \u00e2m thanh theo \u00fd mu\u1ed1n \u0111\u1ec3 t\u1ea1o ra nh\u1eefng b\u1ea3n nh\u1ea1c \u0111a d\u1ea1ng v\u00e0 \u0111\u1ea7y m\u00e0u s\u1eafc.<\/p>\n<p>&nbsp;<\/p>\n<h2><strong>C\u00c1C CH\u1ebe \u0110\u1ed8 \u00c2M S\u1eaeC V\u00c0 KI\u1ec2U \u0110\u1ec6M TR\u1ed0NG C\u1ee6A \u0110\u00c0N PIANO \u0110I\u1ec6N APOLLO DP66\u00a0<\/strong><\/h2>\n<p>\u0110\u00e0n piano \u0111i\u1ec7n\u00a0<em>Apollo DP66<\/em>\u00a0c\u00f3 \u0111\u1ebfn 200 \u00e2m s\u1eafc v\u00e0 128 ph\u1ee9c \u0111i\u1ec7u kh\u00e1c nhau, cho ph\u00e9p ng\u01b0\u1eddi d\u00f9ng c\u00f3 nhi\u1ec1u s\u1ef1 l\u1ef1a ch\u1ecdn v\u00e0 s\u00e1ng t\u1ea1o trong vi\u1ec7c ch\u01a1i \u0111\u00e0n. Ng\u01b0\u1eddi d\u00f9ng c\u00f3 th\u1ec3 thay \u0111\u1ed5i \u00e2m s\u1eafc v\u00e0 ph\u1ee9c \u0111i\u1ec7u theo \u00fd mu\u1ed1n \u0111\u1ec3 t\u1ea1o ra nh\u1eefng b\u1ea3n nh\u1ea1c \u0111\u1ed9c \u0111\u00e1o v\u00e0 \u0111\u1ea7y t\u00ednh c\u00e1 nh\u00e2n.<\/p>\n<p><img loading=\"lazy\" decoding=\"async\" class=\"alignnone wp-image-11322\" src=\"https:\/\/anpiano.com\/wp-content\/uploads\/2024\/04\/DSC06423-300x200.jpg\" alt=\"Apollo DP66\" width=\"689\" height=\"459\" srcset=\"https:\/\/anpiano.com\/wp-content\/uploads\/2024\/04\/DSC06423-300x200.jpg 300w, https:\/\/anpiano.com\/wp-content\/uploads\/2024\/04\/DSC06423-1024x683.jpg 1024w, https:\/\/anpiano.com\/wp-content\/uploads\/2024\/04\/DSC06423-768x512.jpg 768w, https:\/\/anpiano.com\/wp-content\/uploads\/2024\/04\/DSC06423-1536x1024.jpg 1536w, https:\/\/anpiano.com\/wp-content\/uploads\/2024\/04\/DSC06423-2048x1365.jpg 2048w, https:\/\/anpiano.com\/wp-content\/uploads\/2024\/04\/DSC06423-510x340.jpg 510w\" sizes=\"(max-width: 689px) 100vw, 689px\" \/><\/p>\n<p>Ngo\u00e0i ra, \u0111\u00e0n piano \u0111i\u1ec7n\u00a0<em>Apollo DP66<\/em>\u00a0c\u00f2n c\u00f3 t\u00ednh n\u0103ng ki\u1ec3u \u0111\u1ec7m tr\u1ed1ng, gi\u00fap ng\u01b0\u1eddi d\u00f9ng c\u00f3 th\u1ec3 t\u1ef1 t\u1ea1o ra nh\u1eefng giai \u0111i\u1ec7u v\u00e0 nh\u1ecbp \u0111i\u1ec7u ri\u00eang c\u1ee7a m\u00ecnh. \u0110i\u1ec1u n\u00e0y r\u1ea5t h\u1eefu \u00edch cho nh\u1eefng ng\u01b0\u1eddi y\u00eau th\u00edch s\u00e1ng t\u00e1c v\u00e0 mu\u1ed1n t\u1ea1o ra nh\u1eefng b\u1ea3n nh\u1ea1c ho\u00e0n to\u00e0n m\u1edbi.<\/p>\n<p>&nbsp;<\/p>\n<h2><strong>K\u1ebeT N\u1ed0I V\u00c0 T\u00cdNH N\u0102NG B\u1ed4 SUNG C\u1ee6A \u0110\u00c0N PIANO \u0110I\u1ec6N APOLLO DP66\u00a0<\/strong><\/h2>\n<p>\u0110\u00e0n piano \u0111i\u1ec7n\u00a0<em>Apollo DP66<\/em>\u00a0c\u00f3 th\u1ec3 k\u1ebft n\u1ed1i v\u1edbi nhi\u1ec1u thi\u1ebft b\u1ecb kh\u00e1c nhau nh\u01b0 tai nghe, pedal, USB-Midi, Bluetooth v\u00e0 Bluetooth Midi. \u0110i\u1ec1u n\u00e0y gi\u00fap ng\u01b0\u1eddi d\u00f9ng c\u00f3 th\u1ec3 ch\u01a1i \u0111\u00e0n m\u1ed9t c\u00e1ch linh ho\u1ea1t v\u00e0 thu\u1eadn ti\u1ec7n h\u01a1n. Ngo\u00e0i ra, \u0111\u00e0n piano \u0111i\u1ec7n\u00a0<em>Apollo DP66<\/em>\u00a0c\u00f2n h\u1ed7 tr\u1ee3 k\u1ebft n\u1ed1i v\u1edbi c\u00e1c \u1ee9ng d\u1ee5ng h\u1ecdc t\u1eadp mi\u1ec5n ph\u00ed nh\u01b0 Piano Maestro, Piano Bar v\u00e0 Tan8. \u0110i\u1ec1u n\u00e0y gi\u00fap ng\u01b0\u1eddi d\u00f9ng c\u00f3 th\u1ec3 h\u1ecdc \u0111\u00e0n m\u1ed9t c\u00e1ch hi\u1ec7u qu\u1ea3 v\u00e0 ti\u1ec7n l\u1ee3i h\u01a1n.<\/p>\n<h2><strong>C\u00d3 N\u00caN MUA \u0110\u00c0N PIANO \u0110I\u1ec6N APOLLO DP66 KH\u00d4NG?\u00a0<\/strong><\/h2>\n<p>Sau khi t\u00ecm hi\u1ec3u chi ti\u1ebft v\u1ec1 \u0111\u00e0n piano \u0111i\u1ec7n Apollo DP66, ch\u00fang ta c\u00f3 th\u1ec3 th\u1ea5y r\u1eb1ng \u0111\u00e2y l\u00e0 m\u1ed9t s\u1ea3n ph\u1ea9m \u0111\u00e1ng \u0111\u1ec3 \u0111\u1ea7u t\u01b0 cho nh\u1eefng ai \u0111am m\u00ea \u00e2m nh\u1ea1c v\u00e0 mu\u1ed1n t\u00ecm ki\u1ebfm m\u1ed9t c\u00e2y \u0111\u00e0n piano \u0111i\u1ec7n ch\u1ea5t l\u01b0\u1ee3ng cao. V\u1edbi thi\u1ebft k\u1ebf sang tr\u1ecdng, t\u00ednh n\u0103ng \u0111a d\u1ea1ng v\u00e0 ch\u1ea5t l\u01b0\u1ee3ng \u00e2m thanh tuy\u1ec7t v\u1eddi, \u0111\u00e0n piano \u0111i\u1ec7n\u00a0<em>Apollo DP66<\/em>\u00a0s\u1ebd l\u00e0 m\u1ed9t s\u1ef1 l\u1ef1a ch\u1ecdn ho\u00e0n h\u1ea3o cho nh\u1eefng ng\u01b0\u1eddi y\u00eau th\u00edch \u00e2m nh\u1ea1c.<\/p>\n<p><a href=\"https:\/\/www.facebook.com\/Anpiano.hanoi\" target=\"_blank\" rel=\"noopener\">T\u01b0 v\u1ea5n v\u00e0 ch\u1ecdn mua s\u1ea3n\u00a0ph\u1ea9m kh\u00e1c t\u1ea1i \u0111\u00e2y<\/a><\/p>\n<p><a href=\"http:\/\/thumuapiano.com\/\" target=\"_blank\" rel=\"noopener\">Ch\u00fang t\u00f4i nh\u1eadn thu mua Piano, h\u00e3y li\u00ean h\u1ec7 n\u1ebfu b\u1ea1n c\u00f3 nhu c\u1ea7u.<\/a><\/p>\n","protected":false},"excerpt":{"rendered":"<ul>\n<li>B\u1ea3o h\u00e0nh ch\u00ednh h\u00e3ng 24 th\u00e1ng\u00a0<a href=\"https:\/\/anpiano.com\/chinh-sach-bao-hanh\/\">xem th\u00eam<\/a><\/li>\n<li>Gh\u1ebf<\/li>\n<li>Jack tai nghe<\/li>\n<li>S\u00e1ch nh\u1ea1c<\/li>\n<li>\u0110\u1ed5i ngu\u1ed3n 220V<\/li>\n<li>Freeship HCM \u2013 HN \u2013 \u0110N \u2013 NT &#8211; BMT<\/li>\n<li>Kh\u00f3a h\u1ecdc online<\/li>\n<\/ul>\n<p><strong>Apollo DP-66<\/strong> l\u00e0 lo\u1ea1i piano \u0111i\u1ec7n c\u00f3 k\u00edch th\u01b0\u1edbc nh\u1ecf g\u1ecdn, thi\u1ebft k\u1ebf hi\u1ec7n \u0111\u1ea1i v\u00e0 t\u00ednh n\u0103ng \u0111a d\u1ea1ng nh\u1eb1m mang l\u1ea1i tr\u1ea3i nghi\u1ec7m ch\u01a1i piano t\u1ed1t nh\u1ea5t cho ng\u01b0\u1eddi d\u00f9ng&#8230;.<\/p>\n","protected":false},"featured_media":11326,"comment_status":"open","ping_status":"closed","template":"","meta":[],"product_cat":[17,136],"product_tag":[],"class_list":{"0":"post-11316","1":"product","2":"type-product","3":"status-publish","4":"has-post-thumbnail","6":"product_cat-piano-dan-dien","7":"product_cat-thuong-hieu-khac","9":"first","10":"instock","11":"sale","12":"shipping-taxable","13":"purchasable","14":"product-type-simple"},"jetpack_sharing_enabled":true,"_links":{"self":[{"href":"https:\/\/anpiano.com\/index.php?rest_route=\/wp\/v2\/product\/11316"}],"collection":[{"href":"https:\/\/anpiano.com\/index.php?rest_route=\/wp\/v2\/product"}],"about":[{"href":"https:\/\/anpiano.com\/index.php?rest_route=\/wp\/v2\/types\/product"}],"replies":[{"embeddable":true,"href":"https:\/\/anpiano.com\/index.php?rest_route=%2Fwp%2Fv2%2Fcomments&post=11316"}],"version-history":[{"count":2,"href":"https:\/\/anpiano.com\/index.php?rest_route=\/wp\/v2\/product\/11316\/revisions"}],"predecessor-version":[{"id":13312,"href":"https:\/\/anpiano.com\/index.php?rest_route=\/wp\/v2\/product\/11316\/revisions\/13312"}],"wp:featuredmedia":[{"embeddable":true,"href":"https:\/\/anpiano.com\/index.php?rest_route=\/wp\/v2\/media\/11326"}],"wp:attachment":[{"href":"https:\/\/anpiano.com\/index.php?rest_route=%2Fwp%2Fv2%2Fmedia&parent=11316"}],"wp:term":[{"taxonomy":"product_cat","embeddable":true,"href":"https:\/\/anpiano.com\/index.php?rest_route=%2Fwp%2Fv2%2Fproduct_cat&post=11316"},{"taxonomy":"product_tag","embeddable":true,"href":"https:\/\/anpiano.com\/index.php?rest_route=%2Fwp%2Fv2%2Fproduct_tag&post=11316"}],"curies":[{"name":"wp","href":"https:\/\/api.w.org\/{rel}","templated":true}]}}