{"id":11331,"date":"2024-04-16T18:04:05","date_gmt":"2024-04-16T11:04:05","guid":{"rendered":"https:\/\/anpiano.com\/?post_type=product&#038;p=11331"},"modified":"2025-09-25T18:08:00","modified_gmt":"2025-09-25T11:08:00","slug":"apollo-kp88","status":"publish","type":"product","link":"https:\/\/anpiano.com\/?product=apollo-kp88","title":{"rendered":"Apollo KP88 (M\u1edbi 100%)"},"content":{"rendered":"<h2><strong>\u0110\u00e0n Piano \u0110i\u1ec7n Apollo KP88.<\/strong><\/h2>\n<p>\u0110\u00e0n piano Apollo KP88 mang l\u1ea1i \u00e2m thanh m\u1ea1nh m\u1ebd h\u01a1n, ch\u00e2n th\u1ef1c h\u01a1n th\u00f4ng qua h\u1ec7 th\u1ed1ng loa, h\u1ed9p c\u00f4ng h\u01b0\u1edfng v\u00e0 b\u1ed9 x\u1eed l\u00fd \u00e2m thanh \u0111\u01b0\u1ee3c n\u00e2ng c\u1ea5p to\u00e0n di\u1ec7n. V\u1edbi ti\u1ec1n \u0111\u1ec1 c\u1ea3i thi\u1ec7n \u0111\u1ed9 ch\u00ednh x\u00e1c v\u00e0 \u1ed5n \u0111\u1ecbnh c\u1ee7a vi\u1ec7c truy\u1ec1n \u00e2m thanh, \u00e2m thanh hi\u1ec7u su\u1ea5t chi ti\u1ebft v\u00e0 ch\u00e2n th\u1ef1c h\u01a1n. \u0110a d\u1ea1ng v\u1ec1 \u00e2m s\u1eafc, h\u1ec7 th\u1ed1ng ph\u1ee5 tr\u1ee3 full ch\u1ee9c n\u0103ng, \u0111\u00e0n piano \u0111i\u1ec7n Apollo\u00a0KP88 th\u1ef1c s\u1ef1 nh\u01b0 m\u1ed9t gi\u00e0n giao h\u01b0\u1edfng thu g\u1ecdn.<\/p>\n<p><img fetchpriority=\"high\" decoding=\"async\" class=\"alignnone wp-image-11334\" src=\"https:\/\/anpiano.com\/wp-content\/uploads\/2024\/04\/DSC06004-copy-2-300x200.jpg\" alt=\"Apollo KP88\" width=\"618\" height=\"412\" srcset=\"https:\/\/anpiano.com\/wp-content\/uploads\/2024\/04\/DSC06004-copy-2-300x200.jpg 300w, https:\/\/anpiano.com\/wp-content\/uploads\/2024\/04\/DSC06004-copy-2-1024x683.jpg 1024w, https:\/\/anpiano.com\/wp-content\/uploads\/2024\/04\/DSC06004-copy-2-768x512.jpg 768w, https:\/\/anpiano.com\/wp-content\/uploads\/2024\/04\/DSC06004-copy-2-1536x1024.jpg 1536w, https:\/\/anpiano.com\/wp-content\/uploads\/2024\/04\/DSC06004-copy-2-2048x1366.jpg 2048w, https:\/\/anpiano.com\/wp-content\/uploads\/2024\/04\/DSC06004-copy-2-510x340.jpg 510w\" sizes=\"(max-width: 618px) 100vw, 618px\" \/><\/p>\n<p>\u0110\u00e0n piano Apollo KP88 l\u00e0 m\u1ed9t s\u1ea3n ph\u1ea9m \u0111\u1eb3ng c\u1ea5p cao, mang \u0111\u1ebfn cho ng\u01b0\u1eddi ch\u01a1i piano m\u1ed9t tr\u1ea3i nghi\u1ec7m \u00e2m nh\u1ea1c tuy\u1ec7t v\u1eddi. V\u1edbi thi\u1ebft k\u1ebf tinh t\u1ebf v\u00e0 \u00e2m thanh ch\u1ea5t l\u01b0\u1ee3ng cao, \u0111\u00e2y l\u00e0 s\u1ef1 l\u1ef1a ch\u1ecdn ho\u00e0n h\u1ea3o cho c\u1ea3 ng\u01b0\u1eddi ch\u01a1i chuy\u00ean nghi\u1ec7p v\u00e0 ng\u01b0\u1eddi m\u1edbi h\u1ecdc.<\/p>\n<p>\u0110\u00e0n Apollo KP88 mang thi\u1ebft k\u1ebf n\u1ed5i b\u1eadt v\u1edbi t\u00f4ng m\u00e0u n\u00e2u v\u00e0 \u0111en b\u00f3ng, s\u1ef1 k\u1ebft h\u1ee3p n\u00e0y mang l\u1ea1i v\u1ebb \u0111\u1eb9p tinh t\u1ebf cho Apollo KP88, kho\u00e1c l\u1edbp \u00e1o \u0111en b\u00f3ng gi\u00fap cho \u0111\u00e0n \u0111\u01b0\u1ee3c n\u1ed5i b\u1eadt h\u01a1n trong ch\u00ednh kh\u00f4ng gian trong nh\u00e0 b\u1ea1n. \u0110\u00e0n piano Apollo KP88 thu h\u00fat ngay m\u1eaft nh\u00ecn c\u1ee7a ng\u01b0\u1eddi ch\u01a1i ngay t\u1eeb l\u1ea7n \u0111\u1ea7u th\u1ea5y. C\u00e2y \u0111\u00e0n c\u0169ng to\u00e1t l\u00ean s\u1ef1 sang ch\u1ea3nh v\u00e0 h\u00e0o nho\u00e1ng khi\u1ebfn ng\u01b0\u1eddi ch\u01a1i nhanh ch\u00f3ng s\u1edf h\u1eefu ngay. L\u1edbp v\u1ecf \u0111\u00e0n \u0111\u01b0\u1ee3c ch\u1ebf t\u00e1c c\u1ea9n th\u1eadn v\u00e0 t\u1ec9 m\u1ec9 t\u1eebng l\u1edbp s\u01a1n v\u00e0 \u0111\u1eb7c bi\u1ec7t h\u1ec7 ph\u00edm \u0111\u01b0\u1ee3c bao ph\u1ee7 b\u1edfi m\u1ed9t l\u1edbp s\u1ea7n gi\u00fap ch\u1ed1ng tr\u01b0\u1ee3t v\u00e0 gia t\u0103ng c\u1ea3m nh\u1eadn khi ti\u1ebfp x\u00fac v\u1edbi ng\u00f3n tay.<\/p>\n<p>V\u1edbi c\u1ed9ng ngh\u1ec7 m\u1eabu s\u1ed1 h\u00f3a ti\u00ean ti\u1ebfn. \u0110\u00e0n Apollo KP88 nhanh ch\u00f3ng tr\u1edf thanh m\u1ed9t trong nh\u1eefng c\u00e2y \u0111\u00e0n \u0111\u01b0\u1ee3c \u0111\u00e1nh gi\u00e1 cao v\u00e0 \u0111\u01b0\u1ee3c x\u1ebfp h\u1ea1ng trong nh\u1eefng c\u00e2y \u0111\u00e0n Apollo t\u1ed1t nh\u1ea5t t\u1ea1i th\u1ecb tr\u01b0\u1eddng trong v\u00e0 ngo\u00e0i n\u01b0\u1edbc.<\/p>\n<p>Giao di\u1ec7n \u0111i\u1ec1u khi\u1ec3n: \u0110\u00e0n piano Apollo KP88 \u0111\u01b0\u1ee3c trang b\u1ecb giao di\u1ec7n \u0111i\u1ec1u khi\u1ec3n \u0111\u01a1n gi\u1ea3n v\u00e0 d\u1ec5 s\u1eed d\u1ee5ng. Tr\u00ean b\u1ea3ng \u0111i\u1ec1u khi\u1ec3n, b\u1ea1n c\u00f3 th\u1ec3 ch\u1ecdn c\u00e1c ch\u1ebf \u0111\u1ed9 \u00e2m thanh, \u0111i\u1ec1u ch\u1ec9nh \u00e2m l\u01b0\u1ee3ng v\u00e0 t\u00f9y ch\u1ec9nh c\u00e1c thi\u1ebft l\u1eadp kh\u00e1c.<\/p>\n<p>B\u00e0n ph\u00edm: 88 ph\u00edm. S\u1eed d\u1ee5ng h\u1ec7 th\u1ed1ng ph\u00e1t hi\u1ec7n ph\u00edm c\u1ea3m bi\u1ebfn ba \u0111i\u1ec3m ti\u1ebfp x\u00fac ch\u00ednh x\u00e1c \u0111\u1ec3 T\u00ednh x\u00e1c th\u1ef1c c\u1ee7a hi\u1ec7u su\u1ea5t \u0111\u01b0\u1ee3c n\u00e2ng cao. N\u00f3 c\u00f3 th\u1ec3 n\u1eafm b\u1eaft \u0111\u01b0\u1ee3c t\u1eebng chi ti\u1ebft n\u1ed1t nh\u1ea1c nh\u1ecf, gi\u00fap m\u00e0n tr\u00ecnh di\u1ec5n tr\u1edf n\u00ean tr\u1ecdn v\u1eb9n, tinh t\u1ebf v\u00e0 bi\u1ec3u c\u1ea3m h\u01a1n<\/p>\n<p>V\u1edbi \u0111\u1ea7y \u0111\u1ee7 88 ph\u00edm c\u1ea3m \u1ee9ng nh\u1ea1y b\u00e9n v\u00e0 ph\u1ea3n h\u1ed3i t\u1ef1 nhi\u00ean. C\u1ea3m gi\u00e1c khi ch\u01a1i s\u1ebd gi\u1ed1ng nh\u01b0 ch\u01a1i tr\u00ean \u0111\u00e0n piano c\u01a1 truy\u1ec1n th\u1ed1ng, mang l\u1ea1i s\u1ef1 linh ho\u1ea1t v\u00e0 kh\u1ea3 n\u0103ng bi\u1ec3u di\u1ec5n t\u1ed1t.<\/p>\n<p>T\u00ednh n\u0103ng h\u1ecdc t\u1eadp: C\u0169ng nh\u01b0 c\u00e1c model kh\u00e1c c\u1ee7a Apollo th\u00ec Apollo KP88 c\u0169ng s\u1edf h\u1eef ch\u1ee9c n\u0103ng k\u00e9t n\u1ed1i h\u1ecdc t\u1eadp th\u00f4ng minh B\u1ea1n c\u00f3 th\u1ec3 k\u1ebft n\u1ed1i \u0111\u00e0n piano v\u1edbi m\u00e1y t\u00ednh ho\u1eb7c thi\u1ebft b\u1ecb di \u0111\u1ed9ng \u0111\u1ec3 t\u1eadn h\u01b0\u1edfng c\u00e1c \u1ee9ng d\u1ee5ng v\u00e0 kh\u00f3a h\u1ecdc tr\u1ef1c tuy\u1ebfn. C\u00f9ng v\u1edbi 60 b\u00e0i h\u00e1t Demo. Ngo\u00e0i ra, \u0111\u00e0n c\u00f2n \u0111\u01b0\u1ee3c trang b\u1ecb h\u1ec7 th\u1ed1ng loa m\u1ea1nh m\u1ebd, gi\u00fap \u00e2m thanh lan t\u1ecfa r\u1ed9ng r\u00e3i v\u00e0 s\u1ed1ng \u0111\u1ed9ng.<\/p>\n<p>\u0110i k\u00e8m v\u1edbi \u0111\u00f3 l\u00e0 kh\u1ea3 n\u0103ng k\u1ebft n\u1ed1i tai nghe, pedal , USB \u2013 Midi , Bluetooth, Bluetooth MiDi. \u0110i\u1ec1u n\u00e0y gi\u00fap b\u1ea1n trong qu\u00e1 tr\u00ecnh ch\u01a1i \u0111\u00e0n \u0111\u01b0\u1ee3c ti\u1ec7n l\u1ee3i h\u01a1n v\u00e0 kh\u00f4ng g\u00e2y c\u1ea3m gi\u00e1c ch\u00e1n khi ch\u01a1i.<\/p>\n<p>Ngu\u1ed3n \u00e2m thanh: Th\u00f4ng qua bo m\u1ea1ch ch\u1ee7 v\u00e0 h\u1ec7 th\u1ed1ng loa \u0111\u01b0\u1ee3c thi\u1ebft k\u1ebf l\u1ea1i c\u0169ng nh\u01b0 b\u1ed9 x\u1eed l\u00fd \u00e2m thanh t\u1ed1t h\u01a1n, n\u00f3 mang l\u1ea1i \u00e2m thanh r\u00f5 r\u00e0ng v\u00e0 ch\u00e2n th\u1ef1c h\u01a1n. V\u1edbi ti\u1ec1n \u0111\u1ec1 c\u1ea3i thi\u1ec7n \u0111\u1ed9 ch\u00ednh x\u00e1c v\u00e0 \u1ed5n \u0111\u1ecbnh c\u1ee7a vi\u1ec7c truy\u1ec1n \u00e2m thanh, \u00e2m thanh hi\u1ec7u su\u1ea5t chi ti\u1ebft v\u00e0 ch\u00e2n th\u1ef1c h\u01a1n.<\/p>\n<p>\u0110\u00e0n piano \u0111i\u1ec7n Apollo KP88 \u0111\u01b0\u1ee3c c\u1ea3i ti\u1ebfn b\u1edfi nhi\u1ec1u thay \u0111\u1ed5i c\u1ee7a c\u00f4ng ngh\u1ec7 n\u00ean \u00e2m thanh c\u1ee7a Apollo KP88 \u0111\u01b0\u1ee3c t\u00e1i t\u1ea1o m\u1ed9t c\u00e1ch ch\u00e2n th\u1ef1c v\u00e0 s\u1ed1ng \u0111\u1ed9ng. T\u1eeb \u00e2m s\u1eafc piano c\u1ed5 \u0111i\u1ec3n \u0111\u1ebfn \u00e2m thanh \u0111a d\u1ea1ng c\u1ee7a c\u00e1c nh\u1ea1c c\u1ee5 kh\u00e1c nh\u01b0 organ, guitar v\u00e0 cello, \u0111\u00e0n piano n\u00e0y mang \u0111\u1ebfn m\u1ed9t lo\u1ea1t c\u00e1c kh\u1ea3 n\u0103ng \u00e2m thanh \u0111a d\u1ea1ng \u0111\u1ec3 b\u1ea1n th\u1ec3 hi\u1ec7n<br \/>\ns\u00e1ng t\u1ea1o \u00e2m nh\u1ea1c c\u1ee7a m\u00ecnh.<\/p>\n<p>H\u1ec7 th\u1ed1ng loa: Apollo KP88 \u0111\u01b0\u1ee3c trang b\u1ecb h\u1ec7 th\u1ed1ng loa c\u00f4ng su\u1ea5t cao gi\u00fap ph\u00e1t ra \u00e2m thanh r\u00f5 r\u00e0ng v\u00e0 s\u1ed1ng \u0111\u1ed9ng. V\u1edbi c\u00e1c loa \u0111\u1eb7t \u1edf v\u1ecb tr\u00ed chi\u1ebfn l\u01b0\u1ee3c, \u00e2m thanh \u0111\u01b0\u1ee3c lan t\u1ecfa r\u1ed9ng r\u00e3i trong kh\u00f4ng gian ch\u01a1i \u0111\u00e0n.<\/p>\n<p><img decoding=\"async\" class=\"alignnone wp-image-11335\" src=\"https:\/\/anpiano.com\/wp-content\/uploads\/2024\/04\/DSC05952-copy-300x200.jpg\" alt=\"Apollo KP88\" width=\"632\" height=\"421\" srcset=\"https:\/\/anpiano.com\/wp-content\/uploads\/2024\/04\/DSC05952-copy-300x200.jpg 300w, https:\/\/anpiano.com\/wp-content\/uploads\/2024\/04\/DSC05952-copy-1024x683.jpg 1024w, https:\/\/anpiano.com\/wp-content\/uploads\/2024\/04\/DSC05952-copy-768x512.jpg 768w, https:\/\/anpiano.com\/wp-content\/uploads\/2024\/04\/DSC05952-copy-1536x1024.jpg 1536w, https:\/\/anpiano.com\/wp-content\/uploads\/2024\/04\/DSC05952-copy-2048x1365.jpg 2048w, https:\/\/anpiano.com\/wp-content\/uploads\/2024\/04\/DSC05952-copy-510x340.jpg 510w\" sizes=\"(max-width: 632px) 100vw, 632px\" \/><\/p>\n<h2><strong>Th\u00f4ng S\u1ed1 Chi Ti\u1ebft.<\/strong><\/h2>\n<p>K\u00edch th\u01b0\u1edbc: Cao 90,5cm &#8211; D\u00e0i 142cm &#8211; R\u1ed9ng 44,5cm<\/p>\n<p>Tr\u1ecdng l\u01b0\u1ee3ng: 53kg<\/p>\n<p>M\u00e0u s\u1eafc: N\u00e2u v\u00e0 \u0111en b\u00f3ng(PE)<\/p>\n<p>Loa: 4 loa 2 chi\u1ec1u .|Loa tr\u01b0\u1edbc Cung c\u1ea5p hi\u1ec7u \u1ee9ng tr\u01b0\u1eddng \u00e2m thanh c\u00e2n b\u1eb1ng, r\u1ed9ng h\u01a1n. B\u1eb1ng c\u00e1ch t\u1ed1i \u01b0u h\u00f3a c\u00e1ch b\u1ed1 tr\u00ed loa v\u00e0 \u0111i\u1ec1u ch\u1ec9nh hi\u1ec7u su\u1ea5t c\u1ee7a c\u00e1c b\u1ed9 loa, c\u00f3 th\u1ec3 t\u1ea1o ra ph\u1ea1m vi ph\u1ee7 s\u00f3ng \u00e2m thanh r\u1ed9ng h\u01a1n, gi\u00fap \u00e2m nh\u1ea1c \u0111\u01b0\u1ee3c ph\u00e2n b\u1ed5 \u0111\u1ec1u h\u01a1n trong kh\u00f4ng gian v\u00e0 ng\u01b0\u1eddi nghe c\u00f3 th\u1ec3 t\u1eadn h\u01b0\u1edfng tr\u1ea3i nghi\u1ec7m \u00e2m nh\u1ea1c \u0111\u1eafm ch\u00ecm h\u01a1n<\/p>\n<p>Ph\u00edm \u0111\u00e0n: 88 ph\u00edm . S\u1eed d\u1ee5ng h\u1ec7 th\u1ed1ng ph\u00e1t hi\u1ec7n ph\u00edm c\u1ea3m bi\u1ebfn ba \u0111i\u1ec3m ti\u1ebfp x\u00fac ch\u00ednh x\u00e1c \u0111\u1ec3 T\u00ednh x\u00e1c th\u1ef1c c\u1ee7a hi\u1ec7u su\u1ea5t \u0111\u01b0\u1ee3c n\u00e2ng cao. N\u00f3 c\u00f3 th\u1ec3 n\u1eafm b\u1eaft \u0111\u01b0\u1ee3c t\u1eebng chi ti\u1ebft n\u1ed1t nh\u1ea1c nh\u1ecf, gi\u00fap m\u00e0n tr\u00ecnh di\u1ec5n tr\u1edf n\u00ean tr\u1ecdn v\u1eb9n, tinh t\u1ebf v\u00e0 bi\u1ec3u c\u1ea3m h\u01a1n<\/p>\n<p>C\u00f4ng ngh\u1ec7 \u00e2m thanh: Th\u00f4ng qua bo m\u1ea1ch ch\u1ee7 v\u00e0 h\u1ec7 th\u1ed1ng loa \u0111\u01b0\u1ee3c thi\u1ebft k\u1ebf l\u1ea1i c\u0169ng nh\u01b0 b\u1ed9 x\u1eed l\u00fd \u00e2m thanh t\u1ed1t h\u01a1n, n\u00f3 mang l\u1ea1i \u00e2m thanh r\u00f5 r\u00e0ng v\u00e0 ch\u00e2n th\u1ef1c h\u01a1n. V\u1edbi ti\u1ec1n \u0111\u1ec1 c\u1ea3i thi\u1ec7n \u0111\u1ed9 ch\u00ednh x\u00e1c v\u00e0 \u1ed5n \u0111\u1ecbnh c\u1ee7a vi\u1ec7c truy\u1ec1n \u00e2m thanh, \u00e2m thanh hi\u1ec7u su\u1ea5t chi ti\u1ebft v\u00e0 ch\u00e2n th\u1ef1c h\u01a1n<\/p>\n<p>\u00c2m s\u1eafc: 300 \u00e2m s\u1eafc kh\u00e1c nhau<\/p>\n<p>130 b\u00e0i nh\u1ea1c \u0111\u1ec7m c\u00e0i \u0111\u1eb7t s\u1eb5n<\/p>\n<p>Ngu\u1ed3n: 12-15V3A<\/p>\n<p>Pedals: Sostenuto, Soft, Sustain (with half pedal).<\/p>\n<p>Ch\u1ee9c n\u0103ng: transpose, Record\/Play, Metronome&#8230;<\/p>\n<p>K\u1ebft n\u1ed1i b\u00ean ngo\u00e0i: Tai nghe, pedal , USB \u2013 Midi , Bluetooth, Bluetooth MiDi<\/p>\n<p>K\u1ebft n\u1ed1i APP h\u1ecdc t\u1eadp mi\u1ec5n ph\u00ed: Piano Masestro, Piano Bar, Tan8\u2026 tr\u00ean h\u1ec7 \u0111i\u1ec1u h\u00e0nh IOS, Android, Windows<\/p>\n<p><a href=\"https:\/\/www.facebook.com\/Anpiano.hanoi\" target=\"_blank\" rel=\"noopener\">T\u01b0 v\u1ea5n v\u00e0 ch\u1ecdn mua s\u1ea3n\u00a0ph\u1ea9m kh\u00e1c t\u1ea1i \u0111\u00e2y<\/a><\/p>\n<p><a href=\"http:\/\/thumuapiano.com\/\" target=\"_blank\" rel=\"noopener\">Ch\u00fang t\u00f4i nh\u1eadn thu mua Piano, h\u00e3y li\u00ean h\u1ec7 n\u1ebfu b\u1ea1n c\u00f3 nhu c\u1ea7u.<\/a><\/p>\n","protected":false},"excerpt":{"rendered":"<ul>\n<li>B\u1ea3o h\u00e0nh ch\u00ednh h\u00e3ng 24 th\u00e1ng\u00a0<a href=\"https:\/\/anpiano.com\/chinh-sach-bao-hanh\/\">xem th\u00eam<\/a><\/li>\n<li>Gh\u1ebf<\/li>\n<li>Jack tai nghe<\/li>\n<li>S\u00e1ch nh\u1ea1c<\/li>\n<li>\u0110\u1ed5i ngu\u1ed3n 220V<\/li>\n<li>Freeship HCM \u2013 HN \u2013 \u0110N \u2013 NT<\/li>\n<li>Kh\u00f3a h\u1ecdc online<\/li>\n<\/ul>\n<p>Apollo KP88 mang l\u1ea1i \u00e2m thanh m\u1ea1nh m\u1ebd h\u01a1n, ch\u00e2n th\u1ef1c h\u01a1n th\u00f4ng qua h\u1ec7 th\u1ed1ng loa, h\u1ed9p c\u00f4ng h\u01b0\u1edfng v\u00e0 b\u1ed9 x\u1eed l\u00fd \u00e2m thanh \u0111\u01b0\u1ee3c n\u00e2ng c\u1ea5p to\u00e0n di\u1ec7n. V\u1edbi ti\u1ec1n \u0111\u1ec1 c\u1ea3i thi\u1ec7n \u0111\u1ed9 ch\u00ednh x\u00e1c v\u00e0 \u1ed5n \u0111\u1ecbnh c\u1ee7a vi\u1ec7c truy\u1ec1n \u00e2m thanh, \u00e2m thanh hi\u1ec7u su\u1ea5t chi ti\u1ebft v\u00e0 ch\u00e2n th\u1ef1c h\u01a1n. \u0110a d\u1ea1ng v\u1ec1 \u00e2m s\u1eafc, h\u1ec7 th\u1ed1ng ph\u1ee5 tr\u1ee3 full ch\u1ee9c n\u0103ng,\u00a0\u0111\u00e0n piano \u0111i\u1ec7n Apollo\u00a0KP88 th\u1ef1c s\u1ef1 nh\u01b0 m\u1ed9t gi\u00e0n giao h\u01b0\u1edfng thu g\u1ecdn.<\/p>\n","protected":false},"featured_media":11335,"comment_status":"open","ping_status":"closed","template":"","meta":[],"product_cat":[17,136],"product_tag":[474,360,142,143],"class_list":{"0":"post-11331","1":"product","2":"type-product","3":"status-publish","4":"has-post-thumbnail","6":"product_cat-piano-dan-dien","7":"product_cat-thuong-hieu-khac","8":"product_tag-an-piano","9":"product_tag-dan-piano","10":"product_tag-piano","11":"product_tag-piano-dien","13":"first","14":"instock","15":"sale","16":"shipping-taxable","17":"purchasable","18":"product-type-simple"},"jetpack_sharing_enabled":true,"_links":{"self":[{"href":"https:\/\/anpiano.com\/index.php?rest_route=\/wp\/v2\/product\/11331"}],"collection":[{"href":"https:\/\/anpiano.com\/index.php?rest_route=\/wp\/v2\/product"}],"about":[{"href":"https:\/\/anpiano.com\/index.php?rest_route=\/wp\/v2\/types\/product"}],"replies":[{"embeddable":true,"href":"https:\/\/anpiano.com\/index.php?rest_route=%2Fwp%2Fv2%2Fcomments&post=11331"}],"version-history":[{"count":1,"href":"https:\/\/anpiano.com\/index.php?rest_route=\/wp\/v2\/product\/11331\/revisions"}],"predecessor-version":[{"id":14071,"href":"https:\/\/anpiano.com\/index.php?rest_route=\/wp\/v2\/product\/11331\/revisions\/14071"}],"wp:featuredmedia":[{"embeddable":true,"href":"https:\/\/anpiano.com\/index.php?rest_route=\/wp\/v2\/media\/11335"}],"wp:attachment":[{"href":"https:\/\/anpiano.com\/index.php?rest_route=%2Fwp%2Fv2%2Fmedia&parent=11331"}],"wp:term":[{"taxonomy":"product_cat","embeddable":true,"href":"https:\/\/anpiano.com\/index.php?rest_route=%2Fwp%2Fv2%2Fproduct_cat&post=11331"},{"taxonomy":"product_tag","embeddable":true,"href":"https:\/\/anpiano.com\/index.php?rest_route=%2Fwp%2Fv2%2Fproduct_tag&post=11331"}],"curies":[{"name":"wp","href":"https:\/\/api.w.org\/{rel}","templated":true}]}}