{"id":11517,"date":"2024-06-06T15:51:39","date_gmt":"2024-06-06T08:51:39","guid":{"rendered":"https:\/\/anpiano.com\/?post_type=product&#038;p=11517"},"modified":"2025-09-25T18:00:50","modified_gmt":"2025-09-25T11:00:50","slug":"yamaha-clp-930","status":"publish","type":"product","link":"https:\/\/anpiano.com\/?product=yamaha-clp-930","title":{"rendered":"Yamaha CLP 930"},"content":{"rendered":"<h4>\u0110\u00e0n Piano \u0111i\u1ec7n\u00a0<strong>Yamaha CLP 930<\/strong>\u00a0\u0111em l\u1ea1i \u00e2m thanh v\u00e0 c\u1ea3m gi\u00e1c trung th\u1ef1c. T\u00ednh n\u0103ng \u0111\u00e1nh nh\u1ecbp t\u1ef1 \u0111\u1ed9ng, ghi \u00e2m gi\u00fap cho vi\u1ec7c h\u1ecdc hi\u1ec7u qu\u1ea3, vui v\u1ebb v\u00e0 tho\u1ea3i m\u00e1i h\u01a1n. T\u1ed5ng c\u1ed9ng 156 \u0111i\u1ec7u gi\u00fap ta c\u00f3 th\u1ec3 \u0111\u00e1nh nh\u01b0 m\u1ed9t ban nh\u1ea1c th\u1ef1c s\u1ef1 t\u1ea1i nh\u00e0.<\/h4>\n<p>Yamaha CLP 930 cung c\u1ea5p t\u1ea5t c\u1ea3 c\u00e1c ph\u1ea3n \u1ee9ng c\u1ea3m \u1ee9ng v\u00e0 \u00e2m thanh piano chi ti\u1ebft, \u0111\u1eb9p m\u1eaft m\u00e0 b\u1ea1n mu\u1ed1n. D\u00f2ng Clavinova cung c\u1ea5p \u00e2m thanh v\u00e0 c\u1ea3m gi\u00e1c piano ch\u00e2n th\u1ef1c. Yamaha CLP 930 s\u1edf h\u1eefu b\u00e0n ph\u00edm Graded Hammer 88 ph\u00edm trong t\u1ee7 g\u1ed7 v\u1edbi l\u1edbp g\u1ed7 h\u1ed3ng s\u1eafc s\u1eabm. Ba b\u00e0n \u0111\u1ea1p ch\u00e2n ri\u00eang bi\u1ec7t cung c\u1ea5p m\u1ed9t c\u1ea3m gi\u00e1c piano th\u1ef1c t\u1ebf.<\/p>\n<p>S\u1eed\u00a0d\u1ee5ng c\u00f4ng ngh\u1ec7 \u00e2m thanh Advanced Advanced Memory (AWM)\u00a0\u0111\u01b0\u1ee3c t\u1ea1o th\u00e0nh t\u1eeb c\u00e1c m\u1eabu \u00e2m thanh n\u1ed5i ch\u1ea5t l\u01b0\u1ee3ng CD c\u00f3 th\u1ec3\u00a0\u0111i\u1ec1u ch\u1ec9nh linh ho\u1ea1t theo c\u1ea3m \u1ee9ng.<\/p>\n<p>T\u00ednh n\u0103ng \u0111\u00e1nh nh\u1ecbp t\u1ef1 \u0111\u1ed9ng, ghi \u00e2m gi\u00fap cho vi\u1ec7c h\u1ecdc hi\u1ec7u qu\u1ea3, vui v\u1ebb v\u00e0 tho\u1ea3i m\u00e1i h\u01a1n. T\u1ed5ng c\u1ed9ng 156 \u0111i\u1ec7u gi\u00fap ta c\u00f3 th\u1ec3 \u0111\u00e1nh nh\u01b0 m\u1ed9t ban nh\u1ea1c th\u1ef1c s\u1ef1 t\u1ea1i nh\u00e0.<\/p>\n<p><img fetchpriority=\"high\" decoding=\"async\" class=\"alignnone size-medium wp-image-11523\" src=\"https:\/\/anpiano.com\/wp-content\/uploads\/2024\/06\/6875889e1c37bc69e5269-300x225.jpg\" alt=\"Yamaha CLP 930\" width=\"300\" height=\"225\" srcset=\"https:\/\/anpiano.com\/wp-content\/uploads\/2024\/06\/6875889e1c37bc69e5269-300x225.jpg 300w, https:\/\/anpiano.com\/wp-content\/uploads\/2024\/06\/6875889e1c37bc69e5269-1024x768.jpg 1024w, https:\/\/anpiano.com\/wp-content\/uploads\/2024\/06\/6875889e1c37bc69e5269-768x576.jpg 768w, https:\/\/anpiano.com\/wp-content\/uploads\/2024\/06\/6875889e1c37bc69e5269-1536x1152.jpg 1536w, https:\/\/anpiano.com\/wp-content\/uploads\/2024\/06\/6875889e1c37bc69e5269-2048x1536.jpg 2048w, https:\/\/anpiano.com\/wp-content\/uploads\/2024\/06\/6875889e1c37bc69e5269-247x185.jpg 247w, https:\/\/anpiano.com\/wp-content\/uploads\/2024\/06\/6875889e1c37bc69e5269-510x383.jpg 510w\" sizes=\"(max-width: 300px) 100vw, 300px\" \/><\/p>\n<p>&nbsp;<\/p>\n<p><strong>T\u00ednh n\u0103ng n\u1ed5i b\u1eadt c\u1ee7a \u0111\u00e0n piano\u00a0Yamaha CLP 930<\/strong><\/p>\n<p>&#8211; Ti\u1ebfng piano m\u1eabu t\u1eeb d\u00f2ng Yamaha Grand<\/p>\n<p>&#8211; B\u00e0n ph\u00edm th\u1ebf h\u1ec7 m\u1edbi<\/p>\n<p>&#8211; B\u1ed9 t\u1ed1i \u01b0u h\u00f3a \u00e2m thanh<\/p>\n<p>&#8211; B\u1ed9 ki\u1ec3m so\u00e1t \u00e2m th\u00f4ng minh (IAC)<\/p>\n<p>&#8211; B\u1ed9 t\u1ed1i \u01b0u h\u00f3a \u00e2m thanh n\u1ed5i<\/p>\n<p>&#8211; Loa hai \u0111\u01b0\u1eddng ti\u1ebfng.<\/p>\n<p><img decoding=\"async\" class=\"alignnone size-medium wp-image-11524\" src=\"https:\/\/anpiano.com\/wp-content\/uploads\/2024\/06\/a769f69d6234c26a9b258-300x225.jpg\" alt=\"Yamaha CLP 930\" width=\"300\" height=\"225\" srcset=\"https:\/\/anpiano.com\/wp-content\/uploads\/2024\/06\/a769f69d6234c26a9b258-300x225.jpg 300w, https:\/\/anpiano.com\/wp-content\/uploads\/2024\/06\/a769f69d6234c26a9b258-1024x768.jpg 1024w, https:\/\/anpiano.com\/wp-content\/uploads\/2024\/06\/a769f69d6234c26a9b258-768x576.jpg 768w, https:\/\/anpiano.com\/wp-content\/uploads\/2024\/06\/a769f69d6234c26a9b258-1536x1152.jpg 1536w, https:\/\/anpiano.com\/wp-content\/uploads\/2024\/06\/a769f69d6234c26a9b258-2048x1536.jpg 2048w, https:\/\/anpiano.com\/wp-content\/uploads\/2024\/06\/a769f69d6234c26a9b258-247x185.jpg 247w, https:\/\/anpiano.com\/wp-content\/uploads\/2024\/06\/a769f69d6234c26a9b258-510x383.jpg 510w\" sizes=\"(max-width: 300px) 100vw, 300px\" \/><\/p>\n<p>&nbsp;<\/p>\n<h2><strong>TH\u00d4NG TIN K\u1ef8 THU\u1eacT\u00a0YAMAHA CLP 930 :<\/strong><\/h2>\n<table id=\"tblGeneralAttribute\">\n<tbody>\n<tr>\n<td>B\u00e0n ph\u00edm<\/td>\n<td>88-ph\u00edm n\u1eb7ng t\u00edch h\u1ee3p c\u00f4ng ngh\u1ec7 GH<\/td>\n<\/tr>\n<tr>\n<td>Touch Sensitivity<\/td>\n<td>Hard\/Medium\/Soft\/Fixed (B\u00e0n ph\u00edm c\u00f3 nhi\u1ec1u c\u1ea5p \u0111\u1ed9 Touch)<\/td>\n<\/tr>\n<tr>\n<td>Voice<\/td>\n<td>8<\/td>\n<\/tr>\n<tr>\n<td>Polyphony<\/td>\n<td>32-note<\/td>\n<\/tr>\n<tr>\n<td>Rec\/Play<\/td>\n<td>Thu \u00e2m v\u00e0 ph\u00e1t l\u1ea1i b\u00e0i v\u1eeba \u0111\u00e1nh<\/td>\n<\/tr>\n<tr>\n<td>Xu\u1ea5t x\u1ee9<\/td>\n<td>Nh\u1eadt B\u1ea3n<\/td>\n<\/tr>\n<tr>\n<td>Ngu\u1ed3n \u00e2m thanh<\/td>\n<td>B\u1ed9 ki\u1ec3m so\u00e1t \u00e2m th\u00f4ng minh (IAC),\u00a0B\u1ed9 t\u1ed1i \u01b0u h\u00f3a \u00e2m thanh n\u1ed5i,\u00a0B\u1ed9 t\u1ed1i \u01b0u h\u00f3a \u00e2m thanh<\/td>\n<\/tr>\n<tr>\n<td>\u00c2m s\u1eafc<\/td>\n<td>156 \u0111i\u1ec7u<\/td>\n<\/tr>\n<tr>\n<td>\u00a0Pedal<\/td>\n<td>3 (Damper, Sostenuto, Soft)<\/td>\n<\/tr>\n<tr>\n<td>B\u00e0n \u0111\u1ea1p<\/td>\n<td>Gi\u1eafc c\u1eafm chu\u1ea9n (damper)<\/td>\n<\/tr>\n<\/tbody>\n<\/table>\n<div data-id=\"9ly1xDmkO1M\" data-query=\"\" data-src=\"https:\/\/www.youtube.com\/embed\/9ly1xDmkO1M\"><\/div>\n<h3 data-id=\"9ly1xDmkO1M\" data-src=\"https:\/\/www.youtube.com\/embed\/9ly1xDmkO1M\">Video test \u00e2m thanh Yamaha CLP 930<\/h3>\n<p><iframe title=\"M\u01afA R\u01a0I TR\u00caN CU\u1ed8C T\u00ccNH - \u0110AN TR\u01af\u1edcNG || YAMAHA CLP 930 || 0903.265.826\" width=\"1020\" height=\"574\" src=\"https:\/\/www.youtube.com\/embed\/evfo0RspErA?list=UULF9IN5zc8N0T5lej-5Id0aDA\" frameborder=\"0\" allow=\"accelerometer; autoplay; clipboard-write; encrypted-media; gyroscope; picture-in-picture; web-share\" referrerpolicy=\"strict-origin-when-cross-origin\" allowfullscreen><\/iframe><\/p>\n<div data-id=\"9ly1xDmkO1M\" data-query=\"\" data-src=\"https:\/\/www.youtube.com\/embed\/9ly1xDmkO1M\"><a href=\"https:\/\/www.facebook.com\/Anpiano.hanoi\" target=\"_blank\" rel=\"noopener\">T\u01b0 v\u1ea5n v\u00e0 ch\u1ecdn mua s\u1ea3n ph\u1ea9m kh\u00e1c t\u1ea1i \u0111\u00e2y<\/a><\/div>\n<div data-id=\"9ly1xDmkO1M\" data-query=\"\" data-src=\"https:\/\/www.youtube.com\/embed\/9ly1xDmkO1M\"><a href=\"http:\/\/thumuapiano.com\/\" target=\"_blank\" rel=\"noopener\">Ch\u00fang t\u00f4i nh\u1eadn thu mua Piano, h\u00e3y li\u00ean h\u1ec7 n\u1ebfu b\u1ea1n c\u00f3 nhu c\u1ea7u.<\/a><\/div>\n","protected":false},"excerpt":{"rendered":"<ul>\n<li>B\u1ea3o h\u00e0nh 12 th\u00e1ng\u00a0<a href=\"https:\/\/anpiano.com\/chinh-sach-bao-hanh\/\">xem th\u00eam<\/a><\/li>\n<li>Gh\u1ebf<\/li>\n<li>Kh\u0103n ph\u1ee7 ph\u00edm<\/li>\n<li>\u0110\u1ed5i ngu\u1ed3n 220V<\/li>\n<li>Freeship HCM \u2013 HN \u2013 \u0110N \u2013 NT &#8211; BMT<\/li>\n<li>Kh\u00f3a h\u1ecdc online<\/li>\n<\/ul>\n","protected":false},"featured_media":11520,"comment_status":"open","ping_status":"closed","template":"","meta":[],"product_cat":[17,129],"product_tag":[1377,699,681,45],"class_list":{"0":"post-11517","1":"product","2":"type-product","3":"status-publish","4":"has-post-thumbnail","6":"product_cat-piano-dan-dien","7":"product_cat-ya-ma-ha","8":"product_tag-clp-930","9":"product_tag-dan-piano-yamaha","10":"product_tag-piano-dien-yamaha","11":"product_tag-yamaha-clp-930","13":"first","14":"instock","15":"sale","16":"shipping-taxable","17":"purchasable","18":"product-type-simple"},"jetpack_sharing_enabled":true,"_links":{"self":[{"href":"https:\/\/anpiano.com\/index.php?rest_route=\/wp\/v2\/product\/11517"}],"collection":[{"href":"https:\/\/anpiano.com\/index.php?rest_route=\/wp\/v2\/product"}],"about":[{"href":"https:\/\/anpiano.com\/index.php?rest_route=\/wp\/v2\/types\/product"}],"replies":[{"embeddable":true,"href":"https:\/\/anpiano.com\/index.php?rest_route=%2Fwp%2Fv2%2Fcomments&post=11517"}],"version-history":[{"count":4,"href":"https:\/\/anpiano.com\/index.php?rest_route=\/wp\/v2\/product\/11517\/revisions"}],"predecessor-version":[{"id":14060,"href":"https:\/\/anpiano.com\/index.php?rest_route=\/wp\/v2\/product\/11517\/revisions\/14060"}],"wp:featuredmedia":[{"embeddable":true,"href":"https:\/\/anpiano.com\/index.php?rest_route=\/wp\/v2\/media\/11520"}],"wp:attachment":[{"href":"https:\/\/anpiano.com\/index.php?rest_route=%2Fwp%2Fv2%2Fmedia&parent=11517"}],"wp:term":[{"taxonomy":"product_cat","embeddable":true,"href":"https:\/\/anpiano.com\/index.php?rest_route=%2Fwp%2Fv2%2Fproduct_cat&post=11517"},{"taxonomy":"product_tag","embeddable":true,"href":"https:\/\/anpiano.com\/index.php?rest_route=%2Fwp%2Fv2%2Fproduct_tag&post=11517"}],"curies":[{"name":"wp","href":"https:\/\/api.w.org\/{rel}","templated":true}]}}