{"id":11593,"date":"2024-06-19T18:07:18","date_gmt":"2024-06-19T11:07:18","guid":{"rendered":"https:\/\/anpiano.com\/?post_type=product&#038;p=11593"},"modified":"2025-11-01T17:17:20","modified_gmt":"2025-11-01T10:17:20","slug":"steinway-sons-s-155","status":"publish","type":"product","link":"https:\/\/anpiano.com\/?product=steinway-sons-s-155","title":{"rendered":"Steinway &#038; Sons S 155"},"content":{"rendered":"<p>Gi\u1ed1ng nh\u01b0 t\u1ea5t c\u1ea3 c\u00e1c c\u00e2y \u0111\u00e0n grand piano c\u1ee7a\u00a0<span class=\"brand\">STEINWAY<\/span>, S-155 ch\u1ee9a \u0111\u1ef1ng ni\u1ec1m \u0111am m\u00ea v\u00e0 chuy\u00ean m\u00f4n c\u1ee7a c\u00e1c ngh\u1ec7 nh\u00e2n v\u00e0 th\u1ee3 th\u1ee7 c\u00f4ng l\u00e0nh ngh\u1ec1 c\u1ee7a ch\u00fang t\u00f4i. \u0110\u01b0\u1ee3c ph\u00e1t tri\u1ec3n v\u00e0o n\u0103m 1930, c\u00e2y grand piano n\u00e0y ch\u1ee9ng minh r\u1eb1ng b\u1ea5t k\u1ef3 ai c\u0169ng c\u00f3 th\u1ec3 t\u00ecm ra c\u00e1ch ri\u00eang \u0111\u1ec3 th\u1ec3 hi\u1ec7n b\u1ea3n th\u00e2n tr\u00ean\u00a0<span class=\"brand\">STEINWAY<\/span>. Model S grand piano \u0111\u1eb7c bi\u1ec7t ph\u1ed5 bi\u1ebfn v\u00ec n\u00f3 ph\u00f9 h\u1ee3p v\u1edbi h\u1ea7u h\u1ebft m\u1ecdi gia \u0111\u00ecnh. C\u0169ng gi\u1ed1ng nh\u01b0 baby grand M-170 v\u00e0 O-180 l\u1edbn h\u01a1n, khi nh\u1eafc\u00a0\u0111\u1ebfn \u00e2m thanh v\u00e0 c\u1ea3m gi\u00e1c ch\u1ea1m,\u00a0<span class=\"brand\">STEINWAY<\/span>\u00a0s\u1ebd lu\u00f4n l\u00e0\u00a0<span class=\"brand\">STEINWAY<\/span>.<\/p>\n<h2><strong>Piano Grand \u0110\u1eb3ng C\u1ea5p S\u1ed1 1<\/strong><\/h2>\n<p>Steinway &amp; Sons \u0111i theo l\u00fd t\u01b0\u1edfng c\u1ed1ng hi\u1ebfn gi\u00e1 tr\u1ecb, kh\u00f4ng gi\u1ed1ng nh\u1eefng nh\u00e0 s\u1ea3n xu\u1ea5t \u0111\u00e0n kh\u00e1c th\u01b0\u1eddng t\u1eadp trung s\u1ea3n xu\u1ea5t h\u00e0ng lo\u1ea1t \u0111\u1ec3 t\u0103ng \u0111\u1ed1c \u0111\u1ed9 v\u00e0 l\u1ee3i nhu\u1eadn, gi\u1ea3m chi ph\u00ed; Steinway ch\u1ec9 \u00e1p d\u1ee5ng c\u00f4ng ngh\u1ec7 v\u00e0 v\u1eadt li\u1ec7u qu\u00fd hi\u1ebfm \u0111\u1eb7c bi\u1ec7t \u0111\u01b0\u1ee3c s\u01b0u t\u1ea7m v\u00e0 ki\u1ec3m \u0111\u1ecbnh to\u00e0n c\u1ea7u. G\u1ed7 \u0111\u00e0n Steinway mang n\u00e9t \u0111\u1eb7c tr\u01b0ng ri\u00eang kh\u00f4ng gi\u1ed1ng b\u1ea5t k\u1ef3 h\u00e3ng \u0111\u00e0n n\u00e0o kh\u00e1c. Steinway \u01b0u ti\u00ean t\u1ed1i \u0111a cho qu\u00e1 tr\u00ecnh s\u1ea3n xu\u1ea5t \u0111\u00e0n Piano th\u1ee7 c\u00f4ng v\u00e0 duy nh\u1ea5t.<\/p>\n<p>Steinway &amp; Sons lu\u00f4n tu\u00e2n th\u1ee7 c\u00e1c gi\u00e1 tr\u1ecb v\u1ec1 truy\u1ec1n th\u1ed1ng l\u00e0m th\u1ee7 c\u00f4ng, nh\u01b0ng c\u0169ng \u0111\u00e3 li\u00ean t\u1ee5c d\u1eabn \u0111\u1ea7u trong s\u1ef1 \u0111\u1ed5i m\u1edbi. Nh\u1eefng c\u00e2y \u0111\u00e0n piano \u0111\u1ea7u ti\u00ean ch\u1ebf t\u00e1c b\u1edfi Steinway \u0111\u00e3 \u0111\u01b0\u1ee3c ph\u00e2n bi\u1ec7t b\u1edfi c\u00e1c t\u00ednh n\u0103ng s\u00e1ng t\u1ea1o &#8211; r\u1ea5t nhi\u1ec1u trong s\u1ed1 \u0111\u00f3 \u0111\u00e3 gi\u00fap \u0111\u1ecbnh h\u00ecnh piano hi\u1ec7n \u0111\u1ea1i ng\u00e0y nay. Ng\u00e0y nay, m\u1ed7i c\u00e2y \u0111\u00e0n piano Steinway l\u00e0 m\u1ed9t cam k\u1ebft c\u1ee7a Steinway &amp; Sons v\u1ec1 s\u1ef1 \u0111\u1ed5i m\u1edbi. M\u1ed7i c\u00e2y \u0111\u00e0n k\u1ebft h\u1ee3p h\u01a1n 125 t\u00ednh n\u0103ng \u0111\u01b0\u1ee3c c\u1ea5p b\u1eb1ng s\u00e1ng ch\u1ebf v\u00e0 quy tr\u00ecnh, bao g\u1ed3m c\u1ea3\u00a0<strong>soundboard<\/strong>\u00a0\u0111\u01b0\u1ee3c c\u1ea5p b\u1eb1ng s\u00e1ng ch\u1ebf \u0111\u1ed9c quy\u1ec1n Diaphragmatic\u00ae, c\u0169ng nh\u01b0 Accelerated Action\u00ae v\u00e0 Hexagrip\u00ae pinblock.<\/p>\n<p>Steinway &amp; Sons Model O\u00a0mang l\u1ea1i gi\u00e1 tr\u1ecb tinh th\u1ea7n kh\u00f3 di\u1ec5n t\u1ea3, n\u00f3 kh\u1eb3ng \u0111\u1ecbnh \u0111\u1eb3ng c\u1ea5p c\u1ee7a ch\u1ee7 s\u1edf h\u1eefu, v\u00e0 h\u01a1n h\u1ebft n\u00f3 mang l\u1ea1i ngu\u1ed3n c\u1ea3m h\u1ee9ng b\u1ea5t t\u1eadn \u0111\u1ec3 ng\u01b0\u1eddi ch\u01a1i h\u00f2a nh\u1eefng c\u1ea3m x\u00fac th\u00e0nh \u00e2m thanh m\u00ea ho\u1eb7c l\u00f2ng ng\u01b0\u1eddi. Ph\u1ea3i th\u1eeba nh\u1eadn r\u1eb1ng, s\u1ee9c h\u00fat c\u1ee7a c\u00e2y \u0111\u00e0n grand piano Steinway &amp; Sons O-180\u00a0kh\u00f4ng c\u00f3 m\u1ed9t c\u00e2y grand piano c\u00f3 h\u00e3ng n\u00e0o kh\u00e1c s\u00e1nh k\u1ecbp \u2013 \u0111\u00f3 ch\u00ednh l\u00e0 s\u1ee9c h\u00fat c\u1ee7a c\u00e2y \u0111\u00e0n piano \u0111\u1eb3ng c\u1ea5p s\u1ed1 1 th\u1ebf gi\u1edbi.<\/p>\n<p><img decoding=\"async\" class=\" ls-is-cached lazyloaded\" title=\"\" src=\"https:\/\/pianohouse.vn\/image\/catalog\/products\/nhat-my-duc\/grand-ge\/steinway-o\/piano-steinway-model-o-4.jpg\" alt=\"\" \/><\/p>\n<h2><strong>Ch\u1ebf t\u00e1c tinh x\u1ea3o<\/strong><\/h2>\n<p>M\u1ed9t c\u00e2y grand piano Steinway &amp; Sons ti\u00eau t\u1ed1n h\u01a1n m\u1ed9t n\u0103m v\u1edbi r\u1ea5t nhi\u1ec1u th\u1ee3 l\u00e0nh ngh\u1ec1. Kh\u00f4ng c\u1ea7n ph\u1ea3i v\u1ed9i v\u00e3. Ngay c\u1ea3 nh\u1eefng lo\u1ea1i g\u1ed7 \u0111\u00e3 \u0111\u01b0\u1ee3c tuy\u1ec3n ch\u1ecdn k\u1ef9 c\u00e0ng \u0111\u1ec3 t\u1ea1o n\u00ean c\u00e1c chi ti\u1ebft\u00a0c\u1ee7a c\u00e2y \u0111\u00e0n c\u0169ng ph\u1ea3i \u0111\u01b0\u1ee3c x\u1eed l\u00ed t\u1ec9 m\u1ef9 \u0111\u1ec3 \u0111\u1ea1t \u0111\u01b0\u1ee3c \u0111\u1ed9 \u1ed5n \u0111\u1ecbnh v\u00e0 quy \u0111\u1ecbnh \u0111\u1ed9 \u1ea9m ti\u00eau chu\u1ea9n Steinway.<\/p>\n<p>V\u00e0nh c\u1ee7a c\u00e2y \u0111\u00e0n bao g\u1ed3m c\u00e1c l\u1edbp \u0111\u00e1 c\u1ee9ng maple, c\u00e1c t\u1ea5m gang cao c\u1ea5p nh\u1ea5t, d\u00e2y \u0111\u00e0n c\u00f3 kh\u1ea3 n\u0103ng ch\u1ecbu l\u1ef1c l\u00ean \u0111\u1ebfn g\u1ea7n 20 t\u1ea5n.<\/p>\n<p><strong>G\u1ed7 spruce<\/strong>\u00a0ch\u1ea5t l\u01b0\u1ee3ng t\u1ed1t nh\u1ea5t \u0111\u01b0\u1ee3c trang tr\u00ed m\u1ed9t c\u00e1ch tinh x\u1ea3o v\u00e0o \u0111\u01b0\u1eddng cong c\u1ee7a th\u00f9ng c\u1ed9ng h\u01b0\u1edfng Diaphragmatic\u00ae, v\u00e0 \u0111\u01b0\u1ee3c thon g\u1ecdn nh\u1eb9 nh\u00e0ng t\u1eeb trung t\u00e2m \u0111\u1ebfn c\u00e1c c\u1ea1nh \u0111\u1ec3 \u0111\u1ea3m b\u1ea3o \u00e2m thanh Piano\u00a0Steinway d\u00e0y, c\u00f3 \u0111\u1ed9 s\u00e2u\u00a0v\u00e0 \u00e2m s\u1eafc\u00a0phong ph\u00fa, tuy\u1ec7t m\u1ef9 \u0111\u1ebfn h\u00fat h\u1ed3n.<\/p>\n<p><img decoding=\"async\" class=\" ls-is-cached lazyloaded\" title=\"\" src=\"https:\/\/pianohouse.vn\/image\/catalog\/products\/nhat-my-duc\/grand-ge\/steinway-o\/piano-steinway-model-o-3.jpg\" alt=\"\" \/><\/p>\n<p>T\u1eebng kh\u1ed1i g\u1ed7 l\u1edbn \u0111\u01b0\u1ee3c ch\u1ecdn l\u1ecdc v\u00e0 gh\u00e9p n\u1ed1i \u0111an xen tinh t\u1ebf v\u1edbi nhau t\u1ea1o n\u00ean \u0111\u1ed9 tinh x\u1ea3o ho\u00e0n h\u1ea3o.\u00a0Tuy nhi\u00ean \u0111\u00f3 v\u1eabn ch\u01b0a ph\u1ea3i l\u00e0 m\u1ed9t c\u00e2y Steinway &amp; Sons ho\u00e0n ch\u1ec9nh cho \u0111\u1ebfn khi kh\u00e2u l\u1ed3ng ti\u1ebfng cho c\u00e2y \u0111\u00e0n th\u1ef1c s\u1ef1 c\u00f3 ch\u1ea5t l\u01b0\u1ee3ng \u0111\u1eb7c bi\u1ec7t v\u00e0 \u0111\u1ed9c \u0111\u00e1o. \u1ede giai \u0111o\u1ea1n n\u00e0y, m\u1ecdi s\u1eafc th\u00e1i tinh t\u1ebf \u0111\u1ec1u \u0111\u01b0\u1ee3c r\u00fat ra b\u1eb1ng s\u1ef1 c\u00e2n \u0111\u1ed1i v\u00e0 \u0111i\u1ec1u ch\u1ec9nh c\u00e1c ph\u00edm c\u0169ng nh\u01b0 \u0111\u1ecbnh h\u00ecnh, l\u00e0m c\u1ee9ng ho\u1eb7c m\u1ec1m m\u1ed7i b\u00faa \u0111\u00e0n. Cu\u1ed1i c\u00f9ng, c\u00e2y piano m\u1edbi \u0111\u01b0\u1ee3c chuy\u1ec3n \u0111\u1ed5i t\u1eeb h\u01a1n\u00a0<strong>12.000 b\u1ed9 ph\u1eadn<\/strong>\u00a0ri\u00eang l\u1ebb th\u00e0nh m\u1ed9t nh\u1ea1c c\u1ee5&#8230; v\u00e0 t\u1eeb m\u1ed9t nh\u1ea1c c\u1ee5 th\u00e0nh m\u1ed9t Steinway &amp; Son ho\u00e0n h\u1ea3o.<\/p>\n<div data-id=\"9ly1xDmkO1M\" data-query=\"\" data-src=\"https:\/\/www.youtube.com\/embed\/9ly1xDmkO1M\"><a href=\"https:\/\/www.facebook.com\/anpiano.saigon\" target=\"_blank\" rel=\"noopener\">T\u01b0 v\u1ea5n v\u00e0 ch\u1ecdn mua s\u1ea3n ph\u1ea9m kh\u00e1c t\u1ea1i \u0111\u00e2y<\/a><\/div>\n<div data-id=\"9ly1xDmkO1M\" data-query=\"\" data-src=\"https:\/\/www.youtube.com\/embed\/9ly1xDmkO1M\"><a href=\"http:\/\/thumuapiano.com\/\" target=\"_blank\" rel=\"noopener\">Ch\u00fang t\u00f4i nh\u1eadn thu mua Piano, h\u00e3y li\u00ean h\u1ec7 n\u1ebfu b\u1ea1n c\u00f3 nhu c\u1ea7u.<\/a><\/div>\n","protected":false},"excerpt":{"rendered":"<ul>\n<li>B\u1ea3o h\u00e0nh ch\u00ednh h\u00e3ng 10 n\u0103m\u00a0<a href=\"https:\/\/anpiano.com\/chinh-sach-bao-hanh\/\">xem th\u00eam<\/a><\/li>\n<li>Gh\u1ebf<\/li>\n<li>Kh\u0103n ph\u1ee7 ph\u00edm<\/li>\n<li>Kh\u0103n ph\u1ee7 \u0111\u00e0n<\/li>\n<li>\u1ed0ng s\u1ea5y<\/li>\n<li>Freeship HCM \u2013 HN \u2013 \u0110N \u2013 NT<\/li>\n<li>Kh\u00f3a h\u1ecdc online<\/li>\n<\/ul>\n","protected":false},"featured_media":11618,"comment_status":"open","ping_status":"closed","template":"","meta":[],"product_cat":[124],"product_tag":[474,360,142,283,632,641],"class_list":{"0":"post-11593","1":"product","2":"type-product","3":"status-publish","4":"has-post-thumbnail","6":"product_cat-piano-grand","7":"product_tag-an-piano","8":"product_tag-dan-piano","9":"product_tag-piano","10":"product_tag-piano-co","11":"product_tag-piano-co-gia-re","12":"product_tag-piano-gia-re","14":"first","15":"instock","16":"shipping-taxable","17":"purchasable","18":"product-type-simple"},"jetpack_sharing_enabled":true,"_links":{"self":[{"href":"https:\/\/anpiano.com\/index.php?rest_route=\/wp\/v2\/product\/11593"}],"collection":[{"href":"https:\/\/anpiano.com\/index.php?rest_route=\/wp\/v2\/product"}],"about":[{"href":"https:\/\/anpiano.com\/index.php?rest_route=\/wp\/v2\/types\/product"}],"replies":[{"embeddable":true,"href":"https:\/\/anpiano.com\/index.php?rest_route=%2Fwp%2Fv2%2Fcomments&post=11593"}],"version-history":[{"count":2,"href":"https:\/\/anpiano.com\/index.php?rest_route=\/wp\/v2\/product\/11593\/revisions"}],"predecessor-version":[{"id":11599,"href":"https:\/\/anpiano.com\/index.php?rest_route=\/wp\/v2\/product\/11593\/revisions\/11599"}],"wp:featuredmedia":[{"embeddable":true,"href":"https:\/\/anpiano.com\/index.php?rest_route=\/wp\/v2\/media\/11618"}],"wp:attachment":[{"href":"https:\/\/anpiano.com\/index.php?rest_route=%2Fwp%2Fv2%2Fmedia&parent=11593"}],"wp:term":[{"taxonomy":"product_cat","embeddable":true,"href":"https:\/\/anpiano.com\/index.php?rest_route=%2Fwp%2Fv2%2Fproduct_cat&post=11593"},{"taxonomy":"product_tag","embeddable":true,"href":"https:\/\/anpiano.com\/index.php?rest_route=%2Fwp%2Fv2%2Fproduct_tag&post=11593"}],"curies":[{"name":"wp","href":"https:\/\/api.w.org\/{rel}","templated":true}]}}