{"id":11601,"date":"2024-06-28T18:35:35","date_gmt":"2024-06-28T11:35:35","guid":{"rendered":"https:\/\/anpiano.com\/?post_type=product&#038;p=11601"},"modified":"2025-11-01T17:15:07","modified_gmt":"2025-11-01T10:15:07","slug":"steinway-sons-s-152","status":"publish","type":"product","link":"https:\/\/anpiano.com\/?product=steinway-sons-s-152","title":{"rendered":"Steinway &#038; Sons S 152"},"content":{"rendered":"<h3>Steinway &amp; Sons S 152\u00a0Gi\u1ed1ng nh\u01b0 t\u1ea5t c\u1ea3 c\u00e1c c\u00e2y \u0111\u00e0n grand piano c\u1ee7a STEINWAY S 152 ch\u1ee9a \u0111\u1ef1ng ni\u1ec1m \u0111am m\u00ea v\u00e0 chuy\u00ean m\u00f4n c\u1ee7a c\u00e1c ngh\u1ec7 nh\u00e2n v\u00e0 th\u1ee3 th\u1ee7 c\u00f4ng l\u00e0nh ngh\u1ec1. \u0110\u01b0\u1ee3c ph\u00e1t tri\u1ec3n v\u00e0o n\u0103m 1930, c\u00e2y grand piano n\u00e0y ch\u1ee9ng minh r\u1eb1ng b\u1ea5t k\u1ef3 ai c\u0169ng c\u00f3 th\u1ec3 t\u00ecm ra c\u00e1ch ri\u00eang \u0111\u1ec3 th\u1ec3 hi\u1ec7n b\u1ea3n th\u00e2n tr\u00ean STEINWAY. Model S grand piano \u0111\u1eb7c bi\u1ec7t ph\u1ed5 bi\u1ebfn v\u00ec n\u00f3 ph\u00f9 h\u1ee3p v\u1edbi h\u1ea7u h\u1ebft m\u1ecdi gia \u0111\u00ecnh. C\u0169ng gi\u1ed1ng nh\u01b0 baby grand M-170 v\u00e0 O-180 l\u1edbn h\u01a1n, khi nh\u1eafc \u0111\u1ebfn \u00e2m thanh v\u00e0 c\u1ea3m gi\u00e1c ch\u1ea1m, STEINWAY s\u1ebd lu\u00f4n l\u00e0 STEINWAY.<\/h3>\n<p><img fetchpriority=\"high\" decoding=\"async\" class=\"alignnone wp-image-11609\" src=\"https:\/\/anpiano.com\/wp-content\/uploads\/2024\/06\/steinway_s_466949_5__1707326867_840-300x200.jpg\" alt=\"Steinway &amp; Sons S 152\" width=\"642\" height=\"428\" srcset=\"https:\/\/anpiano.com\/wp-content\/uploads\/2024\/06\/steinway_s_466949_5__1707326867_840-300x200.jpg 300w, https:\/\/anpiano.com\/wp-content\/uploads\/2024\/06\/steinway_s_466949_5__1707326867_840-1024x683.jpg 1024w, https:\/\/anpiano.com\/wp-content\/uploads\/2024\/06\/steinway_s_466949_5__1707326867_840-768x512.jpg 768w, https:\/\/anpiano.com\/wp-content\/uploads\/2024\/06\/steinway_s_466949_5__1707326867_840-1536x1024.jpg 1536w, https:\/\/anpiano.com\/wp-content\/uploads\/2024\/06\/steinway_s_466949_5__1707326867_840-510x340.jpg 510w, https:\/\/anpiano.com\/wp-content\/uploads\/2024\/06\/steinway_s_466949_5__1707326867_840.jpg 1620w\" sizes=\"(max-width: 642px) 100vw, 642px\" \/><\/p>\n<p>Trong h\u01a1n m\u1ed9t th\u1ebf k\u1ef7 r\u01b0\u1ee1i, nh\u1eefng ngh\u1ec7 s\u0129 piano t\u00e0i n\u0103ng nh\u1ea5t c\u1ee7a th\u1ebf gi\u1edbi lu\u00f4n \u01b0a th\u00edch \u0111\u01b0\u1ee3c th\u1ec3 hi\u1ec7n t\u00e0i n\u0103ng \u00e2m nh\u1ea1c c\u1ee7a h\u1ecd tr\u00ean c\u00e2y \u0111\u00e0n piano Steinway &amp; Sons. Danh s\u00e1ch bao g\u1ed3m c\u00e1c nh\u00e2n v\u1eadt kh\u1ed5ng l\u1ed3 trong l\u00e0ng nh\u1ea1c c\u1ed5 \u0111i\u1ec3n, jazz, v\u00e0 \u00e2m nh\u1ea1c ph\u1ed5 bi\u1ebfn, nh\u1eefng ng\u01b0\u1eddi \u0111\u00e3 \u0111\u1ecbnh h\u00ecnh di s\u1ea3n \u00e2m nh\u1ea1c th\u1ebf gi\u1edbi. Ng\u00e0y nay, h\u01a1n 98% ngh\u1ec7 s\u0129 d\u01b0\u01a1ng c\u1ea7m tr\u00ean th\u1ebf gi\u1edbi lu\u00f4n l\u1ef1a ch\u1ecdn th\u1ec3 hi\u1ec7n tr\u00ean c\u00e2y \u0111\u00e0n piano Steinway. Piano Steinway m\u1edf ra m\u1ed9t th\u1ebf gi\u1edbi m\u1edbi cho t\u1ea5t c\u1ea3 nh\u1eefng ai mu\u1ed1n chia s\u1ebb t\u00ecnh y\u00eau \u00e2m nh\u1ea1c, s\u1ef1 ho\u00e0n m\u1ef9 c\u1ee7a ngh\u1ec1 th\u1ee7 c\u00f4ng v\u00e0 h\u01b0\u1edbng \u0111\u1ebfn gi\u00e1 tr\u1ecb ch\u1ea5t l\u01b0\u1ee3ng b\u1ec1n v\u1eefng.<\/p>\n<p>Kh\u00f4ng nh\u1eefng lu\u00f4n tu\u00e2n th\u1ee7 c\u00e1c gi\u00e1 tr\u1ecb v\u1ec1 truy\u1ec1n th\u1ed1ng ngh\u1ec1 th\u1ee7 c\u00f4ng, Steinway &amp; Sons \u0111\u00e3 li\u00ean t\u1ee5c d\u1eabn \u0111\u1ea7u ng\u00e0nh ch\u1ebf t\u00e1c \u0111\u00e0n piano th\u00f4ng qua s\u1ef1 \u0111\u1ed5i m\u1edbi li\u00ean t\u1ee5c kh\u00f4ng ng\u1eebng ngh\u1ec9. Nh\u1eefng c\u00e2y \u0111\u00e0n piano \u0111\u1ea7u ti\u00ean ch\u1ebf t\u00e1c b\u1edfi Steinway \u0111\u00e3 t\u1ea1o ra s\u1ef1 kh\u00e1c bi\u1ec7t b\u1edfi c\u00e1c t\u00ednh n\u0103ng v\u00e0 thi\u1ebft k\u1ebf s\u00e1ng t\u1ea1o &#8211; r\u1ea5t nhi\u1ec1u b\u1eb1ng s\u00e1ng ch\u1ebf c\u1ee7a Steinway \u0111\u00e3 gi\u00fap \u0111\u1ecbnh h\u00ecnh c\u00e2y \u0111\u00e0n piano hi\u1ec7n \u0111\u1ea1i ng\u00e0y nay. Ng\u00e0y nay, m\u1ed7i c\u00e2y \u0111\u00e0n piano Steinway l\u00e0 m\u1ed9\u00a0\u00a0 t cam k\u1ebft c\u1ee7a ch\u00fang t\u00f4i v\u1ec1 s\u1ef1 \u0111\u1ed5i m\u1edbi. M\u1ed7i c\u00e2y \u0111\u00e0n k\u1ebft h\u1ee3p h\u01a1n 125 t\u00ednh n\u0103ng \u0111\u01b0\u1ee3c c\u1ea5p b\u1eb1ng s\u00e1ng ch\u1ebf v\u00e0 \u0111\u00e1p \u1ee9ng quy tr\u00ecnh s\u1ea3n xu\u1ea5t nghi\u00eam ng\u1eb7t, bao g\u1ed3m c\u1ea3 soundboard \u0111\u01b0\u1ee3c c\u1ea5p b\u1eb1ng s\u00e1ng ch\u1ebf \u0111\u1ed9c quy\u1ec1n Diaphragmatic\u00ae, c\u0169ng nh\u01b0 Accelerated Action\u00ae v\u00e0 Hexagrip\u00ae pinblock\u2026<\/p>\n<p>Cu\u1ed1i c\u00f9ng, M\u1ed7i b\u1ed9 ph\u1eadn c\u1ee7a \u0111\u00e0n piano Steinway &amp; Sons S 152 \u0111\u01b0\u1ee3c c\u00e1c ngh\u1ec7 nh\u00e2n tinh t\u1ebf k\u1ebft n\u1ed1i v\u1edbi nhau th\u00f4ng qua s\u1ef1 \u0111an xen c\u1ee7a th\u1ee7 c\u00f4ng tinh x\u1ea3o v\u00e0 c\u00f4ng ngh\u1ec7 d\u1eabn \u0111\u1ea7u cho \u0111\u1ebfn khi ho\u00e0n t\u1ea5t nh\u1eefng c\u00f4ng \u0111o\u1ea1n l\u00e0m \u0111\u00e0n cu\u1ed1i c\u00f9ng. Tuy nhi\u00ean \u0111\u00f3 v\u1eabn ch\u01b0a ph\u1ea3i l\u00e0 m\u1ed9t c\u00e2y Steinway ho\u00e0n ch\u1ec9nh cho \u0111\u1ebfn c\u00f4ng \u0111o\u1ea1n canh ch\u1ec9nh k\u1ef9 thu\u1eadt \u0111\u1ec3 t\u1ea1o ra \u201c\u00e2m thanh Steinway\u201d v\u1edbi ch\u1ea5t l\u01b0\u1ee3ng v\u01b0\u1ee3t tr\u1ed9i. \u1ede giai \u0111o\u1ea1n n\u00e0y, m\u1ecdi s\u1eafc th\u00e1i tinh t\u1ebf \u0111\u1ec1u \u0111\u01b0\u1ee3c t\u1ea1o n\u00ean b\u1eb1ng s\u1ef1 c\u00e2n \u0111\u1ed1i v\u00e0 \u0111i\u1ec1u ch\u1ec9nh c\u00e1c ph\u00edm \u0111\u00e0n c\u0169ng nh\u01b0 \u0111\u1ecbnh h\u00ecnh, l\u00e0m c\u1ee9ng ho\u1eb7c m\u1ec1m m\u1ed7i b\u00faa \u0111\u00e0n. Cu\u1ed1i c\u00f9ng, c\u00e2y piano m\u1edbi \u0111\u01b0\u1ee3c chuy\u1ec3n \u0111\u1ed5i t\u1eeb h\u01a1n 12.000 b\u1ed9 ph\u1eadn ri\u00eang l\u1ebb th\u00e0nh m\u1ed9t nh\u1ea1c c\u1ee5 v\u00e0 t\u1eeb \u0111\u00f3 tr\u1edf th\u00e0nh m\u1ed9t Steinway ho\u00e0n h\u1ea3o.<\/p>\n<div data-id=\"9ly1xDmkO1M\" data-query=\"\" data-src=\"https:\/\/www.youtube.com\/embed\/9ly1xDmkO1M\"><a href=\"https:\/\/www.facebook.com\/anpiano.saigon\" target=\"_blank\" rel=\"noopener\">T\u01b0 v\u1ea5n v\u00e0 ch\u1ecdn mua s\u1ea3n ph\u1ea9m kh\u00e1c t\u1ea1i \u0111\u00e2y<\/a><\/div>\n<div data-id=\"9ly1xDmkO1M\" data-query=\"\" data-src=\"https:\/\/www.youtube.com\/embed\/9ly1xDmkO1M\"><a href=\"http:\/\/thumuapiano.com\/\" target=\"_blank\" rel=\"noopener\">Ch\u00fang t\u00f4i nh\u1eadn thu mua Piano, h\u00e3y li\u00ean h\u1ec7 n\u1ebfu b\u1ea1n c\u00f3 nhu c\u1ea7u.<\/a><\/div>\n","protected":false},"excerpt":{"rendered":"<ul>\n<li>B\u1ea3o h\u00e0nh ch\u00ednh h\u00e3ng 10 n\u0103m\u00a0<a href=\"https:\/\/anpiano.com\/chinh-sach-bao-hanh\/\">xem th\u00eam<\/a><\/li>\n<li>Gh\u1ebf<\/li>\n<li>Kh\u0103n ph\u1ee7 ph\u00edm<\/li>\n<li>Kh\u0103n ph\u1ee7 \u0111\u00e0n<\/li>\n<li>\u1ed0ng s\u1ea5y<\/li>\n<li>Freeship HCM \u2013 HN \u2013 \u0110N \u2013 NT &#8211; BMT<\/li>\n<li>Kh\u00f3a h\u1ecdc online<\/li>\n<\/ul>\n","protected":false},"featured_media":11617,"comment_status":"open","ping_status":"closed","template":"","meta":[],"product_cat":[124,137],"product_tag":[474,283,632],"class_list":{"0":"post-11601","1":"product","2":"type-product","3":"status-publish","4":"has-post-thumbnail","6":"product_cat-piano-grand","7":"product_cat-steinway-son","8":"product_tag-an-piano","9":"product_tag-piano-co","10":"product_tag-piano-co-gia-re","12":"first","13":"instock","14":"sale","15":"shipping-taxable","16":"purchasable","17":"product-type-simple"},"jetpack_sharing_enabled":true,"_links":{"self":[{"href":"https:\/\/anpiano.com\/index.php?rest_route=\/wp\/v2\/product\/11601"}],"collection":[{"href":"https:\/\/anpiano.com\/index.php?rest_route=\/wp\/v2\/product"}],"about":[{"href":"https:\/\/anpiano.com\/index.php?rest_route=\/wp\/v2\/types\/product"}],"replies":[{"embeddable":true,"href":"https:\/\/anpiano.com\/index.php?rest_route=%2Fwp%2Fv2%2Fcomments&post=11601"}],"version-history":[{"count":3,"href":"https:\/\/anpiano.com\/index.php?rest_route=\/wp\/v2\/product\/11601\/revisions"}],"predecessor-version":[{"id":11610,"href":"https:\/\/anpiano.com\/index.php?rest_route=\/wp\/v2\/product\/11601\/revisions\/11610"}],"wp:featuredmedia":[{"embeddable":true,"href":"https:\/\/anpiano.com\/index.php?rest_route=\/wp\/v2\/media\/11617"}],"wp:attachment":[{"href":"https:\/\/anpiano.com\/index.php?rest_route=%2Fwp%2Fv2%2Fmedia&parent=11601"}],"wp:term":[{"taxonomy":"product_cat","embeddable":true,"href":"https:\/\/anpiano.com\/index.php?rest_route=%2Fwp%2Fv2%2Fproduct_cat&post=11601"},{"taxonomy":"product_tag","embeddable":true,"href":"https:\/\/anpiano.com\/index.php?rest_route=%2Fwp%2Fv2%2Fproduct_tag&post=11601"}],"curies":[{"name":"wp","href":"https:\/\/api.w.org\/{rel}","templated":true}]}}