{"id":11796,"date":"2024-08-07T17:26:51","date_gmt":"2024-08-07T10:26:51","guid":{"rendered":"https:\/\/anpiano.com\/?post_type=product&#038;p=11796"},"modified":"2025-09-25T17:44:10","modified_gmt":"2025-09-25T10:44:10","slug":"yamaha-clp-470-wh","status":"publish","type":"product","link":"https:\/\/anpiano.com\/?product=yamaha-clp-470-wh","title":{"rendered":"Yamaha CLP 470 Wh"},"content":{"rendered":"<h4>Yamaha CLP 470 Wh\u00a0 \u0111\u01b0\u1ee3c nhi\u1ec1u ng\u01b0\u1eddi \u01b0a chu\u1ed9ng b\u1edfi \u00e2m thanh v\u00e0 kh\u1ea3 n\u0103ng bi\u1ec3u di\u1ec5n. Gi\u00fap ng\u01b0\u1eddi ch\u01a1i c\u1ea3m nh\u1eadn \u00a0\u00e2m thanh nh\u01b0 m\u1ed9t c\u00e2y \u0111\u1ea1i d\u01b0\u01a1ng c\u1ea7m th\u1eadt th\u1ee5 trong nh\u00e0 \u00a0c\u1ee7a m\u00ecnh. CLP Clavinova l\u00e0 d\u00f2ng \u0111\u00e0n piano cao c\u1ea5p ch\u1eafc ch\u1eafn s\u1ebd l\u00e0m \u0111\u1eb9p cho b\u1ea5t k\u1ef3 c\u0103n ph\u00f2ng n\u00e0o. Ch\u1ea5t li\u1ec7u \u0111\u01b0\u1ee3c s\u1eed d\u1ee5ng tr\u00ean \u0111\u00e0n Yamaha CLP 470 Wh c\u00f3 kh\u1ea3 n\u0103ng ch\u1ed1ng tr\u1ea7y x\u01b0\u1edbc c\u0169ng nh\u01b0 nhi\u1ec7t \u0111\u1ed9 v\u00e0 \u0111\u1ed9 \u1ea9m. Yamaha CLP 470 Wh\u00a0l\u00e0 m\u1ed9t c\u00e2y \u0111\u00e0n piano \u0111\u1ea7y \u0111\u1ee7 t\u00ednh n\u0103ng hi\u1ec7n \u0111\u1ea1i v\u00e0 \u0111\u1ed9c \u0111\u00e1o.<\/h4>\n<p><img fetchpriority=\"high\" decoding=\"async\" class=\"alignnone wp-image-11798\" src=\"https:\/\/anpiano.com\/wp-content\/uploads\/2024\/08\/IMG_7859-300x300.jpg\" alt=\"Yamaha CLP 470 Wh\" width=\"727\" height=\"727\" srcset=\"https:\/\/anpiano.com\/wp-content\/uploads\/2024\/08\/IMG_7859-300x300.jpg 300w, https:\/\/anpiano.com\/wp-content\/uploads\/2024\/08\/IMG_7859-1024x1024.jpg 1024w, https:\/\/anpiano.com\/wp-content\/uploads\/2024\/08\/IMG_7859-150x150.jpg 150w, https:\/\/anpiano.com\/wp-content\/uploads\/2024\/08\/IMG_7859-768x768.jpg 768w, https:\/\/anpiano.com\/wp-content\/uploads\/2024\/08\/IMG_7859-1536x1536.jpg 1536w, https:\/\/anpiano.com\/wp-content\/uploads\/2024\/08\/IMG_7859-2048x2048.jpg 2048w, https:\/\/anpiano.com\/wp-content\/uploads\/2024\/08\/IMG_7859-510x510.jpg 510w, https:\/\/anpiano.com\/wp-content\/uploads\/2024\/08\/IMG_7859-100x100.jpg 100w\" sizes=\"(max-width: 727px) 100vw, 727px\" \/><\/p>\n<p>&nbsp;<\/p>\n<p>Nh\u1eefng \u0111\u1eb7c \u0111i\u1ec3m n\u1ed5i b\u1eadt c\u1ee7a \u0111\u00e0n Yamaha CLP 470 Wh:<\/p>\n<p>C\u1ea3m nh\u1eadn \u00a0piano th\u1ef1c s\u1ef1 v\u1edbi \u201cB\u00e0n ph\u00edm g\u1ed7 t\u1ef1 nhi\u00ean\u201d c\u1ee7a Yamaha<\/p>\n<p>B\u00e0n ph\u00edm g\u1ed7 t\u1ef1 nhi\u00ean Clavinova ch\u1ec9 c\u00f3 th\u1ec3 \u0111\u01b0\u1ee3c s\u1ea3n xu\u1ea5t b\u1edfi Yamaha, v\u1edbi c\u00e1c k\u1ef9 thu\u1eadt ch\u1ebf bi\u1ebfn g\u1ed7 \u0111\u01b0\u1ee3c ho\u00e0n thi\u1ec7n t\u1eeb h\u01a1n m\u1ed9t th\u1ebf k\u1ef7 ch\u1ebf t\u1ea1o \u0111\u00e0n piano. Gi\u1ed1ng nh\u01b0 \u0111\u00e0n grand piano, c\u00e1c ph\u00edm c\u1ee7a Yamaha CLP 470 Wh\u00a0\u0111\u01b0\u1ee3c l\u00e0m b\u1eb1ng g\u1ed7 nguy\u00ean kh\u1ed1i \u0111\u00e3 tr\u1ea3i qua qu\u00e1 tr\u00ecnh s\u1ea5y kh\u00f4 c\u1ea7n thi\u1ebft \u0111\u1ec3 s\u1eed d\u1ee5ng trong nh\u1ea1c c\u1ee5. Nh\u1eefng ph\u00edm n\u00e0y c\u00f3 kh\u1ea3 n\u0103ng ch\u1ed1ng cong v\u00eanh v\u00e0 bi\u1ebfn d\u1ea1ng h\u01a1n so v\u1edbi b\u00e0n ph\u00edm g\u1ed7 nhi\u1ec1u l\u1edbp.<\/p>\n<p>B\u1ec1 m\u1eb7t ph\u00edm \u0111\u01b0\u1ee3c ph\u1ee7 l\u1edbp ng\u00e0 t\u1ed5ng h\u1ee3p<\/p>\n<p>B\u00e0n ph\u00edm \u0111\u01b0\u1ee3c ph\u1ee7 ng\u00e0 t\u1ed5ng h\u1ee3p c\u00f3 b\u1ec1 m\u1eb7t m\u1ec1m, h\u01a1i x\u1ed1p gi\u00fap cho c\u00e1c ph\u00edm \u0111\u01b0\u1ee3c th\u00eam \u0111\u1ed9 b\u00e1m v\u00e0 ma s\u00e1t t\u1ef1 nhi\u00ean \u0111\u1ec3 c\u1ea3i thi\u1ec7n kh\u1ea3 n\u0103ng ch\u01a1i. K\u1ebft c\u1ea5u m\u1ecbn, tinh t\u1ebf c\u1ee7a c\u00e1c ph\u00edm t\u1ea1o c\u1ea3m gi\u00e1c sang tr\u1ecdng v\u00e0 d\u1ec5 d\u00e0ng \u0111\u1ec3 l\u00e0m s\u1ea1ch.<\/p>\n<p><img decoding=\"async\" class=\"alignnone wp-image-11797\" src=\"https:\/\/anpiano.com\/wp-content\/uploads\/2024\/08\/IMG_7858-300x300.jpg\" alt=\"Yamaha CLP 470 Wh\" width=\"726\" height=\"726\" srcset=\"https:\/\/anpiano.com\/wp-content\/uploads\/2024\/08\/IMG_7858-300x300.jpg 300w, https:\/\/anpiano.com\/wp-content\/uploads\/2024\/08\/IMG_7858-1024x1024.jpg 1024w, https:\/\/anpiano.com\/wp-content\/uploads\/2024\/08\/IMG_7858-150x150.jpg 150w, https:\/\/anpiano.com\/wp-content\/uploads\/2024\/08\/IMG_7858-768x768.jpg 768w, https:\/\/anpiano.com\/wp-content\/uploads\/2024\/08\/IMG_7858-1536x1536.jpg 1536w, https:\/\/anpiano.com\/wp-content\/uploads\/2024\/08\/IMG_7858-2048x2048.jpg 2048w, https:\/\/anpiano.com\/wp-content\/uploads\/2024\/08\/IMG_7858-510x510.jpg 510w, https:\/\/anpiano.com\/wp-content\/uploads\/2024\/08\/IMG_7858-100x100.jpg 100w\" sizes=\"(max-width: 726px) 100vw, 726px\" \/><\/p>\n<p>M\u1ed9t tr\u1ea3i nghi\u1ec7m ch\u01a1i nh\u1ea1c v\u1edbi \u00e2m thanh tuy\u1ec7t v\u1eddi:<\/p>\n<p>M\u1ed7i d\u00f2ng Yamaha Clavinova cao c\u1ea5p \u0111\u1ec1u t\u00edch h\u1ee3p \u201cReal Grand Expression\u201d. H\u1ec7 th\u1ed1ng n\u00e0y t\u00edch h\u1ee3p \u00e2m thanh, c\u1ea3m \u1ee9ng v\u00e0 pedal \u0111em \u0111\u1ebfn c\u1ea3m gi\u00e1c ho\u00e0n h\u1ea3o nh\u01b0 khi ch\u01a1i m\u1ed9t c\u00e2y \u0111\u1ea1i d\u01b0\u01a1ng c\u1ea7m th\u1ef1c s\u1ef1. Tr\u00ean th\u1ef1c t\u1ebf, ti\u1ebfng Grand Piano c\u1ee7a Yamaha CLP 470 Wh \u0111\u00e3 \u0111\u01b0\u1ee3c thu \u00e2m b\u1eb1ng c\u00e1ch ghi l\u1ea1i \u00e2m thanh c\u1ee7a m\u1ed9t c\u00e2y \u0111\u1ea1i d\u01b0\u01a1ng c\u1ea7m Yamaha. Khi b\u1ea1n ch\u01a1i tr\u00ean Yamaha CLP 470 Wh, b\u1ea1n s\u1ebd c\u1ea3m th\u1ea5y nh\u01b0 th\u1ec3 b\u1ea1n \u0111ang ch\u01a1i m\u1ed9t c\u00e2y \u0111\u1ea1i d\u01b0\u01a1ng c\u1ea7m. C\u1ea3m \u1ee9ng, c\u1ea3m gi\u00e1c, ph\u1ea3n h\u1ed3i v\u00e0 \u00e2m thanh k\u1ebft h\u1ee3p \u0111em \u0111\u1ebfn tr\u1ea3i nghi\u1ec7m ch\u01a1i tuy\u1ec7t \u0111\u1ec9nh. C\u00f9ng v\u1edbi ti\u1ebfng \u0111\u00e0n piano, b\u1ea1n c\u0169ng c\u00f3 th\u1ec3 l\u1ef1a ch\u1ecdn nhi\u1ec1u m\u1eabu \u00e2m thanh kh\u00e1c, bao g\u1ed3m piano \u0111i\u1ec7n, \u0111\u00e0n harpsichord, guitar v\u00e0 d\u00e0n d\u00e2y.<\/p>\n<p>C\u1ea3m gi\u00e1c b\u00e0n ph\u00edm trung th\u1ef1c:<\/p>\n<p>C\u1ea3m gi\u00e1c ph\u00edm Yamaha CLP 470 Wh\u00a0\u0111\u00e3 \u0111\u01b0\u1ee3c c\u00e1c ngh\u1ec7 s\u0129 piano khen ng\u1ee3i, b\u00ed m\u1eadt \u0111\u1eb1ng sau c\u1ea3m gi\u00e1c v\u00e0 ph\u1ea3n \u1ee9ng v\u01b0\u1ee3t tr\u1ed9i n\u00e0y l\u00e0 c\u00f9ng m\u1ed9t h\u1ec7 th\u1ed1ng b\u00faa v\u00e0 c\u01a1 ch\u1ebf kh\u00f4ng c\u00f3 l\u00f2 xo nh\u01b0 trong c\u00e1c c\u00e2y \u0111\u00e0n grand piano. B\u00e0n ph\u00edm Clavinova Graded Hammer 3 t\u00e1i t\u1ea1o m\u1ed9t c\u00e1ch trung th\u1ef1c c\u1ea3m \u1ee9ng b\u00e0n ph\u00edm c\u1ee7a m\u1ed9t c\u00e2y \u0111\u00e0n piano acoustic t\u1eeb c\u1ea3m gi\u00e1c n\u1eb7ng \u1edf d\u1ea3i th\u1ea5p \u0111\u1ebfn c\u1ea3m gi\u00e1c nh\u1eb9 \u1edf d\u1ea3i cao h\u01a1n. Yamaha c\u00f3 m\u1ed9t h\u1ec7 th\u1ed1ng ba c\u1ea3m bi\u1ebfn \u0111\u1ed9c \u0111\u00e1o, gi\u00fap c\u1ea3m nh\u1eadn v\u00e0 di\u1ec5n gi\u1ea3i ch\u00ednh x\u00e1c ho\u1ea1t \u0111\u1ed9ng c\u1ee7a b\u00e0n ph\u00edm, gi\u1ed1ng nh\u01b0 m\u1ed9t c\u00e2y \u0111\u1ea1i d\u01b0\u01a1ng c\u1ea7m.<\/p>\n<p>Th\u00f4ng s\u1ed1 k\u1ef9 thu\u1eadt c\u1ee7a \u0111\u00e0n Yamaha CLP 470 Wh<\/p>\n<table class=\"Table\" cellspacing=\"0\" align=\"left\">\n<tbody>\n<tr>\n<td>Th\u01b0\u01a1ng hi\u1ec7u<\/td>\n<td colspan=\"2\">Yamaha<\/td>\n<\/tr>\n<tr>\n<td>Model<\/td>\n<td colspan=\"2\">Yamaha CLP 470 Wh<\/td>\n<\/tr>\n<tr>\n<td>Kich th\u01b0\u1edbc<\/td>\n<td colspan=\"2\">Chi\u1ec1u r\u1ed9ng 1420mm * Chi\u1ec1u cao 940mm* Chi\u1ec1u s\u00e2u 513mm<\/td>\n<\/tr>\n<tr>\n<td>Tr\u1ecdng l\u01b0\u1ee3ng<\/td>\n<td colspan=\"2\">87.5kg<\/td>\n<\/tr>\n<tr>\n<td rowspan=\"4\">B\u00e0n ph\u00edm<\/td>\n<td>S\u1ed1 ph\u00edm<\/td>\n<td>88<\/td>\n<\/tr>\n<tr>\n<td>Lo\u1ea1i<\/td>\n<td>NW (G\u1ed7 T\u1ef1 Nhi\u00ean (G\u1ed7 \u0111\u01b0\u1ee3c s\u1eed d\u1ee5ng cho c\u00e1c ph\u00edm tr\u1eafng)) b\u00e0n ph\u00edm v\u1edbi m\u1eb7t ph\u00edm m\u00e0u ng\u00e0 t\u1ed5ng h\u1ee3p.<\/td>\n<\/tr>\n<tr>\n<td>Touch Sensitivity<\/td>\n<td>Nh\u1eb9, Trung B\u00ecnh, N\u1eb7ng, C\u1ed1 \u0110\u1ecbnh<\/td>\n<\/tr>\n<tr>\n<td>B\u00faa ph\u00e2n c\u1ea5p 88 ph\u00edm<\/td>\n<td>C\u00f3<\/td>\n<\/tr>\n<tr>\n<td rowspan=\"4\">Pedal<\/td>\n<td>S\u1ed1 pedal<\/td>\n<td>3<\/td>\n<\/tr>\n<tr>\n<td>N\u1eeda pedal<\/td>\n<td>C\u00f3<\/td>\n<\/tr>\n<tr>\n<td>C\u00e1c ch\u1ee9c n\u0103ng<\/td>\n<td>\u00c2m vang v\u1edbi hi\u1ec7u \u1ee9ng n\u1eefa pedal, gi\u1ea3m \u00e2m v\u00e0 duy tr\u00ec \u00e2m<\/td>\n<\/tr>\n<tr>\n<td>Pedal vang \u00e2m H\u1ed3i \u0111\u00e1p GP<\/td>\n<td>C\u00f3<\/td>\n<\/tr>\n<tr>\n<td>Hi\u1ec3n th\u1ecb<\/td>\n<td>Lo\u1ea1i<\/td>\n<td>Backlit LCD (24 k\u00fd t\u1ef1 x 2)<\/td>\n<\/tr>\n<tr>\n<td>B\u1ea3ng \u0111i\u1ec1u khi\u1ec3n<\/td>\n<td>Ng\u00f4n ng\u1eef<\/td>\n<td>Ti\u1ebfng Anh<\/td>\n<\/tr>\n<tr>\n<td>T\u1ea1o \u00e2m<\/td>\n<td colspan=\"2\">\u0110\u1ed9ng c\u01a1 \u00e2m thanh RGE (Real Grand Expression)<\/td>\n<\/tr>\n<tr>\n<td>\u00c2m s\u1eafc t\u1ed1i \u0111a<\/td>\n<td colspan=\"2\">256<\/p>\n<p>&nbsp;<\/td>\n<\/tr>\n<\/tbody>\n<\/table>\n<p>&nbsp;<\/p>\n<p>&nbsp;<\/p>\n<p>&nbsp;<\/p>\n<p>&nbsp;<\/p>\n<p>&nbsp;<\/p>\n<p>&nbsp;<\/p>\n<p>&nbsp;<\/p>\n<p>&nbsp;<\/p>\n<p>&nbsp;<\/p>\n<p>&nbsp;<\/p>\n<p>&nbsp;<\/p>\n<p>&nbsp;<\/p>\n<p>&nbsp;<\/p>\n<p>&nbsp;<\/p>\n<p>&nbsp;<\/p>\n<p>&nbsp;<\/p>\n<p>&nbsp;<\/p>\n<p>&nbsp;<\/p>\n<p>&nbsp;<\/p>\n<p>&nbsp;<\/p>\n<p>&nbsp;<\/p>\n<p>&nbsp;<\/p>\n<p>&nbsp;<\/p>\n<p>&nbsp;<\/p>\n<p>&nbsp;<\/p>\n<p>&nbsp;<\/p>\n<div data-id=\"9ly1xDmkO1M\" data-query=\"\" data-src=\"https:\/\/www.youtube.com\/embed\/9ly1xDmkO1M\"><a href=\"https:\/\/www.facebook.com\/anpiano.saigon\" target=\"_blank\" rel=\"noopener\">T\u01b0 v\u1ea5n v\u00e0 ch\u1ecdn mua s\u1ea3n ph\u1ea9m kh\u00e1c t\u1ea1i \u0111\u00e2y<\/a><\/div>\n<div data-id=\"9ly1xDmkO1M\" data-query=\"\" data-src=\"https:\/\/www.youtube.com\/embed\/9ly1xDmkO1M\"><a href=\"http:\/\/thumuapiano.com\/\" target=\"_blank\" rel=\"noopener\">Ch\u00fang t\u00f4i nh\u1eadn thu mua Piano, h\u00e3y li\u00ean h\u1ec7 n\u1ebfu b\u1ea1n c\u00f3 nhu c\u1ea7u.<\/a><\/div>\n","protected":false},"excerpt":{"rendered":"<ul>\n<li>B\u1ea3o h\u00e0nh 24 th\u00e1ng\u00a0<a href=\"https:\/\/anpiano.com\/chinh-sach-bao-hanh\/\">xem th\u00eam<\/a><\/li>\n<li>Gh\u1ebf<\/li>\n<li>S\u00e1ch nh\u1ea1c<\/li>\n<li>Jack tai nghe<\/li>\n<li>\u0110\u1ed5i ngu\u1ed3n 220V<\/li>\n<li>Freeship HCM \u2013 HN \u2013 \u0110N<\/li>\n<li>Kh\u00f3a h\u1ecdc online<\/li>\n<\/ul>\n<p>Yamaha CLP 470 Wh\u00a0 \u0111\u01b0\u1ee3c nhi\u1ec1u ng\u01b0\u1eddi \u01b0a chu\u1ed9ng b\u1edfi \u00e2m thanh v\u00e0 kh\u1ea3 n\u0103ng bi\u1ec3u di\u1ec5n. Gi\u00fap ng\u01b0\u1eddi ch\u01a1i c\u1ea3m nh\u1eadn \u00a0\u00e2m thanh nh\u01b0 m\u1ed9t c\u00e2y \u0111\u1ea1i d\u01b0\u01a1ng c\u1ea7m th\u1eadt th\u1ee5 trong nh\u00e0 \u00a0c\u1ee7a m\u00ecnh<\/p>\n","protected":false},"featured_media":11798,"comment_status":"open","ping_status":"closed","template":"","meta":[],"product_cat":[17,129],"product_tag":[],"class_list":{"0":"post-11796","1":"product","2":"type-product","3":"status-publish","4":"has-post-thumbnail","6":"product_cat-piano-dan-dien","7":"product_cat-ya-ma-ha","9":"first","10":"instock","11":"sale","12":"shipping-taxable","13":"purchasable","14":"product-type-simple"},"jetpack_sharing_enabled":true,"_links":{"self":[{"href":"https:\/\/anpiano.com\/index.php?rest_route=\/wp\/v2\/product\/11796"}],"collection":[{"href":"https:\/\/anpiano.com\/index.php?rest_route=\/wp\/v2\/product"}],"about":[{"href":"https:\/\/anpiano.com\/index.php?rest_route=\/wp\/v2\/types\/product"}],"replies":[{"embeddable":true,"href":"https:\/\/anpiano.com\/index.php?rest_route=%2Fwp%2Fv2%2Fcomments&post=11796"}],"version-history":[{"count":3,"href":"https:\/\/anpiano.com\/index.php?rest_route=\/wp\/v2\/product\/11796\/revisions"}],"predecessor-version":[{"id":14047,"href":"https:\/\/anpiano.com\/index.php?rest_route=\/wp\/v2\/product\/11796\/revisions\/14047"}],"wp:featuredmedia":[{"embeddable":true,"href":"https:\/\/anpiano.com\/index.php?rest_route=\/wp\/v2\/media\/11798"}],"wp:attachment":[{"href":"https:\/\/anpiano.com\/index.php?rest_route=%2Fwp%2Fv2%2Fmedia&parent=11796"}],"wp:term":[{"taxonomy":"product_cat","embeddable":true,"href":"https:\/\/anpiano.com\/index.php?rest_route=%2Fwp%2Fv2%2Fproduct_cat&post=11796"},{"taxonomy":"product_tag","embeddable":true,"href":"https:\/\/anpiano.com\/index.php?rest_route=%2Fwp%2Fv2%2Fproduct_tag&post=11796"}],"curies":[{"name":"wp","href":"https:\/\/api.w.org\/{rel}","templated":true}]}}