{"id":11887,"date":"2024-08-10T19:47:18","date_gmt":"2024-08-10T12:47:18","guid":{"rendered":"https:\/\/anpiano.com\/?post_type=product&#038;p=11887"},"modified":"2025-09-25T17:40:13","modified_gmt":"2025-09-25T10:40:13","slug":"yamaha-mc-10bl","status":"publish","type":"product","link":"https:\/\/anpiano.com\/?product=yamaha-mc-10bl","title":{"rendered":"Yamaha MC 10BL"},"content":{"rendered":"<h2>\u0110\u00e0n Piano C\u01a1 Yamaha MC 10BL<\/h2>\n<h4>Piano c\u01a1\u00a0<a href=\"https:\/\/anpiano.com\/danh-muc\/piano-upright\/yamaha-upright\/\">Yamaha MC 10BL<\/a>\u00a0s\u01a1 h\u1eefu chi\u1ec1u cao 121 cm. M\u1ed9t c\u00e2y \u0111\u00e0n piano nh\u1ecf g\u1ecdn v\u00e0 \u0111\u01a1n gi\u1ea3n \u0111\u01b0\u1ee3c thi\u1ebft k\u1ebf ph\u00f9 h\u1ee3p v\u1edbi m\u00f4i tr\u01b0\u1eddng d\u00e2n c\u01b0 hi\u1ec7n \u0111\u1ea1i. \u0110\u00e0n piano n\u00e0y c\u00f3 \u00e2m s\u1eafc t\u01b0\u01a1i s\u00e1ng \u0111\u1eb7c tr\u01b0ng c\u1ee7a Yamaha v\u00e0 c\u00e2n b\u1eb1ng \u00e2m t\u1ed1t t\u1eeb th\u1ea5p \u0111\u1ebfn cao. \u0110\u00e2y l\u00e0 m\u1ed9t c\u00e2y \u0111\u00e0n piano t\u01b0\u01a1ng \u0111\u1ed1i m\u1edbi \u0111\u01b0\u1ee3c s\u1ea3n xu\u1ea5t v\u00e0o nh\u1eefng n\u0103m 1988 \u2013 1990, v\u00e0 \u0111\u01b0\u1ee3c khuy\u1ebfn kh\u00edch cho nh\u1eefng ng\u01b0\u1eddi m\u1edbi b\u1eaft \u0111\u1ea7u ch\u01a1i piano, k\u1ec3 c\u1ea3 ng\u01b0\u1eddi \u0111\u00e3 ch\u01a1i chuy\u00ean nghi\u1ec7p.<\/h4>\n<p><img fetchpriority=\"high\" decoding=\"async\" class=\"alignnone size-medium wp-image-11898\" src=\"https:\/\/anpiano.com\/wp-content\/uploads\/2024\/08\/bc9188bbe7be43e01aaf84-300x225.jpg\" alt=\"Yamaha MC 10BL\" width=\"300\" height=\"225\" srcset=\"https:\/\/anpiano.com\/wp-content\/uploads\/2024\/08\/bc9188bbe7be43e01aaf84-300x225.jpg 300w, https:\/\/anpiano.com\/wp-content\/uploads\/2024\/08\/bc9188bbe7be43e01aaf84-1024x768.jpg 1024w, https:\/\/anpiano.com\/wp-content\/uploads\/2024\/08\/bc9188bbe7be43e01aaf84-768x576.jpg 768w, https:\/\/anpiano.com\/wp-content\/uploads\/2024\/08\/bc9188bbe7be43e01aaf84-1536x1151.jpg 1536w, https:\/\/anpiano.com\/wp-content\/uploads\/2024\/08\/bc9188bbe7be43e01aaf84-2048x1535.jpg 2048w, https:\/\/anpiano.com\/wp-content\/uploads\/2024\/08\/bc9188bbe7be43e01aaf84-247x185.jpg 247w, https:\/\/anpiano.com\/wp-content\/uploads\/2024\/08\/bc9188bbe7be43e01aaf84-510x382.jpg 510w\" sizes=\"(max-width: 300px) 100vw, 300px\" \/><\/p>\n<p><a href=\"https:\/\/anpiano.com\/danh-muc\/piano-upright\/yamaha-upright\/\">\u0110\u00e0n piano<\/a> Yamaha MC 10BL l\u00e0 s\u1ef1 k\u1ebft h\u1ee3p tinh t\u1ebf gi\u1eefa c\u00f4ng ngh\u1ec7 v\u00e0 th\u1ee7 c\u00f4ng truy\u1ec1n th\u1ed1ng, mang l\u1ea1i v\u1ebb \u0111\u1eb9p t\u1ef1 nhi\u00ean v\u00e0 ch\u1ea5t l\u01b0\u1ee3ng \u00e2m thanh v\u01b0\u1ee3t tr\u1ed9i. B\u00faa g\u1ed7 g\u1ee5 cao c\u1ea5p v\u1edbi \u00e2m thanh tuy\u1ec7t v\u1eddi v\u00e0 c\u1ea3m nh\u1eadn \u0111\u01b0\u1ee3c s\u1eafc n\u00e9t.\u00a0<a href=\"https:\/\/anpiano.com\/danh-muc\/piano-upright\/\">Piano c\u01a1<\/a> c\u0169 Yamaha MC 10BL v\u1eeba c\u00f3 ch\u1ea5t l\u01b0\u1ee3ng cao m\u00e0 gi\u00e1 c\u1ea3 l\u1ea1i ph\u00f9 h\u1ee3p, l\u00e0 s\u1ef1 l\u1ef1a ch\u1ecdn l\u00fd t\u01b0\u1edfng cho ng\u01b0\u1eddi ch\u01a1i piano.<\/p>\n<h3>TH\u00d4NG S\u1ed0 K\u1ef8 THU\u1eacT Yamaha MC 10BL :<\/h3>\n<table border=\"1\">\n<tbody>\n<tr>\n<td><strong>M\u00c3 S\u1ea2N PH\u1ea8M<\/strong><\/td>\n<td><strong>Yamaha MC 10BL<\/strong><\/td>\n<\/tr>\n<tr>\n<td><strong>T\u00ccNH TR\u1ea0NG<\/strong><\/td>\n<td>\u0110\u00e3 qua s\u1eed d\u1ee5ng \u2013 C\u00f2n m\u1edbi 95%<\/td>\n<\/tr>\n<tr>\n<td><strong>N\u01af\u1edaC S\u1ea2N XU\u1ea4T<\/strong><\/td>\n<td>Nh\u1eadt B\u1ea3n<\/td>\n<\/tr>\n<tr>\n<td><strong>N\u0102M S\u1ea2N XU\u1ea4T<\/strong><\/td>\n<td>1988\u20131990<\/td>\n<\/tr>\n<tr>\n<td><strong>M\u00c0U S\u1eaeC<\/strong><\/td>\n<td>\u0110en \u0111\u00e1nh b\u00f3ng<\/td>\n<\/tr>\n<tr>\n<td><strong>K\u00cdCH TH\u01af\u1edaC<\/strong><\/td>\n<td>Cao 121 x R\u1ed9ng 150 x S\u00e2u 61cm<\/td>\n<\/tr>\n<tr>\n<td><strong>TR\u1eccNG L\u01af\u1ee2NG<\/strong><\/td>\n<td>208 kg<\/td>\n<\/tr>\n<\/tbody>\n<\/table>\n<div data-id=\"9ly1xDmkO1M\" data-query=\"\" data-src=\"https:\/\/www.youtube.com\/embed\/9ly1xDmkO1M\"><a href=\"https:\/\/www.facebook.com\/anpiano.saigon\" target=\"_blank\" rel=\"noopener\">T\u01b0 v\u1ea5n v\u00e0 ch\u1ecdn mua s\u1ea3n ph\u1ea9m kh\u00e1c t\u1ea1i \u0111\u00e2y<\/a><\/div>\n<div data-id=\"9ly1xDmkO1M\" data-query=\"\" data-src=\"https:\/\/www.youtube.com\/embed\/9ly1xDmkO1M\"><a href=\"http:\/\/thumuapiano.com\/\" target=\"_blank\" rel=\"noopener\">Ch\u00fang t\u00f4i nh\u1eadn thu mua Piano, h\u00e3y li\u00ean h\u1ec7 n\u1ebfu b\u1ea1n c\u00f3 nhu c\u1ea7u.<\/a><\/div>\n","protected":false},"excerpt":{"rendered":"<ul>\n<li>B\u1ea3o h\u00e0nh 10 n\u0103m\u00a0<a href=\"https:\/\/anpiano.com\/chinh-sach-bao-hanh\/\">xem th\u00eam<\/a><\/li>\n<li>Gh\u1ebf<\/li>\n<li>Kh\u0103n ph\u1ee7 ph\u00edm<\/li>\n<li>Kh\u0103n ph\u1ee7 \u0111\u00e0n<\/li>\n<li>\u1ed0ng s\u1ea5y<\/li>\n<li>Kh\u00f3a h\u1ecdc online<\/li>\n<li>Freeship HCM \u2013 HN &#8211; \u0110N &#8211; NT &#8211; BMT<\/li>\n<\/ul>\n","protected":false},"featured_media":11898,"comment_status":"open","ping_status":"closed","template":"","meta":[],"product_cat":[125,326],"product_tag":[672,634,1395],"class_list":{"0":"post-11887","1":"product","2":"type-product","3":"status-publish","4":"has-post-thumbnail","6":"product_cat-piano-upright","7":"product_cat-yamaha-upright","8":"product_tag-dan-co-yamaha","9":"product_tag-piano-yamaha","10":"product_tag-yamaha-mc-10bl","12":"first","13":"instock","14":"sale","15":"shipping-taxable","16":"purchasable","17":"product-type-simple"},"jetpack_sharing_enabled":true,"_links":{"self":[{"href":"https:\/\/anpiano.com\/index.php?rest_route=\/wp\/v2\/product\/11887"}],"collection":[{"href":"https:\/\/anpiano.com\/index.php?rest_route=\/wp\/v2\/product"}],"about":[{"href":"https:\/\/anpiano.com\/index.php?rest_route=\/wp\/v2\/types\/product"}],"replies":[{"embeddable":true,"href":"https:\/\/anpiano.com\/index.php?rest_route=%2Fwp%2Fv2%2Fcomments&post=11887"}],"version-history":[{"count":5,"href":"https:\/\/anpiano.com\/index.php?rest_route=\/wp\/v2\/product\/11887\/revisions"}],"predecessor-version":[{"id":14044,"href":"https:\/\/anpiano.com\/index.php?rest_route=\/wp\/v2\/product\/11887\/revisions\/14044"}],"wp:featuredmedia":[{"embeddable":true,"href":"https:\/\/anpiano.com\/index.php?rest_route=\/wp\/v2\/media\/11898"}],"wp:attachment":[{"href":"https:\/\/anpiano.com\/index.php?rest_route=%2Fwp%2Fv2%2Fmedia&parent=11887"}],"wp:term":[{"taxonomy":"product_cat","embeddable":true,"href":"https:\/\/anpiano.com\/index.php?rest_route=%2Fwp%2Fv2%2Fproduct_cat&post=11887"},{"taxonomy":"product_tag","embeddable":true,"href":"https:\/\/anpiano.com\/index.php?rest_route=%2Fwp%2Fv2%2Fproduct_tag&post=11887"}],"curies":[{"name":"wp","href":"https:\/\/api.w.org\/{rel}","templated":true}]}}