{"id":11993,"date":"2024-08-14T16:22:51","date_gmt":"2024-08-14T09:22:51","guid":{"rendered":"https:\/\/anpiano.com\/?post_type=product&#038;p=11993"},"modified":"2026-04-18T18:38:03","modified_gmt":"2026-04-18T11:38:03","slug":"kawai-ca-13r","status":"publish","type":"product","link":"https:\/\/anpiano.com\/?product=kawai-ca-13r","title":{"rendered":"Kawai CA 13R"},"content":{"rendered":"<p><strong>Kawai CA 13R\u00a0l\u00e0 d\u00f2ng piano \u0111i\u1ec7n r\u1ea5t \u0111\u01b0\u1ee3c \u01b0a chu\u1ed9ng hi\u1ec7n nay, b\u1edfi v\u1edbi gi\u00e1 th\u00e0nh th\u1ea5p nh\u01b0ng \u0111\u00e0n l\u1ea1i trang b\u1ecb b\u00e0n ph\u00edm g\u1ed7 t\u1ef1 nhi\u00ean nguy\u00ean kh\u1ed1i cao c\u1ea5p, c\u00f4ng ngh\u1ec7 \u00e2m thanh Progressive Harmonic Imaging. Kawai CA 13 mang \u0111\u1ebfn cho b\u1ea1n m\u1ed9t tr\u1ea3i nghi\u1ec7m b\u00e0n ph\u00edm c\u0169ng nh\u01b0 \u00e2m thah\u00a0ho\u00e0n h\u1ea3o, nh\u01b0 \u0111ang ch\u01a1i tr\u00ean m\u1ed9t c\u00e2y Piano \u0111\u1ea1i d\u01b0\u01a1ng c\u1ea7m th\u1eadt s\u1ef1.<\/strong><\/p>\n<p><img fetchpriority=\"high\" decoding=\"async\" class=\"alignnone size-medium wp-image-11994\" src=\"https:\/\/anpiano.com\/wp-content\/uploads\/2024\/08\/8afc395d8f692b37727840-300x225.jpg\" alt=\"Kawai CA 13R\" width=\"300\" height=\"225\" srcset=\"https:\/\/anpiano.com\/wp-content\/uploads\/2024\/08\/8afc395d8f692b37727840-300x225.jpg 300w, https:\/\/anpiano.com\/wp-content\/uploads\/2024\/08\/8afc395d8f692b37727840-1024x768.jpg 1024w, https:\/\/anpiano.com\/wp-content\/uploads\/2024\/08\/8afc395d8f692b37727840-768x576.jpg 768w, https:\/\/anpiano.com\/wp-content\/uploads\/2024\/08\/8afc395d8f692b37727840-1536x1152.jpg 1536w, https:\/\/anpiano.com\/wp-content\/uploads\/2024\/08\/8afc395d8f692b37727840-2048x1536.jpg 2048w, https:\/\/anpiano.com\/wp-content\/uploads\/2024\/08\/8afc395d8f692b37727840-247x185.jpg 247w, https:\/\/anpiano.com\/wp-content\/uploads\/2024\/08\/8afc395d8f692b37727840-510x383.jpg 510w\" sizes=\"(max-width: 300px) 100vw, 300px\" \/><\/p>\n<h2><b>B\u00e0n Ph\u00edm Kawai CA 13R<\/b><\/h2>\n<p>\u0110\u00e0n trang b\u1ecb nhi\u1ec1u t\u00ednh n\u0103ng \u0111\u01b0\u1ee3c \u0111\u00e1nh gi\u00e1 cao \u0111\u00f3 l\u00e0 RM3 Grand, c\u00f4ng ngh\u1ec7 \u00e2m thanh Progressive Harmonic Imaging \u0111\u1ec3 mang l\u1ea1i c\u1ea3m gi\u00e1c ch\u01a1i ch\u1ec9 c\u00f3 \u1edf \u0111\u00e0n Grand piano. \u0110\u00e0n c\u00f3 m\u1ee9c gi\u00e1 h\u1ea5p d\u1eabn v\u00e0 s\u1edf h\u1eefu nhi\u1ec1u t\u00ednh n\u0103ng v\u01b0\u1ee3t tr\u1ed9i s\u1ebd l\u00e0 m\u1ed9t l\u1ef1a ch\u1ecdn l\u00fd t\u01b0\u1edfng n\u1ebfu b\u1ea1n \u0111ang t\u00ecm m\u1ed9t c\u00e2y \u0111\u00e0n piano c\u00f3 b\u00e0n ph\u00edm ch\u00e2n th\u1ef1c v\u00e0 \u00e2m thanh c\u00f3 t\u00ednh bi\u1ec3u c\u1ea3m cao.<\/p>\n<p><img decoding=\"async\" class=\"alignnone size-medium wp-image-9433 lazy-load-active\" src=\"https:\/\/anpiano.com\/wp-content\/uploads\/2023\/03\/330588465_128363453501938_8981225974050822930_n-300x200.jpg\" sizes=\"(max-width: 300px) 100vw, 300px\" srcset=\"https:\/\/anpiano.com\/wp-content\/uploads\/2023\/03\/330588465_128363453501938_8981225974050822930_n-300x200.jpg 300w, https:\/\/anpiano.com\/wp-content\/uploads\/2023\/03\/330588465_128363453501938_8981225974050822930_n-1024x683.jpg 1024w, https:\/\/anpiano.com\/wp-content\/uploads\/2023\/03\/330588465_128363453501938_8981225974050822930_n-768x512.jpg 768w, https:\/\/anpiano.com\/wp-content\/uploads\/2023\/03\/330588465_128363453501938_8981225974050822930_n-510x340.jpg 510w, https:\/\/anpiano.com\/wp-content\/uploads\/2023\/03\/330588465_128363453501938_8981225974050822930_n.jpg 1200w\" alt=\"Kawai CA 13\" width=\"300\" height=\"200\" data-src=\"https:\/\/anpiano.com\/wp-content\/uploads\/2023\/03\/330588465_128363453501938_8981225974050822930_n-300x200.jpg\" data-srcset=\"https:\/\/anpiano.com\/wp-content\/uploads\/2023\/03\/330588465_128363453501938_8981225974050822930_n-300x200.jpg 300w, https:\/\/anpiano.com\/wp-content\/uploads\/2023\/03\/330588465_128363453501938_8981225974050822930_n-1024x683.jpg 1024w, https:\/\/anpiano.com\/wp-content\/uploads\/2023\/03\/330588465_128363453501938_8981225974050822930_n-768x512.jpg 768w, https:\/\/anpiano.com\/wp-content\/uploads\/2023\/03\/330588465_128363453501938_8981225974050822930_n-510x340.jpg 510w, https:\/\/anpiano.com\/wp-content\/uploads\/2023\/03\/330588465_128363453501938_8981225974050822930_n.jpg 1200w\" \/><\/p>\n<h2>\u00c2m thanh c\u1ee7a CA 13R<\/h2>\n<p>\u00c2m thanh tuy\u1ec7t \u0111\u1eb9p c\u1ee7a CA 13R \u0111\u01b0\u1ee3c l\u1ea5y m\u1eabu t\u1eeb c\u00e2y \u0111\u00e0n Kawai EX Grand \u0111\u1eb3ng c\u1ea5p th\u1ebf gi\u1edbi. \u00c2m thanh \u0111\u01b0\u1ee3c ghi l\u1ea1i tr\u00ean t\u1eebng ph\u00edm ri\u00eang l\u1ebb, Kawai mong mu\u1ed1n duy tr\u00ec \u0111\u01b0\u1ee3c \u0111\u1eb7c t\u00ednh h\u00e0i ho\u00e0, phong ph\u00fa c\u1ee7a \u00e2m thanh tr\u00ean c\u00e2y \u0111\u00e0n EX Grand v\u00e0 \u0111\u1ea3m b\u1ea3o r\u1eb1ng \u00e2m thanh khi ch\u01a1i tr\u00ean c\u00e2y \u0111\u00e0n lu\u00f4n gi\u1eef \u0111\u01b0\u1ee3c t\u00ednh nguy\u00ean b\u1ea3n.<\/p>\n<p><img decoding=\"async\" class=\"alignnone size-medium wp-image-12000\" src=\"https:\/\/anpiano.com\/wp-content\/uploads\/2024\/08\/f59afe3a480eec50b51f38-300x225.jpg\" alt=\"Kawai CA 13R\" width=\"300\" height=\"225\" srcset=\"https:\/\/anpiano.com\/wp-content\/uploads\/2024\/08\/f59afe3a480eec50b51f38-300x225.jpg 300w, https:\/\/anpiano.com\/wp-content\/uploads\/2024\/08\/f59afe3a480eec50b51f38-1024x768.jpg 1024w, https:\/\/anpiano.com\/wp-content\/uploads\/2024\/08\/f59afe3a480eec50b51f38-768x576.jpg 768w, https:\/\/anpiano.com\/wp-content\/uploads\/2024\/08\/f59afe3a480eec50b51f38-1536x1152.jpg 1536w, https:\/\/anpiano.com\/wp-content\/uploads\/2024\/08\/f59afe3a480eec50b51f38-2048x1536.jpg 2048w, https:\/\/anpiano.com\/wp-content\/uploads\/2024\/08\/f59afe3a480eec50b51f38-247x185.jpg 247w, https:\/\/anpiano.com\/wp-content\/uploads\/2024\/08\/f59afe3a480eec50b51f38-510x383.jpg 510w\" sizes=\"(max-width: 300px) 100vw, 300px\" \/><\/p>\n<p>\u01afu \u0111i\u1ec3m th\u1ee9 2 c\u1ee7a Kawai CA 13R l\u00e0 mang l\u1ea1i c\u1ea3m gi\u00e1c ch\u01a1i nh\u01b0 tr\u00ean m\u1ed9t c\u00e2y \u0111\u00e0n Grand th\u1ee9 thi\u1ec7t. Kawai r\u1ea5t ch\u0103m ch\u00fat \u0111\u1ebfn t\u1eebng chi ti\u1ebft nh\u01b0 c\u1ea3m \u1ee9ng khi ng\u00f3n tay ch\u1ea1m l\u00ean ph\u00edm \u0111\u00e0n v\u00e0 c\u1ea3m gi\u00e1c k\u1ebft n\u1ed1i v\u00e0 ki\u1ec3m so\u00e1t khi ch\u01a1i. Nh\u1edd s\u1ef1 k\u1ebft h\u1ee3p t\u00e0i t\u00ecnh c\u1ee7a c\u00f4ng ngh\u1ec7 RM3, b\u00e0n ph\u00edm, v\u1eadt li\u1ec7u ch\u1ebf t\u1ea1o \u0111\u1ec3 mang l\u1ea1i c\u1ea3m gi\u00e1c ch\u01a1i \u0111\u00e0n piano ch\u00e2n th\u1ef1c nh\u1ea5t.<\/p>\n<p>Ngo\u00e0i ra \u0111\u00e0n\u00a0s\u1eed d\u1ee5ng m\u1ed9t h\u1ec7 th\u1ed1ng loa m\u1ea1nh m\u1ebd, \u0111\u01b0\u1ee3c thi\u1ebft k\u1ebf \u0111\u1eb7c bi\u1ec7t \u0111\u1ec3 mang \u0111\u1ebfn \u00e2m bass s\u00e2u s\u1eafc, phong ph\u00fa v\u00e0 m\u1ea1nh m\u1ebd, r\u00f5 r\u00e0ng h\u01a1n.<\/p>\n<div class=\"x11i5rnm xat24cr x1mh8g0r x1vvkbs xtlvy1s x126k92a\">\n<div dir=\"auto\">Kawai CA 13R l\u00e0 d\u00f2ng piano \u0111i\u1ec7n r\u1ea5t \u0111\u01b0\u1ee3c \u01b0a chu\u1ed9ng hi\u1ec7n nay b\u1edfi \u0111\u00e0n c\u00f3 m\u1ee9c gi\u00e1 h\u1ea5p d\u1eabn v\u00e0 s\u1edf h\u1eefu nhi\u1ec1u t\u00ednh n\u0103ng v\u01b0\u1ee3t tr\u1ed9i<\/div>\n<ul>\n<li dir=\"auto\">Trang b\u1ecb b\u00e0n ph\u00edm g\u1ed7 RM3 t\u1ef1 nhi\u00ean nguy\u00ean kh\u1ed1i cao c\u1ea5p<\/li>\n<li dir=\"auto\">C\u00f4ng ngh\u1ec7 \u00e2m thanh Progressive Harmonic Imaging mang l\u1ea1i c\u1ea3m gi\u00e1c ch\u01a1i ch\u1ec9 c\u00f3 \u1edf \u0111\u00e0n Grand piano<\/li>\n<li dir=\"auto\">H\u1ec7 th\u1ed1ng loa v\u1edbi \u00e2m thanh trung th\u1ef1c cao, b\u1ed1n loa k\u1ebft h\u1ee3p \u0111\u1ec3 cung c\u1ea5p \u00e2m bass phong ph\u00fa v\u00e0 treble r\u00f5 r\u00e0ng s\u1eafc n\u00e9t cho m\u1ed9t tr\u1ea3i nghi\u1ec7m \u00e2m nh\u1ea1c \u0111\u1eb7c bi\u1ec7t s\u1ed1ng \u0111\u1ed9ng.<\/li>\n<li dir=\"auto\">K\u1ebft n\u1ed1i MIDI \u2013 \u0111i\u1ec1u khi\u1ec3n nh\u1ea1c c\u1ee5 \u0111i\u1ec7n t\u1eed kh\u00e1c b\u1eb1ng c\u00e1ch ch\u01a1i b\u00e0n ph\u00edm c\u1ee7a Kawai CA13, ho\u1eb7c k\u1ebft n\u1ed1i c\u00e1c thi\u1ebft b\u1ecb v\u1edbi m\u00e1y t\u00ednh v\u00e0 th\u1eed nghi\u1ec7m v\u1edbi ph\u1ea7n m\u1ec1m t\u1ef1 l\u1eadp tr\u00ecnh<\/li>\n<\/ul>\n<\/div>\n<div class=\"x11i5rnm xat24cr x1mh8g0r x1vvkbs xtlvy1s x126k92a\">\n<div dir=\"auto\">Ch\u00ednh b\u1edfi s\u1ef1 ch\u0103m ch\u00fat \u0111\u1ebfn t\u1eebng chi ti\u1ebft nh\u01b0 c\u1ea3m \u1ee9ng khi ng\u00f3n tay ch\u1ea1m l\u00ean ph\u00edm \u0111\u00e0n v\u00e0 s\u1ef1 k\u1ebft h\u1ee3p t\u00e0i t\u00ecnh gi\u1eefa c\u00f4ng ngh\u1ec7 \u00e2m thanh, b\u00e0n ph\u00edm, v\u1eadt li\u1ec7u ch\u1ebf t\u1ea1o, Kawai CA 13R h\u1ee9a h\u1eb9n s\u1ebd mang l\u1ea1i c\u1ea3m gi\u00e1c ch\u01a1i \u0111\u00e0n piano ch\u00e2n th\u1ef1c, tuy\u1ec7t v\u1eddi gi\u1ed1ng nh\u01b0 \u0111ang ch\u01a1i tr\u00ean m\u1ed9t c\u00e2y Piano \u0111\u1ea1i d\u01b0\u01a1ng c\u1ea7m th\u1eadt s\u1ef1!<\/div>\n<div dir=\"auto\"><\/div>\n<\/div>\n<div data-id=\"9ly1xDmkO1M\" data-query=\"\" data-src=\"https:\/\/www.youtube.com\/embed\/9ly1xDmkO1M\"><a href=\"https:\/\/www.facebook.com\/Anpiano.hanoi\" target=\"_blank\" rel=\"noopener\">T\u01b0 v\u1ea5n v\u00e0 ch\u1ecdn mua s\u1ea3n ph\u1ea9m kh\u00e1c t\u1ea1i \u0111\u00e2y<\/a><\/div>\n<div data-id=\"9ly1xDmkO1M\" data-query=\"\" data-src=\"https:\/\/www.youtube.com\/embed\/9ly1xDmkO1M\"><a href=\"http:\/\/thumuapiano.com\/\" target=\"_blank\" rel=\"noopener\">Ch\u00fang t\u00f4i nh\u1eadn thu mua Piano, h\u00e3y li\u00ean h\u1ec7 n\u1ebfu b\u1ea1n c\u00f3 nhu c\u1ea7u.<\/a><\/div>\n","protected":false},"excerpt":{"rendered":"<ul>\n<li>B\u1ea3o h\u00e0nh 18 th\u00e1ng <a href=\"https:\/\/anpiano.com\/chinh-sach-bao-hanh\/\">xem th\u00eam<\/a><\/li>\n<li>Gh\u1ebf<\/li>\n<li>Kh\u0103n ph\u1ee7 ph\u00edm<\/li>\n<li>\u0110\u1ed5i ngu\u1ed3n 220V<\/li>\n<li>Freeship HCM \u2013 HN \u2013 \u0110N &#8211; NT &#8211; BMT<\/li>\n<li>Kh\u00f3a h\u1ecdc online<\/li>\n<\/ul>\n<p><b>Kawai CA 13R<\/b>\u00a0l\u00e0 d\u00f2ng piano \u0111i\u1ec7n r\u1ea5t \u0111\u01b0\u1ee3c \u01b0a chu\u1ed9ng hi\u1ec7n nay, b\u1edfi v\u1edbi gi\u00e1 th\u00e0nh th\u1ea5p nh\u01b0ng \u0111\u00e0n l\u1ea1i trang b\u1ecb b\u00e0n ph\u00edm g\u1ed7 t\u1ef1 nhi\u00ean nguy\u00ean kh\u1ed1i cao c\u1ea5p, c\u00f4ng ngh\u1ec7 \u00e2m thanh Progressive Harmonic Imaging. Kawai CA 13 mang \u0111\u1ebfn cho b\u1ea1n m\u1ed9t tr\u1ea3i nghi\u1ec7m b\u00e0n ph\u00edm c\u0169ng nh\u01b0 \u00e2m thah\u00a0ho\u00e0n h\u1ea3o, nh\u01b0 \u0111ang ch\u01a1i tr\u00ean m\u1ed9t c\u00e2y Piano \u0111\u1ea1i d\u01b0\u01a1ng c\u1ea7m th\u1eadt s\u1ef1.<\/p>\n","protected":false},"featured_media":11994,"comment_status":"open","ping_status":"closed","template":"","meta":[],"product_cat":[17,132],"product_tag":[1405,1141,1406],"class_list":{"0":"post-11993","1":"product","2":"type-product","3":"status-publish","4":"has-post-thumbnail","6":"product_cat-piano-dan-dien","7":"product_cat-ka-wai","8":"product_tag-ca-13r","9":"product_tag-kawai-ca-13","10":"product_tag-kawai-ca-13r","12":"first","13":"instock","14":"sale","15":"shipping-taxable","16":"purchasable","17":"product-type-simple"},"jetpack_sharing_enabled":true,"_links":{"self":[{"href":"https:\/\/anpiano.com\/index.php?rest_route=\/wp\/v2\/product\/11993"}],"collection":[{"href":"https:\/\/anpiano.com\/index.php?rest_route=\/wp\/v2\/product"}],"about":[{"href":"https:\/\/anpiano.com\/index.php?rest_route=\/wp\/v2\/types\/product"}],"replies":[{"embeddable":true,"href":"https:\/\/anpiano.com\/index.php?rest_route=%2Fwp%2Fv2%2Fcomments&post=11993"}],"version-history":[{"count":4,"href":"https:\/\/anpiano.com\/index.php?rest_route=\/wp\/v2\/product\/11993\/revisions"}],"predecessor-version":[{"id":14039,"href":"https:\/\/anpiano.com\/index.php?rest_route=\/wp\/v2\/product\/11993\/revisions\/14039"}],"wp:featuredmedia":[{"embeddable":true,"href":"https:\/\/anpiano.com\/index.php?rest_route=\/wp\/v2\/media\/11994"}],"wp:attachment":[{"href":"https:\/\/anpiano.com\/index.php?rest_route=%2Fwp%2Fv2%2Fmedia&parent=11993"}],"wp:term":[{"taxonomy":"product_cat","embeddable":true,"href":"https:\/\/anpiano.com\/index.php?rest_route=%2Fwp%2Fv2%2Fproduct_cat&post=11993"},{"taxonomy":"product_tag","embeddable":true,"href":"https:\/\/anpiano.com\/index.php?rest_route=%2Fwp%2Fv2%2Fproduct_tag&post=11993"}],"curies":[{"name":"wp","href":"https:\/\/api.w.org\/{rel}","templated":true}]}}