{"id":12424,"date":"2024-10-26T16:48:00","date_gmt":"2024-10-26T09:48:00","guid":{"rendered":"https:\/\/anpiano.com\/?post_type=product&#038;p=12424"},"modified":"2025-09-25T17:21:49","modified_gmt":"2025-09-25T10:21:49","slug":"miki-36-cong-nghe-yamaha-san-xuat","status":"publish","type":"product","link":"https:\/\/anpiano.com\/?product=miki-36-cong-nghe-yamaha-san-xuat","title":{"rendered":"Miki 36 (C\u00f4ng ngh\u1ec7 Yamaha s\u1ea3n xu\u1ea5t)"},"content":{"rendered":"<h4>Piano C\u01a1 MiKi 36 \u0111\u01b0\u1ee3c s\u1ea3n xu\u1ea5t b\u1edfi Yamaha v\u00e0 b\u00e1n b\u1edfi Miki Musical Instruments. MIKI 36 t\u01b0\u01a1ng \u0111\u01b0\u01a1ng v\u1edbi m\u1ed9t c\u00e2y \u0111\u00e0n piano Yamaha \u1edf m\u1ed9t m\u1ee9c gi\u00e1 h\u1ee3p l\u00fd, v\u00ec v\u1eady n\u00f3 \u0111\u01b0\u1ee3c gi\u1edbi cho nh\u1eefng ai \u0111ang t\u00ecm ki\u1ebfm m\u1ed9t c\u00e2y \u0111\u00e0n piano ch\u1ea5t l\u01b0\u1ee3ng m\u00e0 gi\u00e1 c\u1ea3 ph\u1ea3i ch\u0103ng.<\/h4>\n<p><img fetchpriority=\"high\" decoding=\"async\" class=\"alignnone size-medium wp-image-12428\" src=\"https:\/\/anpiano.com\/wp-content\/uploads\/2024\/10\/7379af21385e8000d94f69-300x225.jpg\" alt=\"Miki 36\" width=\"300\" height=\"225\" srcset=\"https:\/\/anpiano.com\/wp-content\/uploads\/2024\/10\/7379af21385e8000d94f69-300x225.jpg 300w, https:\/\/anpiano.com\/wp-content\/uploads\/2024\/10\/7379af21385e8000d94f69-1024x768.jpg 1024w, https:\/\/anpiano.com\/wp-content\/uploads\/2024\/10\/7379af21385e8000d94f69-768x576.jpg 768w, https:\/\/anpiano.com\/wp-content\/uploads\/2024\/10\/7379af21385e8000d94f69-1536x1152.jpg 1536w, https:\/\/anpiano.com\/wp-content\/uploads\/2024\/10\/7379af21385e8000d94f69-2048x1536.jpg 2048w, https:\/\/anpiano.com\/wp-content\/uploads\/2024\/10\/7379af21385e8000d94f69-247x185.jpg 247w, https:\/\/anpiano.com\/wp-content\/uploads\/2024\/10\/7379af21385e8000d94f69-510x383.jpg 510w\" sizes=\"(max-width: 300px) 100vw, 300px\" \/><\/p>\n<p>\u0110\u00e0n Piano Miki 36 l\u00e0 m\u1ed9t s\u1ea3n ph\u1ea9m \u0111\u1eb7c bi\u1ec7t khi s\u1edf h\u1eefu nh\u1eefng k\u1ebft c\u1ea5u kh\u00e1c l\u1ea1 so v\u1edbi c\u00e1c c\u00e2y \u0111\u00e0n upright th\u01b0\u1eddng th\u1ea5y.<strong>\u00a0MIKI 36\u00a0<\/strong>\u0111\u1ea1i \u0111a s\u1ed1 \u0111\u1ec1u \u0111\u01b0\u1ee3c ph\u1ee7 l\u1edbp s\u01a1n m\u00e0u \u0111en s\u00e1ng b\u00f3ng. G\u00f3p ph\u1ea7n t\u00f4n l\u00ean v\u1ebb \u0111\u1eb9p sang tr\u1ecdng cho c\u00e2y\u00a0<strong>\u0110\u00e0n Piano MIKI<\/strong>. \u0110\u1eb7c bi\u1ec7t h\u01a1n h\u1ebft, th\u00f9ng \u0111\u00e0n l\u00e0 b\u1ed9 ph\u1ea7n n\u00e2ng \u0111\u1ee1 r\u1ea5t nhi\u1ec1u c\u00e1c b\u1ed9 ph\u1eadn kh\u00e1c nh\u01b0 khung \u0111\u00e0n\u2026N\u00f3 \u0111\u01b0\u1ee3c l\u00e0m t\u1eeb m\u1ed9t lo\u1ea1i g\u1ed7 l\u1edbn h\u1ecd th\u00f4ng.<\/p>\n<h3>TH\u00d4NG S\u1ed0 K\u1ef8 THU\u1eacT MIKI 36 :<\/h3>\n<table border=\"1\">\n<tbody>\n<tr>\n<td><strong>M\u00c3 S\u1ea2N PH\u1ea8M<\/strong><\/td>\n<td><strong>MiKi 36<\/strong><\/td>\n<\/tr>\n<tr>\n<td><strong>T\u00ccNH TR\u1ea0NG<\/strong><\/td>\n<td>\u0110\u00e3 qua s\u1eed d\u1ee5ng \u2013 C\u00f2n m\u1edbi 95%<\/td>\n<\/tr>\n<tr>\n<td><strong>N\u01af\u1edaC S\u1ea2N XU\u1ea4T<\/strong><\/td>\n<td>Nh\u1eadt B\u1ea3n<\/td>\n<\/tr>\n<tr>\n<td><strong>N\u0102M S\u1ea2N XU\u1ea4T<\/strong><\/td>\n<td>~ 1979<\/td>\n<\/tr>\n<tr>\n<td><strong>M\u00c0U S\u1eaeC<\/strong><\/td>\n<td>M\u00e0u \u0111en \u0111\u00e1nh b\u00f3ng<\/td>\n<\/tr>\n<tr>\n<td><strong>K\u00cdCH TH\u01af\u1edaC<\/strong><\/td>\n<td>Cao: 131cm \/ R\u1ed9ng: 153cm \/ S\u00e2u: 65cm<\/td>\n<\/tr>\n<tr>\n<td><strong>TR\u1eccNG L\u01af\u1ee2NG<\/strong><\/td>\n<td>~ 250 kg<\/td>\n<\/tr>\n<\/tbody>\n<\/table>\n<div data-id=\"9ly1xDmkO1M\" data-query=\"\" data-src=\"https:\/\/www.youtube.com\/embed\/9ly1xDmkO1M\"><a href=\"https:\/\/www.facebook.com\/anpiano.saigon\" target=\"_blank\" rel=\"noopener\">T\u01b0 v\u1ea5n v\u00e0 ch\u1ecdn mua s\u1ea3n ph\u1ea9m kh\u00e1c t\u1ea1i \u0111\u00e2y<\/a><\/div>\n<div data-id=\"9ly1xDmkO1M\" data-query=\"\" data-src=\"https:\/\/www.youtube.com\/embed\/9ly1xDmkO1M\"><a href=\"http:\/\/thumuapiano.com\/\" target=\"_blank\" rel=\"noopener\">Ch\u00fang t\u00f4i nh\u1eadn thu mua Piano, h\u00e3y li\u00ean h\u1ec7 n\u1ebfu b\u1ea1n c\u00f3 nhu c\u1ea7u.<\/a><\/div>\n","protected":false},"excerpt":{"rendered":"<ul>\n<li>B\u1ea3o h\u00e0nh 5 n\u0103m\u00a0<a href=\"https:\/\/anpiano.com\/chinh-sach-bao-hanh\/\">xem th\u00eam<\/a><\/li>\n<li>Gh\u1ebf<\/li>\n<li>Kh\u0103n ph\u1ee7 ph\u00edm<\/li>\n<li>Kh\u0103n ph\u1ee7 \u0111\u00e0n<\/li>\n<li>\u1ed0ng s\u1ea5y<\/li>\n<li>Freeship HCM \u2013 HN \u2013 \u0110N \u2013 NT \u2013 BMT<\/li>\n<li>Kh\u00f3a h\u1ecdc online<\/li>\n<\/ul>\n","protected":false},"featured_media":12429,"comment_status":"open","ping_status":"closed","template":"","meta":[],"product_cat":[125,326],"product_tag":[1446,1447,1445],"class_list":{"0":"post-12424","1":"product","2":"type-product","3":"status-publish","4":"has-post-thumbnail","6":"product_cat-piano-upright","7":"product_cat-yamaha-upright","8":"product_tag-miki-36","9":"product_tag-piano-miki","10":"product_tag-yamaha-miki-36","12":"first","13":"instock","14":"sale","15":"shipping-taxable","16":"purchasable","17":"product-type-simple"},"jetpack_sharing_enabled":true,"_links":{"self":[{"href":"https:\/\/anpiano.com\/index.php?rest_route=\/wp\/v2\/product\/12424"}],"collection":[{"href":"https:\/\/anpiano.com\/index.php?rest_route=\/wp\/v2\/product"}],"about":[{"href":"https:\/\/anpiano.com\/index.php?rest_route=\/wp\/v2\/types\/product"}],"replies":[{"embeddable":true,"href":"https:\/\/anpiano.com\/index.php?rest_route=%2Fwp%2Fv2%2Fcomments&post=12424"}],"version-history":[{"count":2,"href":"https:\/\/anpiano.com\/index.php?rest_route=\/wp\/v2\/product\/12424\/revisions"}],"predecessor-version":[{"id":12531,"href":"https:\/\/anpiano.com\/index.php?rest_route=\/wp\/v2\/product\/12424\/revisions\/12531"}],"wp:featuredmedia":[{"embeddable":true,"href":"https:\/\/anpiano.com\/index.php?rest_route=\/wp\/v2\/media\/12429"}],"wp:attachment":[{"href":"https:\/\/anpiano.com\/index.php?rest_route=%2Fwp%2Fv2%2Fmedia&parent=12424"}],"wp:term":[{"taxonomy":"product_cat","embeddable":true,"href":"https:\/\/anpiano.com\/index.php?rest_route=%2Fwp%2Fv2%2Fproduct_cat&post=12424"},{"taxonomy":"product_tag","embeddable":true,"href":"https:\/\/anpiano.com\/index.php?rest_route=%2Fwp%2Fv2%2Fproduct_tag&post=12424"}],"curies":[{"name":"wp","href":"https:\/\/api.w.org\/{rel}","templated":true}]}}