{"id":12643,"date":"2024-12-12T17:55:08","date_gmt":"2024-12-12T10:55:08","guid":{"rendered":"https:\/\/anpiano.com\/?post_type=product&#038;p=12643"},"modified":"2025-09-25T17:12:31","modified_gmt":"2025-09-25T10:12:31","slug":"yamaha-clp-835wa","status":"publish","type":"product","link":"https:\/\/anpiano.com\/?product=yamaha-clp-835wa","title":{"rendered":"Yamaha CLP 835WA"},"content":{"rendered":"<h2><strong>PIANO \u0110I\u1ec6N YAMAHA CLP-835 | NEW 2024<\/strong><\/h2>\n<figure id=\"attachment_10331\" class=\"wp-caption aligncenter\" aria-describedby=\"caption-attachment-10331\"><figcaption id=\"caption-attachment-10331\" class=\"wp-caption-text\"><em><img fetchpriority=\"high\" decoding=\"async\" class=\"aligncenter\" src=\"https:\/\/usa.yamaha.com\/files\/EKB952900_CLP800_PDP_Module3_835R_600x375_f1b94203104d76435afdeab7581c1a51.jpg\" alt=\"Yamaha CLP 835WA\" width=\"600\" height=\"375\" \/><br \/>\nPiano Yamaha CLP-835<\/em><\/figcaption><\/figure>\n<p><strong>Yamaha v\u1eeba cho ra m\u1eaft lo\u1ea1t series CLP m\u1edbi\u00a0<a href=\"https:\/\/europe.yamaha.com\/en\/products\/musical_instruments\/pianos\/clavinova\/clp-800_series\/clp-885\/index.html\" target=\"_blank\" rel=\"noopener\">Yamaha CLP800<\/a>. Series Yamaha CLP l\u00e0 series \u0111\u01b0\u1ee3c \u01b0a chu\u1ed9ng v\u00e0 b\u00e1n ch\u1ea1y nh\u1ea5t hi\u1ec7n nay c\u1ee7a ph\u00e2n kh\u00fac\u00a0<a href=\"https:\/\/anpiano.com\/danh-muc\/piano-dan-dien\/ya-ma-ha\/\" target=\"_blank\" rel=\"noopener\">\u0111\u00e0n piano \u0111i\u1ec7n Yamaha<\/a><\/strong><\/p>\n<p>D\u00f2ng\u00a0<strong>CLP800<\/strong>\u00a0\u0111\u01b0\u1ee3c thi\u1ebft k\u1ebf \u0111\u1ec3 t\u0103ng th\u00eam t\u00ednh bi\u1ec3u c\u1ea3m trong c\u00e1ch ch\u01a1i c\u1ee7a b\u1ea1n, Nh\u1eefng n\u00e2ng c\u1ea5p t\u1eeb \u00e2m thanh v\u00e0 h\u1ec7 b\u00e0n ph\u00edm m\u1edbi n\u00e0y h\u1ee9a h\u1eb9n s\u1ebd mang \u0111\u1ebfn cho ng\u01b0\u1eddi ch\u01a1i c\u1ea3m th\u1ea7y tho\u1ea3 m\u00e3n v\u00e0 th\u0103ng hoa nh\u1ea5t.<\/p>\n<p>\u1ede lo\u1ea1t\u00a0<strong>series CLP800<\/strong>\u00a0n\u00e0y bao g\u1ed3m c\u00e1c model:\u00a0<strong>CLP825<\/strong>,<strong>\u00a0CLP835<\/strong>,\u00a0<strong>CLP845<\/strong>,\u00a0<strong>CLP865GP,\u00a0CLP875<\/strong>,\u00a0<strong>CLP885<\/strong>,\u00a0<strong>CLP895GP<\/strong>.<\/p>\n<p><strong>Yamaha CLP-835<\/strong>\u00a0l\u00e0 s\u1ea3n ph\u1ea9m c\u00f3 gi\u00e1 b\u00e1n th\u1ea5p nh\u1ea5t c\u1ee7a lo\u1ea1t series CLP800 n\u00e0y, n\u00ean nh\u1eadn \u0111\u01b0\u1ee3c nhi\u1ec1u s\u1ef1 quan t\u00e2m \u0111\u1ebfn t\u1eeb kh\u00e1ch h\u00e0ng<\/p>\n<p><strong>CLP835<\/strong>\u00a0\u0111\u01b0\u1ee3c trang b\u1ecb m\u1ed9t ngo\u1ea1i h\u00ecnh sang tr\u1ecdng, c\u00f9ng v\u1edbi nh\u1eefng c\u00f4ng ngh\u1ec7 m\u1edbi hi\u1ec7n nay c\u1ee7a Yamaha \u0111\u1eb7c bi\u1ec7t l\u00e0 \u00e2m thanh hai c\u00e2y Grand Piano\u00a0<strong>Yamaha CFX<\/strong>\u00a0v\u00e0\u00a0<strong>Bosendorfer Imperial<\/strong>\u00a0cao c\u1ea5p tr\u00ean th\u1ebf gi\u1edbi hi\u1ec7n nay.<\/p>\n<hr \/>\n<h3><strong>THI\u1ebeT K\u1ebe NGO\u1ea0I H\u00ccNH YAMAMA CLP-835<\/strong><\/h3>\n<figure id=\"attachment_10334\" class=\"wp-caption aligncenter\" aria-describedby=\"caption-attachment-10334\"><figcaption id=\"caption-attachment-10334\" class=\"wp-caption-text\"><em><img decoding=\"async\" src=\"https:\/\/anpiano.com\/wp-content\/uploads\/2024\/12\/25b4ce839825227b7b3419-300x300.jpg\" alt=\"Yamaha CLP 835\" \/><br \/>\nPiano Yamaha CLP-835<\/em><\/figcaption><\/figure>\n<p><strong>CLP-835<\/strong>\u00a0C\u00f3 c\u00e1c b\u1ea3n m\u00e0u: \u0110en nh\u00e1m (B), n\u00e2u \u0111en (R), X\u00e1m \u0111en (DW), Tr\u1eafng ng\u00e0 (WA), Tr\u1eafng (WH) v\u1edbi \u0111a d\u1ea1ng b\u1ea3ng m\u00e0u n\u00e0y s\u1ebd ph\u00f9 h\u1ee3p cho b\u1ea5t k\u1ef3 kh\u00f4ng gian n\u1ed9i th\u1ea5t n\u00e0o.<\/p>\n<p>CLP835 \u0111\u01b0\u1ee3c thi\u1ebft k\u1ebf v\u1edbi c\u00e1c \u0111\u01b0\u1eddng cong nh\u1eb9 nh\u00e0ng t\u1ea1o c\u1ea3m gi\u00e1c m\u1ec1m m\u1ea1i c\u00e2n \u0111\u1ed1i, \u0111\u00e2y l\u00e0 nh\u1eefng \u0111i\u1ec3m n\u00e2ng c\u1ea5p t\u1eeb ngo\u1ea1i h\u00ecnh so v\u1edbi lo\u1ea1t series CLP-700<\/p>\n<p>Ki\u1ec3u d\u00e1ng sang tr\u1ecdng nh\u1ecf g\u1ecdn \u2013 hi\u1ec7n \u0111\u1ea1i v\u1edbi gi\u00e1 nh\u1ea1c r\u1eddi linh ho\u1ea1t, c\u00f9ng v\u1edbi n\u1eafp tr\u01b0\u1ee3t b\u00e0n ph\u00edm ti\u1ec7n l\u1ee3i. D\u00f9 nh\u1ecf g\u1ecdn nh\u01b0ng\u00a0<strong>Yamaha CLP835<\/strong>\u00a0v\u1eabn r\u1ea5t n\u1ed5i b\u1eadt v\u00e0 \u1ea5n t\u01b0\u1ee3ng.<\/p>\n<p>B\u1ea3ng \u0111i\u1ec1u khi\u1ec3n nh\u1ecf g\u00f3c tr\u00e1i n\u00fat b\u1ea5m thu nh\u1ecf t\u1ea1o c\u1ea3m gi\u00e1c b\u1edbt r\u1eddm r\u00e0 v\u00e0 \u0111i\u1ec7n t\u1eed<\/p>\n<hr \/>\n<h3><strong>YAMAHA CLP-835 S\u1ede H\u1eeeU \u00c2M THANH PIANO GRAND YAMAHA CFX &amp; BOSENDORFER<\/strong><\/h3>\n<figure id=\"attachment_7080\" class=\"wp-caption aligncenter\" aria-describedby=\"caption-attachment-7080\"><img decoding=\"async\" src=\"https:\/\/pianosol.vn\/wp-content\/uploads\/2023\/04\/CFX-Bosendorfer-1024x490.jpg\" alt=\"YAMAHA CFX v\u00e0 BOSENDORFER\" \/><figcaption id=\"caption-attachment-7080\" class=\"wp-caption-text\"><em>YAMAHA CFX v\u00e0 BOSENDORFER<\/em><\/figcaption><\/figure>\n<p>C\u00f4ng c\u1ee5 \u00e2m thanh m\u1edbi c\u1ee7a Yamaha k\u1ebft h\u1ee3p v\u1edbi chip t\u1ea1o \u00e2m s\u00e1ng t\u1ea1o, mang \u0111\u1ebfn \u00e2m thanh phong ph\u00fa, bi\u1ec3u c\u1ea3m c\u1ee7a nh\u1eefng c\u00e2y \u0111\u00e0n piano n\u1ed5i ti\u1ebfng th\u1ebf gi\u1edbi, bao g\u1ed3m\u00a0<strong>Yamaha CFX<\/strong>\u00a0v\u00e0\u00a0<strong>B\u00f6sendorfer<\/strong>\u00a0Imperial.<\/p>\n<p>Ngo\u00e0i ra, c\u00f4ng ngh\u1ec7 M\u00f4 h\u00ecnh h\u00f3a bi\u1ec3u hi\u1ec7n l\u1edbn t\u00e1i t\u1ea1o ch\u00ednh x\u00e1c c\u00e1c t\u01b0\u01a1ng t\u00e1c ph\u1ee9c t\u1ea1p gi\u1eefa b\u00faa, d\u00e2y v\u00e0 b\u1ed9 gi\u1ea3m ch\u1ea5n, mang l\u1ea1i d\u1ea3i \u00e2m c\u1ef1c k\u1ef3 ch\u00e2n th\u1ef1c.<\/p>\n<p><strong>CLP835<\/strong>\u00a0c\u00f3 m\u1ed9t khung \u00e2m thanh s\u00e2u v\u00e0 nhi\u1ec1u l\u1edbp, m\u1ed9t \u00e2m thanh cho ph\u00e9p b\u1ea1n \u0111\u1ea9y t\u1ea5t c\u1ea3 c\u1ea3m x\u00fac c\u1ee7a m\u00ecnh v\u00e0o c\u00e1c ph\u00edm v\u00e0 c\u1ea3m nh\u1eadn ph\u1ea3n \u1ee9ng t\u1eeb c\u00e2y \u0111\u00e0n piano nh\u01b0 th\u1ec3 n\u00f3 \u0111ang tr\u1edf th\u00e0nh m\u1ed9t ph\u1ea7n c\u1ee7a b\u1ea1n.<\/p>\n<p>D\u00f2ng 800 c\u00f3 c\u00f4ng ngh\u1ec7 loa ti\u00ean ti\u1ebfn nh\u1ea5t cho \u0111\u1ebfn nay v\u1edbi v\u1ecb tr\u00ed loa \u0111\u01b0\u1ee3c t\u1ed1i \u01b0u h\u00f3a, B\u1ea1n s\u1ebd c\u1ea3m nh\u1eadn m\u1ed9t ngu\u1ed3n \u00e2m thanh ch\u00e2n th\u1ef1c nh\u01b0 m\u1ed9t c\u00e2y \u0111\u00e0n piano Grand cao c\u1ea5p khi ch\u01a1i tr\u00ean Yamaha CLP835<\/p>\n<ul>\n<li>\n<h4><strong>C\u00d4NG NGH\u1ec6 L\u1ea4Y M\u1eaaU 2 TAI<\/strong><\/h4>\n<\/li>\n<\/ul>\n<p><strong>CLP835<\/strong>\u00a0s\u1eed d\u1ee5ng l\u1ea5y m\u1eabu hai tai \u0111\u1eb7c bi\u1ec7t v\u1edbi tai nghe, cho ph\u00e9p ngh\u1ec7 s\u0129 piano c\u1ea3m th\u1ea5y nh\u01b0 th\u1ec3 h\u1ecd \u0111ang ng\u1ed3i \u1edf m\u1ed9t c\u00e2y \u0111\u00e0n piano Grand, v\u1edbi c\u00f9ng \u00e2m thanh m\u00e0 h\u1ecd s\u1ebd tr\u1ea3i nghi\u1ec7m n\u1ebfu h\u1ecd kh\u00f4ng \u0111eo tai nghe.<\/p>\n<p>B\u00ean c\u1ea1nh \u0111\u00f3, Stereophonic Optimizer x\u1eed l\u00fd \u00e2m thanh theo c\u00e1ch \u0111i\u1ec1u ch\u1ec9nh kho\u1ea3ng c\u00e1ch c\u1ee7a \u00e2m thanh \u0111\u1ec3 t\u00e1i t\u1ea1o tr\u1ea3i nghi\u1ec7m ng\u1ed3i tr\u01b0\u1edbc \u0111\u00e0n piano c\u01a1.<\/p>\n<p>\u0110i\u1ec1u n\u00e0y c\u00f3 \u00fd ngh\u0129a g\u00ec \u0111\u1ed1i v\u1edbi b\u1ea1n? Gi\u1edd \u0111\u00e2y, b\u1ea1n c\u00f3 th\u1ec3 t\u1eadn h\u01b0\u1edfng h\u00ecnh \u1ea3nh \u00e2m thanh r\u1ed9ng r\u00e3i v\u00e0 t\u1ef1 nhi\u00ean gi\u00fap lo\u1ea1i b\u1ecf nh\u1eefng nh\u01b0\u1ee3c \u0111i\u1ec3m c\u1ee7a vi\u1ec7c th\u1ef1c hi\u1ec7n v\u1edbi tai nghe.<\/p>\n<hr \/>\n<h3><strong>C\u00d4NG NGH\u1ec6 B\u00c0N PH\u00cdM GRAND TOUCH-S<\/strong><\/h3>\n<figure id=\"attachment_10185\" class=\"wp-caption aligncenter\" aria-describedby=\"caption-attachment-10185\"><figcaption id=\"caption-attachment-10185\" class=\"wp-caption-text\"><em>B\u00e0n ph\u00edm Grand Touch S<\/em><\/figcaption><\/figure>\n<p>\u0110\u1ed1i v\u1edbi b\u1ea5t k\u1ef3 c\u00e2y \u0111\u00e0n piano n\u00e0o b\u00e0n ph\u00edm l\u00e0 \u0111i\u1ec3m quan tr\u1ecdng nh\u1ea5t c\u1ee7a m\u1ed9t c\u00e2y \u0111\u00e0n piano v\u00e0\u00a0<strong>CLP-835<\/strong>\u00a0v\u01b0\u1ee3t tr\u1ed9i trong l\u0129nh v\u1ef1c n\u00e0y.<\/p>\n<p><strong><img decoding=\"async\" src=\"https:\/\/www.musikhug.ch\/KundenUpload\/cms\/images\/Yamaha_CLP_875_375x375.jpg\" alt=\"Yamaha Clavinova CLP-Serie - alle Infos zum E-Piano Klassiker ...\" \/><\/strong><\/p>\n<p><strong>Yamaha CLP835<\/strong>\u00a0s\u1edf h\u1eefu b\u00e0n ph\u00edm GrandTouch \u0111\u01b0\u1ee3c l\u00e0m t\u1eeb nh\u1ef1a t\u1ed5ng h\u1ee3p cao c\u1ea5p.<\/p>\n<ul>\n<li><strong>B\u00c0N PH\u00cdM YAMAHA GRANDTOUCh S<\/strong><\/li>\n<\/ul>\n<p>B\u00e0n ph\u00edm GrandTouch l\u00e0 c\u00f4ng ngh\u00ea b\u00e0n ph\u00edm m\u1edbi nh\u1ea5t c\u1ee7a Yamaha c\u00f3 th\u1ec3 mang \u0111\u1ebfn m\u1ed9t c\u1ea3m gi\u00e1c b\u00e0n ph\u00edm trung th\u1ef1c m\u1ecdi s\u1eafc th\u00e1i t\u1eeb \u0111\u1ea7u ng\u00f3n tay c\u1ee7a b\u1ea1n th\u00e0nh \u00e2m nh\u1ea1c.<\/p>\n<p>Gi\u1ed1ng nh\u01b0 m\u1ed9t c\u00e2y \u0111\u00e0n piano Grand, b\u00e0n ph\u00edm piano n\u00e0y c\u00f3 th\u1ec3 t\u00e1i t\u1ea1o ph\u1ea3n \u1ee9ng d\u1ec5 ch\u1ecbu \u0111\u01b0\u1ee3c c\u1ea3m nh\u1eadn b\u1edfi nh\u1eefng chi\u1ebfc b\u00faa \u0111\u1eadp v\u00e0o d\u00e2y, cung c\u1ea5p cho b\u1ea1n to\u00e0n quy\u1ec1n ki\u1ec3m so\u00e1t \u00e2m nh\u1ea1c.<\/p>\n<p>C\u00e1c ph\u00edm th\u1eadm ch\u00ed c\u00f2n \u0111\u01b0\u1ee3c ph\u1ee7 m\u1ed9t l\u1edbp v\u1eadt li\u1ec7u t\u1ed5ng h\u1ee3p \u0111\u1ec3 \u0111\u1ea3m b\u1ea3o ng\u00f3n tay c\u1ee7a b\u1ea1n kh\u00f4ng b\u1ecb tr\u01b0\u1ee3t khi ch\u01a1i trong th\u1eddi gian d\u00e0i.<\/p>\n<figure id=\"attachment_1814\" class=\"wp-caption aligncenter\" aria-describedby=\"caption-attachment-1814\"><img decoding=\"async\" src=\"https:\/\/pianosol.vn\/wp-content\/uploads\/2022\/02\/phim-yamaha-clp795.png\" alt=\"B\u00e0n ph\u00edm \u0111\u1ed1i tr\u1ecdng\" \/><figcaption id=\"caption-attachment-1814\" class=\"wp-caption-text\"><em>B\u00e0n ph\u00edm \u0111\u1ed1i tr\u1ecdng<\/em><\/figcaption><\/figure>\n<p>D\u00f2ng 800 c\u00f3 tr\u1ecdng l\u01b0\u1ee3ng, h\u00ecnh d\u1ea1ng v\u00e0 v\u1eadt li\u1ec7u \u0111\u01b0\u1ee3c \u0111i\u1ec1u ch\u1ec9nh \u0111\u1ec3 mang \u0111\u1ebfn m\u1ed9t h\u00e0nh \u0111\u1ed9ng Piano Grand cao c\u1ea5p.<\/p>\n<p>B\u00e0n ph\u00edm c\u00f3 \u0111\u1ed1i tr\u1ecdng gi\u00fap c\u00e2n b\u1eb1ng tr\u1ecdng l\u01b0\u1ee3ng v\u00e0 c\u1ea3i thi\u1ec7n ph\u1ea3n \u1ee9ng c\u1ea3m \u1ee9ng c\u1ee7a c\u00e1c ph\u00edm, l\u00e0m cho tr\u1ea3i nghi\u1ec7m ch\u01a1i gi\u1ed1ng v\u1edbi tr\u1ea3i nghi\u1ec7m c\u1ee7a m\u1ed9t c\u00e2y \u0111\u00e0n piano grand<\/p>\n<p>B\u1eb1ng c\u00e1ch \u0111\u1eb7t c\u00e1c tr\u1ecdng l\u01b0\u1ee3ng nh\u1ecf b\u00ean trong c\u00e1c ph\u00edm m\u1ed9t c\u00e1ch chi\u1ebfn l\u01b0\u1ee3c, c\u00e1c \u0111\u1ed1i tr\u1ecdng cung c\u1ea5p kh\u1ea3 n\u0103ng ch\u1ed1ng ch\u1ecbu \u0111\u1ed3ng \u0111\u1ec1u v\u00e0 nh\u1ea5t qu\u00e1n h\u01a1n tr\u00ean to\u00e0n b\u1ed9 b\u00e0n ph\u00edm. \u0110i\u1ec1u n\u00e0y \u0111\u1ea3m b\u1ea3o r\u1eb1ng c\u00e1c ph\u00edm kh\u00f4ng qu\u00e1 nh\u1eb9 ho\u1eb7c qu\u00e1 n\u1eb7ng, cho ph\u00e9p ki\u1ec3m so\u00e1t t\u1ed1t h\u01a1n.<\/p>\n<p>Kh\u1ed1i l\u01b0\u1ee3ng \u0111\u01b0\u1ee3c th\u00eam v\u00e0o gi\u00fap \u0111\u1ea1t \u0111\u01b0\u1ee3c c\u1ea3m \u1ee9ng m\u01b0\u1ee3t m\u00e0 v\u00e0 c\u00e2n b\u1eb1ng h\u01a1n, \u0111\u1eb7c bi\u1ec7t l\u00e0 \u1edf nh\u1eefng \u0111o\u1ea1n nhanh h\u01a1n v\u00e0 khi ch\u01a1i v\u1edbi c\u00e1c m\u1ee9c \u00e1p l\u1ef1c kh\u00e1c nhau. Nh\u00ecn chung, \u0111\u1ed1i tr\u1ecdng g\u00f3p ph\u1ea7n mang l\u1ea1i tr\u1ea3i nghi\u1ec7m ch\u01a1i th\u1ef1c t\u1ebf v\u00e0 th\u00fa v\u1ecb h\u01a1n, cho ph\u00e9p c\u00e1c ngh\u1ec7 s\u0129 piano th\u1ef1c hi\u1ec7n c\u00e1c k\u1ef9 thu\u1eadt c\u1ee7a h\u1ecd v\u1edbi \u0111\u1ed9 ch\u00ednh x\u00e1c v\u00e0 tho\u1ea3i m\u00e1i cao h\u01a1n.<\/p>\n<p>Nh\u1eefng c\u1ea3i ti\u1ebfn n\u00e0y \u0111\u1ea3m b\u1ea3o r\u1eb1ng ng\u01b0\u1eddi ch\u01a1i tr\u1ea3i nghi\u1ec7m nh\u1eefng c\u1ea3m gi\u00e1c t\u01b0\u01a1ng t\u1ef1 nh\u01b0 ch\u01a1i m\u1ed9t c\u00e2y \u0111\u00e0n piano grand concert<\/p>\n<p>Pedal gi\u1ea3m ch\u1ea5n, m\u1ed9t th\u00e0nh ph\u1ea7n quan tr\u1ecdng \u0111\u1ec3 ch\u01a1i bi\u1ec3u c\u1ea3m, c\u0169ng \u0111\u00e3 \u0111\u01b0\u1ee3c n\u00e2ng c\u1ea5p.<\/p>\n<hr \/>\n<h3><strong>C\u00c1C T\u00cdNH N\u0102NG HI\u1ec6N \u0110\u1ea0I \u0110\u01af\u1ee2C T\u00cdCH H\u1ee2P T\u1ea0O H\u1ee8NG TH\u00da KHI S\u1eec D\u1ee4NG \u0110\u00c0N<\/strong><\/h3>\n<figure id=\"attachment_10159\" class=\"wp-caption aligncenter\" aria-describedby=\"caption-attachment-10159\"><img decoding=\"async\" src=\"https:\/\/nhaccuantonmusic.com\/wp-content\/uploads\/2024\/09\/CLP-825-7.png\" \/><figcaption id=\"caption-attachment-10159\" class=\"wp-caption-text\"><em>T\u00ednh n\u0103ng Bluetooth<\/em><\/figcaption><\/figure>\n<p><strong>Yamaha CLP-835<\/strong>\u00a0\u0111\u01b0\u1ee3c trang b\u1ecb nh\u1eefng t\u00ednh n\u0103ng cao c\u1ea5p b\u1eadc nh\u1ea5t c\u1ee7a m\u1ed9t c\u00e2y \u0111\u00e0n piano \u0111i\u1ec7n hi\u1ec7n nay<\/p>\n<p>B\u1ea3ng \u0111i\u1ec1u khi\u1ec3n c\u1ea3m bi\u1ebfn c\u1ea3m \u1ee9ng tr\u1ef1c quan v\u00e0 m\u00e0n h\u00ecnh LCD s\u00e1ng \u0111\u1ea3m b\u1ea3o r\u1eb1ng giao di\u1ec7n ng\u01b0\u1eddi d\u00f9ng \u0111\u01a1n gi\u1ea3n v\u00e0 d\u1ec5 \u0111i\u1ec1u h\u01b0\u1edbng.<\/p>\n<p>M\u1ed9t trong nh\u1eefng n\u00e2ng c\u1ea5p quan tr\u1ecdng l\u00e0\u00a0<strong>Grand Acoustic Imaging<\/strong>, gi\u00fap t\u1ed1i \u01b0u h\u00f3a v\u1ecb tr\u00ed loa v\u00e0 b\u1ee9c x\u1ea1 \u00e2m thanh \u0111\u1ec3 t\u1ea1o ra tr\u1ea3i nghi\u1ec7m th\u00ednh gi\u00e1c cao c\u1ea5p nh\u1ea5t.<\/p>\n<p>C\u00f4ng ngh\u1ec7 n\u00e0y, k\u1ebft h\u1ee3p v\u1edbi b\u1ed9 khu\u1ebfch t\u00e1n m\u1edbi, h\u01b0\u1edbng d\u1eabn s\u00f3ng v\u00e0 c\u00f2i hai chi\u1ec1u, m\u00f4 ph\u1ecfng tr\u01b0\u1eddng \u00e2m thanh t\u1ef1 nhi\u00ean c\u1ee7a m\u1ed9t c\u00e2y \u0111\u00e0n piano l\u1edbn.<\/p>\n<p>CLP835 c\u0169ng h\u1ed7 tr\u1ee3<strong>\u00a0Bluetooth\u00a0<\/strong><strong>MIDI<\/strong>\u00a0\u0111\u1ec3 k\u1ebft n\u1ed1i truy c\u1eadp \u1ee9ng d\u1ee5ng Smart Pianist.<\/p>\n<p>S\u1ef1 t\u00edch h\u1ee3p n\u00e0y l\u00e0m cho vi\u1ec7c h\u1ecdc v\u00e0 ch\u01a1i tr\u1edf n\u00ean h\u1ea5p d\u1eabn v\u00e0 th\u00fa v\u1ecb h\u01a1n.<\/p>\n<hr \/>\n<h3><strong>VIDEO REVIEW YAMAHA CLP-835<\/strong><\/h3>\n<p><iframe title=\"Yamaha CLP-800 Series Overview\" src=\"https:\/\/www.youtube.com\/embed\/a4IFqGwv2jA\" width=\"950\" height=\"534\" frameborder=\"0\" allowfullscreen=\"allowfullscreen\" data-mce-fragment=\"1\"><\/iframe><\/p>\n<hr \/>\n<h3><strong>TH\u00d4NG S\u1ed0 K\u1ef8 THU\u1eacT YAMAHA CLP-835 V\u00c0 C\u00c1C MODEL CLP800<\/strong><\/h3>\n<figure id=\"attachment_10165\" class=\"wp-caption aligncenter\" aria-describedby=\"caption-attachment-10165\"><img decoding=\"async\" src=\"https:\/\/pianosol.vn\/wp-content\/uploads\/2024\/06\/CLP800-2.jpg\" alt=\"Th\u00f4ng s\u1ed1 k\u1ef9 thu\u1eadt Yamaha CLP800\" \/><figcaption id=\"caption-attachment-10165\" class=\"wp-caption-text\">\n<div data-id=\"9ly1xDmkO1M\" data-query=\"\" data-src=\"https:\/\/www.youtube.com\/embed\/9ly1xDmkO1M\"><a href=\"https:\/\/www.facebook.com\/anpiano.saigon\" target=\"_blank\" rel=\"noopener\">T\u01b0 v\u1ea5n v\u00e0 ch\u1ecdn mua s\u1ea3n ph\u1ea9m kh\u00e1c t\u1ea1i \u0111\u00e2y<\/a><\/div>\n<div data-id=\"9ly1xDmkO1M\" data-query=\"\" data-src=\"https:\/\/www.youtube.com\/embed\/9ly1xDmkO1M\"><a href=\"http:\/\/thumuapiano.com\/\" target=\"_blank\" rel=\"noopener\">Ch\u00fang t\u00f4i nh\u1eadn thu mua Piano, h\u00e3y li\u00ean h\u1ec7 n\u1ebfu b\u1ea1n c\u00f3 nhu c\u1ea7u.<\/a><\/div>\n<\/figcaption><\/figure>\n","protected":false},"excerpt":{"rendered":"<ul>\n<li>B\u1ea3o h\u00e0nh 24 th\u00e1ng\u00a0<a href=\"https:\/\/anpiano.com\/chinh-sach-bao-hanh\/\">xem th\u00eam<\/a><\/li>\n<li>Gh\u1ebf<\/li>\n<li>Kh\u0103n ph\u1ee7 ph\u00edm<\/li>\n<li>\u0110\u1ed5i ngu\u1ed3n 220V<\/li>\n<li>Freeship HCM \u2013 HN \u2013 \u0110N \u2013 NT \u2013 BMT<\/li>\n<li>Kh\u00f3a h\u1ecdc online<\/li>\n<\/ul>\n","protected":false},"featured_media":12644,"comment_status":"open","ping_status":"closed","template":"","meta":[],"product_cat":[17,129],"product_tag":[1477,1476],"class_list":{"0":"post-12643","1":"product","2":"type-product","3":"status-publish","4":"has-post-thumbnail","6":"product_cat-piano-dan-dien","7":"product_cat-ya-ma-ha","8":"product_tag-clp-835wa","9":"product_tag-yamaha-clp-835wa","11":"first","12":"instock","13":"sale","14":"shipping-taxable","15":"purchasable","16":"product-type-simple"},"jetpack_sharing_enabled":true,"_links":{"self":[{"href":"https:\/\/anpiano.com\/index.php?rest_route=\/wp\/v2\/product\/12643"}],"collection":[{"href":"https:\/\/anpiano.com\/index.php?rest_route=\/wp\/v2\/product"}],"about":[{"href":"https:\/\/anpiano.com\/index.php?rest_route=\/wp\/v2\/types\/product"}],"replies":[{"embeddable":true,"href":"https:\/\/anpiano.com\/index.php?rest_route=%2Fwp%2Fv2%2Fcomments&post=12643"}],"version-history":[{"count":3,"href":"https:\/\/anpiano.com\/index.php?rest_route=\/wp\/v2\/product\/12643\/revisions"}],"predecessor-version":[{"id":14006,"href":"https:\/\/anpiano.com\/index.php?rest_route=\/wp\/v2\/product\/12643\/revisions\/14006"}],"wp:featuredmedia":[{"embeddable":true,"href":"https:\/\/anpiano.com\/index.php?rest_route=\/wp\/v2\/media\/12644"}],"wp:attachment":[{"href":"https:\/\/anpiano.com\/index.php?rest_route=%2Fwp%2Fv2%2Fmedia&parent=12643"}],"wp:term":[{"taxonomy":"product_cat","embeddable":true,"href":"https:\/\/anpiano.com\/index.php?rest_route=%2Fwp%2Fv2%2Fproduct_cat&post=12643"},{"taxonomy":"product_tag","embeddable":true,"href":"https:\/\/anpiano.com\/index.php?rest_route=%2Fwp%2Fv2%2Fproduct_tag&post=12643"}],"curies":[{"name":"wp","href":"https:\/\/api.w.org\/{rel}","templated":true}]}}