{"id":12747,"date":"2024-12-26T17:59:32","date_gmt":"2024-12-26T10:59:32","guid":{"rendered":"https:\/\/anpiano.com\/?post_type=product&#038;p=12747"},"modified":"2025-09-25T17:11:53","modified_gmt":"2025-09-25T10:11:53","slug":"yamaha-u2m-2","status":"publish","type":"product","link":"https:\/\/anpiano.com\/?product=yamaha-u2m-2","title":{"rendered":"Yamaha U2M"},"content":{"rendered":"<p>\u0110\u00e0n Piano Yamaha U2M \u0111\u01b0\u1ee3c s\u1ea3n xu\u1ea5t trong th\u1eddi k\u1ef3 \u0111\u1ec9nh cao c\u1ee7a Yamaha, l\u00e0 model \u0111\u01b0\u1ee3c nhi\u1ec1u kh\u00e1ch h\u00e0ng l\u1ef1a ch\u1ecdn, m\u1eabu \u0111\u00e0n c\u00f3 \u00e2m thanh s\u00e1ng, trong vang, d\u00e0y ti\u1ebfng. Ch\u1eafc ch\u1eafn \u0111\u00e2y l\u00e0 m\u1eabu \u0111\u00e0n piano c\u01a1 c\u1ee7a h\u00e3ng Yamaha \u0111\u01b0\u1ee3c nhi\u1ec1u ng\u01b0\u1edfi tin t\u01b0\u1edfng v\u00e0 l\u1ef1a ch\u1ecdn, y\u00eau th\u00edch s\u1eed d\u1ee5ng l\u00e2u d\u00e0i.<\/p>\n<p>Nh\u1eefng \u0111\u1eb7c \u0111i\u1ec3m n\u1ed5i b\u1eadt c\u1ee7a \u0111\u00e0n Piano Yamaha U2M<\/p>\n<h2><strong>1. Piano Yamaha U2M c\u00f3 thi\u1ebft k\u1ebf \u0111\u1eb9p v\u00e0 sang tr\u1ecdng, ph\u00f9 h\u1ee3p v\u1edbi m\u1ecdi kh\u00f4ng gian n\u1ed9i th\u1ea5t<\/strong><\/h2>\n<p><em><strong>\u0110\u00e0n Piano Yamaha U2M<\/strong><\/em>\u00a0c\u00f3 chi\u1ec1u cao 127cm, l\u00e0 k\u00edch th\u01b0\u1edbc t\u1ea7m trung c\u1ee7a d\u00f2ng upright piano, c\u00f3 thi\u1ebft k\u1ebf hi\u1ec7n \u0111\u1ea1i, \u0111\u01a1n gi\u1ea3n nh\u01b0ng tinh t\u1ebf, sang tr\u1ecdng v\u00e0 \u0111\u1eb3ng c\u1ea5p. V\u1edbi ki\u1ec3u d\u00e1ng truy\u1ec1n th\u1ed1ng c\u1ee7a d\u00f2ng upright piano, v\u1eabn gi\u1eef nguy\u00ean ki\u1ec3u d\u00e1ng nguy\u00ean b\u1ea3n c\u1ee7a nh\u1eefng c\u00e2y \u0111\u00e0n upright piano c\u1ed5 \u0111i\u1ec3n t\u1eeb x\u01b0a, nh\u01b0ng\u00a0<em><strong>\u0110\u00e0n Piano Yamaha U2M<\/strong><\/em>\u00a0\u0111\u01b0\u1ee3c t\u1ed1i gi\u1ea3n c\u00e1c chi ti\u1ebft nh\u01b0 c\u00e1c g\u00f3c c\u1ea1nh v\u00e0 \u0111\u01b0\u1eddng n\u00e9t tinh t\u1ebf, \u0111\u1eb7c bi\u1ec7t \u0111\u01b0\u1ee3c ph\u1ee7 m\u1ed9t l\u1edbp s\u01a1n \u0111en b\u00f3ng ho\u00e0n thi\u1ec7n (Ebony Polish) sang tr\u1ecdng v\u00e0 hi\u1ec7n \u0111\u1ea1i.<\/p>\n<h2><strong>2. H\u1ec7 th\u1ed1ng ph\u00edm \u0111\u00e0n c\u1ea3m \u1ee9ng l\u1ef1c n\u1ea3y tuy\u1ec7t v\u1eddi<\/strong><\/h2>\n<p>Ph\u00edm \u0111\u00e0n c\u1ee7a\u00a0<em><strong>\u0110\u00e0n Piano Yamaha U2M<\/strong><\/em>\u00a0\u0111\u01b0\u1ee3c l\u00e0m t\u1eeb Phenolic Resin (nh\u1ef1a Phenol) \u0111\u1ed1i v\u1edbi ph\u00edm \u0111en v\u00e0 Acrylic Resin (nh\u1ef1a Acrylic) \u0111\u1ed1i v\u1edbi ph\u00edm tr\u1eafng. Ch\u1ea5t li\u1ec7u n\u00e0y \u0111\u01b0\u1ee3c ph\u1ee7 tr\u00ean b\u1ec1 m\u1eb7t ph\u00edm, ph\u1ee7 tr\u00ean l\u1edbp g\u1ed7, c\u00f3 \u0111\u1ed9 b\u1ec1n cao, c\u00f3 kh\u1ea3 n\u0103ng ch\u1ed1ng m\u00f2n t\u1ed1t, v\u00ec th\u1ebf ph\u00edm \u0111\u00e0n piano c\u00f3 \u0111\u1ed9 b\u1ec1n cao.<\/p>\n<p><em><strong>\u0110\u00e0n Piano Yamaha U2M<\/strong><\/em>\u00a0c\u00f3 c\u1ea3m \u1ee9ng l\u1ef1c nh\u1ea1y v\u00e0 c\u1ea3m gi\u00e1c ch\u01a1i m\u1ec1m m\u1ea1i v\u00ec \u0111\u1ed9 \u0111\u00e0n h\u1ed3i t\u1ed1t t\u1eeb c\u00e1c ph\u00edm \u0111\u00e0n ch\u1ea5t l\u01b0\u1ee3ng.<\/p>\n<h2><strong>3. H\u1ec7 th\u1ed1ng b\u00faa \u0111\u00e0n c\u00f3 \u0111\u1ed9 b\u1ec1n cao, t\u1ea1o \u00e2m thanh m\u01b0\u1ee3t m\u00e0 v\u00e0 du d\u01b0\u01a1ng<\/strong><\/h2>\n<p>H\u1ec7 th\u1ed1ng b\u00faa \u0111\u00e0n c\u1ee7a\u00a0<em><strong>\u0110\u00e0n Piano Yamaha U2M<\/strong><\/em>\u00a0\u00a0\u0111\u01b0\u1ee3c b\u1ecdc l\u1edbp n\u1ec9 l\u00f4ng c\u1eebu, mang l\u1ea1i \u0111\u1ed9 b\u1ec1n cao t\u1ea1o ra \u00e2m thanh vang s\u00e1ng, m\u01b0\u1ee3t m\u00e0 v\u00e0 du d\u01b0\u01a1ng.<\/p>\n<h2><strong>4. Khung \u0111\u00e0n v\u00e0 b\u1ea3ng c\u1ed9ng h\u01b0\u1edfng Soundboard \u0111\u01b0\u1ee3c l\u00e0m t\u1eeb g\u1ed7 V\u00e2n Sam<\/strong><\/h2>\n<p>B\u1ea3ng c\u1ed9ng h\u01b0\u1edfng soundboard \u0111\u01b0\u1ee3c l\u00e0m t\u1eeb g\u1ed7 v\u00e2n sam r\u1eafn ch\u1eafc. \u0110\u00e2y l\u00e0 lo\u1ea1i g\u1ed7 c\u00f3 \u0111\u1ed9 b\u1ec1n cao v\u00e0 kh\u1ea3 n\u0103ng khuy\u1ebfch \u0111\u1ea1i c\u00e1c t\u1ea7n s\u1ed1 rung c\u1ee7a d\u00e2y \u0111\u00e0n c\u1ef1c t\u1ed1t. B\u1ea3ng c\u1ed9ng h\u01b0\u1edfng \u0111\u01b0\u1ee3c l\u00e0m t\u1eeb g\u1ed7 nguy\u00ean kh\u1ed1i k\u1ebft h\u1ee3p v\u1edbi b\u1ed9 khung \u0111\u00e0n ch\u1eafc ch\u1eafn \u0111\u01b0\u1ee3c l\u00e0m t\u1eeb gang, do v\u1eady\u00a0<em><strong>\u0110\u00e0n Piano Yamaha U2M<\/strong><\/em>\u00a0c\u00f3 \u0111\u1ed9 b\u1ec1n cao, c\u00f3 th\u1ec3 s\u1eed d\u1ee5ng l\u00e2u d\u00e0i l\u00ean \u0111\u1ebfn g\u1ea7n 100 n\u0103m.<\/p>\n<h2><strong>5. Piano Yamaha U2M s\u1edf h\u1eefu h\u1ec7 th\u1ed1ng m\u00e1y c\u01a1 ho\u00e0n thi\u1ec7n t\u1ea1o ra \u00e2m thanh tuy\u1ec7t v\u1eddi<\/strong><\/h2>\n<p><em><strong>\u0110\u00e0n Piano Yamaha U2M<\/strong><\/em> thu\u1ed9c \u0111\u1eddi M c\u1ee7a h\u00e3ng Yamaha, l\u00e0 \u0111\u1eddi \u0111\u00e0n v\u00e0o th\u1eddi k\u1ef3 \u0111\u1ec9nh cao c\u1ee7a h\u00e3ng Yamaha, \u0111\u00e2y l\u00e0 \u0111\u1eddi \u0111\u00e0n \u0111\u00e3 c\u00f3 nhi\u1ec1u c\u1ea3i ti\u1ebfn so v\u1edbi c\u00e1c \u0111\u1eddi \u0111\u00e0n tr\u01b0\u1edbc<\/p>\n<p><em><strong>\u0110\u00e0n Piano Yamaha U2M<\/strong><\/em>\u00a0c\u00f3 4 d\u1ea3i \u00e2m thanh r\u1ed9ng, mang \u0111\u1ebfn ch\u1ea5t \u00e2m vang v\u00e0 th\u1ec3 hi\u1ec7n chi ti\u1ebft \u0111\u01b0\u1ee3c c\u1ea3 3 d\u1ea3i t\u1ea7n cho ng\u01b0\u1eddi ch\u01a1i \u0111\u00e0n. \u1ede m\u1ed7i cao \u0111\u1ed9 kh\u00e1c nhau, \u00e2m thanh \u0111\u01b0\u1ee3c ph\u00e1t ra r\u00f5 r\u00e0ng, cho ph\u00e9p ta ch\u01a1i \u0111\u01b0\u1ee3c nhi\u1ec1u th\u1ec3 lo\u1ea1i nh\u1ea1c c\u1ed5 \u0111i\u1ec3n, hi\u1ec7n \u0111\u1ea1i kh\u00e1c nhau tr\u00ean m\u1ed9t c\u00e2y \u0111\u00e0n piano c\u01a1.<\/p>\n<h2><strong>6. H\u1ec7 th\u1ed1ng Pedal c\u1ee7a \u0111\u00e0n Piano Yamaha U2M<\/strong><\/h2>\n<p><em><strong>\u0110\u00e0n Piano Yamaha U2M<\/strong><\/em>\u00a0c\u00f3 3 Pedal v\u1edbi 3 ch\u1ee9c n\u0103ng kh\u00e1c nhau: pedal b\u00ean tr\u00e1i g\u1ecdi l\u00e0 soft pedal t\u00e1c d\u1ee5ng gi\u1ea3m \u00e2m thanh, pedal \u1edf gi\u1eefa g\u1ecdi l\u00e0 practice pedal (ho\u1eb7c muffler pedal) d\u00e0nh cho t\u1eadp luy\u1ec7n, gi\u1ea3m \u00e2m thanh tr\u00e1nh \u1ed3n v\u00e0 pedal b\u00ean ph\u1ea3i g\u1ecdi l\u00e0 damper pedal (ho\u1eb7c sustain pedal) t\u00e1c d\u1ee5ng l\u00e0m vang \u00e2m. B\u1ed9 3 b\u00e0n \u0111\u1ea1p Pedal \u0111\u01b0\u1ee3c \u0111\u00fac t\u1eeb h\u1ee3p kim \u0111\u1ed3ng c\u00f3 m\u00e0u v\u00e0ng s\u00e1ng b\u00f3ng l\u00e0m \u0111i\u1ec3m nh\u1ea5n sang tr\u1ecdng, v\u00e0 h\u00e0i ho\u00e0 cho c\u00e2y \u0111\u00e0n piano c\u01a1.<\/p>\n<div data-id=\"9ly1xDmkO1M\" data-query=\"\" data-src=\"https:\/\/www.youtube.com\/embed\/9ly1xDmkO1M\"><a href=\"https:\/\/www.facebook.com\/anpiano.saigon\" target=\"_blank\" rel=\"noopener\">T\u01b0 v\u1ea5n v\u00e0 ch\u1ecdn mua s\u1ea3n ph\u1ea9m kh\u00e1c t\u1ea1i \u0111\u00e2y<\/a><\/div>\n<div data-id=\"9ly1xDmkO1M\" data-query=\"\" data-src=\"https:\/\/www.youtube.com\/embed\/9ly1xDmkO1M\"><a href=\"http:\/\/thumuapiano.com\/\" target=\"_blank\" rel=\"noopener\">Ch\u00fang t\u00f4i nh\u1eadn thu mua Piano, h\u00e3y li\u00ean h\u1ec7 n\u1ebfu b\u1ea1n c\u00f3 nhu c\u1ea7u.<\/a><\/div>\n","protected":false},"excerpt":{"rendered":"<ul>\n<li>B\u1ea3o h\u00e0nh 5 n\u0103m <a href=\"https:\/\/anpiano.com\/chinh-sach-bao-hanh\/\">xem th\u00eam<\/a><\/li>\n<li>Gh\u1ebf<\/li>\n<li>Kh\u0103n ph\u1ee7 ph\u00edm<\/li>\n<li>Kh\u0103n ph\u1ee7 \u0111\u00e0n<\/li>\n<li>\u1ed0ng s\u1ea5y<\/li>\n<li>Kh\u00f3a h\u1ecdc online<\/li>\n<li>Freeship HCM \u2013 HN \u2013 \u0110N \u2013 NT \u2013 BMT<\/li>\n<\/ul>\n<p><strong> Yamaha U2M<\/strong> \u0111\u01b0\u1ee3c s\u1ea3n xu\u1ea5t trong th\u1eddi k\u1ef3 \u0111\u1ec9nh cao c\u1ee7a Yamaha, l\u00e0 model \u0111\u01b0\u1ee3c nhi\u1ec1u kh\u00e1ch h\u00e0ng l\u1ef1a ch\u1ecdn, m\u1eabu \u0111\u00e0n c\u00f3 \u00e2m thanh s\u00e1ng, trong vang, d\u00e0y ti\u1ebfng. Ch\u1eafc ch\u1eafn \u0111\u00e2y l\u00e0 m\u1eabu \u0111\u00e0n piano c\u01a1 c\u1ee7a h\u00e3ng Yamaha \u0111\u01b0\u1ee3c nhi\u1ec1u ng\u01b0\u1edfi tin t\u01b0\u1edfng v\u00e0 l\u1ef1a ch\u1ecdn, y\u00eau th\u00edch s\u1eed d\u1ee5ng l\u00e2u d\u00e0i.<\/p>\n","protected":false},"featured_media":12748,"comment_status":"open","ping_status":"closed","template":"","meta":[],"product_cat":[125,326],"product_tag":[474,360,699,689,681,641,634,140],"class_list":{"0":"post-12747","1":"product","2":"type-product","3":"status-publish","4":"has-post-thumbnail","6":"product_cat-piano-upright","7":"product_cat-yamaha-upright","8":"product_tag-an-piano","9":"product_tag-dan-piano","10":"product_tag-dan-piano-yamaha","11":"product_tag-dan-yamaha","12":"product_tag-piano-dien-yamaha","13":"product_tag-piano-gia-re","14":"product_tag-piano-yamaha","15":"product_tag-yamaha","17":"first","18":"instock","19":"sale","20":"shipping-taxable","21":"purchasable","22":"product-type-simple"},"jetpack_sharing_enabled":true,"_links":{"self":[{"href":"https:\/\/anpiano.com\/index.php?rest_route=\/wp\/v2\/product\/12747"}],"collection":[{"href":"https:\/\/anpiano.com\/index.php?rest_route=\/wp\/v2\/product"}],"about":[{"href":"https:\/\/anpiano.com\/index.php?rest_route=\/wp\/v2\/types\/product"}],"replies":[{"embeddable":true,"href":"https:\/\/anpiano.com\/index.php?rest_route=%2Fwp%2Fv2%2Fcomments&post=12747"}],"version-history":[{"count":1,"href":"https:\/\/anpiano.com\/index.php?rest_route=\/wp\/v2\/product\/12747\/revisions"}],"predecessor-version":[{"id":12752,"href":"https:\/\/anpiano.com\/index.php?rest_route=\/wp\/v2\/product\/12747\/revisions\/12752"}],"wp:featuredmedia":[{"embeddable":true,"href":"https:\/\/anpiano.com\/index.php?rest_route=\/wp\/v2\/media\/12748"}],"wp:attachment":[{"href":"https:\/\/anpiano.com\/index.php?rest_route=%2Fwp%2Fv2%2Fmedia&parent=12747"}],"wp:term":[{"taxonomy":"product_cat","embeddable":true,"href":"https:\/\/anpiano.com\/index.php?rest_route=%2Fwp%2Fv2%2Fproduct_cat&post=12747"},{"taxonomy":"product_tag","embeddable":true,"href":"https:\/\/anpiano.com\/index.php?rest_route=%2Fwp%2Fv2%2Fproduct_tag&post=12747"}],"curies":[{"name":"wp","href":"https:\/\/api.w.org\/{rel}","templated":true}]}}