{"id":12766,"date":"2025-01-06T18:01:01","date_gmt":"2025-01-06T11:01:01","guid":{"rendered":"https:\/\/anpiano.com\/?post_type=product&#038;p=12766"},"modified":"2026-03-09T14:07:21","modified_gmt":"2026-03-09T07:07:21","slug":"yamaha-u30bl-2","status":"publish","type":"product","link":"https:\/\/anpiano.com\/?product=yamaha-u30bl-2","title":{"rendered":"Yamaha U30BL"},"content":{"rendered":"<p><strong>\u00a0Yamaha U30BL thu\u1ed9c d\u00f2ng U-series c\u1ee7a Yamaha, ngay t\u1eeb khi m\u1edbi ra \u0111\u1eddi cho \u0111\u1ebfn nay lo\u1ea1i \u0111\u00e0n n\u00e0y lu\u00f4n nh\u1eadn \u0111\u01b0\u1ee3c s\u1ef1 \u01b0u \u00e1i c\u1ee7a c\u00e1c nh\u1ea1c s\u1ef9 v\u00e0 ngh\u1ec7 s\u1ef9 \u0111\u00e0n d\u01b0\u01a1ng c\u1ea7m chuy\u00ean nghi\u1ec7p b\u1edfi k\u1ebft h\u1ee3p h\u00e0i h\u00f2a gi\u1eefa c\u1ed5 \u0111i\u1ec3n v\u00e0 hi\u1ec7n \u0111\u1ea1i, \u0111\u00e0n piano Yamaha U3BL c\u00f3 th\u1ec3 ph\u00e1t ra nh\u1eefng giai \u0111i\u1ec7u v\u00f4 c\u00f9ng \u1ea5m \u00e1p.<\/strong><\/p>\n<h3><strong>1.Thi\u1ebft k\u1ebf<\/strong><\/h3>\n<p>Yamaha U30Bl h\u1ea5p d\u1eabn ng\u01b0\u1eddi ch\u01a1i nh\u1edd thi\u1ebft k\u1ebf l\u1ea1i to\u00e0n di\u1ec7n, c\u00e1c c\u00f4ng c\u1ee5 ti\u00eau chu\u1ea9n th\u1ebf gi\u1edbi. Thi\u1ebft k\u1ebf quy m\u00f4 tinh t\u1ebf v\u00e0 c\u00e1c th\u00e0nh ph\u1ea7n c\u1ea3i thi\u1ec7n hi\u1ec7u su\u1ea5t \u00e2m, ngo\u00e0i ra c\u00e1c s\u1eeda \u0111\u1ed5i kh\u00e1c t\u0103ng c\u01b0\u1eddng s\u1ee9c m\u1ea1nh v\u00e0 \u0111\u1ed9 b\u1ec1n. B\u00e0n \u00e2m nh\u1ea1c ngo\u00e0i r\u1ed9ng cung c\u1ea5p nhi\u1ec1u ch\u1ed7 cho b\u1ea3n nh\u1ea1c. \u0110\u00e3 t\u1ea1o cho \u0111\u00e0n Piano Yamaha U30BL c\u00f3 thi\u1ebft k\u1ebf \u1ea5n t\u01b0\u1ee3ng mang l\u1ea1i s\u1ef1 thanh l\u1ecbch v\u00e0 xu\u1ea5t s\u1eafc.<\/p>\n<p><img fetchpriority=\"high\" decoding=\"async\" class=\"alignnone size-medium wp-image-13945\" src=\"https:\/\/anpiano.com\/wp-content\/uploads\/2025\/01\/7054a8d8d129587701381-300x225.jpg\" alt=\"Yamaha U30bl\" width=\"300\" height=\"225\" srcset=\"https:\/\/anpiano.com\/wp-content\/uploads\/2025\/01\/7054a8d8d129587701381-300x225.jpg 300w, https:\/\/anpiano.com\/wp-content\/uploads\/2025\/01\/7054a8d8d129587701381-1024x768.jpg 1024w, https:\/\/anpiano.com\/wp-content\/uploads\/2025\/01\/7054a8d8d129587701381-768x576.jpg 768w, https:\/\/anpiano.com\/wp-content\/uploads\/2025\/01\/7054a8d8d129587701381-1536x1152.jpg 1536w, https:\/\/anpiano.com\/wp-content\/uploads\/2025\/01\/7054a8d8d129587701381-2048x1536.jpg 2048w, https:\/\/anpiano.com\/wp-content\/uploads\/2025\/01\/7054a8d8d129587701381-247x185.jpg 247w, https:\/\/anpiano.com\/wp-content\/uploads\/2025\/01\/7054a8d8d129587701381-510x383.jpg 510w\" sizes=\"(max-width: 300px) 100vw, 300px\" \/><\/p>\n<h3><strong>2.\u00c2m Thanh<\/strong><\/h3>\n<p>Thi\u1ebft k\u1ebf thang ti\u00ean ti\u1ebfn, S\u1ef1 tinh x\u1ea3o trong t\u1eebng y\u1ebfu t\u1ed1 \u00e2m thanh gi\u00fap d\u00f2ng s\u1ea3n ph\u1ea9m U30BL c\u00f3 \u0111\u01b0\u1ee3c \u00e2m thanh \u0111a d\u1ea1ng, \u0111\u1ed9 vang t\u1ed1t h\u01a1n v\u1edbi \u00e2m s\u1eafc \u0111\u01b0\u1ee3c c\u00e2n b\u1eb1ng tr\u00ean to\u00e0n b\u1ed9 b\u00e0n ph\u00edm.<\/p>\n<p>B\u00faa d\u00f2ng U s\u1eed d\u1ee5ng v\u1eadt li\u1ec7u \u0111\u1eb7c bi\u1ec7t \u0111\u01b0\u1ee3c l\u1ef1a ch\u1ecdn ri\u00eang cho m\u1ed7i m\u00f4 \u0111en \u0111\u1ec3 t\u1ea1o ra \u00e2m thanh, ph\u1ea3n \u1ee9ng tuy\u1ec7t v\u1eddi v\u00e0 \u0111\u1ed9 b\u1ec1n cao.<\/p>\n<h3><strong>3. \u0110\u1ed9 ch\u1eafc ch\u1eafn<\/strong><\/h3>\n<p>Thi\u1ebft k\u1ebf khung x\u01b0\u01a1ng \u0111\u1eb7c bi\u1ec7t l\u00e0m t\u0103ng th\u00eam s\u1ee9c m\u1ea1nh cho h\u1ed9p c\u1ed9ng h\u01b0\u1edfng trong khi ph\u1ea7n ch\u1ed1ng l\u01b0ng v\u00e0 nh\u1eefng c\u1ea3i ti\u1ebfn kh\u00e1c gi\u00fap t\u0103ng t\u00ednh \u1ed5n \u0111\u1ecbnh, \u0111\u1ed9 vang v\u00e0 t\u00ednh \u1ed5n \u0111\u1ecbnh k\u1ebft c\u1ea5u c\u1ee7a s\u1ea3n ph\u1ea9m.<\/p>\n<p><img decoding=\"async\" class=\"alignnone size-medium wp-image-13947\" src=\"https:\/\/anpiano.com\/wp-content\/uploads\/2025\/01\/0821254f5fbed6e08faf4-300x225.jpg\" alt=\"\" width=\"300\" height=\"225\" srcset=\"https:\/\/anpiano.com\/wp-content\/uploads\/2025\/01\/0821254f5fbed6e08faf4-300x225.jpg 300w, https:\/\/anpiano.com\/wp-content\/uploads\/2025\/01\/0821254f5fbed6e08faf4-1024x768.jpg 1024w, https:\/\/anpiano.com\/wp-content\/uploads\/2025\/01\/0821254f5fbed6e08faf4-768x576.jpg 768w, https:\/\/anpiano.com\/wp-content\/uploads\/2025\/01\/0821254f5fbed6e08faf4-1536x1152.jpg 1536w, https:\/\/anpiano.com\/wp-content\/uploads\/2025\/01\/0821254f5fbed6e08faf4-2048x1536.jpg 2048w, https:\/\/anpiano.com\/wp-content\/uploads\/2025\/01\/0821254f5fbed6e08faf4-247x185.jpg 247w, https:\/\/anpiano.com\/wp-content\/uploads\/2025\/01\/0821254f5fbed6e08faf4-510x383.jpg 510w\" sizes=\"(max-width: 300px) 100vw, 300px\" \/><br \/>\nC\u01a1 ch\u1ebf gi\u1ea3m ch\u1ea5n, tr\u01b0\u1edbc kia ch\u1ec9 \u0111\u01b0\u1ee3c s\u1eed d\u1ee5ng cho \u0111\u1ea1i d\u01b0\u01a1ng c\u1ea7m, gi\u00fap ng\u0103n n\u1eafp \u0111\u00e0n kh\u00f4ng s\u1eadp b\u1ea5t ng\u1edd v\u00e0o b\u00e0n ph\u00edm nh\u1ea1c, tr\u00e1nh t\u1ed5n th\u01b0\u01a1ng ho\u1eb7c thi\u1ec7t h\u1ea1i kh\u00f4ng mong mu\u1ed1n.<\/p>\n<div data-id=\"9ly1xDmkO1M\" data-query=\"\" data-src=\"https:\/\/www.youtube.com\/embed\/9ly1xDmkO1M\"><a href=\"https:\/\/www.facebook.com\/anpiano.saigon\" target=\"_blank\" rel=\"noopener\">T\u01b0 v\u1ea5n v\u00e0 ch\u1ecdn mua s\u1ea3n ph\u1ea9m kh\u00e1c t\u1ea1i \u0111\u00e2y<\/a><\/div>\n<div data-id=\"9ly1xDmkO1M\" data-query=\"\" data-src=\"https:\/\/www.youtube.com\/embed\/9ly1xDmkO1M\"><a href=\"http:\/\/thumuapiano.com\/\" target=\"_blank\" rel=\"noopener\">Ch\u00fang t\u00f4i nh\u1eadn thu mua Piano, h\u00e3y li\u00ean h\u1ec7 n\u1ebfu b\u1ea1n c\u00f3 nhu c\u1ea7u.<\/a><\/div>\n","protected":false},"excerpt":{"rendered":"<ul>\n<li>B\u1ea3o h\u00e0nh 10 n\u0103m <a href=\"https:\/\/anpiano.com\/chinh-sach-bao-hanh\/\">xem th\u00eam<\/a><\/li>\n<li>Gh\u1ebf<\/li>\n<li>Kh\u0103n ph\u1ee7 ph\u00edm<\/li>\n<li>Kh\u0103n ph\u1ee7 \u0111\u00e0n<\/li>\n<li>\u1ed0ng s\u1ea5y<\/li>\n<li>Kh\u00f3a h\u1ecdc online<\/li>\n<li>Freeship HCM \u2013 HN \u2013 \u0110N \u2013 NT \u2013 BMT<\/li>\n<\/ul>\n<p><strong>Yamaha U30BL<\/strong> thu\u1ed9c d\u00f2ng U-series c\u1ee7a Yamaha, ngay t\u1eeb khi m\u1edbi ra \u0111\u1eddi cho \u0111\u1ebfn nay lo\u1ea1i \u0111\u00e0n n\u00e0y lu\u00f4n nh\u1eadn \u0111\u01b0\u1ee3c s\u1ef1 \u01b0u \u00e1i c\u1ee7a c\u00e1c nh\u1ea1c s\u1ef9 v\u00e0 ngh\u1ec7 s\u1ef9 \u0111\u00e0n d\u01b0\u01a1ng c\u1ea7m chuy\u00ean nghi\u1ec7p b\u1edfi k\u1ebft h\u1ee3p h\u00e0i h\u00f2a gi\u1eefa c\u1ed5 \u0111i\u1ec3n v\u00e0 hi\u1ec7n \u0111\u1ea1i, \u0111\u00e0n piano Yamaha U3BL c\u00f3 th\u1ec3 ph\u00e1t ra nh\u1eefng giai \u0111i\u1ec7u v\u00f4 c\u00f9ng \u1ea5m \u00e1p.<\/p>\n","protected":false},"featured_media":13945,"comment_status":"open","ping_status":"closed","template":"","meta":[],"product_cat":[125,326],"product_tag":[474,360,699,689,283,632,641],"class_list":{"0":"post-12766","1":"product","2":"type-product","3":"status-publish","4":"has-post-thumbnail","6":"product_cat-piano-upright","7":"product_cat-yamaha-upright","8":"product_tag-an-piano","9":"product_tag-dan-piano","10":"product_tag-dan-piano-yamaha","11":"product_tag-dan-yamaha","12":"product_tag-piano-co","13":"product_tag-piano-co-gia-re","14":"product_tag-piano-gia-re","16":"first","17":"instock","18":"sale","19":"shipping-taxable","20":"purchasable","21":"product-type-simple"},"jetpack_sharing_enabled":true,"_links":{"self":[{"href":"https:\/\/anpiano.com\/index.php?rest_route=\/wp\/v2\/product\/12766"}],"collection":[{"href":"https:\/\/anpiano.com\/index.php?rest_route=\/wp\/v2\/product"}],"about":[{"href":"https:\/\/anpiano.com\/index.php?rest_route=\/wp\/v2\/types\/product"}],"replies":[{"embeddable":true,"href":"https:\/\/anpiano.com\/index.php?rest_route=%2Fwp%2Fv2%2Fcomments&post=12766"}],"version-history":[{"count":4,"href":"https:\/\/anpiano.com\/index.php?rest_route=\/wp\/v2\/product\/12766\/revisions"}],"predecessor-version":[{"id":14004,"href":"https:\/\/anpiano.com\/index.php?rest_route=\/wp\/v2\/product\/12766\/revisions\/14004"}],"wp:featuredmedia":[{"embeddable":true,"href":"https:\/\/anpiano.com\/index.php?rest_route=\/wp\/v2\/media\/13945"}],"wp:attachment":[{"href":"https:\/\/anpiano.com\/index.php?rest_route=%2Fwp%2Fv2%2Fmedia&parent=12766"}],"wp:term":[{"taxonomy":"product_cat","embeddable":true,"href":"https:\/\/anpiano.com\/index.php?rest_route=%2Fwp%2Fv2%2Fproduct_cat&post=12766"},{"taxonomy":"product_tag","embeddable":true,"href":"https:\/\/anpiano.com\/index.php?rest_route=%2Fwp%2Fv2%2Fproduct_tag&post=12766"}],"curies":[{"name":"wp","href":"https:\/\/api.w.org\/{rel}","templated":true}]}}