{"id":12884,"date":"2025-02-19T17:47:07","date_gmt":"2025-02-19T10:47:07","guid":{"rendered":"https:\/\/anpiano.com\/?post_type=product&#038;p=12884"},"modified":"2025-09-25T17:04:00","modified_gmt":"2025-09-25T10:04:00","slug":"yamaha-clp-885wh","status":"publish","type":"product","link":"https:\/\/anpiano.com\/?product=yamaha-clp-885wh","title":{"rendered":"Yamaha CLP 885WH"},"content":{"rendered":"<h2><strong>PIANO \u0110I\u1ec6N YAMAHA CLP 885WH | SERIES CLP800<\/strong><\/h2>\n<figure id=\"attachment_10185\" class=\"wp-caption aligncenter\" aria-describedby=\"caption-attachment-10185\"><img fetchpriority=\"high\" decoding=\"async\" class=\"alignnone size-medium wp-image-12888\" src=\"https:\/\/anpiano.com\/wp-content\/uploads\/2025\/02\/261d5de90e4fb411ed5e77-300x300.jpg\" alt=\"\" width=\"300\" height=\"300\" srcset=\"https:\/\/anpiano.com\/wp-content\/uploads\/2025\/02\/261d5de90e4fb411ed5e77-300x300.jpg 300w, https:\/\/anpiano.com\/wp-content\/uploads\/2025\/02\/261d5de90e4fb411ed5e77-1020x1024.jpg 1020w, https:\/\/anpiano.com\/wp-content\/uploads\/2025\/02\/261d5de90e4fb411ed5e77-150x150.jpg 150w, https:\/\/anpiano.com\/wp-content\/uploads\/2025\/02\/261d5de90e4fb411ed5e77-768x771.jpg 768w, https:\/\/anpiano.com\/wp-content\/uploads\/2025\/02\/261d5de90e4fb411ed5e77-1530x1536.jpg 1530w, https:\/\/anpiano.com\/wp-content\/uploads\/2025\/02\/261d5de90e4fb411ed5e77-2040x2048.jpg 2040w, https:\/\/anpiano.com\/wp-content\/uploads\/2025\/02\/261d5de90e4fb411ed5e77-510x512.jpg 510w, https:\/\/anpiano.com\/wp-content\/uploads\/2025\/02\/261d5de90e4fb411ed5e77-100x100.jpg 100w\" sizes=\"(max-width: 300px) 100vw, 300px\" \/><figcaption id=\"caption-attachment-10185\" class=\"wp-caption-text\"><em>Yamaha CLP-885<\/em><\/figcaption><\/figure>\n<p><strong>V\u00e0o gi\u1eefa n\u0103m 2024 Yamaha cho ra m\u1eaft lo\u1ea1t series CLP m\u1edbi\u00a0<a href=\"https:\/\/europe.yamaha.com\/en\/products\/musical_instruments\/pianos\/clavinova\/clp-800_series\/clp-885\/index.html\" target=\"_blank\" rel=\"noopener\">Yamaha CLP800<\/a>. Series Yamaha CLP l\u00e0 series \u0111\u01b0\u1ee3c \u01b0a chu\u1ed9ng v\u00e0 b\u00e1n ch\u1ea1y nh\u1ea5t hi\u1ec7n nay c\u1ee7a ph\u00e2n kh\u00fac\u00a0<a href=\"https:\/\/anpiano.com\/\" target=\"_blank\" rel=\"noopener\">\u0111\u00e0n piano \u0111i\u1ec7n Yamaha<\/a><\/strong><\/p>\n<p>\u1ede lo\u1ea1t\u00a0<strong>series CLP800<\/strong>\u00a0n\u00e0y bao g\u1ed3m c\u00e1c model:\u00a0<strong>CLP825<\/strong>,<strong>\u00a0CLP835<\/strong>,\u00a0<strong>CLP845<\/strong>,\u00a0<strong>CLP865GP, CLP875<\/strong>,\u00a0<strong>CLP885<\/strong>,\u00a0<strong>CLP895GP<\/strong>. Model Yamaha CLP875 l\u00e0 m\u1ed9t trong nh\u1eefng s\u1ea3n ph\u1ea9m cao c\u1ea5p nh\u1ea5t c\u1ee7a lo\u1ea1t series n\u00e0y.<\/p>\n<p>D\u00f2ng CLP 800 \u0111\u01b0\u1ee3c thi\u1ebft k\u1ebf \u0111\u1ec3 t\u0103ng th\u00eam t\u00ednh bi\u1ec3u c\u1ea3m trong c\u00e1ch ch\u01a1i c\u1ee7a b\u1ea1n, Nh\u1eefng n\u00e2ng c\u1ea5p t\u1eeb \u00e2m thanh v\u00e0 h\u1ec7 b\u00e0n ph\u00edm m\u1edbi n\u00e0y h\u1ee9a h\u1eb9n s\u1ebd mang \u0111\u1ebfn cho ng\u01b0\u1eddi ch\u01a1i c\u1ea3m th\u1ea7y tho\u1ea3 m\u00e3n v\u00e0 th\u0103ng hoa nh\u1ea5t.<\/p>\n<hr \/>\n<h3><strong>THI\u1ebeT K\u1ebe NGO\u1ea0I H\u00ccNH YAMAMA CLP-885<\/strong><\/h3>\n<figure id=\"attachment_10186\" class=\"wp-caption aligncenter\" aria-describedby=\"caption-attachment-10186\"><img decoding=\"async\" class=\"alignnone size-medium wp-image-12887\" src=\"https:\/\/anpiano.com\/wp-content\/uploads\/2025\/02\/68fa3e0e6da8d7f68eb980-300x300.jpg\" alt=\"Yamaha CLP 885WH\" width=\"300\" height=\"300\" srcset=\"https:\/\/anpiano.com\/wp-content\/uploads\/2025\/02\/68fa3e0e6da8d7f68eb980-300x300.jpg 300w, https:\/\/anpiano.com\/wp-content\/uploads\/2025\/02\/68fa3e0e6da8d7f68eb980-1020x1024.jpg 1020w, https:\/\/anpiano.com\/wp-content\/uploads\/2025\/02\/68fa3e0e6da8d7f68eb980-150x150.jpg 150w, https:\/\/anpiano.com\/wp-content\/uploads\/2025\/02\/68fa3e0e6da8d7f68eb980-768x771.jpg 768w, https:\/\/anpiano.com\/wp-content\/uploads\/2025\/02\/68fa3e0e6da8d7f68eb980-1530x1536.jpg 1530w, https:\/\/anpiano.com\/wp-content\/uploads\/2025\/02\/68fa3e0e6da8d7f68eb980-2040x2048.jpg 2040w, https:\/\/anpiano.com\/wp-content\/uploads\/2025\/02\/68fa3e0e6da8d7f68eb980-510x512.jpg 510w, https:\/\/anpiano.com\/wp-content\/uploads\/2025\/02\/68fa3e0e6da8d7f68eb980-100x100.jpg 100w\" sizes=\"(max-width: 300px) 100vw, 300px\" \/><figcaption id=\"caption-attachment-10186\" class=\"wp-caption-text\"><em>Yamaha CLP-885<\/em><\/figcaption><\/figure>\n<p><strong>CLP-885<\/strong>\u00a0kh\u00f4ng ch\u1ec9 l\u00e0 m\u1ed9t c\u00e2y \u0111\u00e0n c\u00f3 ch\u1ea5t l\u01b0\u1ee3ng m\u00e0 c\u00f2n l\u00e0 m\u1ed9t m\u00f3n \u0111\u1ed3 n\u1ed9i th\u1ea5t cao c\u1ea5p. C\u00f3 c\u00e1c b\u1ea3n m\u00e0u nh\u01b0: \u0110en nh\u00e1m (B), \u0111en b\u00f3ng (PE), n\u00e2u \u0111en (R), X\u00e1m \u0111en (DW), Tr\u1eafng ng\u00e0 (WA), Tr\u1eafng (WH) v\u1edbi \u0111a d\u1ea1ng b\u1ea3ng m\u00e0u n\u00e0y s\u1ebd ph\u00f9 h\u1ee3p cho b\u1ea5t k\u1ef3 kh\u00f4ng gian n\u1ed9i th\u1ea5t n\u00e0o.<\/p>\n<p>CLP-885 \u0111\u01b0\u1ee3c thi\u1ebft k\u1ebf v\u1edbi c\u00e1c \u0111\u01b0\u1eddng cong nh\u1eb9 nh\u00e0ng t\u1ea1o c\u1ea3m gi\u00e1c m\u1ec1m m\u1ea1i c\u00e2n \u0111\u1ed1i.<\/p>\n<p>Ki\u1ec3u d\u00e1ng sang tr\u1ecdng nh\u1ecf g\u1ecdn \u2013 hi\u1ec7n \u0111\u1ea1i v\u1edbi gi\u00e1 nh\u1ea1c r\u1eddi linh ho\u1ea1t, c\u00f9ng v\u1edbi n\u1eafp tr\u01b0\u1ee3t b\u00e0n ph\u00edm ti\u1ec7n l\u1ee3i.<\/p>\n<p>M\u00e0n h\u00ecnh LED c\u1ee7a b\u1ea3ng \u0111i\u1ec1u khi\u1ec3n trong c\u00e1c m\u1eabu cao c\u1ea5p h\u01a1n \u0111\u01b0\u1ee3c thi\u1ebft k\u1ebf \u0111\u1ec3 t\u1eaft khi kh\u00f4ng s\u1eed d\u1ee5ng, lo\u1ea1i b\u1ecf c\u00e1c y\u1ebfu t\u1ed1 kh\u00f4ng c\u1ea7n thi\u1ebft kh\u1ecfi t\u1ea7m nh\u00ecn c\u1ee7a ng\u01b0\u1eddi ch\u01a1i.<\/p>\n<hr \/>\n<h3><strong>\u00c2M THANH CH\u1ea4T L\u01af\u1ee2NG CAO C\u1ee6A YAMAHA CLP-885<\/strong><\/h3>\n<figure id=\"attachment_7080\" class=\"wp-caption aligncenter\" aria-describedby=\"caption-attachment-7080\"><img decoding=\"async\" src=\"https:\/\/pianosol.vn\/wp-content\/uploads\/2023\/04\/CFX-Bosendorfer-1024x490.jpg\" \/><figcaption id=\"caption-attachment-7080\" class=\"wp-caption-text\"><em>YAMAHA CFX v\u00e0 BOSENDORFER<\/em><\/figcaption><\/figure>\n<p>C\u00f4ng c\u1ee5 \u00e2m thanh m\u1edbi c\u1ee7a Yamaha k\u1ebft h\u1ee3p v\u1edbi chip t\u1ea1o \u00e2m s\u00e1ng t\u1ea1o, mang \u0111\u1ebfn \u00e2m thanh phong ph\u00fa, bi\u1ec3u c\u1ea3m c\u1ee7a nh\u1eefng c\u00e2y \u0111\u00e0n piano n\u1ed5i ti\u1ebfng th\u1ebf gi\u1edbi, bao g\u1ed3m\u00a0<strong>Yamaha CFX<\/strong>\u00a0v\u00e0\u00a0<strong>B\u00f6sendorfer<\/strong>\u00a0Imperial.<\/p>\n<p>Ngo\u00e0i ra, c\u00f4ng ngh\u1ec7 M\u00f4 h\u00ecnh h\u00f3a bi\u1ec3u hi\u1ec7n l\u1edbn t\u00e1i t\u1ea1o ch\u00ednh x\u00e1c c\u00e1c t\u01b0\u01a1ng t\u00e1c ph\u1ee9c t\u1ea1p gi\u1eefa b\u00faa, d\u00e2y v\u00e0 b\u1ed9 gi\u1ea3m ch\u1ea5n, mang l\u1ea1i d\u1ea3i \u00e2m c\u1ef1c k\u1ef3 ch\u00e2n th\u1ef1c.<\/p>\n<p><strong>CLP885<\/strong>\u00a0c\u00f3 m\u1ed9t khung \u00e2m thanh s\u00e2u v\u00e0 nhi\u1ec1u l\u1edbp, m\u1ed9t \u00e2m thanh cho ph\u00e9p b\u1ea1n \u0111\u1ea9y t\u1ea5t c\u1ea3 c\u1ea3m x\u00fac c\u1ee7a m\u00ecnh v\u00e0o c\u00e1c ph\u00edm v\u00e0 c\u1ea3m nh\u1eadn ph\u1ea3n \u1ee9ng t\u1eeb c\u00e2y \u0111\u00e0n piano nh\u01b0 th\u1ec3 n\u00f3 \u0111ang tr\u1edf th\u00e0nh m\u1ed9t ph\u1ea7n c\u1ee7a b\u1ea1n.<\/p>\n<ul>\n<li>\n<h4><strong>M\u00d4 H\u00ccNH C\u1ed8NG H\u01af\u1edeNG \u1ea2O VRM\u00a0<\/strong><\/h4>\n<\/li>\n<\/ul>\n<figure id=\"attachment_6093\" class=\"wp-caption aligncenter\" aria-describedby=\"caption-attachment-6093\"><img decoding=\"async\" src=\"https:\/\/vn.yamaha.com\/vi\/files\/Modal18-24CLP-Technology_Behind_7243739f7e03f1c4c723d23d5b347f06.jpg?impolicy=resize&amp;imwid=400&amp;imhei=300\" \/><figcaption id=\"caption-attachment-6093\" class=\"wp-caption-text\"><em>M\u00f4 h\u00ecnh c\u1ed9ng h\u01b0\u1edfng \u1ea3o (VRM)<\/em><\/figcaption><\/figure>\n<p><strong>VRM<\/strong>\u00a0c\u1ea3i ti\u1ebfn c\u1ee7a Yamaha (M\u00f4 h\u00ecnh c\u1ed9ng h\u01b0\u1edfng \u1ea3o) l\u00e0 m\u1ed9t c\u00f4ng ngh\u1ec7 ti\u00ean ti\u1ebfn gi\u00fap t\u0103ng c\u01b0\u1eddng t\u00ednh hi\u1ec7n th\u1ef1c c\u1ee7a \u0111\u00e0n piano k\u1ef9 thu\u1eadt s\u1ed1 b\u1eb1ng c\u00e1ch sao ch\u00e9p c\u00e1c c\u1ed9ng h\u01b0\u1edfng v\u00e0 t\u01b0\u01a1ng t\u00e1c ph\u1ee9c t\u1ea1p \u0111\u01b0\u1ee3c t\u00ecm th\u1ea5y trong \u0111\u00e0n piano c\u01a1.<\/p>\n<p>Trong m\u1ed9t c\u00e2y \u0111\u00e0n piano c\u01a1, khi b\u1ea1n nh\u1ea5n m\u1ed9t ph\u00edm, d\u00e2y \u0111\u00e0n kh\u00f4ng ch\u1ec9 rung m\u00e0 c\u00f2n g\u00e2y ra c\u00e1c rung \u0111\u1ed9ng giao c\u1ea3m \u1edf c\u00e1c d\u00e2y kh\u00e1c v\u00e0 b\u1ea3ng \u00e2m thanh, t\u1ea1o ra \u00e2m thanh c\u1ed9ng h\u01b0\u1edfng th\u00e2n th\u1eadt.<\/p>\n<p><strong>VRM<\/strong>\u00a0\u0111\u01b0\u1ee3c c\u1ea3i ti\u1ebfn m\u00f4 ph\u1ecfng c\u00e1c t\u01b0\u01a1ng t\u00e1c n\u00e0y, cho ph\u00e9p tr\u1ea3i nghi\u1ec7m ch\u01a1i bi\u1ec3u c\u1ea3m h\u01a1n. N\u00f3 t\u00ednh \u0111\u1ebfn c\u00e1c y\u1ebfu t\u1ed1 nh\u01b0 th\u1eddi gian v\u00e0 c\u01b0\u1eddng \u0111\u1ed9 c\u1ee7a c\u00e1c l\u1ea7n nh\u1ea5n ph\u00edm v\u00e0 c\u00e1ch s\u1eed d\u1ee5ng pedal, t\u1ea1o ra \u00e2m vang \u0111\u00edch th\u1ef1c v\u00e0 c\u00e1c bi\u1ebfn th\u1ec3 \u00e2m s\u1eafc.<\/p>\n<p>\u0110i\u1ec1u n\u00e0y mang \u0111\u1ebfn \u00e2m thanh t\u1ef1 nhi\u00ean v\u00e0 ch\u00e2n th\u1eadt h\u01a1n, gi\u1ed1ng v\u1edbi tr\u1ea3i nghi\u1ec7m ch\u01a1i m\u1ed9t c\u00e2y \u0111\u00e0n piano c\u01a1 ch\u1ea5t l\u01b0\u1ee3ng cao.<\/p>\n<hr \/>\n<h3><strong>M\u1ed8T H\u1ec6 B\u00c0N PH\u00cdM GRAND PIANO CAO C\u1ea4P TR\u00caN YAMAHA CLP-885<\/strong><\/h3>\n<figure id=\"attachment_1496\" class=\"wp-caption aligncenter\" aria-describedby=\"caption-attachment-1496\"><img decoding=\"async\" src=\"https:\/\/pianosol.vn\/wp-content\/uploads\/2022\/01\/phim-yamaha-745.jpg\" \/><figcaption id=\"caption-attachment-1496\" class=\"wp-caption-text\"><em>Ph\u00edm Grand Touch<\/em><\/figcaption><\/figure>\n<p>\u0110\u1ed1i v\u1edbi b\u1ea5t k\u1ef3 c\u00e2y \u0111\u00e0n piano n\u00e0o b\u00e0n ph\u00edm l\u00e0 \u0111i\u1ec3m quan tr\u1ecdng nh\u1ea5t c\u1ee7a m\u1ed9t c\u00e2y \u0111\u00e0n piano v\u00e0\u00a0<strong>CLP-885<\/strong>\u00a0v\u01b0\u1ee3t tr\u1ed9i trong l\u0129nh v\u1ef1c n\u00e0y.<\/p>\n<p>D\u1ef1a tr\u00ean c\u00f4ng ngh\u1ec7 b\u00e0n ph\u00edm\u00a0<strong>GrandTouch<\/strong>\u00a0\u0111\u01b0\u1ee3c gi\u1edbi thi\u1ec7u l\u1ea7n \u0111\u1ea7u ti\u00ean trong d\u00f2ng\u00a0<strong>CLP-700<\/strong>,\u00a0<strong>CLP-885<\/strong>\u00a0s\u1edf h\u1eefu b\u00e0n ph\u00edm GrandTouchTM c\u00f3 c\u00e1c thu\u1eadt to\u00e1n v\u00e0 v\u1ecb tr\u00ed c\u1ea3m bi\u1ebfn m\u1edbi cung c\u1ea5p c\u1ea3m \u1ee9ng \u0111\u1eb7c bi\u1ec7t ch\u00ednh x\u00e1c v\u00e0 nh\u1ea1y h\u01a1n.<\/p>\n<ul>\n<li><strong>B\u00c0N PH\u00cdM YAMAHA\u00a0GRANDTOUCH\u2122<\/strong><\/li>\n<\/ul>\n<p>B\u00e0n ph\u00edm\u00a0<strong>GrandTouch<\/strong>\u00a0v\u1edbi b\u00e0n ph\u00edm b\u1eb1ng g\u1ed7 mun v\u00e0 ng\u00e0 t\u1ed5ng h\u1ee3p, c\u00f3 c\u00e1c ph\u00edm m\u00e0u tr\u1eafng b\u1eb1ng g\u1ed7, b\u1ed9 tho\u00e1t v\u00e0 B\u00faa ph\u00e2n lo\u1ea1i tuy\u1ebfn t\u00ednh 88 ph\u00edm, mang \u0111\u1ebfn tr\u1ea3i nghi\u1ec7m ch\u01a1i piano ch\u00e2n th\u1ef1c \u0111\u00e1ng kinh ng\u1ea1c.<\/p>\n<p>B\u00e0n ph\u00edm g\u1ed7 mun v\u00e0 ng\u00e0 voi t\u1ed5ng h\u1ee3p cung c\u1ea5p b\u1ec1 m\u1eb7t x\u00fac gi\u00e1c gi\u1ed1ng v\u1edbi k\u1ebft c\u1ea5u v\u00e0 \u0111\u1eb7c t\u00ednh h\u1ea5p th\u1ee5 \u0111\u1ed9 \u1ea9m c\u1ee7a c\u00e1c ph\u00edm Grand piano, \u0111\u1ea3m b\u1ea3o c\u1ea3m gi\u00e1c tho\u1ea3i m\u00e1i v\u00e0 kh\u00f4ng tr\u01a1n tr\u01b0\u1ee3t. C\u00e1c ph\u00edm g\u1ed7 m\u00e0u tr\u1eafng t\u0103ng c\u01b0\u1eddng c\u1ea3m gi\u00e1c t\u1ef1 nhi\u00ean, mang l\u1ea1i h\u00e0nh \u0111\u1ed9ng c\u00e2n b\u1eb1ng v\u00e0 nh\u1ea1y b\u00e9n.<\/p>\n<p>C\u01a1 ch\u1ebf tho\u00e1t t\u00e1i t\u1ea1o c\u1ea3m gi\u00e1c tinh t\u1ebf khi nh\u1ea5n nh\u1eb9 c\u00e1c ph\u00edm, gi\u1ed1ng nh\u01b0 trong m\u1ed9t c\u00e2y \u0111\u00e0n piano c\u01a1, cho ph\u00e9p ch\u01a1i th\u1ec3 hi\u1ec7n \u0111\u1ea7y \u0111\u1ee7 m\u1ecdi s\u1eafc th\u00e1i d\u00f9 l\u00e0 kh\u00f3 nh\u1ea5t.<\/p>\n<figure id=\"attachment_1471\" class=\"wp-caption aligncenter\" aria-describedby=\"caption-attachment-1471\"><img decoding=\"async\" src=\"https:\/\/vn.yamaha.com\/vi\/files\/19-24CLP-Feature_e93ae5d79f54743e3c4b10190c62495f.jpg?impolicy=resize&amp;imwid=770&amp;imhei=578\" \/><figcaption id=\"caption-attachment-1471\" class=\"wp-caption-text\"><em>Grand Touch<\/em><\/figcaption><\/figure>\n<p>H\u1ec7 th\u1ed1ng 88 ph\u00edm Linear Graded Hammer \u0111\u1ea3m b\u1ea3o r\u1eb1ng m\u1ed7i ph\u00edm c\u00f3 tr\u1ecdng l\u01b0\u1ee3ng, t\u00e1i t\u1ea1o c\u1ea3m gi\u00e1c n\u1eb7ng h\u01a1n c\u1ee7a c\u00e1c n\u1ed1t tr\u1ea7m v\u00e0 nh\u1eb9 h\u01a1n c\u1ee7a c\u00e1c n\u1ed1t \u00e2m cao, mang l\u1ea1i c\u1ea3m gi\u00e1c b\u00e0n ph\u00edm ch\u00e2n th\u1ef1c v\u00e0 bi\u1ec3u c\u1ea3m h\u01a1n.<\/p>\n<p>S\u1ef1 k\u1ebft h\u1ee3p c\u00e1c t\u00ednh n\u0103ng n\u00e0y l\u00e0m cho b\u00e0n ph\u00edm GrandTouch tr\u1edf th\u00e0nh m\u1ed9t l\u1ef1a ch\u1ecdn tuy\u1ec7t v\u1eddi cho c\u00e1c ngh\u1ec7 s\u0129 piano<\/p>\n<p>\u0110\u1ed1i tr\u1ecdng gi\u00fap c\u00e2n b\u1eb1ng tr\u1ecdng l\u01b0\u1ee3ng v\u00e0 c\u1ea3i thi\u1ec7n ph\u1ea3n \u1ee9ng c\u1ea3m \u1ee9ng c\u1ee7a c\u00e1c ph\u00edm, l\u00e0m cho tr\u1ea3i nghi\u1ec7m ch\u01a1i gi\u1ed1ng v\u1edbi tr\u1ea3i nghi\u1ec7m c\u1ee7a m\u1ed9t c\u00e2y \u0111\u00e0n piano grand<\/p>\n<p>B\u1eb1ng c\u00e1ch \u0111\u1eb7t c\u00e1c tr\u1ecdng l\u01b0\u1ee3ng nh\u1ecf b\u00ean trong c\u00e1c ph\u00edm m\u1ed9t c\u00e1ch chi\u1ebfn l\u01b0\u1ee3c, c\u00e1c \u0111\u1ed1i tr\u1ecdng cung c\u1ea5p kh\u1ea3 n\u0103ng ch\u1ed1ng ch\u1ecbu \u0111\u1ed3ng \u0111\u1ec1u v\u00e0 nh\u1ea5t qu\u00e1n h\u01a1n tr\u00ean to\u00e0n b\u1ed9 b\u00e0n ph\u00edm. \u0110i\u1ec1u n\u00e0y \u0111\u1ea3m b\u1ea3o r\u1eb1ng c\u00e1c ph\u00edm kh\u00f4ng qu\u00e1 nh\u1eb9 ho\u1eb7c qu\u00e1 n\u1eb7ng, cho ph\u00e9p ki\u1ec3m so\u00e1t t\u1ed1t h\u01a1n.<\/p>\n<p>Kh\u1ed1i l\u01b0\u1ee3ng \u0111\u01b0\u1ee3c th\u00eam v\u00e0o gi\u00fap \u0111\u1ea1t \u0111\u01b0\u1ee3c c\u1ea3m \u1ee9ng m\u01b0\u1ee3t m\u00e0 v\u00e0 c\u00e2n b\u1eb1ng h\u01a1n, \u0111\u1eb7c bi\u1ec7t l\u00e0 \u1edf nh\u1eefng \u0111o\u1ea1n nhanh h\u01a1n v\u00e0 khi ch\u01a1i v\u1edbi c\u00e1c m\u1ee9c \u00e1p l\u1ef1c kh\u00e1c nhau. Nh\u00ecn chung, \u0111\u1ed1i tr\u1ecdng g\u00f3p ph\u1ea7n mang l\u1ea1i tr\u1ea3i nghi\u1ec7m ch\u01a1i th\u1ef1c t\u1ebf v\u00e0 th\u00fa v\u1ecb h\u01a1n, cho ph\u00e9p c\u00e1c ngh\u1ec7 s\u0129 piano th\u1ef1c hi\u1ec7n c\u00e1c k\u1ef9 thu\u1eadt c\u1ee7a h\u1ecd v\u1edbi \u0111\u1ed9 ch\u00ednh x\u00e1c v\u00e0 tho\u1ea3i m\u00e1i cao h\u01a1n.<\/p>\n<p>Nh\u1eefng c\u1ea3i ti\u1ebfn n\u00e0y \u0111\u1ea3m b\u1ea3o r\u1eb1ng ng\u01b0\u1eddi ch\u01a1i tr\u1ea3i nghi\u1ec7m nh\u1eefng c\u1ea3m gi\u00e1c t\u01b0\u01a1ng t\u1ef1 nh\u01b0 ch\u01a1i m\u1ed9t c\u00e2y \u0111\u00e0n piano grand concert<\/p>\n<p>Pedal gi\u1ea3m ch\u1ea5n, m\u1ed9t th\u00e0nh ph\u1ea7n quan tr\u1ecdng \u0111\u1ec3 ch\u01a1i bi\u1ec3u c\u1ea3m, c\u0169ng \u0111\u00e3 \u0111\u01b0\u1ee3c n\u00e2ng c\u1ea5p.<\/p>\n<hr \/>\n<h3><strong>C\u00c1C T\u00cdNH N\u0102NG HI\u1ec6N \u0110\u1ea0I \u0110\u01af\u1ee2C T\u00cdCH H\u1ee2P T\u1ea0O H\u1ee8NG TH\u00da KHI S\u1eec D\u1ee4NG \u0110\u00c0N<\/strong><\/h3>\n<figure id=\"attachment_10159\" class=\"wp-caption aligncenter\" aria-describedby=\"caption-attachment-10159\"><img decoding=\"async\" src=\"https:\/\/vn.yamaha.com\/vi\/files\/09-24CLP-Feature_b25dd43f3a637ab182360eb3a1a7185d.jpg?impolicy=resize&amp;imwid=770&amp;imhei=578\" \/><figcaption id=\"caption-attachment-10159\" class=\"wp-caption-text\"><em>T\u00ednh n\u0103ng Bluetooth<\/em><\/figcaption><\/figure>\n<p><strong>Yamaha CLP-885<\/strong>\u00a0\u0111\u01b0\u1ee3c trang b\u1ecb nh\u1eefng t\u00ednh n\u0103ng cao c\u1ea5p b\u1eadc nh\u1ea5t c\u1ee7a m\u1ed9t c\u00e2y \u0111\u00e0n piano \u0111i\u1ec7n hi\u1ec7n nay<\/p>\n<p>B\u1ea3ng \u0111i\u1ec1u khi\u1ec3n c\u1ea3m bi\u1ebfn c\u1ea3m \u1ee9ng tr\u1ef1c quan v\u00e0 m\u00e0n h\u00ecnh LCD s\u00e1ng \u0111\u1ea3m b\u1ea3o r\u1eb1ng giao di\u1ec7n ng\u01b0\u1eddi d\u00f9ng \u0111\u01a1n gi\u1ea3n v\u00e0 d\u1ec5 \u0111i\u1ec1u h\u01b0\u1edbng.<\/p>\n<p>M\u1ed9t trong nh\u1eefng n\u00e2ng c\u1ea5p quan tr\u1ecdng l\u00e0\u00a0<strong>Grand Acoustic Imaging<\/strong>, gi\u00fap t\u1ed1i \u01b0u h\u00f3a v\u1ecb tr\u00ed loa v\u00e0 b\u1ee9c x\u1ea1 \u00e2m thanh \u0111\u1ec3 t\u1ea1o ra tr\u1ea3i nghi\u1ec7m th\u00ednh gi\u00e1c cao c\u1ea5p nh\u1ea5t.<\/p>\n<p>C\u00f4ng ngh\u1ec7 n\u00e0y, k\u1ebft h\u1ee3p v\u1edbi b\u1ed9 khu\u1ebfch t\u00e1n m\u1edbi, h\u01b0\u1edbng d\u1eabn s\u00f3ng v\u00e0 c\u00f2i hai chi\u1ec1u, m\u00f4 ph\u1ecfng tr\u01b0\u1eddng \u00e2m thanh t\u1ef1 nhi\u00ean c\u1ee7a m\u1ed9t c\u00e2y \u0111\u00e0n piano l\u1edbn.<\/p>\n<p>CLP885 c\u0169ng h\u1ed7 tr\u1ee3 <strong>AUDIO Bluetooth<\/strong>\u00a0v\u00e0\u00a0<strong>MIDI<\/strong>\u00a0\u0111\u1ec3 k\u1ebft n\u1ed1i kh\u00f4ng d\u00e2y, v\u00e0 n\u00f3 bao g\u1ed3m h\u01a1n 350 b\u00e0i h\u00e1t v\u00e0 b\u00e0i h\u1ecdc c\u00f3 th\u1ec3 \u0111\u01b0\u1ee3c truy c\u1eadp th\u00f4ng qua \u1ee9ng d\u1ee5ng Smart Pianist.<\/p>\n<p>S\u1ef1 t\u00edch h\u1ee3p n\u00e0y l\u00e0m cho vi\u1ec7c h\u1ecdc v\u00e0 ch\u01a1i tr\u1edf n\u00ean h\u1ea5p d\u1eabn v\u00e0 th\u00fa v\u1ecb h\u01a1n.<\/p>\n<hr \/>\n<h3><strong>VIDEO REVIEW YAMAHA CLP800<\/strong><\/h3>\n<p><iframe title=\"Yamaha CLP-800 Series Overview\" src=\"https:\/\/www.youtube.com\/embed\/a4IFqGwv2jA\" width=\"950\" height=\"534\" frameborder=\"0\" allowfullscreen=\"allowfullscreen\" data-mce-fragment=\"1\"><\/iframe><\/p>\n<hr \/>\n<h3><strong>TH\u00d4NG S\u1ed0 K\u1ef8 THU\u1eacT YAMAHA CLP 885 V\u00c0 C\u00c1C MODEL CLP800<\/strong><\/h3>\n<figure id=\"attachment_10165\" class=\"wp-caption aligncenter\" aria-describedby=\"caption-attachment-10165\"><img decoding=\"async\" src=\"https:\/\/pianosol.vn\/wp-content\/uploads\/2024\/06\/CLP800-2.jpg\" \/><figcaption id=\"caption-attachment-10165\" class=\"wp-caption-text\"><em>Th\u00f4ng s\u1ed1 k\u1ef9 thu\u1eadt Yamaha CLP800<br \/>\n<\/em><\/p>\n<div data-id=\"9ly1xDmkO1M\" data-query=\"\" data-src=\"https:\/\/www.youtube.com\/embed\/9ly1xDmkO1M\"><a href=\"https:\/\/www.facebook.com\/anpiano.saigon\" target=\"_blank\" rel=\"noopener\">T\u01b0 v\u1ea5n v\u00e0 ch\u1ecdn mua s\u1ea3n ph\u1ea9m kh\u00e1c t\u1ea1i \u0111\u00e2y<\/a><\/div>\n<div data-id=\"9ly1xDmkO1M\" data-query=\"\" data-src=\"https:\/\/www.youtube.com\/embed\/9ly1xDmkO1M\"><a href=\"http:\/\/thumuapiano.com\/\" target=\"_blank\" rel=\"noopener\">Ch\u00fang t\u00f4i nh\u1eadn thu mua Piano, h\u00e3y li\u00ean h\u1ec7 n\u1ebfu b\u1ea1n c\u00f3 nhu c\u1ea7u.<\/a><\/div>\n<\/figcaption><\/figure>\n","protected":false},"excerpt":{"rendered":"<ul>\n<li>B\u1ea3o h\u00e0nh 24 th\u00e1ng\u00a0<a href=\"https:\/\/anpiano.com\/chinh-sach-bao-hanh\/\">xem th\u00eam<\/a><\/li>\n<li>Gh\u1ebf<\/li>\n<li>Kh\u0103n ph\u1ee7 ph\u00edm<\/li>\n<li>\u0110\u1ed5i ngu\u1ed3n 220V<\/li>\n<li>Freeship HCM \u2013 HN \u2013 \u0110N \u2013 NT \u2013 BMT<\/li>\n<li>Kh\u00f3a h\u1ecdc online<\/li>\n<\/ul>\n","protected":false},"featured_media":12885,"comment_status":"open","ping_status":"closed","template":"","meta":[],"product_cat":[17,129],"product_tag":[1516,1520,1519,1518],"class_list":{"0":"post-12884","1":"product","2":"type-product","3":"status-publish","4":"has-post-thumbnail","6":"product_cat-piano-dan-dien","7":"product_cat-ya-ma-ha","8":"product_tag-clp-885","9":"product_tag-clp-885-mau-trang","10":"product_tag-clp-885wh","11":"product_tag-yamaha-clp-885wh","13":"first","14":"instock","15":"sale","16":"shipping-taxable","17":"purchasable","18":"product-type-simple"},"jetpack_sharing_enabled":true,"_links":{"self":[{"href":"https:\/\/anpiano.com\/index.php?rest_route=\/wp\/v2\/product\/12884"}],"collection":[{"href":"https:\/\/anpiano.com\/index.php?rest_route=\/wp\/v2\/product"}],"about":[{"href":"https:\/\/anpiano.com\/index.php?rest_route=\/wp\/v2\/types\/product"}],"replies":[{"embeddable":true,"href":"https:\/\/anpiano.com\/index.php?rest_route=%2Fwp%2Fv2%2Fcomments&post=12884"}],"version-history":[{"count":3,"href":"https:\/\/anpiano.com\/index.php?rest_route=\/wp\/v2\/product\/12884\/revisions"}],"predecessor-version":[{"id":13990,"href":"https:\/\/anpiano.com\/index.php?rest_route=\/wp\/v2\/product\/12884\/revisions\/13990"}],"wp:featuredmedia":[{"embeddable":true,"href":"https:\/\/anpiano.com\/index.php?rest_route=\/wp\/v2\/media\/12885"}],"wp:attachment":[{"href":"https:\/\/anpiano.com\/index.php?rest_route=%2Fwp%2Fv2%2Fmedia&parent=12884"}],"wp:term":[{"taxonomy":"product_cat","embeddable":true,"href":"https:\/\/anpiano.com\/index.php?rest_route=%2Fwp%2Fv2%2Fproduct_cat&post=12884"},{"taxonomy":"product_tag","embeddable":true,"href":"https:\/\/anpiano.com\/index.php?rest_route=%2Fwp%2Fv2%2Fproduct_tag&post=12884"}],"curies":[{"name":"wp","href":"https:\/\/api.w.org\/{rel}","templated":true}]}}