{"id":12901,"date":"2025-02-23T13:58:10","date_gmt":"2025-02-23T06:58:10","guid":{"rendered":"https:\/\/anpiano.com\/?post_type=product&#038;p=12901"},"modified":"2025-09-25T17:01:57","modified_gmt":"2025-09-25T10:01:57","slug":"roland-f140r","status":"publish","type":"product","link":"https:\/\/anpiano.com\/?product=roland-f140r","title":{"rendered":"Roland F140R"},"content":{"rendered":"<h2><strong>PIANO ROLAND F140R<\/strong><\/h2>\n<h4><strong><a href=\"https:\/\/anpiano.com\/danh-muc\/piano-dan-dien\/ro-land\/\" target=\"_blank\" rel=\"noopener\"><em>Piano Roland F140<\/em><\/a>R\u00a0 l\u00e0 m\u1ed9t c\u00e2y \u0111\u00e0n piano k\u1ef9 thu\u1eadt s\u1ed1 \u0111\u01b0\u1ee3c ch\u1ebf t\u1ea1o cho cu\u1ed9c s\u1ed1ng hi\u1ec7n \u0111\u1ea1i. V\u1edbi thi\u1ebft k\u1ebf hi\u1ec7n \u0111\u1ea1i, nh\u1ecf g\u1ecdn, ho\u00e0n h\u1ea3o cho c\u00e1c c\u0103n h\u1ed9 nh\u1ecf h\u01a1n, n\u00f3 c\u0169ng \u0111\u01b0\u1ee3c trang b\u1ecb c\u00f4ng ngh\u1ec7 h\u1eefu \u00edch t\u1eeb c\u00f4ng ty h\u00e0ng \u0111\u1ea7u v\u1ec1 \u0111\u1ed5i m\u1edbi piano k\u1ef9 thu\u1eadt s\u1ed1. \u0110\u1ea7u ti\u00ean, b\u1ea1n s\u1ebd \u0111\u01b0\u1ee3c tr\u1ea3i nghi\u1ec7m giai \u0111i\u1ec7u piano ch\u00e2n th\u1ef1c, bi\u1ec3u c\u1ea3m, kh\u00f4ng c\u00f3 g\u00ec \u0111\u00e1ng ch\u00fa \u00fd \u0111\u1ed1i v\u1edbi m\u1ed9t nh\u1ea1c c\u1ee5 nh\u1ecf g\u1ecdn v\u00e0 gi\u00e1 c\u1ea3 ph\u1ea3i ch\u0103ng nh\u01b0 v\u1eady. Loa \u00e2m thanh n\u1ed5i t\u00edch h\u1ee3p ph\u00e1t ra \u00e2m thanh phong ph\u00fa, \u0111\u1ea7y \u0111\u1ee7, trong khi hi\u1ec7u \u1ee9ng Tai nghe 3D Ambience ho\u00e0n to\u00e0n khi\u1ebfn b\u1ea1n \u0111\u1eafm ch\u00ecm trong m\u00e0n tr\u00ecnh di\u1ec5n c\u1ee7a m\u00ecnh trong khi luy\u1ec7n t\u1eadp ri\u00eang. Nh\u1ea1c \u0111\u1ec7m theo nh\u1ecbp t\u00edch h\u1ee3p gi\u00fap vi\u1ec7c ch\u01a1i tr\u1edf n\u00ean th\u00fa v\u1ecb h\u01a1n, cho ph\u00e9p b\u1ea1n ki\u1ec3m so\u00e1t m\u1ed9t ban nh\u1ea1c \u0111\u1ec7m t\u1ef1 \u0111\u1ed9ng theo c\u00e1c h\u1ee3p \u00e2m b\u1ea1n ch\u01a1i. <em>Piano Roland F140R<\/em>\u00a0c\u0169ng c\u00f3 th\u1ec3 gi\u00fap c\u1ea3i thi\u1ec7n kh\u1ea3 n\u0103ng ch\u01a1i v\u00e0 s\u00e1ng t\u00e1c c\u1ee7a b\u1ea1n, v\u1edbi t\u00ednh n\u0103ng ghi \u00e2m t\u00edch h\u1ee3p, BluetoothK\u1ebft n\u1ed1i \u0111\u1ec3 s\u1eed d\u1ee5ng v\u1edbi c\u00e1c \u1ee9ng d\u1ee5ng \u0111i\u1ec3m nh\u1ea1c v\u00e0 c\u1ed5ng USB \u0111\u1ec3 k\u1ebft n\u1ed1i v\u1edbi m\u00e1y t\u00ednh.<\/strong><\/h4>\n<h3><strong>Nh\u1eefng \u0111\u1eb7c \u0111i\u1ec3m n\u1ed1i b\u1eadt c\u1ee7a \u0111\u00e0n Piano Roland F140R<\/strong><\/h3>\n<h4><strong>Hi\u1ec7u su\u1ea5t piano cao c\u1ea5p cho kh\u00f4ng gian s\u1ed1ng nh\u1ecf g\u1ecdn<\/strong><\/h4>\n<p>N\u1ebfu b\u1ea1n s\u1ed1ng trong m\u1ed9t c\u0103n h\u1ed9 v\u00e0 mu\u1ed1n mang m\u1ed9t c\u00e2y \u0111\u00e0n piano ch\u1ea5t l\u01b0\u1ee3ng v\u00e0o cu\u1ed9c s\u1ed1ng c\u1ee7a m\u00ecnh,\u00a0<em><strong>Piano Roland F140R <\/strong><\/em>l\u00e0 d\u00e0nh cho b\u1ea1n. C\u00e1c t\u00ednh n\u0103ng \u00e2m thanh, h\u00e0nh \u0111\u1ed9ng v\u00e0 c\u00f4ng ngh\u1ec7 \u0111\u01b0\u1ee3c \u0111\u00e1nh gi\u00e1 cao c\u1ee7a Roland mang \u0111\u1ebfn hi\u1ec7u su\u1ea5t piano cao c\u1ea5p v\u1edbi k\u00edch th\u01b0\u1edbc v\u1eeba v\u1eb7n trong kh\u00f4ng gian ch\u1eadt h\u1eb9p. V\u1ebb ngo\u00e0i tinh t\u1ebf nh\u01b0ng v\u1eabn thanh l\u1ecbch c\u1ee7a\u00a0<em><strong>Piano Roland F140R<\/strong><\/em> l\u00e0 l\u00fd t\u01b0\u1edfng cho cu\u1ed9c s\u1ed1ng hi\u1ec7n \u0111\u1ea1i v\u00e0 s\u1ef1 l\u1ef1a ch\u1ecdn c\u1ee7a b\u1ea1n v\u1ec1 m\u00e0u tr\u1eafng ho\u1eb7c m\u00e0u \u0111en \u0111\u01b0\u01a1ng \u0111\u1ea1i cho ph\u00e9p b\u1ea1n k\u1ebft h\u1ee3p ho\u00e0n h\u1ea3o chi\u1ebfc \u0111\u00e0n v\u1edbi phong c\u00e1ch v\u00e0 trang tr\u00ed c\u1ee7a b\u1ea1n. C\u00f3 ch\u1ee9c n\u0103ng nh\u01b0 m\u1ed9t ph\u1ea7n c\u00f2n l\u1ea1i c\u1ee7a \u00e2m nh\u1ea1c khi m\u1edf, thi\u1ebft k\u1ebf n\u1eafp \u0111\u1ed9c \u0111\u00e1o c\u1ee7a F-140R \u0111\u00f3ng l\u1ea1i \u0111\u1ec3 che ho\u00e0n to\u00e0n b\u00e0n ph\u00edm, mang l\u1ea1i v\u1ebb ngo\u00e0i th\u1ea5p b\u00e9 khi kh\u00f4ng s\u1eed d\u1ee5ng \u0111\u00e0n.<\/p>\n<h4><strong>C\u00e1c c\u00f4ng ngh\u1ec7 h\u00e0ng \u0111\u1ea7u c\u1ee7a Roland mang l\u1ea1i tr\u1ea3i nghi\u1ec7m Piano cao c\u1ea5p<\/strong><\/h4>\n<p>V\u1edbi ch\u1ea5t l\u01b0\u1ee3ng c\u1ea5u t\u1ea1o v\u01b0\u1ee3t tr\u1ed9i v\u00e0 c\u00f4ng ngh\u1ec7 ti\u00ean ti\u1ebfn v\u01b0\u1ee3t xa c\u00e1c nh\u1ea1c c\u1ee5 kh\u00e1c trong c\u00f9ng m\u1ee9c gi\u00e1,\u00a0<em><strong>Piano Roland F140R<\/strong><\/em>\u00a0l\u00e0 m\u1ed9t nh\u1ea1c c\u1ee5 nghi\u00eam t\u00fac s\u1ebd k\u00e9o d\u00e0i b\u1ea1n qua nhi\u1ec1u n\u0103m ph\u00e1t tri\u1ec3n \u00e2m nh\u1ea1c v\u00e0 th\u01b0\u1edfng th\u1ee9c piano. \u0110\u1ed9ng c\u01a1 \u00e2m thanh SuperNATURAL Piano c\u1ee7a Roland mang \u0111\u1ebfn \u00e2m thanh phong ph\u00fa, ph\u1ee9c t\u1ea1p c\u1ee7a m\u1ed9t c\u00e2y \u0111\u00e0n acoustic grand, mang \u0111\u1ebfn tr\u1ea3i nghi\u1ec7m ch\u01a1i th\u1ef1c s\u1ef1 \u0111\u00e1ng kinh ng\u1ea1c. B\u00e0n ph\u00edm ti\u00eau chu\u1ea9n PHA-4 k\u1ebf th\u1eeba k\u1ebft c\u1ea5u Progressive Hammer Action v\u00e0 Ivory Feel c\u1ee7a b\u00e0n ph\u00edm \u0111\u01b0\u1ee3c t\u00ecm th\u1ea5y trong c\u00e1c c\u00e2y \u0111\u00e0n piano cao c\u1ea5p c\u1ee7a ch\u00fang t\u00f4i, \u0111\u1ed3ng th\u1eddi bao g\u1ed3m c\u00f4ng ngh\u1ec7 c\u1ea3m bi\u1ebfn ti\u00ean ti\u1ebfn \u0111\u1ec3 t\u1eadn d\u1ee5ng to\u00e0n b\u1ed9 d\u1ea3i \u00e2m kh\u1ed5ng l\u1ed3 c\u1ee7a SuperNATURAL Piano.<\/p>\n<h4><strong>Nh\u1eefng c\u1ee5m ch\u1ee9c n\u0103ng th\u00f4ng minh<\/strong><\/h4>\n<p>V\u1edbi ch\u1ee9c n\u0103ng nh\u1ecbp \u0111i\u1ec7u t\u00edch h\u1ee3p,\u00a0<em><strong>Piano Roland F140R<\/strong><\/em> mang \u0111\u1ebfn cho b\u1ea1n kh\u1ea3 n\u0103ng ch\u01a1i v\u00e0 luy\u1ec7n t\u1eadp \u00e2m nh\u1ea1c c\u00f9ng v\u1edbi m\u1ed9t d\u00e0n nh\u1ea1c \u0111\u1ec7m tuy\u1ec7t \u0111\u1eb9p. C\u00e1c nh\u1ecbp \u0111i\u1ec7u c\u1ef1c k\u1ef3 d\u1ec5 s\u1eed d\u1ee5ng, cung c\u1ea5p s\u1ef1 h\u1ed7 tr\u1ee3 th\u00f4ng minh t\u1ef1 \u0111\u1ed9ng theo c\u00e1c h\u1ee3p \u00e2m b\u1ea1n ch\u01a1i. 72 phong c\u00e1ch nh\u1ecbp \u0111i\u1ec7u kh\u00e1c nhau bao g\u1ed3m nhi\u1ec1u th\u1ec3 lo\u1ea1i \u00e2m nh\u1ea1c \u0111a d\u1ea1ng, t\u1eeb rock v\u00e0 jazz \u0111\u1ebfn Latin, reggae, phong c\u00e1ch \u0111i\u1ec7n t\u1eed hi\u1ec7n \u0111\u1ea1i v\u00e0 nhi\u1ec1u th\u1ec3 lo\u1ea1i kh\u00e1c. Ngo\u00e0i ni\u1ec1m vui khi luy\u1ec7n t\u1eadp v\u00e0 bi\u1ec3u di\u1ec5n v\u1edbi \u00e2m thanh to\u00e0n d\u1ea3i, nh\u1ecbp \u0111i\u1ec7u gi\u00fap x\u00e2y d\u1ef1ng k\u1ef9 n\u0103ng t\u00ednh th\u1eddi gian c\u1ee7a b\u1ea1n theo c\u00e1ch h\u1ea5p d\u1eabn h\u01a1n nhi\u1ec1u so v\u1edbi ch\u1ee9c n\u0103ng m\u00e1y \u0111\u1ebfm nh\u1ecbp ti\u00eau chu\u1ea9n.\u00a0 Ch\u01a1i theo nh\u1ecbp \u0111i\u1ec7u c\u0169ng mang l\u1ea1i c\u01a1 h\u1ed9i tuy\u1ec7t v\u1eddi \u0111\u1ec3 kh\u00e1m ph\u00e1 vi\u1ec7c t\u1ea1o ra \u00e2m nh\u1ea1c v\u1edbi b\u1ed9 s\u01b0u t\u1eadp \u00e2m thanh kh\u00f4ng ph\u1ea3i piano c\u1ee7a\u00a0 <em><strong>Piano Roland F140R<\/strong><\/em>,\u00a0 ch\u1eb3ng h\u1ea1n nh\u01b0 organ, guitar, k\u00e8n \u0111\u1ed3ng, synths, v.v.<\/p>\n<p><img fetchpriority=\"high\" decoding=\"async\" class=\"alignnone wp-image-12904 size-medium\" src=\"https:\/\/anpiano.com\/wp-content\/uploads\/2025\/02\/1a2f5ba11f49a117f85810-300x300.jpg\" alt=\"Roland F140R\" width=\"300\" height=\"300\" srcset=\"https:\/\/anpiano.com\/wp-content\/uploads\/2025\/02\/1a2f5ba11f49a117f85810-300x300.jpg 300w, https:\/\/anpiano.com\/wp-content\/uploads\/2025\/02\/1a2f5ba11f49a117f85810-1024x1024.jpg 1024w, https:\/\/anpiano.com\/wp-content\/uploads\/2025\/02\/1a2f5ba11f49a117f85810-150x150.jpg 150w, https:\/\/anpiano.com\/wp-content\/uploads\/2025\/02\/1a2f5ba11f49a117f85810-768x768.jpg 768w, https:\/\/anpiano.com\/wp-content\/uploads\/2025\/02\/1a2f5ba11f49a117f85810-1536x1536.jpg 1536w, https:\/\/anpiano.com\/wp-content\/uploads\/2025\/02\/1a2f5ba11f49a117f85810-2048x2048.jpg 2048w, https:\/\/anpiano.com\/wp-content\/uploads\/2025\/02\/1a2f5ba11f49a117f85810-510x510.jpg 510w, https:\/\/anpiano.com\/wp-content\/uploads\/2025\/02\/1a2f5ba11f49a117f85810-100x100.jpg 100w\" sizes=\"(max-width: 300px) 100vw, 300px\" \/><\/p>\n<h4><strong>K\u1ebft n\u1ed1i smartphone ho\u1eb7c tablet v\u1edbi c\u00f4ng ngh\u1ec7 Bluetooth v\u00e0 s\u1eed d\u1ee5ng c\u00e1c \u1ee9ng d\u1ee5ng \u0111\u1ec3 h\u1ecdc t\u1eadp d\u1ec5 d\u00e0ng<\/strong><\/h4>\n<p>C\u00e1ch m\u1ecdi ng\u01b0\u1eddi h\u1ecdc piano \u0111ang thay \u0111\u1ed5i nh\u1edd \u0111i\u1ec7n tho\u1ea1i th\u00f4ng minh v\u00e0 m\u00e1y t\u00ednh b\u1ea3ng. Cho d\u00f9 b\u1ea1n \u0111\u1eb7t h\u00e0ng c\u00e1c b\u1ea3n nh\u1ea1c c\u1ee7a m\u00ecnh t\u1eeb m\u1ed9t c\u1eeda h\u00e0ng tr\u1ef1c tuy\u1ebfn nh\u01b0 Sheet Music Direct hay b\u1ea1n th\u00edch c\u00e1ch ti\u1ebfp c\u1eadn n\u00e2ng cao h\u01a1n,\u00a0<em><strong>Piano Roland F140R<\/strong><\/em>\u00a0ph\u00f9 h\u1ee3p v\u1edbi c\u00e1ch b\u1ea1n mu\u1ed1n ch\u01a1i. S\u1eed d\u1ee5ng c\u00e1c \u1ee9ng d\u1ee5ng iOS nh\u01b0 PiaScore cho ph\u00e9p truy c\u1eadp mi\u1ec5n ph\u00ed h\u01a1n 70.000 b\u1ea3n nh\u1ea1c c\u1ed5 \u0111i\u1ec3n &#8211; v\u00e0 b\u1eb1ng c\u00e1ch nh\u1ea5n b\u00e0n \u0111\u1ea1p c\u1ee7a \u0111\u00e0n piano, b\u1ea1n th\u1eadm ch\u00ed c\u00f3 th\u1ec3 l\u1eadt c\u00e1c trang c\u1ee7a b\u1ea3n nh\u1ea1c tr\u00ean m\u00e0n h\u00ecnh iPad \/ iPhone c\u1ee7a m\u00ecnh.<\/p>\n<h4><strong>H\u1ecdc n\u00e2ng cao v\u00e0 th\u01b0\u1edfng th\u1ee9c qua c\u00f4ng ngh\u1ec7 s\u1ed1<\/strong><\/h4>\n<p>C\u00f4ng ngh\u1ec7 k\u1ef9 thu\u1eadt s\u1ed1 m\u1ea1nh m\u1ebd b\u00ean trong\u00a0<em><strong>Piano Roland F140R<\/strong><\/em> gi\u00fap b\u1ea1n d\u1ec5 d\u00e0ng mang ni\u1ec1m vui \u00e2m nh\u1ea1c v\u00e0o cu\u1ed9c s\u1ed1ng b\u1eadn r\u1ed9n c\u1ee7a m\u00ecnh. M\u1ed9t c\u00e2y \u0111\u00e0n piano k\u1ef9 thu\u1eadt s\u1ed1 kh\u00f4ng bao gi\u1edd c\u1ea7n \u0111i\u1ec1u ch\u1ec9nh v\u00e0 lu\u00f4n cho \u00e2m thanh ho\u00e0n h\u1ea3o, lo\u1ea1i b\u1ecf chi ph\u00ed h\u00e0ng n\u0103m \u0111i k\u00e8m v\u1edbi vi\u1ec7c b\u1ea3o tr\u00ec th\u01b0\u1eddng xuy\u00ean cho m\u1ed9t c\u00e2y \u0111\u00e0n piano c\u01a1. Ngo\u00e0i ra, b\u1ea1n c\u00f3 th\u1ec3 d\u1ec5 d\u00e0ng \u0111i\u1ec1u ch\u1ec9nh \u00e2m l\u01b0\u1ee3ng loa c\u1ee7a \u0111\u00e0n piano, m\u1ed9t t\u00ednh n\u0103ng c\u1ea7n thi\u1ebft cho cu\u1ed9c s\u1ed1ng chung c\u01b0. M\u1ed9t l\u1ee3i \u00edch ch\u00ednh kh\u00e1c c\u1ee7a \u0111\u00e0n piano k\u1ef9 thu\u1eadt s\u1ed1 l\u00e0 kh\u1ea3 n\u0103ng t\u1eaft ho\u00e0n to\u00e0n loa v\u00e0 s\u1eed d\u1ee5ng tai nghe \u0111\u1ec3 ch\u01a1i b\u1ea5t c\u1ee9 l\u00fac n\u00e0o m\u00e0 kh\u00f4ng l\u00e0m phi\u1ec1n ng\u01b0\u1eddi kh\u00e1c; Hi\u1ec7u \u1ee9ng 3D Ambience c\u1ee7a Tai nghe \u0111\u1ed9c \u200b\u200b\u0111\u00e1o c\u1ee7a F-140R l\u00e0m phong ph\u00fa th\u00eam tr\u1ea3i nghi\u1ec7m piano trong nh\u1eefng bu\u1ed5i ri\u00eang t\u01b0 n\u00e0y, t\u1ea1o c\u1ea3m gi\u00e1c nh\u01b0 th\u1ec3 \u00e2m thanh \u0111ang ph\u00e1t ra t\u1eeb ch\u00ednh nh\u1ea1c c\u1ee5. F-140R c\u0169ng bao g\u1ed3m nhi\u1ec1u t\u00ednh n\u0103ng k\u1ef9 thu\u1eadt s\u1ed1 ti\u1ec7n l\u1ee3i cho vi\u1ec7c luy\u1ec7n t\u1eadp v\u00e0 gi\u1ea3i tr\u00ed, ch\u1eb3ng h\u1ea1n nh\u01b0 m\u00e1y \u0111\u1ebfm nh\u1ecbp t\u00edch h\u1ee3p,<\/p>\n<h3>Th\u00f4ng s\u1ed1 k\u1ef9 thu\u1eadt F140R :<\/h3>\n<table width=\"522\">\n<tbody>\n<tr>\n<td width=\"95\">H\u00e3ng s\u1ea3n xu\u1ea5t<\/td>\n<td width=\"426\">Roland<\/td>\n<\/tr>\n<tr>\n<td width=\"95\">Model<\/td>\n<td width=\"426\">F 140R<\/td>\n<\/tr>\n<tr>\n<td width=\"95\">S\u1ed1 ti\u1ebfng \u0111\u00e0n<\/td>\n<td width=\"426\">316<\/td>\n<\/tr>\n<tr>\n<td width=\"95\">S\u1ed1 \u0111i\u1ec7u<\/td>\n<td width=\"426\">144<\/td>\n<\/tr>\n<tr>\n<td width=\"95\">S\u1ed1 pedal<\/td>\n<td width=\"426\">3 Pedal<\/td>\n<\/tr>\n<tr>\n<td width=\"95\">\u00a0Ch\u1ee9c n\u0103ng kh\u00e1c<\/td>\n<td width=\"426\">\n<ul>\n<li>Touch Sensitivity: \u0110i\u1ec1u ch\u1ec9nh \u0111\u1ed9 nh\u1ea1y ph\u00edm (5 m\u1ee9c)<\/li>\n<li>Keyboard Mode: C\u00e1c ch\u1ee9c n\u0103ng tr\u1ed9n ti\u1ebfng (Dual), chia b\u00e0n ph\u00edm (Split), ch\u01a1i \u0111\u00f4i (Twin Piano)<\/li>\n<li>C\u00e1c hi\u1ec7u \u1ee9ng: Ambience, Brilliance, Damper Resonance, String \u00a0Resonance , Key off \u00a0Resonance,<\/li>\n<li>Metronome: M\u00e1y \u0111\u1ebfm nh\u1ecbp<\/li>\n<li>Transpose: t\u0103ng gi\u1ea3m tone<\/li>\n<li>Recorder: Thu \u00e2m ph\u00e1t l\u1ea1i<\/li>\n<li>K\u1ebft n\u1ed1i USB v\u1edbi m\u00e1y t\u00ednh, ph\u00e1t nh\u1ea1c qua USB<\/li>\n<li>K\u00eat n\u1ed1i kh\u00f4ng d\u00e2y Bluetooth<\/li>\n<\/ul>\n<\/td>\n<\/tr>\n<tr>\n<td width=\"95\">S\u1ed1 ph\u00edm \u0111\u00e0n<\/td>\n<td width=\"426\">88 ph\u00edm<\/td>\n<\/tr>\n<tr>\n<td width=\"95\">Keyboard<\/td>\n<td width=\"426\">Ph\u00edm n\u1eb7ng, PHA-4<\/td>\n<\/tr>\n<tr>\n<td width=\"95\">K\u00edch th\u01b0\u1edbc<\/td>\n<td width=\"426\">1361 (W) x\u00a0 345 (D) x 910 (H) mm<\/td>\n<\/tr>\n<tr>\n<td width=\"95\">Tr\u1ecdng l\u01b0\u1ee3ng<\/td>\n<td width=\"426\">34.5 kg<\/td>\n<\/tr>\n<tr>\n<td width=\"95\">M\u00e0u<\/td>\n<td width=\"426\">\u0110en, Tr\u1eafng<\/td>\n<\/tr>\n<tr>\n<td width=\"95\">\u0110i\u1ec7n th\u1ebf<\/td>\n<td width=\"426\">110V- 220 V<\/td>\n<\/tr>\n<\/tbody>\n<\/table>\n<div data-id=\"9ly1xDmkO1M\" data-query=\"\" data-src=\"https:\/\/www.youtube.com\/embed\/9ly1xDmkO1M\"><\/div>\n<div data-id=\"9ly1xDmkO1M\" data-query=\"\" data-src=\"https:\/\/www.youtube.com\/embed\/9ly1xDmkO1M\"><a href=\"https:\/\/www.facebook.com\/anpiano.saigon\" target=\"_blank\" rel=\"noopener\">T\u01b0 v\u1ea5n v\u00e0 ch\u1ecdn mua s\u1ea3n ph\u1ea9m kh\u00e1c t\u1ea1i \u0111\u00e2y<\/a><\/div>\n<div data-id=\"9ly1xDmkO1M\" data-query=\"\" data-src=\"https:\/\/www.youtube.com\/embed\/9ly1xDmkO1M\"><a href=\"http:\/\/thumuapiano.com\/\" target=\"_blank\" rel=\"noopener\">Ch\u00fang t\u00f4i nh\u1eadn thu mua Piano, h\u00e3y li\u00ean h\u1ec7 n\u1ebfu b\u1ea1n c\u00f3 nhu c\u1ea7u.<\/a><\/div>\n","protected":false},"excerpt":{"rendered":"<ul>\n<li>B\u1ea3o h\u00e0nh 18 th\u00e1ng <a href=\"https:\/\/anpiano.com\/chinh-sach-bao-hanh\/\">xem th\u00eam<\/a><\/li>\n<li>Gh\u1ebf<\/li>\n<li>Kh\u0103n ph\u1ee7 ph\u00edm<\/li>\n<li>\u0110\u1ed5i ngu\u1ed3n 220V<\/li>\n<li>Freeship HCM \u2013 HN \u2013 \u0110N \u2013 NT \u2013 BMT<\/li>\n<li>Kh\u00f3a h\u1ecdc online<\/li>\n<\/ul>\n","protected":false},"featured_media":12902,"comment_status":"open","ping_status":"closed","template":"","meta":[],"product_cat":[17,134],"product_tag":[1522,1523,1521],"class_list":{"0":"post-12901","1":"product","2":"type-product","3":"status-publish","4":"has-post-thumbnail","6":"product_cat-piano-dan-dien","7":"product_cat-ro-land","8":"product_tag-f140","9":"product_tag-piano-dien-roland-nho-gon","10":"product_tag-roland-f140","12":"first","13":"instock","14":"sale","15":"shipping-taxable","16":"purchasable","17":"product-type-simple"},"jetpack_sharing_enabled":true,"_links":{"self":[{"href":"https:\/\/anpiano.com\/index.php?rest_route=\/wp\/v2\/product\/12901"}],"collection":[{"href":"https:\/\/anpiano.com\/index.php?rest_route=\/wp\/v2\/product"}],"about":[{"href":"https:\/\/anpiano.com\/index.php?rest_route=\/wp\/v2\/types\/product"}],"replies":[{"embeddable":true,"href":"https:\/\/anpiano.com\/index.php?rest_route=%2Fwp%2Fv2%2Fcomments&post=12901"}],"version-history":[{"count":4,"href":"https:\/\/anpiano.com\/index.php?rest_route=\/wp\/v2\/product\/12901\/revisions"}],"predecessor-version":[{"id":13988,"href":"https:\/\/anpiano.com\/index.php?rest_route=\/wp\/v2\/product\/12901\/revisions\/13988"}],"wp:featuredmedia":[{"embeddable":true,"href":"https:\/\/anpiano.com\/index.php?rest_route=\/wp\/v2\/media\/12902"}],"wp:attachment":[{"href":"https:\/\/anpiano.com\/index.php?rest_route=%2Fwp%2Fv2%2Fmedia&parent=12901"}],"wp:term":[{"taxonomy":"product_cat","embeddable":true,"href":"https:\/\/anpiano.com\/index.php?rest_route=%2Fwp%2Fv2%2Fproduct_cat&post=12901"},{"taxonomy":"product_tag","embeddable":true,"href":"https:\/\/anpiano.com\/index.php?rest_route=%2Fwp%2Fv2%2Fproduct_tag&post=12901"}],"curies":[{"name":"wp","href":"https:\/\/api.w.org\/{rel}","templated":true}]}}