{"id":13229,"date":"2025-05-03T16:52:40","date_gmt":"2025-05-03T09:52:40","guid":{"rendered":"https:\/\/anpiano.com\/?post_type=product&#038;p=13229"},"modified":"2025-09-25T16:54:21","modified_gmt":"2025-09-25T09:54:21","slug":"yamaha-sclp-6450wh","status":"publish","type":"product","link":"https:\/\/anpiano.com\/?product=yamaha-sclp-6450wh","title":{"rendered":"Yamaha SCLP 6450WH"},"content":{"rendered":"<h4><strong>\u0110\u00e0n piano \u0111i\u1ec7n\u00a0Yamaha SCLP 6450Wh\u00a0ch\u00ednh l\u00e0 Yamaha CLP-645 nh\u01b0ng \u0111\u01b0\u1ee3c s\u1ea3n xu\u1ea5t d\u00e0nh ri\u00eang cho th\u1ecb tr\u01b0\u1eddng Nh\u1eadt B\u1ea3n v\u00e0o n\u0103m 2017, t\u1ea5t c\u1ea3 c\u00e1c t\u00ednh n\u0103ng tr\u00ean Yamaha SCLP 6450 \u0111\u1ec1u \u0111\u01b0\u1ee3c gi\u1eef nguy\u00ean v\u00e0 c\u00f3 ph\u1ea7n c\u1ea3i ti\u1ebfn h\u01a1n v\u1ec1 c\u00f4ng su\u1ea5t. \u0110\u1eb7c bi\u1ec7t phi\u00ean b\u1ea3n \u0111\u01b0\u1ee3c s\u1ea3n xu\u1ea5t t\u1ea1i Nh\u1eadt B\u1ea3n c\u00f3 m\u00e0u s\u1eafc gi\u1edbi h\u1ea1n, \u201ct\u00f4ng m\u00e0u tr\u1ea7m t\u1ed1i \u2013 Dark Alder\u201d v\u00e0 \u201ct\u00f4ng m\u00e0u g\u1ed7 tr\u1eafng \u2013 Whitewood\u201d kh\u00f4ng l\u1eabn v\u00e0o \u0111\u00e2u \u0111\u01b0\u1ee3c.<\/strong><\/h4>\n<h3>T\u00cdNH N\u0102NG<\/h3>\n<div id=\"d863644\" class=\"custom-image-right\">\n<div class=\"container-fluid\">\n<div class=\"clearfix\">\n<div class=\"text-box\">\n<h6>\u00c2M THANH PIANO N\u1ed4I B\u1eacT<\/h6>\n<p>&nbsp;<\/p>\n<\/div>\n<\/div>\n<\/div>\n<\/div>\n<p><img fetchpriority=\"high\" decoding=\"async\" class=\"alignnone size-medium wp-image-13233\" src=\"https:\/\/anpiano.com\/wp-content\/uploads\/2025\/05\/26892ee5a422167c4f332-300x300.jpg\" alt=\"Yamaha SCLP 6450Wh\" width=\"300\" height=\"300\" srcset=\"https:\/\/anpiano.com\/wp-content\/uploads\/2025\/05\/26892ee5a422167c4f332-300x300.jpg 300w, https:\/\/anpiano.com\/wp-content\/uploads\/2025\/05\/26892ee5a422167c4f332-1024x1024.jpg 1024w, https:\/\/anpiano.com\/wp-content\/uploads\/2025\/05\/26892ee5a422167c4f332-150x150.jpg 150w, https:\/\/anpiano.com\/wp-content\/uploads\/2025\/05\/26892ee5a422167c4f332-768x768.jpg 768w, https:\/\/anpiano.com\/wp-content\/uploads\/2025\/05\/26892ee5a422167c4f332-1536x1536.jpg 1536w, https:\/\/anpiano.com\/wp-content\/uploads\/2025\/05\/26892ee5a422167c4f332-2048x2048.jpg 2048w, https:\/\/anpiano.com\/wp-content\/uploads\/2025\/05\/26892ee5a422167c4f332-510x510.jpg 510w, https:\/\/anpiano.com\/wp-content\/uploads\/2025\/05\/26892ee5a422167c4f332-100x100.jpg 100w\" sizes=\"(max-width: 300px) 100vw, 300px\" \/><\/p>\n<p>Trong m\u1ed9t c\u00e2y \u0111\u1ea1i d\u01b0\u01a1ng c\u1ea7m, \u00e2m thanh c\u1ed9ng h\u01b0\u1edfng kh\u1eafp th\u00e2n \u0111\u00e0n, t\u1ea1o ra \u00e2m vang phong ph\u00fa bao tr\u00f9m l\u1ea5y ng\u01b0\u1eddi nghe trong \u00e2m thanh. Hi\u1ec7n t\u01b0\u1ee3ng n\u00e0y \u0111\u01b0\u1ee3c t\u00e1i t\u1ea1o ho\u00e0n h\u1ea3o trong Yamaha SCLP 6450Wh th\u00f4ng qua M\u00f4 h\u00ecnh c\u1ed9ng h\u01b0\u1edfng \u1ea3o n\u00e2ng cao (VRM). VRM ban \u0111\u1ea7u t\u00ednh to\u00e1n c\u00e1c tr\u1ea1ng th\u00e1i kh\u00e1c nhau c\u1ee7a d\u00e2y cho t\u1eebng n\u1ed1t trong s\u1ed1 88 n\u1ed1t tr\u00ean b\u00e0n ph\u00edm, t\u1eeb gi\u00e2y ph\u00fat n\u00e0y \u0111\u1ebfn n\u1ed1t nh\u1ea1c ti\u1ebfp theo, th\u1eddi gian v\u00e0 \u0111\u1ed9 s\u00e2u c\u1ee7a b\u00e0n \u0111\u1ea1p \u0111i\u1ec1u ti\u1ebft \u0111\u01b0\u1ee3c nh\u1ea5n. VRM n\u00e2ng cao gi\u1edd \u0111\u00e2y c\u0169ng t\u00ednh to\u00e1n c\u1ed9ng h\u01b0\u1edfng t\u1eebng ph\u1ea7n \u1edf c\u00e1c qu\u00e3ng t\u00e1m tr\u00ean v\u00e0 c\u1ed9ng h\u01b0\u1edfng \u0111\u1ea7y \u0111\u1ee7 c\u1ee7a th\u00f9ng \u0111\u00e0n, v\u00e0nh v\u00e0 khung. C\u00f4ng ngh\u1ec7 n\u00e0y cho ph\u00e9p bi\u1ec3u \u0111\u1ea1t s\u1ed1ng \u0111\u1ed9ng, t\u01b0\u01a1i s\u00e1ng, \u0111a d\u1ea1ng, ph\u1ea3n \u00e1nh v\u00f4 s\u1ed1 y\u1ebfu t\u1ed1 v\u1ed1n c\u00f3 trong bi\u1ec3u di\u1ec5n piano.<\/p>\n<p>V\u1edbi c\u00f4ng ngh\u1ec7 Yamaha Smooth Release, <a href=\"https:\/\/anpiano.com\/?product=yamaha-sclp-6450\">Yamaha SCLP 6450<\/a> mang \u0111\u1ebfn \u00e2m s\u1eafc r\u00f5 n\u00e9t khi ch\u01a1i staccato c\u0169ng nh\u01b0 \u00e2m thanh k\u00e9o d\u00e0i \u0111\u01b0\u1ee3c t\u1ea1o ra khi nh\u1ea3 ph\u00edm nhi\u1ec1u h\u01a1n. \u0110i\u1ec1u n\u00e0y cung c\u1ea5p ph\u1ea3n \u1ee9ng s\u1eafc th\u00e1i r\u00f5 r\u00e0ng cho vi\u1ec7c ch\u01a1i c\u1ee7a ngh\u1ec7 s\u0129 piano.<\/p>\n<p>Yamaha SCLP 6450 c\u00f3 c\u00e1c b\u1ea3n ghi \u00e2m d\u00e0i, \u0111\u01b0\u1ee3c l\u1ea5y m\u1eabu c\u1ea9n th\u1eadn c\u1ee7a c\u00e1c n\u1ed1t tr\u00ean \u0111\u00e0n piano, t\u00e1i t\u1ea1o ch\u00fang v\u1edbi \u0111\u1ed9 chi ti\u1ebft phong ph\u00fa v\u00e0 s\u1eed d\u1ee5ng c\u00e1c c\u00f4ng ngh\u1ec7 \u0111\u1ed9c \u0111\u00e1o c\u1ee7a Yamaha \u0111\u1ec3 \u0111\u1ea1t \u0111\u01b0\u1ee3c s\u1ef1 chuy\u1ec3n ti\u1ebfp \u00e2m s\u1eafc m\u01b0\u1ee3t m\u00e0 theo c\u00fa ch\u1ea1m c\u1ee7a ng\u01b0\u1eddi ch\u01a1i \u0111\u1ec3 \u0111\u1ea1t \u0111\u01b0\u1ee3c c\u1ea3m gi\u00e1c bi\u1ec3u di\u1ec5n t\u01b0\u01a1ng t\u1ef1 nh\u01b0 c\u1ee7a m\u1ed9t c\u00e2y \u0111\u1ea1i d\u01b0\u01a1ng c\u1ea7m.<\/p>\n<p>C\u00e1c m\u1eabu Key-Off c\u00f3 c\u00e1c b\u1ea3n ghi \u00e2m th\u1ef1c t\u1ebf mang \u0111\u1ebfn s\u1ef1 t\u00e1i t\u1ea1o trung th\u1ef1c nh\u1eefng thay \u0111\u1ed5i tinh t\u1ebf nh\u1ea5t trong \u00e2m thanh c\u1ee7a \u0111\u00e0n piano, cho ph\u00e9p tr\u00ecnh di\u1ec5n trung th\u1ef1c h\u01a1n.<\/p>\n<div id=\"d863644\" class=\"custom-image-right\">\n<div class=\"container-fluid\">\n<div class=\"clearfix\">\n<div class=\"text-box\">\n<h6>KH\u1ea2 N\u0102NG CH\u01a0I V\u00c0 C\u1ea2M NH\u1eacN TUY\u1ec6T V\u1edcI<\/h6>\n<p><img decoding=\"async\" class=\"alignnone size-medium wp-image-13234\" src=\"https:\/\/anpiano.com\/wp-content\/uploads\/2025\/05\/50036163eba459fa00b53-300x300.jpg\" alt=\"Yamaha SCLP 6450Wh\" width=\"300\" height=\"300\" srcset=\"https:\/\/anpiano.com\/wp-content\/uploads\/2025\/05\/50036163eba459fa00b53-300x300.jpg 300w, https:\/\/anpiano.com\/wp-content\/uploads\/2025\/05\/50036163eba459fa00b53-1024x1024.jpg 1024w, https:\/\/anpiano.com\/wp-content\/uploads\/2025\/05\/50036163eba459fa00b53-150x150.jpg 150w, https:\/\/anpiano.com\/wp-content\/uploads\/2025\/05\/50036163eba459fa00b53-768x768.jpg 768w, https:\/\/anpiano.com\/wp-content\/uploads\/2025\/05\/50036163eba459fa00b53-1536x1536.jpg 1536w, https:\/\/anpiano.com\/wp-content\/uploads\/2025\/05\/50036163eba459fa00b53-2048x2048.jpg 2048w, https:\/\/anpiano.com\/wp-content\/uploads\/2025\/05\/50036163eba459fa00b53-510x510.jpg 510w, https:\/\/anpiano.com\/wp-content\/uploads\/2025\/05\/50036163eba459fa00b53-100x100.jpg 100w\" sizes=\"(max-width: 300px) 100vw, 300px\" \/><\/p>\n<div class=\"clearfix\">\n<p class=\"description\">B\u00e0n ph\u00edm \u201cNatural Wood X (NWX)\u201d l\u00e0 m\u1ed9t b\u00e0n ph\u00edm g\u1ed7 \u0111\u1ed9c \u0111\u00e1o c\u1ee7a Yamaha (ch\u1ec9 c\u00f3 c\u00e1c ph\u00edm m\u00e0u tr\u1eafng m\u1edbi s\u1eed d\u1ee5ng g\u1ed7). \u0110\u1ed1i v\u1edbi nh\u1eefng c\u00e2y \u0111\u00e0n grand piano, s\u1eed d\u1ee5ng g\u1ed7 b\u00f3c \u0111\u01b0\u1ee3c c\u1eaft ra t\u1eeb nh\u1eefng ph\u1ea7n g\u1ed7 t\u1ed1t nh\u1ea5t \u0111\u00e3 \u0111\u01b0\u1ee3c s\u1ea5y kh\u00f4 \u0111\u1ee7 \u0111\u1ec3 l\u00e0m nh\u1ea1c c\u1ee5.\u00a0Yamaha \u0111\u00e3 l\u00e0m m\u1ed9t b\u00e0n ph\u00edm \u00edt c\u00f3 kh\u1ea3 n\u0103ng b\u1ecb m\u00e9o h\u01a1n b\u00e0n ph\u00edm b\u1eb1ng g\u1ed7 nhi\u1ec1u l\u1edbp.<\/p>\n<\/div>\n<p>V\u1edbi c\u01a1 ch\u1ebf kh\u00f4ng s\u1eed d\u1ee5ng l\u00f2 xo nh\u01b0 m\u1ed9t c\u00e2y \u0111\u00e0n piano l\u1edbn, c\u00e1c thao t\u00e1c NWX t\u00e1i t\u1ea1o ch\u00ednh x\u00e1c c\u1ea3m gi\u00e1c c\u1ee7a m\u1ed9t c\u00e2y \u0111\u00e0n piano acoustic t\u1eeb c\u1ea3m gi\u00e1c n\u1eb7ng \u1edf \u00e2m v\u1ef1c th\u1ea5p h\u01a1n \u0111\u1ebfn c\u1ea3m gi\u00e1c nh\u1eb9 h\u01a1n \u1edf qu\u00e3ng t\u00e1m tr\u00ean.<\/p>\n<h6>C\u01a0 CH\u1ebe \u00c2M THANH V\u01af\u1ee2T TR\u1ed8I<\/h6>\n<p><img decoding=\"async\" class=\"alignnone size-medium wp-image-13232\" src=\"https:\/\/anpiano.com\/wp-content\/uploads\/2025\/05\/768d65f2ef355d6b04245-225x300.jpg\" alt=\"Yamaha SCLP 6450Wh\" width=\"225\" height=\"300\" srcset=\"https:\/\/anpiano.com\/wp-content\/uploads\/2025\/05\/768d65f2ef355d6b04245-225x300.jpg 225w, https:\/\/anpiano.com\/wp-content\/uploads\/2025\/05\/768d65f2ef355d6b04245-768x1024.jpg 768w, https:\/\/anpiano.com\/wp-content\/uploads\/2025\/05\/768d65f2ef355d6b04245-1152x1536.jpg 1152w, https:\/\/anpiano.com\/wp-content\/uploads\/2025\/05\/768d65f2ef355d6b04245-1536x2048.jpg 1536w, https:\/\/anpiano.com\/wp-content\/uploads\/2025\/05\/768d65f2ef355d6b04245-510x680.jpg 510w, https:\/\/anpiano.com\/wp-content\/uploads\/2025\/05\/768d65f2ef355d6b04245-scaled.jpg 1920w\" sizes=\"(max-width: 225px) 100vw, 225px\" \/><\/p>\n<p>T\u01b0\u01a1ng t\u1ef1 nh\u01b0 m\u1ed9t c\u00e2y \u0111\u00e0n piano acoustic, Yamaha SCLP 6450 \u0111\u01b0\u1ee3c hi\u1ec7u ch\u1ec9nh c\u1ea9n th\u1eadn, v\u1edbi v\u1ecb tr\u00ed loa v\u00e0 v\u1eadt li\u1ec7u th\u00e2n \u0111\u01b0\u1ee3c ki\u1ec3m tra \u0111\u1ec3 \u0111\u1ea3m b\u1ea3o r\u1eb1ng to\u00e0n b\u1ed9 nh\u1ea1c c\u1ee5 c\u1ed9ng h\u01b0\u1edfng t\u1ed1i \u01b0u. \u0110\u1ec3 c\u00f3 h\u00ecnh \u1ea3nh \u00e2m thanh r\u1ea5t g\u1ea7n v\u1edbi c\u00e2y \u0111\u1ea1i d\u01b0\u01a1ng c\u1ea7m, c\u00e1c nh\u1ea1c c\u1ee5 n\u00e0y c\u00f3 t\u00ednh n\u0103ng Tho\u00e1t t\u00f4ng \u1edf m\u1ed9t s\u1ed1 v\u1ecb tr\u00ed tr\u00ean kh\u1eafp c\u01a1 th\u1ec3 cho ph\u00e9p \u00e2m thanh t\u1eeb loa truy\u1ec1n \u0111\u1ebfn tai ng\u01b0\u1eddi nghe m\u00e0 kh\u00f4ng b\u1ecb k\u1eb9t b\u00ean trong nh\u1ea1c c\u1ee5.<\/p>\n<h6>C\u00c1C T\u00cdNH N\u0102NG CHUNG<\/h6>\n<p><img loading=\"lazy\" decoding=\"async\" class=\"alignnone size-medium wp-image-13235\" src=\"https:\/\/anpiano.com\/wp-content\/uploads\/2025\/05\/d727815c0b9bb9c5e08a4-300x300.jpg\" alt=\"\" width=\"300\" height=\"300\" srcset=\"https:\/\/anpiano.com\/wp-content\/uploads\/2025\/05\/d727815c0b9bb9c5e08a4-300x300.jpg 300w, https:\/\/anpiano.com\/wp-content\/uploads\/2025\/05\/d727815c0b9bb9c5e08a4-1024x1024.jpg 1024w, https:\/\/anpiano.com\/wp-content\/uploads\/2025\/05\/d727815c0b9bb9c5e08a4-150x150.jpg 150w, https:\/\/anpiano.com\/wp-content\/uploads\/2025\/05\/d727815c0b9bb9c5e08a4-768x768.jpg 768w, https:\/\/anpiano.com\/wp-content\/uploads\/2025\/05\/d727815c0b9bb9c5e08a4-1536x1536.jpg 1536w, https:\/\/anpiano.com\/wp-content\/uploads\/2025\/05\/d727815c0b9bb9c5e08a4-2048x2048.jpg 2048w, https:\/\/anpiano.com\/wp-content\/uploads\/2025\/05\/d727815c0b9bb9c5e08a4-510x510.jpg 510w, https:\/\/anpiano.com\/wp-content\/uploads\/2025\/05\/d727815c0b9bb9c5e08a4-100x100.jpg 100w\" sizes=\"(max-width: 300px) 100vw, 300px\" \/><\/p>\n<ul>\n<li>K\u1ebft n\u1ed1i kh\u00f4ng d\u00e2y cho \u00e2m thanh Bluetooth\u00ae<\/li>\n<li>\u200bGhi \u00e2m l\u00ean \u0111\u1ebfn 16 b\u1ea3n nh\u1ea1c \u0111\u1ec3 ph\u00e1t l\u1ea1i \u0111\u1ed3ng th\u1eddi<\/li>\n<li>\u200bK\u1ebft n\u1ed1i USB<\/li>\n<\/ul>\n<h6>T\u01af\u01a0NG TH\u00cdCH SMART PIANIST V2.0<\/h6>\n<p><iframe class=\"entered litespeed-loaded\" title=\"Yamaha Smart Pianist ver.2.0\" src=\"https:\/\/www.youtube.com\/embed\/AiwEmHujQVw?feature=oembed\" width=\"1020\" height=\"574\" frameborder=\"0\" allowfullscreen=\"allowfullscreen\" data-lazyloaded=\"1\" data-src=\"https:\/\/www.youtube.com\/embed\/AiwEmHujQVw?feature=oembed\" data-ll-status=\"loaded\" data-mce-fragment=\"1\"><\/iframe><\/p>\n<div id=\"d1164779\" class=\"gc h4-image-bottom\">\n<div class=\"container-fluid\">\n<p class=\"heading\" data-gtm-vis-first-on-screen-10844902_33=\"10559\" data-gtm-vis-total-visible-time-10844902_33=\"100\" data-gtm-vis-has-fired-10844902_33=\"1\"><strong>K\u1ebft n\u1ed1i b\u1eb1ng c\u00e1p<\/strong><\/p>\n<p class=\"description\">C\u1ea7n c\u00f3 Apple Lightning \u2013 USB Camera Adapter v\u00e0 c\u00e1p USB (b\u00e1n ri\u00eang).<\/p>\n<p class=\"description\">K\u1ebft n\u1ed1i c\u00e1p USB v\u1edbi c\u1ed5ng USB TO HOST tr\u00ean thi\u1ebft b\u1ecb.<\/p>\n<\/div>\n<\/div>\n<div id=\"d1164781\" class=\"gc h4-image-bottom\">\n<div class=\"container-fluid\">\n<p class=\"heading\" data-gtm-vis-first-on-screen-10844902_33=\"11391\" data-gtm-vis-total-visible-time-10844902_33=\"100\" data-gtm-vis-has-fired-10844902_33=\"1\"><strong>K\u1ebft n\u1ed1i kh\u00f4ng d\u00e2y b\u1eb1ng Wi-Fi<\/strong><\/p>\n<p class=\"description\">B\u1ea1n ph\u1ea3i mua UD-WL01 (b\u00e1n ri\u00eang) \u0111\u1ec3 s\u1eed d\u1ee5ng k\u1ebft n\u1ed1i kh\u00f4ng d\u00e2y.<\/p>\n<p class=\"description\">K\u1ebft n\u1ed1i UD-WL01 v\u1edbi c\u1ed5ng USB TO DEVICE tr\u00ean thi\u1ebft b\u1ecb.<\/p>\n<\/div>\n<\/div>\n<\/div>\n<\/div>\n<\/div>\n<\/div>\n<h3>TH\u00d4NG S\u1ed0 K\u1ef8 THU\u1eacT \u0110\u00c0N PIANO YAMAHA SCLP 6450WH<\/h3>\n<table border=\"1\" width=\"100%\">\n<tbody>\n<tr>\n<td width=\"127\">H\u00e3ng s\u1ea3n xu\u1ea5t<\/td>\n<td width=\"579\">Yamaha<\/td>\n<\/tr>\n<tr>\n<td>M\u00e3 \u0111\u00e0n<\/td>\n<td>SCLP 6450<\/td>\n<\/tr>\n<tr>\n<td>S\u1ea3n xu\u1ea5t t\u1ea1i<\/td>\n<td>Nh\u1eadt B\u1ea3n<\/td>\n<\/tr>\n<tr>\n<td>N\u0103m s\u1ea3n xu\u1ea5t<\/td>\n<td>2019-2020<\/td>\n<\/tr>\n<tr>\n<td>B\u00e0n ph\u00edm<\/td>\n<td>G\u1ed7 t\u1ef1 nhi\u00ean X (NWX) B\u00e0n ph\u00edm Ng\u00e0 \/ G\u1ed7 mun ho\u00e0n thi\u1ec7n 88 ph\u00edm v\u1edbi r\u00e3nh tho\u00e1t<\/td>\n<\/tr>\n<tr>\n<td>Ngu\u1ed3n \u00e2m<\/td>\n<td>L\u1ea5y m\u1eabu Yamaha CFX, l\u1ea5y m\u1eabu B\u00f6sendorfer Imperial<\/td>\n<\/tr>\n<tr>\n<td>B\u00e0i h\u00e1t c\u00e0i s\u1eb5n<\/td>\n<td>403\u00a0b\u00e0i h\u00e1t c\u00e0i s\u1eb5n\u00a0, 19 b\u00e0i h\u00e1t demo<\/td>\n<\/tr>\n<tr>\n<td>S\u1ed1 \u00e2m<\/td>\n<td>36 \u00e2m (18 \u00e2m piano)<\/td>\n<\/tr>\n<tr>\n<td>Loa<\/td>\n<td>(16 cm + 8 cm) x 2<\/td>\n<\/tr>\n<tr>\n<td>\u0110\u1ea7u ra<\/td>\n<td>(25W + 25W) x 2<\/td>\n<\/tr>\n<tr>\n<td>K\u00edch th\u01b0\u1edbc<\/td>\n<td>R\u1ed9ng 146,1 x S\u00e2u 45,9 x Cao 92,7 cm<\/td>\n<\/tr>\n<tr>\n<td>Tr\u1ecdng l\u01b0\u1ee3ng<\/td>\n<td>60 kg<\/td>\n<\/tr>\n<tr>\n<td>Ch\u1ee9c n\u0103ng kh\u00e1c<\/td>\n<td>\u00c2m thanh\u00a0Bluetooth\u00a0: \u25ef, MIDI: \u00d7<\/td>\n<\/tr>\n<\/tbody>\n<\/table>\n<p>&nbsp;<\/p>\n<div data-id=\"9ly1xDmkO1M\" data-query=\"\" data-src=\"https:\/\/www.youtube.com\/embed\/9ly1xDmkO1M\"><a href=\"https:\/\/www.facebook.com\/anpiano.saigon\" target=\"_blank\" rel=\"noopener\">T\u01b0 v\u1ea5n v\u00e0 ch\u1ecdn mua s\u1ea3n ph\u1ea9m kh\u00e1c t\u1ea1i \u0111\u00e2y<\/a><\/div>\n<div data-id=\"9ly1xDmkO1M\" data-query=\"\" data-src=\"https:\/\/www.youtube.com\/embed\/9ly1xDmkO1M\"><a href=\"http:\/\/thumuapiano.com\/\" target=\"_blank\" rel=\"noopener\">Ch\u00fang t\u00f4i nh\u1eadn thu mua Piano, h\u00e3y li\u00ean h\u1ec7 n\u1ebfu b\u1ea1n c\u00f3 nhu c\u1ea7u.<\/a><\/div>\n","protected":false},"excerpt":{"rendered":"<ul>\n<li>B\u1ea3o h\u00e0nh 24 th\u00e1ng\u00a0<a href=\"https:\/\/anpiano.com\/chinh-sach-bao-hanh\/\">xem th\u00eam<\/a><\/li>\n<li>Gh\u1ebf<\/li>\n<li>Kh\u0103n ph\u1ee7 ph\u00edm<\/li>\n<li>\u0110\u1ed5i ngu\u1ed3n 220V<\/li>\n<li>Freeship HCM \u2013 HN \u2013 \u0110N &#8211; NT &#8211; BMT<\/li>\n<li>Kh\u00f3a h\u1ecdc online<\/li>\n<\/ul>\n","protected":false},"featured_media":13849,"comment_status":"open","ping_status":"closed","template":"","meta":[],"product_cat":[17,129],"product_tag":[1538,1282,1539,1362,1281],"class_list":{"0":"post-13229","1":"product","2":"type-product","3":"status-publish","4":"has-post-thumbnail","6":"product_cat-piano-dan-dien","7":"product_cat-ya-ma-ha","8":"product_tag-clp-645-trang","9":"product_tag-sclp-6450","10":"product_tag-sclp-6450wh","11":"product_tag-yamaha-clp-645","12":"product_tag-yamaha-sclp-6450","14":"first","15":"instock","16":"sale","17":"shipping-taxable","18":"purchasable","19":"product-type-simple"},"jetpack_sharing_enabled":true,"_links":{"self":[{"href":"https:\/\/anpiano.com\/index.php?rest_route=\/wp\/v2\/product\/13229"}],"collection":[{"href":"https:\/\/anpiano.com\/index.php?rest_route=\/wp\/v2\/product"}],"about":[{"href":"https:\/\/anpiano.com\/index.php?rest_route=\/wp\/v2\/types\/product"}],"replies":[{"embeddable":true,"href":"https:\/\/anpiano.com\/index.php?rest_route=%2Fwp%2Fv2%2Fcomments&post=13229"}],"version-history":[{"count":3,"href":"https:\/\/anpiano.com\/index.php?rest_route=\/wp\/v2\/product\/13229\/revisions"}],"predecessor-version":[{"id":13978,"href":"https:\/\/anpiano.com\/index.php?rest_route=\/wp\/v2\/product\/13229\/revisions\/13978"}],"wp:featuredmedia":[{"embeddable":true,"href":"https:\/\/anpiano.com\/index.php?rest_route=\/wp\/v2\/media\/13849"}],"wp:attachment":[{"href":"https:\/\/anpiano.com\/index.php?rest_route=%2Fwp%2Fv2%2Fmedia&parent=13229"}],"wp:term":[{"taxonomy":"product_cat","embeddable":true,"href":"https:\/\/anpiano.com\/index.php?rest_route=%2Fwp%2Fv2%2Fproduct_cat&post=13229"},{"taxonomy":"product_tag","embeddable":true,"href":"https:\/\/anpiano.com\/index.php?rest_route=%2Fwp%2Fv2%2Fproduct_tag&post=13229"}],"curies":[{"name":"wp","href":"https:\/\/api.w.org\/{rel}","templated":true}]}}