{"id":13266,"date":"2025-05-04T15:30:34","date_gmt":"2025-05-04T08:30:34","guid":{"rendered":"https:\/\/anpiano.com\/?post_type=product&#038;p=13266"},"modified":"2025-09-25T16:54:44","modified_gmt":"2025-09-25T09:54:44","slug":"kawai-pn-2","status":"publish","type":"product","link":"https:\/\/anpiano.com\/?product=kawai-pn-2","title":{"rendered":"Kawai PN2"},"content":{"rendered":"<h3><strong>Kawai PN2 :<\/strong><\/h3>\n<h3><strong>Piano \u0111i\u1ec7n<span class=\"s1\">\u00a0<span class=\"s2\">Kawai PN2<\/span>\u00a0\u0111\u01b0\u1ee3c c\u1ea3i ti\u1ebfn \u0111\u00e1ng k\u1ec3 v\u1ec1 thi\u1ebft k\u1ebf m\u1edbi ch\u1eafc ch\u1eafn v\u00e0 hi\u1ec7u n\u0103ng \u1ed5n \u0111\u1ecbnh h\u01a1n. Nh\u1eefng thay \u0111\u1ed5i \u0111\u00e1ng k\u1ec3 c\u1ee7a PN2 c\u00f3 th\u1ec3 k\u1ec3 t\u1edbi l\u00e0 b\u00e0n ph\u00edm c\u1ea3i ti\u1ebfn ch\u00e2n th\u1ef1c, h\u1ec7 th\u1ed1ng loa m\u1ea1nh m\u1ebd h\u01a1n v\u00e0 \u00e2m thanh c\u1ee7a c\u00e2y \u0111\u00e0n tr\u1ea7m v\u00e0 \u1ea5m h\u01a1n.<\/span><\/strong><\/h3>\n<p><img fetchpriority=\"high\" decoding=\"async\" class=\"alignnone size-medium wp-image-13261\" src=\"https:\/\/anpiano.com\/wp-content\/uploads\/2025\/05\/225e7e51919823c67a896-300x300.jpg\" alt=\"Kawai PN 2\" width=\"300\" height=\"300\" srcset=\"https:\/\/anpiano.com\/wp-content\/uploads\/2025\/05\/225e7e51919823c67a896-300x300.jpg 300w, https:\/\/anpiano.com\/wp-content\/uploads\/2025\/05\/225e7e51919823c67a896-1024x1024.jpg 1024w, https:\/\/anpiano.com\/wp-content\/uploads\/2025\/05\/225e7e51919823c67a896-150x150.jpg 150w, https:\/\/anpiano.com\/wp-content\/uploads\/2025\/05\/225e7e51919823c67a896-768x768.jpg 768w, https:\/\/anpiano.com\/wp-content\/uploads\/2025\/05\/225e7e51919823c67a896-1536x1536.jpg 1536w, https:\/\/anpiano.com\/wp-content\/uploads\/2025\/05\/225e7e51919823c67a896-2048x2048.jpg 2048w, https:\/\/anpiano.com\/wp-content\/uploads\/2025\/05\/225e7e51919823c67a896-510x510.jpg 510w, https:\/\/anpiano.com\/wp-content\/uploads\/2025\/05\/225e7e51919823c67a896-100x100.jpg 100w\" sizes=\"(max-width: 300px) 100vw, 300px\" \/><\/p>\n<p class=\"p1\"><strong>\u0110\u1eb7c \u0111i\u1ec3m n\u1ed5i b\u1eadt c\u1ee7a \u0111\u00e0n Kawai PN2<\/strong><\/p>\n<p><span class=\"s1\">\u2013 Thi\u1ebft k\u1ebf m\u1edbi c\u1ee7a Kawai \u0111\u01b0\u1ee3c \u0111\u00e1nh gi\u00e1 l\u00e0 m\u1ed9t b\u01b0\u1edbc \u0111\u1ed9t ph\u00e1 c\u1ee7a Kawai. Khi nh\u00ecn v\u00e0o c\u00e2y \u0111\u00e0n b\u1ea1n s\u1ebd th\u1ea5y b\u00e0n ph\u00edm t\u1ea1o c\u1ea3m gi\u00e1c v\u00f4 c\u00f9ng ch\u1eafc ch\u1eafn, m\u1eb7t sau c\u1ee7a c\u00e2y \u0111\u00e0n c\u0169ng d\u00e0y h\u01a1n \u0111\u00e1ng k\u1ec3.<\/span><\/p>\n<p><span class=\"s1\">\u2013 Kawai PN2 s\u1eed d\u1ee5ng ngu\u1ed3n \u00e2m thanh Harmonic Imaging II th\u1ebf h\u1ec7 m\u1edbi. C\u00f4ng ngh\u1ec7 n\u00e0y gi\u00fap \u00e2m thanh c\u1ee7a c\u00e2y \u0111\u00e0n tr\u1ea7m \u1ea5m v\u00e0 ch\u00e2n th\u1ef1c gi\u1ed1ng nh\u01b0 nh\u1eefng c\u00e2y Grand piano c\u1ee7a Kawai v\u1eady.<\/span><\/p>\n<p><span class=\"s1\">\u2013 Kawai c\u0169ng t\u00edch c\u1ef1c n\u00e2ng cao tr\u1ea3i nghi\u1ec7m ng\u01b0\u1eddi d\u00f9ng b\u1eb1ng c\u00e1ch th\u00edch h\u1ee3p h\u1ec7 th\u1ed1ng AVA IV-E gi\u00fap cho b\u00e0n ph\u00edm c\u1ee7a PN2 ch\u00e2n th\u1ef1c v\u00e0 c\u00f3 \u0111\u1ed9 ph\u1ea3n h\u1ed3i th\u1ef1c s\u1ef1 r\u1ea5t tuy\u1ec7t v\u1eddi.<\/span><\/p>\n<p><span class=\"s1\">\u2013 C\u00e2y \u0111\u00e0n c\u00f3 chi\u1ec1u cao ti\u00eau chu\u1ea9n 84cm n\u00e0y c\u0169ng s\u1eed d\u1ee5ng h\u1ec7 th\u1ed1ng pedal quang h\u1ecdc c\u1ee7a d\u00f2ng PN \u0111\u1eddi m\u1edbi.<\/span><\/p>\n<p><span class=\"s1\">V\u1edbi nh\u1eefng c\u1ea3i ti\u1ebfn v\u01b0\u1ee3t tr\u1ed9i v\u1ec1 thi\u1ebft k\u1ebf, \u00e2m thanh v\u00e0 tr\u1ea3i nghi\u1ec7m ch\u01a1i, \u0111\u00e0n piano \u0111i\u1ec7n Kawai PN2 h\u1ee9a h\u1eb9n s\u1ebd l\u00e0 l\u1ef1a ch\u1ecdn s\u00e1ng su\u1ed1t nh\u1ea5t cho nh\u1eefng kh\u00e1ch h\u00e0ng m\u1edbi l\u00e0m quen v\u1edbi piano hay mu\u1ed1n c\u1ea3i thi\u1ec7n k\u0129 n\u0103ng ch\u01a1i \u0111\u00e0n c\u1ee7a m\u00ecnh tr\u00ean c\u00e2y \u0111\u00e0n piano t\u1ed1t h\u01a1n.<\/span><\/p>\n<p><em><strong>Th\u00f4ng s\u1ed1 k\u0129 thu\u1eadt:<\/strong><\/em><\/p>\n<ul>\n<li>K\u00edch th\u01b0\u1edbt: 139W x 42.5D \u00d7 82H (cm)<br \/>\nTr\u1ecdng l\u01b0\u1ee3ng: 39.5kg.<\/li>\n<\/ul>\n<div data-id=\"9ly1xDmkO1M\" data-query=\"\" data-src=\"https:\/\/www.youtube.com\/embed\/9ly1xDmkO1M\"><a href=\"https:\/\/www.facebook.com\/anpiano.saigon\" target=\"_blank\" rel=\"noopener\">T\u01b0 v\u1ea5n v\u00e0 ch\u1ecdn mua s\u1ea3n ph\u1ea9m kh\u00e1c t\u1ea1i \u0111\u00e2y<\/a><\/div>\n<div data-id=\"9ly1xDmkO1M\" data-query=\"\" data-src=\"https:\/\/www.youtube.com\/embed\/9ly1xDmkO1M\"><a href=\"http:\/\/thumuapiano.com\/\" target=\"_blank\" rel=\"noopener\">Ch\u00fang t\u00f4i nh\u1eadn thu mua Piano, h\u00e3y li\u00ean h\u1ec7 n\u1ebfu b\u1ea1n c\u00f3 nhu c\u1ea7u.<\/a><\/div>\n","protected":false},"excerpt":{"rendered":"<ul>\n<li>\n<h1><strong>Qu\u00e0 T\u1eb7ng:<\/strong><\/h1>\n<ul>\n<li>B\u1ea3o h\u00e0nh 12 th\u00e1ng\u00a0<a href=\"https:\/\/anpiano.com\/chinh-sach-bao-hanh\/\">xem th\u00eam<\/a><\/li>\n<li>Gh\u1ebf<\/li>\n<li>Kh\u0103n ph\u1ee7 ph\u00edm<\/li>\n<li>\u0110\u1ed5i ngu\u1ed3n 220V<\/li>\n<li>Freeship HCM \u2013 HN \u2013 \u0110N &#8211; NT &#8211; BMT<\/li>\n<li>Kh\u00f3a h\u1ecdc online<\/li>\n<\/ul>\n<\/li>\n<\/ul>\n","protected":false},"featured_media":13261,"comment_status":"open","ping_status":"closed","template":"","meta":[],"product_cat":[17,132],"product_tag":[1550,614,677,1552,1551],"class_list":{"0":"post-13266","1":"product","2":"type-product","3":"status-publish","4":"has-post-thumbnail","6":"product_cat-piano-dan-dien","7":"product_cat-ka-wai","8":"product_tag-kawai-pn-2","9":"product_tag-kawai-pn2","10":"product_tag-piano-dien-kawai","11":"product_tag-piano-dien-nhat","12":"product_tag-pn2","14":"first","15":"instock","16":"shipping-taxable","17":"purchasable","18":"product-type-simple"},"jetpack_sharing_enabled":true,"_links":{"self":[{"href":"https:\/\/anpiano.com\/index.php?rest_route=\/wp\/v2\/product\/13266"}],"collection":[{"href":"https:\/\/anpiano.com\/index.php?rest_route=\/wp\/v2\/product"}],"about":[{"href":"https:\/\/anpiano.com\/index.php?rest_route=\/wp\/v2\/types\/product"}],"replies":[{"embeddable":true,"href":"https:\/\/anpiano.com\/index.php?rest_route=%2Fwp%2Fv2%2Fcomments&post=13266"}],"version-history":[{"count":7,"href":"https:\/\/anpiano.com\/index.php?rest_route=\/wp\/v2\/product\/13266\/revisions"}],"predecessor-version":[{"id":13268,"href":"https:\/\/anpiano.com\/index.php?rest_route=\/wp\/v2\/product\/13266\/revisions\/13268"}],"wp:featuredmedia":[{"embeddable":true,"href":"https:\/\/anpiano.com\/index.php?rest_route=\/wp\/v2\/media\/13261"}],"wp:attachment":[{"href":"https:\/\/anpiano.com\/index.php?rest_route=%2Fwp%2Fv2%2Fmedia&parent=13266"}],"wp:term":[{"taxonomy":"product_cat","embeddable":true,"href":"https:\/\/anpiano.com\/index.php?rest_route=%2Fwp%2Fv2%2Fproduct_cat&post=13266"},{"taxonomy":"product_tag","embeddable":true,"href":"https:\/\/anpiano.com\/index.php?rest_route=%2Fwp%2Fv2%2Fproduct_tag&post=13266"}],"curies":[{"name":"wp","href":"https:\/\/api.w.org\/{rel}","templated":true}]}}