{"id":13275,"date":"2025-05-04T18:25:59","date_gmt":"2025-05-04T11:25:59","guid":{"rendered":"https:\/\/anpiano.com\/?post_type=product&#038;p=13275"},"modified":"2025-09-25T16:52:50","modified_gmt":"2025-09-25T09:52:50","slug":"casio-px-1500gp","status":"publish","type":"product","link":"https:\/\/anpiano.com\/?product=casio-px-1500gp","title":{"rendered":"Casio PX 1500GP"},"content":{"rendered":"<h1><strong>GI\u1edaI THI\u1ec6U PIANO CASIO PX 1500GP<\/strong><\/h1>\n<h3><strong>Piano \u0111i\u1ec7n Casio PX 1500GP s\u1edf h\u1eefu t\u1ea5t c\u1ea3 c\u00e1c t\u00ednh n\u0103ng nh\u01b0 b\u1ea3n qu\u1ed1c t\u1ebf \u0111\u1eb7c bi\u1ec7t l\u00e0 ch\u1ed5 ph\u1ed1i m\u00e0u s\u1ea3n ph\u1ea9m \u0111\u1ed9c \u0111\u00e1o v\u1edbi v\u00e2n g\u1ed7 n\u00e2u sang tr\u1ecdng t\u01b0\u01a1ng ph\u1ea3n v\u1edbi l\u01b0\u1edbi c\u1ee7a loa m\u00e0u cam hi\u1ec7n \u0111\u1ea1i.<\/strong><\/h3>\n<p>C\u00f9ng v\u1edbi c\u00e1c c\u00f4ng ngh\u1ec7 t\u00edch h\u1ee3p nh\u01b0 Air Sound gi\u00fap c\u1ed9ng h\u01b0\u1edfng ti\u1ebfng t\u1ed1t h\u01a1n, c\u00f4ng ngh\u1ec7 ph\u00edm Tri sensor Scaled Hammer Action gi\u00fap c\u1ea3m gi\u00e1c gi\u1ed1ng v\u1edbi \u0111\u00e0n c\u01a1. V\u00ec s\u1ea3n ph\u1ea9m Piano <strong>Casio PX 1500GP<\/strong>\u00a0l\u00e0m theo ti\u00eau chu\u1ea9n xu\u1ea5t Nh\u1eadt n\u00ean \u0111\u1ed9 b\u1ec1n ph\u1ea3i n\u00f3i c\u1ef1c cao (chu\u1ea9n Nh\u1eadt g\u1eaft gao h\u01a1n c\u1ea3 Ch\u00e2u \u00c2u).<\/p>\n<p>N\u00f3i v\u1ec1 th\u01b0\u01a1ng hi\u1ec7u \u0111\u00e0n piano Casio, ch\u1eafc ch\u1eafn kh\u00f4ng th\u1ec3 kh\u00f4ng nh\u1eafc \u0111\u1ebfn lo\u1ea1i \u0111\u00e0n Piano Casio Celviano v\u00e0 Privia . \u0110\u00e2y c\u0169ng ch\u00ednh l\u00e0 s\u1ea3n ph\u1ea9m \u0111\u01b0\u1ee3c s\u1eed d\u1ee5ng ph\u1ed5 bi\u1ebfn trong gi\u1edbi h\u1ecdc sinh nh\u1ecf tu\u1ed5i c\u0169ng nh\u01b0 ng\u01b0\u1eddi ch\u01a1i \u0111\u00e0n piano chuy\u00ean nghi\u1ec7p.<\/p>\n<p><img fetchpriority=\"high\" decoding=\"async\" class=\"alignnone size-medium wp-image-13276\" src=\"https:\/\/anpiano.com\/wp-content\/uploads\/2025\/05\/f5bcffb01079a227fb6811-300x300.jpg\" alt=\"Casio PX1500GP\" width=\"300\" height=\"300\" srcset=\"https:\/\/anpiano.com\/wp-content\/uploads\/2025\/05\/f5bcffb01079a227fb6811-300x300.jpg 300w, https:\/\/anpiano.com\/wp-content\/uploads\/2025\/05\/f5bcffb01079a227fb6811-1024x1024.jpg 1024w, https:\/\/anpiano.com\/wp-content\/uploads\/2025\/05\/f5bcffb01079a227fb6811-150x150.jpg 150w, https:\/\/anpiano.com\/wp-content\/uploads\/2025\/05\/f5bcffb01079a227fb6811-768x768.jpg 768w, https:\/\/anpiano.com\/wp-content\/uploads\/2025\/05\/f5bcffb01079a227fb6811-1536x1536.jpg 1536w, https:\/\/anpiano.com\/wp-content\/uploads\/2025\/05\/f5bcffb01079a227fb6811-2048x2048.jpg 2048w, https:\/\/anpiano.com\/wp-content\/uploads\/2025\/05\/f5bcffb01079a227fb6811-510x510.jpg 510w, https:\/\/anpiano.com\/wp-content\/uploads\/2025\/05\/f5bcffb01079a227fb6811-100x100.jpg 100w\" sizes=\"(max-width: 300px) 100vw, 300px\" \/><\/p>\n<ul>\n<li>\n<h2><strong>Chu\u1ed7i C\u1ed9ng H\u01b0\u1edfng<\/strong><\/h2>\n<\/li>\n<\/ul>\n<p><strong>Casio PX 1500GP<\/strong>\u00a0m\u00f4 ph\u1ecfng ch\u1eb7t ch\u1ebd nh\u01b0 c\u00e1ch c\u00e1c d\u00e2y b\u00ean trong m\u1ed9t c\u00e2y \u0111\u00e0n \u0111\u1ea1i d\u01b0\u01a1ng c\u1ea7m th\u1ef1c s\u1ef1, cho ph\u00e9p ng\u01b0\u1eddi ch\u01a1i tr\u1ea3i nghi\u1ec7m s\u1ef1 c\u1ed5ng h\u01b0\u1edfng t\u1ef1 nhi\u00ean v\u00e0 ch\u00e2n th\u1eadt nh\u1ea5t. N\u00f3 kh\u00f4ng ch\u1ec9 th\u1ec3 hi\u1ec7n c\u00e1c n\u1ed1t \u0111\u01a1n l\u1ebb m\u00e0 c\u00f2n c\u1ea3 c\u00e1c h\u1ee3p \u00e2m v\u00e0 s\u1ef1 kh\u00e1c bi\u1ec7t v\u1ec1 \u0111\u1ed9 vang do c\u01b0\u1eddng \u0111\u1ed9 ch\u01a1i.<\/p>\n<p>&nbsp;<\/p>\n<p>&nbsp;<\/p>\n<ul>\n<li>\n<h2><strong>Ph\u00edm \u0110\u00e0n<\/strong><\/h2>\n<\/li>\n<\/ul>\n<p>V\u1edbi ph\u00edm \u0111\u00e0n c\u1ee7a <strong>Casio PX 1500GP <\/strong>m\u00f4 ph\u1ecfng th\u1eddi gian ng\u1eafn k\u1ec3 t\u1eeb khi nh\u1ea5n m\u1ed9t ph\u00edm cho \u0111\u1ebfn khi nghe th\u1ea5y \u00e2m thanh cho t\u1eebng ph\u1ea1m vi. \u0110\u00e2y l\u00e0 m\u1ed9t cam k\u1ebft t\u1ec9 m\u1ec9 d\u00e0nh ri\u00eang t\u1eeb nh\u00e0 s\u1ea3n xu\u1ea5t c\u00f3 th\u1ec3 t\u00ednhh to\u00e1n th\u1eddi gian c\u1ea7n thi\u1ebft \u0111\u1ec3 ph\u00e1t \u00e2m d\u1ef1a tr\u00ean \u0111\u1ed9 m\u1ea1nh c\u1ee7a c\u00e1c l\u1ea7n nh\u1ea5n ph\u00edm.<\/p>\n<p><img decoding=\"async\" class=\"alignnone size-medium wp-image-13278\" src=\"https:\/\/anpiano.com\/wp-content\/uploads\/2025\/05\/2b1e1d10f2d9408719c815-300x257.jpg\" alt=\"Casio PX1500GP\" width=\"300\" height=\"257\" srcset=\"https:\/\/anpiano.com\/wp-content\/uploads\/2025\/05\/2b1e1d10f2d9408719c815-300x257.jpg 300w, https:\/\/anpiano.com\/wp-content\/uploads\/2025\/05\/2b1e1d10f2d9408719c815-1024x877.jpg 1024w, https:\/\/anpiano.com\/wp-content\/uploads\/2025\/05\/2b1e1d10f2d9408719c815-768x657.jpg 768w, https:\/\/anpiano.com\/wp-content\/uploads\/2025\/05\/2b1e1d10f2d9408719c815-1536x1315.jpg 1536w, https:\/\/anpiano.com\/wp-content\/uploads\/2025\/05\/2b1e1d10f2d9408719c815-2048x1753.jpg 2048w, https:\/\/anpiano.com\/wp-content\/uploads\/2025\/05\/2b1e1d10f2d9408719c815-510x437.jpg 510w\" sizes=\"(max-width: 300px) 100vw, 300px\" \/><\/p>\n<p>&nbsp;<\/p>\n<ul>\n<li>\n<h2><strong>B\u00e0n Ph\u00edm h\u00e0nh \u0111\u1ed9ng b\u00faa m\u1edf r\u1ed9ng 3 bi\u1ebfn ll<\/strong><\/h2>\n<\/li>\n<\/ul>\n<h2><strong><img decoding=\"async\" src=\"https:\/\/bizweb.dktcdn.net\/thumb\/grande\/100\/442\/439\/files\/ban-phim-casio-px1500gp.jpg?v=1669262341308\" alt=\"\u00a0Piano \u0111i\u1ec7n Casio PX-1500GP\" data-thumb=\"grande\" \/><\/strong><\/h2>\n<p>&nbsp;<\/p>\n<p>Gi\u1ed1ng nh\u01b0 m\u1ed9t c\u00e2y \u0111\u1ea1i d\u01b0\u01a1ng c\u1ea7m, c\u01a1 ch\u1ebf ho\u1ea1t \u0111\u1ed9ng s\u1eed d\u1ee5ng tr\u1ecdng l\u01b0\u1ee3ng c\u1ee7a b\u00faa \u0111\u1ec3 \u0111\u1ea1t \u0111\u01b0\u1ee3c c\u1ea3 ph\u1ea3n h\u1ed3i khi ch\u01a1i ch\u1eafc ch\u1eafn v\u00e0 c\u1ea3m \u1ee9ng m\u01b0\u1ee3t m\u00e0. <strong>Casio PX 1500GP<\/strong> m\u00f4 ph\u1ecfng c\u00e1c \u0111\u1eb7c t\u00ednh c\u1ee7a \u0111\u00e0n piano acoustic,\u00a0 trong \u0111\u00f3 t\u1ea7n s\u1ed1 th\u1ea5p h\u01a1n n\u1eb7ng h\u01a1n v\u00e0 t\u1ea7n s\u1ed1 cao h\u01a1n nh\u1eb9 h\u01a1n. Ngo\u00e0i ra, n\u00f3 s\u1eed d\u1ee5ng b\u00e0n ph\u00edm gi\u1ed1ng nh\u01b0 g\u1ed7 mun v\u00e0 ng\u00e0 voi mang \u0111\u1ebfn cho b\u1ea1n c\u1ea3m gi\u00e1c sang tr\u1ecdng v\u00e0 k\u1ebft c\u1ea5u \u0111\u1ed9c \u0111\u00e1o c\u1ee7a m\u1ed9t c\u00e2y \u0111\u00e0n \u0111\u1ea1i d\u01b0\u01a1ng c\u1ea7m v\u00e0 c\u1ea3 gi\u00e1c b\u1ea5m m\u01b0\u1ee3t m\u00e0. B\u00e1n ph\u00edm ng\u00e0 voi v\u00e0 g\u1ed7 mun \u0111\u01b0\u1ee3c s\u1eed d\u1ee5ng trong c\u00e1c ki\u1ec3u m\u00e1y cao c\u1ea5p c\u1ee7a t\u1eebng nh\u00e0 s\u1ea3n xu\u1ea5t \u0111\u00e3 \u0111\u01b0\u1ee3c th\u1ef1c hi\u1ec7n h\u00f3a trong model <strong>Casio PX 1500GP<\/strong><\/p>\n<h2><strong>TH\u00d4NG S\u1ed0 K\u1ef8 THU\u1eacT Piano \u0110i\u1ec7n Casio PX 1500GP<\/strong><\/h2>\n<h2>N\u0103m s\u1ea3n xu\u1ea5t: 2016<\/h2>\n<p>S\u1ed1 ph\u00edm: 88 ph\u00edm<\/p>\n<p>Key top: ph\u00edm ng\u00e0 t\u1eeb nh\u1ef1a t\u1ed5ng h\u1ee3p cao c\u1ea5p<\/p>\n<p>S\u1ed1 Pedal: 3<\/p>\n<p>K\u00edch th\u01b0\u1edbc: 1.377 x 427 x 840mm<\/p>\n<p>Tr\u1ecdng l\u01b0\u1ee3ng: 35,5kg<\/p>\n<p>C\u00f4ng su\u1ea5t loa: 20w x 20w = 40w<\/p>\n<p>H\u1ed7 tr\u1ee3 16 lo\u1ea1i nh\u1ea1c c\u1ee5 kh\u00e1c nhau<\/p>\n<p>H\u1ed7 tr\u1ee3 10 b\u00e0i nh\u1ea1c ch\u01a1i s\u1eb5n<\/p>\n<p>Ph\u1ee9c \u0111i\u1ec7u t\u1ed1i \u0111a: 256<\/p>\n<p>T\u00edch h\u1ee3p b\u1ed9 m\u00f4 ph\u1ecfng h\u1ed9i tr\u01b0\u1eddng (4 ki\u1ec3u), h\u1ee3p x\u01b0\u1edbng (4 ki\u1ec3u), l\u00e0m b\u1eadt ti\u1ebfng (-3 \u0111\u1ebfn 0 \u0111\u1ebfn 3), DSP (C\u00e0i s\u1eb5n m\u1ed9t s\u1ed1 \u00e2m)<\/p>\n<p>Transpose: c\u00f3 h\u1ed7 tr\u1ee3<\/p>\n<p>Metronome: c\u00f3 h\u1ed7 tr\u1ee3<\/p>\n<p>Ghi \u00e2m: c\u00f3 h\u1ed7 tr\u1ee3<\/p>\n<p>H\u1ed7 tr\u1ee3 \u0111\u1ea7u ra: USB to host, USB to device, phones x 2, LINE OUT (L\/MONO, R)<\/p>\n<div data-id=\"9ly1xDmkO1M\" data-query=\"\" data-src=\"https:\/\/www.youtube.com\/embed\/9ly1xDmkO1M\"><a href=\"https:\/\/www.facebook.com\/Anpiano.hanoi\" target=\"_blank\" rel=\"noopener\">T\u01b0 v\u1ea5n v\u00e0 ch\u1ecdn mua s\u1ea3n ph\u1ea9m kh\u00e1c t\u1ea1i \u0111\u00e2y<\/a><\/div>\n<div data-id=\"9ly1xDmkO1M\" data-query=\"\" data-src=\"https:\/\/www.youtube.com\/embed\/9ly1xDmkO1M\"><a href=\"http:\/\/thumuapiano.com\/\" target=\"_blank\" rel=\"noopener\">Ch\u00fang t\u00f4i nh\u1eadn thu mua Piano, h\u00e3y li\u00ean h\u1ec7 n\u1ebfu b\u1ea1n c\u00f3 nhu c\u1ea7u.<\/a><\/div>\n<p>&nbsp;<\/p>\n<p>&nbsp;<\/p>\n","protected":false},"excerpt":{"rendered":"<ul>\n<li>\n<h1><strong>Qu\u00e0 T\u1eb7ng:<\/strong><\/h1>\n<ul>\n<li>B\u1ea3o h\u00e0nh 12 th\u00e1ng\u00a0<a href=\"https:\/\/anpiano.com\/chinh-sach-bao-hanh\/\">xem th\u00eam<\/a><\/li>\n<li>Gh\u1ebf<\/li>\n<li>Kh\u0103n ph\u1ee7 ph\u00edm<\/li>\n<li>\u0110\u1ed5i ngu\u1ed3n 220V<\/li>\n<li>Freeship HCM \u2013 HN \u2013 \u0110N \u2013 NT \u2013 BMT<\/li>\n<li>Kh\u00f3a h\u1ecdc online<\/li>\n<\/ul>\n<\/li>\n<\/ul>\n","protected":false},"featured_media":13850,"comment_status":"open","ping_status":"closed","template":"","meta":[],"product_cat":[17,133],"product_tag":[160,1555,1553,493,1554],"class_list":{"0":"post-13275","1":"product","2":"type-product","3":"status-publish","4":"has-post-thumbnail","6":"product_cat-piano-dan-dien","7":"product_cat-ca-si-o","8":"product_tag-casio","9":"product_tag-casio-px","10":"product_tag-casio-px1500gp","11":"product_tag-dan-piano-dien","12":"product_tag-px-1500","14":"first","15":"instock","16":"sale","17":"shipping-taxable","18":"purchasable","19":"product-type-simple"},"jetpack_sharing_enabled":true,"_links":{"self":[{"href":"https:\/\/anpiano.com\/index.php?rest_route=\/wp\/v2\/product\/13275"}],"collection":[{"href":"https:\/\/anpiano.com\/index.php?rest_route=\/wp\/v2\/product"}],"about":[{"href":"https:\/\/anpiano.com\/index.php?rest_route=\/wp\/v2\/types\/product"}],"replies":[{"embeddable":true,"href":"https:\/\/anpiano.com\/index.php?rest_route=%2Fwp%2Fv2%2Fcomments&post=13275"}],"version-history":[{"count":4,"href":"https:\/\/anpiano.com\/index.php?rest_route=\/wp\/v2\/product\/13275\/revisions"}],"predecessor-version":[{"id":13975,"href":"https:\/\/anpiano.com\/index.php?rest_route=\/wp\/v2\/product\/13275\/revisions\/13975"}],"wp:featuredmedia":[{"embeddable":true,"href":"https:\/\/anpiano.com\/index.php?rest_route=\/wp\/v2\/media\/13850"}],"wp:attachment":[{"href":"https:\/\/anpiano.com\/index.php?rest_route=%2Fwp%2Fv2%2Fmedia&parent=13275"}],"wp:term":[{"taxonomy":"product_cat","embeddable":true,"href":"https:\/\/anpiano.com\/index.php?rest_route=%2Fwp%2Fv2%2Fproduct_cat&post=13275"},{"taxonomy":"product_tag","embeddable":true,"href":"https:\/\/anpiano.com\/index.php?rest_route=%2Fwp%2Fv2%2Fproduct_tag&post=13275"}],"curies":[{"name":"wp","href":"https:\/\/api.w.org\/{rel}","templated":true}]}}