{"id":13284,"date":"2025-05-04T18:52:54","date_gmt":"2025-05-04T11:52:54","guid":{"rendered":"https:\/\/anpiano.com\/?post_type=product&#038;p=13284"},"modified":"2025-10-07T13:40:42","modified_gmt":"2025-10-07T06:40:42","slug":"casio-ap-460bk","status":"publish","type":"product","link":"https:\/\/anpiano.com\/?product=casio-ap-460bk","title":{"rendered":"Casio AP 460BK"},"content":{"rendered":"<div class=\"large-2 col pb-0 mb-0\">\n<h3 class=\"uppercase mt\">M\u00f4 t\u1ea3<\/h3>\n<\/div>\n<div class=\"large-10 col pb-0 mb-0\">\n<div class=\"panel entry-content\">\n<h3><strong>\u0110\u00e0n piano \u0111i\u1ec7n Casio AP 460BK c\u00f3 thi\u1ebft k\u1ebf \u0111\u1eb9p m\u1eaft l\u00e0 model cao c\u1ea5p d\u00f2ng Celviano n\u1ed5i ti\u1ebfng c\u1ee7a Casio. AP 460BK \u0111\u01b0\u1ee3c Casio trang b\u1ecb ngu\u1ed3n \u00e2m thanh Morphing AiR \u0111a chi\u1ec1u, ch\u1ee9c n\u0103ng ghi c\u00e2m Concert Play, h\u1ec7 th\u1ed1ng loa k\u00e9p 20 Watt s\u1ed1ng \u0111\u1ed9ng. V\u1edbi m\u1ee9c gi\u00e1 v\u1eeba ph\u1ea3i, Casio Celviano AP 460BK l\u00e0 s\u1ef1 l\u1ef1a ch\u1ecdn tuy\u1ec7t v\u1eddi d\u00e0nh cho b\u1ea1n.<\/strong><\/h3>\n<h3><\/h3>\n<p><img fetchpriority=\"high\" decoding=\"async\" class=\"alignnone size-medium wp-image-13285\" src=\"https:\/\/anpiano.com\/wp-content\/uploads\/2025\/05\/8a0f670c88c53a9b63d416-300x300.jpg\" alt=\"Casio AP 460BK\" width=\"300\" height=\"300\" srcset=\"https:\/\/anpiano.com\/wp-content\/uploads\/2025\/05\/8a0f670c88c53a9b63d416-300x300.jpg 300w, https:\/\/anpiano.com\/wp-content\/uploads\/2025\/05\/8a0f670c88c53a9b63d416-1024x1024.jpg 1024w, https:\/\/anpiano.com\/wp-content\/uploads\/2025\/05\/8a0f670c88c53a9b63d416-150x150.jpg 150w, https:\/\/anpiano.com\/wp-content\/uploads\/2025\/05\/8a0f670c88c53a9b63d416-768x768.jpg 768w, https:\/\/anpiano.com\/wp-content\/uploads\/2025\/05\/8a0f670c88c53a9b63d416-1536x1536.jpg 1536w, https:\/\/anpiano.com\/wp-content\/uploads\/2025\/05\/8a0f670c88c53a9b63d416-2048x2048.jpg 2048w, https:\/\/anpiano.com\/wp-content\/uploads\/2025\/05\/8a0f670c88c53a9b63d416-510x510.jpg 510w, https:\/\/anpiano.com\/wp-content\/uploads\/2025\/05\/8a0f670c88c53a9b63d416-100x100.jpg 100w\" sizes=\"(max-width: 300px) 100vw, 300px\" \/><\/p>\n<p class=\"p1\"><strong><span class=\"s1\">C\u00e1c \u0111\u1eb7c \u0111i\u1ec3m n\u1ed5i b\u1eadt c\u1ee7a Casio AP 460BK<\/span><\/strong><\/p>\n<p class=\"p2\"><span class=\"s2\">S\u1edf\u00a0<\/span><span class=\"s1\">h\u1eefu thi\u1ebft k\u1ebf ki\u1ec3u d\u00e1ng c\u1ee7a m\u1ed9t c\u00e2y \u0111\u00e0n Upright, AP 460BK th\u1ef1c s\u1ef1 l\u00e0 m\u1ed9t c\u00e2y \u0111\u00e0n tuy\u1ec7t \u0111\u1eb9p, \u0111\u00e1ng mong \u01b0\u1edbc. M\u1ed9t \u0111i\u1ec3m kh\u00e1c bi\u1ec7t trong thi\u1ebft k\u1ebf c\u1ee7a c\u00e2y \u0111\u00e0n n\u00e0y ch\u00ednh h\u1ec7 th\u1ed1ng \u0111\u00f3ng m\u1edf n\u1eafp, \u00e2m thanh v\u00e0 hi\u1ec7u \u1ee9ng thay \u0111\u1ed5i khi n\u1eafp \u0111\u00f3ng m\u1edf m\u00f4 ph\u1ecfng \u0111\u1ebfn t\u1eebng chi ti\u1ebft c\u1ee7a m\u1ed9t c\u00e2y \u0111\u00e0n acoustic.<\/span><\/p>\n<p><img decoding=\"async\" class=\"alignnone size-medium wp-image-13286\" src=\"https:\/\/anpiano.com\/wp-content\/uploads\/2025\/05\/1c6a1e69f1a043fe1ab118-300x300.jpg\" alt=\"Casio AP 460BK\" width=\"300\" height=\"300\" srcset=\"https:\/\/anpiano.com\/wp-content\/uploads\/2025\/05\/1c6a1e69f1a043fe1ab118-300x300.jpg 300w, https:\/\/anpiano.com\/wp-content\/uploads\/2025\/05\/1c6a1e69f1a043fe1ab118-1024x1024.jpg 1024w, https:\/\/anpiano.com\/wp-content\/uploads\/2025\/05\/1c6a1e69f1a043fe1ab118-150x150.jpg 150w, https:\/\/anpiano.com\/wp-content\/uploads\/2025\/05\/1c6a1e69f1a043fe1ab118-768x768.jpg 768w, https:\/\/anpiano.com\/wp-content\/uploads\/2025\/05\/1c6a1e69f1a043fe1ab118-1536x1536.jpg 1536w, https:\/\/anpiano.com\/wp-content\/uploads\/2025\/05\/1c6a1e69f1a043fe1ab118-2048x2048.jpg 2048w, https:\/\/anpiano.com\/wp-content\/uploads\/2025\/05\/1c6a1e69f1a043fe1ab118-510x510.jpg 510w, https:\/\/anpiano.com\/wp-content\/uploads\/2025\/05\/1c6a1e69f1a043fe1ab118-100x100.jpg 100w\" sizes=\"(max-width: 300px) 100vw, 300px\" \/><\/p>\n<p>&nbsp;<\/p>\n<p class=\"p2\"><span class=\"s1\">Ngu\u1ed3n \u00e2m thanh Morphing AiR \u0111a chi\u1ec1u di\u1ec5n t\u1ea3 t\u1eebng chi ti\u1ebft khi bi\u1ec3u \u0111\u1ea1t nh\u1eefng \u00e2m s\u1eafc c\u1ed9ng h\u01b0\u1edfng phong ph\u00fa v\u1ed1n c\u00f3 c\u1ee7a m\u1ed9t c\u00e2y \u0111\u00e0n piano acoustic. C\u00f4ng ngh\u1ec7 ti\u00ean ti\u1ebfn n\u00e0y \u0111\u00e3 t\u1ea1o ra nh\u1eefng m\u00e0u s\u1eafc \u00e2m thanh phong ph\u00fa, \u1ea5m \u00e1p v\u00e0 ch\u00e2n th\u1ef1c.<\/span><\/p>\n<p class=\"p3\"><span class=\"s1\">V\u1edbi b\u00e0n ph\u00edm ti\u00eau chu\u1ea9n 88 ph\u00edm c\u1ee7a Casio vi\u1ec7c ch\u01a1i \u0111\u00e0n g\u1ea7n \u0111\u1ea1t t\u1edbi c\u1ea3m nh\u1eadn ch\u1ea1m ch\u1eafc tay c\u1ee7a m\u1ed9t chi\u1ebfc \u0111\u1ea1i d\u01b0\u01a1ng c\u1ea7m \u0111\u1ec3 bi\u1ebfn \u00fd ngh\u0129 ng\u01b0\u1eddi ch\u01a1i th\u00e0nh \u00e2m thanh m\u1ed9t c\u00e1ch d\u1ec5 d\u00e0ng nh\u1ea5t.<\/span><\/p>\n<p class=\"p3\"><span class=\"s1\">Ph\u00edm \u0111\u00e0n M\u00f4 ph\u1ecfng mun \u0111en v\u00e0 tr\u1eafng ng\u00e0 mang l\u1ea1i c\u1ea3m gi\u00e1c v\u00e0 c\u1ea3m nh\u1eadn b\u1ec1 m\u1eb7t sang tr\u1ecdng c\u0169ng nh\u01b0 m\u01b0\u1ee3t m\u00e0 khi ch\u1ea1m v\u00e0o b\u00e0n ph\u00edm \u0111\u1ea1i d\u01b0\u01a1ng c\u1ea7m. B\u1ec1 m\u1eb7t g\u1ea5p l\u01b0\u1ee3n \u0111\u1ebfn t\u1eebng chi ti\u1ebft k\u1ef9 l\u01b0\u1ee1ng gi\u1ea3m vi\u1ec7c tr\u01b0\u1ee3t ng\u00f3n tay do m\u1ed3 h\u00f4i v\u00e0 mang \u0111\u1ebfn c\u1ea3m gi\u00e1c v\u1eeba kh\u00edt ho\u00e0n h\u1ea3o v\u1edbi \u0111\u1ea7u ng\u00f3n tay, ngay c\u1ea3 khi ch\u01a1i nh\u1eefng qu\u00e3ng m\u1edf r\u1ed9ng.<\/span><\/p>\n<p class=\"p3\"><span class=\"s1\">Ngo\u00e0i ra, AP-460 c\u00f2n s\u1edf h\u1eefu h\u1ec7 th\u1ed1ng 2 loa k\u00e9p \u00e2m thanh 4 chi\u1ec1u l\u1ea5p \u0111\u1ea7y c\u0103n ph\u00f2ng c\u1ee7a b\u1ea1n v\u1edbi giai \u0111i\u1ec7u v\u00f4 c\u00f9ng phong ph\u00fa.<\/span><\/p>\n<h3><strong>Th\u00f4ng s\u1ed1 k\u1ef9 thu\u1eadt Casio AP 460BK :<\/strong><\/h3>\n<table>\n<tbody>\n<tr class=\"ztXv9\">\n<th>B\u00c0N PH\u00cdM<\/th>\n<th>B\u00c0N PH\u00cdM HO\u1ea0T \u0110\u1ed8NG B\u1ed8 \u0110\u1ea6U C\u1ea6N 3 C\u1ea2M BI\u1ebeN II 88 PH\u00cdM, PH\u00cdM \u0110\u00c0N M\u00d4 PH\u1eceNG M\u00c0U MUN \u0110EN V\u00c0 TR\u1eaeNG NG\u00c0<\/th>\n<\/tr>\n<tr>\n<td>Y\u00eau c\u1ea7u ngu\u1ed3n \u0111i\u1ec7n<\/td>\n<td>B\u1ed9 bi\u1ebfn \u0111i\u1ec7n: AD-E24250LW<\/td>\n<\/tr>\n<tr>\n<td>K\u00edch th\u01b0\u1edbc (D x R x C)<\/td>\n<td>1.377 x 427 x 840mm (N\u1eafp tr\u00ean \u0111\u00f3ng l\u1ea1i.) (kh\u00f4ng c\u00f3 ch\u00e2n \u0111\u1ebf nh\u1ea1c, gi\u00e1 \u0111\u1ee1 g\u00f3c)<\/td>\n<\/tr>\n<tr>\n<td>Tr\u1ecdng l\u01b0\u1ee3ng<\/td>\n<td>40,5kg<\/td>\n<\/tr>\n<\/tbody>\n<\/table>\n<div data-id=\"9ly1xDmkO1M\" data-query=\"\" data-src=\"https:\/\/www.youtube.com\/embed\/9ly1xDmkO1M\"><a href=\"https:\/\/www.facebook.com\/anpiano.saigon\" target=\"_blank\" rel=\"noopener\">T\u01b0 v\u1ea5n v\u00e0 ch\u1ecdn mua s\u1ea3n ph\u1ea9m kh\u00e1c t\u1ea1i \u0111\u00e2y<\/a><\/div>\n<div data-id=\"9ly1xDmkO1M\" data-query=\"\" data-src=\"https:\/\/www.youtube.com\/embed\/9ly1xDmkO1M\"><a href=\"http:\/\/thumuapiano.com\/\" target=\"_blank\" rel=\"noopener\">Ch\u00fang t\u00f4i nh\u1eadn thu mua Piano, h\u00e3y li\u00ean h\u1ec7 n\u1ebfu b\u1ea1n c\u00f3 nhu c\u1ea7u.<\/a><\/div>\n<\/div>\n<\/div>\n","protected":false},"excerpt":{"rendered":"<ul>\n<li>\n<h1><strong>Qu\u00e0 T\u1eb7ng:<\/strong><\/h1>\n<ul>\n<li>B\u1ea3o h\u00e0nh 12 th\u00e1ng\u00a0<a href=\"https:\/\/anpiano.com\/chinh-sach-bao-hanh\/\">xem th\u00eam<\/a><\/li>\n<li>Gh\u1ebf<\/li>\n<li>Kh\u0103n ph\u1ee7 ph\u00edm<\/li>\n<li>\u0110\u1ed5i ngu\u1ed3n 220V<\/li>\n<li>Freeship HCM \u2013 HN \u2013 \u0110N \u2013 NT \u2013 BMT<\/li>\n<li>Kh\u00f3a h\u1ecdc online<\/li>\n<\/ul>\n<\/li>\n<\/ul>\n","protected":false},"featured_media":13842,"comment_status":"open","ping_status":"closed","template":"","meta":[],"product_cat":[17,133],"product_tag":[1557,160,1556,482,1560,1559,1558],"class_list":{"0":"post-13284","1":"product","2":"type-product","3":"status-publish","4":"has-post-thumbnail","6":"product_cat-piano-dan-dien","7":"product_cat-ca-si-o","8":"product_tag-ap460","9":"product_tag-casio","10":"product_tag-casio-ap-460bk","11":"product_tag-dan-dien","12":"product_tag-dan-dien-casio","13":"product_tag-dan-dien-mau-den","14":"product_tag-dan-piano-nhat","16":"first","17":"instock","18":"sale","19":"shipping-taxable","20":"purchasable","21":"product-type-simple"},"jetpack_sharing_enabled":true,"_links":{"self":[{"href":"https:\/\/anpiano.com\/index.php?rest_route=\/wp\/v2\/product\/13284"}],"collection":[{"href":"https:\/\/anpiano.com\/index.php?rest_route=\/wp\/v2\/product"}],"about":[{"href":"https:\/\/anpiano.com\/index.php?rest_route=\/wp\/v2\/types\/product"}],"replies":[{"embeddable":true,"href":"https:\/\/anpiano.com\/index.php?rest_route=%2Fwp%2Fv2%2Fcomments&post=13284"}],"version-history":[{"count":2,"href":"https:\/\/anpiano.com\/index.php?rest_route=\/wp\/v2\/product\/13284\/revisions"}],"predecessor-version":[{"id":13974,"href":"https:\/\/anpiano.com\/index.php?rest_route=\/wp\/v2\/product\/13284\/revisions\/13974"}],"wp:featuredmedia":[{"embeddable":true,"href":"https:\/\/anpiano.com\/index.php?rest_route=\/wp\/v2\/media\/13842"}],"wp:attachment":[{"href":"https:\/\/anpiano.com\/index.php?rest_route=%2Fwp%2Fv2%2Fmedia&parent=13284"}],"wp:term":[{"taxonomy":"product_cat","embeddable":true,"href":"https:\/\/anpiano.com\/index.php?rest_route=%2Fwp%2Fv2%2Fproduct_cat&post=13284"},{"taxonomy":"product_tag","embeddable":true,"href":"https:\/\/anpiano.com\/index.php?rest_route=%2Fwp%2Fv2%2Fproduct_tag&post=13284"}],"curies":[{"name":"wp","href":"https:\/\/api.w.org\/{rel}","templated":true}]}}