{"id":13871,"date":"2025-05-25T12:15:38","date_gmt":"2025-05-25T05:15:38","guid":{"rendered":"https:\/\/anpiano.com\/?post_type=product&#038;p=13871"},"modified":"2025-10-07T13:34:17","modified_gmt":"2025-10-07T06:34:17","slug":"yamaha-ydp-143","status":"publish","type":"product","link":"https:\/\/anpiano.com\/?product=yamaha-ydp-143","title":{"rendered":"Yamaha YDP 143"},"content":{"rendered":"<h3><strong>\u0110\u00e0n piano \u0111i\u1ec7n\u00a0 Yamaha YDP 143 l\u00e0 model \u0111\u00e0n piano \u0111i\u1ec7n \u0111\u01b0\u1ee3c s\u1ea3n xu\u1ea5t n\u0103m 2016 c\u1ee7a h\u00e3ng Yamaha. \u0110\u00e2y l\u00e0 model b\u00e1n ch\u1ea1y nh\u1ea5t c\u1ee7a Yamaha trong d\u00f2ng Arius\/YDP \u2013 nh\u1eafm t\u1edbi ph\u00e2n kh\u00fac ng\u01b0\u1eddi ch\u01a1i mu\u1ed1n m\u1ed9t c\u00e2y \u0111\u00e0n ch\u1ea5t l\u01b0\u1ee3ng \u0111\u1ec3 h\u1ecdc t\u1eadp c\u0169ng nh\u01b0 ch\u01a1i b\u00e1n chuy\u00ean nghi\u1ec7p sau n\u00e0y.<\/strong><\/h3>\n<figure id=\"attachment_3837\" class=\"wp-caption aligncenter\" aria-describedby=\"caption-attachment-3837\"><img fetchpriority=\"high\" decoding=\"async\" class=\"lazy-load-active aligncenter wp-image-3837\" title=\"\u0110\u00e0n Piano \u0110i\u1ec7n Yamaha YDP-143 5\" src=\"https:\/\/pianodongnai.com\/wp-content\/uploads\/2021\/04\/1-6-800x342.jpg\" sizes=\"auto, (max-width: 800px) 100vw, 800px\" srcset=\"https:\/\/pianodongnai.com\/wp-content\/uploads\/2021\/04\/1-6-800x342.jpg 800w, https:\/\/pianodongnai.com\/wp-content\/uploads\/2021\/04\/1-6-510x218.jpg 510w, https:\/\/pianodongnai.com\/wp-content\/uploads\/2021\/04\/1-6-768x328.jpg 768w, https:\/\/pianodongnai.com\/wp-content\/uploads\/2021\/04\/1-6.jpg 960w\" alt=\"Yamaha YDP 143\" width=\"800\" height=\"342\" data-src=\"https:\/\/pianodongnai.com\/wp-content\/uploads\/2021\/04\/1-6-800x342.jpg\" data-srcset=\"https:\/\/pianodongnai.com\/wp-content\/uploads\/2021\/04\/1-6-800x342.jpg 800w, https:\/\/pianodongnai.com\/wp-content\/uploads\/2021\/04\/1-6-510x218.jpg 510w, https:\/\/pianodongnai.com\/wp-content\/uploads\/2021\/04\/1-6-768x328.jpg 768w, https:\/\/pianodongnai.com\/wp-content\/uploads\/2021\/04\/1-6.jpg 960w\" \/><figcaption id=\"caption-attachment-3837\" class=\"wp-caption-text\">Yamaha YDP 143<\/figcaption><\/figure>\n<h3>T\u00ednh n\u0103ng \u0111\u1eb7c tr\u01b0ng c\u1ee7a\u00a0<a href=\"https:\/\/anpiano.com\/danh-muc\/piano-dan-dien\/ya-ma-ha\/\">\u0111\u00e0n piano Yamaha<\/a> YDP 143<\/h3>\n<ul>\n<li>10 \u00e2m thanh ch\u1ea5t l\u01b0\u1ee3ng cao, 192 \u00e2m s\u1eafc \u0111\u1ec3 b\u1ea1n th\u1ef1c s\u1ef1 \u0111\u1eafm m\u00ecnh trong th\u1ebf gi\u1edbi \u00e2m thanh ch\u1ea5t l\u01b0\u1ee3ng tr\u00ean Yamaha YDP-143<\/li>\n<li>88 b\u00e0n ph\u00edm \u0111\u1ea1t ti\u00eau chu\u1ea9n GHS c\u1ee7a Yamaha, t\u1eeb l\u00e2u nay v\u1ed1n r\u1ea5t n\u1ed5i ti\u1ebfng mang l\u1ea1i c\u1ea3m gi\u00e1c tho\u1ea3i m\u00e1i cho ng\u01b0\u1eddi ch\u01a1i \u0111\u00e0n, \u0111\u1ed9 nh\u1ea1y nh\u01b0 \u0111\u00e0n c\u01a1 cao c\u1ea5p. \u0110\u1eb7c bi\u1ec7t c\u00e1c ph\u00edm n\u00e0y ph\u1ee7 m\u1edd nh\u01b0 ph\u00edm ng\u00e0, ch\u1ed1ng tr\u01b0\u1ee3t khi ch\u01a1i \u0111\u00e0n v\u1edbi t\u1ed1c \u0111\u1ed9 nhanh.<\/li>\n<li>C\u00f4ng ngh\u1ec7 x\u1eed l\u00fd \u00e2m thanh Pure CF Sound c\u1ee7a Yamaha v\u1ed1n \u0111\u01b0\u1ee3c y\u00eau th\u00edch tr\u00ean to\u00e0n th\u1ebf gi\u1edbi.<\/li>\n<\/ul>\n<h3>\u00a0Pedal Yamaha YDP 143 c\u00f3 \u0111\u1ed9 nh\u1ea1y cao<\/h3>\n<p>Ngo\u00e0i \u0111\u1ed9 m\u1ea1nh nh\u1eb9 c\u1ee7a b\u00e0n tay t\u00e1c \u0111\u1ed9ng l\u00ean ph\u00edm, b\u1ea1n c\u00f2n c\u00f3 th\u1ec3 di\u1ec5n \u0111\u1ea1t c\u1ea3m x\u00fac r\u1ea5t th\u1eadt, r\u1ea5t s\u00e2u nh\u1edd pedal c\u1ee7a Yamaha YDP 143. B\u1eb1ng vi\u1ec7c \u0111\u1ea1p s\u00e2u, n\u00f4ng, v\u1eeba ph\u1ea3i tr\u00ean pedal, s\u1eafc th\u00e1i c\u1ee7a b\u1ea3n nh\u1ea1c s\u1ebd thay \u0111\u1ed5i. \u0110\u1ed9 nh\u1ea1y c\u1ee7a Pedal n\u00e0y l\u00e0 m\u1ed9t trong c\u00e1c y\u1ebfu t\u1ed1t quan trong l\u00e0m n\u00ean h\u1ed3n c\u1ee7a ng\u01b0\u1eddi ch\u01a1i \u0111\u00e0n. C\u00f9ng m\u1ed9t ng\u01b0\u1eddi ch\u01a1i, m\u1ed9t k\u1ef9 thu\u1eadt, 1 b\u1ea3n nh\u1ea1c nh\u01b0ng \u0111\u1ed9 m\u1ea1nh nh\u1eb9, n\u00f4ng s\u00e2u c\u1ee7a pedal s\u1ebd mang l\u1ea1i c\u00e1c s\u1eafc th\u00e1i ho\u00e0n to\u00e0n kh\u00e1c nhau cho b\u1ea3n nh\u1ea1c \u0111\u00f3.<\/p>\n<h3>\u1ee8ng d\u1ee5ng MusicSoft Manager (Qu\u1ea3n l\u00fd ph\u1ea7n m\u1ec1m nh\u1ea1c)<\/h3>\n<p>Yamaha YDP 143 cho ph\u00e9p b\u1ea1n k\u1ebft n\u1ed1i ph\u1ea7n m\u1ec1m <strong>MusicSoft Manager\u00a0<\/strong>kh\u00f4ng nh\u1eefng l\u01b0u tr\u1eef c\u00e1c b\u1ea3n nh\u1ea1c b\u1ea1n t\u1ea1o t\u1eeb b\u1ed9 thu \u00e2m t\u00edch h\u1ee3p s\u1eb5n m\u00e0 c\u00f2n b\u1ed5 sung th\u00eam c\u00e1c b\u1ea3n nh\u1ea1c t\u1eeb b\u00ean th\u1ee9 ba. \u0110\u1ec3 s\u1eed d\u1ee5ng t\u00ednh n\u0103ng n\u00e0y, c\u1ea7n c\u00f3 m\u1ed9t t\u00f9y ch\u1ecdn giao di\u1ec7n Yamaha UD\u00acbt01 Bluetooth ho\u1eb7c m\u1ed9t b\u1ed9 chuy\u1ec3n \u0111\u1ed5i Lightning\u00acUSB.<\/p>\n<p>Ngo\u00e0i ra, Yamaha YDP 143 c\u00f3 nhi\u1ec1u c\u00e1c ch\u1ee9c n\u0103ng kh\u00e1c, k\u1ebf th\u1eeba ngh\u1ec7 thu\u1eadt l\u00e0m \u0111\u00e0n \u0111\u1ec9nh cao c\u1ee7a Yamaha, ch\u1eafc ch\u1eafn s\u1ebd mang l\u1ea1i cho ng\u01b0\u1eddi ch\u01a1i \u0111\u1ed9 h\u00e0i l\u00f2ng v\u00e0 th\u1ecfa m\u00e3n khi s\u1edf h\u1eefu n\u00f3.<\/p>\n<figure id=\"attachment_2252\" class=\"wp-caption aligncenter\" aria-describedby=\"caption-attachment-2252\"><img decoding=\"async\" class=\"lazy-load-active aligncenter wp-image-2252\" title=\"\u0110\u00e0n Piano \u0110i\u1ec7n Yamaha YDP-143 6\" src=\"https:\/\/pianodongnai.com\/wp-content\/uploads\/2021\/04\/i-img1200x900-1562290699tlckzq911-1024x768-1-533x400.jpg\" alt=\"Yamaha YDP 143\" width=\"800\" height=\"600\" data-src=\"https:\/\/pianodongnai.com\/wp-content\/uploads\/2021\/04\/i-img1200x900-1562290699tlckzq911-1024x768-1-533x400.jpg\" \/><figcaption id=\"caption-attachment-2252\" class=\"wp-caption-text\">Yamaha YDP 143<\/figcaption><\/figure>\n<h3>Th\u00f4ng s\u1ed1 k\u1ef9 thu\u1eadt \u0111\u00e0n piano \u0111i\u1ec7n Yamaha YDP 143:<\/h3>\n<div class=\"spectable-fixedcol-wrapper\" aria-hidden=\"true\"><\/div>\n<table class=\"table table-bordered\" border=\"1\">\n<thead>\n<tr class=\"active\">\n<th colspan=\"2\"><\/th>\n<th class=\"spectable-colnumber-0\" scope=\"col\">YDP-143R<\/th>\n<\/tr>\n<\/thead>\n<tbody>\n<tr class=\"active\">\n<th colspan=\"3\" aria-hidden=\"true\">K\u00edch c\u1ee1\/tr\u1ecdng l\u01b0\u1ee3ng<\/th>\n<\/tr>\n<tr>\n<th class=\"active\" rowspan=\"3\" scope=\"row\">K\u00edch th\u01b0\u1edbc<\/th>\n<th class=\"active\" scope=\"row\">Chi\u1ec1u r\u1ed9ng<\/th>\n<td class=\"spectable-colnumber-0\">1357 mm<\/td>\n<\/tr>\n<tr>\n<th class=\"active\" scope=\"row\">Chi\u1ec1u cao<\/th>\n<td class=\"spectable-colnumber-0\">815 mm<\/td>\n<\/tr>\n<tr>\n<th class=\"active\" scope=\"row\">\u0110\u1ed9 s\u00e2u<\/th>\n<td class=\"spectable-colnumber-0\">422 mm<\/td>\n<\/tr>\n<tr>\n<th class=\"active\" rowspan=\"1\" scope=\"row\">Tr\u1ecdng l\u01b0\u1ee3ng<\/th>\n<th class=\"active\" scope=\"row\">Tr\u1ecdng l\u01b0\u1ee3ng<\/th>\n<td class=\"spectable-colnumber-0\">38.0 kg<\/td>\n<\/tr>\n<tr class=\"active\">\n<th colspan=\"3\" aria-hidden=\"true\">Giao di\u1ec7n \u0110i\u1ec1u Khi\u1ec3n<\/th>\n<\/tr>\n<tr>\n<th class=\"active\" rowspan=\"3\" scope=\"row\">B\u00e0n ph\u00edm<\/th>\n<th class=\"active\" scope=\"row\">S\u1ed1 ph\u00edm<\/th>\n<td class=\"spectable-colnumber-0\">88<\/td>\n<\/tr>\n<tr>\n<th class=\"active\" scope=\"row\">Lo\u1ea1i<\/th>\n<td class=\"spectable-colnumber-0\">GHS keyboard with matte black key tops<\/td>\n<\/tr>\n<tr>\n<th class=\"active\" scope=\"row\">Ph\u00edm \u0111\u00e0n c\u1ea3m \u1ee9ng theo l\u1ef1c \u0111\u00e1nh<\/th>\n<td class=\"spectable-colnumber-0\">Hard\/Medium\/Soft\/Fixed<\/td>\n<\/tr>\n<tr>\n<th class=\"active\" rowspan=\"3\" scope=\"row\">Pedal<\/th>\n<th class=\"active\" scope=\"row\">S\u1ed1 pedal<\/th>\n<td class=\"spectable-colnumber-0\">3<\/td>\n<\/tr>\n<tr>\n<th class=\"active\" scope=\"row\">N\u1eefa pedal<\/th>\n<td class=\"spectable-colnumber-0\">Yes<\/td>\n<\/tr>\n<tr>\n<th class=\"active\" scope=\"row\">C\u00e1c ch\u1ee9c n\u0103ng<\/th>\n<td class=\"spectable-colnumber-0\">Damper, Sostenuto, Soft<\/td>\n<\/tr>\n<tr>\n<th class=\"active\" rowspan=\"1\" scope=\"row\">B\u1ea3ng \u0111i\u1ec1u khi\u1ec3n<\/th>\n<th class=\"active\" scope=\"row\">Ng\u00f4n ng\u1eef<\/th>\n<td class=\"spectable-colnumber-0\">English<\/td>\n<\/tr>\n<tr class=\"active\">\n<th colspan=\"3\" aria-hidden=\"true\">T\u1ee7 \u0111\u00e0n<\/th>\n<\/tr>\n<tr>\n<th class=\"active\" rowspan=\"1\" scope=\"row\">N\u1eafp che ph\u00edm<\/th>\n<th class=\"active\" scope=\"row\">Ki\u1ec3u n\u1eafp che ph\u00edm<\/th>\n<td class=\"spectable-colnumber-0\">Sliding<\/td>\n<\/tr>\n<tr>\n<th class=\"active\" colspan=\"2\" scope=\"row\">Gi\u00e1 \u0111\u1ec3 b\u1ea3n nh\u1ea1c<\/th>\n<td class=\"spectable-colnumber-0\">Yes<\/td>\n<\/tr>\n<tr class=\"active\">\n<th colspan=\"3\" aria-hidden=\"true\">Gi\u1ecdng<\/th>\n<\/tr>\n<tr>\n<th class=\"active\" rowspan=\"2\" scope=\"row\">T\u1ea1o \u00c2m<\/th>\n<th class=\"active\" scope=\"row\">\u00c2m thanh Piano<\/th>\n<td class=\"spectable-colnumber-0\">Pure CF Sound Engine<\/td>\n<\/tr>\n<tr>\n<th class=\"active\" scope=\"row\">\u00c2m vang<\/th>\n<td class=\"spectable-colnumber-0\">Yes<\/td>\n<\/tr>\n<tr>\n<th class=\"active\" rowspan=\"1\" scope=\"row\">\u0110a \u00e2m<\/th>\n<th class=\"active\" scope=\"row\">S\u1ed1 \u0111a \u00e2m (T\u1ed1i \u0111a)<\/th>\n<td class=\"spectable-colnumber-0\">192<\/td>\n<\/tr>\n<tr>\n<th class=\"active\" rowspan=\"1\" scope=\"row\">C\u00e0i \u0111\u1eb7t s\u1eb5n<\/th>\n<th class=\"active\" scope=\"row\">S\u1ed1 gi\u1ecdng<\/th>\n<td class=\"spectable-colnumber-0\">10<\/td>\n<\/tr>\n<tr class=\"active\">\n<th colspan=\"3\" aria-hidden=\"true\">Bi\u1ebfn t\u1ea5u<\/th>\n<\/tr>\n<tr>\n<th class=\"active\" rowspan=\"2\" scope=\"row\">Lo\u1ea1i<\/th>\n<th class=\"active\" scope=\"row\">Ti\u1ebfng Vang<\/th>\n<td class=\"spectable-colnumber-0\">4 types<\/td>\n<\/tr>\n<tr>\n<th class=\"active\" scope=\"row\">Ki\u1ec3m so\u00e1t \u00e2m th\u00f4ng minh (IAC)<\/th>\n<td class=\"spectable-colnumber-0\">Yes<\/td>\n<\/tr>\n<tr class=\"active\">\n<th colspan=\"3\" aria-hidden=\"true\">B\u00e0i h\u00e1t<\/th>\n<\/tr>\n<tr>\n<th class=\"active\" rowspan=\"1\" scope=\"row\">C\u00e0i \u0111\u1eb7t s\u1eb5n<\/th>\n<th class=\"active\" scope=\"row\">S\u1ed1 l\u01b0\u1ee3ng b\u00e0i h\u00e1t c\u00e0i \u0111\u1eb7t s\u1eb5n<\/th>\n<td class=\"spectable-colnumber-0\">10 Demo Songs, 50 Piano Preset Songs<\/td>\n<\/tr>\n<tr>\n<th class=\"active\" rowspan=\"3\" scope=\"row\">Thu \u00e2m<\/th>\n<th class=\"active\" scope=\"row\">S\u1ed1 l\u01b0\u1ee3ng b\u00e0i h\u00e1t<\/th>\n<td class=\"spectable-colnumber-0\">1<\/td>\n<\/tr>\n<tr>\n<th class=\"active\" scope=\"row\">S\u1ed1 l\u01b0\u1ee3ng track<\/th>\n<td class=\"spectable-colnumber-0\">2<\/td>\n<\/tr>\n<tr>\n<th class=\"active\" scope=\"row\">Dung L\u01b0\u1ee3ng D\u1eef Li\u1ec7u<\/th>\n<td class=\"spectable-colnumber-0\">100 KB\/Song (Approx. 11,000 notes)<\/td>\n<\/tr>\n<tr>\n<th class=\"active\" rowspan=\"2\" scope=\"row\">\u0110\u1ecbnh d\u1ea1ng d\u1eef li\u1ec7u t\u01b0\u01a1ng th\u00edch<\/th>\n<th class=\"active\" scope=\"row\">Ph\u00e1t l\u1ea1i<\/th>\n<td class=\"spectable-colnumber-0\">Standard MIDI File (SMF) Format 0 &amp; 1<\/td>\n<\/tr>\n<tr>\n<th class=\"active\" scope=\"row\">Thu \u00e2m<\/th>\n<td class=\"spectable-colnumber-0\">Standard MIDI File (SMF) Format 0<\/td>\n<\/tr>\n<tr class=\"active\">\n<th colspan=\"3\" aria-hidden=\"true\">C\u00e1c ch\u1ee9c n\u0103ng<\/th>\n<\/tr>\n<tr>\n<th class=\"active\" rowspan=\"6\" scope=\"row\">T\u1ed5ng h\u1ee3p<\/th>\n<th class=\"active\" scope=\"row\">K\u00e9p\/Tr\u1ed9n \u00e2m<\/th>\n<td class=\"spectable-colnumber-0\">Yes<\/td>\n<\/tr>\n<tr>\n<th class=\"active\" scope=\"row\">Duo<\/th>\n<td class=\"spectable-colnumber-0\">Yes<\/td>\n<\/tr>\n<tr>\n<th class=\"active\" scope=\"row\">B\u1ed9 \u0111\u1ebfm nh\u1ecbp<\/th>\n<td class=\"spectable-colnumber-0\">Yes<\/td>\n<\/tr>\n<tr>\n<th class=\"active\" scope=\"row\">D\u00e3y Nh\u1ecbp \u0110i\u1ec7u<\/th>\n<td class=\"spectable-colnumber-0\">5 \u2013 280<\/td>\n<\/tr>\n<tr>\n<th class=\"active\" scope=\"row\">D\u1ecbch gi\u1ecdng<\/th>\n<td class=\"spectable-colnumber-0\">-6 \u2013 0 \u2013 +6<\/td>\n<\/tr>\n<tr>\n<th class=\"active\" scope=\"row\">Tinh ch\u1ec9nh<\/th>\n<td class=\"spectable-colnumber-0\">414.8 \u2013 440.0 \u2013 466.8 Hz<\/td>\n<\/tr>\n<tr class=\"active\">\n<th colspan=\"3\" aria-hidden=\"true\">L\u01b0u tr\u1eef v\u00e0 K\u1ebft n\u1ed1i<\/th>\n<\/tr>\n<tr>\n<th class=\"active\" rowspan=\"1\" scope=\"row\">L\u01b0u tr\u1eef<\/th>\n<th class=\"active\" scope=\"row\">B\u1ed9 nh\u1edb trong<\/th>\n<td class=\"spectable-colnumber-0\">Total maximum size approx. 900 KB (User song : One song approx. 100 KB Loading song data from a computer : Up to 10 songs)<\/td>\n<\/tr>\n<tr>\n<th class=\"active\" rowspan=\"2\" scope=\"row\">K\u1ebft n\u1ed1i<\/th>\n<th class=\"active\" scope=\"row\">Tai nghe<\/th>\n<td class=\"spectable-colnumber-0\">Standard stereo phone jack (x 2)<\/td>\n<\/tr>\n<tr>\n<th class=\"active\" scope=\"row\">USB TO HOST<\/th>\n<td class=\"spectable-colnumber-0\">Yes<\/td>\n<\/tr>\n<tr class=\"active\">\n<th colspan=\"3\" aria-hidden=\"true\">Ampli v\u00e0 Loa<\/th>\n<\/tr>\n<tr>\n<th class=\"active\" colspan=\"2\" scope=\"row\">Ampli<\/th>\n<td class=\"spectable-colnumber-0\">6W x 2<\/td>\n<\/tr>\n<tr>\n<th class=\"active\" colspan=\"2\" scope=\"row\">Loa<\/th>\n<td class=\"spectable-colnumber-0\">Oval (12cm x 6cm) x 2<\/td>\n<\/tr>\n<tr class=\"active\">\n<th colspan=\"3\" aria-hidden=\"true\">Ngu\u1ed3n \u0111i\u1ec7n<\/th>\n<\/tr>\n<tr>\n<th class=\"active\" colspan=\"2\" scope=\"row\">Ngu\u1ed3n \u0111i\u1ec7n<\/th>\n<td class=\"spectable-colnumber-0\">PA-150 or an equivalent recommended by Yamaha<\/td>\n<\/tr>\n<tr>\n<th class=\"active\" colspan=\"2\" scope=\"row\">Ti\u00eau th\u1ee5 \u0111i\u1ec7n<\/th>\n<td class=\"spectable-colnumber-0\">8W (When using PA-150 AC adaptor)<\/td>\n<\/tr>\n<tr>\n<th class=\"active\" colspan=\"2\" scope=\"row\">T\u1ef1 \u0111\u1ed9ng T\u1eaft Ngu\u1ed3n<\/th>\n<td class=\"spectable-colnumber-0\">Yes<\/td>\n<\/tr>\n<tr class=\"active\">\n<th colspan=\"3\" aria-hidden=\"true\">Ph\u1ee5 ki\u1ec7n<\/th>\n<\/tr>\n<tr>\n<th class=\"active\" rowspan=\"3\" scope=\"row\">Ph\u1ee5 ki\u1ec7n k\u00e8m s\u1ea3n ph\u1ea9m<\/th>\n<th class=\"active\" scope=\"row\">Bench<\/th>\n<td class=\"spectable-colnumber-0\">Yes (Optional depending on locale)<\/td>\n<\/tr>\n<tr>\n<th class=\"active\" scope=\"row\">S\u00e1ch b\u00e0i h\u00e1t<\/th>\n<td class=\"spectable-colnumber-0\">50 Greats for the Piano<\/td>\n<\/tr>\n<tr>\n<th class=\"active\" scope=\"row\">Kh\u00e1c<\/th>\n<td class=\"spectable-colnumber-0\">Owner\u2019s Manual, Quick Operation Guide<\/td>\n<\/tr>\n<\/tbody>\n<\/table>\n<h3>Demo \u00e2m thanh Yamaha YDP-143<\/h3>\n<p><iframe title=\"Yamaha ARIUS YDP-143 Overview\" src=\"https:\/\/www.youtube.com\/embed\/zx7h2oZMjcM?feature=oembed\" width=\"1020\" height=\"574\" frameborder=\"0\" allowfullscreen=\"allowfullscreen\" data-mce-fragment=\"1\"><\/iframe><\/p>\n<p><a href=\"https:\/\/www.facebook.com\/Anpiano.hanoi\" target=\"_blank\" rel=\"noopener\">T\u01b0 v\u1ea5n v\u00e0 ch\u1ecdn mua s\u1ea3n\u00a0ph\u1ea9m kh\u00e1c t\u1ea1i \u0111\u00e2y<\/a><\/p>\n<p><a href=\"http:\/\/thumuapiano.com\/\" target=\"_blank\" rel=\"noopener\">Ch\u00fang t\u00f4i nh\u1eadn thu mua Piano, h\u00e3y li\u00ean h\u1ec7 n\u1ebfu b\u1ea1n c\u00f3 nhu c\u1ea7u.<\/a><\/p>\n","protected":false},"excerpt":{"rendered":"<ul>\n<li>B\u1ea3o h\u00e0nh 18 th\u00e1ng\u00a0<a href=\"https:\/\/anpiano.com\/chinh-sach-bao-hanh\/\">xem th\u00eam<\/a><\/li>\n<li>Gh\u1ebf<\/li>\n<li>Kh\u0103n ph\u1ee7 ph\u00edm<\/li>\n<li>\u0110\u1ed5i ngu\u1ed3n 220V<\/li>\n<li>Freeship HCM \u2013 HN \u2013 \u0110N \u2013 NT- BMT<\/li>\n<li>Kh\u00f3a h\u1ecdc online<\/li>\n<\/ul>\n","protected":false},"featured_media":13872,"comment_status":"open","ping_status":"closed","template":"","meta":[],"product_cat":[17,129],"product_tag":[1578,1576,1580,1577,1579,1581],"class_list":{"0":"post-13871","1":"product","2":"type-product","3":"status-publish","4":"has-post-thumbnail","6":"product_cat-piano-dan-dien","7":"product_cat-ya-ma-ha","8":"product_tag-piano-ydp-143","9":"product_tag-yamaha-ydp-143","10":"product_tag-yamaha-ydp-143wh","11":"product_tag-ydp-143","12":"product_tag-ydp-143-trang","13":"product_tag-ydp-143wh","15":"first","16":"instock","17":"sale","18":"shipping-taxable","19":"purchasable","20":"product-type-simple"},"jetpack_sharing_enabled":true,"_links":{"self":[{"href":"https:\/\/anpiano.com\/index.php?rest_route=\/wp\/v2\/product\/13871"}],"collection":[{"href":"https:\/\/anpiano.com\/index.php?rest_route=\/wp\/v2\/product"}],"about":[{"href":"https:\/\/anpiano.com\/index.php?rest_route=\/wp\/v2\/types\/product"}],"replies":[{"embeddable":true,"href":"https:\/\/anpiano.com\/index.php?rest_route=%2Fwp%2Fv2%2Fcomments&post=13871"}],"version-history":[{"count":2,"href":"https:\/\/anpiano.com\/index.php?rest_route=\/wp\/v2\/product\/13871\/revisions"}],"predecessor-version":[{"id":13973,"href":"https:\/\/anpiano.com\/index.php?rest_route=\/wp\/v2\/product\/13871\/revisions\/13973"}],"wp:featuredmedia":[{"embeddable":true,"href":"https:\/\/anpiano.com\/index.php?rest_route=\/wp\/v2\/media\/13872"}],"wp:attachment":[{"href":"https:\/\/anpiano.com\/index.php?rest_route=%2Fwp%2Fv2%2Fmedia&parent=13871"}],"wp:term":[{"taxonomy":"product_cat","embeddable":true,"href":"https:\/\/anpiano.com\/index.php?rest_route=%2Fwp%2Fv2%2Fproduct_cat&post=13871"},{"taxonomy":"product_tag","embeddable":true,"href":"https:\/\/anpiano.com\/index.php?rest_route=%2Fwp%2Fv2%2Fproduct_tag&post=13871"}],"curies":[{"name":"wp","href":"https:\/\/api.w.org\/{rel}","templated":true}]}}