{"id":13881,"date":"2025-05-30T18:14:27","date_gmt":"2025-05-30T11:14:27","guid":{"rendered":"https:\/\/anpiano.com\/?post_type=product&#038;p=13881"},"modified":"2025-10-26T17:43:59","modified_gmt":"2025-10-26T10:43:59","slug":"yamaha-yu5wn","status":"publish","type":"product","link":"https:\/\/anpiano.com\/?product=yamaha-yu5wn","title":{"rendered":"Yamaha YU5Wn"},"content":{"rendered":"<h2>Gi\u1edbi thi\u1ec7u chi ti\u1ebft v\u1ec1 \u0111\u00e0n Piano Yamaha YU5Wn<\/h2>\n<p><strong>\u0110\u00e0n piano Yamaha YU5Wn l\u00e0 m\u1ed9t trong nh\u1eefng c\u00e2y \u0111\u00e0n piano upright cao c\u1ea5p nh\u1ea5t c\u1ee7a th\u01b0\u01a1ng hi\u1ec7u Yamaha danh ti\u1ebfng, \u0111\u01b0\u1ee3c s\u1ea3n xu\u1ea5t t\u1ea1i Nh\u1eadt B\u1ea3n<\/strong><\/p>\n<p>S\u1edf h\u1eefu thi\u1ebft k\u1ebf sang tr\u1ecdng, \u00e2m thanh tuy\u1ec7t h\u1ea3o v\u00e0 b\u1ed9 m\u00e1y \u0111\u00e0n hi\u1ec7n \u0111\u1ea1i, Yamaha YU5Wn x\u1ee9ng \u0111\u00e1ng l\u00e0 ni\u1ec1m m\u01a1 \u01b0\u1edbc c\u1ee7a b\u1ea5t k\u1ef3 ng\u01b0\u1eddi ch\u01a1i piano n\u00e0o, t\u1eeb ng\u01b0\u1eddi m\u1edbi h\u1ecdc \u0111\u1ebfn ngh\u1ec7 s\u0129 chuy\u00ean nghi\u1ec7p.<\/p>\n<h3>Thi\u1ebft k\u1ebf tinh t\u1ebf, sang tr\u1ecdng<\/h3>\n<p>\u0110i\u1ec3m nh\u1ea5n n\u1ed5i b\u1eadt c\u1ee7a Yamaha YU5Wn l\u00e0 hai \u0111\u01b0\u1eddng\u00a0<strong>g\u1ed7 \u00f3c ch\u00f3 ph\u1ee7 m\u00e0u \u0111\u1ecf m\u1eadn<\/strong>\u00a0\u0111\u1ed9c \u0111\u00e1o tr\u00ean k\u1ec7 gi\u1eef b\u1ea3n nh\u1ea1c \u0111\u01b0\u1ee3c thi\u1ebft k\u1ebf m\u1edf r\u1ed9ng. \u0110i\u1ec3m nh\u1ea5n n\u00e0y l\u00e0 thi\u1ebft k\u1ebf \u0111\u1ed9c nh\u1ea5t trong d\u00f2ng YU\u00a0cao c\u1ea5p nh\u1ea5t, \u0111\u01b0\u1ee3c s\u1ea3n xu\u1ea5t m\u1edbi c\u1ee7a h\u00e3ng.<\/p>\n<p>L\u1edbp v\u1ecf c\u1ee7a th\u00e2n \u0111\u00e0n \u0111\u01b0\u1ee3c s\u01a1n m\u00e0u \u0111en v\u00e0 ph\u1ee7 b\u00f3ng s\u00e1ng, t\u1ea1o c\u1ea3m gi\u00e1c d\u00e0y d\u1eb7n do \u0111\u01b0\u1ee3c s\u01a1n t\u1eeb 8 l\u1edbp s\u01a1n cao c\u1ea5p, mang \u0111\u1ebfn v\u1ebb \u0111\u1eb9p sang tr\u1ecdng v\u00e0 b\u1ec1n b\u1ec9 theo th\u1eddi gian.<\/p>\n<p>&nbsp;<\/p>\n<p>&nbsp;<\/p>\n<h3>\u00c2m thanh truy\u1ec1n c\u1ea3m, th\u1ec3 hi\u1ec7n c\u1ea3m x\u00fac<\/h3>\n<p>\u00c2m thanh c\u1ee7a Yamaha YU5Wn mang t\u00ednh c\u00e2n b\u1eb1ng v\u00e0 chi ti\u1ebft \u0111\u01b0\u1ee3c xem l\u00e0 c\u1ea3i thi\u1ec7n h\u01a1n nhi\u1ec1u so v\u1edbi c\u00e1c chi\u1ebfc \u0111\u00e0n thu\u1ed9c d\u00f2ng U series.<\/p>\n<p>S\u1ef1 c\u1ea3i thi\u1ec7n n\u00e0y \u0111\u1ebfn t\u1eeb, b\u1ea3ng c\u1ed9ng h\u01b0\u1edfng \u0111\u01b0\u1ee3c l\u00e0m t\u1eeb g\u1ed7 v\u00e2n sam nguy\u00ean kh\u1ed1i, k\u1ebft h\u1ee3p v\u1edbi h\u1ec7 th\u1ed1ng c\u00e1c thanh ribs d\u00e0i, \u0111\u01b0\u1ee3c c\u1ed1 \u0111\u1ecbnh ch\u00e9o v\u1edbi c\u00e1c thanh tr\u1ee5, gi\u00fap cho c\u1ea5u tr\u00fac c\u1ee7a b\u1ea3ng c\u1ed9ng h\u01b0\u1edfng ch\u1eafc ch\u1eafn, lu\u00f4n c\u00f3 s\u1ef1 \u1ed5n \u0111\u1ecbnh khi \u0111\u00e0n ho\u1ea1t \u0111\u1ed9ng.<\/p>\n<p>C\u00f4ng ngh\u1ec7\u00a0<strong>V-pro<\/strong>, h\u00fat ch\u00e2n kh\u00f4ng truy\u1ec1n th\u1ed1ng c\u1ee7a piano Yamaha\u00a0c\u0169ng \u0111\u01b0\u1ee3c \u00e1p d\u1ee5ng, t\u1eeb \u0111\u00f3, c\u1ea3i thi\u1ec7n th\u00eam \u00e2m khu tr\u1ea7m c\u1ee7a \u0111\u00e0n.<\/p>\n<p>\u0110\u1eb7c bi\u1ec7t, v\u1edbi n\u1eafp tho\u00e1t \u00e2m, ng\u01b0\u1eddi ch\u01a1i c\u00f3 th\u1ec3 khu\u1ebfch \u0111\u1ea1i \u00e2m thanh \u0111\u00e0n b\u1eb1ng c\u00e1ch m\u1edf r\u1ed9ng n\u1eafp, \u0111i\u1ec1u n\u00e0y t\u01b0\u01a1ng t\u1ef1 nh\u01b0 c\u00e1ch ng\u01b0\u1eddi \u0111\u00e1nh \u0111\u00e0n grand piano c\u00f3 th\u1ec3 nghe r\u00f5 c\u00e1c note nh\u1ea1c c\u1ee7a ch\u00ednh m\u00ecnh.<\/p>\n<h3>Ph\u00edm \u0111\u00e0n linh ho\u1ea1t, d\u1ec5 ch\u01a1i<\/h3>\n<p>Ph\u00edm \u0111\u00e0n l\u00e0m t\u1eeb g\u1ed7 th\u00edch ch\u1ea5t l\u01b0\u1ee3ng cao, \u0111\u01b0\u1ee3c tuy\u1ec3n ch\u1ecdn v\u00e0 gia c\u1ed1 th\u00eam c\u00e1c l\u1edbp keo si\u00eau b\u1ec1n, gi\u00fap b\u1ed9 ph\u00edm ho\u1ea1t \u0111\u1ed9ng \u1ed5n \u0111\u1ecbnh trong m\u1ecdi \u0111i\u1ec1u ki\u1ec7n kh\u00ed h\u1eadu.<\/p>\n<p>Ngo\u00e0i ra, c\u00e1c ph\u00edm \u0111\u00e0n \u0111\u01b0\u1ee3c b\u1ed5 sung th\u00eam c\u00e1c n\u00fat ch\u00ec \u0111\u1ec3 c\u00e2n b\u1eb1ng l\u1ef1c ph\u00edm. Qu\u00e1 tr\u00ecnh c\u00e2n ch\u1ec9nh n\u00e0y \u0111\u01b0\u1ee3c l\u00e0m th\u1ee7 c\u00f4ng ho\u00e0n to\u00e0n do c\u00e1c ngh\u1ec7 nh\u00e2n Nh\u1eadt B\u1ea3n gi\u00e0u kinh nghi\u1ec7m.<\/p>\n<p>T\u1ed5ng th\u1ec3 t\u1ea1o n\u00ean m\u1ed9t b\u1ed9 ph\u00edm \u0111\u00e0n cao c\u1ea5p, \u0111\u00e1p \u1ee9ng \u0111\u1ea7y \u0111\u1ee7 c\u00e1c ti\u00eau chu\u1ea9n kh\u1eaft khe v\u1ec1 k\u1ef9 thu\u1eadt ch\u01a1i piano c\u1ee7a c\u00e1c pianist kh\u00f3 t\u00ednh.<\/p>\n<p>&nbsp;<\/p>\n<p>&nbsp;<\/p>\n<h3>S\u1ea3n xu\u1ea5t b\u1eb1ng v\u1eadt li\u1ec7u cao c\u1ea5p<\/h3>\n<p>G\u1ed7 th\u00edch l\u00e0 lo\u1ea1i\u00a0<strong>cao c\u1ea5p v\u00e0 b\u1ec1n b\u1ec9<\/strong>. V\u1edbi \u0111\u1eb7c t\u00ednh\u00a0<strong>truy\u1ec1n \u00e2m t\u1ed1t<\/strong>\u00a0v\u00e0\u00a0<strong>\u0111\u1ed9 b\u1ec1n cao<\/strong>, g\u1ed7 th\u00edch tr\u00ean ph\u00edm \u0111\u00e0n k\u1ebft h\u1ee3p c\u00f9ng b\u1ea3ng \u00e2m g\u1ed7 v\u00e2n sam gi\u00fap \u0111\u00e0n Yamaha YU5Wn l\u00e0m t\u0103ng th\u00eam gi\u00e1 tr\u1ecb v\u00e0 l\u00e0 nguy\u00ean li\u1ec7u ch\u00ednh d\u1eabn \u0111\u1ebfn s\u1ef1 kh\u00e1c bi\u1ec7t trong \u00e2m thanh c\u1ee7a \u0111\u00e0n so v\u1edbi c\u00e1c nh\u1ea1c c\u1ee5 c\u00f9ng ph\u00e2n kh\u00fac.<\/p>\n<p>Ngo\u00e0i ra, len v\u00e0 n\u1ec9 \u00e9p cao c\u1ea5p \u0111\u01b0\u1ee3c d\u00f9ng l\u00e0m \u0111\u1ea7u b\u00faa c\u1ee7a \u0111\u00e0n c\u0169ng \u0111\u01b0\u1ee3c d\u1ed3n l\u1ef1c \u00e9p v\u1edbi c\u00f4ng ngh\u1ec7 \u0111\u1ecbnh h\u00ecnh T-shape \u0111\u1ed9c quy\u1ec1n t\u1eeb Yamaha, cho ch\u1ea5t l\u01b0\u1ee3ng \u00e2m thanh c\u1ee7a \u0111\u00e0n lu\u00f4n ho\u00e0n h\u1ea3o v\u00e0 \u1ed5n \u0111\u1ecbnh.<\/p>\n<p>Ch\u1ed1t gi\u1eef d\u00e2y t\u1eeb th\u00e9p tinh luy\u1ec7n m\u1ea1 l\u1edbp nikel ch\u1ed1ng g\u1ec9 s\u00e9t, t\u0103ng th\u00eam th\u1ea9m m\u1ef9 v\u00e0 \u0111\u1ed9 b\u1ec1n cho b\u1ed9 d\u00e2y d\u00e0n.<\/p>\n<p>N\u1ebfu b\u1ea1n l\u00e0 m\u1ed9t ng\u01b0\u1eddi y\u00eau nh\u1ea1c, mong mu\u1ed1n n\u00e2ng cao tr\u1ea3i nghi\u1ec7m \u00e2m nh\u1ea1c c\u1ee7a m\u00ecnh b\u1eb1ng \u0111\u00e0n piano c\u01a1 th\u00ec m\u1eabu \u0111\u00e0n Yamaha YU5Wn s\u1ebd r\u1ea5t ph\u00f9 h\u1ee3p v\u1edbi b\u1ea1n.<\/p>\n<div class=\"product-section\">\n<div class=\"row\">\n<div class=\"large-10 col pb-0 mb-0\">\n<div class=\"panel entry-content\">\n<p><a href=\"https:\/\/www.facebook.com\/Anpiano.hanoi\" target=\"_blank\" rel=\"noopener\">T\u01b0 v\u1ea5n v\u00e0 ch\u1ecdn mua s\u1ea3n\u00a0ph\u1ea9m kh\u00e1c t\u1ea1i \u0111\u00e2y<\/a><\/p>\n<p><a href=\"http:\/\/thumuapiano.com\/\" target=\"_blank\" rel=\"noopener\">Ch\u00fang t\u00f4i nh\u1eadn thu mua Piano, h\u00e3y li\u00ean h\u1ec7 n\u1ebfu b\u1ea1n c\u00f3 nhu c\u1ea7u.<\/a><\/p>\n<\/div>\n<\/div>\n<\/div>\n<\/div>\n<div class=\"product-section\">\n<div class=\"row\">\n<div class=\"large-2 col pb-0 mb-0\"><\/div>\n<\/div>\n<\/div>\n<p>&nbsp;<\/p>\n","protected":false},"excerpt":{"rendered":"<div class=\"product-short-description\">\n<ul>\n<li>B\u1ea3o h\u00e0nh 10 n\u0103m\u00a0 <a href=\"https:\/\/anpiano.com\/chinh-sach-bao-hanh\/\">xem th\u00eam<\/a><\/li>\n<li>Gh\u1ebf<\/li>\n<li>Kh\u0103n ph\u1ee7 ph\u00edm<\/li>\n<li>\u0110\u1ed5i ngu\u1ed3n 220V<\/li>\n<li>Freeship HN \u2013 HCM \u2013 \u0110N \u2013 NT- BMT<\/li>\n<li>Kh\u00f3a h\u1ecdc online<\/li>\n<\/ul>\n<\/div>\n<form class=\"cart\" action=\"https:\/\/anpiano.com\/?product=yamaha-ydp-143\" enctype=\"multipart\/form-data\" method=\"post\">\n<div class=\"ux-quantity quantity buttons_added\"><\/div>\n<\/form>\n","protected":false},"featured_media":13882,"comment_status":"open","ping_status":"closed","template":"","meta":[],"product_cat":[125,326],"product_tag":[1583,298,634,1582,1584,1585],"class_list":{"0":"post-13881","1":"product","2":"type-product","3":"status-publish","4":"has-post-thumbnail","6":"product_cat-piano-upright","7":"product_cat-yamaha-upright","8":"product_tag-dan-piano-cao-cap","9":"product_tag-piano-upright","10":"product_tag-piano-yamaha","11":"product_tag-yamaha-co","12":"product_tag-yamaha-yu5wn","13":"product_tag-yu5wn","15":"first","16":"instock","17":"sale","18":"shipping-taxable","19":"purchasable","20":"product-type-simple"},"jetpack_sharing_enabled":true,"_links":{"self":[{"href":"https:\/\/anpiano.com\/index.php?rest_route=\/wp\/v2\/product\/13881"}],"collection":[{"href":"https:\/\/anpiano.com\/index.php?rest_route=\/wp\/v2\/product"}],"about":[{"href":"https:\/\/anpiano.com\/index.php?rest_route=\/wp\/v2\/types\/product"}],"replies":[{"embeddable":true,"href":"https:\/\/anpiano.com\/index.php?rest_route=%2Fwp%2Fv2%2Fcomments&post=13881"}],"version-history":[{"count":5,"href":"https:\/\/anpiano.com\/index.php?rest_route=\/wp\/v2\/product\/13881\/revisions"}],"predecessor-version":[{"id":13889,"href":"https:\/\/anpiano.com\/index.php?rest_route=\/wp\/v2\/product\/13881\/revisions\/13889"}],"wp:featuredmedia":[{"embeddable":true,"href":"https:\/\/anpiano.com\/index.php?rest_route=\/wp\/v2\/media\/13882"}],"wp:attachment":[{"href":"https:\/\/anpiano.com\/index.php?rest_route=%2Fwp%2Fv2%2Fmedia&parent=13881"}],"wp:term":[{"taxonomy":"product_cat","embeddable":true,"href":"https:\/\/anpiano.com\/index.php?rest_route=%2Fwp%2Fv2%2Fproduct_cat&post=13881"},{"taxonomy":"product_tag","embeddable":true,"href":"https:\/\/anpiano.com\/index.php?rest_route=%2Fwp%2Fv2%2Fproduct_tag&post=13881"}],"curies":[{"name":"wp","href":"https:\/\/api.w.org\/{rel}","templated":true}]}}