{"id":13908,"date":"2025-06-16T11:56:13","date_gmt":"2025-06-16T04:56:13","guid":{"rendered":"https:\/\/anpiano.com\/?post_type=product&#038;p=13908"},"modified":"2025-10-07T10:31:53","modified_gmt":"2025-10-07T03:31:53","slug":"kawai-ku10","status":"publish","type":"product","link":"https:\/\/anpiano.com\/?product=kawai-ku10","title":{"rendered":"Kawai KU10"},"content":{"rendered":"<h2>Kawai KU10<\/h2>\n<p><strong>\u0110\u00e0n Piano Kawai Ku10 l\u00e0 m\u1ed9t \u0111i\u1ec3m s\u00e1ng trong th\u1ebf gi\u1edbi \u00e2m nh\u1ea1c, n\u01a1i s\u1ef1 tinh t\u1ebf v\u00e0 hi\u1ec7u su\u1ea5t g\u1eb7p nhau \u0111\u1ec3 t\u1ea1o ra m\u1ed9t tr\u1ea3i nghi\u1ec7m \u00e2m nh\u1ea1c \u0111\u00edch th\u1ef1c. H\u00e3y c\u00f9ng kh\u00e1m ph\u00e1 chi ti\u1ebft v\u1ec1 chi\u1ebfc \u0111\u00e0n piano n\u00e0y:<\/strong><\/p>\n<h3><strong>1. Thi\u1ebft K\u1ebf Tinh T\u1ebf v\u00e0 Sang Tr\u1ecdng<\/strong><\/h3>\n<figure id=\"attachment_11661\" class=\"wp-caption alignnone\" aria-describedby=\"caption-attachment-11661\"><figcaption id=\"caption-attachment-11661\" class=\"wp-caption-text\">\u0110\u00e0n Piano Kawai KU10<\/figcaption><\/figure>\n<p>V\u1edbi m\u1ed7i chi ti\u1ebft ch\u0103m ch\u00fat t\u1ec9 m\u1ec9, Kawai KU10 th\u1ec3 hi\u1ec7n s\u1ef1 tinh t\u1ebf v\u00e0 sang tr\u1ecdng t\u1ed9t \u0111\u1ed9. T\u1eeb vi\u1ec7c l\u1ef1a ch\u1ecdn v\u1eadt li\u1ec7u cao c\u1ea5p \u0111\u1ebfn quy tr\u00ecnh ch\u1ebf t\u00e1c tinh x\u1ea3o, m\u1ed7i \u0111\u01b0\u1eddng n\u00e9t tr\u00ean c\u00e2y \u0111\u00e0n n\u00e0y \u0111\u1ec1u th\u1ec3 hi\u1ec7n s\u1ef1 ch\u0103m s\u00f3c v\u00e0 t\u00e2m huy\u1ebft c\u1ee7a c\u00e1c ngh\u1ec7 nh\u00e2n t\u00e0i n\u0103ng t\u1ea1i Anpiano<\/p>\n<p><strong>\u0110\u1eb3ng C\u1ea5p Trong M\u1ecdi Chi Ti\u1ebft<\/strong><\/p>\n<p>M\u1ed7i chi ti\u1ebft tr\u00ean \u0110\u00e0n Piano Kawai Ku10 \u0111\u1ec1u \u0111\u01b0\u1ee3c thi\u1ebft k\u1ebf v\u00e0 ch\u1ebf t\u00e1c v\u1edbi s\u1ef1 c\u1ea9n th\u1eadn v\u00e0 s\u1ef1 tinh t\u1ebf t\u1ed9t \u0111\u1ed9. T\u1eeb b\u1ec1 m\u1eb7t ph\u00edm m\u1ec1m m\u1ea1i \u0111\u1ebfn c\u00e1c chi ti\u1ebft trang tr\u00ed \u0111\u1ed9c \u0111\u00e1o, m\u1ecdi y\u1ebfu t\u1ed1 \u0111\u1ec1u k\u1ebft h\u1ee3p \u0111\u1ec3 t\u1ea1o ra m\u1ed9t t\u00e1c ph\u1ea9m ngh\u1ec7 thu\u1eadt \u0111\u00edch th\u1ef1c.<\/p>\n<p><strong>S\u1ef1 Ch\u0103m Ch\u00fat T\u1ec9 M\u1ec9 T\u1eeb Nh\u1eefng Ngh\u1ec7 Nh\u00e2n T\u00e0i N\u0103ng<\/strong><\/p>\n<p>Kawai Ku10 kh\u00f4ng ch\u1ec9 l\u00e0 m\u1ed9t c\u00e2y \u0111\u00e0n piano, m\u00e0 c\u00f2n l\u00e0 bi\u1ec3u t\u01b0\u1ee3ng c\u1ee7a s\u1ef1 tinh t\u1ebf v\u00e0 \u0111\u1eb3ng c\u1ea5p c\u1ee7a th\u01b0\u01a1ng hi\u1ec7u Kawai. \u0110\u01b0\u1ee3c t\u1ea1o ra b\u1edfi nh\u1eefng ngh\u1ec7 nh\u00e2n t\u00e0i n\u0103ng, m\u1ed7i c\u00e2y \u0111\u00e0n mang trong m\u00ecnh m\u1ed9t c\u00e2u chuy\u1ec7n ri\u00eang v\u1ec1 s\u1ef1 \u0111am m\u00ea v\u00e0 s\u1ef1 huy\u1ec1n b\u00ed c\u1ee7a \u00e2m nh\u1ea1c.<\/p>\n<h3><strong>2. Hi\u1ec7u Su\u1ea5t \u00c2m Nh\u1ea1c Xu\u1ea5t S\u1eafc<\/strong><\/h3>\n<p>S\u1ee9c m\u1ea1nh \u00e2m nh\u1ea1c c\u1ee7a Kawai K10 l\u00e0 \u0111i\u1ec1u kh\u00f4ng th\u1ec3 ph\u1ee7 nh\u1eadn. V\u1edbi c\u00f4ng ngh\u1ec7 ti\u00ean ti\u1ebfn v\u00e0 h\u1ec7 th\u1ed1ng ph\u00edm ch\u1ea5t l\u01b0\u1ee3ng, m\u1ed7i n\u1ed1t nh\u1ea1c \u0111\u01b0\u1ee3c ph\u00e1t ra t\u1eeb c\u00e2y \u0111\u00e0n n\u00e0y \u0111\u1ec1u truy\u1ec1n \u0111\u1ea1t \u0111\u01b0\u1ee3c c\u1ea3m x\u00fac v\u00e0 s\u1ee9c s\u1ed1ng c\u1ee7a \u00e2m nh\u1ea1c m\u1ed9t c\u00e1ch ch\u00e2n th\u1ef1c v\u00e0 s\u00e2u s\u1eafc.<\/p>\n<h3><strong>3. \u0110\u1ed9 B\u1ec1n v\u00e0 Tin C\u1eady<\/strong><\/h3>\n<p>Kawai lu\u00f4n t\u1ef1 h\u00e0o v\u1ec1 ch\u1ea5t l\u01b0\u1ee3ng v\u00e0 \u0111\u1ed9 b\u1ec1n c\u1ee7a s\u1ea3n ph\u1ea9m \u00e2m nh\u1ea1c c\u1ee7a m\u00ecnh, v\u00e0 Kawai Ku10 kh\u00f4ng ph\u1ea3i l\u00e0 ngo\u1ea1i l\u1ec7. \u0110\u01b0\u1ee3c ch\u1ebf t\u1ea1o t\u1eeb c\u00e1c v\u1eadt li\u1ec7u ch\u1ea5t l\u01b0\u1ee3ng cao v\u00e0 \u0111\u01b0\u1ee3c l\u1eafp r\u00e1p b\u1edfi c\u00e1c ngh\u1ec7 nh\u00e2n l\u00e0nh ngh\u1ec1, c\u00e2y \u0111\u00e0n n\u00e0y cam k\u1ebft s\u1ebd ph\u1ee5c v\u1ee5 b\u1ea1n trong nhi\u1ec1u n\u0103m t\u1edbi m\u00e0 kh\u00f4ng m\u1ea5t \u0111i ch\u1ea5t l\u01b0\u1ee3ng v\u00e0 hi\u1ec7u su\u1ea5t.<\/p>\n<h2 class=\"text-xl lg:text-2xl font-bold text-primary uppercase pb-2 lg:pb-4\">Th\u00f4ng s\u1ed1 k\u1ef9 thu\u1eadt<\/h2>\n<div class=\"entry-post-content\">\n<table dir=\"ltr\" border=\"1\" cellspacing=\"0\" cellpadding=\"0\" data-sheets-root=\"1\">\n<colgroup>\n<col width=\"214\" \/>\n<col width=\"334\" \/><\/colgroup>\n<tbody>\n<tr>\n<td data-sheets-value=\"{&quot;1&quot;:2,&quot;2&quot;:&quot;Lo\u1ea1i&quot;}\">Lo\u1ea1i<\/td>\n<td data-sheets-value=\"{&quot;1&quot;:2,&quot;2&quot;:&quot;\u0110\u00e0n Piano Upright&quot;}\">\u0110\u00e0n Piano Upright<\/td>\n<\/tr>\n<tr>\n<td data-sheets-value=\"{&quot;1&quot;:2,&quot;2&quot;:&quot;S\u1ea3n ph\u1ea9m&quot;}\">S\u1ea3n ph\u1ea9m<\/td>\n<td data-sheets-value=\"{&quot;1&quot;:2,&quot;2&quot;:&quot;Yamaha U30A&quot;}\">Kawai KU10<\/td>\n<\/tr>\n<tr>\n<td data-sheets-value=\"{&quot;1&quot;:2,&quot;2&quot;:&quot;M\u00e0u s\u1eafc v\u00e0 l\u1edbp ho\u00e0n thi\u1ec7n&quot;}\">M\u00e0u s\u1eafc v\u00e0 l\u1edbp ho\u00e0n thi\u1ec7n<\/td>\n<td data-sheets-value=\"{&quot;1&quot;:2,&quot;2&quot;:&quot;M\u00e0u \u0111en b\u00f3ng l\u00e0 ti\u00eau chu\u1ea9n, v\u1edbi c\u00e1c m\u00e0u kh\u00e1c nh\u01b0 tr\u1eafng, g\u1ed7 c\u00f3 th\u1ec3 \u0111\u01b0\u1ee3c y\u00eau c\u1ea7u&quot;}\">M\u00e0u \u0111en b\u00f3ng<\/td>\n<\/tr>\n<tr>\n<td data-sheets-value=\"{&quot;1&quot;:2,&quot;2&quot;:&quot;K\u00edch th\u01b0\u1edbc v\u00e0 tr\u1ecdng l\u01b0\u1ee3ng&quot;}\">K\u00edch th\u01b0\u1edbc v\u00e0 tr\u1ecdng l\u01b0\u1ee3ng<\/td>\n<td data-sheets-value=\"{&quot;1&quot;:2,&quot;2&quot;:&quot;Chi\u1ec1u cao l\u00e0 131cm, chi\u1ec1u r\u1ed9ng 152cm, v\u00e0 s\u00e2u 65cm. Tr\u1ecdng l\u01b0\u1ee3ng c\u1ee7a \u0111\u00e0n l\u00e0 247kg\u200b\u200b.&quot;}\">\n<div>\n<div>Chi\u1ec1u cao l\u00e0 125cm, chi\u1ec1u r\u1ed9ng 150cm, v\u00e0 s\u00e2u 65cm.<br \/>\nTr\u1ecdng l\u01b0\u1ee3ng c\u1ee7a \u0111\u00e0n l\u00e0 213kg\u200b\u200b.<\/div>\n<\/div>\n<\/td>\n<\/tr>\n<tr>\n<td data-sheets-value=\"{&quot;1&quot;:2,&quot;2&quot;:&quot;Ph\u00edm \u0111\u00e0n&quot;}\">Ph\u00edm \u0111\u00e0n<\/td>\n<td data-sheets-value=\"{&quot;1&quot;:2,&quot;2&quot;:&quot;\u0110\u00e0n c\u00f3 t\u1ed5ng c\u1ed9ng 88 ph\u00edm\u200b\u200b.&quot;}\">\u0110\u00e0n c\u00f3 t\u1ed5ng c\u1ed9ng 88 ph\u00edm\u200b\u200b.<\/td>\n<\/tr>\n<tr>\n<td data-sheets-value=\"{&quot;1&quot;:2,&quot;2&quot;:&quot;Pedal&quot;}\">Pedal<\/td>\n<td data-sheets-value=\"{&quot;1&quot;:2,&quot;2&quot;:&quot;G\u1ed3m 3 ch\u1ee9c n\u0103ng l\u00e0 Soft, Muffler, v\u00e0 Damper\u200b\u200b.&quot;}\">G\u1ed3m 3 ch\u1ee9c n\u0103ng l\u00e0 Soft, Muffler, v\u00e0 Damper\u200b\u200b.<\/td>\n<\/tr>\n<tr>\n<td data-sheets-value=\"{&quot;1&quot;:2,&quot;2&quot;:&quot;B\u00e1nh xe&quot;}\">B\u00e1nh xe<\/td>\n<td data-sheets-value=\"{&quot;1&quot;:2,&quot;2&quot;:&quot;\u0110\u00e0n c\u00f3 b\u00e1nh xe \u0111\u01a1n \u0111\u1ec3 d\u1ec5 d\u00e0ng di chuy\u1ec3n\u200b\u200b.&quot;}\">\u0110\u00e0n c\u00f3 b\u00e1nh xe \u0111\u01a1n, b\u1eb1ng \u0111\u1ed3ng.<\/td>\n<\/tr>\n<tr>\n<td data-sheets-value=\"{&quot;1&quot;:2,&quot;2&quot;:&quot;B\u1ea3ng \u00e2m&quot;}\">B\u1ea3ng \u00e2m<\/td>\n<td data-sheets-value=\"{&quot;1&quot;:2,&quot;2&quot;:&quot;l\u00e0m t\u1eeb g\u1ed7 v\u00e2n sam, t\u1ea1o th\u00eam s\u1ee9c m\u1ea1nh v\u00e0 \u0111\u1ed9 b\u1ec1n\u200b\u200b.&quot;}\">\n<div>\n<div>L\u00e0m t\u1eeb g\u1ed7 v\u00e2n sam, t\u1ea1o th\u00eam s\u1ee9c m\u1ea1nh v\u00e0 \u0111\u1ed9 b\u1ec1n\u200b\u200b.<\/div>\n<\/div>\n<\/td>\n<\/tr>\n<tr>\n<td data-sheets-value=\"{&quot;1&quot;:2,&quot;2&quot;:&quot;Khung gang&quot;}\">Khung gang<\/td>\n<td data-sheets-value=\"{&quot;1&quot;:2,&quot;2&quot;:&quot;\u0111\u01b0\u1ee3c l\u00e0m t\u1eeb gang, gi\u00fap t\u0103ng c\u01b0\u1eddng \u0111\u1ed9 c\u1ed9ng h\u01b0\u1edfng v\u00e0 \u1ed5n \u0111\u1ecbnh c\u1ea5u tr\u00fac\u200b\u200b.&quot;}\">\n<div>\n<div>\u0111\u01b0\u1ee3c l\u00e0m t\u1eeb gang, gi\u00fap t\u0103ng c\u01b0\u1eddng \u0111\u1ed9 c\u1ed9ng h\u01b0\u1edfng v\u00e0 \u1ed5n \u0111\u1ecbnh c\u1ea5u tr\u00fac\u200b\u200b.<\/div>\n<\/div>\n<\/td>\n<\/tr>\n<tr>\n<td data-sheets-value=\"{&quot;1&quot;:2,&quot;2&quot;:&quot;D\u00e2y \u0111\u00e0n&quot;}\">D\u00e2y \u0111\u00e0n<\/td>\n<td data-sheets-value=\"{&quot;1&quot;:2,&quot;2&quot;:&quot;l\u00e0m t\u1eeb th\u00e9p c\u01b0\u1eddng \u0111\u1ed9 cao, s\u1ea3n xu\u1ea5t th\u1ee7 c\u00f4ng b\u1edfi ngh\u1ec7 nh\u00e2n Nh\u1eadt B\u1ea3n\u200b\u200b.&quot;}\">\n<div>\n<div>L\u00e0m t\u1eeb th\u00e9p c\u01b0\u1eddng \u0111\u1ed9 cao, s\u1ea3n xu\u1ea5t th\u1ee7 c\u00f4ng b\u1edfi ngh\u1ec7 nh\u00e2n Nh\u1eadt B\u1ea3n\u200b\u200b.<\/div>\n<\/div>\n<\/td>\n<\/tr>\n<tr>\n<td data-sheets-value=\"{&quot;1&quot;:2,&quot;2&quot;:&quot;B\u00faa \u0111\u00e0n&quot;}\">B\u00faa \u0111\u00e0n<\/td>\n<td data-sheets-value=\"{&quot;1&quot;:2,&quot;2&quot;:&quot;\u0111\u01b0\u1ee3c l\u00e0m t\u1eeb 100% l\u00f4ng c\u1eebu, ch\u1ecdn l\u1ecdc \u0111\u1eb7c bi\u1ec7t cho m\u1ed7i m\u00f4 h\u00ecnh, mang l\u1ea1i giai \u0111i\u1ec7u t\u1ed1i \u01b0u v\u00e0 \u0111\u1ed9 b\u1ec1n l\u00e2u d\u00e0i\u200b\u200b.&quot;}\">\n<div id=\"product-spec\" class=\"pt-10\">\n<div class=\"entry-post-content\">\n<table dir=\"ltr\" border=\"1\" cellspacing=\"0\" cellpadding=\"0\" data-sheets-root=\"1\">\n<tbody>\n<tr>\n<td data-sheets-value=\"{&quot;1&quot;:2,&quot;2&quot;:&quot;\u0111\u01b0\u1ee3c l\u00e0m t\u1eeb 100% l\u00f4ng c\u1eebu, ch\u1ecdn l\u1ecdc \u0111\u1eb7c bi\u1ec7t cho m\u1ed7i m\u00f4 h\u00ecnh, mang l\u1ea1i giai \u0111i\u1ec7u t\u1ed1i \u01b0u v\u00e0 \u0111\u1ed9 b\u1ec1n l\u00e2u d\u00e0i\u200b\u200b.&quot;}\">\n<div>\n<div>\u0111\u01b0\u1ee3c l\u00e0m t\u1eeb 100% l\u00f4ng c\u1eebu, ch\u1ecdn l\u1ecdc \u0111\u1eb7c bi\u1ec7t cho m\u1ed7i m\u00f4 h\u00ecnh, mang l\u1ea1i giai \u0111i\u1ec7u t\u1ed1i \u01b0u v\u00e0 \u0111\u1ed9 b\u1ec1n l\u00e2u d\u00e0i\u200b\u200b.<\/div>\n<\/div>\n<\/td>\n<\/tr>\n<\/tbody>\n<\/table>\n<\/div>\n<\/div>\n<div id=\"product-faq\" class=\"accordion pt-6 lg:pt-10\">\n<div class=\"accordion__item border-t last:border-b border-[#999999] py-3 xl:py-4\">\n<div class=\"accordion__title flex items-center justify-between cursor-pointer\"><\/div>\n<\/div>\n<\/div>\n<p>&nbsp;<\/td>\n<\/tr>\n<\/tbody>\n<\/table>\n<div class=\"product-section\">\n<div class=\"row\">\n<div class=\"large-10 col pb-0 mb-0\">\n<div class=\"panel entry-content\">\n<div data-id=\"9ly1xDmkO1M\" data-query=\"\" data-src=\"https:\/\/www.youtube.com\/embed\/9ly1xDmkO1M\"><a href=\"https:\/\/www.facebook.com\/anpiano.saigon\" target=\"_blank\" rel=\"noopener\">T\u01b0 v\u1ea5n v\u00e0 ch\u1ecdn mua s\u1ea3n ph\u1ea9m kh\u00e1c t\u1ea1i \u0111\u00e2y<\/a><\/div>\n<div data-id=\"9ly1xDmkO1M\" data-query=\"\" data-src=\"https:\/\/www.youtube.com\/embed\/9ly1xDmkO1M\"><a href=\"http:\/\/thumuapiano.com\/\" target=\"_blank\" rel=\"noopener\">Ch\u00fang t\u00f4i nh\u1eadn thu mua Piano, h\u00e3y li\u00ean h\u1ec7 n\u1ebfu b\u1ea1n c\u00f3 nhu c\u1ea7u.<\/a><\/div>\n<\/div>\n<\/div>\n<\/div>\n<\/div>\n<div class=\"product-section\">\n<div class=\"row\">\n<div class=\"large-2 col pb-0 mb-0\"><\/div>\n<\/div>\n<\/div>\n<\/div>\n","protected":false},"excerpt":{"rendered":"<ul>\n<li>B\u1ea3o h\u00e0nh 10 n\u0103m\u00a0<a href=\"https:\/\/anpiano.com\/chinh-sach-bao-hanh\/\">xem th\u00eam<\/a><\/li>\n<li>Gh\u1ebf<\/li>\n<li>Kh\u0103n ph\u1ee7 ph\u00edm<\/li>\n<li>Kh\u0103n ph\u1ee7 \u0111\u00e0n<\/li>\n<li>\u1ed0ng s\u1ea5y<\/li>\n<li>Kh\u00f3a h\u1ecdc online<\/li>\n<li>Freeship HCM \u2013 HN \u2013 \u0110N \u2013 NT \u2013 BMT<\/li>\n<\/ul>\n","protected":false},"featured_media":13901,"comment_status":"open","ping_status":"closed","template":"","meta":[],"product_cat":[125,326],"product_tag":[1587],"class_list":{"0":"post-13908","1":"product","2":"type-product","3":"status-publish","4":"has-post-thumbnail","6":"product_cat-piano-upright","7":"product_cat-yamaha-upright","8":"product_tag-kawai-ku10","10":"first","11":"instock","12":"sale","13":"shipping-taxable","14":"purchasable","15":"product-type-simple"},"jetpack_sharing_enabled":true,"_links":{"self":[{"href":"https:\/\/anpiano.com\/index.php?rest_route=\/wp\/v2\/product\/13908"}],"collection":[{"href":"https:\/\/anpiano.com\/index.php?rest_route=\/wp\/v2\/product"}],"about":[{"href":"https:\/\/anpiano.com\/index.php?rest_route=\/wp\/v2\/types\/product"}],"replies":[{"embeddable":true,"href":"https:\/\/anpiano.com\/index.php?rest_route=%2Fwp%2Fv2%2Fcomments&post=13908"}],"version-history":[{"count":3,"href":"https:\/\/anpiano.com\/index.php?rest_route=\/wp\/v2\/product\/13908\/revisions"}],"predecessor-version":[{"id":13968,"href":"https:\/\/anpiano.com\/index.php?rest_route=\/wp\/v2\/product\/13908\/revisions\/13968"}],"wp:featuredmedia":[{"embeddable":true,"href":"https:\/\/anpiano.com\/index.php?rest_route=\/wp\/v2\/media\/13901"}],"wp:attachment":[{"href":"https:\/\/anpiano.com\/index.php?rest_route=%2Fwp%2Fv2%2Fmedia&parent=13908"}],"wp:term":[{"taxonomy":"product_cat","embeddable":true,"href":"https:\/\/anpiano.com\/index.php?rest_route=%2Fwp%2Fv2%2Fproduct_cat&post=13908"},{"taxonomy":"product_tag","embeddable":true,"href":"https:\/\/anpiano.com\/index.php?rest_route=%2Fwp%2Fv2%2Fproduct_tag&post=13908"}],"curies":[{"name":"wp","href":"https:\/\/api.w.org\/{rel}","templated":true}]}}