{"id":13955,"date":"2025-09-24T15:48:14","date_gmt":"2025-09-24T08:48:14","guid":{"rendered":"https:\/\/anpiano.com\/?post_type=product&#038;p=13955"},"modified":"2025-11-03T17:00:39","modified_gmt":"2025-11-03T10:00:39","slug":"yamaha-yu30mhc-silent","status":"publish","type":"product","link":"https:\/\/anpiano.com\/?product=yamaha-yu30mhc-silent","title":{"rendered":"Yamaha YU30MhC"},"content":{"rendered":"<h3><strong>\u0110\u00e0n piano d\u00f2ng YU\u00a0c\u00f3 b\u1ea3ng \u00e2m s\u1eafc r\u1ed9ng, \u0111\u1ec3 ng\u01b0\u1eddi ch\u01a1i c\u00f3 th\u1ec3 bi\u1ec3u hi\u1ec7n \u0111\u1ea7y \u0111\u1ee7 c\u00e1c cung b\u1eadc c\u1ea3m x\u00fac. C\u00e2y \u0111\u00e0n \u0111\u00e3 \u0111\u01b0\u1ee3c ch\u1ebf t\u00e1c nh\u1edd l\u1ef1a ch\u1ecdn t\u1ec9 m\u1ec9 c\u1ee7a c\u00e1c v\u1eadt li\u1ec7u ch\u1ea5t l\u01b0\u1ee3ng cao nh\u1ea5t v\u00e0 \u0111\u01b0\u1ee3c c\u00e1c k\u1ef9 thu\u1eadt vi\u00ean l\u00e0nh ngh\u1ec1 ch\u1ec9nh \u00e2m k\u1ef9 l\u01b0\u1ee1ng \u2014 cho ph\u00e9p b\u1ea1n th\u01b0\u1edfng th\u1ee9c tr\u1ecdn v\u1eb9n m\u00e0n tr\u00ecnh di\u1ec5n piano c\u1ee7a m\u00ecnh nh\u01b0 th\u1ec3 \u0111ang ch\u01a1i m\u1ed9t c\u00e2y \u0111\u1ea1i d\u01b0\u01a1ng c\u1ea7m, ho\u00e0n to\u00e0n \u0111\u01b0\u1ee3c bao b\u1ecdc trong \u00e2m thanh phong ph\u00fa m\u00e0 v\u1eabn tho\u1ea3i m\u00e1i trong ch\u00ednh nh\u00e0 m\u00ecnh.<\/strong><\/h3>\n<p><img decoding=\"async\" src=\"https:\/\/anpiano.com\/wp-content\/uploads\/2025\/09\/z7045320301025_dab429a30c7bf4dde052ab4d1e720a4d.jpg\" alt=\"Yamaha YU30MhC\" \/><\/p>\n<h1 class=\"thin-font\" style=\"text-align: center;\"><span style=\"font-size: 100%;\">V\u1eacT LI\u1ec6U CAO C\u1ea4P, CH\u1ec8NH \u00c2M T\u1ec8 M\u1ec8<\/span><\/h1>\n<p>\u0110\u00e0n piano \u0111\u1ee9ng \u0111\u01b0\u1ee3c l\u00e0m ra t\u1eeb kho\u1ea3ng 8.000 b\u1ed9 ph\u1eadn. Nhi\u1ec1u b\u1ed9 ph\u1eadn trong s\u1ed1 \u0111\u00f3 c\u00f3 li\u00ean quan tr\u1ef1c ti\u1ebfp t\u1edbi \u00e2m thanh, v\u00e0 vi\u1ec7c l\u1ef1a ch\u1ecdn v\u1eadt li\u1ec7u c\u00f3 \u1ea3nh h\u01b0\u1edfng l\u1edbn t\u1edbi ch\u1ea5t l\u01b0\u1ee3ng \u00e2m thanh c\u1ee7a \u0111\u00e0n. Trong qu\u00e1 tr\u00ecnh ch\u1ebf t\u00e1c \u0111\u00e0n d\u00f2ng YU, ch\u00fang t\u00f4i \u0111\u00e3 s\u1eed d\u1ee5ng c\u00e1c v\u1eadt li\u1ec7u gi\u1ed1ng nh\u01b0 v\u1eadt li\u1ec7u cho c\u00e2y \u0111\u00e0n \u0111\u1ea1i d\u01b0\u01a1ng c\u1ea7m h\u00f2a nh\u1ea1c CFX h\u00e0ng \u0111\u1ea7u c\u1ee7a Yamaha &#8211; \u0111\u1eb7c bi\u1ec7t l\u00e0 v\u1edbi b\u00faa \u0111\u1eadp v\u00e0 d\u00e2y \u0111\u00e0n &#8211; \u0111\u1ec3 t\u1ed1i \u01b0u h\u00f3a d\u1ea3i \u0111\u1ed9ng bi\u1ec3u c\u1ea3m, v\u00e0 mang t\u1edbi nh\u1eefng giai \u0111i\u1ec7u l\u1ea5p l\u00e1nh s\u1eafc m\u00e0u. H\u01a1n n\u1eefa, c\u00e1c ngh\u1ec7 nh\u00e2n l\u00e0nh ngh\u1ec1 c\u1ee7a ch\u00fang t\u00f4i \u0111\u00e3 d\u00e0nh r\u1ea5t nhi\u1ec1u th\u1eddi gian v\u00e0 n\u1ed7 l\u1ef1c \u0111\u1ec3 t\u1ec9 m\u1ec9 ch\u1ec9nh \u00e2m cho t\u1eebng c\u00e2y \u0111\u00e0n piano t\u1edbi m\u1ee9c ho\u00e0n h\u1ea3o, th\u1ed5i h\u1ed3n v\u00e0o \u00e2m thanh v\u00e0 truy\u1ec1n t\u1ea3i ch\u1ea5t l\u01b0\u1ee3ng \u00e2m thanh v\u01b0\u1ee3t tr\u1ed9i, \u0111\u00e1p \u1ee9ng v\u1edbi s\u1ef1 nh\u1ea1y c\u1ea3m s\u00e2u s\u1eafc c\u1ee7a ng\u01b0\u1eddi ch\u01a1i.<\/p>\n<p>&nbsp;<\/p>\n<h2 class=\"thin-font\"><span style=\"background-color: #282828;\"><img fetchpriority=\"high\" decoding=\"async\" class=\"wp-image-13958 aligncenter\" src=\"https:\/\/anpiano.com\/wp-content\/uploads\/2025\/09\/z7045320321200_79c7d306ee3460b2ed6fb4f2e3ae3545-300x225.jpg\" alt=\"Yamaha YU30MhC\" width=\"315\" height=\"236\" srcset=\"https:\/\/anpiano.com\/wp-content\/uploads\/2025\/09\/z7045320321200_79c7d306ee3460b2ed6fb4f2e3ae3545-300x225.jpg 300w, https:\/\/anpiano.com\/wp-content\/uploads\/2025\/09\/z7045320321200_79c7d306ee3460b2ed6fb4f2e3ae3545-1024x767.jpg 1024w, https:\/\/anpiano.com\/wp-content\/uploads\/2025\/09\/z7045320321200_79c7d306ee3460b2ed6fb4f2e3ae3545-768x575.jpg 768w, https:\/\/anpiano.com\/wp-content\/uploads\/2025\/09\/z7045320321200_79c7d306ee3460b2ed6fb4f2e3ae3545-247x185.jpg 247w, https:\/\/anpiano.com\/wp-content\/uploads\/2025\/09\/z7045320321200_79c7d306ee3460b2ed6fb4f2e3ae3545-510x382.jpg 510w, https:\/\/anpiano.com\/wp-content\/uploads\/2025\/09\/z7045320321200_79c7d306ee3460b2ed6fb4f2e3ae3545.jpg 1276w\" sizes=\"(max-width: 315px) 100vw, 315px\" \/><\/span><\/h2>\n<h2>\u00c2M THANH T\u1ef0 NHI\u00caN V\u00c0 TRONG SU\u1ed0T TUY\u1ec6T V\u1edcI NH\u01af C\u1ee6A \u0110\u00c0N \u0110\u1ea0I D\u01af\u01a0NG C\u1ea6M<\/h2>\n<p>\u0110\u00e0n piano c\u01a1 t\u1ea1o n\u00ean \u0111i\u1ec1u k\u1ef3 di\u1ec7u tuy\u1ec7t v\u1eddi l\u00e0 nh\u1edd kh\u1ea3 n\u0103ng c\u1ed9ng h\u01b0\u1edfng tr\u00ean to\u00e0n b\u1ed9 c\u00e2y \u0111\u00e0n v\u00e0 th\u1eadm ch\u00ed khi\u1ebfn kh\u00f4ng kh\u00ed xung quanh v\u00e0 c\u1ea3 c\u0103n ph\u00f2ng rung \u0111\u1ed9ng \u0111\u1ec3 t\u1ea1o ra \u00e2m thanh phong ph\u00fa, sang tr\u1ecdng. \u0110\u1ec3 t\u1eadn d\u1ee5ng t\u1ed1i \u0111a hi\u1ec7n t\u01b0\u1ee3ng n\u00e0y, d\u00f2ng \u0111\u00e0n YU c\u00f3 m\u1ed9t h\u1ec7 th\u1ed1ng tho\u00e1t \u00e2m \u0111\u1eb7c bi\u1ec7t gi\u00fap gi\u1ea3i ph\u00f3ng \u00e2m thanh t\u1eeb b\u00ean trong c\u00e2y \u0111\u00e0n, t\u0103ng c\u01b0\u1eddng \u00e2m thanh \u0111\u1ec3 ng\u01b0\u1eddi ch\u01a1i c\u00f3 th\u1ec3 c\u1ea3m nh\u1eadn \u0111\u01b0\u1ee3c \u00e2m thanh t\u01b0\u01a1i m\u1edbi v\u00e0 t\u1eeb \u0111\u00f3 \u0111\u01b0\u1ee3c truy\u1ec1n c\u1ea3m h\u1ee9ng.<\/p>\n<h2 style=\"text-align: center;\">V\u1eba NGO\u00c0I THANH L\u1ecaCH<\/h2>\n<p>C\u00f9ng v\u1edbi l\u1edbp ngo\u00e0i g\u1ed7 mun \u0111\u01b0\u1ee3c ph\u1ee7 b\u00f3ng thanh l\u1ecbch v\u00e0 sang tr\u1ecdng, c\u00f2n c\u00f3 l\u1edbp v\u1ecf b\u1eb1ng g\u1ed7 \u00f3c ch\u00f3 M\u1ef9 m\u01b0\u1ee3t m\u00e0 l\u00e0m n\u1ed5i b\u1eadt nh\u1eefng v\u00e2n g\u1ed7 tuy\u1ec7t \u0111\u1eb9p c\u0169ng nh\u01b0 l\u1edbp v\u1ecf g\u1ed7 g\u1ee5 \u0111\u01b0\u1ee3c ph\u1ee7 b\u00f3ng. H\u00e3y ch\u1ecdn lo\u1ea1i n\u00e0o ph\u00f9 h\u1ee3p nh\u1ea5t v\u1edbi n\u1ed9i th\u1ea5t trong nh\u00e0 hay kh\u00f4ng gian bi\u1ec3u di\u1ec5n c\u1ee7a b\u1ea1n. *Trong \u1ea3nh l\u00e0 c\u00e2y \u0111\u00e0n YU30 Mhc. C\u00f3 m\u1ed9t s\u1ed1 kh\u00e1c bi\u1ec7t t\u1ef1 nhi\u00ean v\u1ec1 v\u00e2n g\u1ed7 v\u00e0 s\u1eafc \u0111\u1ed9, t\u00f9y thu\u1ed9c v\u00e0o khu v\u1ef1c v\u00e0 t\u1eebng c\u00e2y \u0111\u00e0n.<\/p>\n<p><img decoding=\"async\" class=\"size-medium wp-image-13957 aligncenter\" src=\"https:\/\/anpiano.com\/wp-content\/uploads\/2025\/09\/z7045320317275_9021c3f713cc533c74cafbdf27dbeb78-300x300.jpg\" alt=\"Yamaha YU30MhC\" width=\"300\" height=\"300\" srcset=\"https:\/\/anpiano.com\/wp-content\/uploads\/2025\/09\/z7045320317275_9021c3f713cc533c74cafbdf27dbeb78-300x300.jpg 300w, https:\/\/anpiano.com\/wp-content\/uploads\/2025\/09\/z7045320317275_9021c3f713cc533c74cafbdf27dbeb78-1024x1024.jpg 1024w, https:\/\/anpiano.com\/wp-content\/uploads\/2025\/09\/z7045320317275_9021c3f713cc533c74cafbdf27dbeb78-150x150.jpg 150w, https:\/\/anpiano.com\/wp-content\/uploads\/2025\/09\/z7045320317275_9021c3f713cc533c74cafbdf27dbeb78-768x768.jpg 768w, https:\/\/anpiano.com\/wp-content\/uploads\/2025\/09\/z7045320317275_9021c3f713cc533c74cafbdf27dbeb78-510x510.jpg 510w, https:\/\/anpiano.com\/wp-content\/uploads\/2025\/09\/z7045320317275_9021c3f713cc533c74cafbdf27dbeb78-100x100.jpg 100w, https:\/\/anpiano.com\/wp-content\/uploads\/2025\/09\/z7045320317275_9021c3f713cc533c74cafbdf27dbeb78.jpg 1276w\" sizes=\"(max-width: 300px) 100vw, 300px\" \/><\/p>\n<h2 style=\"text-align: center;\">BA LO\u1ea0I PIANO H\u1ed6N H\u1ee2P, BAO G\u1ed2M \u0110\u00c0N CH\u01a0I KH\u00d4NG G\u00c2Y \u1ed2N V\u00c0 BI\u1ec2U DI\u1ec4N T\u1ef0 \u0110\u1ed8NG<\/h2>\n<p>D\u00f2ng \u0111\u00e0n YU\u00a0c\u0169ng c\u00f3 c\u1ea3 c\u00e1c lo\u1ea1i piano h\u1ed7n h\u1ee3p cao c\u1ea5p, ch\u1eb3ng h\u1ea1n nh\u01b0 TransAcoustic\u2122 cho ph\u00e9p b\u1ea1n ki\u1ec3m so\u00e1t \u00e2m l\u01b0\u1ee3ng nh\u01b0ng v\u1eabn gi\u1eef \u0111\u01b0\u1ee3c \u00e2m thanh phong ph\u00fa, c\u00f3 s\u1ee9c bi\u1ec3u c\u1ea3m cao \u0111\u1ed9c \u0111\u00e1o c\u1ee7a \u0111\u00e0n piano c\u01a1. SILENT Piano\u2122, v\u1edbi lo\u1ea1i \u0111\u00e0n n\u00e0y, b\u1ea1n c\u00f3 th\u1ec3 c\u1eafm tai nghe v\u00e0 ch\u01a1i \u0111\u00e0n b\u1ea5t c\u1ee9 l\u00fac n\u00e0o m\u00e0 kh\u00f4ng l\u00e0m phi\u1ec1n ng\u01b0\u1eddi kh\u00e1c. D\u00f2ng n\u00e0y c\u0169ng c\u00f3 c\u00e2y \u0111\u00e0n Disklavier\u2122 \u0111\u1ec3 b\u1ea1n c\u00f3 th\u1ec3 ghi v\u00e0 ph\u00e1t l\u1ea1i c\u00e1c m\u00e0n bi\u1ec3u di\u1ec5n piano c\u1ee7a m\u00ecnh\u2014cho ph\u00e9p b\u1ea1n th\u01b0\u1edfng th\u1ee9c nh\u1eefng giai \u0111i\u1ec7u piano nh\u01b0 trong bu\u1ed5i h\u00f2a<\/p>\n<div data-id=\"9ly1xDmkO1M\" data-query=\"\" data-src=\"https:\/\/www.youtube.com\/embed\/9ly1xDmkO1M\"><a href=\"https:\/\/www.facebook.com\/anpiano.saigon\" target=\"_blank\" rel=\"noopener\">T\u01b0 v\u1ea5n v\u00e0 ch\u1ecdn mua s\u1ea3n ph\u1ea9m kh\u00e1c t\u1ea1i \u0111\u00e2y<\/a><\/div>\n<div data-id=\"9ly1xDmkO1M\" data-query=\"\" data-src=\"https:\/\/www.youtube.com\/embed\/9ly1xDmkO1M\"><a href=\"http:\/\/thumuapiano.com\/\" target=\"_blank\" rel=\"noopener\">Ch\u00fang t\u00f4i nh\u1eadn thu mua Piano, h\u00e3y li\u00ean h\u1ec7 n\u1ebfu b\u1ea1n c\u00f3 nhu c\u1ea7u.<\/a><\/div>\n","protected":false},"excerpt":{"rendered":"<ul>\n<li>\n<div class=\"product-short-description\">\n<ul>\n<li>B\u1ea3o h\u00e0nh 10 n\u0103m\u00a0<a href=\"https:\/\/anpiano.com\/chinh-sach-bao-hanh\/\">xem th\u00eam<\/a><\/li>\n<li>Gh\u1ebf<\/li>\n<li>Kh\u0103n ph\u1ee7 ph\u00edm<\/li>\n<li>Kh\u0103n ph\u1ee7 \u0111\u00e0n<\/li>\n<li>\u1ed0ng s\u1ea5y<\/li>\n<li>Kh\u00f3a h\u1ecdc online<\/li>\n<li>Freeship HCM \u2013 HN \u2013 \u0110N \u2013 NT \u2013 BMT<\/li>\n<\/ul>\n<\/div>\n<form class=\"cart\" action=\"https:\/\/anpiano.com\/?product=kawai-k-71\" enctype=\"multipart\/form-data\" method=\"post\">\n<div class=\"ux-quantity quantity buttons_added\"><\/div>\n<\/form>\n<\/li>\n<\/ul>\n","protected":false},"featured_media":14106,"comment_status":"open","ping_status":"closed","template":"","meta":[],"product_cat":[125,326],"product_tag":[1593,1592,1595,1594],"class_list":{"0":"post-13955","1":"product","2":"type-product","3":"status-publish","4":"has-post-thumbnail","6":"product_cat-piano-upright","7":"product_cat-yamaha-upright","8":"product_tag-yamaha-co-cao-cap","9":"product_tag-yamaha-yu30mhc","10":"product_tag-yu-30","11":"product_tag-yu30mhc","13":"first","14":"instock","15":"sale","16":"shipping-taxable","17":"purchasable","18":"product-type-simple"},"jetpack_sharing_enabled":true,"_links":{"self":[{"href":"https:\/\/anpiano.com\/index.php?rest_route=\/wp\/v2\/product\/13955"}],"collection":[{"href":"https:\/\/anpiano.com\/index.php?rest_route=\/wp\/v2\/product"}],"about":[{"href":"https:\/\/anpiano.com\/index.php?rest_route=\/wp\/v2\/types\/product"}],"replies":[{"embeddable":true,"href":"https:\/\/anpiano.com\/index.php?rest_route=%2Fwp%2Fv2%2Fcomments&post=13955"}],"version-history":[{"count":5,"href":"https:\/\/anpiano.com\/index.php?rest_route=\/wp\/v2\/product\/13955\/revisions"}],"predecessor-version":[{"id":14587,"href":"https:\/\/anpiano.com\/index.php?rest_route=\/wp\/v2\/product\/13955\/revisions\/14587"}],"wp:featuredmedia":[{"embeddable":true,"href":"https:\/\/anpiano.com\/index.php?rest_route=\/wp\/v2\/media\/14106"}],"wp:attachment":[{"href":"https:\/\/anpiano.com\/index.php?rest_route=%2Fwp%2Fv2%2Fmedia&parent=13955"}],"wp:term":[{"taxonomy":"product_cat","embeddable":true,"href":"https:\/\/anpiano.com\/index.php?rest_route=%2Fwp%2Fv2%2Fproduct_cat&post=13955"},{"taxonomy":"product_tag","embeddable":true,"href":"https:\/\/anpiano.com\/index.php?rest_route=%2Fwp%2Fv2%2Fproduct_tag&post=13955"}],"curies":[{"name":"wp","href":"https:\/\/api.w.org\/{rel}","templated":true}]}}