{"id":14446,"date":"2025-10-02T15:56:50","date_gmt":"2025-10-02T08:56:50","guid":{"rendered":"https:\/\/anpiano.com\/?post_type=product&#038;p=14446"},"modified":"2025-12-17T17:26:05","modified_gmt":"2025-12-17T10:26:05","slug":"kawai-us50","status":"publish","type":"product","link":"https:\/\/anpiano.com\/?product=kawai-us50","title":{"rendered":"Kawai US50"},"content":{"rendered":"<h3>D\u00f2ng\u00a0Kawai US\u00a0l\u00e0 d\u00f2ng \u0111\u00e0n Upright piano cao c\u1ea5p k\u1ebf th\u1eeba d\u00f2ng \u0111\u00e0n Piano Kawai K48 l\u1eebng danh,\u00a0<em><strong>\u0110\u00e0n Piano\u00a0Kawai US50<\/strong><\/em>\u00a0c\u00f2n \u0111\u01b0\u1ee3c bi\u1ebft \u0111\u1ebfn nh\u01b0 l\u00e0 g\u01b0\u01a1ng m\u1eb7t \u0111\u1ea1i di\u1ec7n c\u1ee7a h\u00e3ng\u00a0\u0111\u00e0n piano Kawai\u00a0t\u1ea1i Nh\u1eadt B\u1ea3n v\u00e0o nh\u1eefng n\u0103m 1980.<\/h3>\n<h3>Nh\u1eefng \u0111\u1eb7c \u0111i\u1ec3m n\u1ed5i b\u1eadt c\u1ee7a \u0111\u00e0n nh\u01b0 sau:<\/h3>\n<h3><strong>1. Thi\u1ebft k\u1ebf b\u00ean ngo\u00e0i\u00a0<em>\u0110\u00e0n Piano\u00a0Kawai US50<\/em><\/strong><\/h3>\n<p>S\u1edf h\u1eefu ki\u1ec3u d\u00e1ng v\u1eefng ch\u00e3i,\u00a0<em><strong>\u0110\u00e0n Piano\u00a0Kawai US50<\/strong><\/em>\u00a0\u0111\u01b0\u1ee3c thi\u1ebft k\u1ebf v\u1edbi d\u00e1ng ch\u00e2n li\u1ec1n, tay \u0111\u00e0n \u0111\u01b0\u1ee3c bo tr\u00f2n g\u00f3c v\u1edbi n\u1eafp l\u1edbn ph\u00eda tr\u00ean, t\u1ea1o cho ng\u01b0\u1eddi s\u1eed d\u1ee5ng c\u1ea3m gi\u00e1c nh\u01b0 \u0111ang ch\u01a1i tr\u00ean nh\u1eefng chi\u1ebfc Grand Piano cao c\u1ea5p.<\/p>\n<p>Ngo\u00e0i ra, \u0111i\u1ec3m n\u1ed5i b\u1eadt c\u1ee7a d\u00f2ng\u00a0<em><strong>\u0110\u00e0n Piano\u00a0Kawai US50<\/strong><\/em>\u00a0n\u00e0y l\u00e0 gi\u00e1 nh\u1ea1c \u0111\u01b0\u1ee3c thi\u1ebft k\u1ebf n\u1ed5i v\u1edbi k\u00edch th\u01b0\u1edbc l\u1edbn, cho ph\u00e9p ng\u01b0\u1eddi ch\u01a1i \u0111\u00e0n piano c\u00f3 th\u1ec3 \u0111\u1eb7t \u0111\u01b0\u1ee3c m\u1ecdi sheet nh\u1ea1c ph\u00f9 h\u1ee3p d\u00f9 l\u00e0 nh\u1eefng b\u1ea3n nh\u1ea1c ph\u1ee9c t\u1ea1p nh\u1ea5t.<\/p>\n<p>Nh\u00ecn t\u1ed5ng quan thi\u1ebft k\u1ebf b\u00ean ngo\u00e0i c\u1ee7a\u00a0<em><strong>\u0110\u00e0n Piano\u00a0Kawai US50<\/strong><\/em>\u00a0sang tr\u1ecdng, \u0111\u1eb3ng c\u1ea5p, v\u1edbi t\u1eebng chi ti\u1ebft ch\u1eafc ch\u1eafn, n\u1ed5i b\u1eadt \u0111\u00e3 g\u00f3p ph\u1ea7n l\u00e0m c\u00e2y \u0111\u00e0n tr\u1edf n\u00ean sang tr\u1ecdng trong m\u1ecdi kh\u00f4ng gian s\u1ed1ng kh\u00e1c nhau.<\/p>\n<p>\u0110\u00e2y l\u00e0 c\u00e2y \u0111\u00e0n\u00a0upright c\u1ee7a h\u00e3ng Kawai\u00a0l\u1edbn nh\u1ea5t, s\u1edf h\u1eefu chi\u1ec1u cao l\u00fd t\u01b0\u1edfng 132cm, \u0111\u1ed9 d\u00e0y mang \u00e2m h\u01b0\u1edfng t\u1ed1t, thi\u1ebft k\u1ebf v\u1eefng ch\u1eafc \u0111\u1ec3 t\u1ea1o n\u00ean h\u1ed9p c\u1ed9ng h\u01b0\u1edfng tuy\u1ec7t v\u1eddi.<\/p>\n<p>N\u1eafp \u0111\u00e0n bo tr\u00f2n t\u1ea1o c\u1ea3m gi\u00e1c m\u1ec1m m\u1ea1i, m\u1edf \u0111\u1ee9ng gi\u1ed1ng \u0111\u00e0n grand v\u00e0 gi\u00e1 nh\u1ea1c \u0111\u01b0\u1ee3c thi\u1ebft k\u1ebf \u0111\u1eb7c bi\u1ec7t c\u00f3 th\u1ec3 th\u00e1o r\u1eddi.<\/p>\n<p>\u0110\u00e0n \u0111\u01b0\u1ee3c s\u01a1n l\u1edbp s\u01a1n m\u00e0u \u0111en b\u00f3ng nho\u00e1ng, \u0111\u01b0\u1ee3c Kawai \u00e1p d\u1ee5ng c\u00f4ng ngh\u1ec7 s\u01a1n ti\u00ean ti\u1ebfn c\u1ee7a Nh\u1eadt B\u1ea3n gi\u1eef cho \u0111\u00e0n lu\u00f4n m\u1edbi v\u00e0 l\u00e2u phai theo th\u1eddi gian.<\/p>\n<p><img fetchpriority=\"high\" decoding=\"async\" class=\"alignnone size-medium wp-image-14450\" src=\"https:\/\/anpiano.com\/wp-content\/uploads\/2025\/10\/IMG_1601-300x225.jpeg\" alt=\"Kawai US50\" width=\"300\" height=\"225\" srcset=\"https:\/\/anpiano.com\/wp-content\/uploads\/2025\/10\/IMG_1601-300x225.jpeg 300w, https:\/\/anpiano.com\/wp-content\/uploads\/2025\/10\/IMG_1601-1024x768.jpeg 1024w, https:\/\/anpiano.com\/wp-content\/uploads\/2025\/10\/IMG_1601-768x576.jpeg 768w, https:\/\/anpiano.com\/wp-content\/uploads\/2025\/10\/IMG_1601-1536x1152.jpeg 1536w, https:\/\/anpiano.com\/wp-content\/uploads\/2025\/10\/IMG_1601-2048x1536.jpeg 2048w, https:\/\/anpiano.com\/wp-content\/uploads\/2025\/10\/IMG_1601-247x185.jpeg 247w, https:\/\/anpiano.com\/wp-content\/uploads\/2025\/10\/IMG_1601-510x383.jpeg 510w\" sizes=\"(max-width: 300px) 100vw, 300px\" \/><\/p>\n<h3><strong>2. H\u1ec7 th\u1ed1ng b\u00e0n ph\u00edm<\/strong><\/h3>\n<p>Bao g\u1ed3m 88 ph\u00edm \u0111\u00e0n c\u00f2n r\u1ea5t m\u1edbi, v\u1eabn gi\u1eef nguy\u00ean \u0111\u01b0\u1ee3c ch\u1ea5t l\u01b0\u1ee3ng ban \u0111\u1ea7u v\u1edbi c\u00e1c ph\u00edm \u0111\u01b0\u1ee3c thi\u1ebft k\u1ebf \u0111\u1eb7c tr\u01b0ng theo ti\u00eau chu\u1ea9n c\u1ee7a Kawai Nh\u1eadt B\u1ea3n t\u1ea1o c\u1ea3m gi\u00e1c nh\u1ea5n ph\u00edm tho\u1ea3i m\u00e1i, \u0111\u1ed9 n\u1eb7ng gi\u1ed1ng \u0111\u00e0n grand.<\/p>\n<p><img decoding=\"async\" class=\"alignnone size-medium wp-image-14451\" src=\"https:\/\/anpiano.com\/wp-content\/uploads\/2025\/10\/IMG_1605-300x225.jpeg\" alt=\"Kawai US50\" width=\"300\" height=\"225\" srcset=\"https:\/\/anpiano.com\/wp-content\/uploads\/2025\/10\/IMG_1605-300x225.jpeg 300w, https:\/\/anpiano.com\/wp-content\/uploads\/2025\/10\/IMG_1605-1024x768.jpeg 1024w, https:\/\/anpiano.com\/wp-content\/uploads\/2025\/10\/IMG_1605-768x576.jpeg 768w, https:\/\/anpiano.com\/wp-content\/uploads\/2025\/10\/IMG_1605-1536x1152.jpeg 1536w, https:\/\/anpiano.com\/wp-content\/uploads\/2025\/10\/IMG_1605-2048x1536.jpeg 2048w, https:\/\/anpiano.com\/wp-content\/uploads\/2025\/10\/IMG_1605-247x185.jpeg 247w, https:\/\/anpiano.com\/wp-content\/uploads\/2025\/10\/IMG_1605-510x383.jpeg 510w\" sizes=\"(max-width: 300px) 100vw, 300px\" \/><\/p>\n<p>B\u1ec1 m\u1eb7t ph\u00edm \u0111\u00e0n s\u1eed d\u1ee5ng ch\u1ea5t li\u1ec7u Phenolic Resin, c\u1ea5u t\u1ea1o b\u00ean trong l\u00e0 l\u1edbp g\u1ed7 mun c\u00f3 \u0111\u1eb7c t\u00ednh nh\u1eb9, r\u1ea5t b\u1ec1n \u0111\u01b0\u1ee3c Kawai ch\u1ecdn l\u1ecdc k\u1ef9 mang \u0111\u1ebfn to\u00e0n b\u1ed9 ph\u00edm \u0111\u00e0n ho\u1ea1t \u0111\u1ed9ng kh\u00e1 t\u1ed1t v\u00e0 kh\u00f4ng kh\u00e1c g\u00ec ph\u00edm \u0111\u00e0n c\u01a1.<\/p>\n<h3><strong>3. Pedal c\u1ee7a \u0111\u00e0n\u00a0<\/strong><\/h3>\n<p>\u0110\u00e0n thi\u1ebft k\u1ebf 3 pedal \u0111\u01b0\u1ee3c l\u00e0m b\u1eb1ng h\u1ee3p kim \u0111\u1ed3ng v\u00f4 c\u00f9ng ch\u1eafc ch\u1eafn, s\u00e1ng b\u00f3ng th\u1ef1c hi\u1ec7n c\u00e1c ch\u1ee9c n\u0103ng kh\u00e1c nhau g\u00f3p ph\u1ea7n l\u00e0m giai \u0111i\u1ec7u b\u1ea3n nh\u1ea1c th\u00eam ph\u1ea7n \u1ea5n t\u01b0\u1ee3ng.<\/p>\n<h3><strong>4. C\u1ea5u t\u1ea1o b\u00ean trong\u00a0<em>\u0110\u00e0n Piano\u00a0Kawai US50<\/em><\/strong><\/h3>\n<p>S\u01a1 l\u01b0\u1ee3c qua th\u00ec ch\u00fang t\u00f4i th\u1ea5y c\u1ea5u t\u1ea1o b\u00ean trong \u0111\u00e0n c\u00f2n r\u1ea5t m\u1edbi, v\u1edbi c\u00e1c chi ti\u1ebft ch\u01b0a t\u1eebng \u0111\u01b0\u1ee3c thay th\u1ebf b\u1ea5t c\u1ee9 m\u1ed9t ph\u1ee5 ki\u1ec7n g\u00ec gi\u00fap c\u00e2y \u0111\u00e0n ho\u1ea1t \u0111\u1ed9ng t\u1ed1t v\u00e0 v\u00f4 c\u00f9ng b\u1ec1n b\u1ec9 theo th\u1eddi gian.<\/p>\n<p><img decoding=\"async\" class=\"alignnone size-medium wp-image-14448\" src=\"https:\/\/anpiano.com\/wp-content\/uploads\/2025\/10\/IMG_1603-300x225.jpeg\" alt=\"Kawai US50\" width=\"300\" height=\"225\" srcset=\"https:\/\/anpiano.com\/wp-content\/uploads\/2025\/10\/IMG_1603-300x225.jpeg 300w, https:\/\/anpiano.com\/wp-content\/uploads\/2025\/10\/IMG_1603-1024x768.jpeg 1024w, https:\/\/anpiano.com\/wp-content\/uploads\/2025\/10\/IMG_1603-768x576.jpeg 768w, https:\/\/anpiano.com\/wp-content\/uploads\/2025\/10\/IMG_1603-1536x1152.jpeg 1536w, https:\/\/anpiano.com\/wp-content\/uploads\/2025\/10\/IMG_1603-2048x1536.jpeg 2048w, https:\/\/anpiano.com\/wp-content\/uploads\/2025\/10\/IMG_1603-247x185.jpeg 247w, https:\/\/anpiano.com\/wp-content\/uploads\/2025\/10\/IMG_1603-510x383.jpeg 510w\" sizes=\"(max-width: 300px) 100vw, 300px\" \/><\/p>\n<p><em><strong>\u0110\u00e0n Piano\u00a0Kawai US50<\/strong><\/em>\u00a0s\u1eed d\u1ee5ng b\u1ed9 m\u00e1y truy\u1ec1n th\u1ed1ng \u00edt b\u1ecb \u1ea3nh h\u01b0\u1edfng c\u1ee7a t\u00e1c \u0111\u1ed9ng m\u00f4i tr\u01b0\u1eddng v\u00e0 nhi\u1ec7t \u0111\u1ed9 khi thay \u0111\u1ed5i th\u1eddi ti\u1ebft \u0111\u1ed9t ng\u1ed9t t\u1ea1i Vi\u1ec7t Nam.<\/p>\n<p>B\u1ed9 m\u00e1y Millennium II Action \u0111\u01b0\u1ee3c l\u00e0m t\u1eeb ch\u1ea5t li\u1ec7u ABS-Carbon \u0111\u1ed9c quy\u1ec1n c\u1ee7a Kawai Nh\u1eadt B\u1ea3n cho kh\u1ea3 n\u0103ng truy\u1ec1n l\u1ef1c cao gi\u00fap b\u1ed9 m\u00e1y ho\u1ea1t \u0111\u1ed9ng m\u1ea1nh m\u1ebd, nhanh nh\u1ea1y, ki\u1ec3m so\u00e1t t\u1ed1t v\u00e0 \u1ed5n \u0111\u1ecbnh cao h\u01a1n so v\u1edbi b\u1ed9 m\u00e1y c\u01a1 th\u00f4ng th\u01b0\u1eddng. Ch\u1ec9 c\u00f3 \u0111\u01b0\u1ee3c s\u1eed d\u1ee5ng tr\u00ean nh\u1eefng c\u00e2y \u0111\u00e0n piano Kawai Nh\u1eadt B\u1ea3n, ti\u00eau bi\u1ec3u l\u00e0\u00a0<em><strong>\u0110\u00e0n Piano\u00a0Kawai US50<\/strong><\/em>.<\/p>\n<h3><strong>5. B\u00faa \u0111\u00e0n c\u00f2n r\u1ea5t m\u1edbi<\/strong><\/h3>\n<p>B\u00faa \u0111\u00e0n \u0111\u1ec1u \u0111\u1eb7n, c\u00f2n r\u1ea5t tr\u00f2n v\u00e0 ch\u01b0a b\u1ecb b\u00e0o m\u00f2n theo th\u1eddi gian d\u00f9 n\u00f3 \u0111\u00e3 b\u1ecb s\u1eed d\u1ee5ng nhi\u1ec1u l\u1ea7n. Ch\u1ea5t li\u1ec7u c\u1ea5u t\u1ea1o n\u00ean b\u00faa \u0111\u00e0n t\u1eeb l\u00f4ng c\u1eebu ch\u1eafc ch\u1eafn, \u0111\u1eb9p cho kh\u1ea3 n\u0103ng ho\u1ea1t \u0111\u1ed9ng t\u1ed1t, t\u00e1c \u0111\u1ed9ng ch\u00ednh x\u00e1c v\u00e0o d\u00e2y \u0111\u00e0n cho \u00e2m thanh ph\u00e1t ra nh\u1eefng giai \u0111i\u1ec7u r\u00f5 r\u00e0ng h\u01a1n.<\/p>\n<p>&nbsp;<\/p>\n<h3><strong>6. D\u00e2y th\u00e9p ch\u1eafc ch\u1eafn<\/strong><\/h3>\n<p>H\u00e0ng ho\u1ea1t c\u00e1c ch\u1ed1t pin d\u00e2y \u0111\u00e0n b\u1eb1ng th\u00e9p c\u00f2n r\u1ea5t m\u1edbi v\u00e0 d\u00e2y \u0111\u00e0n c\u0169ng \u0111\u01b0\u1ee3c l\u00e0m b\u1eb1ng th\u00e9p c\u01b0\u1eddng \u0111\u1ed9 cao, kh\u00f4ng b\u1ecb g\u1ec9 s\u00e9t mang \u0111\u1ebfn \u00e2m vang l\u1edbn v\u00e0 ho\u1ea1t \u0111\u1ed9ng b\u1ec1n b\u1ec9.<\/p>\n<h3><strong><img loading=\"lazy\" decoding=\"async\" class=\"alignnone size-medium wp-image-14449\" src=\"https:\/\/anpiano.com\/wp-content\/uploads\/2025\/10\/IMG_1604-300x225.jpeg\" alt=\"Kawai US50\" width=\"300\" height=\"225\" srcset=\"https:\/\/anpiano.com\/wp-content\/uploads\/2025\/10\/IMG_1604-300x225.jpeg 300w, https:\/\/anpiano.com\/wp-content\/uploads\/2025\/10\/IMG_1604-1024x768.jpeg 1024w, https:\/\/anpiano.com\/wp-content\/uploads\/2025\/10\/IMG_1604-768x576.jpeg 768w, https:\/\/anpiano.com\/wp-content\/uploads\/2025\/10\/IMG_1604-1536x1152.jpeg 1536w, https:\/\/anpiano.com\/wp-content\/uploads\/2025\/10\/IMG_1604-2048x1536.jpeg 2048w, https:\/\/anpiano.com\/wp-content\/uploads\/2025\/10\/IMG_1604-247x185.jpeg 247w, https:\/\/anpiano.com\/wp-content\/uploads\/2025\/10\/IMG_1604-510x383.jpeg 510w\" sizes=\"(max-width: 300px) 100vw, 300px\" \/><\/strong><\/h3>\n<h3><strong>7. \u00c2m thanh\u00a0<\/strong><\/h3>\n<p>Ch\u00fang t\u00f4i \u0111\u00e1nh gi\u00e1 c\u1ef1c k\u1ef3 cao ch\u1ea5t l\u01b0\u1ee3ng \u00e2m thanh c\u1ee7a \u0111\u00e0n v\u1edbi nh\u1eefng giai \u0111i\u1ec7u chu\u1ea9n m\u1ef1c, d\u00e0y d\u1eb7n, m\u1ec1m m\u1ea1i, tr\u1ea7m \u1ea5m kh\u1eb3ng \u0111\u1ecbnh ch\u1ea5t l\u01b0\u1ee3ng \u00e2m thanh \u0111\u1ec9nh cao c\u1ee7a d\u00f2ng Kawai Nh\u1eadt B\u1ea3n.<\/p>\n<p>H\u01a1n h\u1ebft, v\u1edbi c\u00e1c ngh\u1ec7 s\u0129, nh\u1ea1c c\u00f4ng chuy\u00ean nghi\u1ec7p khi nghe ti\u1ebfng \u0111\u00e0n n\u00e0y c\u00f3 l\u1ebd s\u1ebd kh\u00f4ng c\u00f3 \u0111i\u1ec3m n\u00e0o ch\u00ea \u0111\u01b0\u1ee3c. V\u00ec v\u1eady, n\u1ebfu b\u1ea1n l\u00e0 ng\u01b0\u1eddi m\u1edbi h\u1ecdc \u0111i ch\u0103ng n\u1eefa th\u00ec c\u00e2y \u0111\u00e0n n\u00e0y c\u00f3 l\u1ebd l\u00e0 l\u1ef1a ch\u1ecdn tuy\u1ec7t v\u1eddi cho b\u1ea1n.<\/p>\n<p>video \u00e2m thanh s\u1ea3n ph\u1ea9m : <a href=\"https:\/\/www.facebook.com\/share\/v\/1EbnvHcfs2\/\" target=\"_blank\" rel=\"noopener\">https:\/\/www.facebook.com\/share\/v\/1EbnvHcfs2\/<\/a><\/p>\n<div class=\"Y3BBE\" data-sfc-cp=\"\" data-hveid=\"CAIQAA\" data-processed=\"true\"><strong class=\"Yjhzub\" data-processed=\"true\"><span dir=\"auto\" data-processed=\"true\">Th\u00f4ng s\u1ed1 k\u1ef9 thu\u1eadt Kawai US50 :\u00a0<\/span><\/strong><\/div>\n<ul class=\"U6u95\" data-processed=\"true\">\n<li style=\"list-style-type: none;\">\n<ul class=\"W4TX6e\" data-sfc-cp=\"\" data-processed=\"true\">\n<li data-processed=\"true\"><span class=\"ymCSIb\" data-hveid=\"CAQQAA\" data-processed=\"true\"><span class=\"dsyJjd\" data-processed=\"true\"><span class=\"T286Pc\" data-sfc-cp=\"\" data-processed=\"true\"><span dir=\"auto\">K\u00edch th\u01b0\u1edbc:<\/span><\/span><\/span><\/span>\n<ul class=\"U6u95\" data-processed=\"true\">\n<li data-hveid=\"CAQQAQ\" data-processed=\"true\"><span class=\"T286Pc\" data-sfc-cp=\"\" data-processed=\"true\"><span dir=\"auto\">Chi\u1ec1u cao: 132 cm<\/span><\/span><\/li>\n<li data-hveid=\"CAQQAg\" data-processed=\"true\"><span class=\"T286Pc\" data-sfc-cp=\"\" data-processed=\"true\"><span dir=\"auto\">Chi\u1ec1u ngang: kho\u1ea3ng 153-155 cm<\/span><\/span><\/li>\n<li data-hveid=\"CAQQAw\" data-processed=\"true\"><span class=\"T286Pc\" data-sfc-cp=\"\" data-processed=\"true\"><span dir=\"auto\">Chi\u1ec1u s\u00e2u: kho\u1ea3ng 65-68 cm<\/span><\/span><span class=\"uJ19be notranslate\" data-wiz-uids=\"dHqxAb_2n,dHqxAb_2o\" data-processed=\"true\"><span class=\"vKEkVd\" data-animation-atomic=\"\" data-processed=\"true\">\u00a0<\/span><\/span><\/li>\n<\/ul>\n<\/li>\n<li data-processed=\"true\"><span class=\"ymCSIb\" data-hveid=\"CAQQBQ\" data-processed=\"true\"><span class=\"dsyJjd\" data-processed=\"true\"><span class=\"T286Pc\" data-sfc-cp=\"\" data-processed=\"true\"><span dir=\"auto\">Tr\u1ecdng l\u01b0\u1ee3ng:<\/span><\/span><\/span><span dir=\"auto\">Kho\u1ea3ng c\u00e1ch 250-260 kg<\/span><span class=\"uJ19be notranslate\" data-wiz-uids=\"dHqxAb_2r,dHqxAb_2s\" data-processed=\"true\"><span class=\"vKEkVd\" data-animation-atomic=\"\" data-processed=\"true\">\u00a0<\/span><\/span><\/span><\/li>\n<li data-processed=\"true\"><span class=\"ymCSIb\" data-hveid=\"CAQQBw\" data-processed=\"true\"><span class=\"dsyJjd\" data-processed=\"true\"><span class=\"T286Pc\" data-sfc-cp=\"\" data-processed=\"true\"><span dir=\"auto\">Ph\u00edm \u0111\u00e0n:<\/span><\/span><\/span><\/span>\n<ul class=\"U6u95\" data-processed=\"true\">\n<li data-hveid=\"CAQQCA\" data-processed=\"true\"><span class=\"T286Pc\" data-sfc-cp=\"\" data-processed=\"true\"><span dir=\"auto\">S\u1ed1 l\u01b0\u1ee3ng: 88 ph\u00edm<\/span><\/span><\/li>\n<li data-hveid=\"CAQQCQ\" data-processed=\"true\"><span class=\"T286Pc\" data-sfc-cp=\"\" data-processed=\"true\"><span dir=\"auto\">B\u00e0n ph\u00edm ch\u1ea5t li\u1ec7u: NEOTEX<\/span><\/span><\/li>\n<li data-hveid=\"CAQQCg\" data-processed=\"true\"><span class=\"T286Pc\" data-sfc-cp=\"\" data-processed=\"true\"><span dir=\"auto\">Black key data: NEOTEX<\/span><\/span><span class=\"uJ19be notranslate\" data-wiz-uids=\"dHqxAb_32,dHqxAb_33\" data-processed=\"true\"><span class=\"vKEkVd\" data-animation-atomic=\"\" data-processed=\"true\">\u00a0<\/span><\/span><\/li>\n<\/ul>\n<\/li>\n<li data-processed=\"true\"><span class=\"ymCSIb\" data-hveid=\"CAQQDA\" data-processed=\"true\"><span class=\"dsyJjd\" data-processed=\"true\"><span class=\"T286Pc\" data-sfc-cp=\"\" data-processed=\"true\"><span dir=\"auto\">B\u1ed9 m\u00e1y:<\/span><\/span><\/span><span dir=\"auto\">Thi\u00ean ni\u00ean k\u1ef7 III<\/span><span class=\"uJ19be notranslate\" data-wiz-uids=\"dHqxAb_36,dHqxAb_37\" data-processed=\"true\"><span class=\"vKEkVd\" data-animation-atomic=\"\" data-processed=\"true\">\u00a0<\/span><\/span><\/span><\/li>\n<li data-processed=\"true\"><span class=\"ymCSIb\" data-hveid=\"CAQQDg\" data-processed=\"true\"><span class=\"dsyJjd\" data-processed=\"true\"><span class=\"T286Pc\" data-sfc-cp=\"\" data-processed=\"true\"><span dir=\"auto\">B\u1ea3ng c\u1ed9ng h\u00f2a:<\/span><\/span><\/span><span dir=\"auto\">G\u1ed7 c\u00e2y t\u00f9ng (Spruce)<\/span><span class=\"uJ19be notranslate\" data-wiz-uids=\"dHqxAb_3a,dHqxAb_3b\" data-processed=\"true\"><span class=\"vKEkVd\" data-animation-atomic=\"\" data-processed=\"true\">\u00a0<\/span><\/span><\/span><\/li>\n<li data-processed=\"true\"><span class=\"ymCSIb\" data-hveid=\"CAQQEA\" data-processed=\"true\"><span class=\"dsyJjd\" data-processed=\"true\"><span class=\"T286Pc\" data-sfc-cp=\"\" data-processed=\"true\"><span dir=\"auto\">Thi\u1ebft k\u1ebf:<\/span><\/span><\/span><\/span>\n<ul class=\"U6u95\" data-processed=\"true\">\n<li data-hveid=\"CAQQEQ\" data-processed=\"true\"><span class=\"T286Pc\" data-sfc-cp=\"\" data-processed=\"true\"><span dir=\"auto\">M\u00e0u s\u1eafc: \u0110en b\u00f3ng (Ebony \u0111\u00e1nh b\u00f3ng)<\/span><\/span><\/li>\n<li data-hveid=\"CAQQEg\" data-processed=\"true\"><span class=\"T286Pc\" data-sfc-cp=\"\" data-processed=\"true\"><span dir=\"auto\">B\u00e0n \u0111\u1ea1p: 3 b\u00e0n \u0111\u1ea1p (M\u1ec1m, T\u1eaft ti\u1ebfng, Gi\u1ea3m ch\u1ea5n)<\/span><\/span><\/li>\n<\/ul>\n<\/li>\n<\/ul>\n<\/li>\n<\/ul>\n<div data-id=\"9ly1xDmkO1M\" data-query=\"\" data-src=\"https:\/\/www.youtube.com\/embed\/9ly1xDmkO1M\"><a href=\"https:\/\/www.facebook.com\/anpiano.saigon\" target=\"_blank\" rel=\"noopener\">T\u01b0 v\u1ea5n v\u00e0 ch\u1ecdn mua s\u1ea3n ph\u1ea9m kh\u00e1c t\u1ea1i \u0111\u00e2y<\/a><\/div>\n<div data-id=\"9ly1xDmkO1M\" data-query=\"\" data-src=\"https:\/\/www.youtube.com\/embed\/9ly1xDmkO1M\"><a href=\"http:\/\/thumuapiano.com\/\" target=\"_blank\" rel=\"noopener\">Ch\u00fang t\u00f4i nh\u1eadn thu mua Piano, h\u00e3y li\u00ean h\u1ec7 n\u1ebfu b\u1ea1n c\u00f3 nhu c\u1ea7u.<\/a><\/div>\n","protected":false},"excerpt":{"rendered":"<ul>\n<li>B\u1ea3o h\u00e0nh 10 n\u0103m\u00a0<a href=\"https:\/\/anpiano.com\/chinh-sach-bao-hanh\/\">xem th\u00eam<\/a><\/li>\n<li>Gh\u1ebf<\/li>\n<li>Kh\u0103n ph\u1ee7 ph\u00edm<\/li>\n<li>Kh\u0103n ph\u1ee7 \u0111\u00e0n<\/li>\n<li>\u1ed0ng s\u1ea5y<\/li>\n<li>Kh\u00f3a h\u1ecdc online<\/li>\n<li>Freeship HCM \u2013 HN \u2013 \u0110N \u2013 NT \u2013 BMT<\/li>\n<\/ul>\n","protected":false},"featured_media":14447,"comment_status":"open","ping_status":"closed","template":"","meta":[],"product_cat":[327,125],"product_tag":[1596,468,637,1597,469],"class_list":{"0":"post-14446","1":"product","2":"type-product","3":"status-publish","4":"has-post-thumbnail","6":"product_cat-kawai-upright","7":"product_cat-piano-upright","8":"product_tag-kawai-us50","9":"product_tag-kawaius50","10":"product_tag-piano-kawai","11":"product_tag-piano-us50","12":"product_tag-us50","14":"first","15":"instock","16":"sale","17":"shipping-taxable","18":"purchasable","19":"product-type-simple"},"jetpack_sharing_enabled":true,"_links":{"self":[{"href":"https:\/\/anpiano.com\/index.php?rest_route=\/wp\/v2\/product\/14446"}],"collection":[{"href":"https:\/\/anpiano.com\/index.php?rest_route=\/wp\/v2\/product"}],"about":[{"href":"https:\/\/anpiano.com\/index.php?rest_route=\/wp\/v2\/types\/product"}],"replies":[{"embeddable":true,"href":"https:\/\/anpiano.com\/index.php?rest_route=%2Fwp%2Fv2%2Fcomments&post=14446"}],"version-history":[{"count":4,"href":"https:\/\/anpiano.com\/index.php?rest_route=\/wp\/v2\/product\/14446\/revisions"}],"predecessor-version":[{"id":14455,"href":"https:\/\/anpiano.com\/index.php?rest_route=\/wp\/v2\/product\/14446\/revisions\/14455"}],"wp:featuredmedia":[{"embeddable":true,"href":"https:\/\/anpiano.com\/index.php?rest_route=\/wp\/v2\/media\/14447"}],"wp:attachment":[{"href":"https:\/\/anpiano.com\/index.php?rest_route=%2Fwp%2Fv2%2Fmedia&parent=14446"}],"wp:term":[{"taxonomy":"product_cat","embeddable":true,"href":"https:\/\/anpiano.com\/index.php?rest_route=%2Fwp%2Fv2%2Fproduct_cat&post=14446"},{"taxonomy":"product_tag","embeddable":true,"href":"https:\/\/anpiano.com\/index.php?rest_route=%2Fwp%2Fv2%2Fproduct_tag&post=14446"}],"curies":[{"name":"wp","href":"https:\/\/api.w.org\/{rel}","templated":true}]}}