{"id":14594,"date":"2025-12-13T17:43:17","date_gmt":"2025-12-13T10:43:17","guid":{"rendered":"https:\/\/anpiano.com\/?post_type=product&#038;p=14594"},"modified":"2025-12-13T17:43:30","modified_gmt":"2025-12-13T10:43:30","slug":"roland-rp-302","status":"publish","type":"product","link":"https:\/\/anpiano.com\/?product=roland-rp-302","title":{"rendered":"Roland RP 302"},"content":{"rendered":"<h3 dir=\"ltr\"><strong>GI\u1edaI THI\u1ec6U \u0110\u00c0N PIANO \u0110I\u1ec6N ROLAND RP 302<\/strong><\/h3>\n<h3 dir=\"ltr\">Roland RP 302 \u0111\u01b0\u1ee3c \u1ee9ng d\u1ee5ng nh\u1eefng c\u00f4ng ngh\u1ec7 ti\u00ean ti\u1ebfn h\u00e0ng \u0111\u1ea7u c\u1ee7a Roland Nh\u1eadt B\u1ea3n kh\u00f4ng ch\u1ec9 v\u1ec1 \u00e2m thanh m\u00e0 b\u00e0n ph\u00edm c\u0169ng \u0111\u01b0\u1ee3c c\u1ea3i ti\u1ebfn \u0111\u00e1ng k\u1ec3. \u0110\u1eb7c bi\u1ec7t, s\u1ea3n ph\u1ea9m n\u00e0y c\u00f2n n\u1eb1m trong ph\u00e2n kh\u00fac gi\u00e1 r\u1ebb ch\u1ec9 d\u01b0\u1edbi 22 tri\u1ec7u \u0111\u1ed3ng ph\u00f9 h\u1ee3p cho m\u1ecdi \u0111\u1ed1i t\u01b0\u1ee3ng kh\u00e1c nhau.<\/h3>\n<h4 dir=\"ltr\"><strong>1. Thi\u1ebft k\u1ebf b\u00ean ngo\u00e0i \u0111\u1eb9p m\u1eaft, sang tr\u1ecdng<\/strong><\/h4>\n<p dir=\"ltr\">Nh\u00ecn t\u1ed5ng quan v\u1ec1 h\u00ecnh d\u00e1ng b\u00ean ngo\u00e0i c\u1ee7a \u0111\u00e0n c\u00e1c b\u1ea1n c\u0169ng \u0111\u00e3 th\u1ea5y \u0111\u00e0n \u0111\u01b0\u1ee3c thi\u1ebft k\u1ebf kh\u00e1 nh\u1ecf g\u1ecdn, \u0111\u01b0\u1ee3c Roland c\u1ea3i ti\u1ebfn \u0111\u00e1ng k\u1ec3 v\u1edbi k\u00edch th\u01b0\u1edbc chi\u1ec1u d\u00e0i 1.378mm, chi\u1ec1u r\u1ed9ng 424mm, chi\u1ec1u cao 992mm ph\u00f9 h\u1ee3p v\u1edbi m\u1ecdi kh\u00f4ng gian c\u0169ng nh\u01b0 tr\u1ecdng l\u01b0\u1ee3ng nh\u1eb9 ch\u1ec9 39kg d\u1ec5 d\u00e0ng di chuy\u1ec3n b\u1eb1ng 2 ng\u01b0\u1eddi l\u1edbn.<\/p>\n<p dir=\"ltr\">\u0110i\u1ec1u \u0111\u00e1ng ch\u00fa \u00fd h\u01a1n l\u00e0 \u0111\u00e0n c\u00f3 2 m\u00e0u ch\u00ednh l\u00e0 m\u00e0u \u0111en v\u00e0 n\u00e2u \u0111\u1ec3 ng\u01b0\u1eddi ch\u01a1i l\u1ef1a ch\u1ecdn theo s\u1edf th\u00edch c\u1ee7a m\u00ecnh.<\/p>\n<h4 dir=\"ltr\"><strong>2. \u00c2m thanh SuperNatural \u0111\u1ed9c quy\u1ec1n c\u1ee7a Roland Nh\u1eadt B\u1ea3n<\/strong><\/h4>\n<p dir=\"ltr\">\u00c2m thanh c\u1ee7a \u0111\u00e0n s\u1edf h\u1eefu c\u00f4ng ngh\u1ec7 SuperNatural \u0111\u1ed9c quy\u1ec1n c\u1ee7a Roland Nh\u1eadt B\u1ea3n cung c\u1ea5p \u00e2m thanh, giai \u0111i\u1ec7u phong ph\u00fa, t\u00ednh bi\u1ec3u c\u1ea3m cao \u0111\u00e1p \u1ee9ng mong \u0111\u1ee3i t\u1eeb m\u1ed9t c\u00e2y \u0111\u00e0n acoustic grand piano cao c\u1ea5p.<\/p>\n<p dir=\"ltr\">M\u1ee5c \u0111\u00edch c\u1ee7a h\u00e3ng Roland \u1ee9ng d\u1ee5ng \u0111\u1ed9ng c\u01a1 \u00e2m thanh SuperNatural v\u00e0o model RP-302 l\u00e0 b\u1edfi mang \u0111\u1ebfn \u00e2m thanh ch\u00e2n th\u1eadt gi\u1ed1ng v\u1edbi \u0111\u00e0n c\u01a1 v\u00e0 theo th\u1eddi gian \u00e2m thanh v\u1eabn gi\u1eef \u0111\u01b0\u1ee3c \u00e2m s\u1eafc t\u1ef1 nhi\u00ean v\u00e0 s\u1ef1 bi\u1ebfn t\u1ea5u tinh t\u1ebf trong t\u1eebng giai \u0111i\u1ec7u.<\/p>\n<p dir=\"ltr\">H\u01a1n n\u1eefa, \u00e2m thanh c\u1ee7a \u0111\u00e0n Roland RP 302 l\u1ea1i hay h\u01a1n r\u1ea5t nhi\u1ec1u so v\u1edbi RP 102 v\u00e0 h\u1ec7 th\u1ed1ng loa c\u0169ng \u0111\u01b0\u1ee3c n\u00e2ng c\u1ea5p h\u01a1n v\u1edbi 2 loa Array c\u00f4ng su\u1ea5t 12W x 2 cho \u00e2m thanh l\u1ea5p \u0111\u1ea7y c\u0103n ph\u00f2ng.<\/p>\n<h4 dir=\"ltr\"><strong>3. B\u00e0n ph\u00edm Ivory Feel-G<\/strong><\/h4>\n<p dir=\"ltr\">B\u00e0n ph\u00edm \u0111\u00e0n t\u1ed5ng c\u1ed9ng l\u00e0 88 ph\u00edm v\u1edbi c\u00e1c ph\u00edm tr\u1eafng v\u00e0 c\u00e1c ph\u00edm \u0111en \u0111\u01b0\u1ee3c Roland Nh\u1eadt B\u1ea3n \u1ee9ng d\u1ee5ng c\u00f4ng ngh\u1ec7 Ivory Feel-G n\u00e2ng c\u1ea5p ho\u00e0n to\u00e0n m\u1edbi t\u1ea1o s\u1ef1 \u0111\u1ed9t ph\u00e1 ri\u00eang c\u1ee7a Roland.<\/p>\n<p dir=\"ltr\">\u0110\u1eb7c bi\u1ec7t, b\u1ed9 c\u01a1 c\u1ee7a b\u00e0n ph\u00edm \u0111\u00e0n Roland RP 302 c\u00f3 v\u1ebb n\u1eb7ng h\u01a1n v\u00e0 g\u1ea7n gi\u1ed1ng v\u1edbi \u0111\u00e0n c\u01a1, cho s\u1ef1 chuy\u1ec3n \u0111\u1ed9ng linh ho\u1ea1t, t\u00ednh \u0111\u00e0n h\u1ed3i t\u1ed1t, \u0111\u1ed9 n\u1ea3y ph\u00edm cao khi\u1ebfn ng\u01b0\u1eddi ch\u01a1i c\u1ea3m nh\u1eadn t\u1ed1t h\u01a1n.<\/p>\n<h4 dir=\"ltr\"><strong>4. K\u1ebft n\u1ed1i Bluetooth linh ho\u1ea1t<\/strong><\/h4>\n<p dir=\"ltr\">Hi\u1ec7n t\u1ea1i, \u0111\u1ed1i v\u1edbi s\u1ea3n ph\u1ea9m Roland RP 302 c\u00f3 2 lo\u1ea1i, ch\u00fang ch\u1ec9 kh\u00e1c nhau \u1edf \u0111i\u1ec3m l\u00e0 1 c\u00e2y \u0111\u01b0\u1ee3c c\u00e0i s\u1eb5n Bluetooth trong \u0111\u00e0n v\u00e0 1 c\u00e2y d\u00f9ng d\u00e2y c\u00e1p USB \u0111\u1ec3 k\u1ebft n\u1ed1i Bluetooth. \u0110\u00e2y l\u00e0 \u0111i\u1ec3m kh\u00e1c nhau m\u00e0 gi\u00e1 th\u00e0nh m\u1ed7i lo\u1ea1i s\u1ebd c\u00f3 s\u1ef1 ch\u00eanh l\u1ec7ch.<\/p>\n<h2>Th\u00f4ng S\u1ed1 S\u1ea3n Ph\u1ea9m \u0110\u00e0n Piano \u0110i\u1ec7n Roland RP 302<\/h2>\n<ul>\n<li>B\u00e0n ph\u00edm: 88 ph\u00edm (B\u00e0n ph\u00edm Ivory Feel-G c\u00f3 Escapement)<\/li>\n<li>Ph\u00edm c\u1ea3m \u1ee9ng: 5 lo\u1ea1i, c\u1ea3m \u1ee9ng c\u1ed1 \u0111\u1ecbnh<\/li>\n<li>\u0110\u1ecbnh d\u1ea1ng MIDI Ph\u00f9 h\u1ee3p v\u1edbi GM2, GS, XGlite<\/li>\n<li>T\u1ed1i \u0111a \u0110a \u00e2m: 128 gi\u1ecdng n\u00f3i<\/li>\n<li>Ti\u1ebft t\u1ea5u: 2\/2, 0\/4, 2\/4, 3\/4, 4\/4, 5\/4, 6\/4, 7\/4, 3\/8, 6\/8, 9\/8, 12\/8<\/li>\n<li>\u00c2m l\u01b0\u1ee3ng: 100 c\u1ea5p \u0111\u1ed9<\/li>\n<li>L\u01b0u tr\u1eef ngo\u00e0i: B\u1ed9 nh\u1edb flash USB<\/li>\n<li>B\u00e0i h\u00e1t: T\u1ed1i \u0111a 99 b\u00e0i h\u00e1t<\/li>\n<li>C\u00f4ng su\u1ea5t \u0111\u1ecbnh m\u1ee9c: 12 W x 2<\/li>\n<\/ul>\n<div data-id=\"9ly1xDmkO1M\" data-query=\"\" data-src=\"https:\/\/www.youtube.com\/embed\/9ly1xDmkO1M\"><a href=\"https:\/\/www.facebook.com\/anpiano.saigon\" target=\"_blank\" rel=\"noopener\">T\u01b0 v\u1ea5n v\u00e0 ch\u1ecdn mua s\u1ea3n ph\u1ea9m kh\u00e1c t\u1ea1i \u0111\u00e2y<\/a><\/div>\n<div data-id=\"9ly1xDmkO1M\" data-query=\"\" data-src=\"https:\/\/www.youtube.com\/embed\/9ly1xDmkO1M\"><a href=\"http:\/\/thumuapiano.com\/\" target=\"_blank\" rel=\"noopener\">Ch\u00fang t\u00f4i nh\u1eadn thu mua Piano, h\u00e3y li\u00ean h\u1ec7 n\u1ebfu b\u1ea1n c\u00f3 nhu c\u1ea7u.<\/a><\/div>\n","protected":false},"excerpt":{"rendered":"<div class=\"product-short-description\">\n<ul>\n<li>B\u1ea3o h\u00e0nh 18 th\u00e1ng\u00a0<a href=\"https:\/\/anpiano.com\/chinh-sach-bao-hanh\/\">xem th\u00eam<\/a><\/li>\n<li>Gh\u1ebf<\/li>\n<li>Kh\u0103n ph\u1ee7 ph\u00edm<\/li>\n<li>\u0110\u1ed5i ngu\u1ed3n 220V<\/li>\n<li>Freeship HCM \u2013 HN \u2013 \u0110N \u2013 NT- BMT<\/li>\n<li>Kh\u00f3a h\u1ecdc online<\/li>\n<\/ul>\n<\/div>\n<form class=\"cart\" action=\"https:\/\/anpiano.com\/?product=yamaha-ydp-143\" enctype=\"multipart\/form-data\" method=\"post\">\n<div class=\"ux-quantity quantity buttons_added\"><\/div>\n<\/form>\n","protected":false},"featured_media":14595,"comment_status":"open","ping_status":"closed","template":"","meta":[],"product_cat":[17],"product_tag":[696,1599,1598],"class_list":{"0":"post-14594","1":"product","2":"type-product","3":"status-publish","4":"has-post-thumbnail","6":"product_cat-piano-dan-dien","7":"product_tag-piano-roland","8":"product_tag-roland-rp302","9":"product_tag-rp302","11":"first","12":"instock","13":"sale","14":"shipping-taxable","15":"purchasable","16":"product-type-simple"},"jetpack_sharing_enabled":true,"_links":{"self":[{"href":"https:\/\/anpiano.com\/index.php?rest_route=\/wp\/v2\/product\/14594"}],"collection":[{"href":"https:\/\/anpiano.com\/index.php?rest_route=\/wp\/v2\/product"}],"about":[{"href":"https:\/\/anpiano.com\/index.php?rest_route=\/wp\/v2\/types\/product"}],"replies":[{"embeddable":true,"href":"https:\/\/anpiano.com\/index.php?rest_route=%2Fwp%2Fv2%2Fcomments&post=14594"}],"version-history":[{"count":2,"href":"https:\/\/anpiano.com\/index.php?rest_route=\/wp\/v2\/product\/14594\/revisions"}],"predecessor-version":[{"id":14597,"href":"https:\/\/anpiano.com\/index.php?rest_route=\/wp\/v2\/product\/14594\/revisions\/14597"}],"wp:featuredmedia":[{"embeddable":true,"href":"https:\/\/anpiano.com\/index.php?rest_route=\/wp\/v2\/media\/14595"}],"wp:attachment":[{"href":"https:\/\/anpiano.com\/index.php?rest_route=%2Fwp%2Fv2%2Fmedia&parent=14594"}],"wp:term":[{"taxonomy":"product_cat","embeddable":true,"href":"https:\/\/anpiano.com\/index.php?rest_route=%2Fwp%2Fv2%2Fproduct_cat&post=14594"},{"taxonomy":"product_tag","embeddable":true,"href":"https:\/\/anpiano.com\/index.php?rest_route=%2Fwp%2Fv2%2Fproduct_tag&post=14594"}],"curies":[{"name":"wp","href":"https:\/\/api.w.org\/{rel}","templated":true}]}}