{"id":14608,"date":"2025-12-13T18:16:29","date_gmt":"2025-12-13T11:16:29","guid":{"rendered":"https:\/\/anpiano.com\/?post_type=product&#038;p=14608"},"modified":"2025-12-13T18:17:07","modified_gmt":"2025-12-13T11:17:07","slug":"yamaha-ydp-s31","status":"publish","type":"product","link":"https:\/\/anpiano.com\/?product=yamaha-ydp-s31","title":{"rendered":"Yamaha YDP S31"},"content":{"rendered":"<h4 class=\"p1\">Piano \u0111i<span class=\"s1\">\u1ec7n\u00a0<strong>Yamaha YDP S31<\/strong>\u00a0k\u1ebft h\u1ee3p \u00e2m thanh v\u00e0 c\u1ea3m gi\u00e1c piano ch\u00e2n th\u1ef1c \u0111\u1ec3 mang l\u1ea1i tr\u1ea3i nghi\u1ec7m ch\u01a1i tuy\u1ec7t v\u1eddi nh\u1ea5t. Yamaha s\u1eed d\u1ee5ng h\u1ec7 th\u1ed1ng l\u1ea5y m\u1eabu AWM ti\u00ean ti\u1ebfn nh\u1ea5t gi\u00fap \u00e2m thanh c\u1ee7a c\u00e2y \u0111\u00e0n YDP-S31 th\u1ef1c s\u1ef1 phong ph\u00fa.\u00a0<a href=\"https:\/\/anpiano.com\/?product_cat=piano-dan-dien&amp;filter_thuong-hieu=yamaha&amp;query_type_thuong-hieu=or\">Yamaha YDP <\/a>S31 s\u1edf h\u1eefu b\u00e0n ph\u00edm c\u1ea3m \u1ee9ng ch\u00e2n th\u1ef1c, k\u1ebft h\u1ee3p pedal chuy\u00ean d\u1ee5ng \u0111\u1ec3 gi\u00fap b\u1ea1n c\u00f3 th\u1ec3 bi\u1ec3u c\u1ea3m m\u1ecdi s\u1eafc th\u00e1i \u00e2m nh\u1ea1c c\u1ee7a m\u00ecnh. Thi\u1ebft k\u1ebf tinh t\u1ebf, nh\u1ecf g\u1ecdn mang h\u01a1i h\u01b0\u1edbng c\u1ed5 \u0111i\u1ec3n c\u00e2y \u0111\u00e0n n\u00e0y ph\u00f9 h\u1ee3p v\u1edbi m\u1ecdi kh\u00f4ng gian, gi\u00fap c\u0103n ph\u00f2ng c\u1ee7a b\u1ea1n th\u00eam ph\u1ea7n sang tr\u1ecdng.\u201d<\/span><\/h4>\n<h3 class=\"p1\"><strong><span class=\"s1\">\u0110\u1eb7c \u0111i\u1ec3m n\u1ed5i b\u1eadt c\u1ee7a \u0111\u00e0n Yamaha YDP S31<\/span><\/strong><\/h3>\n<p class=\"p1\"><span class=\"s1\">\u2013 Thi\u1ebft k\u1ebf nh\u1ecf g\u1ecdn, thanh l\u1ecbch<\/span><\/p>\n<p class=\"p1\"><span class=\"s1\">\u2013 Tr\u1ea3i nghi\u1ec7m ch\u01a1i ch\u00e2n th\u1ef1c, tuy\u1ec7t v\u1eddi<\/span><\/p>\n<p class=\"p1\"><span class=\"s1\">\u2013 T\u00edch h\u1ee3p m\u00e1y ghi \u00e2m v\u00e0 \u0111\u1ebfm nh\u1ecbp<\/span><\/p>\n<h4 class=\"p1\"><strong><span class=\"s1\">Thi\u1ebft k\u1ebf nh\u1ecf g\u1ecdn, thanh l\u1ecbch<\/span><\/strong><\/h4>\n<p class=\"p1\"><span class=\"s1\">Thi\u1ebft k\u1ebf nh\u1ecf g\u1ecdn v\u00e0 thanh l\u1ecbch mang h\u01a1i h\u01b0\u1edbng c\u1ed5 \u0111i\u1ec3n,\u00a0<a href=\"https:\/\/anpiano.com\/\">YDP S31<\/a>\u00a0ph\u00f9 h\u1ee3p v\u1edbi m\u1ecdi kh\u00f4ng gian \u0111\u1eb7t \u0111\u00e0n, gi\u00fap cho c\u0103n ph\u00f2ng b\u1ea1n th\u00eam ph\u1ea7n sang tr\u1ecdng. D\u00f9 c\u00f3 chi\u1ec1u s\u00e2u ch\u01b0a \u0111\u1ebfn 38cm nh\u01b0ng YDP-S31C l\u1ea1i trang b\u1ecb \u00e2m thanh v\u00e0 c\u1ea3m gi\u00e1c ch\u01a1i \u0111\u00e0n tuy\u1ec7t h\u1ea3o \u0111\u00e3 l\u00e0m n\u00ean th\u01b0\u01a1ng hi\u1ec7u c\u1ee7a d\u00f2ng Arius<\/span><\/p>\n<figure id=\"attachment_17900\" class=\"wp-caption aligncenter\" aria-describedby=\"caption-attachment-17900\"><img fetchpriority=\"high\" decoding=\"async\" class=\"alignnone size-medium wp-image-14609\" src=\"https:\/\/anpiano.com\/wp-content\/uploads\/2025\/12\/IMG_2773-300x225.jpeg\" alt=\"Yamaha YDP S31\" width=\"300\" height=\"225\" srcset=\"https:\/\/anpiano.com\/wp-content\/uploads\/2025\/12\/IMG_2773-300x225.jpeg 300w, https:\/\/anpiano.com\/wp-content\/uploads\/2025\/12\/IMG_2773-1024x768.jpeg 1024w, https:\/\/anpiano.com\/wp-content\/uploads\/2025\/12\/IMG_2773-768x576.jpeg 768w, https:\/\/anpiano.com\/wp-content\/uploads\/2025\/12\/IMG_2773-1536x1152.jpeg 1536w, https:\/\/anpiano.com\/wp-content\/uploads\/2025\/12\/IMG_2773-2048x1536.jpeg 2048w, https:\/\/anpiano.com\/wp-content\/uploads\/2025\/12\/IMG_2773-247x185.jpeg 247w, https:\/\/anpiano.com\/wp-content\/uploads\/2025\/12\/IMG_2773-510x383.jpeg 510w\" sizes=\"(max-width: 300px) 100vw, 300px\" \/><figcaption id=\"caption-attachment-17900\" class=\"wp-caption-text\">Yamaha YDP S31<\/figcaption><\/figure>\n<h4 class=\"p1\"><strong><span class=\"s1\">Tr\u1ea3i nghi\u1ec7m ch\u01a1i ch\u00e2n th\u1ef1c, tuy\u1ec7t v\u1eddi<\/span><\/strong><\/h4>\n<p class=\"p1\"><span class=\"s1\">\u00c2m thanh vang v\u00e0 \u1ea5m c\u1ee7a Yamaha YDP S31 l\u00e0 k\u1ebft qu\u1ea3 h\u01a1n 1 th\u1ebf k\u1ef7 nghi\u00ean c\u1ee9u v\u00e0 ch\u1ebf t\u1ea1o \u0111\u00e0n Grand piano c\u0169ng nh\u01b0 c\u00f4ng ngh\u1ec7 l\u1ea5y \u00e2m m\u1eabu cho \u0111\u00e0n k\u1ef9 thu\u1eadt s\u1ed1 c\u1ee7a Yamaha. Th\u1eadt k\u1ef3 l\u1ea1, c\u00e1ch m\u00e0 \u00e2m thanh t\u1ef1 nhi\u00ean c\u1ee7a YDP S31 ph\u00e1t ra \u0111\u00e2y m\u00ea ho\u1eb7c sau m\u1ed7i l\u1ea7n b\u1ea1n g\u00f5 ph\u00edm. Arius YDP S31 c\u00f2n s\u1ee1 h\u1eefu jack c\u1eafm tai nghe gi\u00fap b\u1ea1n tho\u1ea3i m\u00e1i luy\u1ec7n t\u1eadp v\u00e0 gi\u1ea3i tr\u00ed m\u00e0 kh\u00f4ng s\u1ee3 l\u00e0m phi\u1ec1n ng\u01b0\u1eddi kh\u00e1c.<\/span><\/p>\n<h4 class=\"p1\"><strong><span class=\"s1\">T\u00edch h\u1ee3p m\u00e1y ghi \u00e2m v\u00e0 \u0111\u1ebfm nh\u1ecbp<\/span><\/strong><\/h4>\n<p class=\"p1\"><span class=\"s1\">Yamaha Arius YDP S31 c\u00f3 m\u00e1y ghi \u00e2m b\u00e0i h\u00e1t t\u00edch h\u1ee3p cho ph\u00e9p b\u1ea1n ghi v\u00e0 ph\u00e1t l\u1ea1i ngay l\u1eadp t\u1ee9c \u2013 m\u1ed9t t\u00ednh n\u0103ng ho\u00e0n h\u1ea3o \u0111\u1ec3<span class=\"Apple-converted-space\">\u00a0\u00a0<\/span>c\u1ea3i thi\u1ec7n k\u1ef9 n\u0103ng. Ngo\u00e0i ra, c\u00e2y \u0111\u00e0n c\u00f2n t\u00edch h\u1ee3p m\u00e1y \u0111\u1ebfm nh\u1ecbp h\u1ed7 tr\u1ee3 vi\u1ec7c h\u1ecdc t\u1eadp v\u00e0 th\u1ef1c h\u00e0nh.<\/span><\/p>\n<p><a href=\"https:\/\/www.facebook.com\/Anpiano.hanoi\" target=\"_blank\" rel=\"noopener\">T\u01b0 v\u1ea5n v\u00e0 ch\u1ecdn mua s\u1ea3n\u00a0ph\u1ea9m kh\u00e1c t\u1ea1i \u0111\u00e2y<\/a><\/p>\n<p><a href=\"http:\/\/thumuapiano.com\/\" target=\"_blank\" rel=\"noopener\">Ch\u00fang t\u00f4i nh\u1eadn thu mua Piano, h\u00e3y li\u00ean h\u1ec7 n\u1ebfu b\u1ea1n c\u00f3 nhu c\u1ea7u.<\/a><\/p>\n","protected":false},"excerpt":{"rendered":"<ul>\n<li>B\u1ea3o h\u00e0nh 12 th\u00e1ng <a href=\"https:\/\/anpiano.com\/chinh-sach-bao-hanh\/\">xem th\u00eam<\/a><\/li>\n<li>Gh\u1ebf<\/li>\n<li>Kh\u0103n ph\u1ee7 ph\u00edm<\/li>\n<li>\u0110\u1ed5i ngu\u1ed3n 220V<\/li>\n<li>Freeship HCM \u2013 HN \u2013 \u0110N\u00a0\u2013 NT \u2013 BMT<\/li>\n<li>Kh\u00f3a h\u1ecdc online<\/li>\n<\/ul>\n","protected":false},"featured_media":14610,"comment_status":"open","ping_status":"closed","template":"","meta":[],"product_cat":[17],"product_tag":[1608,1607,173,1606],"class_list":{"0":"post-14608","1":"product","2":"type-product","3":"status-publish","4":"has-post-thumbnail","6":"product_cat-piano-dan-dien","7":"product_tag-yamaha-s31","8":"product_tag-yamaha-ydps31","9":"product_tag-ydp-s31","10":"product_tag-ydps31","12":"first","13":"instock","14":"sale","15":"shipping-taxable","16":"purchasable","17":"product-type-simple"},"jetpack_sharing_enabled":true,"_links":{"self":[{"href":"https:\/\/anpiano.com\/index.php?rest_route=\/wp\/v2\/product\/14608"}],"collection":[{"href":"https:\/\/anpiano.com\/index.php?rest_route=\/wp\/v2\/product"}],"about":[{"href":"https:\/\/anpiano.com\/index.php?rest_route=\/wp\/v2\/types\/product"}],"replies":[{"embeddable":true,"href":"https:\/\/anpiano.com\/index.php?rest_route=%2Fwp%2Fv2%2Fcomments&post=14608"}],"version-history":[{"count":1,"href":"https:\/\/anpiano.com\/index.php?rest_route=\/wp\/v2\/product\/14608\/revisions"}],"predecessor-version":[{"id":14611,"href":"https:\/\/anpiano.com\/index.php?rest_route=\/wp\/v2\/product\/14608\/revisions\/14611"}],"wp:featuredmedia":[{"embeddable":true,"href":"https:\/\/anpiano.com\/index.php?rest_route=\/wp\/v2\/media\/14610"}],"wp:attachment":[{"href":"https:\/\/anpiano.com\/index.php?rest_route=%2Fwp%2Fv2%2Fmedia&parent=14608"}],"wp:term":[{"taxonomy":"product_cat","embeddable":true,"href":"https:\/\/anpiano.com\/index.php?rest_route=%2Fwp%2Fv2%2Fproduct_cat&post=14608"},{"taxonomy":"product_tag","embeddable":true,"href":"https:\/\/anpiano.com\/index.php?rest_route=%2Fwp%2Fv2%2Fproduct_tag&post=14608"}],"curies":[{"name":"wp","href":"https:\/\/api.w.org\/{rel}","templated":true}]}}