{"id":14613,"date":"2025-12-13T18:39:25","date_gmt":"2025-12-13T11:39:25","guid":{"rendered":"https:\/\/anpiano.com\/?post_type=product&#038;p=14613"},"modified":"2025-12-16T18:48:29","modified_gmt":"2025-12-16T11:48:29","slug":"kawai-ki-65fn-atxsilent-chinh-hang","status":"publish","type":"product","link":"https:\/\/anpiano.com\/?product=kawai-ki-65fn-atxsilent-chinh-hang","title":{"rendered":"Kawai Ki-65FN ATX(silent ch\u00ednh h\u00e3ng)"},"content":{"rendered":"<h3><strong>\ud83c\udfb9 Gi\u1edbi thi\u1ec7u chung \u2013 Kawai Ki-65FN ATX s\u1ea3n xu\u1ea5t 2007-2009<\/strong><\/h3>\n<h4>Kawai Ki-65FN ATX l\u00e0 \u0111\u00e0n piano c\u01a1 upright (\u0111\u1ee9ng) thu\u1ed9c d\u00f2ng Ki series c\u1ee7a Kawai v\u1edbi h\u1ec7 th\u1ed1ng silent (ATX) \u2014 cho ph\u00e9p ch\u01a1i kh\u00f4ng ti\u1ebfng r\u1ea5t ti\u1ec7n trong m\u00f4i tr\u01b0\u1eddng chung c\u01b0 ho\u1eb7c luy\u1ec7n t\u1eadp ban \u0111\u00eam.\u00a0 \ufffc<\/h4>\n<div><\/div>\n<div><strong>\ud83d\udccc Th\u00f4ng s\u1ed1 k\u1ef9 thu\u1eadt c\u01a1 b\u1ea3n :<\/strong><\/div>\n<div><\/div>\n<div>\ud83c\udfbc Th\u00f4ng s\u1ed1 v\u1eadt l\u00fd<\/div>\n<div>\u00a0\u2022 Ki\u1ec3u d\u00e1ng: Upright piano (\u0111\u1ee9ng)<\/div>\n<div>\u00a0\u2022 Xu\u1ea5t x\u1ee9: Nh\u1eadt B\u1ea3n (s\u1ea3n xu\u1ea5t theo ti\u00eau chu\u1ea9n Kawai)<\/div>\n<div>\u00a0\u2022 S\u1ed1 ph\u00edm: 88 ph\u00edm ti\u00eau chu\u1ea9n<\/div>\n<div>\u00a0\u2022 Pedals: 3 b\u00e0n \u0111\u1ea1p (soft\/sostenuto\/damper)<\/div>\n<div>\u00a0\u2022 K\u00edch th\u01b0\u1edbc:<\/div>\n<div>\u00a0\u2022 Chi\u1ec1u cao: ~115 cm<\/div>\n<div>\u00a0\u2022 Chi\u1ec1u r\u1ed9ng: ~151 cm<\/div>\n<div>\u00a0\u2022 Chi\u1ec1u s\u00e2u: ~60 cm<\/div>\n<div>\u00a0\u2022 Tr\u1ecdng l\u01b0\u1ee3ng: ~200-210 kg<\/div>\n<div>\u00a0\u2022 M\u00e0u s\u1eafc: M\u00e0u FN (natural finish \u2014 g\u1ed7 t\u1ef1 nhi\u00ean, satin \/ n\u1eeda m\u1edd)\u00a0 \ufffc<\/div>\n<div><\/div>\n<div>\u2e3b<\/div>\n<div><\/div>\n<div>\ud83d\udd27 B\u1ed9 m\u00e1y &amp; \u00e2m thanh<\/div>\n<div>\u00a0\u2022 Action (b\u1ed9 m\u00e1y ph\u00edm):<\/div>\n<div>\u00a0\u2022 H\u1ec7 th\u1ed1ng Ultra-Responsive Action II gi\u00fap ph\u00edm ph\u1ea3n h\u1ed3i nh\u1ea1y v\u00e0 \u0111\u1ec1u t\u1eeb n\u1ed1t th\u1ea5p \u0111\u1ebfn n\u1ed1t cao.\u00a0 \ufffc<\/div>\n<div>\u00a0\u2022 Hammers:<\/div>\n<div>\u00a0\u2022 B\u00faa \u0111\u00e0n Kawai v\u1edbi underfelt to\u00e0n b\u1ed9 \u2014 gi\u00fap \u00e2m d\u00e0y, \u1ea5m, bi\u1ec3u c\u1ea3m h\u01a1n.\u00a0 \ufffc<\/div>\n<div>\u00a0\u2022 White keys:<\/div>\n<div>\u00a0\u2022 C\u00f3 th\u1ec3 l\u00e0 Fine Ivory (nh\u1ef1a t\u1ed5ng h\u1ee3p gi\u1ed1ng ng\u00e0 voi) gi\u00fap c\u1ea3m gi\u00e1c ph\u00edm m\u1ec1m m\u1ea1i, h\u00fat \u1ea9m tay khi ch\u01a1i.\u00a0 \ufffc<\/div>\n<div><\/div>\n<div>\u2e3b<\/div>\n<div><\/div>\n<h4>\ud83c\udfa7 H\u1ec7 th\u1ed1ng Silent \u201cATX\u201d<\/h4>\n<div><\/div>\n<div>C\u00e2y \u0111\u00e0n n\u00e0y \u0111\u01b0\u1ee3c trang b\u1ecb ATX (AnyTime X) \u2014 h\u1ec7 th\u1ed1ng silent c\u1ee7a Kawai:<\/div>\n<div><\/div>\n<div>\u2705 Khi b\u1eadt ATX:<\/div>\n<div>\u00a0\u2022 Ng\u0103n b\u00faa ti\u1ebfp x\u00fac d\u00e2y \u21d2 \u00e2m thanh c\u01a1 h\u1ecdc t\u1eaft<\/div>\n<div>\u00a0\u2022 \u00c2m thanh ph\u00e1t ra b\u1eb1ng \u0111i\u1ec7n t\u1eed qua loa ho\u1eb7c tai nghe<\/div>\n<div>\u00a0\u2022 Gi\u00fap luy\u1ec7n t\u1eadp kh\u00f4ng g\u00e2y \u1ed3n cho gia \u0111\u00ecnh\/chung c\u01b0<\/div>\n<div><\/div>\n<div>Ngo\u00e0i ra, m\u1ed9t s\u1ed1 phi\u00ean b\u1ea3n c\u00f3 th\u1ec3 c\u00f3 soundboard speaker system (loa c\u1ed9ng h\u01b0\u1edfng m\u1eb7t g\u1ed7) \u0111\u1ec3 t\u1ea1o tr\u1ea3i nghi\u1ec7m \u201cacoustic\u201d t\u1ef1 nhi\u00ean h\u01a1n khi silent b\u1eadt.\u00a0 \ufffc<\/div>\n<div><\/div>\n<div>\u2e3b<\/div>\n<div><\/div>\n<div>\ud83c\udfbc \u0110\u1eb7c \u0111i\u1ec3m n\u1ed5i b\u1eadt<\/div>\n<div><\/div>\n<div>\u2714 C\u1ea3m gi\u00e1c ph\u00edm r\u1ea5t t\u1ed1t v\u00e0 \u0111\u1ec1u \u2014 ph\u00f9 h\u1ee3p c\u1ea3 h\u1ecdc t\u1eadp v\u00e0 tr\u00ecnh di\u1ec5n.\u00a0 \ufffc<\/div>\n<div>\u2714 \u00c2m thanh \u1ea5m, c\u00e2n b\u1eb1ng (kh\u00e1c v\u1edbi Yamaha thi\u00ean s\u00e1ng).\u00a0 \ufffc<\/div>\n<div>\u2714 Thi\u1ebft k\u1ebf g\u1ed7 \u0111\u1eb9p, sang tr\u1ecdng \u2014 \u0111\u1eb7t trong ph\u00f2ng kh\u00e1ch c\u0169ng \u0111\u1eb9p.\u00a0 \ufffc<\/div>\n<div>\u2714 H\u1ec7 th\u1ed1ng silent ATX r\u1ea5t ti\u1ec7n luy\u1ec7n t\u1eadp \u0111\u00eam t\u1ed1i ho\u1eb7c kh\u00f4ng \u1ea3nh h\u01b0\u1edfng h\u00e0ng x\u00f3m.\u00a0 \ufffc<\/div>\n<div><\/div>\n<div>\u2e3b<\/div>\n<div>\u00a0\u2022 \u0110\u00e2y l\u00e0 \u0111\u00e0n upright thu\u1ed9c ph\u00e2n kh\u00fac trung-cao (mid-high) trong d\u00f2ng upright ti\u00eau chu\u1ea9n c\u1ee7a Kawai cho gia \u0111\u00ecnh, h\u1ecdc t\u1eadp v\u00e0 b\u00e1n chuy\u00ean.<\/div>\n<div><\/div>\n<div>https:\/\/www.youtube.com\/watch?v=rHJmDMKbw7Y<\/div>\n<div>\n<p><a href=\"https:\/\/www.facebook.com\/Anpiano.hanoi\" target=\"_blank\" rel=\"noopener\">T\u01b0 v\u1ea5n v\u00e0 ch\u1ecdn mua s\u1ea3n\u00a0ph\u1ea9m kh\u00e1c t\u1ea1i \u0111\u00e2y<\/a><\/p>\n<p><a href=\"http:\/\/thumuapiano.com\/\" target=\"_blank\" rel=\"noopener\">Ch\u00fang t\u00f4i nh\u1eadn thu mua Piano, h\u00e3y li\u00ean h\u1ec7 n\u1ebfu b\u1ea1n c\u00f3 nhu c\u1ea7u.<\/a><\/p>\n<\/div>\n","protected":false},"excerpt":{"rendered":"<ul>\n<li>B\u1ea3o h\u00e0nh 10 n\u0103m\u00a0<a href=\"https:\/\/anpiano.com\/chinh-sach-bao-hanh\/\">xem th\u00eam<\/a><\/li>\n<li>Gh\u1ebf<\/li>\n<li>Kh\u0103n ph\u1ee7 ph\u00edm<\/li>\n<li>Kh\u0103n ph\u1ee7 \u0111\u00e0n<\/li>\n<li>\u1ed0ng s\u1ea5y<\/li>\n<li>Kh\u00f3a h\u1ecdc online<\/li>\n<li>Freeship HCM \u2013 HN \u2013 \u0110N \u2013 NT \u2013 BMT<\/li>\n<\/ul>\n","protected":false},"featured_media":14616,"comment_status":"open","ping_status":"closed","template":"","meta":[],"product_cat":[17],"product_tag":[1609,1611,1610],"class_list":{"0":"post-14613","1":"product","2":"type-product","3":"status-publish","4":"has-post-thumbnail","6":"product_cat-piano-dan-dien","7":"product_tag-kawai-ki65","8":"product_tag-kawai-ki65fn","9":"product_tag-ki65fn","11":"first","12":"instock","13":"sale","14":"shipping-taxable","15":"purchasable","16":"product-type-simple"},"jetpack_sharing_enabled":true,"_links":{"self":[{"href":"https:\/\/anpiano.com\/index.php?rest_route=\/wp\/v2\/product\/14613"}],"collection":[{"href":"https:\/\/anpiano.com\/index.php?rest_route=\/wp\/v2\/product"}],"about":[{"href":"https:\/\/anpiano.com\/index.php?rest_route=\/wp\/v2\/types\/product"}],"replies":[{"embeddable":true,"href":"https:\/\/anpiano.com\/index.php?rest_route=%2Fwp%2Fv2%2Fcomments&post=14613"}],"version-history":[{"count":2,"href":"https:\/\/anpiano.com\/index.php?rest_route=\/wp\/v2\/product\/14613\/revisions"}],"predecessor-version":[{"id":14623,"href":"https:\/\/anpiano.com\/index.php?rest_route=\/wp\/v2\/product\/14613\/revisions\/14623"}],"wp:featuredmedia":[{"embeddable":true,"href":"https:\/\/anpiano.com\/index.php?rest_route=\/wp\/v2\/media\/14616"}],"wp:attachment":[{"href":"https:\/\/anpiano.com\/index.php?rest_route=%2Fwp%2Fv2%2Fmedia&parent=14613"}],"wp:term":[{"taxonomy":"product_cat","embeddable":true,"href":"https:\/\/anpiano.com\/index.php?rest_route=%2Fwp%2Fv2%2Fproduct_cat&post=14613"},{"taxonomy":"product_tag","embeddable":true,"href":"https:\/\/anpiano.com\/index.php?rest_route=%2Fwp%2Fv2%2Fproduct_tag&post=14613"}],"curies":[{"name":"wp","href":"https:\/\/api.w.org\/{rel}","templated":true}]}}