{"id":14628,"date":"2025-12-24T16:28:50","date_gmt":"2025-12-24T09:28:50","guid":{"rendered":"https:\/\/anpiano.com\/?post_type=product&#038;p=14628"},"modified":"2025-12-24T16:29:10","modified_gmt":"2025-12-24T09:29:10","slug":"yamaha-ux-5","status":"publish","type":"product","link":"https:\/\/anpiano.com\/?product=yamaha-ux-5","title":{"rendered":"Yamaha UX-5"},"content":{"rendered":"<h2>Gi\u1edbi thi\u1ec7u<\/h2>\n<h4>\u0110\u00e0n Piano Yamaha UX-5 l\u00e0 m\u1ed9t m\u1eabu \u0111\u00e0n piano c\u01a1 \u0111\u1ee9ng (upright piano) cao c\u1ea5p thu\u1ed9c d\u00f2ng UX-series c\u1ee7a Yamaha, Nh\u1eadt B\u1ea3n. \u0110\u01b0\u1ee3c s\u1ea3n xu\u1ea5t t\u1eeb n\u0103m 1983 \u0111\u1ebfn 1985, UX-5 l\u00e0 m\u1ed9t phi\u00ean b\u1ea3n \u0111\u01b0\u1ee3c c\u1ea3i ti\u1ebfn t\u1eeb \u0111\u00e0n piano UX-3, k\u1ebf th\u1eeba v\u00e0 n\u00e2ng c\u1ea5p nhi\u1ec1u \u01b0u \u0111i\u1ec3m v\u01b0\u1ee3t tr\u1ed9i v\u1ec1 c\u1ea3 thi\u1ebft k\u1ebf v\u00e0 ch\u1ea5t l\u01b0\u1ee3ng \u00e2m thanh. V\u1edbi thi\u1ebft k\u1ebf \u0111\u1ed9c \u0111\u00e1o v\u00e0 \u00e2m thanh tuy\u1ec7t v\u1eddi, UX-5 l\u00e0 s\u1ef1 l\u1ef1a ch\u1ecdn \u0111\u01b0\u1ee3c nhi\u1ec1u ngh\u1ec7 s\u0129 piano chuy\u00ean nghi\u1ec7p v\u00e0 ng\u01b0\u1eddi y\u00eau nh\u1ea1c \u01b0a chu\u1ed9ng.<\/h4>\n<figure id=\"attachment_11654\" class=\"wp-caption aligncenter\" aria-describedby=\"caption-attachment-11654\"><img fetchpriority=\"high\" decoding=\"async\" class=\"alignnone size-medium wp-image-14630\" src=\"https:\/\/anpiano.com\/wp-content\/uploads\/2025\/12\/IMG_2923-300x225.jpeg\" alt=\"Yamaha UX-5\" width=\"300\" height=\"225\" srcset=\"https:\/\/anpiano.com\/wp-content\/uploads\/2025\/12\/IMG_2923-300x225.jpeg 300w, https:\/\/anpiano.com\/wp-content\/uploads\/2025\/12\/IMG_2923-1024x768.jpeg 1024w, https:\/\/anpiano.com\/wp-content\/uploads\/2025\/12\/IMG_2923-768x576.jpeg 768w, https:\/\/anpiano.com\/wp-content\/uploads\/2025\/12\/IMG_2923-1536x1152.jpeg 1536w, https:\/\/anpiano.com\/wp-content\/uploads\/2025\/12\/IMG_2923-2048x1536.jpeg 2048w, https:\/\/anpiano.com\/wp-content\/uploads\/2025\/12\/IMG_2923-247x185.jpeg 247w, https:\/\/anpiano.com\/wp-content\/uploads\/2025\/12\/IMG_2923-510x383.jpeg 510w\" sizes=\"(max-width: 300px) 100vw, 300px\" \/><figcaption id=\"caption-attachment-11654\" class=\"wp-caption-text\">\u0110\u00e0n Piano Yamaha UX-5 l\u00e0 m\u1ed9t m\u1eabu \u0111\u00e0n piano upright cao c\u1ea5p thu\u1ed9c d\u00f2ng UX-series<\/figcaption><\/figure>\n<h2>\u0110\u1eb7c \u0111i\u1ec3m n\u1ed5i b\u1eadt c\u1ee7a \u0110\u00e0n Piano Yamaha UX-5<\/h2>\n<h3>Thi\u1ebft k\u1ebf v\u00e0 ngo\u1ea1i h\u00ecnh<\/h3>\n<p>Yamaha UX-5 s\u1edf h\u1eefu v\u1ebb \u0111\u1eb9p c\u1ed5 \u0111i\u1ec3n, sang tr\u1ecdng v\u1edbi thi\u1ebft k\u1ebf tinh t\u1ebf v\u00e0 ch\u1ea5t li\u1ec7u cao c\u1ea5p. Th\u00f9ng \u0111\u00e0n cao 131cm \u0111\u01b0\u1ee3c ch\u1ebf t\u00e1c t\u1eeb g\u1ed7 ch\u1ea5t l\u01b0\u1ee3ng cao, m\u1ed7i \u0111\u01b0\u1eddng n\u00e9t \u0111\u1ec1u \u0111\u01b0\u1ee3c m\u00e0i gi\u0169a t\u1ec9 m\u1ec9, t\u1ea1o n\u00ean v\u1ebb \u0111\u1eb9p \u0111\u1eb3ng c\u1ea5p. M\u00e0u \u0111en b\u00f3ng sang tr\u1ecdng, huy\u1ec1n b\u00ed, ph\u1ee7 l\u1edbp s\u01a1n b\u00f3ng g\u01b0\u01a1ng, v\u1eeba mang t\u00ednh th\u1ea9m m\u1ef9 cao v\u1eeba c\u00f3 \u0111\u1ed9 b\u1ec1n t\u1ed1t.<\/p>\n<p>Khung \u0111\u00e0n thi\u1ebft k\u1ebf ki\u1ec3u ch\u1eef X \u0111\u1eb7c tr\u01b0ng c\u1ee7a d\u00f2ng UX-series, t\u0103ng c\u01b0\u1eddng \u0111\u1ed9 ch\u1eafc ch\u1eafn v\u00e0 t\u1ed1i \u01b0u h\u00f3a kh\u1ea3 n\u0103ng truy\u1ec1n \u00e2m. K\u00edch th\u01b0\u1edbc t\u1ed5ng th\u1ec3 kho\u1ea3ng 131 x 154 x 65cm (Cao x R\u1ed9ng x S\u00e2u), tr\u1ecdng l\u01b0\u1ee3ng kho\u1ea3ng 249kg. Gi\u00e1 \u0111\u1ee1 nh\u1ea1c \u0111\u01b0\u1ee3c thi\u1ebft k\u1ebf r\u1ed9ng r\u00e3i, gi\u00fap ng\u01b0\u1eddi ch\u01a1i tho\u1ea3i m\u00e1i \u0111\u1eb7t b\u1ea3n nh\u1ea1c v\u00e0 h\u1ec7 th\u1ed1ng tho\u00e1t \u00e2m \u1edf m\u1eb7t sau gi\u00fap \u00e2m thanh ph\u00e1t ra r\u00f5 r\u00e0ng, trung th\u1ef1c.<\/p>\n<h3>Ch\u1ea5t l\u01b0\u1ee3ng \u00e2m thanh<\/h3>\n<p>Yamaha UX-5 s\u1edf h\u1eefu ch\u1ea5t l\u01b0\u1ee3ng \u00e2m thanh v\u01b0\u1ee3t tr\u1ed9i, \u0111\u01b0\u1ee3c \u0111\u00e1nh gi\u00e1 cao b\u1edfi s\u1ef1 trong tr\u1ebbo, vang xa v\u00e0 \u0111\u1ed9 \u1ea5m \u00e1p \u0111\u1eb7c tr\u01b0ng. \u00c2m tr\u1ea7m m\u1ea1nh m\u1ebd, \u0111\u1ea7y uy l\u1ef1c, trong khi \u00e2m cao l\u1ea1i s\u00e1ng v\u00e0 tinh t\u1ebf. \u0110i\u1ec1u n\u00e0y l\u00e0 k\u1ebft qu\u1ea3 c\u1ee7a s\u1ef1 k\u1ebft h\u1ee3p h\u00e0i h\u00f2a gi\u1eefa thi\u1ebft k\u1ebf th\u00f9ng \u0111\u00e0n r\u1ed9ng r\u00e3i, b\u1ea3ng c\u1ed9ng h\u01b0\u1edfng l\u00e0m t\u1eeb g\u1ed7 v\u00e2n sam cao c\u1ea5p, h\u1ec7 th\u1ed1ng d\u00e2y \u0111\u00e0n b\u1eb1ng th\u00e9p ch\u1ea5t l\u01b0\u1ee3ng cao v\u00e0 b\u00faa \u0111\u00e0n \u0111\u01b0\u1ee3c b\u1ecdc l\u1edbp n\u1ec9 cao c\u1ea5p.<\/p>\n<p>C\u00f4ng ngh\u1ec7 agraffes \u2013 gi\u1ed1ng nh\u01b0 tr\u00ean \u0111\u00e0n\u00a0<a href=\"http:\/\/anpiano.com\">grand piano<\/a>, gi\u00fap gi\u1eef d\u00e2y \u0111\u00e0n ch\u1eafc ch\u1eafn, gi\u1ea3m thi\u1ec3u bi\u1ebfn d\u1ea1ng \u00e2m thanh, \u0111\u1ea3m b\u1ea3o \u00e2m s\u1eafc \u1ed5n \u0111\u1ecbnh v\u00e0 trong tr\u1ebbo. H\u1ec7 th\u1ed1ng Tone Escape \u0111\u01b0\u1ee3c t\u1ed1i \u01b0u h\u00f3a \u0111\u1ec3 \u00e2m thanh tho\u00e1t ra m\u1ed9t c\u00e1ch t\u1ef1 nhi\u00ean, kh\u00f4ng b\u1ecb b\u00f3p m\u00e9o. T\u1ed5ng th\u1ec3, \u00e2m thanh c\u1ee7a UX-5 mang l\u1ea1i tr\u1ea3i nghi\u1ec7m nghe \u0111\u1ea7y \u0111\u1ee7, s\u1ed1ng \u0111\u1ed9ng v\u00e0 cu\u1ed1n h\u00fat.<\/p>\n<figure id=\"attachment_11653\" class=\"wp-caption aligncenter\" aria-describedby=\"caption-attachment-11653\"><img decoding=\"async\" class=\"alignnone size-medium wp-image-14631\" src=\"https:\/\/anpiano.com\/wp-content\/uploads\/2025\/12\/IMG_2925-300x225.jpeg\" alt=\"Yamaha UX-5\" width=\"300\" height=\"225\" srcset=\"https:\/\/anpiano.com\/wp-content\/uploads\/2025\/12\/IMG_2925-300x225.jpeg 300w, https:\/\/anpiano.com\/wp-content\/uploads\/2025\/12\/IMG_2925-1024x768.jpeg 1024w, https:\/\/anpiano.com\/wp-content\/uploads\/2025\/12\/IMG_2925-768x576.jpeg 768w, https:\/\/anpiano.com\/wp-content\/uploads\/2025\/12\/IMG_2925-1536x1152.jpeg 1536w, https:\/\/anpiano.com\/wp-content\/uploads\/2025\/12\/IMG_2925-2048x1536.jpeg 2048w, https:\/\/anpiano.com\/wp-content\/uploads\/2025\/12\/IMG_2925-247x185.jpeg 247w, https:\/\/anpiano.com\/wp-content\/uploads\/2025\/12\/IMG_2925-510x383.jpeg 510w\" sizes=\"(max-width: 300px) 100vw, 300px\" \/><figcaption id=\"caption-attachment-11653\" class=\"wp-caption-text\">Yamaha UX-5 c\u00f3 ch\u1ea5t l\u01b0\u1ee3ng \u00e2m thanh v\u01b0\u1ee3t tr\u1ed9i<\/figcaption><\/figure>\n<h3>C\u00f4ng ngh\u1ec7 v\u00e0 t\u00ednh n\u0103ng \u0111\u1eb7c bi\u1ec7t<\/h3>\n<ul>\n<li><strong>Khung \u0111\u00e0n ch\u1eef X<\/strong>: Thi\u1ebft k\u1ebf khung \u0111\u00e0n ch\u1eef X t\u0103ng c\u01b0\u1eddng \u0111\u1ed9 ch\u1eafc ch\u1eafn, \u1ed5n \u0111\u1ecbnh v\u00e0 t\u1ed1i \u01b0u h\u00f3a kh\u1ea3 n\u0103ng truy\u1ec1n \u00e2m, gi\u00fap \u00e2m thanh vang d\u1ed9i h\u01a1n.<\/li>\n<li><strong>Pedal sostenuto<\/strong>: T\u00ednh n\u0103ng \u0111\u1ed9c \u0111\u00e1o n\u00e0y, th\u01b0\u1eddng ch\u1ec9 c\u00f3 tr\u00ean grand piano, cho ph\u00e9p ng\u01b0\u1eddi ch\u01a1i gi\u1eef m\u1ed9t s\u1ed1 n\u1ed1t nh\u1ea1c ng\u00e2n vang trong khi ch\u01a1i c\u00e1c n\u1ed1t kh\u00e1c, t\u1ea1o ra hi\u1ec7u \u1ee9ng \u00e2m nh\u1ea1c phong ph\u00fa v\u00e0 bi\u1ec3u c\u1ea3m.<\/li>\n<li><strong>H\u1ec7 th\u1ed1ng 3 pedal<\/strong>: Bao g\u1ed3m Soft Pedal, Muffler Pedal v\u00e0 Damper Pedal.<\/li>\n<\/ul>\n<h3>C\u00e1c \u0111\u1eb7c \u0111i\u1ec3m n\u1ed5i b\u1eadt kh\u00e1c<\/h3>\n<ul>\n<li><strong>Thi\u1ebft k\u1ebf t\u1ed1i \u01b0u h\u00f3a \u00e2m thanh<\/strong>: Th\u00f9ng \u0111\u00e0n cao 131cm \u0111\u01b0\u1ee3c thi\u1ebft k\u1ebf t\u1ed1i \u01b0u h\u00f3a \u0111\u1ec3 c\u1ed9ng h\u01b0\u1edfng \u00e2m thanh t\u1ed1t nh\u1ea5t.<\/li>\n<li><strong>Ph\u00edm \u0111\u00e0n ch\u1ea5t l\u01b0\u1ee3ng cao<\/strong>: \u0110\u01b0\u1ee3c l\u00e0m t\u1eeb g\u1ed7 v\u00e2n sam ph\u1ee7 l\u1edbp nh\u1ef1a cao c\u1ea5p, mang l\u1ea1i c\u1ea3m gi\u00e1c ch\u01a1i \u00eam \u00e1i v\u00e0 \u0111\u1ed9 b\u1ec1n cao.<\/li>\n<li><strong>B\u1ed9 gi\u1ea3m \u00e2m<\/strong>: Cho ph\u00e9p ng\u01b0\u1eddi ch\u01a1i luy\u1ec7n t\u1eadp m\u00e0 kh\u00f4ng l\u00e0m phi\u1ec1n ng\u01b0\u1eddi xung quanh.<\/li>\n<\/ul>\n<h2>Th\u00f4ng s\u1ed1 k\u1ef9 thu\u1eadt chi ti\u1ebft<\/h2>\n<ul>\n<li><strong>K\u00edch th\u01b0\u1edbc (Cao x R\u1ed9ng x S\u00e2u)<\/strong>: 131 x 154 x 65cm<\/li>\n<li><strong>Tr\u1ecdng l\u01b0\u1ee3ng<\/strong>: Kho\u1ea3ng 249kg<\/li>\n<li><strong>S\u1ed1 ph\u00edm<\/strong>: 88<\/li>\n<li><strong>Ch\u1ea5t li\u1ec7u ph\u00edm<\/strong>: Ph\u00edm \u0111en: Phenol, ph\u00edm tr\u1eafng: Acrylic cao c\u1ea5p<\/li>\n<li><strong>Khung \u0111\u00e0n<\/strong>: Gang \u0111\u00fac<\/li>\n<li><strong>H\u1ec7 th\u1ed1ng pedal<\/strong>: 3 pedal (Damper, Muffler, Soft) + Pedal sostenuto<\/li>\n<li><strong>B\u1ea3ng c\u1ed9ng h\u01b0\u1edfng<\/strong>: G\u1ed7 v\u00e2n sam<\/li>\n<li><strong>D\u00e2y \u0111\u00e0n<\/strong>: Th\u00e9p d\u1ebbo dai, c\u01b0\u1eddng \u0111\u1ed9 cao, \u00edt carbon<\/li>\n<li><strong>B\u00faa \u0111\u00e0n<\/strong>: G\u1ed7 b\u1ecdc n\u1ec9 cao c\u1ea5p<\/li>\n<\/ul>\n<h2>\u01afu \u0111i\u1ec3m c\u1ee7a Piano Yamaha UX-5<\/h2>\n<ul>\n<li><strong>\u00c2m thanh xu\u1ea5t s\u1eafc<\/strong>: Ch\u1ea5t l\u01b0\u1ee3ng \u00e2m thanh v\u01b0\u1ee3t tr\u1ed9i, trong tr\u1ebbo, vang xa, \u00e2m tr\u1ea7m m\u1ea1nh m\u1ebd, \u00e2m cao s\u00e1ng v\u00e0 tinh t\u1ebf.<\/li>\n<li><strong>Thi\u1ebft k\u1ebf sang tr\u1ecdng<\/strong>: V\u1ebb \u0111\u1eb9p c\u1ed5 \u0111i\u1ec3n, sang tr\u1ecdng v\u1edbi ch\u1ea5t li\u1ec7u g\u1ed7 cao c\u1ea5p v\u00e0 m\u00e0u \u0111en b\u00f3ng.<\/li>\n<li><strong>\u0110\u1ed9 b\u1ec1n cao<\/strong>: \u0110\u01b0\u1ee3c ch\u1ebf t\u1ea1o t\u1eeb v\u1eadt li\u1ec7u ch\u1ea5t l\u01b0\u1ee3ng cao v\u00e0 thi\u1ebft k\u1ebf ch\u1eafc ch\u1eafn, \u0111\u1ea3m b\u1ea3o \u0111\u1ed9 b\u1ec1n l\u00e2u d\u00e0i.<\/li>\n<li><strong>C\u1ea3m gi\u00e1c ch\u01a1i tuy\u1ec7t v\u1eddi<\/strong>: B\u00e0n ph\u00edm nh\u1ea1y b\u00e9n, ch\u00ednh x\u00e1c, cho ph\u00e9p ng\u01b0\u1eddi ch\u01a1i ki\u1ec3m so\u00e1t l\u1ef1c nh\u1ea5n v\u00e0 th\u1ec3 hi\u1ec7n k\u1ef9 thu\u1eadt t\u1ed1t.<\/li>\n<li><strong>T\u00ednh n\u0103ng Pedal sostenuto<\/strong>: T\u00ednh n\u0103ng \u0111\u1ed9c \u0111\u00e1o, gi\u00fap t\u1ea1o ra hi\u1ec7u \u1ee9ng \u00e2m nh\u1ea1c phong ph\u00fa v\u00e0 bi\u1ec3u c\u1ea3m.<\/li>\n<\/ul>\n<div data-id=\"9ly1xDmkO1M\" data-query=\"\" data-src=\"https:\/\/www.youtube.com\/embed\/9ly1xDmkO1M\"><a href=\"https:\/\/www.facebook.com\/Anpiano.hanoi\" target=\"_blank\" rel=\"noopener\">T\u01b0 v\u1ea5n v\u00e0 ch\u1ecdn mua s\u1ea3n ph\u1ea9m kh\u00e1c t\u1ea1i \u0111\u00e2y<\/a><\/div>\n<div data-id=\"9ly1xDmkO1M\" data-query=\"\" data-src=\"https:\/\/www.youtube.com\/embed\/9ly1xDmkO1M\"><a href=\"http:\/\/thumuapiano.com\/\" target=\"_blank\" rel=\"noopener\">Ch\u00fang t\u00f4i nh\u1eadn thu mua Piano, h\u00e3y li\u00ean h\u1ec7 n\u1ebfu b\u1ea1n c\u00f3 nhu c\u1ea7u.<\/a><\/div>\n","protected":false},"excerpt":{"rendered":"<ul>\n<li>B\u1ea3o h\u00e0nh 10 n\u0103m\u00a0<a href=\"https:\/\/anpiano.com\/chinh-sach-bao-hanh\/\">xem th\u00eam<\/a><\/li>\n<li>Gh\u1ebf<\/li>\n<li>Kh\u0103n ph\u1ee7 ph\u00edm<\/li>\n<li>Kh\u0103n ph\u1ee7 \u0111\u00e0n<\/li>\n<li>\u1ed0ng s\u1ea5y<\/li>\n<li>Freeship HCM \u2013 HN \u2013 \u0110N \u2013 NT \u2013 BMT<\/li>\n<li>Kh\u00f3a h\u1ecdc online<\/li>\n<\/ul>\n","protected":false},"featured_media":14629,"comment_status":"open","ping_status":"closed","template":"","meta":[],"product_cat":[17],"product_tag":[1615,1613,140,1614,1612,1616],"class_list":{"0":"post-14628","1":"product","2":"type-product","3":"status-publish","4":"has-post-thumbnail","6":"product_cat-piano-dan-dien","7":"product_tag-ux-5","8":"product_tag-ux5","9":"product_tag-yamaha","10":"product_tag-yamaha-ux-5","11":"product_tag-yamaha-ux5","12":"product_tag-yamahaux5","14":"first","15":"instock","16":"sale","17":"shipping-taxable","18":"purchasable","19":"product-type-simple"},"jetpack_sharing_enabled":true,"_links":{"self":[{"href":"https:\/\/anpiano.com\/index.php?rest_route=\/wp\/v2\/product\/14628"}],"collection":[{"href":"https:\/\/anpiano.com\/index.php?rest_route=\/wp\/v2\/product"}],"about":[{"href":"https:\/\/anpiano.com\/index.php?rest_route=\/wp\/v2\/types\/product"}],"replies":[{"embeddable":true,"href":"https:\/\/anpiano.com\/index.php?rest_route=%2Fwp%2Fv2%2Fcomments&post=14628"}],"version-history":[{"count":1,"href":"https:\/\/anpiano.com\/index.php?rest_route=\/wp\/v2\/product\/14628\/revisions"}],"predecessor-version":[{"id":14633,"href":"https:\/\/anpiano.com\/index.php?rest_route=\/wp\/v2\/product\/14628\/revisions\/14633"}],"wp:featuredmedia":[{"embeddable":true,"href":"https:\/\/anpiano.com\/index.php?rest_route=\/wp\/v2\/media\/14629"}],"wp:attachment":[{"href":"https:\/\/anpiano.com\/index.php?rest_route=%2Fwp%2Fv2%2Fmedia&parent=14628"}],"wp:term":[{"taxonomy":"product_cat","embeddable":true,"href":"https:\/\/anpiano.com\/index.php?rest_route=%2Fwp%2Fv2%2Fproduct_cat&post=14628"},{"taxonomy":"product_tag","embeddable":true,"href":"https:\/\/anpiano.com\/index.php?rest_route=%2Fwp%2Fv2%2Fproduct_tag&post=14628"}],"curies":[{"name":"wp","href":"https:\/\/api.w.org\/{rel}","templated":true}]}}