{"id":14644,"date":"2026-01-22T14:20:37","date_gmt":"2026-01-22T07:20:37","guid":{"rendered":"https:\/\/anpiano.com\/?post_type=product&#038;p=14644"},"modified":"2026-01-22T14:25:42","modified_gmt":"2026-01-22T07:25:42","slug":"kawai-m-500-doc-nhat-viet-nam","status":"publish","type":"product","link":"https:\/\/anpiano.com\/?product=kawai-m-500-doc-nhat-viet-nam","title":{"rendered":"Kawai M 500 ( \u0110\u1ed8C NH\u1ea4T VI\u1ec6T NAM )"},"content":{"rendered":"<h2>\ud83c\udfb9 <strong>KAWAI M 500\u00a0 \u2013 Upright Piano Cao C\u1ea5p Chu\u1ea9n Nh\u1eadt B\u1ea3n<\/strong><\/h2>\n<div><\/div>\n<div><span style=\"font-size: 110%;\">L\u1ef1a ch\u1ecdn l\u00fd t\u01b0\u1edfng cho ng\u01b0\u1eddi h\u1ecdc nghi\u00eam t\u00fac &amp; ng\u01b0\u1eddi ch\u01a1i b\u00e1n chuy\u00ean<\/span><\/div>\n<div><\/div>\n<div>Kawai M-500\u00a0 l\u00e0 m\u1eabu piano c\u01a1 upright cao c\u1ea5p c\u1ee7a th\u01b0\u01a1ng hi\u1ec7u Kawai \u2013 Nh\u1eadt B\u1ea3n, n\u1ed5i b\u1eadt v\u1edbi b\u1ed9 m\u00e1y Millennium III, \u00e2m thanh m\u1ea1nh m\u1ebd, \u0111\u1ed9 nh\u1ea1y ph\u00edm cao v\u00e0 \u0111\u1ed9 b\u1ec1n v\u01b0\u1ee3t tr\u1ed9i theo th\u1eddi gian.<\/div>\n<div><\/div>\n<div><\/div>\n<div>\u0110\u00e2y l\u00e0 c\u00e2y \u0111\u00e0n \u0111\u01b0\u1ee3c nhi\u1ec1u gi\u00e1o vi\u00ean, trung t\u00e2m \u00e2m nh\u1ea1c v\u00e0 gia \u0111\u00ecnh l\u1ef1a ch\u1ecdn cho h\u1ecdc t\u1eadp n\u00e2ng cao \u2013 luy\u1ec7n thi \u2013 bi\u1ec3u di\u1ec5n kh\u00f4ng gian v\u1eeba.<\/div>\n<div><\/div>\n<div><img fetchpriority=\"high\" decoding=\"async\" class=\"alignnone size-medium wp-image-14645\" src=\"https:\/\/anpiano.com\/wp-content\/uploads\/2026\/01\/M50-300x225.jpg\" alt=\"KAWAI M500\" width=\"300\" height=\"225\" srcset=\"https:\/\/anpiano.com\/wp-content\/uploads\/2026\/01\/M50-300x225.jpg 300w, https:\/\/anpiano.com\/wp-content\/uploads\/2026\/01\/M50-1024x767.jpg 1024w, https:\/\/anpiano.com\/wp-content\/uploads\/2026\/01\/M50-768x576.jpg 768w, https:\/\/anpiano.com\/wp-content\/uploads\/2026\/01\/M50-1536x1151.jpg 1536w, https:\/\/anpiano.com\/wp-content\/uploads\/2026\/01\/M50-2048x1535.jpg 2048w, https:\/\/anpiano.com\/wp-content\/uploads\/2026\/01\/M50-247x185.jpg 247w, https:\/\/anpiano.com\/wp-content\/uploads\/2026\/01\/M50-510x382.jpg 510w\" sizes=\"(max-width: 300px) 100vw, 300px\" \/><\/div>\n<div><\/div>\n<div>\n<div>\ud83c\udf1f <strong>\u0110i\u1ec3m m\u1ea1nh l\u00e0m n\u00ean gi\u00e1 tr\u1ecb Kawai M 500<\/strong><\/div>\n<div><\/div>\n<div>\ud83c\udfb6 \u00c2m thanh l\u1edbn \u2013 d\u00e0y \u2013 gi\u00e0u n\u1ed9i l\u1ef1c<\/div>\n<div><\/div>\n<div>Thi\u1ebft k\u1ebf th\u00f9ng \u0111\u00e0n cao 130cm k\u1ebft h\u1ee3p soundboard g\u1ed7 nguy\u00ean kh\u1ed1i gi\u00fap Kawai M 500 cho \u00e2m thanh vang, \u1ea5m, r\u00f5 t\u1eebng d\u1ea3i, \u0111\u1eb7c bi\u1ec7t ph\u00f9 h\u1ee3p nh\u1ea1c c\u1ed5 \u0111i\u1ec3n v\u00e0 luy\u1ec7n k\u1ef9 thu\u1eadt.<\/div>\n<div><\/div>\n<div>\u270b <strong>C\u1ea3m gi\u00e1c ph\u00edm chu\u1ea9n \u2013 ki\u1ec3m so\u00e1t t\u1ed1t<\/strong><\/div>\n<div><\/div>\n<div>B\u1ed9 m\u00e1y Millennium III (ABS-Carbon) cho \u0111\u1ed9 \u1ed5n \u0111\u1ecbnh cao, ph\u1ea3n h\u1ed3i nhanh, nh\u1eb9 tay nh\u01b0ng v\u1eabn \u0111\u1ee7 l\u1ef1c \u2013 r\u1ea5t ph\u00f9 h\u1ee3p cho ng\u01b0\u1eddi h\u1ecdc l\u00ean tr\u00ecnh \u0111\u1ed9 trung &amp; cao c\u1ea5p.<\/div>\n<div><\/div>\n<div>\ud83d\udee0\ufe0f <strong>\u0110\u1ed9 b\u1ec1n v\u01b0\u1ee3t tr\u1ed9i theo th\u1eddi gian<\/strong><\/div>\n<div><\/div>\n<div>Kawai n\u1ed5i ti\u1ebfng v\u1ec1 kh\u1ea3 n\u0103ng ch\u1ed1ng cong v\u00eanh, \u1ed5n \u0111\u1ecbnh m\u00e1y trong \u0111i\u1ec1u ki\u1ec7n kh\u00ed h\u1eadu n\u00f3ng \u1ea9m nh\u01b0 Vi\u1ec7t Nam \u2013 s\u1eed d\u1ee5ng b\u1ec1n b\u1ec9 nhi\u1ec1u n\u0103m n\u1ebfu b\u1ea3o qu\u1ea3n \u0111\u00fang c\u00e1ch.<\/div>\n<\/div>\n<div><\/div>\n<div><\/div>\n<div><\/div>\n<div><\/div>\n<div>\ud83d\udd0d <strong><span style=\"font-size: 140%;\">Th\u00f4ng s\u1ed1 k\u1ef9 thu\u1eadt n\u1ed5i b\u1eadt<\/span><\/strong><\/div>\n<div>\n\u2022 Lo\u1ea1i \u0111\u00e0n: Piano c\u01a1 Upright<br \/>\n\u2022 Chi\u1ec1u cao: ~130 cm<br \/>\n\u2022 S\u1ed1 ph\u00edm: 88 ph\u00edm ti\u00eau chu\u1ea9n<br \/>\n\u2022 B\u1ed9 m\u00e1y c\u01a1: Millennium III Upright Action (ABS-Carbon \u0111\u1ed9c quy\u1ec1n Kawai)<br \/>\n\u2022 B\u1ec1 m\u1eb7t ph\u00edm: NEOTEX \u2013 ch\u1ed1ng tr\u01a1n, b\u1ec1n, c\u1ea3m gi\u00e1c t\u1ef1 nhi\u00ean<br \/>\n\u2022 Soundboard: G\u1ed7 v\u00e2n sam nguy\u00ean t\u1ea5m (Spruce)<br \/>\n\u2022 Pedal: 3 pedal (Soft \u2013 Muffler \u2013 Damper)<br \/>\n\u2022 N\u1eafp ph\u00edm: Softfall \u2013 \u0111\u00f3ng \u00eam, an to\u00e0n cho tr\u1ebb em<br \/>\n\u2022 M\u00e0u s\u1eafc: \u0110en b\u00f3ng (Ebony Polish)<br \/>\n\u2022 Xu\u1ea5t x\u1ee9: Nh\u1eadt B\u1ea3n<\/div>\n<div><\/div>\n<div><a href=\"https:\/\/www.facebook.com\/Anpiano.hanoi\" target=\"_blank\" rel=\"noopener\">T\u01b0 v\u1ea5n v\u00e0 ch\u1ecdn mua s\u1ea3n ph\u1ea9m kh\u00e1c t\u1ea1i \u0111\u00e2y<\/a><\/div>\n","protected":false},"excerpt":{"rendered":"<ul>\n<li>B\u1ea3o h\u00e0nh 10 n\u0103m\u00a0<a href=\"https:\/\/anpiano.com\/chinh-sach-bao-hanh\/\">xem th\u00eam<\/a><\/li>\n<li>Gh\u1ebf<\/li>\n<li>Kh\u0103n ph\u1ee7 ph\u00edm<\/li>\n<li>Kh\u0103n ph\u1ee7 \u0111\u00e0n<\/li>\n<li>\u1ed0ng s\u1ea5y<\/li>\n<li>Freeship HCM \u2013 HN \u2013 \u0110N \u2013 NT \u2013 BMT<\/li>\n<li>Kh\u00f3a h\u1ecdc online<\/li>\n<\/ul>\n","protected":false},"featured_media":14645,"comment_status":"open","ping_status":"closed","template":"","meta":[],"product_cat":[125,327],"product_tag":[1617],"class_list":{"0":"post-14644","1":"product","2":"type-product","3":"status-publish","4":"has-post-thumbnail","6":"product_cat-piano-upright","7":"product_cat-kawai-upright","8":"product_tag-kawai-m-500","10":"first","11":"instock","12":"sale","13":"shipping-taxable","14":"purchasable","15":"product-type-simple"},"jetpack_sharing_enabled":true,"_links":{"self":[{"href":"https:\/\/anpiano.com\/index.php?rest_route=\/wp\/v2\/product\/14644"}],"collection":[{"href":"https:\/\/anpiano.com\/index.php?rest_route=\/wp\/v2\/product"}],"about":[{"href":"https:\/\/anpiano.com\/index.php?rest_route=\/wp\/v2\/types\/product"}],"replies":[{"embeddable":true,"href":"https:\/\/anpiano.com\/index.php?rest_route=%2Fwp%2Fv2%2Fcomments&post=14644"}],"version-history":[{"count":3,"href":"https:\/\/anpiano.com\/index.php?rest_route=\/wp\/v2\/product\/14644\/revisions"}],"predecessor-version":[{"id":14649,"href":"https:\/\/anpiano.com\/index.php?rest_route=\/wp\/v2\/product\/14644\/revisions\/14649"}],"wp:featuredmedia":[{"embeddable":true,"href":"https:\/\/anpiano.com\/index.php?rest_route=\/wp\/v2\/media\/14645"}],"wp:attachment":[{"href":"https:\/\/anpiano.com\/index.php?rest_route=%2Fwp%2Fv2%2Fmedia&parent=14644"}],"wp:term":[{"taxonomy":"product_cat","embeddable":true,"href":"https:\/\/anpiano.com\/index.php?rest_route=%2Fwp%2Fv2%2Fproduct_cat&post=14644"},{"taxonomy":"product_tag","embeddable":true,"href":"https:\/\/anpiano.com\/index.php?rest_route=%2Fwp%2Fv2%2Fproduct_tag&post=14644"}],"curies":[{"name":"wp","href":"https:\/\/api.w.org\/{rel}","templated":true}]}}