{"id":1591,"date":"2020-06-16T10:01:48","date_gmt":"2020-06-16T03:01:48","guid":{"rendered":"http:\/\/anpiano.com\/?post_type=product&#038;p=1591"},"modified":"2026-04-03T09:27:35","modified_gmt":"2026-04-03T02:27:35","slug":"yamaha-clp-120r","status":"publish","type":"product","link":"https:\/\/anpiano.com\/?product=yamaha-clp-120r","title":{"rendered":"Yamaha CLP 120R"},"content":{"rendered":"<h2>Yamaha CLP 120R<\/h2>\n<p>Yamaha CLP 120R l\u00e0 \u0111\u00e0n piano \u0111i\u1ec7n c\u0169 (secondhand) c\u00f3 88 ph\u00edm, s\u1eed d\u1ee5ng th\u1ebf h\u1ec7 \u00e2m thanh AWM, c\u00f4ng ngh\u1ec7 l\u1ea5y m\u1eabu \u00e2m thanh n\u1ed5i (stereo sampling). Piano \u0111i\u1ec7n c\u0169 Yamaha CLP 120R l\u00e0 piano \u0111i\u1ec7n b\u00e0n ph\u00edm \u0111a \u00e2m l\u00ean \u0111\u1ebfn 64 notes. \u0110\u00e0n c\u00f3 14 \u00e2m s\u1eafc phong ph\u00fa cho b\u1ea1n l\u1ef1a ch\u1ecdn, ngo\u00e0i ra \u0111\u00e0n c\u00f2n c\u00f3 c\u00e1c hi\u1ec7u \u1ee9ng \u00a0nh\u01b0 Reverb, Effect v\u00e0 Brilliance g\u00f3p ph\u1ea7n l\u00e0m \u0111a d\u1ea1ng s\u1eafc th\u00e1i cho b\u00e0i bi\u1ec3u di\u1ec5n c\u1ee7a b\u1ea1n.<\/p>\n<p><img fetchpriority=\"high\" decoding=\"async\" class=\"alignnone\" src=\"https:\/\/media.karousell.com\/media\/photos\/products\/2019\/02\/04\/yamaha_clavinova_clp120_1549246776_8eb479410\" alt=\"Yamaha CLP 120R\" width=\"1080\" height=\"1080\" \/><\/p>\n<p class=\"separator\" data-blogger-escaped-style=\"clear: both; text-align: left;\">Yamaha CLP 120R c\u00f2n \u0111\u01b0\u1ee3c trang b\u1ecb ch\u1ee9c n\u0103ng ghi \u00e2m 2 track, do v\u1eady b\u1ea1n c\u00f3 th\u1ec3 ghi \u00e2m v\u00e0 ph\u00e1t l\u1ea1i b\u00e0i nh\u1ea1c m\u00e0 m\u00ecnh ch\u01a1i. \u0110\u00e0n c\u00f3 3 pedal chu\u1ea9n l\u00e0 damper, sostenuto v\u00e0 soft. Ngo\u00e0i ra \u0111\u00e0n c\u00f2n \u0111\u01b0\u1ee3c c\u00e0i \u0111\u1eb7t s\u1eb5n 14 \u0111o\u1ea1n nh\u1ea1c m\u1eabu cho 14 \u00e2m s\u1eafc v\u00e0 50 b\u00e0i nh\u1ea1c m\u1eabu gi\u00fap b\u1ea1n th\u1ef1c h\u00e0nh v\u00e0 th\u01b0\u1edfng th\u1ee9c \u00e2m nh\u1ea1c c\u00e1ch tr\u1ecdn v\u1eb9n nh\u1ea5t.<\/p>\n<p class=\"separator\" data-blogger-escaped-style=\"clear: both; text-align: left;\">Trong tr\u01b0\u1eddng h\u1ee3p kh\u00f4ng mu\u1ed1n l\u00e0m phi\u1ec1n ng\u01b0\u1eddi xung quanh, b\u1ea1n c\u00f3 th\u1ec3 s\u1eed d\u1ee5ng tai nghe cho ri\u00eang m\u00ecnh. Yamaha CLP 120R trang b\u1ecb 2 l\u1ed7 c\u1eafm tai nghe do v\u1eady b\u1ea1n ho\u1eb7c m\u1ed9t ng\u01b0\u1eddi kh\u00e1c c\u00f3 th\u1ec3 c\u00f9ng th\u01b0\u1edfng th\u1ee9c ho\u1eb7c t\u1eadp luy\u1ec7n c\u00e1ch ri\u00eang t\u01b0.<\/p>\n<p class=\"separator\" data-blogger-escaped-style=\"clear: both; text-align: left;\">\u0110\u00e0n piano \u0111i\u1ec7n c\u0169 t\u00edch h\u1ee3p ampli c\u00f3 c\u00f4ng su\u1ea5t t\u1ed5ng c\u1ed9ng l\u00e0 40W, hai loa 16W cho \u00e2m thanh m\u1ea1nh m\u1ebd.<\/p>\n<p data-blogger-escaped-style=\"clear: both; text-align: left;\">V\u1edbi m\u1ee9c gi\u00e1 v\u1eeba ph\u1ea3i piano \u0111i\u1ec7n Yamaha CLP 120R l\u00e0 c\u00e2y \u0111\u00e0n l\u00fd t\u01b0\u1edfng cho ng\u01b0\u1eddi b\u1eaft \u0111\u1ea7u t\u1eadp ch\u01a1i v\u00e0 s\u1eed d\u1ee5ng l\u00e2u d\u00e0i tr\u01b0\u1edbc khi \u0111\u1ea7u t\u01b0 m\u1ed9t c\u00e2y \u0111\u00e0n piano c\u01a1.<\/p>\n<p><strong>Th\u00f4ng s\u1ed1 k\u0129 thu\u1eadt c\u00e2y Yamaha CLP-120R :<\/strong><\/p>\n<p>K\u00edch th\u01b0\u1edbc : (W)137cm x (H)85cm x (S)52cm<\/p>\n<p>Tr\u1ecdng l\u01b0\u1ee3ng : 51kg<\/p>\n<p>&nbsp;<\/p>\n<p><a href=\"https:\/\/www.facebook.com\/Anpiano.hanoi\" target=\"_blank\" rel=\"noopener\">T\u01b0 v\u1ea5n v\u00e0 ch\u1ecdn mua s\u1ea3n\u00a0ph\u1ea9m kh\u00e1c t\u1ea1i \u0111\u00e2y<\/a><\/p>\n<p><a href=\"http:\/\/thumuapiano.com\/\" target=\"_blank\" rel=\"noopener\">Ch\u00fang t\u00f4i nh\u1eadn thu mua Piano, h\u00e3y li\u00ean h\u1ec7 n\u1ebfu b\u1ea1n c\u00f3 nhu c\u1ea7u.<\/a><\/p>\n","protected":false},"excerpt":{"rendered":"<ul>\n<li>B\u1ea3o h\u00e0nh 12 th\u00e1ng <a href=\"https:\/\/anpiano.com\/chinh-sach-bao-hanh\/\">xem th\u00eam<\/a><\/li>\n<li>Gh\u1ebf<\/li>\n<li>Kh\u0103n ph\u1ee7 ph\u00edm<\/li>\n<li>\u0110\u1ed5i ngu\u1ed3n 220V<\/li>\n<li>Freeship HCM \u2013 HN \u2013 \u0110N &#8211; NT &#8211; BMT<\/li>\n<li>Kh\u00f3a h\u1ecdc online<\/li>\n<\/ul>\n<p>Yamaha CLP 120R l\u00e0 \u0111\u00e0n piano \u0111i\u1ec7n c\u0169 (secondhand) c\u00f3 88 ph\u00edm, s\u1eed d\u1ee5ng th\u1ebf h\u1ec7 \u00e2m thanh AWM, c\u00f4ng ngh\u1ec7 l\u1ea5y m\u1eabu \u00e2m thanh n\u1ed5i (stereo sampling)<\/p>\n","protected":false},"featured_media":9442,"comment_status":"open","ping_status":"closed","template":"","meta":[],"product_cat":[356,17,129],"product_tag":[145,142,143,140],"class_list":{"0":"post-1591","1":"product","2":"type-product","3":"status-publish","4":"has-post-thumbnail","6":"product_cat-san-pham-noi-bat-dien","7":"product_cat-piano-dan-dien","8":"product_cat-ya-ma-ha","9":"product_tag-clp120","10":"product_tag-piano","11":"product_tag-piano-dien","12":"product_tag-yamaha","14":"first","15":"instock","16":"sale","17":"shipping-taxable","18":"purchasable","19":"product-type-simple"},"jetpack_sharing_enabled":true,"_links":{"self":[{"href":"https:\/\/anpiano.com\/index.php?rest_route=\/wp\/v2\/product\/1591"}],"collection":[{"href":"https:\/\/anpiano.com\/index.php?rest_route=\/wp\/v2\/product"}],"about":[{"href":"https:\/\/anpiano.com\/index.php?rest_route=\/wp\/v2\/types\/product"}],"replies":[{"embeddable":true,"href":"https:\/\/anpiano.com\/index.php?rest_route=%2Fwp%2Fv2%2Fcomments&post=1591"}],"version-history":[{"count":3,"href":"https:\/\/anpiano.com\/index.php?rest_route=\/wp\/v2\/product\/1591\/revisions"}],"predecessor-version":[{"id":13763,"href":"https:\/\/anpiano.com\/index.php?rest_route=\/wp\/v2\/product\/1591\/revisions\/13763"}],"wp:featuredmedia":[{"embeddable":true,"href":"https:\/\/anpiano.com\/index.php?rest_route=\/wp\/v2\/media\/9442"}],"wp:attachment":[{"href":"https:\/\/anpiano.com\/index.php?rest_route=%2Fwp%2Fv2%2Fmedia&parent=1591"}],"wp:term":[{"taxonomy":"product_cat","embeddable":true,"href":"https:\/\/anpiano.com\/index.php?rest_route=%2Fwp%2Fv2%2Fproduct_cat&post=1591"},{"taxonomy":"product_tag","embeddable":true,"href":"https:\/\/anpiano.com\/index.php?rest_route=%2Fwp%2Fv2%2Fproduct_tag&post=1591"}],"curies":[{"name":"wp","href":"https:\/\/api.w.org\/{rel}","templated":true}]}}