{"id":1610,"date":"2020-06-16T10:18:13","date_gmt":"2020-06-16T03:18:13","guid":{"rendered":"http:\/\/anpiano.com\/?post_type=product&#038;p=1610"},"modified":"2025-10-02T16:09:36","modified_gmt":"2025-10-02T09:09:36","slug":"yamaha-clp-230r","status":"publish","type":"product","link":"https:\/\/anpiano.com\/?product=yamaha-clp-230r","title":{"rendered":"Yamaha CLP 230R"},"content":{"rendered":"<h3>Piano \u0111i\u1ec7n Yamaha CLP 230R cho c\u1ea3m nh\u1eadn v\u00e0 \u00e2m thanh nh\u01b0 \u0111\u00e0n piano acoustic. C\u00f4ng ngh\u1ec7 b\u00e0n ph\u00edm GH3 v\u00e0 \u00e2m s\u1eafc l\u1ea5y m\u1eabu t\u1eeb \u00e2m thanh n\u1ed5i AWM \u0111\u00e3 t\u1ea1o ra \u00e2m thanh trung th\u1ef1c m\u1ed9t c\u00e1ch xu\u1ea5t s\u1eafc v\u00e0 di\u1ec5n c\u1ea3m t\u1ef1 nhi\u00ean.<\/h3>\n<p><img fetchpriority=\"high\" decoding=\"async\" class=\"aligncenter wp-image-3692 size-full\" src=\"https:\/\/anpiano.com\/wp-content\/uploads\/2020\/06\/CLP230-2-2.jpg\" alt=\"Yamaha CLP 230R\" width=\"480\" height=\"480\" srcset=\"https:\/\/anpiano.com\/wp-content\/uploads\/2020\/06\/CLP230-2-2.jpg 480w, https:\/\/anpiano.com\/wp-content\/uploads\/2020\/06\/CLP230-2-2-100x100.jpg 100w, https:\/\/anpiano.com\/wp-content\/uploads\/2020\/06\/CLP230-2-2-300x300.jpg 300w, https:\/\/anpiano.com\/wp-content\/uploads\/2020\/06\/CLP230-2-2-150x150.jpg 150w, https:\/\/anpiano.com\/wp-content\/uploads\/2020\/06\/CLP230-2-2-160x160.jpg 160w, https:\/\/anpiano.com\/wp-content\/uploads\/2020\/06\/CLP230-2-2-45x45.jpg 45w, https:\/\/anpiano.com\/wp-content\/uploads\/2020\/06\/CLP230-2-2-64x64.jpg 64w\" sizes=\"(max-width: 480px) 100vw, 480px\" \/><\/p>\n<p>&nbsp;<\/p>\n<h4><strong>Yamaha CLP 230R &#8211; \u00c2m thanh ch\u1ea5t l\u01b0\u1ee3ng cao :<\/strong><\/h4>\n<ul>\n<li>B\u1eb1ng c\u00e1ch s\u1eed d\u1ee5ng h\u1ec7 th\u1ed1ng AWM (Advanced Wave Memory) tr\u00ean Yamaha CLP-230R n\u00ean cho ch\u1ea5t l\u01b0\u1ee3ng \u00e2m thanh c\u1ef1c k\u1ef3 t\u1ed1t. AWM (Advanced Wave Memory) l\u00e0 m\u1ed9t h\u1ec7 th\u1ed1ng l\u1ea5y m\u1eabu t\u1ea1o ra \u00e2m thanh g\u1ea7n nh\u01b0 c\u1ee7a m\u1ed9t nh\u1ea1c c\u1ee5 \u00e2m thanh b\u1eb1ng c\u00e1ch s\u1eed d\u1ee5ng c\u00f4ng ngh\u1ec7 k\u1ef9 thu\u1eadt s\u1ed1 \u0111\u1ec3 ghi l\u1ea1i c\u00e1c \u00e2m thanh nh\u1ea1c c\u1ee5 v\u00e0 \u1ee9ng d\u1ee5ng c\u00f4ng ngh\u1ec7 cao ch\u1ea5t l\u01b0\u1ee3ng b\u1ed9 l\u1ecdc k\u1ef9 thu\u1eadt s\u1ed1 v\u1edbi c\u00e1c m\u1eabu \u00e2m thanh \u0111\u01b0\u1ee3c ghi l\u1ea1i.AWM Stereo Sampling t\u1ea1o ra m\u1ed9t \u00e2m thanh r\u1ed9ng r\u00e3i, s\u00e2u s\u1eafc v\u00e0 phong ph\u00fa h\u01a1n b\u1eb1ng c\u00e1ch s\u1eed d\u1ee5ng m\u1ed9t c\u1eb7p d\u1ea1ng s\u00f3ng (L v\u00e0 R), thu \u0111\u01b0\u1ee3c th\u00f4ng qua m\u1ed9t qu\u00e1 tr\u00ecnh ghi \u00e2m thanh n\u1ed5i. B\u00ean c\u1ea1nh \u0111\u00f3 Yamaha c\u00f2n l\u00e0 h\u00e3ng piano l\u00e2u \u0111\u1eddi v\u00e0 \u0111\u1ea7y kinh nghi\u1ec7m trong l\u0129nh v\u1ef1c t\u00e1i t\u1ea1o \u00e2m thanh c\u1ee7a \u0111\u00e0n.<\/li>\n<\/ul>\n<p>&nbsp;<\/p>\n<h4><strong>Yamaha CLP 230R &#8211; B\u00e0n ph\u00edm th\u1ebf h\u1ec7 m\u1edbi GH3 :<\/strong><\/h4>\n<ul>\n<li>Yamaha CLP 230R \u0111\u01b0\u1ee3c \u00e1p d\u1ee5ng c\u00f4ng ngh\u1ec7 b\u00e0n ph\u00edm GH3 (Graded Hammer effect 3rd: th\u1ebf h\u1ec7 th\u1ee9 3), gi\u00fap ng\u01b0\u1eddi ch\u01a1i c\u00f3 th\u1ec3 d\u1ec5 d\u00e0ng \u0111i\u1ec1u khi\u1ec3n l\u1ef1c ng\u00f3n tay tr\u00ean ph\u00edm \u0111\u00e0n v\u00e0 th\u1ec3 hi\u1ec7n nhi\u1ec1u h\u00ecnh th\u00e1i c\u1ea3m x\u00fac c\u1ee7a ph\u00edm \u0111\u00e0n h\u01a1n. Nh\u1eefng d\u00f2ng \u0111\u00e0n th\u1ebf h\u1ec7 tr\u01b0\u1edbc ta kh\u00f3 l\u00f2ng di\u1ec5n t\u1ea3 \u00fd c\u1ee7a m\u00ecnh mu\u1ed1n, v\u00ec khi l\u1ef1c tay h\u01a1i m\u1ea1nh \u0111\u00e0n s\u1ebd k\u00eau to qu\u00e1, v\u00e0 ng\u01b0\u1ee3c l\u1ea1i l\u1ef1c h\u01a1i nh\u1eb9 th\u00ec \u0111\u00e0n l\u1ea1i k\u00eau qu\u00e1 nh\u1ecf. Nh\u01b0ng t\u1eeb khi b\u00e0n ph\u00edm GH ra \u0111\u1eddi, \u0111\u00e0n CLP-230R \u0111\u00e3 kh\u1eafc ph\u1ee5c \u0111\u01b0\u1ee3c nh\u01b0\u1ee3c \u0111i\u1ec3m n\u00e0y, n\u00f3 gi\u00fap ng\u01b0\u1eddi ch\u01a1i th\u1ec3 hi\u1ec7n \u00e2m l\u01b0\u1ee3ng t\u1eebng n\u1ed1t nh\u1ea1c to nh\u1ecf m\u1ed9t c\u00e1ch uy\u1ec3n chuy\u1ec3n.<\/li>\n<\/ul>\n<p><strong>Th\u00f4ng s\u1ed1 k\u0129 thu\u1eadt c\u00e2y YYamaha CLP 230R :<\/strong><\/p>\n<p>K\u00edch th\u01b0\u1edbc : (W)141cm x (H)101cm x (S)51cm<\/p>\n<p>Tr\u1ecdng l\u01b0\u1ee3ng : 65kg<\/p>\n<p>&nbsp;<\/p>\n<p><a href=\"https:\/\/www.facebook.com\/Anpiano.hanoi\" target=\"_blank\" rel=\"noopener\">T\u01b0 v\u1ea5n v\u00e0 ch\u1ecdn mua s\u1ea3n\u00a0ph\u1ea9m kh\u00e1c t\u1ea1i \u0111\u00e2y<\/a><\/p>\n<p><a href=\"http:\/\/thumuapiano.com\/\" target=\"_blank\" rel=\"noopener\">Ch\u00fang t\u00f4i nh\u1eadn thu mua Piano, h\u00e3y li\u00ean h\u1ec7 n\u1ebfu b\u1ea1n c\u00f3 nhu c\u1ea7u.<\/a><\/p>\n","protected":false},"excerpt":{"rendered":"<ul>\n<li>\n<h1><strong><span style=\"font-size: 24pt;\">Qu\u00e0 T\u1eb7ng:<\/span><\/strong><\/h1>\n<ul>\n<li>B\u1ea3o h\u00e0nh 12 th\u00e1ng <a href=\"https:\/\/anpiano.com\/chinh-sach-bao-hanh\/\">xem th\u00eam<\/a><\/li>\n<li>Gh\u1ebf<\/li>\n<li>Kh\u0103n ph\u1ee7 ph\u00edm<\/li>\n<li>\u0110\u1ed5i ngu\u1ed3n 220V<\/li>\n<li>Freeship HCM &#8211; HN &#8211; \u0110N &#8211; NT &#8211; BMT<\/li>\n<li>Kh\u00f3a h\u1ecdc online<\/li>\n<\/ul>\n<\/li>\n<\/ul>\n<p>Piano \u0111i\u1ec7n Yamaha CLP 230R cho c\u1ea3m nh\u1eadn v\u00e0 \u00e2m thanh nh\u01b0 \u0111\u00e0n piano acoustic. C\u00f4ng ngh\u1ec7 b\u00e0n ph\u00edm GH3 v\u00e0 \u00e2m s\u1eafc l\u1ea5y m\u1eabu t\u1eeb \u00e2m thanh n\u1ed5i AWM \u0111\u00e3 t\u1ea1o ra \u00e2m thanh trung th\u1ef1c m\u1ed9t c\u00e1ch xu\u1ea5t s\u1eafc v\u00e0 di\u1ec5n c\u1ea3m t\u1ef1 nhi\u00ean.<\/p>\n","protected":false},"featured_media":11930,"comment_status":"open","ping_status":"closed","template":"","meta":[],"product_cat":[17,129],"product_tag":[146,142,143,140,48],"class_list":{"0":"post-1610","1":"product","2":"type-product","3":"status-publish","4":"has-post-thumbnail","6":"product_cat-piano-dan-dien","7":"product_cat-ya-ma-ha","8":"product_tag-clp-230","9":"product_tag-piano","10":"product_tag-piano-dien","11":"product_tag-yamaha","12":"product_tag-yamaha-clp-230","14":"first","15":"instock","16":"sale","17":"shipping-taxable","18":"purchasable","19":"product-type-simple"},"jetpack_sharing_enabled":true,"_links":{"self":[{"href":"https:\/\/anpiano.com\/index.php?rest_route=\/wp\/v2\/product\/1610"}],"collection":[{"href":"https:\/\/anpiano.com\/index.php?rest_route=\/wp\/v2\/product"}],"about":[{"href":"https:\/\/anpiano.com\/index.php?rest_route=\/wp\/v2\/types\/product"}],"replies":[{"embeddable":true,"href":"https:\/\/anpiano.com\/index.php?rest_route=%2Fwp%2Fv2%2Fcomments&post=1610"}],"version-history":[{"count":3,"href":"https:\/\/anpiano.com\/index.php?rest_route=\/wp\/v2\/product\/1610\/revisions"}],"predecessor-version":[{"id":14456,"href":"https:\/\/anpiano.com\/index.php?rest_route=\/wp\/v2\/product\/1610\/revisions\/14456"}],"wp:featuredmedia":[{"embeddable":true,"href":"https:\/\/anpiano.com\/index.php?rest_route=\/wp\/v2\/media\/11930"}],"wp:attachment":[{"href":"https:\/\/anpiano.com\/index.php?rest_route=%2Fwp%2Fv2%2Fmedia&parent=1610"}],"wp:term":[{"taxonomy":"product_cat","embeddable":true,"href":"https:\/\/anpiano.com\/index.php?rest_route=%2Fwp%2Fv2%2Fproduct_cat&post=1610"},{"taxonomy":"product_tag","embeddable":true,"href":"https:\/\/anpiano.com\/index.php?rest_route=%2Fwp%2Fv2%2Fproduct_tag&post=1610"}],"curies":[{"name":"wp","href":"https:\/\/api.w.org\/{rel}","templated":true}]}}