{"id":1822,"date":"2020-06-18T13:59:31","date_gmt":"2020-06-18T06:59:31","guid":{"rendered":"http:\/\/anpiano.com\/?post_type=product&#038;p=1822"},"modified":"2025-05-07T19:42:48","modified_gmt":"2025-05-07T12:42:48","slug":"yamaha-dgp1bk","status":"publish","type":"product","link":"https:\/\/anpiano.com\/?product=yamaha-dgp1bk","title":{"rendered":"Yamaha DGP1"},"content":{"rendered":"<p>&nbsp;<\/p>\n<ul>\n<li class=\"p2\">\n<h4>\u0110\u00e0n piano<span class=\"s1\"> Yamaha DGP1<\/span><span class=\"s1\">\u00a0l\u00e0 m\u1ed9t trong s\u1ed1 nh\u1eefng c\u00e2y \u0111\u00e0n \u0111\u01b0\u1ee3c r\u1ea5t nhi\u1ec1u ng\u01b0\u1eddi ch\u01a1i Piano \u0111\u00e1nh gi\u00e1 cao, thu\u1ed9c th\u01b0\u01a1ng hi\u1ec7u n\u1ed5i ti\u1ebfng Yamaha. Ngo\u00e0i ki\u1ec3u d\u00e1ng thi\u1ebft k\u1ebf \u0111\u01a1n gi\u1ea3n, kh\u00f4ng qu\u00e1 c\u1ea7u k\u00ec nh\u01b0ng kh\u00f4ng k\u00e9m ph\u1ea7n sang tr\u1ecdng c\u00f9ng tr\u1ecdng l\u01b0\u1ee3ng nh\u1eb9, \u0111\u00e0n c\u00f2n c\u00f3 nh\u1eefng t\u00ednh n\u0103ng c\u01a1 b\u1ea3n nh\u01b0 ti\u1ebfng piano c\u01a1 ch\u00e2n th\u1ef1c, h\u1ec7 th\u1ed1ng thu-ph\u00e1t l\u1ea1i ti\u1ebfng \u0111\u00e0n t\u00edch h\u1ee3p h\u1ec7 th\u1ed1ng \u00e2m thanh \u1ea5n t\u01b0\u1ee3ng v\u00e0 \u0111\u1ea7y \u0111\u1ee7 c\u00e1c k\u1ebft n\u1ed1i b\u00ean ngo\u00e0i nh\u01b0 m\u1ed9t piano \u0111i\u1ec7n th\u1ef1c th\u1ee5. B\u1ea1n c\u00f3 th\u1ec3 ghi l\u1ea1i m\u00e0n tr\u00ecnh di\u1ec5n c\u1ee7a m\u00ecnh v\u1edbi \u0111\u1ed9 ch\u00ednh x\u00e1c r\u1ea5t cao v\u00e0 c\u00f3 th\u1ec3 t\u1ef1 ch\u01a1i c\u00e1c b\u1ea3n nh\u1ea1c \u0111\u00e3 \u0111\u01b0\u1ee3c ghi s\u1eb5n.<\/span><\/h4>\n<\/li>\n<li class=\"p2\"><span class=\"s1\">V\u1edbi m\u1ed9t c\u00e2y \u0111\u00e0n piano \u0111i\u1ec7n Yamaha Clavinova b\u00ecnh th\u01b0\u1eddng th\u00ec b\u1ea1n s\u1ebd b\u1ecb h\u1ea1n ch\u1ebf v\u1ec1 h\u1ec7 th\u1ed1ng b\u00e0n ph\u00edm, nh\u01b0ng v\u1edbi c\u00e2y piano Yamaha DGP1 th\u00ec \u0111i\u1ec1u \u0111\u00f3 s\u1ebd \u0111\u01b0\u1ee3c kh\u1eafc ph\u1ee5c. piano Yamaha DGP1 l\u00e0 th\u1ebf h\u1ec7 \u0111\u00e0n Grand Touch, c\u00f3 h\u1ec7 th\u1ed1ng truy\u1ec1n \u0111\u1ed9ng bao g\u1ed3m ph\u00edm v\u00e0 b\u1ed9 b\u00faa gi\u1ed1ng ho\u00e0n to\u00e0n nh\u01b0 c\u1ee7a c\u00e2y \u0111\u00e0n piano c\u01a1.<\/span><\/li>\n<\/ul>\n<p><strong>\u00a0TH\u00d4NG S\u1ed0 K\u1ef8 THU\u1eacT<\/strong><\/p>\n<ul>\n<li>K\u00edch th\u01b0\u1edbc : (W) 149 cm x (H) 96 cm x (D) 86 cm<\/li>\n<\/ul>\n<div class=\"product-section\">\n<div class=\"row\">\n<div class=\"large-10 col pb-0 mb-0\">\n<div class=\"panel entry-content\">\n<div data-id=\"9ly1xDmkO1M\" data-query=\"\" data-src=\"https:\/\/www.youtube.com\/embed\/9ly1xDmkO1M\"><a href=\"https:\/\/www.facebook.com\/Anpiano.hanoi\" target=\"_blank\" rel=\"noopener\">T\u01b0 v\u1ea5n v\u00e0 ch\u1ecdn mua s\u1ea3n ph\u1ea9m kh\u00e1c t\u1ea1i \u0111\u00e2y<\/a><\/div>\n<div data-id=\"9ly1xDmkO1M\" data-query=\"\" data-src=\"https:\/\/www.youtube.com\/embed\/9ly1xDmkO1M\"><a href=\"http:\/\/thumuapiano.com\/\" target=\"_blank\" rel=\"noopener\">Ch\u00fang t\u00f4i nh\u1eadn thu mua Piano, h\u00e3y li\u00ean h\u1ec7 n\u1ebfu b\u1ea1n c\u00f3 nhu c\u1ea7u.<\/a><\/div>\n<\/div>\n<\/div>\n<\/div>\n<\/div>\n<div class=\"product-section\">\n<div class=\"row\">\n<div class=\"large-2 col pb-0 mb-0\">\n<h5 class=\"uppercase mt\">\u0110\u00e1nh gi\u00e1 (0)<\/h5>\n<\/div>\n<div class=\"large-10 col pb-0 mb-0\">\n<div class=\"panel entry-content\">\n<div id=\"reviews\" class=\"woocommerce-Reviews row\">\n<div id=\"comments\" class=\"col large-12\">\n<h3 class=\"woocommerce-Reviews-title normal\">\u0110\u00e1nh gi\u00e1<\/h3>\n<\/div>\n<\/div>\n<\/div>\n<\/div>\n<\/div>\n<\/div>\n","protected":false},"excerpt":{"rendered":"<ul>\n<li>B\u1ea3o h\u00e0nh 18 th\u00e1ng <a href=\"https:\/\/anpiano.com\/chinh-sach-bao-hanh\/\">xem th\u00eam<\/a><\/li>\n<li>Gh\u1ebf<\/li>\n<li>Kh\u0103n ph\u1ee7 ph\u00edm<\/li>\n<li>\u0110\u1ed5i ngu\u1ed3n 220V<\/li>\n<li>Freeship HCM \u2013 HN \u2013 \u0110N &#8211; NT &#8211; BMT<\/li>\n<li>Kh\u00f3a h\u1ecdc online<\/li>\n<\/ul>\n","protected":false},"featured_media":7908,"comment_status":"open","ping_status":"closed","template":"","meta":[],"product_cat":[17,129],"product_tag":[194,142,143,193,195],"class_list":{"0":"post-1822","1":"product","2":"type-product","3":"status-publish","4":"has-post-thumbnail","6":"product_cat-piano-dan-dien","7":"product_cat-ya-ma-ha","8":"product_tag-dgp-1","9":"product_tag-piano","10":"product_tag-piano-dien","11":"product_tag-piano-gia-co","12":"product_tag-yamaha-dgp-1","14":"first","15":"instock","16":"sale","17":"shipping-taxable","18":"purchasable","19":"product-type-simple"},"jetpack_sharing_enabled":true,"_links":{"self":[{"href":"https:\/\/anpiano.com\/index.php?rest_route=\/wp\/v2\/product\/1822"}],"collection":[{"href":"https:\/\/anpiano.com\/index.php?rest_route=\/wp\/v2\/product"}],"about":[{"href":"https:\/\/anpiano.com\/index.php?rest_route=\/wp\/v2\/types\/product"}],"replies":[{"embeddable":true,"href":"https:\/\/anpiano.com\/index.php?rest_route=%2Fwp%2Fv2%2Fcomments&post=1822"}],"version-history":[{"count":2,"href":"https:\/\/anpiano.com\/index.php?rest_route=\/wp\/v2\/product\/1822\/revisions"}],"predecessor-version":[{"id":13746,"href":"https:\/\/anpiano.com\/index.php?rest_route=\/wp\/v2\/product\/1822\/revisions\/13746"}],"wp:featuredmedia":[{"embeddable":true,"href":"https:\/\/anpiano.com\/index.php?rest_route=\/wp\/v2\/media\/7908"}],"wp:attachment":[{"href":"https:\/\/anpiano.com\/index.php?rest_route=%2Fwp%2Fv2%2Fmedia&parent=1822"}],"wp:term":[{"taxonomy":"product_cat","embeddable":true,"href":"https:\/\/anpiano.com\/index.php?rest_route=%2Fwp%2Fv2%2Fproduct_cat&post=1822"},{"taxonomy":"product_tag","embeddable":true,"href":"https:\/\/anpiano.com\/index.php?rest_route=%2Fwp%2Fv2%2Fproduct_tag&post=1822"}],"curies":[{"name":"wp","href":"https:\/\/api.w.org\/{rel}","templated":true}]}}