{"id":1856,"date":"2020-06-18T14:17:14","date_gmt":"2020-06-18T07:17:14","guid":{"rendered":"http:\/\/anpiano.com\/?post_type=product&#038;p=1856"},"modified":"2025-10-02T16:12:37","modified_gmt":"2025-10-02T09:12:37","slug":"yamaha-dup1bk","status":"publish","type":"product","link":"https:\/\/anpiano.com\/?product=yamaha-dup1bk","title":{"rendered":"YAMAHA DUP 1"},"content":{"rendered":"<h2>\u0110\u00e0n piano \u0111i\u1ec7n gi\u1ea3 c\u01a1 Yamaha DUP 1 c\u00f3 thi\u1ebft k\u1ebf tuy\u1ec7t \u0111\u1eb9p gi\u1ed1ng nh\u01b0 m\u1ed9t c\u00e2y \u0111\u00e0n c\u01a1, nh\u01b0ng l\u1ea1i trang b\u1ecb nhi\u1ec1u t\u00ednh n\u0103ng \u01b0u vi\u1ec7t, cao c\u1ea5p c\u1ee7a m\u1ed9t c\u00e2y \u0111\u00e0n piano \u0111i\u1ec7n.<\/h2>\n<p><img fetchpriority=\"high\" decoding=\"async\" class=\"aligncenter wp-image-3740 size-full\" src=\"https:\/\/anpiano.com\/wp-content\/uploads\/2020\/06\/YAMAHA-DUP1-BK-4-2.jpg\" alt=\"Yamaha DUP 1\" width=\"480\" height=\"480\" srcset=\"https:\/\/anpiano.com\/wp-content\/uploads\/2020\/06\/YAMAHA-DUP1-BK-4-2.jpg 480w, https:\/\/anpiano.com\/wp-content\/uploads\/2020\/06\/YAMAHA-DUP1-BK-4-2-100x100.jpg 100w, https:\/\/anpiano.com\/wp-content\/uploads\/2020\/06\/YAMAHA-DUP1-BK-4-2-300x300.jpg 300w, https:\/\/anpiano.com\/wp-content\/uploads\/2020\/06\/YAMAHA-DUP1-BK-4-2-150x150.jpg 150w, https:\/\/anpiano.com\/wp-content\/uploads\/2020\/06\/YAMAHA-DUP1-BK-4-2-160x160.jpg 160w, https:\/\/anpiano.com\/wp-content\/uploads\/2020\/06\/YAMAHA-DUP1-BK-4-2-45x45.jpg 45w, https:\/\/anpiano.com\/wp-content\/uploads\/2020\/06\/YAMAHA-DUP1-BK-4-2-64x64.jpg 64w\" sizes=\"(max-width: 480px) 100vw, 480px\" \/><\/p>\n<p>&nbsp;<\/p>\n<ul>\n<li>Yamaha DUP 1 l\u00e0 l\u1ef1a ch\u1ecdn ho\u00e0n h\u1ea3o cho t\u00edn \u0111\u1ed3 piano c\u01a1 nh\u01b0ng th\u00edch s\u1ef1 ti\u1ec7n \u00edch c\u1ee7a piano \u0111i\u1ec7n: \u0111i\u1ec1u ch\u1ec9nh volume, c\u1eafm headphone&#8230;\u1ede DUP 1 ng\u01b0\u1eddi ch\u01a1i s\u1ebd c\u00f3 c\u1ea3m gi\u00e1c nh\u01b0 \u0111ang s\u1eed d\u1ee5ng c\u00e2y \u0111\u00e0n piano c\u01a1 th\u1ee9 thi\u1ec7t v\u1edbi h\u1ec7 th\u1ed1ng ph\u00edm g\u1ed7 t\u1ea1o c\u1ea3m gi\u00e1c ch\u01a1i ch\u00e2n th\u1ef1c nh\u1ea5t.<\/li>\n<\/ul>\n<h4>D\u00f2ng s\u1ea3n ph\u1ea9m n\u00e0y \u0111ang \u0111\u00f3n nh\u1eadn \u0111\u01b0\u1ee3c s\u1ef1 \u1ee7ng h\u1ed9 m\u1ea1nh m\u1ebd c\u1ee7a c\u1ed9ng \u0111\u1ed3ng y\u00eau nh\u1ea1c tr\u00ean to\u00e0n th\u1ebf gi\u1edbi b\u1edfi c\u00e1c t\u00ednh n\u0103ng v\u01b0\u1ee3t tr\u1ed9i nh\u01b0 sau:<\/h4>\n<ul>\n<li>\u00c2m Thanh gi\u1ed1ng piano c\u01a1 tuy\u1ec7t \u0111\u1ed1i<\/li>\n<li>Ph\u00edm n\u1eb7ng gi\u1ed1ng piano c\u01a1 tuy\u1ec7t \u0111\u1ed1i<\/li>\n<li>H\u00ecnh d\u00e1ng \u0111\u1eb9p, g\u1ecdn g\u00e0ng, sang tr\u1ecdng<\/li>\n<li>T\u00ednh n\u0103ng tai phone<\/li>\n<li>H\u1ec7 th\u1ed1ng ch\u1ec9nh \u00e2m<\/li>\n<li>H\u1ec7 th\u1ed1ng k\u1ebft n\u1ed1i m\u00e1y t\u00ednh.<\/li>\n<li>H\u1ec7 th\u1ed1ng k\u1ebft n\u1ed1i loa ngo\u00e0i<\/li>\n<li>M\u1ee9c gi\u00e1 v\u1eeba ph\u1ea3i ph\u00f9 h\u1ee3p v\u1edbi \u0111\u1ea1i \u0111a s\u1ed1 ng\u01b0\u1eddi d\u00f9ng<\/li>\n<\/ul>\n<h4>N\u1ebfu b\u1ea1n mong mu\u1ed1n m\u1ed9t c\u00e2y \u0111\u00e0n piano nhi\u1ec1u t\u00ednh n\u0103ng v\u01b0\u1ee3t tr\u1ed9i nh\u01b0ng c\u00f3 thi\u1ebft k\u1ebf, \u00e2m thanh, b\u00e0n ph\u00edm nh\u01b0 m\u1ed9t c\u00e2y \u0111\u00e0n piano acoustic, \u0111\u00e0n piano \u0111i\u1ec7n gi\u1ea3 c\u01a1 Yamaha DUP 1 s\u1ebd l\u00e0 l\u1ef1a ch\u1ecdn ho\u00e0n h\u1ea3o.<\/h4>\n<p><img decoding=\"async\" class=\"aligncenter wp-image-3738\" src=\"https:\/\/anpiano.com\/wp-content\/uploads\/2020\/06\/YAMAHA-DUP1-BK-6-1-300x249.jpg\" alt=\"Yamaha DUP 1\" width=\"481\" height=\"400\" srcset=\"https:\/\/anpiano.com\/wp-content\/uploads\/2020\/06\/YAMAHA-DUP1-BK-6-1-300x249.jpg 300w, https:\/\/anpiano.com\/wp-content\/uploads\/2020\/06\/YAMAHA-DUP1-BK-6-1-510x424.jpg 510w, https:\/\/anpiano.com\/wp-content\/uploads\/2020\/06\/YAMAHA-DUP1-BK-6-1.jpg 722w\" sizes=\"(max-width: 481px) 100vw, 481px\" \/><\/p>\n<p><strong>Th\u00f4ng s\u1ed1 k\u0129 thu\u1eadt c\u00e2y Yamaha DUP 1 :<\/strong><\/p>\n<table width=\"531\">\n<tbody>\n<tr>\n<td width=\"93\"><strong>H\u00e3ng s\u1ea3n xu\u1ea5t<\/strong><\/td>\n<td width=\"438\"><strong>Yamaha<\/strong><\/td>\n<\/tr>\n<tr>\n<td width=\"93\"><strong>Model<\/strong><\/td>\n<td width=\"438\">DUP 1<\/td>\n<\/tr>\n<tr>\n<td width=\"93\"><strong>S\u1ed1 ti\u1ebfng \u0111\u00e0n<\/strong><\/td>\n<td width=\"438\">1<\/td>\n<\/tr>\n<tr>\n<td width=\"93\"><strong>S\u1ed1 pedal\u00a0<\/strong><\/td>\n<td width=\"438\">2 Pedal<\/td>\n<\/tr>\n<tr>\n<td width=\"93\"><strong>S\u1ed1 ph\u00edm \u0111\u00e0n<\/strong><\/td>\n<td width=\"438\"><strong>88 ph\u00edm g\u1ed7<\/strong><\/td>\n<\/tr>\n<tr>\n<td width=\"93\"><strong>Keyboard<\/strong><\/td>\n<td width=\"438\">Ph\u00edm n\u1eb7ng<\/td>\n<\/tr>\n<tr>\n<td width=\"93\">??\u0301?? ???\u031b?\u031b\u0301? :<strong>M\u00e0u<\/strong><\/td>\n<td width=\"438\">(W) 150 x (H) 99 x (D) 50cm\u0110en b\u00f3ng<\/td>\n<\/tr>\n<tr>\n<td width=\"93\"><strong>\u0110i\u1ec7n th\u1ebf<\/strong><\/td>\n<td width=\"438\">\u00a0220 V<\/td>\n<\/tr>\n<\/tbody>\n<\/table>\n<div data-id=\"9ly1xDmkO1M\" data-query=\"\" data-src=\"https:\/\/www.youtube.com\/embed\/9ly1xDmkO1M\"><\/div>\n<div data-id=\"9ly1xDmkO1M\" data-query=\"\" data-src=\"https:\/\/www.youtube.com\/embed\/9ly1xDmkO1M\"><a href=\"https:\/\/www.facebook.com\/anpiano.saigon\" target=\"_blank\" rel=\"noopener\">T\u01b0 v\u1ea5n v\u00e0 ch\u1ecdn mua s\u1ea3n ph\u1ea9m kh\u00e1c t\u1ea1i \u0111\u00e2y<\/a><\/div>\n<div data-id=\"9ly1xDmkO1M\" data-query=\"\" data-src=\"https:\/\/www.youtube.com\/embed\/9ly1xDmkO1M\"><a href=\"http:\/\/thumuapiano.com\/\" target=\"_blank\" rel=\"noopener\">Ch\u00fang t\u00f4i nh\u1eadn thu mua Piano, h\u00e3y li\u00ean h\u1ec7 n\u1ebfu b\u1ea1n c\u00f3 nhu c\u1ea7u.<\/a><\/div>\n","protected":false},"excerpt":{"rendered":"<ul>\n<li>B\u1ea3o h\u00e0nh 18 th\u00e1ng <a href=\"https:\/\/anpiano.com\/chinh-sach-bao-hanh\/\">xem th\u00eam<\/a><\/li>\n<li>Gh\u1ebf<\/li>\n<li>Kh\u0103n ph\u1ee7 ph\u00edm<\/li>\n<li>\u0110\u1ed5i ngu\u1ed3n 220V<\/li>\n<li>Freeship HCM \u2013 HN \u2013 \u0110N &#8211; NT &#8211; BMT<\/li>\n<li>Kh\u00f3a h\u1ecdc online<\/li>\n<\/ul>\n","protected":false},"featured_media":7280,"comment_status":"open","ping_status":"closed","template":"","meta":[],"product_cat":[17,129],"product_tag":[196,142,143,193,197],"class_list":{"0":"post-1856","1":"product","2":"type-product","3":"status-publish","4":"has-post-thumbnail","6":"product_cat-piano-dan-dien","7":"product_cat-ya-ma-ha","8":"product_tag-dup-1","9":"product_tag-piano","10":"product_tag-piano-dien","11":"product_tag-piano-gia-co","12":"product_tag-yamaha-dup1","14":"first","15":"instock","16":"sale","17":"shipping-taxable","18":"purchasable","19":"product-type-simple"},"jetpack_sharing_enabled":true,"_links":{"self":[{"href":"https:\/\/anpiano.com\/index.php?rest_route=\/wp\/v2\/product\/1856"}],"collection":[{"href":"https:\/\/anpiano.com\/index.php?rest_route=\/wp\/v2\/product"}],"about":[{"href":"https:\/\/anpiano.com\/index.php?rest_route=\/wp\/v2\/types\/product"}],"replies":[{"embeddable":true,"href":"https:\/\/anpiano.com\/index.php?rest_route=%2Fwp%2Fv2%2Fcomments&post=1856"}],"version-history":[{"count":2,"href":"https:\/\/anpiano.com\/index.php?rest_route=\/wp\/v2\/product\/1856\/revisions"}],"predecessor-version":[{"id":14461,"href":"https:\/\/anpiano.com\/index.php?rest_route=\/wp\/v2\/product\/1856\/revisions\/14461"}],"wp:featuredmedia":[{"embeddable":true,"href":"https:\/\/anpiano.com\/index.php?rest_route=\/wp\/v2\/media\/7280"}],"wp:attachment":[{"href":"https:\/\/anpiano.com\/index.php?rest_route=%2Fwp%2Fv2%2Fmedia&parent=1856"}],"wp:term":[{"taxonomy":"product_cat","embeddable":true,"href":"https:\/\/anpiano.com\/index.php?rest_route=%2Fwp%2Fv2%2Fproduct_cat&post=1856"},{"taxonomy":"product_tag","embeddable":true,"href":"https:\/\/anpiano.com\/index.php?rest_route=%2Fwp%2Fv2%2Fproduct_tag&post=1856"}],"curies":[{"name":"wp","href":"https:\/\/api.w.org\/{rel}","templated":true}]}}