{"id":1896,"date":"2020-06-19T14:05:33","date_gmt":"2020-06-19T07:05:33","guid":{"rendered":"http:\/\/anpiano.com\/?post_type=product&#038;p=1896"},"modified":"2025-05-07T19:37:52","modified_gmt":"2025-05-07T12:37:52","slug":"yamaha-ydp-123r","status":"publish","type":"product","link":"https:\/\/anpiano.com\/?product=yamaha-ydp-123r","title":{"rendered":"YAMAHA YDP 123R"},"content":{"rendered":"<p>\u0110\u00e0n piano \u0111i\u1ec7n YAMAHA YDP 123R c\u00f3 ch\u1ea5t l\u01b0\u1ee3ng \u00e2m thanh \u0111\u1ea3m b\u1ea3o, thi\u1ebft k\u1ebf v\u1edbi ki\u1ec3u d\u00e1ng sang tr\u1ecdng, b\u1eaft m\u1eaft, m\u00e0u s\u1eafc thanh tho\u00e1t ph\u00f9 h\u1ee3p v\u1edbi m\u1ecdi nhu c\u1ea7u v\u00e0 kh\u00f4ng gian s\u1eed d\u1ee5ng tr\u01b0ng b\u00e0y \u0111\u00e0n.<\/p>\n<h2><strong>\u0110\u1eb7c \u0111i\u1ec3m n\u1ed5i b\u1eadt c\u1ee7a \u0111\u00e0n piano \u0111i\u1ec7n YAMAHA YDP 123R :<\/strong><\/h2>\n<ul>\n<li>\u01afu \u0111i\u1ec3m c\u1ee7a piano k\u1ef9 thu\u1eadt s\u1ed1 l\u00e0 b\u1ea1n kh\u00f4ng c\u1ea7n ph\u1ea3i \u0111i\u1ec1u ch\u1ec9nh d\u00e2y \u0111\u1ecbnh k\u1ef3 nh\u01b0 piano c\u01a1 (th\u01b0\u1eddng v\u1edbi piano c\u01a1 b\u1ea1n ph\u1ea3i ch\u1ec9nh d\u00e2y m\u1ed9t \u0111\u1ebfn hai l\u1ea7n trong m\u1ed9t n\u0103m) b\u1edfi \u00e2m thanh \u0111\u1ec1u \u0111\u01b0\u1ee3c l\u01b0u trong \u1ed5 c\u1ee9ng.<\/li>\n<li>B\u1ea1n kh\u00f4ng s\u1ee3 ti\u1ebfng \u0111\u00e0n piano c\u1ee7a m\u00ecnh l\u00e0m phi\u1ec1n nh\u1eefng ng\u01b0\u1eddi xung quanh khi piano k\u1ef9 thu\u1eadt s\u1ed1 cho ph\u00e9p b\u1ea1n k\u1ebft n\u1ed1i tai nghe.<\/li>\n<li>Ngo\u00e0i vi\u1ec7c \u0111\u01b0\u1ee3c t\u00edch h\u1ee3p \u00e2m thanh c\u1ee7a piano c\u01a1 th\u00ec c\u00f2n \u0111\u01b0\u1ee3c t\u00edch h\u1ee3p \u00e2m thanh c\u1ee7a nhi\u1ec1u nh\u1ea1c c\u1ee5 kh\u00e1c nh\u01b0 guitar, violin, s\u00e1o, k\u00e8n\u2026<\/li>\n<li>H\u1ed7 tr\u1ee3 m\u00e1y ghi \u00e2m gi\u00fap b\u1ea1n d\u1ec5 d\u00e0ng thu v\u00e0 nghe l\u1ea1i b\u1ea3n \u0111\u00e0n c\u1ee7a m\u00ecnh m\u00e0 kh\u00f4ng b\u1ecb l\u1eabn c\u00e1c t\u1ea1p \u00e2m.<\/li>\n<li>Nhi\u1ec1u d\u00f2ng piano c\u00f3 thi\u1ebft k\u1ebf giao di\u1ec7n MIDI, cho ph\u00e9p k\u1ebft n\u1ed1i \u0111\u00e0n v\u1edbi m\u00e1y t\u00ednh, t\u1eadn h\u01b0\u1edfng th\u1eddi \u0111\u1ea1i c\u00f4ng ngh\u1ec7 ti\u00ean ti\u1ebfn.<\/li>\n<li>YAMAHA YDP 123R l\u00e0 c\u00e2y \u0111\u00e0n piano \u0111i\u1ec7n gi\u00e1 r\u1ebb v\u00ec v\u1eady ph\u00f9 h\u1ee3p v\u1edbi \u0111\u1ed1i t\u01b0\u1ee3ng m\u1edbi h\u1ecdc \u0111\u00e0n, \u0111\u1ebfn ng\u01b0\u1eddi ch\u01a1i gi\u1ea3i tr\u00ed v\u00e0 c\u00e1c b\u1ea1n nh\u1ecf b\u1eaft \u0111\u1ea7u luy\u1ec7n \u0111\u00e0n.<\/li>\n<\/ul>\n<p>&nbsp;<\/p>\n<p><img fetchpriority=\"high\" decoding=\"async\" class=\"aligncenter wp-image-3728 size-full\" src=\"https:\/\/anpiano.com\/wp-content\/uploads\/2020\/06\/YDP123-1-1.jpg\" alt=\"\" width=\"480\" height=\"406\" srcset=\"https:\/\/anpiano.com\/wp-content\/uploads\/2020\/06\/YDP123-1-1.jpg 480w, https:\/\/anpiano.com\/wp-content\/uploads\/2020\/06\/YDP123-1-1-300x254.jpg 300w\" sizes=\"(max-width: 480px) 100vw, 480px\" \/><\/p>\n<p><strong>Th\u00f4ng s\u1ed1 k\u0129 thu\u1eadt c\u00e2y YAMAHA YDP 123R :<\/strong><\/p>\n<p>Th\u00f4ng s\u1ed1 k\u1ef9 thu\u1eadt \u0111\u00e0n Yamaha YDP 123<\/p>\n<table>\n<tbody>\n<tr>\n<td width=\"98\"><strong>H\u00e3ng s\u1ea3n xu\u1ea5t<\/strong><\/td>\n<td width=\"345\"><strong>Yamaha<\/strong><\/td>\n<\/tr>\n<tr>\n<td width=\"98\"><strong>Model<\/strong><\/td>\n<td width=\"345\">YDP 123<\/td>\n<\/tr>\n<tr>\n<td width=\"98\"><strong>B\u1ea3o h\u00e0nh<\/strong><\/td>\n<td width=\"345\">24 th\u00e1ng<\/td>\n<\/tr>\n<tr>\n<td width=\"98\"><strong>V\u1eadn chuy\u1ec3n<\/strong><\/td>\n<td width=\"345\">Mi\u1ec5n ph\u00ed v\u1eadn chuy\u1ec3n n\u1ed9i th\u00e0nh TP.HCM<\/td>\n<\/tr>\n<tr>\n<td width=\"98\"><strong>S\u1ed1 ti\u1ebfng \u0111\u00e0n<\/strong><\/td>\n<td width=\"345\">10<\/td>\n<\/tr>\n<tr>\n<td width=\"98\"><strong>S\u1ed1 Pedal<\/strong><\/td>\n<td width=\"345\">3 Pedal<\/td>\n<\/tr>\n<tr>\n<td width=\"98\"><strong>Ch\u1ee9c n\u0103ng kh\u00e1c<\/strong><\/td>\n<td width=\"345\">Reverb, Dual, Metronome, Transpose, Demo song,<\/td>\n<\/tr>\n<tr>\n<td width=\"98\"><strong>S\u1ed1 ph\u00edm \u0111\u00e0n<\/strong><\/td>\n<td width=\"345\">88 ph\u00edm<\/td>\n<\/tr>\n<tr>\n<td width=\"98\"><strong>Keyboard<\/strong><\/td>\n<td width=\"345\">Ph\u00edm n\u1eb7ng<\/td>\n<\/tr>\n<tr>\n<td width=\"98\"><strong>K\u00edch th\u01b0\u1edbc<\/strong><\/td>\n<td width=\"345\">1345 (W) x 426 (D) x 968 (H) mm<\/td>\n<\/tr>\n<tr>\n<td width=\"98\"><strong>Tr\u1ecdng l\u01b0\u1ee3ng<\/strong><\/td>\n<td width=\"345\">41 kg<\/td>\n<\/tr>\n<tr>\n<td width=\"98\"><strong>M\u00e0u<\/strong><\/td>\n<td width=\"345\">N\u00e2u v\u00e2n g\u1ed7<\/td>\n<\/tr>\n<tr>\n<td width=\"98\"><strong>\u0110i\u1ec7n th\u1ebf<\/strong><\/td>\n<td width=\"345\">110 V-220V<\/td>\n<\/tr>\n<\/tbody>\n<\/table>\n<div data-id=\"9ly1xDmkO1M\" data-query=\"\" data-src=\"https:\/\/www.youtube.com\/embed\/9ly1xDmkO1M\"><\/div>\n<div data-id=\"9ly1xDmkO1M\" data-query=\"\" data-src=\"https:\/\/www.youtube.com\/embed\/9ly1xDmkO1M\"><a href=\"https:\/\/www.facebook.com\/Anpiano.hanoi\" target=\"_blank\" rel=\"noopener\">T\u01b0 v\u1ea5n v\u00e0 ch\u1ecdn mua s\u1ea3n ph\u1ea9m kh\u00e1c t\u1ea1i \u0111\u00e2y<\/a><\/div>\n<div data-id=\"9ly1xDmkO1M\" data-query=\"\" data-src=\"https:\/\/www.youtube.com\/embed\/9ly1xDmkO1M\"><a href=\"http:\/\/thumuapiano.com\/\" target=\"_blank\" rel=\"noopener\">Ch\u00fang t\u00f4i nh\u1eadn thu mua Piano, h\u00e3y li\u00ean h\u1ec7 n\u1ebfu b\u1ea1n c\u00f3 nhu c\u1ea7u.<\/a><\/div>\n","protected":false},"excerpt":{"rendered":"<h1><strong><span style=\"font-size: 24pt;\">Qu\u00e0 T\u1eb7ng:<\/span><\/strong><\/h1>\n<ul>\n<li><span style=\"font-size: 12pt;\">B\u1ea3o h\u00e0nh 12 th\u00e1ng <span style=\"color: #3366ff; font-size: 10pt;\"><a style=\"color: #3366ff;\" href=\"http:\/\/anpiano.com\/chinh-sach-bao-hanh\/\">xem th\u00eam<\/a><\/span><\/span><\/li>\n<li><span style=\"font-size: 12pt;\">Gh\u1ebf<\/span><\/li>\n<li><span style=\"font-size: 12pt;\">Ngu\u1ed3n \u0111\u1ed5i \u0111i\u1ec7n<\/span><\/li>\n<li><span style=\"font-size: 12pt;\">Gi\u00e1o tr\u00ecnh YAMAHA<\/span><\/li>\n<li>Freeship HCM \u2013 HN \u2013 \u0110N &#8211; NT &#8211; BMT<\/li>\n<\/ul>\n<p>\u0110\u00e0n piano \u0111i\u1ec7n YAMAHA YDP 123R c\u00f3 ch\u1ea5t l\u01b0\u1ee3ng \u00e2m thanh \u0111\u1ea3m b\u1ea3o, thi\u1ebft k\u1ebf v\u1edbi ki\u1ec3u d\u00e1ng sang tr\u1ecdng, b\u1eaft m\u1eaft, m\u00e0u s\u1eafc thanh tho\u00e1t ph\u00f9 h\u1ee3p v\u1edbi m\u1ecdi nhu c\u1ea7u v\u00e0 kh\u00f4ng gian s\u1eed d\u1ee5ng tr\u01b0ng b\u00e0y \u0111\u00e0n.<\/p>\n","protected":false},"featured_media":9691,"comment_status":"open","ping_status":"closed","template":"","meta":[],"product_cat":[17,129],"product_tag":[167,142,143,140,202,1156],"class_list":{"0":"post-1896","1":"product","2":"type-product","3":"status-publish","4":"has-post-thumbnail","6":"product_cat-piano-dan-dien","7":"product_cat-ya-ma-ha","8":"product_tag-clp-123","9":"product_tag-piano","10":"product_tag-piano-dien","11":"product_tag-yamaha","12":"product_tag-yamaha-clp123","13":"product_tag-yamaha-ydp123r","15":"first","16":"instock","17":"sale","18":"shipping-taxable","19":"purchasable","20":"product-type-simple"},"jetpack_sharing_enabled":true,"_links":{"self":[{"href":"https:\/\/anpiano.com\/index.php?rest_route=\/wp\/v2\/product\/1896"}],"collection":[{"href":"https:\/\/anpiano.com\/index.php?rest_route=\/wp\/v2\/product"}],"about":[{"href":"https:\/\/anpiano.com\/index.php?rest_route=\/wp\/v2\/types\/product"}],"replies":[{"embeddable":true,"href":"https:\/\/anpiano.com\/index.php?rest_route=%2Fwp%2Fv2%2Fcomments&post=1896"}],"version-history":[{"count":2,"href":"https:\/\/anpiano.com\/index.php?rest_route=\/wp\/v2\/product\/1896\/revisions"}],"predecessor-version":[{"id":13743,"href":"https:\/\/anpiano.com\/index.php?rest_route=\/wp\/v2\/product\/1896\/revisions\/13743"}],"wp:featuredmedia":[{"embeddable":true,"href":"https:\/\/anpiano.com\/index.php?rest_route=\/wp\/v2\/media\/9691"}],"wp:attachment":[{"href":"https:\/\/anpiano.com\/index.php?rest_route=%2Fwp%2Fv2%2Fmedia&parent=1896"}],"wp:term":[{"taxonomy":"product_cat","embeddable":true,"href":"https:\/\/anpiano.com\/index.php?rest_route=%2Fwp%2Fv2%2Fproduct_cat&post=1896"},{"taxonomy":"product_tag","embeddable":true,"href":"https:\/\/anpiano.com\/index.php?rest_route=%2Fwp%2Fv2%2Fproduct_tag&post=1896"}],"curies":[{"name":"wp","href":"https:\/\/api.w.org\/{rel}","templated":true}]}}