{"id":1902,"date":"2020-06-19T14:28:10","date_gmt":"2020-06-19T07:28:10","guid":{"rendered":"http:\/\/anpiano.com\/?post_type=product&#038;p=1902"},"modified":"2025-05-07T19:35:06","modified_gmt":"2025-05-07T12:35:06","slug":"yamaha-clp550","status":"publish","type":"product","link":"https:\/\/anpiano.com\/?product=yamaha-clp550","title":{"rendered":"YAMAHA CLP 550"},"content":{"rendered":"<h3><strong>Gi\u1edbi Thi\u1ec7u \u0110\u00e0n Piano \u0111i\u1ec7n YAMAHA CLP 550 :<\/strong><\/h3>\n<p>Piano \u0111i\u1ec7n YAMAHA CLP 550 l\u00e0 m\u1ed9t c\u00e1i t\u00ean n\u1eb1m trong d\u00f2ng \u0111\u00e0n Clavinova, thi\u1ebft k\u1ebf g\u1ecdn nh\u1eb9, \u0111\u01a1n gi\u1ea3n, nh\u01b0ng kh\u00f4ng k\u00e9m ph\u1ea7n c\u1ee9ng c\u00e1p v\u00e0 ch\u1ea5t l\u01b0\u1ee3ng cao. V\u00e0 \u0111\u1eb7c bi\u1ec7t l\u00e0 gi\u00e1 c\u1ee7a c\u00e2y \u0111\u00e0n Piano \u0111i\u1ec7n YAMAHA CLP 550 c\u00f3 th\u1ec3 \u0111\u00e1p \u1ee9ng \u0111\u01b0\u1ee3c nhu c\u1ea7u h\u1ecdc t\u1eadp, gi\u1ea3i tr\u00ed cho b\u1ea5t c\u1ee9 ai.<\/p>\n<p><img decoding=\"async\" class=\"aligncenter\" src=\"https:\/\/anpiano.com\/wp-content\/uploads\/2020\/06\/CLP-550-BK-2-1.jpg\" \/><\/p>\n<p>&nbsp;<\/p>\n<h4>\u0110\u1eb7c \u0111i\u1ec3m n\u1ed5i b\u1eadt c\u1ee7a \u0111\u00e0n piano \u0111i\u1ec7n\u00a0YAMAHA CLP 550<\/h4>\n<p>D\u00f2ng \u0111\u00e0n Piano \u0111i\u1ec7n Yamaha Clavinova \u0111\u01b0\u1ee3c s\u1ea3n xu\u1ea5t v\u1edbi c\u00f4ng ngh\u1ec7 Engine \u00e2m thanh RGE (\u00e2m thanh c\u1ee7a \u0110\u1ea1i d\u01b0\u01a1ng c\u1ea7m th\u1ef1c th\u1ee5). C\u00f3 kh\u1ea3 n\u0103ng t\u00e1i t\u1ea1o l\u1ea1i nh\u1eefng \u00e2m thanh tinh t\u1ebf c\u1ee7a \u0111\u00e0n Piano c\u01a1, \u00e2m thanh nh\u1eb9 nh\u00e0ng k\u1ebft h\u1ee3p v\u1edbi nh\u1eefng d\u00e2y kh\u00e1c mang \u0111\u1ebfn th\u1ee9 \u00e2m nh\u1ea1c tuy\u1ec7t v\u1eddi.<\/p>\n<p><img decoding=\"async\" class=\"aligncenter\" src=\"https:\/\/anpiano.com\/wp-content\/uploads\/2020\/06\/CLP-550-BK-5-1.jpg\" \/><\/p>\n<p>&nbsp;<\/p>\n<p>&nbsp;<\/p>\n<p>K\u1ebft c\u1ea5u thi\u1ebft k\u1ebf \u0111\u1eb7c bi\u1ec7t l\u00e0m b\u00faa ng\u1eaft ph\u00edm ch\u1ea1m v\u00e0o d\u00e2y tr\u01b0\u1edbc khi tay b\u1ea1n r\u1eddi ph\u00edm \u0111\u00e0n. \u0110i\u1ec1u n\u00e0y gi\u00fap cho \u00e2m thanh tr\u00f2n tr\u1ecba, \u0111\u1eb9p v\u00e0 s\u00e2u l\u1eafng h\u01a1n bao gi\u1edd h\u1ebft. B\u1edfi v\u1eady, nhi\u1ec1u ng\u01b0\u1eddi kh\u00f4ng nh\u1eadn ra b\u1ea1n \u0111ang ch\u01a1i \u0111\u00e0n Piano \u0111i\u1ec7n hay \u0111\u00e0n \u0111\u1ea1i d\u01b0\u01a1ng c\u1ea7m. Pedal c\u1ee7a \u0111\u00e0n\u00a0<strong>Piano \u0111i\u1ec7n Yamaha Clavinova<\/strong>\u00a0lu\u00f4n c\u1eadp nh\u1eadt k\u1ecbp th\u1eddi s\u1ef1 c\u1ea3i ti\u1ebfn. C\u00f3 kh\u1ea3 n\u0103ng \u0111i\u1ec1u ch\u1ec9nh \u0111\u1ed9 ng\u00e2n v\u00e0 h\u1ed3i \u00e2m t\u1ed1t n\u00ean d\u00f2ng Clavinova ho\u1ea1t \u0111\u1ed9ng gi\u1ed1ng nh\u01b0 Piano c\u01a1.<\/p>\n<p><img decoding=\"async\" class=\"aligncenter\" src=\"https:\/\/anpiano.com\/wp-content\/uploads\/2020\/06\/CLP-550-BK-4-1.jpg\" \/><\/p>\n<p>&nbsp;<\/p>\n<h4><strong>Th\u00f4ng s\u1ed1 k\u0129 thu\u1eadt c\u00e2y YAMAHA CLP 550 :<\/strong><\/h4>\n<p>K\u00edch Th\u01b0\u1edbc: (W)141cm x (H)89cm x S(50,6cm)<\/p>\n<p>Tr\u1ecdng l\u01b0\u1ee3ng : 65 kg<\/p>\n<div class=\"product-section\">\n<div class=\"row\">\n<div class=\"large-10 col pb-0 mb-0\">\n<div class=\"panel entry-content\">\n<div data-id=\"9ly1xDmkO1M\" data-query=\"\" data-src=\"https:\/\/www.youtube.com\/embed\/9ly1xDmkO1M\"><a href=\"https:\/\/www.facebook.com\/Anpiano.hanoi\" target=\"_blank\" rel=\"noopener\">T\u01b0 v\u1ea5n v\u00e0 ch\u1ecdn mua s\u1ea3n ph\u1ea9m kh\u00e1c t\u1ea1i \u0111\u00e2y<\/a><\/div>\n<div data-id=\"9ly1xDmkO1M\" data-query=\"\" data-src=\"https:\/\/www.youtube.com\/embed\/9ly1xDmkO1M\"><a href=\"http:\/\/thumuapiano.com\/\" target=\"_blank\" rel=\"noopener\">Ch\u00fang t\u00f4i nh\u1eadn thu mua Piano, h\u00e3y li\u00ean h\u1ec7 n\u1ebfu b\u1ea1n c\u00f3 nhu c\u1ea7u.<\/a><\/div>\n<\/div>\n<\/div>\n<\/div>\n<\/div>\n<div class=\"product-section\">\n<div class=\"row\">\n<div class=\"large-2 col pb-0 mb-0\"><\/div>\n<\/div>\n<\/div>\n<p>&nbsp;<\/p>\n","protected":false},"excerpt":{"rendered":"<ul>\n<li>B\u1ea3o h\u00e0nh 12 th\u00e1ng <a href=\"https:\/\/anpiano.com\/chinh-sach-bao-hanh\/\">xem th\u00eam<\/a><\/li>\n<li>Gh\u1ebf<\/li>\n<li>Kh\u0103n ph\u1ee7 ph\u00edm<\/li>\n<li>\u0110\u1ed5i ngu\u1ed3n 220V<\/li>\n<li>Freeship HCM \u2013 HN \u2013 \u0110N &#8211; NT &#8211; BMT<\/li>\n<li>Kh\u00f3a h\u1ecdc online<\/li>\n<\/ul>\n","protected":false},"featured_media":3918,"comment_status":"open","ping_status":"closed","template":"","meta":[],"product_cat":[17],"product_tag":[201,142,143,200],"class_list":{"0":"post-1902","1":"product","2":"type-product","3":"status-publish","4":"has-post-thumbnail","6":"product_cat-piano-dan-dien","7":"product_tag-clp-550","8":"product_tag-piano","9":"product_tag-piano-dien","10":"product_tag-yamaha-clp-550","12":"first","13":"instock","14":"sale","15":"shipping-taxable","16":"purchasable","17":"product-type-simple"},"jetpack_sharing_enabled":true,"_links":{"self":[{"href":"https:\/\/anpiano.com\/index.php?rest_route=\/wp\/v2\/product\/1902"}],"collection":[{"href":"https:\/\/anpiano.com\/index.php?rest_route=\/wp\/v2\/product"}],"about":[{"href":"https:\/\/anpiano.com\/index.php?rest_route=\/wp\/v2\/types\/product"}],"replies":[{"embeddable":true,"href":"https:\/\/anpiano.com\/index.php?rest_route=%2Fwp%2Fv2%2Fcomments&post=1902"}],"version-history":[{"count":3,"href":"https:\/\/anpiano.com\/index.php?rest_route=\/wp\/v2\/product\/1902\/revisions"}],"predecessor-version":[{"id":13741,"href":"https:\/\/anpiano.com\/index.php?rest_route=\/wp\/v2\/product\/1902\/revisions\/13741"}],"wp:featuredmedia":[{"embeddable":true,"href":"https:\/\/anpiano.com\/index.php?rest_route=\/wp\/v2\/media\/3918"}],"wp:attachment":[{"href":"https:\/\/anpiano.com\/index.php?rest_route=%2Fwp%2Fv2%2Fmedia&parent=1902"}],"wp:term":[{"taxonomy":"product_cat","embeddable":true,"href":"https:\/\/anpiano.com\/index.php?rest_route=%2Fwp%2Fv2%2Fproduct_cat&post=1902"},{"taxonomy":"product_tag","embeddable":true,"href":"https:\/\/anpiano.com\/index.php?rest_route=%2Fwp%2Fv2%2Fproduct_tag&post=1902"}],"curies":[{"name":"wp","href":"https:\/\/api.w.org\/{rel}","templated":true}]}}