{"id":1919,"date":"2020-06-19T14:42:17","date_gmt":"2020-06-19T07:42:17","guid":{"rendered":"http:\/\/anpiano.com\/?post_type=product&#038;p=1919"},"modified":"2025-10-02T16:21:11","modified_gmt":"2025-10-02T09:21:11","slug":"roland-rp-301","status":"publish","type":"product","link":"https:\/\/anpiano.com\/?product=roland-rp-301","title":{"rendered":"ROLAND RP 301"},"content":{"rendered":"<h2><strong>Gi\u1edbi Thi\u1ec7u \u0110\u00e0n <\/strong><strong>Piano \u0111i\u1ec7n ROLAND RP 301<\/strong><\/h2>\n<p>\u0110\u00e0n piano \u0111i\u1ec7n Roland RP 301 l\u00e0 c\u00e2y piano \u0111i\u1ec7n ho\u00e0n h\u1ea3o cho nh\u1eefng ng\u01b0\u1eddi m\u1edbi t\u1eadp \u0111\u00e0n nh\u01b0 h\u1ecdc sinh-sinh vi\u00ean v\u00e0 nh\u1eefng ng\u01b0\u1eddi c\u00f3 s\u1edf th\u00edch ch\u01a1i \u0111\u00e0n, \u0111\u00e2y l\u00e0 model m\u00e0 c\u00e1c tr\u01b0\u1eddng d\u1ea1y nh\u1ea1c v\u00e0 c\u00e1c l\u1edbp nh\u1ea1c l\u1ef1a ch\u1ecdn.<\/p>\n<p style=\"font-weight: 400;\"><b>Roland RP 301 <\/b><span style=\"font-weight: 400;\">\u0111\u01b0\u1ee3c thi\u1ebft k\u1ebf v\u1edbi nh\u1eefng t\u00ednh n\u0103ng th\u00e2n thi\u1ec7n, d\u1ec5 d\u00e0ng s\u1eed d\u1ee5ng\u00a0 l\u00e0m ng\u01b0\u1eddi ch\u01a1i c\u1ea3m th\u1ea5y tho\u1ea3i m\u00e1i, d\u1ec5 ch\u1ecbu gi\u00fap cho vi\u1ec7c h\u1ecdc hi\u1ec7u qu\u1ea3, gi\u1ea3i tr\u00ed vui v\u1ebb. D\u00f2ng \u0111\u00e0n piano \u0111i\u1ec7n ph\u1ee5c v\u1ee5 nhu c\u1ea7u h\u1ecdc t\u1eadp, gi\u1ea3i tr\u00ed v\u00e0 c\u1ea3 bi\u1ec3u di\u1ec5n s\u00e2n kh\u1ea5u.<\/span><\/p>\n<p style=\"font-weight: 400;\">Piano \u0111i\u1ec7n Roland RP 301 d\u01b0\u1eddng nh\u01b0 s\u1ea3n xu\u1ea5t d\u00e0nh ri\u00eang cho sinh vi\u00ean, c\u00e1c trung t\u00e2m, l\u1edbp nh\u1ea1c v\u00e0 nh\u1eefng ai \u0111ang c\u1ea7n c\u00e2y piano \u0111i\u1ec7n ch\u1ea5t l\u01b0\u1ee3ng \u0111\u1ec3 h\u1ecdc piano. \u0110\u01b0\u1ee3c thi\u1ebft k\u1ebf v\u1edbi c\u00e1c t\u00ednh n\u0103ng th\u1ef1c h\u00e0nh th\u00e2n thi\u1ec7n, RP-301 h\u1ee9a h\u1eb9n m\u1edf ra con \u0111\u01b0\u1eddng m\u1edbi cho c\u00e1c \u0111\u01a1n v\u1ecb d\u1ea1y nh\u1ea1c, m\u1ed9t m\u00f4 h\u00ecnh d\u1ea1y h\u1ecdc chuy\u00ean nghi\u1ec7p c\u0169ng nh\u01b0 c\u00e1c th\u00e0nh vi\u00ean c\u00f3 m\u1ee5c ti\u00eau gi\u1ea3i tr\u00ed \u1edf c\u1ea5p \u0111\u1ed9 cao c\u1ea5p.<\/p>\n<p style=\"font-weight: 400;\">\u0110\u00e0n piano \u0111i\u1ec7n Roland RP 301 ph\u00f9 h\u1ee3p cho nh\u1eefng ng\u01b0\u1eddi y\u00eau th\u00edch ti\u1ebfng \u0111\u00e0n piano v\u00e0 b\u1eaft \u0111\u1ea7u h\u1ecdc t\u1eadp \u00e2m nh\u1ea1c. \u0110em l\u1ea1i \u00e2m thanh v\u00e0 c\u1ea3m gi\u00e1c trung th\u1ef1c. T\u00ednh n\u0103ng d\u1ec5 s\u1eed d\u1ee5ng v\u00e0 luy\u1ec7n t\u1eadp hi\u1ec7u qu\u1ea3 nh\u01b0 ghi \u00e2m, nh\u1ecbp \u0111i\u1ec7u, v\u00e0 nh\u1eefng hi\u1ec7u \u1ee9ng \u00e2m thanh ho\u00e0n h\u1ea3o, ph\u1ea3n \u1ee9ng nhanh nh\u1ea1y, th\u1ef1c t\u1ebf, t\u1eeb \u0111\u00f3 d\u1ea7n h\u00ecnh th\u00e0nh c\u00e1c k\u1ef9 n\u0103ng cho ng\u01b0\u1eddi ch\u01a1i v\u00e0 t\u0103ng \u0111\u1ed9 thu\u1ea7n th\u1ee5c khi ch\u01a1i \u0111\u00e0n. T\u00ednh n\u0103ng \u0111\u00e1nh nh\u1ecbp t\u1ef1 \u0111\u1ed9ng, ghi \u00e2m v\u00e0 t\u00ednh n\u0103ng Piano Twin (\u0111\u00e1nh \u0111\u00e0n c\u1eb7p \u0111\u00f4i) c\u1ee7a Roland RP 301 gi\u00fap cho vi\u1ec7c h\u1ecdc hi\u1ec7u qu\u1ea3, vui v\u1ebb v\u00e0 tho\u1ea3i m\u00e1i h\u01a1n.<\/p>\n<p>&nbsp;<\/p>\n<p><img decoding=\"async\" src=\"https:\/\/anpiano.com\/wp-content\/uploads\/2020\/06\/z6790541867451_2ce1f45b8b94b2cb5a1ff7e26c98c3f3-scaled.jpg\" alt=\"roland rp 301\" \/><\/p>\n<p><strong>\u0110\u1eb7c \u0111i\u1ec3m n\u1ed5i b\u1eadt c\u1ee7a \u0111\u00e0n piano \u0111i\u1ec7n <\/strong><strong>ROLAND RP 301<\/strong><\/p>\n<p>RP-301 s\u1eed d\u1ee5ng \u0111\u1ed9ng c\u01a1 SuperNATURAL Piano c\u1ee7a Roland \u2013 m\u1ed9t c\u00f4ng ngh\u1ec7 ti\u00ean ti\u1ebfn c\u00f3 ngu\u1ed3n g\u1ed1c t\u1eeb c\u00f4ng ngh\u1ec7 V-Piano h\u00e0ng \u0111\u1ea7u v\u00e0 c\u00f4ng ngh\u1ec7 l\u1ea5y \u0111a m\u1eabu \u00e2m thanh stereo \u0111\u1ee7 ch\u01a1i tr\u00ean 88 ph\u00edm \u0111\u00e0n (88-key Stereo Multisampling). \u0110\u1ed9ng c\u01a1 n\u00e0y mang \u0111\u1ebfn m\u1ed9t \u0111\u1eb3ng c\u1ea5p m\u1edbi v\u1ec1 \u00e2m thanh ch\u00e2n th\u1ef1c v\u00e0 m\u00e0n bi\u1ec3u di\u1ec5n t\u1ef1 nhi\u00ean v\u1edbi s\u1ef1 l\u00ean ng\u00f4i c\u1ee7a c\u00f4ng ngh\u1ec7 k\u1ef9 thu\u1eadt s\u1ed1.<\/p>\n<p>C\u00e1c k\u1ef9 s\u01b0 c\u1ee7a Roland \u0111\u00e3 kh\u00f4ng ng\u1eebng ph\u00e2n t\u00edch nh\u1eefng \u0111\u1eb7c \u0111i\u1ec3m ph\u1ee9c t\u1ea1p v\u00e0 lu\u00f4n thay \u0111\u1ed5i c\u1ee7a nh\u1eefng c\u00e2y grand piano d\u00e0nh cho h\u00f2a nh\u1ea1c, n\u1eafm b\u1eaft v\u00e0 t\u00e1i t\u1ea1o ch\u00ednh x\u00e1c c\u00e1c bi\u1ebfn th\u1ec3 \u00e2m thanh d\u1ef1a v\u00e0o t\u1ed1c \u0111\u1ed9 c\u1ee7a m\u1ed7i ph\u00edm \u0111\u00e0n.<\/p>\n<p>V\u1edbi \u0111\u1ed9ng c\u01a1 SuperNATURAL, ba y\u1ebfu t\u1ed1 ch\u00ednh \u0111\u01b0\u1ee3c t\u0103ng c\u01b0\u1eddng \u0111\u00e1ng k\u1ec3: ph\u1ea3n \u1ee9ng nhanh nh\u1ea1y, ti\u1ebfng vang sau t\u1eebng n\u1ed1t v\u00e0 thao t\u00e1c v\u00f9ng ph\u00edm. K\u1ebft qu\u1ea3 cu\u1ed1i c\u00f9ng l\u00e0 t\u1ea1o ra m\u1ed9t \u00e2m thanh v\u00f4 c\u00f9ng \u1ea5n t\u01b0\u1ee3ng v\u00e0 ch\u00e2n th\u1ef1c, x\u00f3a m\u1edd ranh gi\u1edbi gi\u1eefa \u00e2m thanh piano k\u1ef9 thu\u1eadt s\u1ed1 v\u00e0 \u00e2m thanh piano c\u01a1.<\/p>\n<p>&nbsp;<\/p>\n<p>&nbsp;<\/p>\n<h3 style=\"font-weight: 400;\"><b>C\u00e1c t\u00ednh n\u0103ng n\u1ed5i tr\u1ed9i c\u1ee7a Roland RP 301:<\/b><\/h3>\n<p style=\"font-weight: 400;\">&#8211; SuperNATURAL Piano: \u0111\u00e2y l\u00e0 c\u00f4ng ngh\u1ec7 ti\u00ean ti\u1ebfn nh\u1ea5t c\u1ee7a h\u00e3ng Roland, mang l\u1ea1i c\u1ea3m gi\u00e1c \u00e2m thanh piano s\u1ed1ng \u0111\u1ed9ng v\u00e0 trung th\u1ef1c.<\/p>\n<p style=\"font-weight: 400;\">&#8211; B\u00e0n ph\u00edm Feel-G c\u00f3 \u0111\u1ed9 nh\u1ea1y cao d\u1ec5 th\u1ec3 hi\u1ec7n c\u1ea3m x\u00fac.<\/p>\n<p style=\"font-weight: 400;\">&#8211; D\u1ec5 d\u00e0ng s\u1eed d\u1ee5ng c\u00e1c t\u00ednh n\u0103ng cho vi\u1ec7c luy\u1ec7n t\u1eadp c\u0169ng nh\u01b0 bi\u1ec3u di\u1ec5n<\/p>\n<p style=\"font-weight: 400;\">&#8211; T\u00ednh n\u0103ng \u0111\u1ebfm nh\u1ecbp, ghi \u00e2m v\u00e0 Piano Twin l\u00e0 nh\u1eefng t\u00ednh n\u0103ng ti\u1ec7n l\u1ee3i cho qu\u00e1 tr\u00ecnh h\u00ecnh th\u00e0nh c\u00e1c k\u1ef9 n\u0103ng ch\u01a1i \u0111\u00e0n.<\/p>\n<p style=\"font-weight: 400;\">&#8211; Thi\u1ebft k\u1ebf th\u00e2n thi\u1ec7n v\u1edbi m\u00f4i tr\u01b0\u1eddng, m\u1ee9c ti\u00eau th\u1ee5 \u0111i\u1ec7n n\u0103ng th\u1ea5p v\u00e0 c\u00f3 ch\u1ee9c n\u0103ng t\u1ef1 \u0111\u1ed9ng t\u1eaft.<\/p>\n<p style=\"font-weight: 400;\">&#8211; C\u00f3 hai l\u1ef1a ch\u1ecdn v\u1ec1 m\u00e0u s\u1eafc: Satin Black (m\u00e0u \u0111en) v\u00e0 Simulated Rosewood (m\u00e0u g\u1ed7)<\/p>\n<p>&nbsp;<\/p>\n<p><strong>Th\u00f4ng s\u1ed1 k\u0129 thu\u1eadt c\u00e2y<\/strong><strong> ROLAND RP 301 :<\/strong><\/p>\n<p>K\u00edch th\u01b0\u1edbc : (W)138cm x (H)99cm x (S)42cm<\/p>\n<p>Tr\u1ecdng l\u01b0\u1ee3ng : 39 kg<\/p>\n<p>Rolan<\/p>\n<div data-id=\"9ly1xDmkO1M\" data-query=\"\" data-src=\"https:\/\/www.youtube.com\/embed\/9ly1xDmkO1M\"><a href=\"https:\/\/www.facebook.com\/Anpiano.hanoi\" target=\"_blank\" rel=\"noopener\">T\u01b0 v\u1ea5n v\u00e0 ch\u1ecdn mua s\u1ea3n ph\u1ea9m kh\u00e1c t\u1ea1i \u0111\u00e2y<\/a><\/div>\n<div data-id=\"9ly1xDmkO1M\" data-query=\"\" data-src=\"https:\/\/www.youtube.com\/embed\/9ly1xDmkO1M\"><a href=\"http:\/\/thumuapiano.com\/\" target=\"_blank\" rel=\"noopener\">Ch\u00fang t\u00f4i nh\u1eadn thu mua Piano, h\u00e3y li\u00ean h\u1ec7 n\u1ebfu b\u1ea1n c\u00f3 nhu c\u1ea7u.<\/a><\/div>\n","protected":false},"excerpt":{"rendered":"<ul>\n<li>\n<h1><strong><span style=\"font-size: 24pt;\">Qu\u00e0 T\u1eb7ng:<\/span><\/strong><\/h1>\n<ul>\n<li>B\u1ea3o h\u00e0nh 12 th\u00e1ng <a href=\"https:\/\/anpiano.com\/chinh-sach-bao-hanh\/\">xem th\u00eam<\/a><\/li>\n<li>Gh\u1ebf<\/li>\n<li>Kh\u0103n ph\u1ee7 ph\u00edm<\/li>\n<li>\u0110\u1ed5i ngu\u1ed3n 220V<\/li>\n<li>Freeship HCM &#8211; HN &#8211; \u0110N &#8211; NT &#8211; BMT<\/li>\n<li>Kh\u00f3a h\u1ecdc online<\/li>\n<\/ul>\n<\/li>\n<\/ul>\n<p>\u0110\u00e0n piano \u0111i\u1ec7n Roland RP 301 l\u00e0 c\u00e2y piano \u0111i\u1ec7n ho\u00e0n h\u1ea3o cho nh\u1eefng ng\u01b0\u1eddi m\u1edbi t\u1eadp \u0111\u00e0n nh\u01b0 h\u1ecdc sinh-sinh vi\u00ean v\u00e0 nh\u1eefng ng\u01b0\u1eddi c\u00f3 s\u1edf th\u00edch ch\u01a1i \u0111\u00e0n, \u0111\u00e2y l\u00e0 model m\u00e0 c\u00e1c tr\u01b0\u1eddng d\u1ea1y nh\u1ea1c v\u00e0 c\u00e1c l\u1edbp nh\u1ea1c l\u1ef1a ch\u1ecdn.<\/p>\n<p>&nbsp;<\/p>\n","protected":false},"featured_media":13918,"comment_status":"open","ping_status":"closed","template":"","meta":[],"product_cat":[17,134],"product_tag":[142,143,164,165],"class_list":{"0":"post-1919","1":"product","2":"type-product","3":"status-publish","4":"has-post-thumbnail","6":"product_cat-piano-dan-dien","7":"product_cat-ro-land","8":"product_tag-piano","9":"product_tag-piano-dien","10":"product_tag-roland","11":"product_tag-rp-301","13":"first","14":"instock","15":"sale","16":"shipping-taxable","17":"purchasable","18":"product-type-simple"},"jetpack_sharing_enabled":true,"_links":{"self":[{"href":"https:\/\/anpiano.com\/index.php?rest_route=\/wp\/v2\/product\/1919"}],"collection":[{"href":"https:\/\/anpiano.com\/index.php?rest_route=\/wp\/v2\/product"}],"about":[{"href":"https:\/\/anpiano.com\/index.php?rest_route=\/wp\/v2\/types\/product"}],"replies":[{"embeddable":true,"href":"https:\/\/anpiano.com\/index.php?rest_route=%2Fwp%2Fv2%2Fcomments&post=1919"}],"version-history":[{"count":3,"href":"https:\/\/anpiano.com\/index.php?rest_route=\/wp\/v2\/product\/1919\/revisions"}],"predecessor-version":[{"id":13921,"href":"https:\/\/anpiano.com\/index.php?rest_route=\/wp\/v2\/product\/1919\/revisions\/13921"}],"wp:featuredmedia":[{"embeddable":true,"href":"https:\/\/anpiano.com\/index.php?rest_route=\/wp\/v2\/media\/13918"}],"wp:attachment":[{"href":"https:\/\/anpiano.com\/index.php?rest_route=%2Fwp%2Fv2%2Fmedia&parent=1919"}],"wp:term":[{"taxonomy":"product_cat","embeddable":true,"href":"https:\/\/anpiano.com\/index.php?rest_route=%2Fwp%2Fv2%2Fproduct_cat&post=1919"},{"taxonomy":"product_tag","embeddable":true,"href":"https:\/\/anpiano.com\/index.php?rest_route=%2Fwp%2Fv2%2Fproduct_tag&post=1919"}],"curies":[{"name":"wp","href":"https:\/\/api.w.org\/{rel}","templated":true}]}}