{"id":1927,"date":"2020-06-19T14:47:12","date_gmt":"2020-06-19T07:47:12","guid":{"rendered":"http:\/\/anpiano.com\/?post_type=product&#038;p=1927"},"modified":"2025-10-02T16:20:55","modified_gmt":"2025-10-02T09:20:55","slug":"korg-lp180","status":"publish","type":"product","link":"https:\/\/anpiano.com\/?product=korg-lp180","title":{"rendered":"Korg LP 180"},"content":{"rendered":"<p><strong>Gi\u1edbi Thi\u1ec7u \u0110\u00e0n Korg LP 180<\/strong><\/p>\n<div class=\"product-section\">\n<div class=\"row\">\n<div class=\"large-10 col pb-0 mb-0\">\n<div class=\"panel entry-content\">\n<div data-id=\"9ly1xDmkO1M\" data-query=\"\" data-src=\"https:\/\/www.youtube.com\/embed\/9ly1xDmkO1M\"><span style=\"color: #555555;\">KORG \u0111\u01b0\u1ee3c xem l\u00e0 m\u1ed9t trong nh\u1eefng nh\u00e0 s\u1ea3n xu\u1ea5t \u0111\u00e0n piano \u0111i\u1ec7n c\u1ef1c k\u1ef3 ch\u1ea5t l\u01b0\u1ee3ng tr\u00ean th\u1ebf gi\u1edbi,v\u00e0 \u00e2m thanh c\u1ee7a Grand Piano \u0111\u01b0\u1ee3c \u0111\u1eb7t v\u00e0o Piano \u0111i\u1ec7n <\/span><span style=\"color: #555555;\">. T\u1eeb b\u00e0n ph\u00edm, pedal, c\u1ea3m gi\u00e1c ph\u00edm cho \u0111\u1ebfn \u00e2m thanh s\u1ebd tho\u1ea3 l\u1ea5p nh\u1eefng \u0111i\u1ec1u b\u1ea1n mong ch\u1edd t\u1eeb Korg. V\u1edbi h\u01a1n 50 n\u0103m kinh nghi\u1ec7m trong vi\u1ec7c s\u1ea3n xu\u1ea5t c\u00e1c nh\u1ea1c c\u1ee5 \u0111i\u1ec7n t\u1eed.<\/span><\/div>\n<\/div>\n<\/div>\n<\/div>\n<\/div>\n<p>&nbsp;<\/p>\n<p><img fetchpriority=\"high\" decoding=\"async\" class=\"aligncenter wp-image-3752 size-full\" src=\"https:\/\/anpiano.com\/wp-content\/uploads\/2020\/06\/LP-180-5-1.jpg\" alt=\"\" width=\"480\" height=\"480\" srcset=\"https:\/\/anpiano.com\/wp-content\/uploads\/2020\/06\/LP-180-5-1.jpg 480w, https:\/\/anpiano.com\/wp-content\/uploads\/2020\/06\/LP-180-5-1-100x100.jpg 100w, https:\/\/anpiano.com\/wp-content\/uploads\/2020\/06\/LP-180-5-1-300x300.jpg 300w, https:\/\/anpiano.com\/wp-content\/uploads\/2020\/06\/LP-180-5-1-150x150.jpg 150w, https:\/\/anpiano.com\/wp-content\/uploads\/2020\/06\/LP-180-5-1-160x160.jpg 160w, https:\/\/anpiano.com\/wp-content\/uploads\/2020\/06\/LP-180-5-1-45x45.jpg 45w, https:\/\/anpiano.com\/wp-content\/uploads\/2020\/06\/LP-180-5-1-64x64.jpg 64w\" sizes=\"(max-width: 480px) 100vw, 480px\" \/><\/p>\n<p><strong>\u0110\u1eb7c \u0111i\u1ec3m n\u1ed5i b\u1eadt c\u1ee7a \u0111\u00e0n piano \u0111i\u1ec7n Korg LP 180<\/strong><\/p>\n<p>M\u1ed9t \u0111i\u1ec3m quan tr\u1ecdng kh\u00e1c m\u00e0 kh\u00f4ng th\u1ec3 b\u1ecf qua \u0111\u00f3 l\u00e0 v\u1ec1 ch\u1ea5t l\u01b0\u1ee3ng \u00e2m thanh. KORG \u0111\u01b0\u1ee3c xem l\u00e0 m\u1ed9t trong nh\u1eefng nh\u00e0 s\u1ea3n xu\u1ea5t \u0111\u00e0n piano \u0111i\u1ec7n c\u1ef1c k\u1ef3 ch\u1ea5t l\u01b0\u1ee3ng tr\u00ean th\u1ebf gi\u1edbi, v\u00e0 \u00e2m thanh c\u1ee7a \u0111\u1ea1i d\u01b0\u01a1ng c\u1ea7m \u0111\u01b0\u1ee3c \u0111\u1eb7t v\u00e0o Piano \u0111i\u1ec7n Korg LP-180. T\u1eeb b\u00e0n ph\u00edm, pedal, c\u1ea3m gi\u00e1c ph\u00edm cho \u0111\u1ebfn \u00e2m thanh s\u1ebd tho\u1ea3 l\u1ea5p nh\u1eefng \u0111i\u1ec1u b\u1ea1n mong ch\u1edd t\u1eeb Korg v\u1edbi h\u01a1n 50 n\u0103m kinh nghi\u1ec7m trong vi\u1ec7c s\u1ea3n xu\u1ea5t c\u00e1c nh\u1ea1c c\u1ee5 \u0111i\u1ec7n t\u1eed.<\/p>\n<p>N\u1ebfu b\u1ea1n ch\u1ecdn Korg LP-180 th\u00ec ch\u1eafc ch\u1eafn b\u1ea1n s\u1ebd th\u1ea5y h\u00e0i l\u00f2ng v\u00e0 \u0111\u00f3 l\u00e0 m\u1ed9t l\u1ef1a ch\u1ecdn \u0111\u00fang \u0111\u1eafn.<\/p>\n<p>&nbsp;<\/p>\n<p><img decoding=\"async\" class=\"aligncenter wp-image-3754 size-full\" src=\"https:\/\/anpiano.com\/wp-content\/uploads\/2020\/06\/LP-180-3-1.jpg\" alt=\"\" width=\"480\" height=\"480\" srcset=\"https:\/\/anpiano.com\/wp-content\/uploads\/2020\/06\/LP-180-3-1.jpg 480w, https:\/\/anpiano.com\/wp-content\/uploads\/2020\/06\/LP-180-3-1-100x100.jpg 100w, https:\/\/anpiano.com\/wp-content\/uploads\/2020\/06\/LP-180-3-1-300x300.jpg 300w, https:\/\/anpiano.com\/wp-content\/uploads\/2020\/06\/LP-180-3-1-150x150.jpg 150w, https:\/\/anpiano.com\/wp-content\/uploads\/2020\/06\/LP-180-3-1-160x160.jpg 160w, https:\/\/anpiano.com\/wp-content\/uploads\/2020\/06\/LP-180-3-1-45x45.jpg 45w, https:\/\/anpiano.com\/wp-content\/uploads\/2020\/06\/LP-180-3-1-64x64.jpg 64w\" sizes=\"(max-width: 480px) 100vw, 480px\" \/><\/p>\n<p><strong>Th\u00f4ng s\u1ed1 k\u0129 thu\u1eadt c\u00e2y<\/strong><strong> Korg LP 180 :<\/strong><\/p>\n<p>K\u00edch th\u01b0\u1edbc : (W)136 x (H)91cm x (S)35cm<\/p>\n<p>Tr\u1ecdng l\u01b0\u1ee3ng : 23.3 kg<\/p>\n<div class=\"product-section\">\n<div class=\"row\">\n<div class=\"large-10 col pb-0 mb-0\">\n<div class=\"panel entry-content\">\n<div data-id=\"9ly1xDmkO1M\" data-query=\"\" data-src=\"https:\/\/www.youtube.com\/embed\/9ly1xDmkO1M\"><a href=\"https:\/\/www.facebook.com\/Anpiano.hanoi\" target=\"_blank\" rel=\"noopener\">T\u01b0 v\u1ea5n v\u00e0 ch\u1ecdn mua s\u1ea3n ph\u1ea9m kh\u00e1c t\u1ea1i \u0111\u00e2y<\/a><\/div>\n<div data-id=\"9ly1xDmkO1M\" data-query=\"\" data-src=\"https:\/\/www.youtube.com\/embed\/9ly1xDmkO1M\"><a href=\"http:\/\/thumuapiano.com\/\" target=\"_blank\" rel=\"noopener\">Ch\u00fang t\u00f4i nh\u1eadn thu mua Piano, h\u00e3y li\u00ean h\u1ec7 n\u1ebfu b\u1ea1n c\u00f3 nhu c\u1ea7u.<\/a><\/div>\n<\/div>\n<\/div>\n<\/div>\n<\/div>\n<div class=\"product-section\">\n<div class=\"row\">\n<div class=\"large-2 col pb-0 mb-0\"><\/div>\n<\/div>\n<\/div>\n","protected":false},"excerpt":{"rendered":"<ul>\n<li>\n<h1><strong><span style=\"font-size: 24pt;\">Qu\u00e0 T\u1eb7ng:<\/span><\/strong><\/h1>\n<ul>\n<li>B\u1ea3o h\u00e0nh 9 th\u00e1ng <a href=\"https:\/\/anpiano.com\/chinh-sach-bao-hanh\/\">xem th\u00eam<\/a><\/li>\n<li>Gh\u1ebf<\/li>\n<li>Kh\u0103n ph\u1ee7 ph\u00edm<\/li>\n<li>\u0110\u1ed5i ngu\u1ed3n 220V<\/li>\n<li>Freeship HCM &#8211; HN &#8211; \u0110N &#8211; NT &#8211; BMT<\/li>\n<li>Kh\u00f3a h\u1ecdc online<\/li>\n<\/ul>\n<\/li>\n<\/ul>\n","protected":false},"featured_media":5188,"comment_status":"open","ping_status":"closed","template":"","meta":[],"product_cat":[17,135],"product_tag":[162,163,142,143],"class_list":{"0":"post-1927","1":"product","2":"type-product","3":"status-publish","4":"has-post-thumbnail","6":"product_cat-piano-dan-dien","7":"product_cat-korg","8":"product_tag-korg","9":"product_tag-lp-180","10":"product_tag-piano","11":"product_tag-piano-dien","13":"first","14":"instock","15":"sale","16":"shipping-taxable","17":"purchasable","18":"product-type-simple"},"jetpack_sharing_enabled":true,"_links":{"self":[{"href":"https:\/\/anpiano.com\/index.php?rest_route=\/wp\/v2\/product\/1927"}],"collection":[{"href":"https:\/\/anpiano.com\/index.php?rest_route=\/wp\/v2\/product"}],"about":[{"href":"https:\/\/anpiano.com\/index.php?rest_route=\/wp\/v2\/types\/product"}],"replies":[{"embeddable":true,"href":"https:\/\/anpiano.com\/index.php?rest_route=%2Fwp%2Fv2%2Fcomments&post=1927"}],"version-history":[{"count":2,"href":"https:\/\/anpiano.com\/index.php?rest_route=\/wp\/v2\/product\/1927\/revisions"}],"predecessor-version":[{"id":13735,"href":"https:\/\/anpiano.com\/index.php?rest_route=\/wp\/v2\/product\/1927\/revisions\/13735"}],"wp:featuredmedia":[{"embeddable":true,"href":"https:\/\/anpiano.com\/index.php?rest_route=\/wp\/v2\/media\/5188"}],"wp:attachment":[{"href":"https:\/\/anpiano.com\/index.php?rest_route=%2Fwp%2Fv2%2Fmedia&parent=1927"}],"wp:term":[{"taxonomy":"product_cat","embeddable":true,"href":"https:\/\/anpiano.com\/index.php?rest_route=%2Fwp%2Fv2%2Fproduct_cat&post=1927"},{"taxonomy":"product_tag","embeddable":true,"href":"https:\/\/anpiano.com\/index.php?rest_route=%2Fwp%2Fv2%2Fproduct_tag&post=1927"}],"curies":[{"name":"wp","href":"https:\/\/api.w.org\/{rel}","templated":true}]}}